{"id":13018,"date":"2025-11-18T22:57:57","date_gmt":"2025-11-18T20:57:57","guid":{"rendered":"https:\/\/1dronas.lt\/?post_type=product&#038;p=13018"},"modified":"2025-12-01T00:33:52","modified_gmt":"2025-11-30T22:33:52","slug":"sequre-s60p-oled-lituoklis-su-antgaliais-ir-60w-adapteriu","status":"publish","type":"product","link":"https:\/\/1dronas.lt\/en\/produktas\/sequre-s60p-oled-lituoklis-su-antgaliais-ir-60w-adapteriu\/","title":{"rendered":"SEQURE S60P OLED soldering iron with tips and 65W adapter"},"content":{"rendered":"<p><iframe loading=\"lazy\" title=\"Multiple Fast Charging Sources S60P Upgraded Soldering Iron Test\" width=\"1020\" height=\"574\" src=\"https:\/\/www.youtube.com\/embed\/Qxi3LHbMaXA?feature=oembed\" frameborder=\"0\" allow=\"accelerometer; autoplay; clipboard-write; encrypted-media; gyroscope; picture-in-picture; web-share\" referrerpolicy=\"strict-origin-when-cross-origin\" allowfullscreen><\/iframe><\/p>\n<p data-start=\"138\" data-end=\"255\"><strong>Features:<\/strong><\/p>\n<p data-start=\"138\" data-end=\"255\">\u2022 Compatible with C210 series soldering iron tips, adjustable temperature range 50\u2103 \u2013 500\u2103;<br \/>\n\u2022 Power supply: supports PD2.0\/3.0, QC2.0\/3.0, PPS, DC (max. 21 V);<br \/>\n\u2022 S60P supports \u226560W PD power adapter;<br \/>\n\u2022 Intelligent temperature control system;<br \/>\n\u2022 The housing is made of special materials that are extremely resistant to high temperatures;<br \/>\n\u2022 128\u00d732 OLED display, built-in audible signal for work alerts;<br \/>\n\u2022 Adjustable sensitivity;<br \/>\n\u2022 Supports \u2103\/\u2109 switching, left and right hand screen rotation, software updates;<br \/>\n\u2022 Available languages: Chinese, English and Russian.<\/p>\n<p data-start=\"138\" data-end=\"255\"><strong>Specification:<\/strong><\/p>\n<p data-start=\"138\" data-end=\"255\">\u2022 Maximum voltage: 21 V;<br \/>\n\u2022 Maximum power: 60 W;<br \/>\n\u2022 Fast soldering: 2 sec.;<br \/>\n\u2022 Operating temperature: 50 \u2013 500 \u2103;<br \/>\n\u2022 Display: 128\u00d732 OLED;<br \/>\n\u2022 Interface type: USB Type-C;<br \/>\n\u2022 Power supply support: PD, QC, DC, PPS;<br \/>\n\u2022 Protocol selection: supported;<br \/>\n\u2022 PD power \u226560W: supports 60W output power;<br \/>\n\u2022 Soldering iron size: 120 \u00d7 15 \u00d7 15 mm;<br \/>\n\u2022 Soldering iron weight: 22 g.<\/p>\n<p data-start=\"138\" data-end=\"255\"><strong>Package:<\/strong><\/p>\n<p data-start=\"50\" data-end=\"66\">1x Soldering iron S60P;<br \/>\n1x Soldering iron tip K;<br \/>\n1x Soldering iron tip IS;<br \/>\n1x Soldering iron tip I;<br \/>\n1x Soldering iron tip BC1;<br \/>\n1x Soldering iron stand;<br \/>\n1x PD 65W power adapter;<br \/>\n1x 100W 5A fast charging cable;<br \/>\n1x Case;<br \/>\n1x XT60 to USB-C cable;<br \/>\n1x Solder.<\/p>","protected":false},"excerpt":{"rendered":"<p><span style=\"color: #000000;\">Advanced, safe and reliable soldering iron with smart temperature control and universal power support.<\/span><\/p>\n<p><span style=\"color: #000000;\"><strong><img loading=\"lazy\" decoding=\"async\" class=\"alignnone wp-image-1806\" src=\"https:\/\/1dronas.lt\/wp-content\/uploads\/2021\/05\/delivery-icon.png.webp\" alt=\"\" width=\"24\" height=\"24\" srcset=\"https:\/\/1dronas.lt\/wp-content\/uploads\/2021\/05\/delivery-icon.png 35w, https:\/\/1dronas.lt\/wp-content\/uploads\/2021\/05\/delivery-icon-12x12.png 12w\" sizes=\"auto, (max-width: 24px) 100vw, 24px\" \/>\u00a0 1 \u2013 2 days<\/strong><\/span><\/p>","protected":false},"featured_media":13023,"comment_status":"open","ping_status":"closed","template":"","meta":[],"product_brand":[892],"product_cat":[679],"product_tag":[731,980,902,580,967,893],"class_list":{"0":"post-13018","1":"product","2":"type-product","3":"status-publish","4":"has-post-thumbnail","6":"product_brand-sequre","7":"product_cat-irankiai","8":"product_tag-60w","9":"product_tag-black-friday","10":"product_tag-lituoklis","11":"product_tag-oled","12":"product_tag-s60p","13":"product_tag-sequre","15":"first","16":"instock","17":"taxable","18":"shipping-taxable","19":"purchasable","20":"product-type-simple"},"yoast_head":"<!-- This site is optimized with the Yoast SEO plugin v27.3 - https:\/\/yoast.com\/product\/yoast-seo-wordpress\/ -->\n<title>SEQURE S60P OLED lituoklis su antgaliais ir 65W adapteriu - 1dronas.lt<\/title>\n<meta name=\"robots\" content=\"index, follow, max-snippet:-1, max-image-preview:large, max-video-preview:-1\" \/>\n<link rel=\"canonical\" href=\"https:\/\/1dronas.lt\/en\/produktas\/sequre-s60p-oled-lituoklis-su-antgaliais-ir-60w-adapteriu\/\" \/>\n<meta property=\"og:locale\" content=\"en_US\" \/>\n<meta property=\"og:type\" content=\"article\" \/>\n<meta property=\"og:title\" content=\"SEQURE S60P OLED lituoklis su antgaliais ir 65W adapteriu - 1dronas.lt\" \/>\n<meta property=\"og:description\" content=\"Pa\u017eangus, saugus ir patikimas lituoklis su i\u0161maniu temperat\u016bros valdymu bei universaliu maitinimo palaikymu.  \u00a0 1 \u2013 2 d. d.\" \/>\n<meta property=\"og:url\" content=\"https:\/\/1dronas.lt\/en\/produktas\/sequre-s60p-oled-lituoklis-su-antgaliais-ir-60w-adapteriu\/\" \/>\n<meta property=\"og:site_name\" content=\"1dronas.lt\" \/>\n<meta property=\"article:publisher\" content=\"https:\/\/www.facebook.com\/1dronas\/\" \/>\n<meta property=\"article:modified_time\" content=\"2025-11-30T22:33:52+00:00\" \/>\n<meta property=\"og:image\" content=\"https:\/\/1dronas.lt\/wp-content\/uploads\/2025\/11\/Untitled-design.png\" \/>\n\t<meta property=\"og:image:width\" content=\"1600\" \/>\n\t<meta property=\"og:image:height\" content=\"1600\" \/>\n\t<meta property=\"og:image:type\" content=\"image\/png\" \/>\n<meta name=\"twitter:card\" content=\"summary_large_image\" \/>\n<meta name=\"twitter:label1\" content=\"Est. reading time\" \/>\n\t<meta name=\"twitter:data1\" content=\"2 minutes\" \/>\n<script type=\"application\/ld+json\" class=\"yoast-schema-graph\">{\"@context\":\"https:\\\/\\\/schema.org\",\"@graph\":[{\"@type\":\"WebPage\",\"@id\":\"https:\\\/\\\/1dronas.lt\\\/en\\\/produktas\\\/sequre-s60p-oled-lituoklis-su-antgaliais-ir-60w-adapteriu\\\/\",\"url\":\"https:\\\/\\\/1dronas.lt\\\/en\\\/produktas\\\/sequre-s60p-oled-lituoklis-su-antgaliais-ir-60w-adapteriu\\\/\",\"name\":\"SEQURE S60P OLED lituoklis su antgaliais ir 65W adapteriu - 1dronas.lt\",\"isPartOf\":{\"@id\":\"https:\\\/\\\/1dronas.lt\\\/en\\\/#website\"},\"primaryImageOfPage\":{\"@id\":\"https:\\\/\\\/1dronas.lt\\\/en\\\/produktas\\\/sequre-s60p-oled-lituoklis-su-antgaliais-ir-60w-adapteriu\\\/#primaryimage\"},\"image\":{\"@id\":\"https:\\\/\\\/1dronas.lt\\\/en\\\/produktas\\\/sequre-s60p-oled-lituoklis-su-antgaliais-ir-60w-adapteriu\\\/#primaryimage\"},\"thumbnailUrl\":\"https:\\\/\\\/1dronas.lt\\\/wp-content\\\/uploads\\\/2025\\\/11\\\/Untitled-design.png\",\"datePublished\":\"2025-11-18T20:57:57+00:00\",\"dateModified\":\"2025-11-30T22:33:52+00:00\",\"breadcrumb\":{\"@id\":\"https:\\\/\\\/1dronas.lt\\\/en\\\/produktas\\\/sequre-s60p-oled-lituoklis-su-antgaliais-ir-60w-adapteriu\\\/#breadcrumb\"},\"inLanguage\":\"en-US\",\"potentialAction\":[{\"@type\":\"ReadAction\",\"target\":[\"https:\\\/\\\/1dronas.lt\\\/en\\\/produktas\\\/sequre-s60p-oled-lituoklis-su-antgaliais-ir-60w-adapteriu\\\/\"]}]},{\"@type\":\"ImageObject\",\"inLanguage\":\"en-US\",\"@id\":\"https:\\\/\\\/1dronas.lt\\\/en\\\/produktas\\\/sequre-s60p-oled-lituoklis-su-antgaliais-ir-60w-adapteriu\\\/#primaryimage\",\"url\":\"https:\\\/\\\/1dronas.lt\\\/wp-content\\\/uploads\\\/2025\\\/11\\\/Untitled-design.png\",\"contentUrl\":\"https:\\\/\\\/1dronas.lt\\\/wp-content\\\/uploads\\\/2025\\\/11\\\/Untitled-design.png\",\"width\":1600,\"height\":1600},{\"@type\":\"BreadcrumbList\",\"@id\":\"https:\\\/\\\/1dronas.lt\\\/en\\\/produktas\\\/sequre-s60p-oled-lituoklis-su-antgaliais-ir-60w-adapteriu\\\/#breadcrumb\",\"itemListElement\":[{\"@type\":\"ListItem\",\"position\":1,\"name\":\"Home\",\"item\":\"https:\\\/\\\/1dronas.lt\\\/\"},{\"@type\":\"ListItem\",\"position\":2,\"name\":\"Parduotuv\u0117\",\"item\":\"https:\\\/\\\/1dronas.lt\\\/parduotuve\\\/\"},{\"@type\":\"ListItem\",\"position\":3,\"name\":\"SEQURE S60P OLED lituoklis su antgaliais ir 65W adapteriu\"}]},{\"@type\":\"WebSite\",\"@id\":\"https:\\\/\\\/1dronas.lt\\\/en\\\/#website\",\"url\":\"https:\\\/\\\/1dronas.lt\\\/en\\\/\",\"name\":\"1dronas.lt\",\"description\":\"Internetin\u0117 parduotuv\u0117\",\"publisher\":{\"@id\":\"https:\\\/\\\/1dronas.lt\\\/en\\\/#organization\"},\"potentialAction\":[{\"@type\":\"SearchAction\",\"target\":{\"@type\":\"EntryPoint\",\"urlTemplate\":\"https:\\\/\\\/1dronas.lt\\\/en\\\/?s={search_term_string}\"},\"query-input\":{\"@type\":\"PropertyValueSpecification\",\"valueRequired\":true,\"valueName\":\"search_term_string\"}}],\"inLanguage\":\"en-US\"},{\"@type\":\"Organization\",\"@id\":\"https:\\\/\\\/1dronas.lt\\\/en\\\/#organization\",\"name\":\"1dronas.lt\",\"url\":\"https:\\\/\\\/1dronas.lt\\\/en\\\/\",\"logo\":{\"@type\":\"ImageObject\",\"inLanguage\":\"en-US\",\"@id\":\"https:\\\/\\\/1dronas.lt\\\/en\\\/#\\\/schema\\\/logo\\\/image\\\/\",\"url\":\"https:\\\/\\\/1dronas.lt\\\/wp-content\\\/uploads\\\/2020\\\/12\\\/Ekrano_kopija__2_-removebg-preview-1-1.png\",\"contentUrl\":\"https:\\\/\\\/1dronas.lt\\\/wp-content\\\/uploads\\\/2020\\\/12\\\/Ekrano_kopija__2_-removebg-preview-1-1.png\",\"width\":234,\"height\":81,\"caption\":\"1dronas.lt\"},\"image\":{\"@id\":\"https:\\\/\\\/1dronas.lt\\\/en\\\/#\\\/schema\\\/logo\\\/image\\\/\"},\"sameAs\":[\"https:\\\/\\\/www.facebook.com\\\/1dronas\\\/\"]}]}<\/script>\n<!-- \/ Yoast SEO plugin. -->","yoast_head_json":{"title":"SEQURE S60P OLED soldering iron with tips and 65W adapter - 1dronas.lt","robots":{"index":"index","follow":"follow","max-snippet":"max-snippet:-1","max-image-preview":"max-image-preview:large","max-video-preview":"max-video-preview:-1"},"canonical":"https:\/\/1dronas.lt\/en\/produktas\/sequre-s60p-oled-lituoklis-su-antgaliais-ir-60w-adapteriu\/","og_locale":"en_US","og_type":"article","og_title":"SEQURE S60P OLED lituoklis su antgaliais ir 65W adapteriu - 1dronas.lt","og_description":"Pa\u017eangus, saugus ir patikimas lituoklis su i\u0161maniu temperat\u016bros valdymu bei universaliu maitinimo palaikymu.  \u00a0 1 \u2013 2 d. d.","og_url":"https:\/\/1dronas.lt\/en\/produktas\/sequre-s60p-oled-lituoklis-su-antgaliais-ir-60w-adapteriu\/","og_site_name":"1dronas.lt","article_publisher":"https:\/\/www.facebook.com\/1dronas\/","article_modified_time":"2025-11-30T22:33:52+00:00","og_image":[{"width":1600,"height":1600,"url":"https:\/\/1dronas.lt\/wp-content\/uploads\/2025\/11\/Untitled-design.png","type":"image\/png"}],"twitter_card":"summary_large_image","twitter_misc":{"Est. reading time":"2 minutes"},"schema":{"@context":"https:\/\/schema.org","@graph":[{"@type":"WebPage","@id":"https:\/\/1dronas.lt\/en\/produktas\/sequre-s60p-oled-lituoklis-su-antgaliais-ir-60w-adapteriu\/","url":"https:\/\/1dronas.lt\/en\/produktas\/sequre-s60p-oled-lituoklis-su-antgaliais-ir-60w-adapteriu\/","name":"SEQURE S60P OLED soldering iron with tips and 65W adapter - 1dronas.lt","isPartOf":{"@id":"https:\/\/1dronas.lt\/en\/#website"},"primaryImageOfPage":{"@id":"https:\/\/1dronas.lt\/en\/produktas\/sequre-s60p-oled-lituoklis-su-antgaliais-ir-60w-adapteriu\/#primaryimage"},"image":{"@id":"https:\/\/1dronas.lt\/en\/produktas\/sequre-s60p-oled-lituoklis-su-antgaliais-ir-60w-adapteriu\/#primaryimage"},"thumbnailUrl":"https:\/\/1dronas.lt\/wp-content\/uploads\/2025\/11\/Untitled-design.png","datePublished":"2025-11-18T20:57:57+00:00","dateModified":"2025-11-30T22:33:52+00:00","breadcrumb":{"@id":"https:\/\/1dronas.lt\/en\/produktas\/sequre-s60p-oled-lituoklis-su-antgaliais-ir-60w-adapteriu\/#breadcrumb"},"inLanguage":"en-US","potentialAction":[{"@type":"ReadAction","target":["https:\/\/1dronas.lt\/en\/produktas\/sequre-s60p-oled-lituoklis-su-antgaliais-ir-60w-adapteriu\/"]}]},{"@type":"ImageObject","inLanguage":"en-US","@id":"https:\/\/1dronas.lt\/en\/produktas\/sequre-s60p-oled-lituoklis-su-antgaliais-ir-60w-adapteriu\/#primaryimage","url":"https:\/\/1dronas.lt\/wp-content\/uploads\/2025\/11\/Untitled-design.png","contentUrl":"https:\/\/1dronas.lt\/wp-content\/uploads\/2025\/11\/Untitled-design.png","width":1600,"height":1600},{"@type":"BreadcrumbList","@id":"https:\/\/1dronas.lt\/en\/produktas\/sequre-s60p-oled-lituoklis-su-antgaliais-ir-60w-adapteriu\/#breadcrumb","itemListElement":[{"@type":"ListItem","position":1,"name":"Home","item":"https:\/\/1dronas.lt\/"},{"@type":"ListItem","position":2,"name":"Parduotuv\u0117","item":"https:\/\/1dronas.lt\/parduotuve\/"},{"@type":"ListItem","position":3,"name":"SEQURE S60P OLED lituoklis su antgaliais ir 65W adapteriu"}]},{"@type":"WebSite","@id":"https:\/\/1dronas.lt\/en\/#website","url":"https:\/\/1dronas.lt\/en\/","name":"1dronas.lt","description":"Online store","publisher":{"@id":"https:\/\/1dronas.lt\/en\/#organization"},"potentialAction":[{"@type":"SearchAction","target":{"@type":"EntryPoint","urlTemplate":"https:\/\/1dronas.lt\/en\/?s={search_term_string}"},"query-input":{"@type":"PropertyValueSpecification","valueRequired":true,"valueName":"search_term_string"}}],"inLanguage":"en-US"},{"@type":"Organization","@id":"https:\/\/1dronas.lt\/en\/#organization","name":"1dronas.lt","url":"https:\/\/1dronas.lt\/en\/","logo":{"@type":"ImageObject","inLanguage":"en-US","@id":"https:\/\/1dronas.lt\/en\/#\/schema\/logo\/image\/","url":"https:\/\/1dronas.lt\/wp-content\/uploads\/2020\/12\/Ekrano_kopija__2_-removebg-preview-1-1.png","contentUrl":"https:\/\/1dronas.lt\/wp-content\/uploads\/2020\/12\/Ekrano_kopija__2_-removebg-preview-1-1.png","width":234,"height":81,"caption":"1dronas.lt"},"image":{"@id":"https:\/\/1dronas.lt\/en\/#\/schema\/logo\/image\/"},"sameAs":["https:\/\/www.facebook.com\/1dronas\/"]}]}},"jetpack_sharing_enabled":true,"_links":{"self":[{"href":"https:\/\/1dronas.lt\/en\/wp-json\/wp\/v2\/product\/13018","targetHints":{"allow":["GET"]}}],"collection":[{"href":"https:\/\/1dronas.lt\/en\/wp-json\/wp\/v2\/product"}],"about":[{"href":"https:\/\/1dronas.lt\/en\/wp-json\/wp\/v2\/types\/product"}],"replies":[{"embeddable":true,"href":"https:\/\/1dronas.lt\/en\/wp-json\/wp\/v2\/comments?post=13018"}],"wp:featuredmedia":[{"embeddable":true,"href":"https:\/\/1dronas.lt\/en\/wp-json\/wp\/v2\/media\/13023"}],"wp:attachment":[{"href":"https:\/\/1dronas.lt\/en\/wp-json\/wp\/v2\/media?parent=13018"}],"wp:term":[{"taxonomy":"product_brand","embeddable":true,"href":"https:\/\/1dronas.lt\/en\/wp-json\/wp\/v2\/product_brand?post=13018"},{"taxonomy":"product_cat","embeddable":true,"href":"https:\/\/1dronas.lt\/en\/wp-json\/wp\/v2\/product_cat?post=13018"},{"taxonomy":"product_tag","embeddable":true,"href":"https:\/\/1dronas.lt\/en\/wp-json\/wp\/v2\/product_tag?post=13018"}],"curies":[{"name":"wp","href":"https:\/\/api.w.org\/{rel}","templated":true}]}}