{"id":12965,"date":"2025-11-16T19:57:25","date_gmt":"2025-11-16T17:57:25","guid":{"rendered":"https:\/\/1dronas.lt\/?post_type=product&#038;p=12965"},"modified":"2026-04-12T14:35:13","modified_gmt":"2026-04-12T11:35:13","slug":"sequre-lituoklio-antgalio-valiklis-su-metaline-viela-ir-stovu","status":"publish","type":"product","link":"https:\/\/1dronas.lt\/en\/produktas\/sequre-lituoklio-antgalio-valiklis-su-metaline-viela-ir-stovu\/","title":{"rendered":"SEQURE Soldering iron tip cleaner with metal wire and stand"},"content":{"rendered":"<p><strong>Features:<\/strong><\/p>\n<p>\u2022 The cleaner, made of a special metal wire, is hard enough to effectively remove oxide buildup on the soldering iron tip without damaging the tip itself, helping to extend its lifespan.<br \/>\n\u2022 The product complies with European and US ROHS environmental requirements.<br \/>\n\u2022 No water is required for cleaning, so the soldering iron tip does not lose temperature, and hot solder droplets do not splash during cleaning, which allows you to work faster and safer.<br \/>\n\u2022 The ball-shaped cleaner prevents solder residue from scattering on the workbench, so the work area remains cleaner.<br \/>\n\u2022 When the soldering iron tip is inserted into the metal wire ball, it is automatically cleaned from multiple sides at once, making tip maintenance fast, convenient and efficient.<\/p>\n<p><strong> Package:<\/strong><\/p>\n<p>1 x cleaning stand (base)<br \/>\n1 x metal wire ball<\/p>\n<p><img loading=\"lazy\" decoding=\"async\" class=\"alignnone wp-image-12973\" src=\"https:\/\/1dronas.lt\/wp-content\/uploads\/2025\/11\/Solder-Iron-Tip-Cleaner-Cleaning-Steel-Wire-Stand-Set-Sequre-1-e1763315830864.jpg\" alt=\"\" width=\"364\" height=\"323\" srcset=\"https:\/\/1dronas.lt\/wp-content\/uploads\/2025\/11\/Solder-Iron-Tip-Cleaner-Cleaning-Steel-Wire-Stand-Set-Sequre-1-e1763315830864.jpg 800w, https:\/\/1dronas.lt\/wp-content\/uploads\/2025\/11\/Solder-Iron-Tip-Cleaner-Cleaning-Steel-Wire-Stand-Set-Sequre-1-e1763315830864-300x267.jpg 300w, https:\/\/1dronas.lt\/wp-content\/uploads\/2025\/11\/Solder-Iron-Tip-Cleaner-Cleaning-Steel-Wire-Stand-Set-Sequre-1-e1763315830864-768x683.jpg 768w, https:\/\/1dronas.lt\/wp-content\/uploads\/2025\/11\/Solder-Iron-Tip-Cleaner-Cleaning-Steel-Wire-Stand-Set-Sequre-1-e1763315830864-14x12.jpg 14w, https:\/\/1dronas.lt\/wp-content\/uploads\/2025\/11\/Solder-Iron-Tip-Cleaner-Cleaning-Steel-Wire-Stand-Set-Sequre-1-e1763315830864-510x453.jpg 510w\" sizes=\"auto, (max-width: 364px) 100vw, 364px\" \/><\/p>\n<p>&nbsp;<\/p>","protected":false},"excerpt":{"rendered":"<p><span style=\"color: #333333;\">Waterless soldering tip cleaner does not damage the surface, reduces oxide build-up and helps maintain a clean workspace.<\/span><\/p>\n<p><span style=\"font-size: 90%; color: #333333;\"><img loading=\"lazy\" decoding=\"async\" class=\"alignnone wp-image-1806\" src=\"https:\/\/1dronas.lt\/wp-content\/uploads\/2021\/05\/delivery-icon.png.webp\" alt=\"\" width=\"24\" height=\"24\" srcset=\"https:\/\/1dronas.lt\/wp-content\/uploads\/2021\/05\/delivery-icon.png 35w, https:\/\/1dronas.lt\/wp-content\/uploads\/2021\/05\/delivery-icon-12x12.png 12w\" sizes=\"auto, (max-width: 24px) 100vw, 24px\" \/> \u00a0<strong>1 \u2013 2 days<\/strong><\/span><\/p>","protected":false},"featured_media":12972,"comment_status":"open","ping_status":"closed","template":"","meta":[],"product_brand":[892],"product_cat":[679],"product_tag":[980,958,959,893],"class_list":{"0":"post-12965","1":"product","2":"type-product","3":"status-publish","4":"has-post-thumbnail","6":"product_brand-sequre","7":"product_cat-irankiai","8":"product_tag-black-friday","9":"product_tag-lituoklio-antgalio-valiklis","10":"product_tag-metalo-drozliu-lituoklio-valiklis","11":"product_tag-sequre","13":"first","14":"outofstock","15":"taxable","16":"shipping-taxable","17":"purchasable","18":"product-type-simple"},"yoast_head":"<!-- This site is optimized with the Yoast SEO plugin v27.4 - https:\/\/yoast.com\/product\/yoast-seo-wordpress\/ -->\n<title>SEQURE Lituoklio antgalio valiklis su metaline viela ir stovu - 1dronas.lt<\/title>\n<meta name=\"robots\" content=\"index, follow, max-snippet:-1, max-image-preview:large, max-video-preview:-1\" \/>\n<link rel=\"canonical\" href=\"https:\/\/1dronas.lt\/en\/produktas\/sequre-lituoklio-antgalio-valiklis-su-metaline-viela-ir-stovu\/\" \/>\n<meta property=\"og:locale\" content=\"en_US\" \/>\n<meta property=\"og:type\" content=\"article\" \/>\n<meta property=\"og:title\" content=\"SEQURE Lituoklio antgalio valiklis su metaline viela ir stovu - 1dronas.lt\" \/>\n<meta property=\"og:description\" content=\"Lituoklio antgalio valiklis be vandens, nepa\u017eeid\u017eia jo pavir\u0161iaus, ma\u017eina oksido kaupim\u0105si ir padeda palaikyti \u0161vari\u0105 darbo viet\u0105.   \u00a01 \u2013 2 d. d.\" \/>\n<meta property=\"og:url\" content=\"https:\/\/1dronas.lt\/en\/produktas\/sequre-lituoklio-antgalio-valiklis-su-metaline-viela-ir-stovu\/\" \/>\n<meta property=\"og:site_name\" content=\"1dronas.lt\" \/>\n<meta property=\"article:publisher\" content=\"https:\/\/www.facebook.com\/1dronas\/\" \/>\n<meta property=\"article:modified_time\" content=\"2026-04-12T11:35:13+00:00\" \/>\n<meta property=\"og:image\" content=\"https:\/\/1dronas.lt\/wp-content\/uploads\/2025\/11\/Solder-Iron-Tip-Cleaner-Cleaning-Steel-Wire-Stand-Set-Sequre.jpg\" \/>\n\t<meta property=\"og:image:width\" content=\"800\" \/>\n\t<meta property=\"og:image:height\" content=\"800\" \/>\n\t<meta property=\"og:image:type\" content=\"image\/jpeg\" \/>\n<meta name=\"twitter:card\" content=\"summary_large_image\" \/>\n<meta name=\"twitter:label1\" content=\"Est. reading time\" \/>\n\t<meta name=\"twitter:data1\" content=\"2 minutes\" \/>\n<script type=\"application\/ld+json\" class=\"yoast-schema-graph\">{\"@context\":\"https:\\\/\\\/schema.org\",\"@graph\":[{\"@type\":\"WebPage\",\"@id\":\"https:\\\/\\\/1dronas.lt\\\/en\\\/produktas\\\/sequre-lituoklio-antgalio-valiklis-su-metaline-viela-ir-stovu\\\/\",\"url\":\"https:\\\/\\\/1dronas.lt\\\/en\\\/produktas\\\/sequre-lituoklio-antgalio-valiklis-su-metaline-viela-ir-stovu\\\/\",\"name\":\"SEQURE Lituoklio antgalio valiklis su metaline viela ir stovu - 1dronas.lt\",\"isPartOf\":{\"@id\":\"https:\\\/\\\/1dronas.lt\\\/en\\\/#website\"},\"primaryImageOfPage\":{\"@id\":\"https:\\\/\\\/1dronas.lt\\\/en\\\/produktas\\\/sequre-lituoklio-antgalio-valiklis-su-metaline-viela-ir-stovu\\\/#primaryimage\"},\"image\":{\"@id\":\"https:\\\/\\\/1dronas.lt\\\/en\\\/produktas\\\/sequre-lituoklio-antgalio-valiklis-su-metaline-viela-ir-stovu\\\/#primaryimage\"},\"thumbnailUrl\":\"https:\\\/\\\/1dronas.lt\\\/wp-content\\\/uploads\\\/2025\\\/11\\\/Solder-Iron-Tip-Cleaner-Cleaning-Steel-Wire-Stand-Set-Sequre.jpg\",\"datePublished\":\"2025-11-16T17:57:25+00:00\",\"dateModified\":\"2026-04-12T11:35:13+00:00\",\"breadcrumb\":{\"@id\":\"https:\\\/\\\/1dronas.lt\\\/en\\\/produktas\\\/sequre-lituoklio-antgalio-valiklis-su-metaline-viela-ir-stovu\\\/#breadcrumb\"},\"inLanguage\":\"en-US\",\"potentialAction\":[{\"@type\":\"ReadAction\",\"target\":[\"https:\\\/\\\/1dronas.lt\\\/en\\\/produktas\\\/sequre-lituoklio-antgalio-valiklis-su-metaline-viela-ir-stovu\\\/\"]}]},{\"@type\":\"ImageObject\",\"inLanguage\":\"en-US\",\"@id\":\"https:\\\/\\\/1dronas.lt\\\/en\\\/produktas\\\/sequre-lituoklio-antgalio-valiklis-su-metaline-viela-ir-stovu\\\/#primaryimage\",\"url\":\"https:\\\/\\\/1dronas.lt\\\/wp-content\\\/uploads\\\/2025\\\/11\\\/Solder-Iron-Tip-Cleaner-Cleaning-Steel-Wire-Stand-Set-Sequre.jpg\",\"contentUrl\":\"https:\\\/\\\/1dronas.lt\\\/wp-content\\\/uploads\\\/2025\\\/11\\\/Solder-Iron-Tip-Cleaner-Cleaning-Steel-Wire-Stand-Set-Sequre.jpg\",\"width\":800,\"height\":800},{\"@type\":\"BreadcrumbList\",\"@id\":\"https:\\\/\\\/1dronas.lt\\\/en\\\/produktas\\\/sequre-lituoklio-antgalio-valiklis-su-metaline-viela-ir-stovu\\\/#breadcrumb\",\"itemListElement\":[{\"@type\":\"ListItem\",\"position\":1,\"name\":\"Home\",\"item\":\"https:\\\/\\\/1dronas.lt\\\/\"},{\"@type\":\"ListItem\",\"position\":2,\"name\":\"Parduotuv\u0117\",\"item\":\"https:\\\/\\\/1dronas.lt\\\/parduotuve\\\/\"},{\"@type\":\"ListItem\",\"position\":3,\"name\":\"SEQURE Lituoklio antgalio valiklis su metaline viela ir stovu\"}]},{\"@type\":\"WebSite\",\"@id\":\"https:\\\/\\\/1dronas.lt\\\/en\\\/#website\",\"url\":\"https:\\\/\\\/1dronas.lt\\\/en\\\/\",\"name\":\"1dronas.lt\",\"description\":\"Internetin\u0117 parduotuv\u0117\",\"publisher\":{\"@id\":\"https:\\\/\\\/1dronas.lt\\\/en\\\/#organization\"},\"potentialAction\":[{\"@type\":\"SearchAction\",\"target\":{\"@type\":\"EntryPoint\",\"urlTemplate\":\"https:\\\/\\\/1dronas.lt\\\/en\\\/?s={search_term_string}\"},\"query-input\":{\"@type\":\"PropertyValueSpecification\",\"valueRequired\":true,\"valueName\":\"search_term_string\"}}],\"inLanguage\":\"en-US\"},{\"@type\":\"Organization\",\"@id\":\"https:\\\/\\\/1dronas.lt\\\/en\\\/#organization\",\"name\":\"1dronas.lt\",\"url\":\"https:\\\/\\\/1dronas.lt\\\/en\\\/\",\"logo\":{\"@type\":\"ImageObject\",\"inLanguage\":\"en-US\",\"@id\":\"https:\\\/\\\/1dronas.lt\\\/en\\\/#\\\/schema\\\/logo\\\/image\\\/\",\"url\":\"https:\\\/\\\/1dronas.lt\\\/wp-content\\\/uploads\\\/2020\\\/12\\\/Ekrano_kopija__2_-removebg-preview-1-1.png\",\"contentUrl\":\"https:\\\/\\\/1dronas.lt\\\/wp-content\\\/uploads\\\/2020\\\/12\\\/Ekrano_kopija__2_-removebg-preview-1-1.png\",\"width\":234,\"height\":81,\"caption\":\"1dronas.lt\"},\"image\":{\"@id\":\"https:\\\/\\\/1dronas.lt\\\/en\\\/#\\\/schema\\\/logo\\\/image\\\/\"},\"sameAs\":[\"https:\\\/\\\/www.facebook.com\\\/1dronas\\\/\"]}]}<\/script>\n<!-- \/ Yoast SEO plugin. -->","yoast_head_json":{"title":"SEQURE Soldering Iron Tip Cleaner with Metal Wire and Stand - 1dronas.lt","robots":{"index":"index","follow":"follow","max-snippet":"max-snippet:-1","max-image-preview":"max-image-preview:large","max-video-preview":"max-video-preview:-1"},"canonical":"https:\/\/1dronas.lt\/en\/produktas\/sequre-lituoklio-antgalio-valiklis-su-metaline-viela-ir-stovu\/","og_locale":"en_US","og_type":"article","og_title":"SEQURE Lituoklio antgalio valiklis su metaline viela ir stovu - 1dronas.lt","og_description":"Lituoklio antgalio valiklis be vandens, nepa\u017eeid\u017eia jo pavir\u0161iaus, ma\u017eina oksido kaupim\u0105si ir padeda palaikyti \u0161vari\u0105 darbo viet\u0105.   \u00a01 \u2013 2 d. d.","og_url":"https:\/\/1dronas.lt\/en\/produktas\/sequre-lituoklio-antgalio-valiklis-su-metaline-viela-ir-stovu\/","og_site_name":"1dronas.lt","article_publisher":"https:\/\/www.facebook.com\/1dronas\/","article_modified_time":"2026-04-12T11:35:13+00:00","og_image":[{"width":800,"height":800,"url":"https:\/\/1dronas.lt\/wp-content\/uploads\/2025\/11\/Solder-Iron-Tip-Cleaner-Cleaning-Steel-Wire-Stand-Set-Sequre.jpg","type":"image\/jpeg"}],"twitter_card":"summary_large_image","twitter_misc":{"Est. reading time":"2 minutes"},"schema":{"@context":"https:\/\/schema.org","@graph":[{"@type":"WebPage","@id":"https:\/\/1dronas.lt\/en\/produktas\/sequre-lituoklio-antgalio-valiklis-su-metaline-viela-ir-stovu\/","url":"https:\/\/1dronas.lt\/en\/produktas\/sequre-lituoklio-antgalio-valiklis-su-metaline-viela-ir-stovu\/","name":"SEQURE Soldering Iron Tip Cleaner with Metal Wire and Stand - 1dronas.lt","isPartOf":{"@id":"https:\/\/1dronas.lt\/en\/#website"},"primaryImageOfPage":{"@id":"https:\/\/1dronas.lt\/en\/produktas\/sequre-lituoklio-antgalio-valiklis-su-metaline-viela-ir-stovu\/#primaryimage"},"image":{"@id":"https:\/\/1dronas.lt\/en\/produktas\/sequre-lituoklio-antgalio-valiklis-su-metaline-viela-ir-stovu\/#primaryimage"},"thumbnailUrl":"https:\/\/1dronas.lt\/wp-content\/uploads\/2025\/11\/Solder-Iron-Tip-Cleaner-Cleaning-Steel-Wire-Stand-Set-Sequre.jpg","datePublished":"2025-11-16T17:57:25+00:00","dateModified":"2026-04-12T11:35:13+00:00","breadcrumb":{"@id":"https:\/\/1dronas.lt\/en\/produktas\/sequre-lituoklio-antgalio-valiklis-su-metaline-viela-ir-stovu\/#breadcrumb"},"inLanguage":"en-US","potentialAction":[{"@type":"ReadAction","target":["https:\/\/1dronas.lt\/en\/produktas\/sequre-lituoklio-antgalio-valiklis-su-metaline-viela-ir-stovu\/"]}]},{"@type":"ImageObject","inLanguage":"en-US","@id":"https:\/\/1dronas.lt\/en\/produktas\/sequre-lituoklio-antgalio-valiklis-su-metaline-viela-ir-stovu\/#primaryimage","url":"https:\/\/1dronas.lt\/wp-content\/uploads\/2025\/11\/Solder-Iron-Tip-Cleaner-Cleaning-Steel-Wire-Stand-Set-Sequre.jpg","contentUrl":"https:\/\/1dronas.lt\/wp-content\/uploads\/2025\/11\/Solder-Iron-Tip-Cleaner-Cleaning-Steel-Wire-Stand-Set-Sequre.jpg","width":800,"height":800},{"@type":"BreadcrumbList","@id":"https:\/\/1dronas.lt\/en\/produktas\/sequre-lituoklio-antgalio-valiklis-su-metaline-viela-ir-stovu\/#breadcrumb","itemListElement":[{"@type":"ListItem","position":1,"name":"Home","item":"https:\/\/1dronas.lt\/"},{"@type":"ListItem","position":2,"name":"Parduotuv\u0117","item":"https:\/\/1dronas.lt\/parduotuve\/"},{"@type":"ListItem","position":3,"name":"SEQURE Lituoklio antgalio valiklis su metaline viela ir stovu"}]},{"@type":"WebSite","@id":"https:\/\/1dronas.lt\/en\/#website","url":"https:\/\/1dronas.lt\/en\/","name":"1dronas.lt","description":"Online store","publisher":{"@id":"https:\/\/1dronas.lt\/en\/#organization"},"potentialAction":[{"@type":"SearchAction","target":{"@type":"EntryPoint","urlTemplate":"https:\/\/1dronas.lt\/en\/?s={search_term_string}"},"query-input":{"@type":"PropertyValueSpecification","valueRequired":true,"valueName":"search_term_string"}}],"inLanguage":"en-US"},{"@type":"Organization","@id":"https:\/\/1dronas.lt\/en\/#organization","name":"1dronas.lt","url":"https:\/\/1dronas.lt\/en\/","logo":{"@type":"ImageObject","inLanguage":"en-US","@id":"https:\/\/1dronas.lt\/en\/#\/schema\/logo\/image\/","url":"https:\/\/1dronas.lt\/wp-content\/uploads\/2020\/12\/Ekrano_kopija__2_-removebg-preview-1-1.png","contentUrl":"https:\/\/1dronas.lt\/wp-content\/uploads\/2020\/12\/Ekrano_kopija__2_-removebg-preview-1-1.png","width":234,"height":81,"caption":"1dronas.lt"},"image":{"@id":"https:\/\/1dronas.lt\/en\/#\/schema\/logo\/image\/"},"sameAs":["https:\/\/www.facebook.com\/1dronas\/"]}]}},"jetpack_sharing_enabled":true,"_links":{"self":[{"href":"https:\/\/1dronas.lt\/en\/wp-json\/wp\/v2\/product\/12965","targetHints":{"allow":["GET"]}}],"collection":[{"href":"https:\/\/1dronas.lt\/en\/wp-json\/wp\/v2\/product"}],"about":[{"href":"https:\/\/1dronas.lt\/en\/wp-json\/wp\/v2\/types\/product"}],"replies":[{"embeddable":true,"href":"https:\/\/1dronas.lt\/en\/wp-json\/wp\/v2\/comments?post=12965"}],"wp:featuredmedia":[{"embeddable":true,"href":"https:\/\/1dronas.lt\/en\/wp-json\/wp\/v2\/media\/12972"}],"wp:attachment":[{"href":"https:\/\/1dronas.lt\/en\/wp-json\/wp\/v2\/media?parent=12965"}],"wp:term":[{"taxonomy":"product_brand","embeddable":true,"href":"https:\/\/1dronas.lt\/en\/wp-json\/wp\/v2\/product_brand?post=12965"},{"taxonomy":"product_cat","embeddable":true,"href":"https:\/\/1dronas.lt\/en\/wp-json\/wp\/v2\/product_cat?post=12965"},{"taxonomy":"product_tag","embeddable":true,"href":"https:\/\/1dronas.lt\/en\/wp-json\/wp\/v2\/product_tag?post=12965"}],"curies":[{"name":"wp","href":"https:\/\/api.w.org\/{rel}","templated":true}]}}