{"id":12925,"date":"2025-11-16T19:29:58","date_gmt":"2025-11-16T17:29:58","guid":{"rendered":"https:\/\/1dronas.lt\/?post_type=product&#038;p=12925"},"modified":"2025-12-01T00:33:53","modified_gmt":"2025-11-30T22:33:53","slug":"sequre-ht140-2-in-1-litavimo-znyples-ir-lituoklis-su-65w-adapteriu","status":"publish","type":"product","link":"https:\/\/1dronas.lt\/en\/produktas\/sequre-ht140-2-in-1-litavimo-znyples-ir-lituoklis-su-65w-adapteriu\/","title":{"rendered":"SEQURE HT140 2-in-1 soldering iron and pliers with 65W adapter"},"content":{"rendered":"<p><iframe loading=\"lazy\" title=\"SECURE HT140 2-IN-1 Soldering and Desoldering Hot Tweezers\" width=\"1020\" height=\"574\" src=\"https:\/\/www.youtube.com\/embed\/MjMqGNOeY7A?start=254&#038;feature=oembed\" frameborder=\"0\" allow=\"accelerometer; autoplay; clipboard-write; encrypted-media; gyroscope; picture-in-picture; web-share\" referrerpolicy=\"strict-origin-when-cross-origin\" allowfullscreen><\/iframe><\/p>\n<p data-start=\"163\" data-end=\"211\"><strong>Features:<\/strong><\/p>\n<p data-start=\"163\" data-end=\"211\">\u2022 Operating temperature: 50-500\u2103;<br \/>\n\u2022 Multiple power sources supported: PD3.1\/3.0\/2.0, QC3.0\/2.0, DC (5-28V), Lipo battery, power adapters, etc.;<br \/>\n\u2022 HT140 is a combination of soldering iron and soldering tongs. When heated on one side, it can be used as a soldering iron (with a tip). When heated on both sides, the device becomes a soldering tongs for convenient desoldering of SMD components;<br \/>\n\u2022 Operating voltage and current can be set according to the power source used. Maximum power \u2014 140 W;<br \/>\n\u2022 Built-in dual temperature control system. Quick temperature change with one button, precise adjustment;<br \/>\n\u2022 128 \u00d7 32 OLED display with adjustable brightness is used. The menu supports multiple languages (Chinese, English, Russian). The temperature can be displayed in \u00b0C or \u00b0F;<br \/>\n\u2022 Software update supported;<br \/>\n\u2022 High-precision heating element ensures precise temperature and \u00b11 % precision control. Tin melts in just 2 seconds;<br \/>\n\u2022 The device has smart standby, sleep and automatic wake-up modes that protect the tips and increase work efficiency;<br \/>\n\u2022 Temperature calibration is possible;<br \/>\n\u2022 The kit includes a 1.5 m heat-resistant PD 150 W silicone cable and a metal HT holder for convenient use and storage;<br \/>\n\u2022 You can change the soldering tips and adjust the angles of the tweezers for various SMD soldering scenarios.<\/p>\n<p data-start=\"163\" data-end=\"211\"><strong>Specification;<\/strong><\/p>\n<p data-start=\"2476\" data-end=\"2496\">\u2022 Model: HT140;<br \/>\n\u2022 Operating voltage: DC 5\u201328 V;<br \/>\n\u2022 Maximum power: 140 W;<br \/>\n\u2022 Operating temperature: 50-500\u2103;<br \/>\n\u2022 Tin melting time: 2 s;<br \/>\n\u2022 Connector types: Type-C, DC5525;<br \/>\n\u2022 Power standards: PD3.1\/3.0\/2.0, QC3.0\/2.0, DC (up to 28 V);<br \/>\n\u2022 Display: 128\u00d732 OLED;<br \/>\n\u2022 Menu languages: Chinese, English, Russian;<br \/>\n\u2022 Software update: supported;<br \/>\n\u2022 Product size: 160 \u00d7 27 \u00d7 17.5 mm;<br \/>\n\u2022 Product weight: 50 g.<\/p>\n<p data-start=\"163\" data-end=\"211\"><strong>Package:<\/strong><\/p>\n<p data-start=\"1867\" data-end=\"1900\">1x HT140 soldering station;<br \/>\n2x Soldering iron tips;<br \/>\n1x HT stop;<br \/>\n1x Accessory set;<br \/>\n1x Storage bag;<br \/>\n1x 1.5 m PD 240 W silicone cable;<br \/>\n1x PD 65W power adapter;<br \/>\n1x Power converter;<br \/>\n1x 1.8 m grounding wire accessory kit.<\/p>\n<p data-start=\"1867\" data-end=\"1900\">","protected":false},"excerpt":{"rendered":"<p><span style=\"color: #000000;\">When heated on one side, it can be used as a soldering iron. When heated on both sides, the device becomes a soldering iron.<\/span><\/p>\n<p><span style=\"color: #000000;\"><strong><img loading=\"lazy\" decoding=\"async\" class=\"alignnone wp-image-1806\" src=\"https:\/\/1dronas.lt\/wp-content\/uploads\/2021\/05\/delivery-icon.png.webp\" alt=\"\" width=\"24\" height=\"24\" srcset=\"https:\/\/1dronas.lt\/wp-content\/uploads\/2021\/05\/delivery-icon.png 35w, https:\/\/1dronas.lt\/wp-content\/uploads\/2021\/05\/delivery-icon-12x12.png 12w\" sizes=\"auto, (max-width: 24px) 100vw, 24px\" \/>\u00a0 1 \u2013 2 days<\/strong><\/span><\/p>","protected":false},"featured_media":12999,"comment_status":"open","ping_status":"closed","template":"","meta":[],"product_brand":[892],"product_cat":[679],"product_tag":[980,957,979,902,893],"class_list":{"0":"post-12925","1":"product","2":"type-product","3":"status-publish","4":"has-post-thumbnail","6":"product_brand-sequre","7":"product_cat-irankiai","8":"product_tag-black-friday","9":"product_tag-ht140","10":"product_tag-litavimo-znyples","11":"product_tag-lituoklis","12":"product_tag-sequre","14":"first","15":"instock","16":"taxable","17":"shipping-taxable","18":"purchasable","19":"product-type-simple"},"yoast_head":"<!-- This site is optimized with the Yoast SEO plugin v27.3 - https:\/\/yoast.com\/product\/yoast-seo-wordpress\/ -->\n<title>SEQURE HT140 2-in-1 litavimo \u017enypl\u0117s ir lituoklis su 65W adapteriu - 1dronas.lt<\/title>\n<meta name=\"robots\" content=\"index, follow, max-snippet:-1, max-image-preview:large, max-video-preview:-1\" \/>\n<link rel=\"canonical\" href=\"https:\/\/1dronas.lt\/en\/produktas\/sequre-ht140-2-in-1-litavimo-znyples-ir-lituoklis-su-65w-adapteriu\/\" \/>\n<meta property=\"og:locale\" content=\"en_US\" \/>\n<meta property=\"og:type\" content=\"article\" \/>\n<meta property=\"og:title\" content=\"SEQURE HT140 2-in-1 litavimo \u017enypl\u0117s ir lituoklis su 65W adapteriu - 1dronas.lt\" \/>\n<meta property=\"og:description\" content=\"Kaitinant vien\u0105 pus\u0119 galima naudoti kaip lituokl\u012f. Kaitinant abi puses \u2014 \u012frenginys tampa litavimo \u017enypl\u0117mis  \u00a0 1 \u2013 2 d. d.\" \/>\n<meta property=\"og:url\" content=\"https:\/\/1dronas.lt\/en\/produktas\/sequre-ht140-2-in-1-litavimo-znyples-ir-lituoklis-su-65w-adapteriu\/\" \/>\n<meta property=\"og:site_name\" content=\"1dronas.lt\" \/>\n<meta property=\"article:publisher\" content=\"https:\/\/www.facebook.com\/1dronas\/\" \/>\n<meta property=\"article:modified_time\" content=\"2025-11-30T22:33:53+00:00\" \/>\n<meta property=\"og:image\" content=\"https:\/\/1dronas.lt\/wp-content\/uploads\/2025\/11\/Untitled-desiwn-min.png\" \/>\n\t<meta property=\"og:image:width\" content=\"1600\" \/>\n\t<meta property=\"og:image:height\" content=\"1600\" \/>\n\t<meta property=\"og:image:type\" content=\"image\/png\" \/>\n<meta name=\"twitter:card\" content=\"summary_large_image\" \/>\n<meta name=\"twitter:label1\" content=\"Est. reading time\" \/>\n\t<meta name=\"twitter:data1\" content=\"2 minutes\" \/>\n<script type=\"application\/ld+json\" class=\"yoast-schema-graph\">{\"@context\":\"https:\\\/\\\/schema.org\",\"@graph\":[{\"@type\":\"WebPage\",\"@id\":\"https:\\\/\\\/1dronas.lt\\\/en\\\/produktas\\\/sequre-ht140-2-in-1-litavimo-znyples-ir-lituoklis-su-65w-adapteriu\\\/\",\"url\":\"https:\\\/\\\/1dronas.lt\\\/en\\\/produktas\\\/sequre-ht140-2-in-1-litavimo-znyples-ir-lituoklis-su-65w-adapteriu\\\/\",\"name\":\"SEQURE HT140 2-in-1 litavimo \u017enypl\u0117s ir lituoklis su 65W adapteriu - 1dronas.lt\",\"isPartOf\":{\"@id\":\"https:\\\/\\\/1dronas.lt\\\/en\\\/#website\"},\"primaryImageOfPage\":{\"@id\":\"https:\\\/\\\/1dronas.lt\\\/en\\\/produktas\\\/sequre-ht140-2-in-1-litavimo-znyples-ir-lituoklis-su-65w-adapteriu\\\/#primaryimage\"},\"image\":{\"@id\":\"https:\\\/\\\/1dronas.lt\\\/en\\\/produktas\\\/sequre-ht140-2-in-1-litavimo-znyples-ir-lituoklis-su-65w-adapteriu\\\/#primaryimage\"},\"thumbnailUrl\":\"https:\\\/\\\/1dronas.lt\\\/wp-content\\\/uploads\\\/2025\\\/11\\\/Untitled-desiwn-min.png\",\"datePublished\":\"2025-11-16T17:29:58+00:00\",\"dateModified\":\"2025-11-30T22:33:53+00:00\",\"breadcrumb\":{\"@id\":\"https:\\\/\\\/1dronas.lt\\\/en\\\/produktas\\\/sequre-ht140-2-in-1-litavimo-znyples-ir-lituoklis-su-65w-adapteriu\\\/#breadcrumb\"},\"inLanguage\":\"en-US\",\"potentialAction\":[{\"@type\":\"ReadAction\",\"target\":[\"https:\\\/\\\/1dronas.lt\\\/en\\\/produktas\\\/sequre-ht140-2-in-1-litavimo-znyples-ir-lituoklis-su-65w-adapteriu\\\/\"]}]},{\"@type\":\"ImageObject\",\"inLanguage\":\"en-US\",\"@id\":\"https:\\\/\\\/1dronas.lt\\\/en\\\/produktas\\\/sequre-ht140-2-in-1-litavimo-znyples-ir-lituoklis-su-65w-adapteriu\\\/#primaryimage\",\"url\":\"https:\\\/\\\/1dronas.lt\\\/wp-content\\\/uploads\\\/2025\\\/11\\\/Untitled-desiwn-min.png\",\"contentUrl\":\"https:\\\/\\\/1dronas.lt\\\/wp-content\\\/uploads\\\/2025\\\/11\\\/Untitled-desiwn-min.png\",\"width\":1600,\"height\":1600},{\"@type\":\"BreadcrumbList\",\"@id\":\"https:\\\/\\\/1dronas.lt\\\/en\\\/produktas\\\/sequre-ht140-2-in-1-litavimo-znyples-ir-lituoklis-su-65w-adapteriu\\\/#breadcrumb\",\"itemListElement\":[{\"@type\":\"ListItem\",\"position\":1,\"name\":\"Home\",\"item\":\"https:\\\/\\\/1dronas.lt\\\/\"},{\"@type\":\"ListItem\",\"position\":2,\"name\":\"Parduotuv\u0117\",\"item\":\"https:\\\/\\\/1dronas.lt\\\/parduotuve\\\/\"},{\"@type\":\"ListItem\",\"position\":3,\"name\":\"SEQURE HT140 2-in-1 litavimo \u017enypl\u0117s ir lituoklis su 65W adapteriu\"}]},{\"@type\":\"WebSite\",\"@id\":\"https:\\\/\\\/1dronas.lt\\\/en\\\/#website\",\"url\":\"https:\\\/\\\/1dronas.lt\\\/en\\\/\",\"name\":\"1dronas.lt\",\"description\":\"Internetin\u0117 parduotuv\u0117\",\"publisher\":{\"@id\":\"https:\\\/\\\/1dronas.lt\\\/en\\\/#organization\"},\"potentialAction\":[{\"@type\":\"SearchAction\",\"target\":{\"@type\":\"EntryPoint\",\"urlTemplate\":\"https:\\\/\\\/1dronas.lt\\\/en\\\/?s={search_term_string}\"},\"query-input\":{\"@type\":\"PropertyValueSpecification\",\"valueRequired\":true,\"valueName\":\"search_term_string\"}}],\"inLanguage\":\"en-US\"},{\"@type\":\"Organization\",\"@id\":\"https:\\\/\\\/1dronas.lt\\\/en\\\/#organization\",\"name\":\"1dronas.lt\",\"url\":\"https:\\\/\\\/1dronas.lt\\\/en\\\/\",\"logo\":{\"@type\":\"ImageObject\",\"inLanguage\":\"en-US\",\"@id\":\"https:\\\/\\\/1dronas.lt\\\/en\\\/#\\\/schema\\\/logo\\\/image\\\/\",\"url\":\"https:\\\/\\\/1dronas.lt\\\/wp-content\\\/uploads\\\/2020\\\/12\\\/Ekrano_kopija__2_-removebg-preview-1-1.png\",\"contentUrl\":\"https:\\\/\\\/1dronas.lt\\\/wp-content\\\/uploads\\\/2020\\\/12\\\/Ekrano_kopija__2_-removebg-preview-1-1.png\",\"width\":234,\"height\":81,\"caption\":\"1dronas.lt\"},\"image\":{\"@id\":\"https:\\\/\\\/1dronas.lt\\\/en\\\/#\\\/schema\\\/logo\\\/image\\\/\"},\"sameAs\":[\"https:\\\/\\\/www.facebook.com\\\/1dronas\\\/\"]}]}<\/script>\n<!-- \/ Yoast SEO plugin. -->","yoast_head_json":{"title":"SEQURE HT140 2-in-1 soldering iron and pliers with 65W adapter - 1dronas.lt","robots":{"index":"index","follow":"follow","max-snippet":"max-snippet:-1","max-image-preview":"max-image-preview:large","max-video-preview":"max-video-preview:-1"},"canonical":"https:\/\/1dronas.lt\/en\/produktas\/sequre-ht140-2-in-1-litavimo-znyples-ir-lituoklis-su-65w-adapteriu\/","og_locale":"en_US","og_type":"article","og_title":"SEQURE HT140 2-in-1 litavimo \u017enypl\u0117s ir lituoklis su 65W adapteriu - 1dronas.lt","og_description":"Kaitinant vien\u0105 pus\u0119 galima naudoti kaip lituokl\u012f. Kaitinant abi puses \u2014 \u012frenginys tampa litavimo \u017enypl\u0117mis  \u00a0 1 \u2013 2 d. d.","og_url":"https:\/\/1dronas.lt\/en\/produktas\/sequre-ht140-2-in-1-litavimo-znyples-ir-lituoklis-su-65w-adapteriu\/","og_site_name":"1dronas.lt","article_publisher":"https:\/\/www.facebook.com\/1dronas\/","article_modified_time":"2025-11-30T22:33:53+00:00","og_image":[{"width":1600,"height":1600,"url":"https:\/\/1dronas.lt\/wp-content\/uploads\/2025\/11\/Untitled-desiwn-min.png","type":"image\/png"}],"twitter_card":"summary_large_image","twitter_misc":{"Est. reading time":"2 minutes"},"schema":{"@context":"https:\/\/schema.org","@graph":[{"@type":"WebPage","@id":"https:\/\/1dronas.lt\/en\/produktas\/sequre-ht140-2-in-1-litavimo-znyples-ir-lituoklis-su-65w-adapteriu\/","url":"https:\/\/1dronas.lt\/en\/produktas\/sequre-ht140-2-in-1-litavimo-znyples-ir-lituoklis-su-65w-adapteriu\/","name":"SEQURE HT140 2-in-1 soldering iron and pliers with 65W adapter - 1dronas.lt","isPartOf":{"@id":"https:\/\/1dronas.lt\/en\/#website"},"primaryImageOfPage":{"@id":"https:\/\/1dronas.lt\/en\/produktas\/sequre-ht140-2-in-1-litavimo-znyples-ir-lituoklis-su-65w-adapteriu\/#primaryimage"},"image":{"@id":"https:\/\/1dronas.lt\/en\/produktas\/sequre-ht140-2-in-1-litavimo-znyples-ir-lituoklis-su-65w-adapteriu\/#primaryimage"},"thumbnailUrl":"https:\/\/1dronas.lt\/wp-content\/uploads\/2025\/11\/Untitled-desiwn-min.png","datePublished":"2025-11-16T17:29:58+00:00","dateModified":"2025-11-30T22:33:53+00:00","breadcrumb":{"@id":"https:\/\/1dronas.lt\/en\/produktas\/sequre-ht140-2-in-1-litavimo-znyples-ir-lituoklis-su-65w-adapteriu\/#breadcrumb"},"inLanguage":"en-US","potentialAction":[{"@type":"ReadAction","target":["https:\/\/1dronas.lt\/en\/produktas\/sequre-ht140-2-in-1-litavimo-znyples-ir-lituoklis-su-65w-adapteriu\/"]}]},{"@type":"ImageObject","inLanguage":"en-US","@id":"https:\/\/1dronas.lt\/en\/produktas\/sequre-ht140-2-in-1-litavimo-znyples-ir-lituoklis-su-65w-adapteriu\/#primaryimage","url":"https:\/\/1dronas.lt\/wp-content\/uploads\/2025\/11\/Untitled-desiwn-min.png","contentUrl":"https:\/\/1dronas.lt\/wp-content\/uploads\/2025\/11\/Untitled-desiwn-min.png","width":1600,"height":1600},{"@type":"BreadcrumbList","@id":"https:\/\/1dronas.lt\/en\/produktas\/sequre-ht140-2-in-1-litavimo-znyples-ir-lituoklis-su-65w-adapteriu\/#breadcrumb","itemListElement":[{"@type":"ListItem","position":1,"name":"Home","item":"https:\/\/1dronas.lt\/"},{"@type":"ListItem","position":2,"name":"Parduotuv\u0117","item":"https:\/\/1dronas.lt\/parduotuve\/"},{"@type":"ListItem","position":3,"name":"SEQURE HT140 2-in-1 litavimo \u017enypl\u0117s ir lituoklis su 65W adapteriu"}]},{"@type":"WebSite","@id":"https:\/\/1dronas.lt\/en\/#website","url":"https:\/\/1dronas.lt\/en\/","name":"1dronas.lt","description":"Online store","publisher":{"@id":"https:\/\/1dronas.lt\/en\/#organization"},"potentialAction":[{"@type":"SearchAction","target":{"@type":"EntryPoint","urlTemplate":"https:\/\/1dronas.lt\/en\/?s={search_term_string}"},"query-input":{"@type":"PropertyValueSpecification","valueRequired":true,"valueName":"search_term_string"}}],"inLanguage":"en-US"},{"@type":"Organization","@id":"https:\/\/1dronas.lt\/en\/#organization","name":"1dronas.lt","url":"https:\/\/1dronas.lt\/en\/","logo":{"@type":"ImageObject","inLanguage":"en-US","@id":"https:\/\/1dronas.lt\/en\/#\/schema\/logo\/image\/","url":"https:\/\/1dronas.lt\/wp-content\/uploads\/2020\/12\/Ekrano_kopija__2_-removebg-preview-1-1.png","contentUrl":"https:\/\/1dronas.lt\/wp-content\/uploads\/2020\/12\/Ekrano_kopija__2_-removebg-preview-1-1.png","width":234,"height":81,"caption":"1dronas.lt"},"image":{"@id":"https:\/\/1dronas.lt\/en\/#\/schema\/logo\/image\/"},"sameAs":["https:\/\/www.facebook.com\/1dronas\/"]}]}},"jetpack_sharing_enabled":true,"_links":{"self":[{"href":"https:\/\/1dronas.lt\/en\/wp-json\/wp\/v2\/product\/12925","targetHints":{"allow":["GET"]}}],"collection":[{"href":"https:\/\/1dronas.lt\/en\/wp-json\/wp\/v2\/product"}],"about":[{"href":"https:\/\/1dronas.lt\/en\/wp-json\/wp\/v2\/types\/product"}],"replies":[{"embeddable":true,"href":"https:\/\/1dronas.lt\/en\/wp-json\/wp\/v2\/comments?post=12925"}],"wp:featuredmedia":[{"embeddable":true,"href":"https:\/\/1dronas.lt\/en\/wp-json\/wp\/v2\/media\/12999"}],"wp:attachment":[{"href":"https:\/\/1dronas.lt\/en\/wp-json\/wp\/v2\/media?parent=12925"}],"wp:term":[{"taxonomy":"product_brand","embeddable":true,"href":"https:\/\/1dronas.lt\/en\/wp-json\/wp\/v2\/product_brand?post=12925"},{"taxonomy":"product_cat","embeddable":true,"href":"https:\/\/1dronas.lt\/en\/wp-json\/wp\/v2\/product_cat?post=12925"},{"taxonomy":"product_tag","embeddable":true,"href":"https:\/\/1dronas.lt\/en\/wp-json\/wp\/v2\/product_tag?post=12925"}],"curies":[{"name":"wp","href":"https:\/\/api.w.org\/{rel}","templated":true}]}}