{"id":1291,"date":"2021-02-18T11:33:43","date_gmt":"2021-02-18T11:33:43","guid":{"rendered":"https:\/\/1dronas.lt\/?post_type=product&#038;p=1291"},"modified":"2026-04-23T21:33:26","modified_gmt":"2026-04-23T18:33:26","slug":"betafpv-literadio-2-se","status":"publish","type":"product","link":"https:\/\/1dronas.lt\/en\/produktas\/betafpv-literadio-2-se\/","title":{"rendered":"BETAFPV LiteRadio 2 SE ELRS 2.4G (Mode 2)"},"content":{"rendered":"<p><span style=\"font-weight: 400;\"><b>Features:<\/b><br \/>\n<\/span><\/p>\n<p><span style=\"font-weight: 400;\"><b>\u2022<\/b> The LiteRadio 2 SE radio transmitter is an updated version of the LiteRadio 2 and comes with huge improvements;<br \/>\n<\/span><span style=\"font-weight: 400;\"><b>\u2022<\/b> The radio transmitter has an integrated 1000mah 1S battery (operating time of a charged remote control is up to 8 hours);<br \/>\n<\/span><span style=\"font-weight: 400;\"><b>\u2022<\/b> The remote control uses BETAFPV&#039;s own &quot;LiteRadio&quot; system. The radio transmitter can directly control joystick calibration and software updates;<br \/>\n<\/span><span style=\"font-weight: 400;\"><b>\u2022<\/b> Supports Frsky\/Futaba\/ExpressLRS 2.4G, pilots can easily switch between Futaba, Frsky D8, Frsky FCC D16 and Frsky LBT D16 modes through the radio transmitter;<br \/>\n<\/span><b>\u2022<\/b> The LiteRadio 2 SE has a built-in charging module, which makes USB charging convenient and extremely simple. The transmitter also warns of a low charge level when the battery is exhausted - the blue light flashes slowly;<br \/>\n<b>\u2022<\/b> Compared to the LiteRadio 2, the LiteRadio 2 SE has a higher transmission power, which can reach 100mW, providing a wider operating range;<br \/>\n<span lang=\"lt\"><b>\u2022<\/b> When connected to a PC, this radio transmitter works as a USB joystick. So you can use it to play FPV simulators.<\/span><\/p>\n<p><img loading=\"lazy\" decoding=\"async\" class=\"alignnone wp-image-1319 size-full\" src=\"https:\/\/1dronas.lt\/wp-content\/uploads\/2021\/02\/palyginimas-literadio2se-literadio2.jpg\" alt=\"\" width=\"1024\" height=\"363\" srcset=\"https:\/\/1dronas.lt\/wp-content\/uploads\/2021\/02\/palyginimas-literadio2se-literadio2.jpg 1024w, https:\/\/1dronas.lt\/wp-content\/uploads\/2021\/02\/palyginimas-literadio2se-literadio2-300x106.jpg 300w, https:\/\/1dronas.lt\/wp-content\/uploads\/2021\/02\/palyginimas-literadio2se-literadio2-768x272.jpg 768w, https:\/\/1dronas.lt\/wp-content\/uploads\/2021\/02\/palyginimas-literadio2se-literadio2-18x6.jpg 18w, https:\/\/1dronas.lt\/wp-content\/uploads\/2021\/02\/palyginimas-literadio2se-literadio2-510x181.jpg 510w\" sizes=\"auto, (max-width: 1024px) 100vw, 1024px\" \/><\/p>\n<p dir=\"ltr\" data-placeholder=\"Vertimas\"><strong>Specification:<\/strong><\/p>\n<p dir=\"ltr\" data-placeholder=\"Vertimas\"><b>\u2022<\/b>\u00a0Manufacturer: BETAFPV;<br \/>\n<b>\u2022\u00a0<\/b>Model: <span lang=\"lt\">LiteRadio 2 SE<\/span>;<br \/>\n<b>\u2022\u00a0<\/b>Color: White;<br \/>\n<b>\u2022\u00a0<\/b>Battery: <span lang=\"lt\">built-in 1000mAh 1S<\/span>;<br \/>\n<b>\u2022 <\/b>Operating time: up to 8 hours;<br \/>\n<b>\u2022<\/b> <span lang=\"lt\">Frequency range: 2.4G (2403MHz-2447MHz);<\/span><br \/>\n<b>\u2022<\/b> <span lang=\"lt\">2.4G system: CC2500 \/ SX1280;<\/span><br \/>\n<b>\u2022<\/b> <span lang=\"lt\">Channels: <\/span><span lang=\"lt\">8;<\/span><br \/>\n<b>\u2022<\/b> <span lang=\"lt\">Supports protocols: Futaba S-FHSS \/ Frsky FCC D16 \/ Frsky LBT D16 \/ Frsky D8 \/<span style=\"font-weight: 400;\"> ExpressLRS 2.4G;<\/span><\/span><br \/>\n<b>\u2022 <\/b><span lang=\"lt\">Power: \u2264100mw;<br \/>\n<b>\u2022 <\/b>Adaptation to drone types: Multirotor;<br \/>\n<b>\u2022 <\/b>LED light: green-on \/ red-warning \/ blue-normal;<br \/>\n<strong>\u2022<\/strong> Charging connector: TypeC.<b><br \/>\n<\/b><\/span><\/p>\n<p dir=\"ltr\" data-placeholder=\"Vertimas\"><img loading=\"lazy\" decoding=\"async\" class=\"alignnone wp-image-1320 size-full\" src=\"https:\/\/1dronas.lt\/wp-content\/uploads\/2021\/02\/Type-C_1_600x600.png\" alt=\"\" width=\"599\" height=\"287\" srcset=\"https:\/\/1dronas.lt\/wp-content\/uploads\/2021\/02\/Type-C_1_600x600.png 599w, https:\/\/1dronas.lt\/wp-content\/uploads\/2021\/02\/Type-C_1_600x600-300x144.png 300w, https:\/\/1dronas.lt\/wp-content\/uploads\/2021\/02\/Type-C_1_600x600-18x9.png 18w, https:\/\/1dronas.lt\/wp-content\/uploads\/2021\/02\/Type-C_1_600x600-510x244.png 510w\" sizes=\"auto, (max-width: 599px) 100vw, 599px\" \/><\/p>\n<p class=\"tw-data-text tw-text-large XcVN5d tw-ta\" dir=\"ltr\" data-placeholder=\"Vertimas\"><strong>Package:<\/strong><\/p>\n<p dir=\"ltr\" data-placeholder=\"Vertimas\">1x remote control LiteRadio 2 SE;<br \/>\n1x USB Type-C cable;<br \/>\n1x user manual.<\/p>","protected":false},"excerpt":{"rendered":"<p><span lang=\"lt\" style=\"color: #333333;\">When connected to a PC, this radio transmitter works as a USB joystick. So you can use it to play FPV simulators.<\/span><\/p>\n<div class=\"product-short-description\">\n<p><span style=\"color: #333333;\"><b><img loading=\"lazy\" decoding=\"async\" class=\"alignnone wp-image-1806\" src=\"https:\/\/1dronas.lt\/wp-content\/uploads\/2021\/05\/delivery-icon.png.webp\" alt=\"\" width=\"24\" height=\"24\" srcset=\"https:\/\/1dronas.lt\/wp-content\/uploads\/2021\/05\/delivery-icon.png 35w, https:\/\/1dronas.lt\/wp-content\/uploads\/2021\/05\/delivery-icon-12x12.png 12w\" sizes=\"auto, (max-width: 24px) 100vw, 24px\" \/><\/b>\u00a0\u00a0<strong>1 \u2013 2 days<\/strong><\/span><\/p>\n<\/div>","protected":false},"featured_media":1287,"comment_status":"closed","ping_status":"closed","template":"","meta":[],"product_brand":[489],"product_cat":[221],"product_tag":[990,69,176,989,75],"class_list":{"0":"post-1291","1":"product","2":"type-product","3":"status-publish","4":"has-post-thumbnail","6":"product_brand-betafpv","7":"product_cat-nuotolinio-valdymo-pulteliai","8":"product_tag-2-4g","9":"product_tag-betafpv","10":"product_tag-elrs","11":"product_tag-literadio-2","12":"product_tag-nuotolinio-valdymo-pulteliai","14":"first","15":"instock","16":"featured","17":"taxable","18":"shipping-taxable","19":"purchasable","20":"product-type-simple"},"yoast_head":"<!-- This site is optimized with the Yoast SEO plugin v27.5 - https:\/\/yoast.com\/product\/yoast-seo-wordpress\/ -->\n<title>BETAFPV LiteRadio 2 SE ELRS 2.4G (Mode 2) - 1dronas.lt<\/title>\n<meta name=\"robots\" content=\"index, follow, max-snippet:-1, max-image-preview:large, max-video-preview:-1\" \/>\n<link rel=\"canonical\" href=\"https:\/\/1dronas.lt\/en\/produktas\/betafpv-literadio-2-se\/\" \/>\n<meta property=\"og:locale\" content=\"en_US\" \/>\n<meta property=\"og:type\" content=\"article\" \/>\n<meta property=\"og:title\" content=\"BETAFPV LiteRadio 2 SE ELRS 2.4G (Mode 2) - 1dronas.lt\" \/>\n<meta property=\"og:description\" content=\"Prijungtas prie asmeninio kompiuterio, \u0161is radijo si\u0173stuvas veikia kaip USB vairasvirt\u0117. Taigi galite j\u012f naudoti nor\u0117dami \u017eaisti FPV simuliatorius.   \u00a0\u00a01 \u2013 2 d.d.\" \/>\n<meta property=\"og:url\" content=\"https:\/\/1dronas.lt\/en\/produktas\/betafpv-literadio-2-se\/\" \/>\n<meta property=\"og:site_name\" content=\"1dronas.lt\" \/>\n<meta property=\"article:publisher\" content=\"https:\/\/www.facebook.com\/1dronas\/\" \/>\n<meta property=\"article:modified_time\" content=\"2026-04-23T18:33:26+00:00\" \/>\n<meta property=\"og:image\" content=\"https:\/\/1dronas.lt\/wp-content\/uploads\/2021\/02\/betafpv-nuotolinio-valdymo-pultelis.jpg\" \/>\n\t<meta property=\"og:image:width\" content=\"720\" \/>\n\t<meta property=\"og:image:height\" content=\"720\" \/>\n\t<meta property=\"og:image:type\" content=\"image\/jpeg\" \/>\n<meta name=\"twitter:card\" content=\"summary_large_image\" \/>\n<meta name=\"twitter:label1\" content=\"Est. reading time\" \/>\n\t<meta name=\"twitter:data1\" content=\"2 minutes\" \/>\n<script type=\"application\/ld+json\" class=\"yoast-schema-graph\">{\"@context\":\"https:\\\/\\\/schema.org\",\"@graph\":[{\"@type\":\"WebPage\",\"@id\":\"https:\\\/\\\/1dronas.lt\\\/en\\\/produktas\\\/betafpv-literadio-2-se\\\/\",\"url\":\"https:\\\/\\\/1dronas.lt\\\/en\\\/produktas\\\/betafpv-literadio-2-se\\\/\",\"name\":\"BETAFPV LiteRadio 2 SE ELRS 2.4G (Mode 2) - 1dronas.lt\",\"isPartOf\":{\"@id\":\"https:\\\/\\\/1dronas.lt\\\/en\\\/#website\"},\"primaryImageOfPage\":{\"@id\":\"https:\\\/\\\/1dronas.lt\\\/en\\\/produktas\\\/betafpv-literadio-2-se\\\/#primaryimage\"},\"image\":{\"@id\":\"https:\\\/\\\/1dronas.lt\\\/en\\\/produktas\\\/betafpv-literadio-2-se\\\/#primaryimage\"},\"thumbnailUrl\":\"https:\\\/\\\/1dronas.lt\\\/wp-content\\\/uploads\\\/2021\\\/02\\\/betafpv-nuotolinio-valdymo-pultelis.jpg\",\"datePublished\":\"2021-02-18T11:33:43+00:00\",\"dateModified\":\"2026-04-23T18:33:26+00:00\",\"breadcrumb\":{\"@id\":\"https:\\\/\\\/1dronas.lt\\\/en\\\/produktas\\\/betafpv-literadio-2-se\\\/#breadcrumb\"},\"inLanguage\":\"en-US\",\"potentialAction\":[{\"@type\":\"ReadAction\",\"target\":[\"https:\\\/\\\/1dronas.lt\\\/en\\\/produktas\\\/betafpv-literadio-2-se\\\/\"]}]},{\"@type\":\"ImageObject\",\"inLanguage\":\"en-US\",\"@id\":\"https:\\\/\\\/1dronas.lt\\\/en\\\/produktas\\\/betafpv-literadio-2-se\\\/#primaryimage\",\"url\":\"https:\\\/\\\/1dronas.lt\\\/wp-content\\\/uploads\\\/2021\\\/02\\\/betafpv-nuotolinio-valdymo-pultelis.jpg\",\"contentUrl\":\"https:\\\/\\\/1dronas.lt\\\/wp-content\\\/uploads\\\/2021\\\/02\\\/betafpv-nuotolinio-valdymo-pultelis.jpg\",\"width\":720,\"height\":720,\"caption\":\"BETAFPV literadio 2 SE pultelis\"},{\"@type\":\"BreadcrumbList\",\"@id\":\"https:\\\/\\\/1dronas.lt\\\/en\\\/produktas\\\/betafpv-literadio-2-se\\\/#breadcrumb\",\"itemListElement\":[{\"@type\":\"ListItem\",\"position\":1,\"name\":\"Home\",\"item\":\"https:\\\/\\\/1dronas.lt\\\/\"},{\"@type\":\"ListItem\",\"position\":2,\"name\":\"Parduotuv\u0117\",\"item\":\"https:\\\/\\\/1dronas.lt\\\/parduotuve\\\/\"},{\"@type\":\"ListItem\",\"position\":3,\"name\":\"BETAFPV LiteRadio 2 SE ELRS 2.4G (Mode 2)\"}]},{\"@type\":\"WebSite\",\"@id\":\"https:\\\/\\\/1dronas.lt\\\/en\\\/#website\",\"url\":\"https:\\\/\\\/1dronas.lt\\\/en\\\/\",\"name\":\"1dronas.lt\",\"description\":\"Internetin\u0117 parduotuv\u0117\",\"publisher\":{\"@id\":\"https:\\\/\\\/1dronas.lt\\\/en\\\/#organization\"},\"potentialAction\":[{\"@type\":\"SearchAction\",\"target\":{\"@type\":\"EntryPoint\",\"urlTemplate\":\"https:\\\/\\\/1dronas.lt\\\/en\\\/?s={search_term_string}\"},\"query-input\":{\"@type\":\"PropertyValueSpecification\",\"valueRequired\":true,\"valueName\":\"search_term_string\"}}],\"inLanguage\":\"en-US\"},{\"@type\":\"Organization\",\"@id\":\"https:\\\/\\\/1dronas.lt\\\/en\\\/#organization\",\"name\":\"1dronas.lt\",\"url\":\"https:\\\/\\\/1dronas.lt\\\/en\\\/\",\"logo\":{\"@type\":\"ImageObject\",\"inLanguage\":\"en-US\",\"@id\":\"https:\\\/\\\/1dronas.lt\\\/en\\\/#\\\/schema\\\/logo\\\/image\\\/\",\"url\":\"https:\\\/\\\/1dronas.lt\\\/wp-content\\\/uploads\\\/2020\\\/12\\\/Ekrano_kopija__2_-removebg-preview-1-1.png\",\"contentUrl\":\"https:\\\/\\\/1dronas.lt\\\/wp-content\\\/uploads\\\/2020\\\/12\\\/Ekrano_kopija__2_-removebg-preview-1-1.png\",\"width\":234,\"height\":81,\"caption\":\"1dronas.lt\"},\"image\":{\"@id\":\"https:\\\/\\\/1dronas.lt\\\/en\\\/#\\\/schema\\\/logo\\\/image\\\/\"},\"sameAs\":[\"https:\\\/\\\/www.facebook.com\\\/1dronas\\\/\"]}]}<\/script>\n<!-- \/ Yoast SEO plugin. -->","yoast_head_json":{"title":"BETAFPV LiteRadio 2 SE ELRS 2.4G (Mode 2) - 1dronas.lt","robots":{"index":"index","follow":"follow","max-snippet":"max-snippet:-1","max-image-preview":"max-image-preview:large","max-video-preview":"max-video-preview:-1"},"canonical":"https:\/\/1dronas.lt\/en\/produktas\/betafpv-literadio-2-se\/","og_locale":"en_US","og_type":"article","og_title":"BETAFPV LiteRadio 2 SE ELRS 2.4G (Mode 2) - 1dronas.lt","og_description":"Prijungtas prie asmeninio kompiuterio, \u0161is radijo si\u0173stuvas veikia kaip USB vairasvirt\u0117. Taigi galite j\u012f naudoti nor\u0117dami \u017eaisti FPV simuliatorius.   \u00a0\u00a01 \u2013 2 d.d.","og_url":"https:\/\/1dronas.lt\/en\/produktas\/betafpv-literadio-2-se\/","og_site_name":"1dronas.lt","article_publisher":"https:\/\/www.facebook.com\/1dronas\/","article_modified_time":"2026-04-23T18:33:26+00:00","og_image":[{"width":720,"height":720,"url":"https:\/\/1dronas.lt\/wp-content\/uploads\/2021\/02\/betafpv-nuotolinio-valdymo-pultelis.jpg","type":"image\/jpeg"}],"twitter_card":"summary_large_image","twitter_misc":{"Est. reading time":"2 minutes"},"schema":{"@context":"https:\/\/schema.org","@graph":[{"@type":"WebPage","@id":"https:\/\/1dronas.lt\/en\/produktas\/betafpv-literadio-2-se\/","url":"https:\/\/1dronas.lt\/en\/produktas\/betafpv-literadio-2-se\/","name":"BETAFPV LiteRadio 2 SE ELRS 2.4G (Mode 2) - 1dronas.lt","isPartOf":{"@id":"https:\/\/1dronas.lt\/en\/#website"},"primaryImageOfPage":{"@id":"https:\/\/1dronas.lt\/en\/produktas\/betafpv-literadio-2-se\/#primaryimage"},"image":{"@id":"https:\/\/1dronas.lt\/en\/produktas\/betafpv-literadio-2-se\/#primaryimage"},"thumbnailUrl":"https:\/\/1dronas.lt\/wp-content\/uploads\/2021\/02\/betafpv-nuotolinio-valdymo-pultelis.jpg","datePublished":"2021-02-18T11:33:43+00:00","dateModified":"2026-04-23T18:33:26+00:00","breadcrumb":{"@id":"https:\/\/1dronas.lt\/en\/produktas\/betafpv-literadio-2-se\/#breadcrumb"},"inLanguage":"en-US","potentialAction":[{"@type":"ReadAction","target":["https:\/\/1dronas.lt\/en\/produktas\/betafpv-literadio-2-se\/"]}]},{"@type":"ImageObject","inLanguage":"en-US","@id":"https:\/\/1dronas.lt\/en\/produktas\/betafpv-literadio-2-se\/#primaryimage","url":"https:\/\/1dronas.lt\/wp-content\/uploads\/2021\/02\/betafpv-nuotolinio-valdymo-pultelis.jpg","contentUrl":"https:\/\/1dronas.lt\/wp-content\/uploads\/2021\/02\/betafpv-nuotolinio-valdymo-pultelis.jpg","width":720,"height":720,"caption":"BETAFPV literadio 2 SE pultelis"},{"@type":"BreadcrumbList","@id":"https:\/\/1dronas.lt\/en\/produktas\/betafpv-literadio-2-se\/#breadcrumb","itemListElement":[{"@type":"ListItem","position":1,"name":"Home","item":"https:\/\/1dronas.lt\/"},{"@type":"ListItem","position":2,"name":"Parduotuv\u0117","item":"https:\/\/1dronas.lt\/parduotuve\/"},{"@type":"ListItem","position":3,"name":"BETAFPV LiteRadio 2 SE ELRS 2.4G (Mode 2)"}]},{"@type":"WebSite","@id":"https:\/\/1dronas.lt\/en\/#website","url":"https:\/\/1dronas.lt\/en\/","name":"1dronas.lt","description":"Online store","publisher":{"@id":"https:\/\/1dronas.lt\/en\/#organization"},"potentialAction":[{"@type":"SearchAction","target":{"@type":"EntryPoint","urlTemplate":"https:\/\/1dronas.lt\/en\/?s={search_term_string}"},"query-input":{"@type":"PropertyValueSpecification","valueRequired":true,"valueName":"search_term_string"}}],"inLanguage":"en-US"},{"@type":"Organization","@id":"https:\/\/1dronas.lt\/en\/#organization","name":"1dronas.lt","url":"https:\/\/1dronas.lt\/en\/","logo":{"@type":"ImageObject","inLanguage":"en-US","@id":"https:\/\/1dronas.lt\/en\/#\/schema\/logo\/image\/","url":"https:\/\/1dronas.lt\/wp-content\/uploads\/2020\/12\/Ekrano_kopija__2_-removebg-preview-1-1.png","contentUrl":"https:\/\/1dronas.lt\/wp-content\/uploads\/2020\/12\/Ekrano_kopija__2_-removebg-preview-1-1.png","width":234,"height":81,"caption":"1dronas.lt"},"image":{"@id":"https:\/\/1dronas.lt\/en\/#\/schema\/logo\/image\/"},"sameAs":["https:\/\/www.facebook.com\/1dronas\/"]}]}},"jetpack_sharing_enabled":true,"_links":{"self":[{"href":"https:\/\/1dronas.lt\/en\/wp-json\/wp\/v2\/product\/1291","targetHints":{"allow":["GET"]}}],"collection":[{"href":"https:\/\/1dronas.lt\/en\/wp-json\/wp\/v2\/product"}],"about":[{"href":"https:\/\/1dronas.lt\/en\/wp-json\/wp\/v2\/types\/product"}],"replies":[{"embeddable":true,"href":"https:\/\/1dronas.lt\/en\/wp-json\/wp\/v2\/comments?post=1291"}],"wp:featuredmedia":[{"embeddable":true,"href":"https:\/\/1dronas.lt\/en\/wp-json\/wp\/v2\/media\/1287"}],"wp:attachment":[{"href":"https:\/\/1dronas.lt\/en\/wp-json\/wp\/v2\/media?parent=1291"}],"wp:term":[{"taxonomy":"product_brand","embeddable":true,"href":"https:\/\/1dronas.lt\/en\/wp-json\/wp\/v2\/product_brand?post=1291"},{"taxonomy":"product_cat","embeddable":true,"href":"https:\/\/1dronas.lt\/en\/wp-json\/wp\/v2\/product_cat?post=1291"},{"taxonomy":"product_tag","embeddable":true,"href":"https:\/\/1dronas.lt\/en\/wp-json\/wp\/v2\/product_tag?post=1291"}],"curies":[{"name":"wp","href":"https:\/\/api.w.org\/{rel}","templated":true}]}}