{"id":12888,"date":"2025-11-15T22:33:27","date_gmt":"2025-11-15T20:33:27","guid":{"rendered":"https:\/\/1dronas.lt\/?post_type=product&#038;p=12888"},"modified":"2026-04-12T14:35:20","modified_gmt":"2026-04-12T11:35:20","slug":"sequre-pcb-litavimo-antistatinis-karsciui-atsparus-silikoninis-darbo-kilimelis","status":"publish","type":"product","link":"https:\/\/1dronas.lt\/en\/produktas\/sequre-pcb-litavimo-antistatinis-karsciui-atsparus-silikoninis-darbo-kilimelis\/","title":{"rendered":"SEQURE PCB Soldering Antistatic Heat Resistant Silicone Work Mat"},"content":{"rendered":"<p data-start=\"232\" data-end=\"377\" data-is-last-node=\"\" data-is-only-node=\"\"><strong>Specification:<\/strong><\/p>\n<p data-start=\"232\" data-end=\"377\" data-is-last-node=\"\" data-is-only-node=\"\">\u2022 Product dimensions: 330 \u00d7 210 \u00d7 2.5 mm \/ 450 x 300 x 16mm;<br data-start=\"272\" data-end=\"275\" \/>\u2022 Net product weight: 105 g \/ 580 g;<br \/>\n\u2022 Color: blue;<br \/>\n\u2022 Package size: 330 \u00d7 210 \u00d7 2.5 mm \/ 450 x 300 x 16mm;<br data-start=\"348\" data-end=\"351\" \/>\u2022 Package weight: 115g \/ 590g.<\/p>\n<p data-start=\"232\" data-end=\"377\" data-is-last-node=\"\" data-is-only-node=\"\"><strong>Complete set:<\/strong><\/p>\n<p data-start=\"232\" data-end=\"377\" data-is-last-node=\"\" data-is-only-node=\"\">1\u00d7 silicone mat.<\/p>","protected":false},"excerpt":{"rendered":"<p><span style=\"color: #333333;\">High quality, heat-resistant and environmentally friendly silicone mat, resistant to 500\u2103.\u00a0<\/span><\/p>\n<p><span style=\"color: #333333; font-size: 90%;\"><strong><img loading=\"lazy\" decoding=\"async\" class=\"alignnone wp-image-1806\" src=\"https:\/\/1dronas.lt\/wp-content\/uploads\/2021\/05\/delivery-icon.png.webp\" alt=\"\" width=\"24\" height=\"24\" srcset=\"https:\/\/1dronas.lt\/wp-content\/uploads\/2021\/05\/delivery-icon.png 35w, https:\/\/1dronas.lt\/wp-content\/uploads\/2021\/05\/delivery-icon-12x12.png 12w\" sizes=\"auto, (max-width: 24px) 100vw, 24px\" \/>\u00a0\u00a01 \u2013 2 days<\/strong><\/span><\/p>","protected":false},"featured_media":12893,"comment_status":"open","ping_status":"closed","template":"","meta":[],"product_brand":[892],"product_cat":[679],"product_tag":[980,939,940,893],"class_list":{"0":"post-12888","1":"product","2":"type-product","3":"status-publish","4":"has-post-thumbnail","6":"product_brand-sequre","7":"product_cat-irankiai","8":"product_tag-black-friday","9":"product_tag-litavimo-kilimelis","10":"product_tag-pcb","11":"product_tag-sequre","13":"first","14":"instock","15":"taxable","16":"shipping-taxable","17":"purchasable","18":"product-type-variable","19":"has-default-attributes"},"yoast_head":"<!-- This site is optimized with the Yoast SEO plugin v27.3 - https:\/\/yoast.com\/product\/yoast-seo-wordpress\/ -->\n<title>SEQURE PCB litavimo antistatinis, kar\u0161\u010diui atsparus silikoninis darbo kilim\u0117lis - 1dronas.lt<\/title>\n<meta name=\"robots\" content=\"index, follow, max-snippet:-1, max-image-preview:large, max-video-preview:-1\" \/>\n<link rel=\"canonical\" href=\"https:\/\/1dronas.lt\/en\/produktas\/sequre-pcb-litavimo-antistatinis-karsciui-atsparus-silikoninis-darbo-kilimelis\/\" \/>\n<meta property=\"og:locale\" content=\"en_US\" \/>\n<meta property=\"og:type\" content=\"article\" \/>\n<meta property=\"og:title\" content=\"SEQURE PCB litavimo antistatinis, kar\u0161\u010diui atsparus silikoninis darbo kilim\u0117lis - 1dronas.lt\" \/>\n<meta property=\"og:description\" content=\"Auk\u0161tos kokyb\u0117s, \u0161ilumai atsparus ir ekologi\u0161kas silikoninis kilim\u0117lis, atsparus iki 500 \u2103.\u00a0  \u00a0\u00a01 \u2013 2 d.d.\" \/>\n<meta property=\"og:url\" content=\"https:\/\/1dronas.lt\/en\/produktas\/sequre-pcb-litavimo-antistatinis-karsciui-atsparus-silikoninis-darbo-kilimelis\/\" \/>\n<meta property=\"og:site_name\" content=\"1dronas.lt\" \/>\n<meta property=\"article:publisher\" content=\"https:\/\/www.facebook.com\/1dronas\/\" \/>\n<meta property=\"article:modified_time\" content=\"2026-04-12T11:35:20+00:00\" \/>\n<meta property=\"og:image\" content=\"https:\/\/1dronas.lt\/wp-content\/uploads\/2025\/11\/330x210MM-1-min.jpg\" \/>\n\t<meta property=\"og:image:width\" content=\"800\" \/>\n\t<meta property=\"og:image:height\" content=\"800\" \/>\n\t<meta property=\"og:image:type\" content=\"image\/jpeg\" \/>\n<meta name=\"twitter:card\" content=\"summary_large_image\" \/>\n<meta name=\"twitter:label1\" content=\"Est. reading time\" \/>\n\t<meta name=\"twitter:data1\" content=\"1 minute\" \/>\n<script type=\"application\/ld+json\" class=\"yoast-schema-graph\">{\"@context\":\"https:\\\/\\\/schema.org\",\"@graph\":[{\"@type\":\"WebPage\",\"@id\":\"https:\\\/\\\/1dronas.lt\\\/en\\\/produktas\\\/sequre-pcb-litavimo-antistatinis-karsciui-atsparus-silikoninis-darbo-kilimelis\\\/\",\"url\":\"https:\\\/\\\/1dronas.lt\\\/en\\\/produktas\\\/sequre-pcb-litavimo-antistatinis-karsciui-atsparus-silikoninis-darbo-kilimelis\\\/\",\"name\":\"SEQURE PCB litavimo antistatinis, kar\u0161\u010diui atsparus silikoninis darbo kilim\u0117lis - 1dronas.lt\",\"isPartOf\":{\"@id\":\"https:\\\/\\\/1dronas.lt\\\/en\\\/#website\"},\"primaryImageOfPage\":{\"@id\":\"https:\\\/\\\/1dronas.lt\\\/en\\\/produktas\\\/sequre-pcb-litavimo-antistatinis-karsciui-atsparus-silikoninis-darbo-kilimelis\\\/#primaryimage\"},\"image\":{\"@id\":\"https:\\\/\\\/1dronas.lt\\\/en\\\/produktas\\\/sequre-pcb-litavimo-antistatinis-karsciui-atsparus-silikoninis-darbo-kilimelis\\\/#primaryimage\"},\"thumbnailUrl\":\"https:\\\/\\\/1dronas.lt\\\/wp-content\\\/uploads\\\/2025\\\/11\\\/330x210MM-1-min.jpg\",\"datePublished\":\"2025-11-15T20:33:27+00:00\",\"dateModified\":\"2026-04-12T11:35:20+00:00\",\"breadcrumb\":{\"@id\":\"https:\\\/\\\/1dronas.lt\\\/en\\\/produktas\\\/sequre-pcb-litavimo-antistatinis-karsciui-atsparus-silikoninis-darbo-kilimelis\\\/#breadcrumb\"},\"inLanguage\":\"en-US\",\"potentialAction\":[{\"@type\":\"ReadAction\",\"target\":[\"https:\\\/\\\/1dronas.lt\\\/en\\\/produktas\\\/sequre-pcb-litavimo-antistatinis-karsciui-atsparus-silikoninis-darbo-kilimelis\\\/\"]}]},{\"@type\":\"ImageObject\",\"inLanguage\":\"en-US\",\"@id\":\"https:\\\/\\\/1dronas.lt\\\/en\\\/produktas\\\/sequre-pcb-litavimo-antistatinis-karsciui-atsparus-silikoninis-darbo-kilimelis\\\/#primaryimage\",\"url\":\"https:\\\/\\\/1dronas.lt\\\/wp-content\\\/uploads\\\/2025\\\/11\\\/330x210MM-1-min.jpg\",\"contentUrl\":\"https:\\\/\\\/1dronas.lt\\\/wp-content\\\/uploads\\\/2025\\\/11\\\/330x210MM-1-min.jpg\",\"width\":800,\"height\":800},{\"@type\":\"BreadcrumbList\",\"@id\":\"https:\\\/\\\/1dronas.lt\\\/en\\\/produktas\\\/sequre-pcb-litavimo-antistatinis-karsciui-atsparus-silikoninis-darbo-kilimelis\\\/#breadcrumb\",\"itemListElement\":[{\"@type\":\"ListItem\",\"position\":1,\"name\":\"Home\",\"item\":\"https:\\\/\\\/1dronas.lt\\\/\"},{\"@type\":\"ListItem\",\"position\":2,\"name\":\"Parduotuv\u0117\",\"item\":\"https:\\\/\\\/1dronas.lt\\\/parduotuve\\\/\"},{\"@type\":\"ListItem\",\"position\":3,\"name\":\"SEQURE PCB litavimo antistatinis, kar\u0161\u010diui atsparus silikoninis darbo kilim\u0117lis\"}]},{\"@type\":\"WebSite\",\"@id\":\"https:\\\/\\\/1dronas.lt\\\/en\\\/#website\",\"url\":\"https:\\\/\\\/1dronas.lt\\\/en\\\/\",\"name\":\"1dronas.lt\",\"description\":\"Internetin\u0117 parduotuv\u0117\",\"publisher\":{\"@id\":\"https:\\\/\\\/1dronas.lt\\\/en\\\/#organization\"},\"potentialAction\":[{\"@type\":\"SearchAction\",\"target\":{\"@type\":\"EntryPoint\",\"urlTemplate\":\"https:\\\/\\\/1dronas.lt\\\/en\\\/?s={search_term_string}\"},\"query-input\":{\"@type\":\"PropertyValueSpecification\",\"valueRequired\":true,\"valueName\":\"search_term_string\"}}],\"inLanguage\":\"en-US\"},{\"@type\":\"Organization\",\"@id\":\"https:\\\/\\\/1dronas.lt\\\/en\\\/#organization\",\"name\":\"1dronas.lt\",\"url\":\"https:\\\/\\\/1dronas.lt\\\/en\\\/\",\"logo\":{\"@type\":\"ImageObject\",\"inLanguage\":\"en-US\",\"@id\":\"https:\\\/\\\/1dronas.lt\\\/en\\\/#\\\/schema\\\/logo\\\/image\\\/\",\"url\":\"https:\\\/\\\/1dronas.lt\\\/wp-content\\\/uploads\\\/2020\\\/12\\\/Ekrano_kopija__2_-removebg-preview-1-1.png\",\"contentUrl\":\"https:\\\/\\\/1dronas.lt\\\/wp-content\\\/uploads\\\/2020\\\/12\\\/Ekrano_kopija__2_-removebg-preview-1-1.png\",\"width\":234,\"height\":81,\"caption\":\"1dronas.lt\"},\"image\":{\"@id\":\"https:\\\/\\\/1dronas.lt\\\/en\\\/#\\\/schema\\\/logo\\\/image\\\/\"},\"sameAs\":[\"https:\\\/\\\/www.facebook.com\\\/1dronas\\\/\"]}]}<\/script>\n<!-- \/ Yoast SEO plugin. -->","yoast_head_json":{"title":"SEQURE PCB Soldering Antistatic Heat Resistant Silicone Work Mat - 1dronas.lt","robots":{"index":"index","follow":"follow","max-snippet":"max-snippet:-1","max-image-preview":"max-image-preview:large","max-video-preview":"max-video-preview:-1"},"canonical":"https:\/\/1dronas.lt\/en\/produktas\/sequre-pcb-litavimo-antistatinis-karsciui-atsparus-silikoninis-darbo-kilimelis\/","og_locale":"en_US","og_type":"article","og_title":"SEQURE PCB litavimo antistatinis, kar\u0161\u010diui atsparus silikoninis darbo kilim\u0117lis - 1dronas.lt","og_description":"Auk\u0161tos kokyb\u0117s, \u0161ilumai atsparus ir ekologi\u0161kas silikoninis kilim\u0117lis, atsparus iki 500 \u2103.\u00a0  \u00a0\u00a01 \u2013 2 d.d.","og_url":"https:\/\/1dronas.lt\/en\/produktas\/sequre-pcb-litavimo-antistatinis-karsciui-atsparus-silikoninis-darbo-kilimelis\/","og_site_name":"1dronas.lt","article_publisher":"https:\/\/www.facebook.com\/1dronas\/","article_modified_time":"2026-04-12T11:35:20+00:00","og_image":[{"width":800,"height":800,"url":"https:\/\/1dronas.lt\/wp-content\/uploads\/2025\/11\/330x210MM-1-min.jpg","type":"image\/jpeg"}],"twitter_card":"summary_large_image","twitter_misc":{"Est. reading time":"1 minute"},"schema":{"@context":"https:\/\/schema.org","@graph":[{"@type":"WebPage","@id":"https:\/\/1dronas.lt\/en\/produktas\/sequre-pcb-litavimo-antistatinis-karsciui-atsparus-silikoninis-darbo-kilimelis\/","url":"https:\/\/1dronas.lt\/en\/produktas\/sequre-pcb-litavimo-antistatinis-karsciui-atsparus-silikoninis-darbo-kilimelis\/","name":"SEQURE PCB Soldering Antistatic Heat Resistant Silicone Work Mat - 1dronas.lt","isPartOf":{"@id":"https:\/\/1dronas.lt\/en\/#website"},"primaryImageOfPage":{"@id":"https:\/\/1dronas.lt\/en\/produktas\/sequre-pcb-litavimo-antistatinis-karsciui-atsparus-silikoninis-darbo-kilimelis\/#primaryimage"},"image":{"@id":"https:\/\/1dronas.lt\/en\/produktas\/sequre-pcb-litavimo-antistatinis-karsciui-atsparus-silikoninis-darbo-kilimelis\/#primaryimage"},"thumbnailUrl":"https:\/\/1dronas.lt\/wp-content\/uploads\/2025\/11\/330x210MM-1-min.jpg","datePublished":"2025-11-15T20:33:27+00:00","dateModified":"2026-04-12T11:35:20+00:00","breadcrumb":{"@id":"https:\/\/1dronas.lt\/en\/produktas\/sequre-pcb-litavimo-antistatinis-karsciui-atsparus-silikoninis-darbo-kilimelis\/#breadcrumb"},"inLanguage":"en-US","potentialAction":[{"@type":"ReadAction","target":["https:\/\/1dronas.lt\/en\/produktas\/sequre-pcb-litavimo-antistatinis-karsciui-atsparus-silikoninis-darbo-kilimelis\/"]}]},{"@type":"ImageObject","inLanguage":"en-US","@id":"https:\/\/1dronas.lt\/en\/produktas\/sequre-pcb-litavimo-antistatinis-karsciui-atsparus-silikoninis-darbo-kilimelis\/#primaryimage","url":"https:\/\/1dronas.lt\/wp-content\/uploads\/2025\/11\/330x210MM-1-min.jpg","contentUrl":"https:\/\/1dronas.lt\/wp-content\/uploads\/2025\/11\/330x210MM-1-min.jpg","width":800,"height":800},{"@type":"BreadcrumbList","@id":"https:\/\/1dronas.lt\/en\/produktas\/sequre-pcb-litavimo-antistatinis-karsciui-atsparus-silikoninis-darbo-kilimelis\/#breadcrumb","itemListElement":[{"@type":"ListItem","position":1,"name":"Home","item":"https:\/\/1dronas.lt\/"},{"@type":"ListItem","position":2,"name":"Parduotuv\u0117","item":"https:\/\/1dronas.lt\/parduotuve\/"},{"@type":"ListItem","position":3,"name":"SEQURE PCB litavimo antistatinis, kar\u0161\u010diui atsparus silikoninis darbo kilim\u0117lis"}]},{"@type":"WebSite","@id":"https:\/\/1dronas.lt\/en\/#website","url":"https:\/\/1dronas.lt\/en\/","name":"1dronas.lt","description":"Online store","publisher":{"@id":"https:\/\/1dronas.lt\/en\/#organization"},"potentialAction":[{"@type":"SearchAction","target":{"@type":"EntryPoint","urlTemplate":"https:\/\/1dronas.lt\/en\/?s={search_term_string}"},"query-input":{"@type":"PropertyValueSpecification","valueRequired":true,"valueName":"search_term_string"}}],"inLanguage":"en-US"},{"@type":"Organization","@id":"https:\/\/1dronas.lt\/en\/#organization","name":"1dronas.lt","url":"https:\/\/1dronas.lt\/en\/","logo":{"@type":"ImageObject","inLanguage":"en-US","@id":"https:\/\/1dronas.lt\/en\/#\/schema\/logo\/image\/","url":"https:\/\/1dronas.lt\/wp-content\/uploads\/2020\/12\/Ekrano_kopija__2_-removebg-preview-1-1.png","contentUrl":"https:\/\/1dronas.lt\/wp-content\/uploads\/2020\/12\/Ekrano_kopija__2_-removebg-preview-1-1.png","width":234,"height":81,"caption":"1dronas.lt"},"image":{"@id":"https:\/\/1dronas.lt\/en\/#\/schema\/logo\/image\/"},"sameAs":["https:\/\/www.facebook.com\/1dronas\/"]}]}},"jetpack_sharing_enabled":true,"_links":{"self":[{"href":"https:\/\/1dronas.lt\/en\/wp-json\/wp\/v2\/product\/12888","targetHints":{"allow":["GET"]}}],"collection":[{"href":"https:\/\/1dronas.lt\/en\/wp-json\/wp\/v2\/product"}],"about":[{"href":"https:\/\/1dronas.lt\/en\/wp-json\/wp\/v2\/types\/product"}],"replies":[{"embeddable":true,"href":"https:\/\/1dronas.lt\/en\/wp-json\/wp\/v2\/comments?post=12888"}],"wp:featuredmedia":[{"embeddable":true,"href":"https:\/\/1dronas.lt\/en\/wp-json\/wp\/v2\/media\/12893"}],"wp:attachment":[{"href":"https:\/\/1dronas.lt\/en\/wp-json\/wp\/v2\/media?parent=12888"}],"wp:term":[{"taxonomy":"product_brand","embeddable":true,"href":"https:\/\/1dronas.lt\/en\/wp-json\/wp\/v2\/product_brand?post=12888"},{"taxonomy":"product_cat","embeddable":true,"href":"https:\/\/1dronas.lt\/en\/wp-json\/wp\/v2\/product_cat?post=12888"},{"taxonomy":"product_tag","embeddable":true,"href":"https:\/\/1dronas.lt\/en\/wp-json\/wp\/v2\/product_tag?post=12888"}],"curies":[{"name":"wp","href":"https:\/\/api.w.org\/{rel}","templated":true}]}}