{"id":12872,"date":"2025-11-15T21:38:15","date_gmt":"2025-11-15T19:38:15","guid":{"rendered":"https:\/\/1dronas.lt\/?post_type=product&#038;p=12872"},"modified":"2026-05-05T10:42:54","modified_gmt":"2026-05-05T07:42:54","slug":"sequre-diy-pcb-pagalbinis-litavimo-stendas-su-lupa-ir-led-lempute","status":"publish","type":"product","link":"https:\/\/1dronas.lt\/en\/produktas\/sequre-diy-pcb-pagalbinis-litavimo-stendas-su-lupa-ir-led-lempute\/","title":{"rendered":"SEQURE DIY PCB soldering aid stand with magnifier and LED light"},"content":{"rendered":"<p><strong>Features:<\/strong><\/p>\n<p>Auxiliary soldering stand with LED lighting and magnifying glass is designed for repairing and soldering small electronic components. The clamps are used to fix PCB boards, for stability during work. The magnifying glass allows you to clearly enlarge the soldering point, making it easier to perform precise soldering and other technical actions. This tool is widely used in electronics repair shops, industrial electronics, laboratories.<\/p>\n<p><strong>Specification:<\/strong><\/p>\n<p data-start=\"0\" data-end=\"28\">\u2022 Product weight: 288 g;<br \/>\n\u2022 Package size: 120 \u00d7 80 \u00d7 130 mm.<\/p>\n<p data-start=\"0\" data-end=\"28\"><img loading=\"lazy\" decoding=\"async\" class=\"alignnone wp-image-12880 size-full\" src=\"https:\/\/1dronas.lt\/wp-content\/uploads\/2025\/11\/468ef44610c31b5b50b747b4f9f5ee49-min.jpg\" alt=\"\" width=\"800\" height=\"800\" srcset=\"https:\/\/1dronas.lt\/wp-content\/uploads\/2025\/11\/468ef44610c31b5b50b747b4f9f5ee49-min.jpg 800w, https:\/\/1dronas.lt\/wp-content\/uploads\/2025\/11\/468ef44610c31b5b50b747b4f9f5ee49-min-300x300.jpg 300w, https:\/\/1dronas.lt\/wp-content\/uploads\/2025\/11\/468ef44610c31b5b50b747b4f9f5ee49-min-150x150.jpg 150w, https:\/\/1dronas.lt\/wp-content\/uploads\/2025\/11\/468ef44610c31b5b50b747b4f9f5ee49-min-768x768.jpg 768w, https:\/\/1dronas.lt\/wp-content\/uploads\/2025\/11\/468ef44610c31b5b50b747b4f9f5ee49-min-12x12.jpg 12w, https:\/\/1dronas.lt\/wp-content\/uploads\/2025\/11\/468ef44610c31b5b50b747b4f9f5ee49-min-247x247.jpg 247w, https:\/\/1dronas.lt\/wp-content\/uploads\/2025\/11\/468ef44610c31b5b50b747b4f9f5ee49-min-510x510.jpg 510w, https:\/\/1dronas.lt\/wp-content\/uploads\/2025\/11\/468ef44610c31b5b50b747b4f9f5ee49-min-100x100.jpg 100w\" sizes=\"auto, (max-width: 800px) 100vw, 800px\" \/><\/p>\n<p data-start=\"0\" data-end=\"28\"><strong>Package:<\/strong><\/p>\n<p data-start=\"0\" data-end=\"28\">1x SEQURE DIY PCB soldering aid stand with magnifier and LED light.<\/p>","protected":false},"excerpt":{"rendered":"<p><span style=\"color: #333333;\">The auxiliary soldering stand with LED lighting and magnifying glass is designed for repairing small electronic components and soldering work.<\/span><\/p>\n<p><span style=\"color: #333333; font-size: 90%;\"><strong><img loading=\"lazy\" decoding=\"async\" class=\"alignnone wp-image-1806\" src=\"https:\/\/1dronas.lt\/wp-content\/uploads\/2021\/05\/delivery-icon.png.webp\" alt=\"\" width=\"24\" height=\"24\" srcset=\"https:\/\/1dronas.lt\/wp-content\/uploads\/2021\/05\/delivery-icon.png 35w, https:\/\/1dronas.lt\/wp-content\/uploads\/2021\/05\/delivery-icon-12x12.png 12w\" sizes=\"auto, (max-width: 24px) 100vw, 24px\" \/>\u00a0\u00a01 \u2013 2 days<\/strong><\/span><\/p>","protected":false},"featured_media":12874,"comment_status":"open","ping_status":"closed","template":"","meta":[],"product_brand":[892],"product_cat":[679],"product_tag":[980,934,935,933,936,893],"class_list":{"0":"post-12872","1":"product","2":"type-product","3":"status-publish","4":"has-post-thumbnail","6":"product_brand-sequre","7":"product_cat-irankiai","8":"product_tag-black-friday","9":"product_tag-diy-pcb","10":"product_tag-led","11":"product_tag-litavimo-stendas","12":"product_tag-lupa","13":"product_tag-sequre","15":"first","16":"instock","17":"taxable","18":"shipping-taxable","19":"purchasable","20":"product-type-simple"},"yoast_head":"<!-- This site is optimized with the Yoast SEO plugin v27.5 - https:\/\/yoast.com\/product\/yoast-seo-wordpress\/ -->\n<title>SEQURE DIY PCB pagalbinis litavimo stendas su lupa ir LED lempute - 1dronas.lt<\/title>\n<meta name=\"robots\" content=\"index, follow, max-snippet:-1, max-image-preview:large, max-video-preview:-1\" \/>\n<link rel=\"canonical\" href=\"https:\/\/1dronas.lt\/en\/produktas\/sequre-diy-pcb-pagalbinis-litavimo-stendas-su-lupa-ir-led-lempute\/\" \/>\n<meta property=\"og:locale\" content=\"en_US\" \/>\n<meta property=\"og:type\" content=\"article\" \/>\n<meta property=\"og:title\" content=\"SEQURE DIY PCB pagalbinis litavimo stendas su lupa ir LED lempute - 1dronas.lt\" \/>\n<meta property=\"og:description\" content=\"Pagalbinis litavimo stendas su LED ap\u0161vietimu ir didinamuoju stiklu yra skirtas smulki\u0173 elektronini\u0173 komponent\u0173 remontui ir litavimo darbams.  \u00a0\u00a01 \u2013 2 d.d.\" \/>\n<meta property=\"og:url\" content=\"https:\/\/1dronas.lt\/en\/produktas\/sequre-diy-pcb-pagalbinis-litavimo-stendas-su-lupa-ir-led-lempute\/\" \/>\n<meta property=\"og:site_name\" content=\"1dronas.lt\" \/>\n<meta property=\"article:publisher\" content=\"https:\/\/www.facebook.com\/1dronas\/\" \/>\n<meta property=\"article:modified_time\" content=\"2026-05-05T07:42:54+00:00\" \/>\n<meta property=\"og:image\" content=\"https:\/\/1dronas.lt\/wp-content\/uploads\/2025\/11\/1_2_850d9911-2b32-4782-a2ad-e898cdb8aed2-min.jpg\" \/>\n\t<meta property=\"og:image:width\" content=\"800\" \/>\n\t<meta property=\"og:image:height\" content=\"800\" \/>\n\t<meta property=\"og:image:type\" content=\"image\/jpeg\" \/>\n<meta name=\"twitter:card\" content=\"summary_large_image\" \/>\n<meta name=\"twitter:label1\" content=\"Est. reading time\" \/>\n\t<meta name=\"twitter:data1\" content=\"1 minute\" \/>\n<script type=\"application\/ld+json\" class=\"yoast-schema-graph\">{\"@context\":\"https:\\\/\\\/schema.org\",\"@graph\":[{\"@type\":\"WebPage\",\"@id\":\"https:\\\/\\\/1dronas.lt\\\/en\\\/produktas\\\/sequre-diy-pcb-pagalbinis-litavimo-stendas-su-lupa-ir-led-lempute\\\/\",\"url\":\"https:\\\/\\\/1dronas.lt\\\/en\\\/produktas\\\/sequre-diy-pcb-pagalbinis-litavimo-stendas-su-lupa-ir-led-lempute\\\/\",\"name\":\"SEQURE DIY PCB pagalbinis litavimo stendas su lupa ir LED lempute - 1dronas.lt\",\"isPartOf\":{\"@id\":\"https:\\\/\\\/1dronas.lt\\\/en\\\/#website\"},\"primaryImageOfPage\":{\"@id\":\"https:\\\/\\\/1dronas.lt\\\/en\\\/produktas\\\/sequre-diy-pcb-pagalbinis-litavimo-stendas-su-lupa-ir-led-lempute\\\/#primaryimage\"},\"image\":{\"@id\":\"https:\\\/\\\/1dronas.lt\\\/en\\\/produktas\\\/sequre-diy-pcb-pagalbinis-litavimo-stendas-su-lupa-ir-led-lempute\\\/#primaryimage\"},\"thumbnailUrl\":\"https:\\\/\\\/1dronas.lt\\\/wp-content\\\/uploads\\\/2025\\\/11\\\/1_2_850d9911-2b32-4782-a2ad-e898cdb8aed2-min.jpg\",\"datePublished\":\"2025-11-15T19:38:15+00:00\",\"dateModified\":\"2026-05-05T07:42:54+00:00\",\"breadcrumb\":{\"@id\":\"https:\\\/\\\/1dronas.lt\\\/en\\\/produktas\\\/sequre-diy-pcb-pagalbinis-litavimo-stendas-su-lupa-ir-led-lempute\\\/#breadcrumb\"},\"inLanguage\":\"en-US\",\"potentialAction\":[{\"@type\":\"ReadAction\",\"target\":[\"https:\\\/\\\/1dronas.lt\\\/en\\\/produktas\\\/sequre-diy-pcb-pagalbinis-litavimo-stendas-su-lupa-ir-led-lempute\\\/\"]}]},{\"@type\":\"ImageObject\",\"inLanguage\":\"en-US\",\"@id\":\"https:\\\/\\\/1dronas.lt\\\/en\\\/produktas\\\/sequre-diy-pcb-pagalbinis-litavimo-stendas-su-lupa-ir-led-lempute\\\/#primaryimage\",\"url\":\"https:\\\/\\\/1dronas.lt\\\/wp-content\\\/uploads\\\/2025\\\/11\\\/1_2_850d9911-2b32-4782-a2ad-e898cdb8aed2-min.jpg\",\"contentUrl\":\"https:\\\/\\\/1dronas.lt\\\/wp-content\\\/uploads\\\/2025\\\/11\\\/1_2_850d9911-2b32-4782-a2ad-e898cdb8aed2-min.jpg\",\"width\":800,\"height\":800},{\"@type\":\"BreadcrumbList\",\"@id\":\"https:\\\/\\\/1dronas.lt\\\/en\\\/produktas\\\/sequre-diy-pcb-pagalbinis-litavimo-stendas-su-lupa-ir-led-lempute\\\/#breadcrumb\",\"itemListElement\":[{\"@type\":\"ListItem\",\"position\":1,\"name\":\"Home\",\"item\":\"https:\\\/\\\/1dronas.lt\\\/\"},{\"@type\":\"ListItem\",\"position\":2,\"name\":\"Parduotuv\u0117\",\"item\":\"https:\\\/\\\/1dronas.lt\\\/parduotuve\\\/\"},{\"@type\":\"ListItem\",\"position\":3,\"name\":\"SEQURE DIY PCB pagalbinis litavimo stendas su lupa ir LED lempute\"}]},{\"@type\":\"WebSite\",\"@id\":\"https:\\\/\\\/1dronas.lt\\\/en\\\/#website\",\"url\":\"https:\\\/\\\/1dronas.lt\\\/en\\\/\",\"name\":\"1dronas.lt\",\"description\":\"Internetin\u0117 parduotuv\u0117\",\"publisher\":{\"@id\":\"https:\\\/\\\/1dronas.lt\\\/en\\\/#organization\"},\"potentialAction\":[{\"@type\":\"SearchAction\",\"target\":{\"@type\":\"EntryPoint\",\"urlTemplate\":\"https:\\\/\\\/1dronas.lt\\\/en\\\/?s={search_term_string}\"},\"query-input\":{\"@type\":\"PropertyValueSpecification\",\"valueRequired\":true,\"valueName\":\"search_term_string\"}}],\"inLanguage\":\"en-US\"},{\"@type\":\"Organization\",\"@id\":\"https:\\\/\\\/1dronas.lt\\\/en\\\/#organization\",\"name\":\"1dronas.lt\",\"url\":\"https:\\\/\\\/1dronas.lt\\\/en\\\/\",\"logo\":{\"@type\":\"ImageObject\",\"inLanguage\":\"en-US\",\"@id\":\"https:\\\/\\\/1dronas.lt\\\/en\\\/#\\\/schema\\\/logo\\\/image\\\/\",\"url\":\"https:\\\/\\\/1dronas.lt\\\/wp-content\\\/uploads\\\/2020\\\/12\\\/Ekrano_kopija__2_-removebg-preview-1-1.png\",\"contentUrl\":\"https:\\\/\\\/1dronas.lt\\\/wp-content\\\/uploads\\\/2020\\\/12\\\/Ekrano_kopija__2_-removebg-preview-1-1.png\",\"width\":234,\"height\":81,\"caption\":\"1dronas.lt\"},\"image\":{\"@id\":\"https:\\\/\\\/1dronas.lt\\\/en\\\/#\\\/schema\\\/logo\\\/image\\\/\"},\"sameAs\":[\"https:\\\/\\\/www.facebook.com\\\/1dronas\\\/\"]}]}<\/script>\n<!-- \/ Yoast SEO plugin. -->","yoast_head_json":{"title":"SEQURE DIY PCB soldering aid stand with magnifier and LED light - 1dronas.lt","robots":{"index":"index","follow":"follow","max-snippet":"max-snippet:-1","max-image-preview":"max-image-preview:large","max-video-preview":"max-video-preview:-1"},"canonical":"https:\/\/1dronas.lt\/en\/produktas\/sequre-diy-pcb-pagalbinis-litavimo-stendas-su-lupa-ir-led-lempute\/","og_locale":"en_US","og_type":"article","og_title":"SEQURE DIY PCB pagalbinis litavimo stendas su lupa ir LED lempute - 1dronas.lt","og_description":"Pagalbinis litavimo stendas su LED ap\u0161vietimu ir didinamuoju stiklu yra skirtas smulki\u0173 elektronini\u0173 komponent\u0173 remontui ir litavimo darbams.  \u00a0\u00a01 \u2013 2 d.d.","og_url":"https:\/\/1dronas.lt\/en\/produktas\/sequre-diy-pcb-pagalbinis-litavimo-stendas-su-lupa-ir-led-lempute\/","og_site_name":"1dronas.lt","article_publisher":"https:\/\/www.facebook.com\/1dronas\/","article_modified_time":"2026-05-05T07:42:54+00:00","og_image":[{"width":800,"height":800,"url":"https:\/\/1dronas.lt\/wp-content\/uploads\/2025\/11\/1_2_850d9911-2b32-4782-a2ad-e898cdb8aed2-min.jpg","type":"image\/jpeg"}],"twitter_card":"summary_large_image","twitter_misc":{"Est. reading time":"1 minute"},"schema":{"@context":"https:\/\/schema.org","@graph":[{"@type":"WebPage","@id":"https:\/\/1dronas.lt\/en\/produktas\/sequre-diy-pcb-pagalbinis-litavimo-stendas-su-lupa-ir-led-lempute\/","url":"https:\/\/1dronas.lt\/en\/produktas\/sequre-diy-pcb-pagalbinis-litavimo-stendas-su-lupa-ir-led-lempute\/","name":"SEQURE DIY PCB soldering aid stand with magnifier and LED light - 1dronas.lt","isPartOf":{"@id":"https:\/\/1dronas.lt\/en\/#website"},"primaryImageOfPage":{"@id":"https:\/\/1dronas.lt\/en\/produktas\/sequre-diy-pcb-pagalbinis-litavimo-stendas-su-lupa-ir-led-lempute\/#primaryimage"},"image":{"@id":"https:\/\/1dronas.lt\/en\/produktas\/sequre-diy-pcb-pagalbinis-litavimo-stendas-su-lupa-ir-led-lempute\/#primaryimage"},"thumbnailUrl":"https:\/\/1dronas.lt\/wp-content\/uploads\/2025\/11\/1_2_850d9911-2b32-4782-a2ad-e898cdb8aed2-min.jpg","datePublished":"2025-11-15T19:38:15+00:00","dateModified":"2026-05-05T07:42:54+00:00","breadcrumb":{"@id":"https:\/\/1dronas.lt\/en\/produktas\/sequre-diy-pcb-pagalbinis-litavimo-stendas-su-lupa-ir-led-lempute\/#breadcrumb"},"inLanguage":"en-US","potentialAction":[{"@type":"ReadAction","target":["https:\/\/1dronas.lt\/en\/produktas\/sequre-diy-pcb-pagalbinis-litavimo-stendas-su-lupa-ir-led-lempute\/"]}]},{"@type":"ImageObject","inLanguage":"en-US","@id":"https:\/\/1dronas.lt\/en\/produktas\/sequre-diy-pcb-pagalbinis-litavimo-stendas-su-lupa-ir-led-lempute\/#primaryimage","url":"https:\/\/1dronas.lt\/wp-content\/uploads\/2025\/11\/1_2_850d9911-2b32-4782-a2ad-e898cdb8aed2-min.jpg","contentUrl":"https:\/\/1dronas.lt\/wp-content\/uploads\/2025\/11\/1_2_850d9911-2b32-4782-a2ad-e898cdb8aed2-min.jpg","width":800,"height":800},{"@type":"BreadcrumbList","@id":"https:\/\/1dronas.lt\/en\/produktas\/sequre-diy-pcb-pagalbinis-litavimo-stendas-su-lupa-ir-led-lempute\/#breadcrumb","itemListElement":[{"@type":"ListItem","position":1,"name":"Home","item":"https:\/\/1dronas.lt\/"},{"@type":"ListItem","position":2,"name":"Parduotuv\u0117","item":"https:\/\/1dronas.lt\/parduotuve\/"},{"@type":"ListItem","position":3,"name":"SEQURE DIY PCB pagalbinis litavimo stendas su lupa ir LED lempute"}]},{"@type":"WebSite","@id":"https:\/\/1dronas.lt\/en\/#website","url":"https:\/\/1dronas.lt\/en\/","name":"1dronas.lt","description":"Online store","publisher":{"@id":"https:\/\/1dronas.lt\/en\/#organization"},"potentialAction":[{"@type":"SearchAction","target":{"@type":"EntryPoint","urlTemplate":"https:\/\/1dronas.lt\/en\/?s={search_term_string}"},"query-input":{"@type":"PropertyValueSpecification","valueRequired":true,"valueName":"search_term_string"}}],"inLanguage":"en-US"},{"@type":"Organization","@id":"https:\/\/1dronas.lt\/en\/#organization","name":"1dronas.lt","url":"https:\/\/1dronas.lt\/en\/","logo":{"@type":"ImageObject","inLanguage":"en-US","@id":"https:\/\/1dronas.lt\/en\/#\/schema\/logo\/image\/","url":"https:\/\/1dronas.lt\/wp-content\/uploads\/2020\/12\/Ekrano_kopija__2_-removebg-preview-1-1.png","contentUrl":"https:\/\/1dronas.lt\/wp-content\/uploads\/2020\/12\/Ekrano_kopija__2_-removebg-preview-1-1.png","width":234,"height":81,"caption":"1dronas.lt"},"image":{"@id":"https:\/\/1dronas.lt\/en\/#\/schema\/logo\/image\/"},"sameAs":["https:\/\/www.facebook.com\/1dronas\/"]}]}},"jetpack_sharing_enabled":true,"_links":{"self":[{"href":"https:\/\/1dronas.lt\/en\/wp-json\/wp\/v2\/product\/12872","targetHints":{"allow":["GET"]}}],"collection":[{"href":"https:\/\/1dronas.lt\/en\/wp-json\/wp\/v2\/product"}],"about":[{"href":"https:\/\/1dronas.lt\/en\/wp-json\/wp\/v2\/types\/product"}],"replies":[{"embeddable":true,"href":"https:\/\/1dronas.lt\/en\/wp-json\/wp\/v2\/comments?post=12872"}],"wp:featuredmedia":[{"embeddable":true,"href":"https:\/\/1dronas.lt\/en\/wp-json\/wp\/v2\/media\/12874"}],"wp:attachment":[{"href":"https:\/\/1dronas.lt\/en\/wp-json\/wp\/v2\/media?parent=12872"}],"wp:term":[{"taxonomy":"product_brand","embeddable":true,"href":"https:\/\/1dronas.lt\/en\/wp-json\/wp\/v2\/product_brand?post=12872"},{"taxonomy":"product_cat","embeddable":true,"href":"https:\/\/1dronas.lt\/en\/wp-json\/wp\/v2\/product_cat?post=12872"},{"taxonomy":"product_tag","embeddable":true,"href":"https:\/\/1dronas.lt\/en\/wp-json\/wp\/v2\/product_tag?post=12872"}],"curies":[{"name":"wp","href":"https:\/\/api.w.org\/{rel}","templated":true}]}}