{"id":12771,"date":"2025-11-14T12:27:06","date_gmt":"2025-11-14T10:27:06","guid":{"rendered":"https:\/\/1dronas.lt\/?post_type=product&#038;p=12771"},"modified":"2026-05-05T10:40:25","modified_gmt":"2026-05-05T07:40:25","slug":"sequre-auksto-tikslumo-antistatisku-pincetu-rinkinys-elektronikos-remontui-ir-laidu-litavimui","status":"publish","type":"product","link":"https:\/\/1dronas.lt\/en\/produktas\/sequre-auksto-tikslumo-antistatiniu-pincetu-rinkinys-elektronikos-remontui-ir-laidu-litavimui\/","title":{"rendered":"SEQURE Antistatic tweezers set, for electronics repair and wire soldering"},"content":{"rendered":"<p>Tempered stainless steel tweezers: strong grip, high elasticity, wear resistance. The set includes several types of tweezers suitable for work in various situations.<\/p>\n<p><strong>Dimensions and weight:<\/strong><\/p>\n<p>\u2022 Product size: 183 x 80 x 19 mm;<br \/>\n\u2022 Product net weight: 205 g;<br \/>\n\u2022 Package size: 183 x 80 x 19 mm;<br \/>\n\u2022 Package weight: 205 g.<\/p>\n<p><strong>Package:<\/strong><\/p>\n<p>1 x set of tweezers<\/p>\n<p><img loading=\"lazy\" decoding=\"async\" class=\"alignnone size-full wp-image-12773\" src=\"https:\/\/1dronas.lt\/wp-content\/uploads\/2025\/11\/2-__01_2048x2048.webp\" alt=\"\" width=\"790\" height=\"1460\" srcset=\"https:\/\/1dronas.lt\/wp-content\/uploads\/2025\/11\/2-__01_2048x2048.webp 790w, https:\/\/1dronas.lt\/wp-content\/uploads\/2025\/11\/2-__01_2048x2048-162x300.webp 162w, https:\/\/1dronas.lt\/wp-content\/uploads\/2025\/11\/2-__01_2048x2048-554x1024.webp 554w, https:\/\/1dronas.lt\/wp-content\/uploads\/2025\/11\/2-__01_2048x2048-768x1419.webp 768w, https:\/\/1dronas.lt\/wp-content\/uploads\/2025\/11\/2-__01_2048x2048-6x12.webp 6w, https:\/\/1dronas.lt\/wp-content\/uploads\/2025\/11\/2-__01_2048x2048-510x943.webp 510w\" sizes=\"auto, (max-width: 790px) 100vw, 790px\" \/><img loading=\"lazy\" decoding=\"async\" class=\"alignnone size-full wp-image-12774\" src=\"https:\/\/1dronas.lt\/wp-content\/uploads\/2025\/11\/2-__02_2048x2048.webp\" alt=\"\" width=\"790\" height=\"1300\" srcset=\"https:\/\/1dronas.lt\/wp-content\/uploads\/2025\/11\/2-__02_2048x2048.webp 790w, https:\/\/1dronas.lt\/wp-content\/uploads\/2025\/11\/2-__02_2048x2048-182x300.webp 182w, https:\/\/1dronas.lt\/wp-content\/uploads\/2025\/11\/2-__02_2048x2048-622x1024.webp 622w, https:\/\/1dronas.lt\/wp-content\/uploads\/2025\/11\/2-__02_2048x2048-768x1264.webp 768w, https:\/\/1dronas.lt\/wp-content\/uploads\/2025\/11\/2-__02_2048x2048-7x12.webp 7w, https:\/\/1dronas.lt\/wp-content\/uploads\/2025\/11\/2-__02_2048x2048-510x839.webp 510w\" sizes=\"auto, (max-width: 790px) 100vw, 790px\" \/><img loading=\"lazy\" decoding=\"async\" class=\"alignnone size-full wp-image-12775\" src=\"https:\/\/1dronas.lt\/wp-content\/uploads\/2025\/11\/2-__03_2048x2048.webp\" alt=\"\" width=\"790\" height=\"1329\" srcset=\"https:\/\/1dronas.lt\/wp-content\/uploads\/2025\/11\/2-__03_2048x2048.webp 790w, https:\/\/1dronas.lt\/wp-content\/uploads\/2025\/11\/2-__03_2048x2048-178x300.webp 178w, https:\/\/1dronas.lt\/wp-content\/uploads\/2025\/11\/2-__03_2048x2048-609x1024.webp 609w, https:\/\/1dronas.lt\/wp-content\/uploads\/2025\/11\/2-__03_2048x2048-768x1292.webp 768w, https:\/\/1dronas.lt\/wp-content\/uploads\/2025\/11\/2-__03_2048x2048-7x12.webp 7w, https:\/\/1dronas.lt\/wp-content\/uploads\/2025\/11\/2-__03_2048x2048-510x858.webp 510w\" sizes=\"auto, (max-width: 790px) 100vw, 790px\" \/><img loading=\"lazy\" decoding=\"async\" class=\"alignnone size-full wp-image-12776\" src=\"https:\/\/1dronas.lt\/wp-content\/uploads\/2025\/11\/2-__04_2048x2048.webp\" alt=\"\" width=\"790\" height=\"1551\" srcset=\"https:\/\/1dronas.lt\/wp-content\/uploads\/2025\/11\/2-__04_2048x2048.webp 790w, https:\/\/1dronas.lt\/wp-content\/uploads\/2025\/11\/2-__04_2048x2048-153x300.webp 153w, https:\/\/1dronas.lt\/wp-content\/uploads\/2025\/11\/2-__04_2048x2048-522x1024.webp 522w, https:\/\/1dronas.lt\/wp-content\/uploads\/2025\/11\/2-__04_2048x2048-768x1508.webp 768w, https:\/\/1dronas.lt\/wp-content\/uploads\/2025\/11\/2-__04_2048x2048-782x1536.webp 782w, https:\/\/1dronas.lt\/wp-content\/uploads\/2025\/11\/2-__04_2048x2048-6x12.webp 6w, https:\/\/1dronas.lt\/wp-content\/uploads\/2025\/11\/2-__04_2048x2048-510x1001.webp 510w\" sizes=\"auto, (max-width: 790px) 100vw, 790px\" \/><img loading=\"lazy\" decoding=\"async\" class=\"alignnone size-full wp-image-12777\" src=\"https:\/\/1dronas.lt\/wp-content\/uploads\/2025\/11\/2-__05_2048x2048.webp\" alt=\"\" width=\"790\" height=\"1474\" srcset=\"https:\/\/1dronas.lt\/wp-content\/uploads\/2025\/11\/2-__05_2048x2048.webp 790w, https:\/\/1dronas.lt\/wp-content\/uploads\/2025\/11\/2-__05_2048x2048-161x300.webp 161w, https:\/\/1dronas.lt\/wp-content\/uploads\/2025\/11\/2-__05_2048x2048-549x1024.webp 549w, https:\/\/1dronas.lt\/wp-content\/uploads\/2025\/11\/2-__05_2048x2048-768x1433.webp 768w, https:\/\/1dronas.lt\/wp-content\/uploads\/2025\/11\/2-__05_2048x2048-6x12.webp 6w, https:\/\/1dronas.lt\/wp-content\/uploads\/2025\/11\/2-__05_2048x2048-510x952.webp 510w\" sizes=\"auto, (max-width: 790px) 100vw, 790px\" \/><img loading=\"lazy\" decoding=\"async\" class=\"alignnone size-full wp-image-12778\" src=\"https:\/\/1dronas.lt\/wp-content\/uploads\/2025\/11\/2-__06_2048x2048.webp\" alt=\"\" width=\"790\" height=\"1466\" srcset=\"https:\/\/1dronas.lt\/wp-content\/uploads\/2025\/11\/2-__06_2048x2048.webp 790w, https:\/\/1dronas.lt\/wp-content\/uploads\/2025\/11\/2-__06_2048x2048-162x300.webp 162w, https:\/\/1dronas.lt\/wp-content\/uploads\/2025\/11\/2-__06_2048x2048-552x1024.webp 552w, https:\/\/1dronas.lt\/wp-content\/uploads\/2025\/11\/2-__06_2048x2048-768x1425.webp 768w, https:\/\/1dronas.lt\/wp-content\/uploads\/2025\/11\/2-__06_2048x2048-6x12.webp 6w, https:\/\/1dronas.lt\/wp-content\/uploads\/2025\/11\/2-__06_2048x2048-510x946.webp 510w\" sizes=\"auto, (max-width: 790px) 100vw, 790px\" \/><img loading=\"lazy\" decoding=\"async\" class=\"alignnone size-full wp-image-12779\" src=\"https:\/\/1dronas.lt\/wp-content\/uploads\/2025\/11\/2-__07_2048x2048.webp\" alt=\"\" width=\"790\" height=\"1023\" srcset=\"https:\/\/1dronas.lt\/wp-content\/uploads\/2025\/11\/2-__07_2048x2048.webp 790w, https:\/\/1dronas.lt\/wp-content\/uploads\/2025\/11\/2-__07_2048x2048-232x300.webp 232w, https:\/\/1dronas.lt\/wp-content\/uploads\/2025\/11\/2-__07_2048x2048-768x995.webp 768w, https:\/\/1dronas.lt\/wp-content\/uploads\/2025\/11\/2-__07_2048x2048-9x12.webp 9w, https:\/\/1dronas.lt\/wp-content\/uploads\/2025\/11\/2-__07_2048x2048-510x660.webp 510w\" sizes=\"auto, (max-width: 790px) 100vw, 790px\" \/><img loading=\"lazy\" decoding=\"async\" class=\"alignnone size-full wp-image-12780\" src=\"https:\/\/1dronas.lt\/wp-content\/uploads\/2025\/11\/2-__08_2048x2048.webp\" alt=\"\" width=\"790\" height=\"1372\" srcset=\"https:\/\/1dronas.lt\/wp-content\/uploads\/2025\/11\/2-__08_2048x2048.webp 790w, https:\/\/1dronas.lt\/wp-content\/uploads\/2025\/11\/2-__08_2048x2048-173x300.webp 173w, https:\/\/1dronas.lt\/wp-content\/uploads\/2025\/11\/2-__08_2048x2048-590x1024.webp 590w, https:\/\/1dronas.lt\/wp-content\/uploads\/2025\/11\/2-__08_2048x2048-768x1334.webp 768w, https:\/\/1dronas.lt\/wp-content\/uploads\/2025\/11\/2-__08_2048x2048-7x12.webp 7w, https:\/\/1dronas.lt\/wp-content\/uploads\/2025\/11\/2-__08_2048x2048-510x886.webp 510w\" sizes=\"auto, (max-width: 790px) 100vw, 790px\" \/><\/p>","protected":false},"excerpt":{"rendered":"<p><span style=\"color: #333333;\">A set of anti-static tweezers, perfect for electronics repairs and small soldering jobs.<\/span><\/p>\n<p><span style=\"font-size: 90%; color: #333333;\"><strong><img loading=\"lazy\" decoding=\"async\" class=\"alignnone wp-image-1806\" src=\"https:\/\/1dronas.lt\/wp-content\/uploads\/2021\/05\/delivery-icon.png.webp\" alt=\"\" width=\"24\" height=\"24\" srcset=\"https:\/\/1dronas.lt\/wp-content\/uploads\/2021\/05\/delivery-icon.png 35w, https:\/\/1dronas.lt\/wp-content\/uploads\/2021\/05\/delivery-icon-12x12.png 12w\" sizes=\"auto, (max-width: 24px) 100vw, 24px\" \/>\u00a0\u00a01 \u2013 2 days<\/strong><\/span><\/p>","protected":false},"featured_media":12781,"comment_status":"open","ping_status":"closed","template":"","meta":[],"product_brand":[892],"product_cat":[679],"product_tag":[919,980,918,893],"class_list":{"0":"post-12771","1":"product","2":"type-product","3":"status-publish","4":"has-post-thumbnail","6":"product_brand-sequre","7":"product_cat-irankiai","8":"product_tag-anti-static-tweezers","9":"product_tag-black-friday","10":"product_tag-pincetu-rinkinys","11":"product_tag-sequre","13":"first","14":"instock","15":"taxable","16":"shipping-taxable","17":"purchasable","18":"product-type-simple"},"yoast_head":"<!-- This site is optimized with the Yoast SEO plugin v27.5 - https:\/\/yoast.com\/product\/yoast-seo-wordpress\/ -->\n<title>SEQURE Antistatini\u0173 pincet\u0173 rinkinys, elektronikos remontui ir laid\u0173 litavimui - 1dronas.lt<\/title>\n<meta name=\"robots\" content=\"index, follow, max-snippet:-1, max-image-preview:large, max-video-preview:-1\" \/>\n<link rel=\"canonical\" href=\"https:\/\/1dronas.lt\/en\/produktas\/sequre-auksto-tikslumo-antistatiniu-pincetu-rinkinys-elektronikos-remontui-ir-laidu-litavimui\/\" \/>\n<meta property=\"og:locale\" content=\"en_US\" \/>\n<meta property=\"og:type\" content=\"article\" \/>\n<meta property=\"og:title\" content=\"SEQURE Antistatini\u0173 pincet\u0173 rinkinys, elektronikos remontui ir laid\u0173 litavimui - 1dronas.lt\" \/>\n<meta property=\"og:description\" content=\"Antistati\u0161k\u0173 pincet\u0173 rinkinys, puikiai tinkantis elektronikos remontui ir smulkiems litavimo darbams.  \u00a0\u00a01 \u2013 2 d.d.\" \/>\n<meta property=\"og:url\" content=\"https:\/\/1dronas.lt\/en\/produktas\/sequre-auksto-tikslumo-antistatiniu-pincetu-rinkinys-elektronikos-remontui-ir-laidu-litavimui\/\" \/>\n<meta property=\"og:site_name\" content=\"1dronas.lt\" \/>\n<meta property=\"article:publisher\" content=\"https:\/\/www.facebook.com\/1dronas\/\" \/>\n<meta property=\"article:modified_time\" content=\"2026-05-05T07:40:25+00:00\" \/>\n<meta property=\"og:image\" content=\"https:\/\/1dronas.lt\/wp-content\/uploads\/2025\/11\/2_c8b64c0e-0120-4867-9ede-9d42e5f3c9c0.webp\" \/>\n\t<meta property=\"og:image:width\" content=\"800\" \/>\n\t<meta property=\"og:image:height\" content=\"800\" \/>\n\t<meta property=\"og:image:type\" content=\"image\/webp\" \/>\n<meta name=\"twitter:card\" content=\"summary_large_image\" \/>\n<meta name=\"twitter:label1\" content=\"Est. reading time\" \/>\n\t<meta name=\"twitter:data1\" content=\"3 minutes\" \/>\n<script type=\"application\/ld+json\" class=\"yoast-schema-graph\">{\"@context\":\"https:\\\/\\\/schema.org\",\"@graph\":[{\"@type\":\"WebPage\",\"@id\":\"https:\\\/\\\/1dronas.lt\\\/en\\\/produktas\\\/sequre-auksto-tikslumo-antistatiniu-pincetu-rinkinys-elektronikos-remontui-ir-laidu-litavimui\\\/\",\"url\":\"https:\\\/\\\/1dronas.lt\\\/en\\\/produktas\\\/sequre-auksto-tikslumo-antistatiniu-pincetu-rinkinys-elektronikos-remontui-ir-laidu-litavimui\\\/\",\"name\":\"SEQURE Antistatini\u0173 pincet\u0173 rinkinys, elektronikos remontui ir laid\u0173 litavimui - 1dronas.lt\",\"isPartOf\":{\"@id\":\"https:\\\/\\\/1dronas.lt\\\/en\\\/#website\"},\"primaryImageOfPage\":{\"@id\":\"https:\\\/\\\/1dronas.lt\\\/en\\\/produktas\\\/sequre-auksto-tikslumo-antistatiniu-pincetu-rinkinys-elektronikos-remontui-ir-laidu-litavimui\\\/#primaryimage\"},\"image\":{\"@id\":\"https:\\\/\\\/1dronas.lt\\\/en\\\/produktas\\\/sequre-auksto-tikslumo-antistatiniu-pincetu-rinkinys-elektronikos-remontui-ir-laidu-litavimui\\\/#primaryimage\"},\"thumbnailUrl\":\"https:\\\/\\\/1dronas.lt\\\/wp-content\\\/uploads\\\/2025\\\/11\\\/2_c8b64c0e-0120-4867-9ede-9d42e5f3c9c0.webp\",\"datePublished\":\"2025-11-14T10:27:06+00:00\",\"dateModified\":\"2026-05-05T07:40:25+00:00\",\"breadcrumb\":{\"@id\":\"https:\\\/\\\/1dronas.lt\\\/en\\\/produktas\\\/sequre-auksto-tikslumo-antistatiniu-pincetu-rinkinys-elektronikos-remontui-ir-laidu-litavimui\\\/#breadcrumb\"},\"inLanguage\":\"en-US\",\"potentialAction\":[{\"@type\":\"ReadAction\",\"target\":[\"https:\\\/\\\/1dronas.lt\\\/en\\\/produktas\\\/sequre-auksto-tikslumo-antistatiniu-pincetu-rinkinys-elektronikos-remontui-ir-laidu-litavimui\\\/\"]}]},{\"@type\":\"ImageObject\",\"inLanguage\":\"en-US\",\"@id\":\"https:\\\/\\\/1dronas.lt\\\/en\\\/produktas\\\/sequre-auksto-tikslumo-antistatiniu-pincetu-rinkinys-elektronikos-remontui-ir-laidu-litavimui\\\/#primaryimage\",\"url\":\"https:\\\/\\\/1dronas.lt\\\/wp-content\\\/uploads\\\/2025\\\/11\\\/2_c8b64c0e-0120-4867-9ede-9d42e5f3c9c0.webp\",\"contentUrl\":\"https:\\\/\\\/1dronas.lt\\\/wp-content\\\/uploads\\\/2025\\\/11\\\/2_c8b64c0e-0120-4867-9ede-9d42e5f3c9c0.webp\",\"width\":800,\"height\":800},{\"@type\":\"BreadcrumbList\",\"@id\":\"https:\\\/\\\/1dronas.lt\\\/en\\\/produktas\\\/sequre-auksto-tikslumo-antistatiniu-pincetu-rinkinys-elektronikos-remontui-ir-laidu-litavimui\\\/#breadcrumb\",\"itemListElement\":[{\"@type\":\"ListItem\",\"position\":1,\"name\":\"Home\",\"item\":\"https:\\\/\\\/1dronas.lt\\\/\"},{\"@type\":\"ListItem\",\"position\":2,\"name\":\"Parduotuv\u0117\",\"item\":\"https:\\\/\\\/1dronas.lt\\\/parduotuve\\\/\"},{\"@type\":\"ListItem\",\"position\":3,\"name\":\"SEQURE Antistatini\u0173 pincet\u0173 rinkinys, elektronikos remontui ir laid\u0173 litavimui\"}]},{\"@type\":\"WebSite\",\"@id\":\"https:\\\/\\\/1dronas.lt\\\/en\\\/#website\",\"url\":\"https:\\\/\\\/1dronas.lt\\\/en\\\/\",\"name\":\"1dronas.lt\",\"description\":\"Internetin\u0117 parduotuv\u0117\",\"publisher\":{\"@id\":\"https:\\\/\\\/1dronas.lt\\\/en\\\/#organization\"},\"potentialAction\":[{\"@type\":\"SearchAction\",\"target\":{\"@type\":\"EntryPoint\",\"urlTemplate\":\"https:\\\/\\\/1dronas.lt\\\/en\\\/?s={search_term_string}\"},\"query-input\":{\"@type\":\"PropertyValueSpecification\",\"valueRequired\":true,\"valueName\":\"search_term_string\"}}],\"inLanguage\":\"en-US\"},{\"@type\":\"Organization\",\"@id\":\"https:\\\/\\\/1dronas.lt\\\/en\\\/#organization\",\"name\":\"1dronas.lt\",\"url\":\"https:\\\/\\\/1dronas.lt\\\/en\\\/\",\"logo\":{\"@type\":\"ImageObject\",\"inLanguage\":\"en-US\",\"@id\":\"https:\\\/\\\/1dronas.lt\\\/en\\\/#\\\/schema\\\/logo\\\/image\\\/\",\"url\":\"https:\\\/\\\/1dronas.lt\\\/wp-content\\\/uploads\\\/2020\\\/12\\\/Ekrano_kopija__2_-removebg-preview-1-1.png\",\"contentUrl\":\"https:\\\/\\\/1dronas.lt\\\/wp-content\\\/uploads\\\/2020\\\/12\\\/Ekrano_kopija__2_-removebg-preview-1-1.png\",\"width\":234,\"height\":81,\"caption\":\"1dronas.lt\"},\"image\":{\"@id\":\"https:\\\/\\\/1dronas.lt\\\/en\\\/#\\\/schema\\\/logo\\\/image\\\/\"},\"sameAs\":[\"https:\\\/\\\/www.facebook.com\\\/1dronas\\\/\"]}]}<\/script>\n<!-- \/ Yoast SEO plugin. -->","yoast_head_json":{"title":"SEQURE Antistatini\u0173 pincet\u0173 rinkinys, elektronikos remontui ir laid\u0173 litavimui - 1dronas.lt","robots":{"index":"index","follow":"follow","max-snippet":"max-snippet:-1","max-image-preview":"max-image-preview:large","max-video-preview":"max-video-preview:-1"},"canonical":"https:\/\/1dronas.lt\/en\/produktas\/sequre-auksto-tikslumo-antistatiniu-pincetu-rinkinys-elektronikos-remontui-ir-laidu-litavimui\/","og_locale":"en_US","og_type":"article","og_title":"SEQURE Antistatini\u0173 pincet\u0173 rinkinys, elektronikos remontui ir laid\u0173 litavimui - 1dronas.lt","og_description":"Antistati\u0161k\u0173 pincet\u0173 rinkinys, puikiai tinkantis elektronikos remontui ir smulkiems litavimo darbams.  \u00a0\u00a01 \u2013 2 d.d.","og_url":"https:\/\/1dronas.lt\/en\/produktas\/sequre-auksto-tikslumo-antistatiniu-pincetu-rinkinys-elektronikos-remontui-ir-laidu-litavimui\/","og_site_name":"1dronas.lt","article_publisher":"https:\/\/www.facebook.com\/1dronas\/","article_modified_time":"2026-05-05T07:40:25+00:00","og_image":[{"width":800,"height":800,"url":"https:\/\/1dronas.lt\/wp-content\/uploads\/2025\/11\/2_c8b64c0e-0120-4867-9ede-9d42e5f3c9c0.webp","type":"image\/webp"}],"twitter_card":"summary_large_image","twitter_misc":{"Est. reading time":"3 minutes"},"schema":{"@context":"https:\/\/schema.org","@graph":[{"@type":"WebPage","@id":"https:\/\/1dronas.lt\/en\/produktas\/sequre-auksto-tikslumo-antistatiniu-pincetu-rinkinys-elektronikos-remontui-ir-laidu-litavimui\/","url":"https:\/\/1dronas.lt\/en\/produktas\/sequre-auksto-tikslumo-antistatiniu-pincetu-rinkinys-elektronikos-remontui-ir-laidu-litavimui\/","name":"SEQURE Antistatini\u0173 pincet\u0173 rinkinys, elektronikos remontui ir laid\u0173 litavimui - 1dronas.lt","isPartOf":{"@id":"https:\/\/1dronas.lt\/en\/#website"},"primaryImageOfPage":{"@id":"https:\/\/1dronas.lt\/en\/produktas\/sequre-auksto-tikslumo-antistatiniu-pincetu-rinkinys-elektronikos-remontui-ir-laidu-litavimui\/#primaryimage"},"image":{"@id":"https:\/\/1dronas.lt\/en\/produktas\/sequre-auksto-tikslumo-antistatiniu-pincetu-rinkinys-elektronikos-remontui-ir-laidu-litavimui\/#primaryimage"},"thumbnailUrl":"https:\/\/1dronas.lt\/wp-content\/uploads\/2025\/11\/2_c8b64c0e-0120-4867-9ede-9d42e5f3c9c0.webp","datePublished":"2025-11-14T10:27:06+00:00","dateModified":"2026-05-05T07:40:25+00:00","breadcrumb":{"@id":"https:\/\/1dronas.lt\/en\/produktas\/sequre-auksto-tikslumo-antistatiniu-pincetu-rinkinys-elektronikos-remontui-ir-laidu-litavimui\/#breadcrumb"},"inLanguage":"en-US","potentialAction":[{"@type":"ReadAction","target":["https:\/\/1dronas.lt\/en\/produktas\/sequre-auksto-tikslumo-antistatiniu-pincetu-rinkinys-elektronikos-remontui-ir-laidu-litavimui\/"]}]},{"@type":"ImageObject","inLanguage":"en-US","@id":"https:\/\/1dronas.lt\/en\/produktas\/sequre-auksto-tikslumo-antistatiniu-pincetu-rinkinys-elektronikos-remontui-ir-laidu-litavimui\/#primaryimage","url":"https:\/\/1dronas.lt\/wp-content\/uploads\/2025\/11\/2_c8b64c0e-0120-4867-9ede-9d42e5f3c9c0.webp","contentUrl":"https:\/\/1dronas.lt\/wp-content\/uploads\/2025\/11\/2_c8b64c0e-0120-4867-9ede-9d42e5f3c9c0.webp","width":800,"height":800},{"@type":"BreadcrumbList","@id":"https:\/\/1dronas.lt\/en\/produktas\/sequre-auksto-tikslumo-antistatiniu-pincetu-rinkinys-elektronikos-remontui-ir-laidu-litavimui\/#breadcrumb","itemListElement":[{"@type":"ListItem","position":1,"name":"Home","item":"https:\/\/1dronas.lt\/"},{"@type":"ListItem","position":2,"name":"Parduotuv\u0117","item":"https:\/\/1dronas.lt\/parduotuve\/"},{"@type":"ListItem","position":3,"name":"SEQURE Antistatini\u0173 pincet\u0173 rinkinys, elektronikos remontui ir laid\u0173 litavimui"}]},{"@type":"WebSite","@id":"https:\/\/1dronas.lt\/en\/#website","url":"https:\/\/1dronas.lt\/en\/","name":"1dronas.lt","description":"Online store","publisher":{"@id":"https:\/\/1dronas.lt\/en\/#organization"},"potentialAction":[{"@type":"SearchAction","target":{"@type":"EntryPoint","urlTemplate":"https:\/\/1dronas.lt\/en\/?s={search_term_string}"},"query-input":{"@type":"PropertyValueSpecification","valueRequired":true,"valueName":"search_term_string"}}],"inLanguage":"en-US"},{"@type":"Organization","@id":"https:\/\/1dronas.lt\/en\/#organization","name":"1dronas.lt","url":"https:\/\/1dronas.lt\/en\/","logo":{"@type":"ImageObject","inLanguage":"en-US","@id":"https:\/\/1dronas.lt\/en\/#\/schema\/logo\/image\/","url":"https:\/\/1dronas.lt\/wp-content\/uploads\/2020\/12\/Ekrano_kopija__2_-removebg-preview-1-1.png","contentUrl":"https:\/\/1dronas.lt\/wp-content\/uploads\/2020\/12\/Ekrano_kopija__2_-removebg-preview-1-1.png","width":234,"height":81,"caption":"1dronas.lt"},"image":{"@id":"https:\/\/1dronas.lt\/en\/#\/schema\/logo\/image\/"},"sameAs":["https:\/\/www.facebook.com\/1dronas\/"]}]}},"jetpack_sharing_enabled":true,"_links":{"self":[{"href":"https:\/\/1dronas.lt\/en\/wp-json\/wp\/v2\/product\/12771","targetHints":{"allow":["GET"]}}],"collection":[{"href":"https:\/\/1dronas.lt\/en\/wp-json\/wp\/v2\/product"}],"about":[{"href":"https:\/\/1dronas.lt\/en\/wp-json\/wp\/v2\/types\/product"}],"replies":[{"embeddable":true,"href":"https:\/\/1dronas.lt\/en\/wp-json\/wp\/v2\/comments?post=12771"}],"wp:featuredmedia":[{"embeddable":true,"href":"https:\/\/1dronas.lt\/en\/wp-json\/wp\/v2\/media\/12781"}],"wp:attachment":[{"href":"https:\/\/1dronas.lt\/en\/wp-json\/wp\/v2\/media?parent=12771"}],"wp:term":[{"taxonomy":"product_brand","embeddable":true,"href":"https:\/\/1dronas.lt\/en\/wp-json\/wp\/v2\/product_brand?post=12771"},{"taxonomy":"product_cat","embeddable":true,"href":"https:\/\/1dronas.lt\/en\/wp-json\/wp\/v2\/product_cat?post=12771"},{"taxonomy":"product_tag","embeddable":true,"href":"https:\/\/1dronas.lt\/en\/wp-json\/wp\/v2\/product_tag?post=12771"}],"curies":[{"name":"wp","href":"https:\/\/api.w.org\/{rel}","templated":true}]}}