{"id":1266,"date":"2021-02-14T13:19:14","date_gmt":"2021-02-14T13:19:14","guid":{"rendered":"https:\/\/1dronas.lt\/?post_type=product&#038;p=1266"},"modified":"2022-09-18T13:32:10","modified_gmt":"2022-09-18T13:32:10","slug":"betafpv-whoop-racing-advanced-kit-2","status":"publish","type":"product","link":"https:\/\/1dronas.lt\/en\/produktas\/betafpv-whoop-racing-advanced-kit-2\/","title":{"rendered":"BETAFPV Whoop Racing Advanced Kit 2"},"content":{"rendered":"<p><strong>Features:<\/strong><\/p>\n<p><span style=\"font-weight: 400;\"><b>\u2022<\/b><\/span><span style=\"font-weight: 400;\">BETAFPV Advanced Kit 2 is the ultimate RTF kit for beginners and FPV pros who want to practice indoors. The dedicated Meteor75 Lite brushless drone, the amazing LiteRadio 2 SE transmitter, and the VR01 FPV goggles provide an unforgettable flight experience.<\/span><br \/>\n<span style=\"font-weight: 400;\"><b>\u2022<\/b><\/span><span style=\"font-weight: 400;\">\u00a0Manufacturers have redesigned the Meteor75 lite frame to improve the design and quality. The unique design of the Meteor75 lite is the first brushless drone equipped with Lite 1S Brushless FC, supporting the Frsky D8 protocol. The drone is equipped with 1102-18000KV motors and Gemfan 40mm 3-blade propellers, allowing pilots to achieve high speed and power. The BT2.0 connection solves the voltage drop problem of the Ph2.0 connection - now pilots can enjoy 3-4 minutes of flight time using the BT2.0 450mAh 1S battery.<br \/>\n<\/span><strong><span style=\"font-weight: 400;\"><b>\u2022 <\/b><\/span><\/strong><span style=\"font-weight: 400;\">Perhaps the most praised element of the set is the transmitter<\/span><span style=\"font-weight: 400;\">. Convenient to use with built-in 1000mah 1S battery (operating time of a charged remote control up to 8 hours). In addition, the transmitter is paired with the Beta65S lite and ready to fly.<br \/>\n<strong style=\"font-weight: 400;\"><b>\u2022\u00a0<\/b><\/strong>The virtual reality glasses have a 4.3-inch, 800 x 480 pixel HD liquid crystal display, thanks to which you will see an undistorted and bright image that immerses you in virtual reality.<\/span><\/p>\n<p><strong style=\"font-weight: 400;\"><img loading=\"lazy\" decoding=\"async\" class=\"alignnone wp-image-1285 size-full\" src=\"https:\/\/1dronas.lt\/wp-content\/uploads\/2021\/02\/betafpv-advanced-kit-2-7.jpg\" alt=\"\" width=\"1024\" height=\"576\" srcset=\"https:\/\/1dronas.lt\/wp-content\/uploads\/2021\/02\/betafpv-advanced-kit-2-7.jpg 1024w, https:\/\/1dronas.lt\/wp-content\/uploads\/2021\/02\/betafpv-advanced-kit-2-7-300x169.jpg 300w, https:\/\/1dronas.lt\/wp-content\/uploads\/2021\/02\/betafpv-advanced-kit-2-7-768x432.jpg 768w, https:\/\/1dronas.lt\/wp-content\/uploads\/2021\/02\/betafpv-advanced-kit-2-7-18x10.jpg 18w, https:\/\/1dronas.lt\/wp-content\/uploads\/2021\/02\/betafpv-advanced-kit-2-7-510x287.jpg 510w\" sizes=\"auto, (max-width: 1024px) 100vw, 1024px\" \/><\/strong><strong>Specification:<\/strong><\/p>\n<p><strong style=\"font-weight: 400;\"><b>\u2022 <\/b><\/strong>Manufacturer: BETAFPV;<br \/>\n<strong style=\"font-weight: 400;\"><b>\u2022 <\/b><\/strong>Motors: 1102-18000KV brushless;<br \/>\n<strong style=\"font-weight: 400;\"><b>\u2022 <\/b><\/strong>Battery: BT2.0 450mah;<br \/>\n<strong style=\"font-weight: 400;\"><b>\u2022 <\/b><\/strong>Camera: M01 AIO VTX V2.1 600TVL 25mW;<br \/>\n<strong style=\"font-weight: 400;\"><b>\u2022 <\/b><\/strong>PC: BT2.0;<br \/>\n<strong style=\"font-weight: 400;\"><b>\u2022 <\/b><\/strong>ESC: 4-in-1 5A;<br \/>\n<strong style=\"font-weight: 400;\"><b>\u2022 <\/b><\/strong>FC: Lite 1S Brushless (supports frsky D8 protocol);<br \/>\n<strong style=\"font-weight: 400;\"><b>\u2022 <\/b><\/strong>Flight time: 3 \u2013 4 minutes;<br \/>\n<strong style=\"font-weight: 400;\"><b>\u2022 <\/b><\/strong>Transmitter: Frsky D8 MX;<br \/>\n<strong style=\"font-weight: 400;\"><b>\u2022 <\/b><\/strong>Weight: 28.8g.<\/p>\n<p><strong style=\"font-weight: 400;\"><img loading=\"lazy\" decoding=\"async\" class=\"alignnone wp-image-1283 size-full\" src=\"https:\/\/1dronas.lt\/wp-content\/uploads\/2021\/02\/betafpv-advanced-kit-2-5.jpg\" alt=\"\" width=\"1024\" height=\"576\" srcset=\"https:\/\/1dronas.lt\/wp-content\/uploads\/2021\/02\/betafpv-advanced-kit-2-5.jpg 1024w, https:\/\/1dronas.lt\/wp-content\/uploads\/2021\/02\/betafpv-advanced-kit-2-5-300x169.jpg 300w, https:\/\/1dronas.lt\/wp-content\/uploads\/2021\/02\/betafpv-advanced-kit-2-5-768x432.jpg 768w, https:\/\/1dronas.lt\/wp-content\/uploads\/2021\/02\/betafpv-advanced-kit-2-5-18x10.jpg 18w, https:\/\/1dronas.lt\/wp-content\/uploads\/2021\/02\/betafpv-advanced-kit-2-5-510x287.jpg 510w\" sizes=\"auto, (max-width: 1024px) 100vw, 1024px\" \/><\/strong><strong>Package:<\/strong><\/p>\n<p>1x drone;<br \/>\n1x remote control;<br \/>\n1x C-connector adapter;<br \/>\n1x glasses;<br \/>\n4x spare propellers;<br \/>\n1x USB charging cable;<br \/>\n2x 5.8G antennas;<br \/>\n1x BT2.0 charger\/tester;<br \/>\n2x BT2.0 450mAh batteries;<br \/>\n1x propeller removal tool;<br \/>\n1x user manual;<br \/>\n1x bag.<\/p>\n<p><span style=\"color: #333333;\"><strong>Note:<\/strong><\/span><\/p>\n<p><span style=\"color: #333333;\"><span style=\"font-weight: 400;\">\u2022 <em>Before flying, check if the frame is deformed, first adjust the frame to its normal shape. Make sure that the propellers will not scratch the frame and the motors can rotate smoothly.<\/em><strong><em>.<\/em><\/strong><br \/>\n<\/span><span style=\"font-weight: 400;\">\u2022 <\/span><em>If the drone falls or the propellers get caught in something, immediately press the SA switch on the radio transmitter.<\/em><\/span><\/p>\n<p><img loading=\"lazy\" decoding=\"async\" class=\"alignnone wp-image-1286 size-full\" src=\"https:\/\/1dronas.lt\/wp-content\/uploads\/2021\/02\/112778447.jpg\" alt=\"\" width=\"480\" height=\"320\" srcset=\"https:\/\/1dronas.lt\/wp-content\/uploads\/2021\/02\/112778447.jpg 480w, https:\/\/1dronas.lt\/wp-content\/uploads\/2021\/02\/112778447-300x200.jpg 300w, https:\/\/1dronas.lt\/wp-content\/uploads\/2021\/02\/112778447-18x12.jpg 18w\" sizes=\"auto, (max-width: 480px) 100vw, 480px\" \/><\/p>","protected":false},"excerpt":{"rendered":"<p><span style=\"color: #333333;\"><strong><span style=\"font-weight: 400;\">BETAFPV Advanced Kit 2 is the ultimate RTF kit for beginners and FPV pros who want to practice indoors. The dedicated Meteor75 Lite brushless drone, the amazing LiteRadio 2 SE transmitter, and the VR01 FPV goggles provide an unforgettable flight experience.<br \/>\n<\/span><\/strong><\/span><\/p>\n<h4><span style=\"color: #000000;\"><strong><img loading=\"lazy\" decoding=\"async\" class=\"alignnone wp-image-1806\" src=\"https:\/\/1dronas.lt\/wp-content\/uploads\/2021\/05\/delivery-icon.png\" alt=\"\" width=\"24\" height=\"24\" srcset=\"https:\/\/1dronas.lt\/wp-content\/uploads\/2021\/05\/delivery-icon.png 35w, https:\/\/1dronas.lt\/wp-content\/uploads\/2021\/05\/delivery-icon-12x12.png 12w\" sizes=\"auto, (max-width: 24px) 100vw, 24px\" \/>\u00a0 \u00a0<span style=\"font-size: 90%;\">1 \u2013 4 days<\/span><\/strong><\/span><\/h4>","protected":false},"featured_media":1278,"comment_status":"closed","ping_status":"closed","template":"","meta":[],"product_brand":[],"product_cat":[63,104],"product_tag":[69,18,67,70,71],"class_list":{"0":"post-1266","1":"product","2":"type-product","3":"status-publish","4":"has-post-thumbnail","6":"product_cat-fpv-rinkiniai","7":"product_cat-orlaiviai","8":"product_tag-betafpv","9":"product_tag-dronai","10":"product_tag-fpv-lenktyniniai-rinkiniai","11":"product_tag-pradziamoksliui","12":"product_tag-profesionalui","14":"first","15":"outofstock","16":"featured","17":"purchasable","18":"product-type-simple"},"yoast_head":"<!-- This site is optimized with the Yoast SEO plugin v27.4 - https:\/\/yoast.com\/product\/yoast-seo-wordpress\/ -->\n<title>BETAFPV Whoop Racing Advanced Kit 2 - 1dronas.lt<\/title>\n<meta name=\"robots\" content=\"index, follow, max-snippet:-1, max-image-preview:large, max-video-preview:-1\" \/>\n<link rel=\"canonical\" href=\"https:\/\/1dronas.lt\/en\/produktas\/betafpv-whoop-racing-advanced-kit-2\/\" \/>\n<meta property=\"og:locale\" content=\"en_US\" \/>\n<meta property=\"og:type\" content=\"article\" \/>\n<meta property=\"og:title\" content=\"BETAFPV Whoop Racing Advanced Kit 2 - 1dronas.lt\" \/>\n<meta property=\"og:description\" content=\"BETAFPV Advanced Kit 2\u201c - geriausias RTF rinkinys, skirtas pradedan\u010diajam, taip pat FPV profesionalams, norintiems praktikuotis patalpose. Specialus \u201eMeteor75 Lite\u201c be\u0161epet\u0117linis dronas, nepaprastas \u201eLiteRadio 2 SE\u201c si\u0173stuvas ir \u201eVR01 FPV\u201c akiniai, suteikia nepamir\u0161tam\u0105 skryd\u017eio patirt\u012f.  \u00a0 \u00a01 - 4 d. d.\" \/>\n<meta property=\"og:url\" content=\"https:\/\/1dronas.lt\/en\/produktas\/betafpv-whoop-racing-advanced-kit-2\/\" \/>\n<meta property=\"og:site_name\" content=\"1dronas.lt\" \/>\n<meta property=\"article:publisher\" content=\"https:\/\/www.facebook.com\/1dronas\/\" \/>\n<meta property=\"article:modified_time\" content=\"2022-09-18T13:32:10+00:00\" \/>\n<meta property=\"og:image\" content=\"https:\/\/1dronas.lt\/wp-content\/uploads\/2021\/02\/betafpv-advanced-kit-2.jpg\" \/>\n\t<meta property=\"og:image:width\" content=\"720\" \/>\n\t<meta property=\"og:image:height\" content=\"720\" \/>\n\t<meta property=\"og:image:type\" content=\"image\/jpeg\" \/>\n<meta name=\"twitter:card\" content=\"summary_large_image\" \/>\n<meta name=\"twitter:label1\" content=\"Est. reading time\" \/>\n\t<meta name=\"twitter:data1\" content=\"2 minutes\" \/>\n<script type=\"application\/ld+json\" class=\"yoast-schema-graph\">{\"@context\":\"https:\\\/\\\/schema.org\",\"@graph\":[{\"@type\":\"WebPage\",\"@id\":\"https:\\\/\\\/1dronas.lt\\\/en\\\/produktas\\\/betafpv-whoop-racing-advanced-kit-2\\\/\",\"url\":\"https:\\\/\\\/1dronas.lt\\\/en\\\/produktas\\\/betafpv-whoop-racing-advanced-kit-2\\\/\",\"name\":\"BETAFPV Whoop Racing Advanced Kit 2 - 1dronas.lt\",\"isPartOf\":{\"@id\":\"https:\\\/\\\/1dronas.lt\\\/en\\\/#website\"},\"primaryImageOfPage\":{\"@id\":\"https:\\\/\\\/1dronas.lt\\\/en\\\/produktas\\\/betafpv-whoop-racing-advanced-kit-2\\\/#primaryimage\"},\"image\":{\"@id\":\"https:\\\/\\\/1dronas.lt\\\/en\\\/produktas\\\/betafpv-whoop-racing-advanced-kit-2\\\/#primaryimage\"},\"thumbnailUrl\":\"https:\\\/\\\/1dronas.lt\\\/wp-content\\\/uploads\\\/2021\\\/02\\\/betafpv-advanced-kit-2.jpg\",\"datePublished\":\"2021-02-14T13:19:14+00:00\",\"dateModified\":\"2022-09-18T13:32:10+00:00\",\"breadcrumb\":{\"@id\":\"https:\\\/\\\/1dronas.lt\\\/en\\\/produktas\\\/betafpv-whoop-racing-advanced-kit-2\\\/#breadcrumb\"},\"inLanguage\":\"en-US\",\"potentialAction\":[{\"@type\":\"ReadAction\",\"target\":[\"https:\\\/\\\/1dronas.lt\\\/en\\\/produktas\\\/betafpv-whoop-racing-advanced-kit-2\\\/\"]}]},{\"@type\":\"ImageObject\",\"inLanguage\":\"en-US\",\"@id\":\"https:\\\/\\\/1dronas.lt\\\/en\\\/produktas\\\/betafpv-whoop-racing-advanced-kit-2\\\/#primaryimage\",\"url\":\"https:\\\/\\\/1dronas.lt\\\/wp-content\\\/uploads\\\/2021\\\/02\\\/betafpv-advanced-kit-2.jpg\",\"contentUrl\":\"https:\\\/\\\/1dronas.lt\\\/wp-content\\\/uploads\\\/2021\\\/02\\\/betafpv-advanced-kit-2.jpg\",\"width\":720,\"height\":720,\"caption\":\"FPV rinkinys\"},{\"@type\":\"BreadcrumbList\",\"@id\":\"https:\\\/\\\/1dronas.lt\\\/en\\\/produktas\\\/betafpv-whoop-racing-advanced-kit-2\\\/#breadcrumb\",\"itemListElement\":[{\"@type\":\"ListItem\",\"position\":1,\"name\":\"Home\",\"item\":\"https:\\\/\\\/1dronas.lt\\\/\"},{\"@type\":\"ListItem\",\"position\":2,\"name\":\"Parduotuv\u0117\",\"item\":\"https:\\\/\\\/1dronas.lt\\\/parduotuve\\\/\"},{\"@type\":\"ListItem\",\"position\":3,\"name\":\"BETAFPV Whoop Racing Advanced Kit 2\"}]},{\"@type\":\"WebSite\",\"@id\":\"https:\\\/\\\/1dronas.lt\\\/en\\\/#website\",\"url\":\"https:\\\/\\\/1dronas.lt\\\/en\\\/\",\"name\":\"1dronas.lt\",\"description\":\"Internetin\u0117 parduotuv\u0117\",\"publisher\":{\"@id\":\"https:\\\/\\\/1dronas.lt\\\/en\\\/#organization\"},\"potentialAction\":[{\"@type\":\"SearchAction\",\"target\":{\"@type\":\"EntryPoint\",\"urlTemplate\":\"https:\\\/\\\/1dronas.lt\\\/en\\\/?s={search_term_string}\"},\"query-input\":{\"@type\":\"PropertyValueSpecification\",\"valueRequired\":true,\"valueName\":\"search_term_string\"}}],\"inLanguage\":\"en-US\"},{\"@type\":\"Organization\",\"@id\":\"https:\\\/\\\/1dronas.lt\\\/en\\\/#organization\",\"name\":\"1dronas.lt\",\"url\":\"https:\\\/\\\/1dronas.lt\\\/en\\\/\",\"logo\":{\"@type\":\"ImageObject\",\"inLanguage\":\"en-US\",\"@id\":\"https:\\\/\\\/1dronas.lt\\\/en\\\/#\\\/schema\\\/logo\\\/image\\\/\",\"url\":\"https:\\\/\\\/1dronas.lt\\\/wp-content\\\/uploads\\\/2020\\\/12\\\/Ekrano_kopija__2_-removebg-preview-1-1.png\",\"contentUrl\":\"https:\\\/\\\/1dronas.lt\\\/wp-content\\\/uploads\\\/2020\\\/12\\\/Ekrano_kopija__2_-removebg-preview-1-1.png\",\"width\":234,\"height\":81,\"caption\":\"1dronas.lt\"},\"image\":{\"@id\":\"https:\\\/\\\/1dronas.lt\\\/en\\\/#\\\/schema\\\/logo\\\/image\\\/\"},\"sameAs\":[\"https:\\\/\\\/www.facebook.com\\\/1dronas\\\/\"]}]}<\/script>\n<!-- \/ Yoast SEO plugin. -->","yoast_head_json":{"title":"BETAFPV Whoop Racing Advanced Kit 2 - 1dronas.lt","robots":{"index":"index","follow":"follow","max-snippet":"max-snippet:-1","max-image-preview":"max-image-preview:large","max-video-preview":"max-video-preview:-1"},"canonical":"https:\/\/1dronas.lt\/en\/produktas\/betafpv-whoop-racing-advanced-kit-2\/","og_locale":"en_US","og_type":"article","og_title":"BETAFPV Whoop Racing Advanced Kit 2 - 1dronas.lt","og_description":"BETAFPV Advanced Kit 2\u201c - geriausias RTF rinkinys, skirtas pradedan\u010diajam, taip pat FPV profesionalams, norintiems praktikuotis patalpose. Specialus \u201eMeteor75 Lite\u201c be\u0161epet\u0117linis dronas, nepaprastas \u201eLiteRadio 2 SE\u201c si\u0173stuvas ir \u201eVR01 FPV\u201c akiniai, suteikia nepamir\u0161tam\u0105 skryd\u017eio patirt\u012f.  \u00a0 \u00a01 - 4 d. d.","og_url":"https:\/\/1dronas.lt\/en\/produktas\/betafpv-whoop-racing-advanced-kit-2\/","og_site_name":"1dronas.lt","article_publisher":"https:\/\/www.facebook.com\/1dronas\/","article_modified_time":"2022-09-18T13:32:10+00:00","og_image":[{"width":720,"height":720,"url":"https:\/\/1dronas.lt\/wp-content\/uploads\/2021\/02\/betafpv-advanced-kit-2.jpg","type":"image\/jpeg"}],"twitter_card":"summary_large_image","twitter_misc":{"Est. reading time":"2 minutes"},"schema":{"@context":"https:\/\/schema.org","@graph":[{"@type":"WebPage","@id":"https:\/\/1dronas.lt\/en\/produktas\/betafpv-whoop-racing-advanced-kit-2\/","url":"https:\/\/1dronas.lt\/en\/produktas\/betafpv-whoop-racing-advanced-kit-2\/","name":"BETAFPV Whoop Racing Advanced Kit 2 - 1dronas.lt","isPartOf":{"@id":"https:\/\/1dronas.lt\/en\/#website"},"primaryImageOfPage":{"@id":"https:\/\/1dronas.lt\/en\/produktas\/betafpv-whoop-racing-advanced-kit-2\/#primaryimage"},"image":{"@id":"https:\/\/1dronas.lt\/en\/produktas\/betafpv-whoop-racing-advanced-kit-2\/#primaryimage"},"thumbnailUrl":"https:\/\/1dronas.lt\/wp-content\/uploads\/2021\/02\/betafpv-advanced-kit-2.jpg","datePublished":"2021-02-14T13:19:14+00:00","dateModified":"2022-09-18T13:32:10+00:00","breadcrumb":{"@id":"https:\/\/1dronas.lt\/en\/produktas\/betafpv-whoop-racing-advanced-kit-2\/#breadcrumb"},"inLanguage":"en-US","potentialAction":[{"@type":"ReadAction","target":["https:\/\/1dronas.lt\/en\/produktas\/betafpv-whoop-racing-advanced-kit-2\/"]}]},{"@type":"ImageObject","inLanguage":"en-US","@id":"https:\/\/1dronas.lt\/en\/produktas\/betafpv-whoop-racing-advanced-kit-2\/#primaryimage","url":"https:\/\/1dronas.lt\/wp-content\/uploads\/2021\/02\/betafpv-advanced-kit-2.jpg","contentUrl":"https:\/\/1dronas.lt\/wp-content\/uploads\/2021\/02\/betafpv-advanced-kit-2.jpg","width":720,"height":720,"caption":"FPV rinkinys"},{"@type":"BreadcrumbList","@id":"https:\/\/1dronas.lt\/en\/produktas\/betafpv-whoop-racing-advanced-kit-2\/#breadcrumb","itemListElement":[{"@type":"ListItem","position":1,"name":"Home","item":"https:\/\/1dronas.lt\/"},{"@type":"ListItem","position":2,"name":"Parduotuv\u0117","item":"https:\/\/1dronas.lt\/parduotuve\/"},{"@type":"ListItem","position":3,"name":"BETAFPV Whoop Racing Advanced Kit 2"}]},{"@type":"WebSite","@id":"https:\/\/1dronas.lt\/en\/#website","url":"https:\/\/1dronas.lt\/en\/","name":"1dronas.lt","description":"Online store","publisher":{"@id":"https:\/\/1dronas.lt\/en\/#organization"},"potentialAction":[{"@type":"SearchAction","target":{"@type":"EntryPoint","urlTemplate":"https:\/\/1dronas.lt\/en\/?s={search_term_string}"},"query-input":{"@type":"PropertyValueSpecification","valueRequired":true,"valueName":"search_term_string"}}],"inLanguage":"en-US"},{"@type":"Organization","@id":"https:\/\/1dronas.lt\/en\/#organization","name":"1dronas.lt","url":"https:\/\/1dronas.lt\/en\/","logo":{"@type":"ImageObject","inLanguage":"en-US","@id":"https:\/\/1dronas.lt\/en\/#\/schema\/logo\/image\/","url":"https:\/\/1dronas.lt\/wp-content\/uploads\/2020\/12\/Ekrano_kopija__2_-removebg-preview-1-1.png","contentUrl":"https:\/\/1dronas.lt\/wp-content\/uploads\/2020\/12\/Ekrano_kopija__2_-removebg-preview-1-1.png","width":234,"height":81,"caption":"1dronas.lt"},"image":{"@id":"https:\/\/1dronas.lt\/en\/#\/schema\/logo\/image\/"},"sameAs":["https:\/\/www.facebook.com\/1dronas\/"]}]}},"jetpack_sharing_enabled":true,"_links":{"self":[{"href":"https:\/\/1dronas.lt\/en\/wp-json\/wp\/v2\/product\/1266","targetHints":{"allow":["GET"]}}],"collection":[{"href":"https:\/\/1dronas.lt\/en\/wp-json\/wp\/v2\/product"}],"about":[{"href":"https:\/\/1dronas.lt\/en\/wp-json\/wp\/v2\/types\/product"}],"replies":[{"embeddable":true,"href":"https:\/\/1dronas.lt\/en\/wp-json\/wp\/v2\/comments?post=1266"}],"wp:featuredmedia":[{"embeddable":true,"href":"https:\/\/1dronas.lt\/en\/wp-json\/wp\/v2\/media\/1278"}],"wp:attachment":[{"href":"https:\/\/1dronas.lt\/en\/wp-json\/wp\/v2\/media?parent=1266"}],"wp:term":[{"taxonomy":"product_brand","embeddable":true,"href":"https:\/\/1dronas.lt\/en\/wp-json\/wp\/v2\/product_brand?post=1266"},{"taxonomy":"product_cat","embeddable":true,"href":"https:\/\/1dronas.lt\/en\/wp-json\/wp\/v2\/product_cat?post=1266"},{"taxonomy":"product_tag","embeddable":true,"href":"https:\/\/1dronas.lt\/en\/wp-json\/wp\/v2\/product_tag?post=1266"}],"curies":[{"name":"wp","href":"https:\/\/api.w.org\/{rel}","templated":true}]}}