{"id":12648,"date":"2025-11-06T11:59:52","date_gmt":"2025-11-06T09:59:52","guid":{"rendered":"https:\/\/1dronas.lt\/?post_type=product&#038;p=12648"},"modified":"2026-03-10T09:55:41","modified_gmt":"2026-03-10T07:55:41","slug":"sequre-es666-ismanus-elektrinis-atsuktuvas-30-antgaliu","status":"publish","type":"product","link":"https:\/\/1dronas.lt\/en\/produktas\/sequre-es666-ismanus-elektrinis-atsuktuvas-30-antgaliu\/","title":{"rendered":"SEQURE ES666 smart electric screwdriver + 30 bits"},"content":{"rendered":"<p><iframe loading=\"lazy\" title=\"A low cost Electric Screwdriver for the RC Hobby - Sequre ES555 &amp; ES666\" width=\"1020\" height=\"574\" src=\"https:\/\/www.youtube.com\/embed\/uuuWAND3B8k?start=33&#038;feature=oembed\" frameborder=\"0\" allow=\"accelerometer; autoplay; clipboard-write; encrypted-media; gyroscope; picture-in-picture; web-share\" referrerpolicy=\"strict-origin-when-cross-origin\" allowfullscreen><\/iframe><\/p>\n<p>ES666 \u2013 a smart electric screwdriver for everyday and precise work. ES666 is a compact, multifunctional electric screwdriver designed for convenient and precise repair of small devices.<\/p>\n<p><strong>Features:<\/strong><\/p>\n<p>\u2022 3 operating modes: sensing, fixed and automatic.<br \/>\n\u2022 The screwdriver automatically senses rotation and stops when the screw is properly tightened \u2013 anti-rotation protection.<br \/>\n\u2022 OLED display allows you to conveniently view settings and select language (Chinese, English, Russian).<br \/>\n\u2022 Shadow-free LED front lighting \u2013 comfortable to work even in low light conditions.<br \/>\n\u2022 Sturdy metal body with non-slip strips ensures comfortable and secure storage.<br \/>\n\u2022 S2 steel magnetic bits are wear-resistant and allow you to easily attract and hold screws.<br \/>\n\u2022 Powerful motor and 600 mAh built-in battery ensure stable and long-lasting operation without frequent charging.<br \/>\n\u2022 The ability to update the software allows you to keep the tool modern and functional.<br \/>\n\u2022 7 torque levels suitable for a variety of tasks \u2013 from delicate electronics work to mechanical assembly tasks.<\/p>\n<p><strong>Specification:<\/strong><\/p>\n<p>\u2022 Model: ES666;<br \/>\n\u2022 Electrical torque: 2.0 kgf.cm \/ 0.2 Nm (max.);<br \/>\n\u2022 Manual torque: 22 kgf.cm \/ 2.2 Nm;<br \/>\n\u2022 Torque gears: 7;<br \/>\n\u2022 Battery capacity: 600 mAh;<br \/>\n\u2022 Idle speed: 250 rpm;<br \/>\n\u2022 Operating time: Idle ~ 4 hours;<br \/>\n\u2022 Charging: Type-C 5V;<br \/>\n\u2022 Bit type: 4 mm hexagon;<br \/>\n\u2022 Display: 128\u00d732 OLED;<br \/>\n\u2022 Front lighting: LED;<br \/>\n\u2022 Operating modes: Sensor, Fixed, Automatic;<br \/>\n\u2022 Software: updates Supported;<br \/>\n\u2022 Device dimensions: 15 \u00d7 16 \u00d7 140 mm;<br \/>\n\u2022 Device weight: 57 g.<\/p>\n<p><strong>Package:<\/strong><\/p>\n<p>1 x SEQURE ES666 Smart Electric Screwdriver + 30 Bits<\/p>\n<p><img loading=\"lazy\" decoding=\"async\" class=\"alignnone wp-image-12650\" src=\"https:\/\/1dronas.lt\/wp-content\/uploads\/2025\/11\/2_ES666Kit_682c88c0-e6b2-4291-beb9-ab554d68f895.webp\" alt=\"\" width=\"463\" height=\"463\" srcset=\"https:\/\/1dronas.lt\/wp-content\/uploads\/2025\/11\/2_ES666Kit_682c88c0-e6b2-4291-beb9-ab554d68f895.webp 800w, https:\/\/1dronas.lt\/wp-content\/uploads\/2025\/11\/2_ES666Kit_682c88c0-e6b2-4291-beb9-ab554d68f895-300x300.webp 300w, https:\/\/1dronas.lt\/wp-content\/uploads\/2025\/11\/2_ES666Kit_682c88c0-e6b2-4291-beb9-ab554d68f895-150x150.webp 150w, https:\/\/1dronas.lt\/wp-content\/uploads\/2025\/11\/2_ES666Kit_682c88c0-e6b2-4291-beb9-ab554d68f895-768x768.webp 768w, https:\/\/1dronas.lt\/wp-content\/uploads\/2025\/11\/2_ES666Kit_682c88c0-e6b2-4291-beb9-ab554d68f895-12x12.webp 12w, https:\/\/1dronas.lt\/wp-content\/uploads\/2025\/11\/2_ES666Kit_682c88c0-e6b2-4291-beb9-ab554d68f895-247x247.webp 247w, https:\/\/1dronas.lt\/wp-content\/uploads\/2025\/11\/2_ES666Kit_682c88c0-e6b2-4291-beb9-ab554d68f895-510x510.webp 510w, https:\/\/1dronas.lt\/wp-content\/uploads\/2025\/11\/2_ES666Kit_682c88c0-e6b2-4291-beb9-ab554d68f895-100x100.webp 100w\" sizes=\"auto, (max-width: 463px) 100vw, 463px\" \/><\/p>\n<p>&nbsp;<\/p>\n<p><img loading=\"lazy\" decoding=\"async\" class=\"alignnone wp-image-12661\" src=\"https:\/\/1dronas.lt\/wp-content\/uploads\/2025\/11\/SmartSomatosensoryRecognitionElectricScrewdriver-11.jpg\" alt=\"\" width=\"700\" height=\"22123\" \/><\/p>","protected":false},"excerpt":{"rendered":"<p><span style=\"color: #333333;\">The powerful motor and 600 mAh integrated battery ensure stable and long-lasting operation without frequent charging.<\/span><\/p>\n<p><span style=\"font-size: 90%; color: #333333;\"><strong><img loading=\"lazy\" decoding=\"async\" class=\"alignnone wp-image-1806\" src=\"https:\/\/1dronas.lt\/wp-content\/uploads\/2021\/05\/delivery-icon.png.webp\" alt=\"\" width=\"24\" height=\"24\" srcset=\"https:\/\/1dronas.lt\/wp-content\/uploads\/2021\/05\/delivery-icon.png 35w, https:\/\/1dronas.lt\/wp-content\/uploads\/2021\/05\/delivery-icon-12x12.png 12w\" sizes=\"auto, (max-width: 24px) 100vw, 24px\" \/>\u00a0 1 \u2013 2 days<\/strong><\/span><\/p>","protected":false},"featured_media":12650,"comment_status":"open","ping_status":"closed","template":"","meta":[],"product_brand":[892],"product_cat":[679],"product_tag":[895,980,894,898,897,896,893],"class_list":{"0":"post-12648","1":"product","2":"type-product","3":"status-publish","4":"has-post-thumbnail","6":"product_brand-sequre","7":"product_cat-irankiai","8":"product_tag-30-antgaliu","9":"product_tag-black-friday","10":"product_tag-elektrinis-atsuktuvas","11":"product_tag-es666","12":"product_tag-ismanus-elektrinis-atsuktuvas","13":"product_tag-rinkinys","14":"product_tag-sequre","16":"first","17":"outofstock","18":"taxable","19":"shipping-taxable","20":"purchasable","21":"product-type-simple"},"yoast_head":"<!-- This site is optimized with the Yoast SEO plugin v27.4 - https:\/\/yoast.com\/product\/yoast-seo-wordpress\/ -->\n<title>SEQURE ES666 i\u0161manus elektrinis atsuktuvas + 30 antgali\u0173 - 1dronas.lt<\/title>\n<meta name=\"robots\" content=\"index, follow, max-snippet:-1, max-image-preview:large, max-video-preview:-1\" \/>\n<link rel=\"canonical\" href=\"https:\/\/1dronas.lt\/en\/produktas\/sequre-es666-ismanus-elektrinis-atsuktuvas-30-antgaliu\/\" \/>\n<meta property=\"og:locale\" content=\"en_US\" \/>\n<meta property=\"og:type\" content=\"article\" \/>\n<meta property=\"og:title\" content=\"SEQURE ES666 i\u0161manus elektrinis atsuktuvas + 30 antgali\u0173 - 1dronas.lt\" \/>\n<meta property=\"og:description\" content=\"Galingas variklis ir 600 mAh integruotas akumuliatorius u\u017etikrina stabil\u0173 ir ilgalaik\u012f darb\u0105 be da\u017eno \u012fkrovimo.  \u00a0 1 \u2013 2 d. d.\" \/>\n<meta property=\"og:url\" content=\"https:\/\/1dronas.lt\/en\/produktas\/sequre-es666-ismanus-elektrinis-atsuktuvas-30-antgaliu\/\" \/>\n<meta property=\"og:site_name\" content=\"1dronas.lt\" \/>\n<meta property=\"article:publisher\" content=\"https:\/\/www.facebook.com\/1dronas\/\" \/>\n<meta property=\"article:modified_time\" content=\"2026-03-10T07:55:41+00:00\" \/>\n<meta property=\"og:image\" content=\"https:\/\/1dronas.lt\/wp-content\/uploads\/2025\/11\/2_ES666Kit_682c88c0-e6b2-4291-beb9-ab554d68f895.webp\" \/>\n\t<meta property=\"og:image:width\" content=\"800\" \/>\n\t<meta property=\"og:image:height\" content=\"800\" \/>\n\t<meta property=\"og:image:type\" content=\"image\/webp\" \/>\n<meta name=\"twitter:card\" content=\"summary_large_image\" \/>\n<meta name=\"twitter:label1\" content=\"Est. reading time\" \/>\n\t<meta name=\"twitter:data1\" content=\"2 minutes\" \/>\n<script type=\"application\/ld+json\" class=\"yoast-schema-graph\">{\"@context\":\"https:\\\/\\\/schema.org\",\"@graph\":[{\"@type\":\"WebPage\",\"@id\":\"https:\\\/\\\/1dronas.lt\\\/en\\\/produktas\\\/sequre-es666-ismanus-elektrinis-atsuktuvas-30-antgaliu\\\/\",\"url\":\"https:\\\/\\\/1dronas.lt\\\/en\\\/produktas\\\/sequre-es666-ismanus-elektrinis-atsuktuvas-30-antgaliu\\\/\",\"name\":\"SEQURE ES666 i\u0161manus elektrinis atsuktuvas + 30 antgali\u0173 - 1dronas.lt\",\"isPartOf\":{\"@id\":\"https:\\\/\\\/1dronas.lt\\\/en\\\/#website\"},\"primaryImageOfPage\":{\"@id\":\"https:\\\/\\\/1dronas.lt\\\/en\\\/produktas\\\/sequre-es666-ismanus-elektrinis-atsuktuvas-30-antgaliu\\\/#primaryimage\"},\"image\":{\"@id\":\"https:\\\/\\\/1dronas.lt\\\/en\\\/produktas\\\/sequre-es666-ismanus-elektrinis-atsuktuvas-30-antgaliu\\\/#primaryimage\"},\"thumbnailUrl\":\"https:\\\/\\\/1dronas.lt\\\/wp-content\\\/uploads\\\/2025\\\/11\\\/2_ES666Kit_682c88c0-e6b2-4291-beb9-ab554d68f895.webp\",\"datePublished\":\"2025-11-06T09:59:52+00:00\",\"dateModified\":\"2026-03-10T07:55:41+00:00\",\"breadcrumb\":{\"@id\":\"https:\\\/\\\/1dronas.lt\\\/en\\\/produktas\\\/sequre-es666-ismanus-elektrinis-atsuktuvas-30-antgaliu\\\/#breadcrumb\"},\"inLanguage\":\"en-US\",\"potentialAction\":[{\"@type\":\"ReadAction\",\"target\":[\"https:\\\/\\\/1dronas.lt\\\/en\\\/produktas\\\/sequre-es666-ismanus-elektrinis-atsuktuvas-30-antgaliu\\\/\"]}]},{\"@type\":\"ImageObject\",\"inLanguage\":\"en-US\",\"@id\":\"https:\\\/\\\/1dronas.lt\\\/en\\\/produktas\\\/sequre-es666-ismanus-elektrinis-atsuktuvas-30-antgaliu\\\/#primaryimage\",\"url\":\"https:\\\/\\\/1dronas.lt\\\/wp-content\\\/uploads\\\/2025\\\/11\\\/2_ES666Kit_682c88c0-e6b2-4291-beb9-ab554d68f895.webp\",\"contentUrl\":\"https:\\\/\\\/1dronas.lt\\\/wp-content\\\/uploads\\\/2025\\\/11\\\/2_ES666Kit_682c88c0-e6b2-4291-beb9-ab554d68f895.webp\",\"width\":800,\"height\":800},{\"@type\":\"BreadcrumbList\",\"@id\":\"https:\\\/\\\/1dronas.lt\\\/en\\\/produktas\\\/sequre-es666-ismanus-elektrinis-atsuktuvas-30-antgaliu\\\/#breadcrumb\",\"itemListElement\":[{\"@type\":\"ListItem\",\"position\":1,\"name\":\"Home\",\"item\":\"https:\\\/\\\/1dronas.lt\\\/\"},{\"@type\":\"ListItem\",\"position\":2,\"name\":\"Parduotuv\u0117\",\"item\":\"https:\\\/\\\/1dronas.lt\\\/parduotuve\\\/\"},{\"@type\":\"ListItem\",\"position\":3,\"name\":\"SEQURE ES666 i\u0161manus elektrinis atsuktuvas + 30 antgali\u0173\"}]},{\"@type\":\"WebSite\",\"@id\":\"https:\\\/\\\/1dronas.lt\\\/en\\\/#website\",\"url\":\"https:\\\/\\\/1dronas.lt\\\/en\\\/\",\"name\":\"1dronas.lt\",\"description\":\"Internetin\u0117 parduotuv\u0117\",\"publisher\":{\"@id\":\"https:\\\/\\\/1dronas.lt\\\/en\\\/#organization\"},\"potentialAction\":[{\"@type\":\"SearchAction\",\"target\":{\"@type\":\"EntryPoint\",\"urlTemplate\":\"https:\\\/\\\/1dronas.lt\\\/en\\\/?s={search_term_string}\"},\"query-input\":{\"@type\":\"PropertyValueSpecification\",\"valueRequired\":true,\"valueName\":\"search_term_string\"}}],\"inLanguage\":\"en-US\"},{\"@type\":\"Organization\",\"@id\":\"https:\\\/\\\/1dronas.lt\\\/en\\\/#organization\",\"name\":\"1dronas.lt\",\"url\":\"https:\\\/\\\/1dronas.lt\\\/en\\\/\",\"logo\":{\"@type\":\"ImageObject\",\"inLanguage\":\"en-US\",\"@id\":\"https:\\\/\\\/1dronas.lt\\\/en\\\/#\\\/schema\\\/logo\\\/image\\\/\",\"url\":\"https:\\\/\\\/1dronas.lt\\\/wp-content\\\/uploads\\\/2020\\\/12\\\/Ekrano_kopija__2_-removebg-preview-1-1.png\",\"contentUrl\":\"https:\\\/\\\/1dronas.lt\\\/wp-content\\\/uploads\\\/2020\\\/12\\\/Ekrano_kopija__2_-removebg-preview-1-1.png\",\"width\":234,\"height\":81,\"caption\":\"1dronas.lt\"},\"image\":{\"@id\":\"https:\\\/\\\/1dronas.lt\\\/en\\\/#\\\/schema\\\/logo\\\/image\\\/\"},\"sameAs\":[\"https:\\\/\\\/www.facebook.com\\\/1dronas\\\/\"]}]}<\/script>\n<!-- \/ Yoast SEO plugin. -->","yoast_head_json":{"title":"SEQURE ES666 Smart Electric Screwdriver + 30 Bits - 1dronas.lt","robots":{"index":"index","follow":"follow","max-snippet":"max-snippet:-1","max-image-preview":"max-image-preview:large","max-video-preview":"max-video-preview:-1"},"canonical":"https:\/\/1dronas.lt\/en\/produktas\/sequre-es666-ismanus-elektrinis-atsuktuvas-30-antgaliu\/","og_locale":"en_US","og_type":"article","og_title":"SEQURE ES666 i\u0161manus elektrinis atsuktuvas + 30 antgali\u0173 - 1dronas.lt","og_description":"Galingas variklis ir 600 mAh integruotas akumuliatorius u\u017etikrina stabil\u0173 ir ilgalaik\u012f darb\u0105 be da\u017eno \u012fkrovimo.  \u00a0 1 \u2013 2 d. d.","og_url":"https:\/\/1dronas.lt\/en\/produktas\/sequre-es666-ismanus-elektrinis-atsuktuvas-30-antgaliu\/","og_site_name":"1dronas.lt","article_publisher":"https:\/\/www.facebook.com\/1dronas\/","article_modified_time":"2026-03-10T07:55:41+00:00","og_image":[{"width":800,"height":800,"url":"https:\/\/1dronas.lt\/wp-content\/uploads\/2025\/11\/2_ES666Kit_682c88c0-e6b2-4291-beb9-ab554d68f895.webp","type":"image\/webp"}],"twitter_card":"summary_large_image","twitter_misc":{"Est. reading time":"2 minutes"},"schema":{"@context":"https:\/\/schema.org","@graph":[{"@type":"WebPage","@id":"https:\/\/1dronas.lt\/en\/produktas\/sequre-es666-ismanus-elektrinis-atsuktuvas-30-antgaliu\/","url":"https:\/\/1dronas.lt\/en\/produktas\/sequre-es666-ismanus-elektrinis-atsuktuvas-30-antgaliu\/","name":"SEQURE ES666 Smart Electric Screwdriver + 30 Bits - 1dronas.lt","isPartOf":{"@id":"https:\/\/1dronas.lt\/en\/#website"},"primaryImageOfPage":{"@id":"https:\/\/1dronas.lt\/en\/produktas\/sequre-es666-ismanus-elektrinis-atsuktuvas-30-antgaliu\/#primaryimage"},"image":{"@id":"https:\/\/1dronas.lt\/en\/produktas\/sequre-es666-ismanus-elektrinis-atsuktuvas-30-antgaliu\/#primaryimage"},"thumbnailUrl":"https:\/\/1dronas.lt\/wp-content\/uploads\/2025\/11\/2_ES666Kit_682c88c0-e6b2-4291-beb9-ab554d68f895.webp","datePublished":"2025-11-06T09:59:52+00:00","dateModified":"2026-03-10T07:55:41+00:00","breadcrumb":{"@id":"https:\/\/1dronas.lt\/en\/produktas\/sequre-es666-ismanus-elektrinis-atsuktuvas-30-antgaliu\/#breadcrumb"},"inLanguage":"en-US","potentialAction":[{"@type":"ReadAction","target":["https:\/\/1dronas.lt\/en\/produktas\/sequre-es666-ismanus-elektrinis-atsuktuvas-30-antgaliu\/"]}]},{"@type":"ImageObject","inLanguage":"en-US","@id":"https:\/\/1dronas.lt\/en\/produktas\/sequre-es666-ismanus-elektrinis-atsuktuvas-30-antgaliu\/#primaryimage","url":"https:\/\/1dronas.lt\/wp-content\/uploads\/2025\/11\/2_ES666Kit_682c88c0-e6b2-4291-beb9-ab554d68f895.webp","contentUrl":"https:\/\/1dronas.lt\/wp-content\/uploads\/2025\/11\/2_ES666Kit_682c88c0-e6b2-4291-beb9-ab554d68f895.webp","width":800,"height":800},{"@type":"BreadcrumbList","@id":"https:\/\/1dronas.lt\/en\/produktas\/sequre-es666-ismanus-elektrinis-atsuktuvas-30-antgaliu\/#breadcrumb","itemListElement":[{"@type":"ListItem","position":1,"name":"Home","item":"https:\/\/1dronas.lt\/"},{"@type":"ListItem","position":2,"name":"Parduotuv\u0117","item":"https:\/\/1dronas.lt\/parduotuve\/"},{"@type":"ListItem","position":3,"name":"SEQURE ES666 i\u0161manus elektrinis atsuktuvas + 30 antgali\u0173"}]},{"@type":"WebSite","@id":"https:\/\/1dronas.lt\/en\/#website","url":"https:\/\/1dronas.lt\/en\/","name":"1dronas.lt","description":"Online store","publisher":{"@id":"https:\/\/1dronas.lt\/en\/#organization"},"potentialAction":[{"@type":"SearchAction","target":{"@type":"EntryPoint","urlTemplate":"https:\/\/1dronas.lt\/en\/?s={search_term_string}"},"query-input":{"@type":"PropertyValueSpecification","valueRequired":true,"valueName":"search_term_string"}}],"inLanguage":"en-US"},{"@type":"Organization","@id":"https:\/\/1dronas.lt\/en\/#organization","name":"1dronas.lt","url":"https:\/\/1dronas.lt\/en\/","logo":{"@type":"ImageObject","inLanguage":"en-US","@id":"https:\/\/1dronas.lt\/en\/#\/schema\/logo\/image\/","url":"https:\/\/1dronas.lt\/wp-content\/uploads\/2020\/12\/Ekrano_kopija__2_-removebg-preview-1-1.png","contentUrl":"https:\/\/1dronas.lt\/wp-content\/uploads\/2020\/12\/Ekrano_kopija__2_-removebg-preview-1-1.png","width":234,"height":81,"caption":"1dronas.lt"},"image":{"@id":"https:\/\/1dronas.lt\/en\/#\/schema\/logo\/image\/"},"sameAs":["https:\/\/www.facebook.com\/1dronas\/"]}]}},"jetpack_sharing_enabled":true,"_links":{"self":[{"href":"https:\/\/1dronas.lt\/en\/wp-json\/wp\/v2\/product\/12648","targetHints":{"allow":["GET"]}}],"collection":[{"href":"https:\/\/1dronas.lt\/en\/wp-json\/wp\/v2\/product"}],"about":[{"href":"https:\/\/1dronas.lt\/en\/wp-json\/wp\/v2\/types\/product"}],"replies":[{"embeddable":true,"href":"https:\/\/1dronas.lt\/en\/wp-json\/wp\/v2\/comments?post=12648"}],"wp:featuredmedia":[{"embeddable":true,"href":"https:\/\/1dronas.lt\/en\/wp-json\/wp\/v2\/media\/12650"}],"wp:attachment":[{"href":"https:\/\/1dronas.lt\/en\/wp-json\/wp\/v2\/media?parent=12648"}],"wp:term":[{"taxonomy":"product_brand","embeddable":true,"href":"https:\/\/1dronas.lt\/en\/wp-json\/wp\/v2\/product_brand?post=12648"},{"taxonomy":"product_cat","embeddable":true,"href":"https:\/\/1dronas.lt\/en\/wp-json\/wp\/v2\/product_cat?post=12648"},{"taxonomy":"product_tag","embeddable":true,"href":"https:\/\/1dronas.lt\/en\/wp-json\/wp\/v2\/product_tag?post=12648"}],"curies":[{"name":"wp","href":"https:\/\/api.w.org\/{rel}","templated":true}]}}