{"id":12546,"date":"2025-11-02T11:38:15","date_gmt":"2025-11-02T09:38:15","guid":{"rendered":"https:\/\/1dronas.lt\/?post_type=product&#038;p=12546"},"modified":"2025-12-01T00:21:44","modified_gmt":"2025-11-30T22:21:44","slug":"geprc-elrs-dual-2-4g-diversity-receiver","status":"publish","type":"product","link":"https:\/\/1dronas.lt\/en\/produktas\/geprc-elrs-dual-2-4g-diversity-receiver\/","title":{"rendered":"GEPRC ELRS DUAL 2.4G Diversity Receiver"},"content":{"rendered":"<p>GEPRC ELRS DUAL 2.4G Diversity receiver is a next-generation dual-antenna receiver system developed based on an open source project <em>ExpressLRS<\/em>. ExpressLRS features long range, low latency, and up to 1000 Hz refresh rate. The ELRS DUAL 2.4G Diversity receiver has two optimally positioned antennas for wider signal reception and more stable communication compared to conventional single-antenna systems. The TCXO used prevents frequency changes due to temperature fluctuations, and the telemetry transmission power reaches up to 100 mW.<\/p>\n<p><strong>Features:<\/strong><\/p>\n<p>\u2022 Compact size: 20 mm \u00d7 14 mm;<br \/>\n\u2022 Only 1.2 g weight;<br \/>\n\u2022 Wi-Fi software update;<br \/>\n\u2022 Open source ELRS remote control technology;<br \/>\n\u2022 Maximum 1000 Hz refresh rate;<br \/>\n\u2022 Two independent RF receiving circuits;<br \/>\n\u2022 TCXO ensures stable operation at high or low temperatures, does not cause loss of control during long-term operation;<br \/>\n\u2022 Integrated PA + LNA, telemetry power up to 100 mW.<\/p>\n<p><strong>Specification:<\/strong><\/p>\n<p>\u2022 Dimensions: 20 \u00d7 14 mm;<br \/>\n\u2022 Weight: 1.2 g (receiver only);<br \/>\n\u2022 Chips: ESP32-PICO-D4, SX1281;<br \/>\n\u2022 TCXO;<br \/>\n\u2022 Frequency band: 2.4 GHz ISM;<br \/>\n\u2022 Refresh rate: 25 Hz \u2013 1000 Hz;<br \/>\n\u2022 Input voltage: 5 V;<br \/>\n\u2022 Antenna connector: Ipex1;<br \/>\n\u2022 Indicator: RGB light;<br \/>\n\u2022 Telemetry power (TLM): 20 dBm.<\/p>\n<p><strong>Scheme:<\/strong><br \/>\n<img loading=\"lazy\" decoding=\"async\" class=\"alignnone wp-image-12556 size-full\" src=\"https:\/\/1dronas.lt\/wp-content\/uploads\/2025\/11\/ELRS-DUAL-Receiver-Diagram-scaled-min.jpg\" alt=\"\" width=\"2560\" height=\"1410\" srcset=\"https:\/\/1dronas.lt\/wp-content\/uploads\/2025\/11\/ELRS-DUAL-Receiver-Diagram-scaled-min.jpg 2560w, https:\/\/1dronas.lt\/wp-content\/uploads\/2025\/11\/ELRS-DUAL-Receiver-Diagram-scaled-min-300x165.jpg 300w, https:\/\/1dronas.lt\/wp-content\/uploads\/2025\/11\/ELRS-DUAL-Receiver-Diagram-scaled-min-1024x564.jpg 1024w, https:\/\/1dronas.lt\/wp-content\/uploads\/2025\/11\/ELRS-DUAL-Receiver-Diagram-scaled-min-768x423.jpg 768w, https:\/\/1dronas.lt\/wp-content\/uploads\/2025\/11\/ELRS-DUAL-Receiver-Diagram-scaled-min-1536x846.jpg 1536w, https:\/\/1dronas.lt\/wp-content\/uploads\/2025\/11\/ELRS-DUAL-Receiver-Diagram-scaled-min-2048x1128.jpg 2048w, https:\/\/1dronas.lt\/wp-content\/uploads\/2025\/11\/ELRS-DUAL-Receiver-Diagram-scaled-min-18x10.jpg 18w, https:\/\/1dronas.lt\/wp-content\/uploads\/2025\/11\/ELRS-DUAL-Receiver-Diagram-scaled-min-510x281.jpg 510w\" sizes=\"auto, (max-width: 2560px) 100vw, 2560px\" \/><\/p>\n<p>The correspondences of RGB light colors according to packet transmission frequency are shown in the figure below:<\/p>\n<p><img loading=\"lazy\" decoding=\"async\" class=\"alignnone wp-image-12557 size-full\" src=\"https:\/\/1dronas.lt\/wp-content\/uploads\/2025\/11\/image-min.png\" alt=\"\" width=\"885\" height=\"184\" srcset=\"https:\/\/1dronas.lt\/wp-content\/uploads\/2025\/11\/image-min.png 885w, https:\/\/1dronas.lt\/wp-content\/uploads\/2025\/11\/image-min-300x62.png 300w, https:\/\/1dronas.lt\/wp-content\/uploads\/2025\/11\/image-min-768x160.png 768w, https:\/\/1dronas.lt\/wp-content\/uploads\/2025\/11\/image-min-18x4.png 18w, https:\/\/1dronas.lt\/wp-content\/uploads\/2025\/11\/image-min-510x106.png 510w\" sizes=\"auto, (max-width: 885px) 100vw, 885px\" \/><\/p>\n<p>\u2022 F1000 and F500 are packet transmission frequencies in FLRC mode. This mode provides faster modulation and lower delay, but at the same time has a shorter signal reception range than the regular LoRa mode. This mode is perfect for racers.<br \/>\n\u2022 D500 and D250 are the packet transmission rates in DVDA (Deja Vu Diversity Aid) mode. This mode operates at the F1000 packet transmission rate of FLRC mode, but by sending the same data packet multiple times, it provides better connection stability in the presence of complex interference. D500 and D250 mean that the same packet is sent two and four times, respectively.<\/p>\n<p><img loading=\"lazy\" decoding=\"async\" class=\"alignnone wp-image-12555 size-full\" src=\"https:\/\/1dronas.lt\/wp-content\/uploads\/2025\/11\/ELRS-DUAL-Receiver-and-FC-connection-diagram-scaled-min.jpg\" alt=\"\" width=\"2560\" height=\"1057\" srcset=\"https:\/\/1dronas.lt\/wp-content\/uploads\/2025\/11\/ELRS-DUAL-Receiver-and-FC-connection-diagram-scaled-min.jpg 2560w, https:\/\/1dronas.lt\/wp-content\/uploads\/2025\/11\/ELRS-DUAL-Receiver-and-FC-connection-diagram-scaled-min-300x124.jpg 300w, https:\/\/1dronas.lt\/wp-content\/uploads\/2025\/11\/ELRS-DUAL-Receiver-and-FC-connection-diagram-scaled-min-1024x423.jpg 1024w, https:\/\/1dronas.lt\/wp-content\/uploads\/2025\/11\/ELRS-DUAL-Receiver-and-FC-connection-diagram-scaled-min-768x317.jpg 768w, https:\/\/1dronas.lt\/wp-content\/uploads\/2025\/11\/ELRS-DUAL-Receiver-and-FC-connection-diagram-scaled-min-1536x634.jpg 1536w, https:\/\/1dronas.lt\/wp-content\/uploads\/2025\/11\/ELRS-DUAL-Receiver-and-FC-connection-diagram-scaled-min-2048x846.jpg 2048w, https:\/\/1dronas.lt\/wp-content\/uploads\/2025\/11\/ELRS-DUAL-Receiver-and-FC-connection-diagram-scaled-min-18x7.jpg 18w, https:\/\/1dronas.lt\/wp-content\/uploads\/2025\/11\/ELRS-DUAL-Receiver-and-FC-connection-diagram-scaled-min-510x211.jpg 510w\" sizes=\"auto, (max-width: 2560px) 100vw, 2560px\" \/><\/p>\n<p>ELRS DUAL 2.4G Diversity receiver and flight controller (FC) connection diagram:<\/p>\n<p>Open Betaflight Configurator, go to the Ports tab and enable the appropriate UART as Serial Rx (e.g. UART2 as shown below). Save the settings and reboot.<\/p>\n<p><img loading=\"lazy\" decoding=\"async\" class=\"alignnone wp-image-12558 size-full\" src=\"https:\/\/1dronas.lt\/wp-content\/uploads\/2025\/11\/image1-min.png\" alt=\"\" width=\"1231\" height=\"461\" srcset=\"https:\/\/1dronas.lt\/wp-content\/uploads\/2025\/11\/image1-min.png 1231w, https:\/\/1dronas.lt\/wp-content\/uploads\/2025\/11\/image1-min-300x112.png 300w, https:\/\/1dronas.lt\/wp-content\/uploads\/2025\/11\/image1-min-1024x383.png 1024w, https:\/\/1dronas.lt\/wp-content\/uploads\/2025\/11\/image1-min-768x288.png 768w, https:\/\/1dronas.lt\/wp-content\/uploads\/2025\/11\/image1-min-18x7.png 18w, https:\/\/1dronas.lt\/wp-content\/uploads\/2025\/11\/image1-min-510x191.png 510w\" sizes=\"auto, (max-width: 1231px) 100vw, 1231px\" \/><\/p>\n<p>In the Configuration section, click Serial-based receiver in the Receiver panel and select CRSF.<\/p>\n<p><img loading=\"lazy\" decoding=\"async\" class=\"alignnone wp-image-12559 size-full\" src=\"https:\/\/1dronas.lt\/wp-content\/uploads\/2025\/11\/image2-min.png\" alt=\"\" width=\"1215\" height=\"460\" srcset=\"https:\/\/1dronas.lt\/wp-content\/uploads\/2025\/11\/image2-min.png 1215w, https:\/\/1dronas.lt\/wp-content\/uploads\/2025\/11\/image2-min-300x114.png 300w, https:\/\/1dronas.lt\/wp-content\/uploads\/2025\/11\/image2-min-1024x388.png 1024w, https:\/\/1dronas.lt\/wp-content\/uploads\/2025\/11\/image2-min-768x291.png 768w, https:\/\/1dronas.lt\/wp-content\/uploads\/2025\/11\/image2-min-18x7.png 18w, https:\/\/1dronas.lt\/wp-content\/uploads\/2025\/11\/image2-min-510x193.png 510w\" sizes=\"auto, (max-width: 1215px) 100vw, 1215px\" \/><\/p>\n<p><strong>Pairing:<\/strong><\/p>\n<p>The factory software version of the ELRS DUAL 2.4G Diversity receiver is above 3.x, so versions 3.x and 2.x are incompatible. Before pairing, the transmitter module software must be updated to 3.x or later.<\/p>\n<p>\u2022 Turn the receiver on and off three times in a row, leaving a 1-second pause between cycles, to enter pairing mode.<br \/>\n\u2022 The RGB indicator will blink twice quickly, indicating that the receiver is in pairing mode.<br \/>\n\u2022 Put the remote control or transmitter module into bind mode. If the RGB indicator lights up steadily, pairing is successful.<\/p>\n<p><strong>Package:<\/strong><\/p>\n<p>1\u00d7 ELRS DUAL 2.4G Diversity receiver;<br \/>\n2\u00d7 antennas;<br \/>\n2\u00d7 heat shrink tubing;<br \/>\n4\u00d7 silicone cables;<br \/>\n1\u00d7 4-pin plug;<br \/>\n1\u00d7 user manual.<\/p>","protected":false},"excerpt":{"rendered":"<p><span style=\"color: #333333;\">The ELRS DUAL 2.4G Diversity receiver has two optimally positioned antennas for wider signal reception and more stable communication compared to conventional single-antenna systems.<\/span><\/p>\n<p><span style=\"color: #333333; font-size: 90%;\"><strong><img loading=\"lazy\" decoding=\"async\" class=\"alignnone wp-image-1806\" src=\"https:\/\/1dronas.lt\/wp-content\/uploads\/2021\/05\/delivery-icon.png\" alt=\"\" width=\"24\" height=\"24\" srcset=\"https:\/\/1dronas.lt\/wp-content\/uploads\/2021\/05\/delivery-icon.png 35w, https:\/\/1dronas.lt\/wp-content\/uploads\/2021\/05\/delivery-icon-12x12.png 12w\" sizes=\"auto, (max-width: 24px) 100vw, 24px\" \/> \u00a0\u00a01 \u2013 2 days<\/strong><\/span><\/p>","protected":false},"featured_media":12548,"comment_status":"open","ping_status":"closed","template":"","meta":[],"product_brand":[592],"product_cat":[682],"product_tag":[519,980,242,881,176,593],"class_list":{"0":"post-12546","1":"product","2":"type-product","3":"status-publish","4":"has-post-thumbnail","6":"product_brand-geprc","7":"product_cat-imtuvai-rx","8":"product_tag-2-4ghz","9":"product_tag-black-friday","10":"product_tag-diversity-receiver","11":"product_tag-dual","12":"product_tag-elrs","13":"product_tag-geprc","15":"first","16":"instock","17":"taxable","18":"shipping-taxable","19":"purchasable","20":"product-type-simple"},"yoast_head":"<!-- This site is optimized with the Yoast SEO plugin v27.3 - https:\/\/yoast.com\/product\/yoast-seo-wordpress\/ -->\n<title>GEPRC ELRS DUAL 2.4G Diversity Receiver - 1dronas.lt<\/title>\n<meta name=\"robots\" content=\"index, follow, max-snippet:-1, max-image-preview:large, max-video-preview:-1\" \/>\n<link rel=\"canonical\" href=\"https:\/\/1dronas.lt\/en\/produktas\/geprc-elrs-dual-2-4g-diversity-receiver\/\" \/>\n<meta property=\"og:locale\" content=\"en_US\" \/>\n<meta property=\"og:type\" content=\"article\" \/>\n<meta property=\"og:title\" content=\"GEPRC ELRS DUAL 2.4G Diversity Receiver - 1dronas.lt\" \/>\n<meta property=\"og:description\" content=\"ELRS DUAL 2.4G Diversity imtuvas turi optimaliai i\u0161d\u0117stytas dvi antenas platesniam signalo pri\u0117mimui bei stabilesniam ry\u0161iui, lyginant su \u012fprastomis vienos antenos sistemomis.   \u00a0\u00a01 \u2013 2 d. d.\" \/>\n<meta property=\"og:url\" content=\"https:\/\/1dronas.lt\/en\/produktas\/geprc-elrs-dual-2-4g-diversity-receiver\/\" \/>\n<meta property=\"og:site_name\" content=\"1dronas.lt\" \/>\n<meta property=\"article:publisher\" content=\"https:\/\/www.facebook.com\/1dronas\/\" \/>\n<meta property=\"article:modified_time\" content=\"2025-11-30T22:21:44+00:00\" \/>\n<meta property=\"og:image\" content=\"https:\/\/1dronas.lt\/wp-content\/uploads\/2025\/11\/ELRS-DUAL-2.4G-Receiver-1-min.jpg\" \/>\n\t<meta property=\"og:image:width\" content=\"2000\" \/>\n\t<meta property=\"og:image:height\" content=\"2000\" \/>\n\t<meta property=\"og:image:type\" content=\"image\/jpeg\" \/>\n<meta name=\"twitter:card\" content=\"summary_large_image\" \/>\n<meta name=\"twitter:label1\" content=\"Est. reading time\" \/>\n\t<meta name=\"twitter:data1\" content=\"4 minutes\" \/>\n<script type=\"application\/ld+json\" class=\"yoast-schema-graph\">{\"@context\":\"https:\\\/\\\/schema.org\",\"@graph\":[{\"@type\":\"WebPage\",\"@id\":\"https:\\\/\\\/1dronas.lt\\\/en\\\/produktas\\\/geprc-elrs-dual-2-4g-diversity-receiver\\\/\",\"url\":\"https:\\\/\\\/1dronas.lt\\\/en\\\/produktas\\\/geprc-elrs-dual-2-4g-diversity-receiver\\\/\",\"name\":\"GEPRC ELRS DUAL 2.4G Diversity Receiver - 1dronas.lt\",\"isPartOf\":{\"@id\":\"https:\\\/\\\/1dronas.lt\\\/en\\\/#website\"},\"primaryImageOfPage\":{\"@id\":\"https:\\\/\\\/1dronas.lt\\\/en\\\/produktas\\\/geprc-elrs-dual-2-4g-diversity-receiver\\\/#primaryimage\"},\"image\":{\"@id\":\"https:\\\/\\\/1dronas.lt\\\/en\\\/produktas\\\/geprc-elrs-dual-2-4g-diversity-receiver\\\/#primaryimage\"},\"thumbnailUrl\":\"https:\\\/\\\/1dronas.lt\\\/wp-content\\\/uploads\\\/2025\\\/11\\\/ELRS-DUAL-2.4G-Receiver-1-min.jpg\",\"datePublished\":\"2025-11-02T09:38:15+00:00\",\"dateModified\":\"2025-11-30T22:21:44+00:00\",\"breadcrumb\":{\"@id\":\"https:\\\/\\\/1dronas.lt\\\/en\\\/produktas\\\/geprc-elrs-dual-2-4g-diversity-receiver\\\/#breadcrumb\"},\"inLanguage\":\"en-US\",\"potentialAction\":[{\"@type\":\"ReadAction\",\"target\":[\"https:\\\/\\\/1dronas.lt\\\/en\\\/produktas\\\/geprc-elrs-dual-2-4g-diversity-receiver\\\/\"]}]},{\"@type\":\"ImageObject\",\"inLanguage\":\"en-US\",\"@id\":\"https:\\\/\\\/1dronas.lt\\\/en\\\/produktas\\\/geprc-elrs-dual-2-4g-diversity-receiver\\\/#primaryimage\",\"url\":\"https:\\\/\\\/1dronas.lt\\\/wp-content\\\/uploads\\\/2025\\\/11\\\/ELRS-DUAL-2.4G-Receiver-1-min.jpg\",\"contentUrl\":\"https:\\\/\\\/1dronas.lt\\\/wp-content\\\/uploads\\\/2025\\\/11\\\/ELRS-DUAL-2.4G-Receiver-1-min.jpg\",\"width\":2000,\"height\":2000},{\"@type\":\"BreadcrumbList\",\"@id\":\"https:\\\/\\\/1dronas.lt\\\/en\\\/produktas\\\/geprc-elrs-dual-2-4g-diversity-receiver\\\/#breadcrumb\",\"itemListElement\":[{\"@type\":\"ListItem\",\"position\":1,\"name\":\"Home\",\"item\":\"https:\\\/\\\/1dronas.lt\\\/\"},{\"@type\":\"ListItem\",\"position\":2,\"name\":\"Parduotuv\u0117\",\"item\":\"https:\\\/\\\/1dronas.lt\\\/parduotuve\\\/\"},{\"@type\":\"ListItem\",\"position\":3,\"name\":\"GEPRC ELRS DUAL 2.4G Diversity Receiver\"}]},{\"@type\":\"WebSite\",\"@id\":\"https:\\\/\\\/1dronas.lt\\\/en\\\/#website\",\"url\":\"https:\\\/\\\/1dronas.lt\\\/en\\\/\",\"name\":\"1dronas.lt\",\"description\":\"Internetin\u0117 parduotuv\u0117\",\"publisher\":{\"@id\":\"https:\\\/\\\/1dronas.lt\\\/en\\\/#organization\"},\"potentialAction\":[{\"@type\":\"SearchAction\",\"target\":{\"@type\":\"EntryPoint\",\"urlTemplate\":\"https:\\\/\\\/1dronas.lt\\\/en\\\/?s={search_term_string}\"},\"query-input\":{\"@type\":\"PropertyValueSpecification\",\"valueRequired\":true,\"valueName\":\"search_term_string\"}}],\"inLanguage\":\"en-US\"},{\"@type\":\"Organization\",\"@id\":\"https:\\\/\\\/1dronas.lt\\\/en\\\/#organization\",\"name\":\"1dronas.lt\",\"url\":\"https:\\\/\\\/1dronas.lt\\\/en\\\/\",\"logo\":{\"@type\":\"ImageObject\",\"inLanguage\":\"en-US\",\"@id\":\"https:\\\/\\\/1dronas.lt\\\/en\\\/#\\\/schema\\\/logo\\\/image\\\/\",\"url\":\"https:\\\/\\\/1dronas.lt\\\/wp-content\\\/uploads\\\/2020\\\/12\\\/Ekrano_kopija__2_-removebg-preview-1-1.png\",\"contentUrl\":\"https:\\\/\\\/1dronas.lt\\\/wp-content\\\/uploads\\\/2020\\\/12\\\/Ekrano_kopija__2_-removebg-preview-1-1.png\",\"width\":234,\"height\":81,\"caption\":\"1dronas.lt\"},\"image\":{\"@id\":\"https:\\\/\\\/1dronas.lt\\\/en\\\/#\\\/schema\\\/logo\\\/image\\\/\"},\"sameAs\":[\"https:\\\/\\\/www.facebook.com\\\/1dronas\\\/\"]}]}<\/script>\n<!-- \/ Yoast SEO plugin. -->","yoast_head_json":{"title":"GEPRC ELRS DUAL 2.4G Diversity Receiver - 1dronas.lt","robots":{"index":"index","follow":"follow","max-snippet":"max-snippet:-1","max-image-preview":"max-image-preview:large","max-video-preview":"max-video-preview:-1"},"canonical":"https:\/\/1dronas.lt\/en\/produktas\/geprc-elrs-dual-2-4g-diversity-receiver\/","og_locale":"en_US","og_type":"article","og_title":"GEPRC ELRS DUAL 2.4G Diversity Receiver - 1dronas.lt","og_description":"ELRS DUAL 2.4G Diversity imtuvas turi optimaliai i\u0161d\u0117stytas dvi antenas platesniam signalo pri\u0117mimui bei stabilesniam ry\u0161iui, lyginant su \u012fprastomis vienos antenos sistemomis.   \u00a0\u00a01 \u2013 2 d. d.","og_url":"https:\/\/1dronas.lt\/en\/produktas\/geprc-elrs-dual-2-4g-diversity-receiver\/","og_site_name":"1dronas.lt","article_publisher":"https:\/\/www.facebook.com\/1dronas\/","article_modified_time":"2025-11-30T22:21:44+00:00","og_image":[{"width":2000,"height":2000,"url":"https:\/\/1dronas.lt\/wp-content\/uploads\/2025\/11\/ELRS-DUAL-2.4G-Receiver-1-min.jpg","type":"image\/jpeg"}],"twitter_card":"summary_large_image","twitter_misc":{"Est. reading time":"4 minutes"},"schema":{"@context":"https:\/\/schema.org","@graph":[{"@type":"WebPage","@id":"https:\/\/1dronas.lt\/en\/produktas\/geprc-elrs-dual-2-4g-diversity-receiver\/","url":"https:\/\/1dronas.lt\/en\/produktas\/geprc-elrs-dual-2-4g-diversity-receiver\/","name":"GEPRC ELRS DUAL 2.4G Diversity Receiver - 1dronas.lt","isPartOf":{"@id":"https:\/\/1dronas.lt\/en\/#website"},"primaryImageOfPage":{"@id":"https:\/\/1dronas.lt\/en\/produktas\/geprc-elrs-dual-2-4g-diversity-receiver\/#primaryimage"},"image":{"@id":"https:\/\/1dronas.lt\/en\/produktas\/geprc-elrs-dual-2-4g-diversity-receiver\/#primaryimage"},"thumbnailUrl":"https:\/\/1dronas.lt\/wp-content\/uploads\/2025\/11\/ELRS-DUAL-2.4G-Receiver-1-min.jpg","datePublished":"2025-11-02T09:38:15+00:00","dateModified":"2025-11-30T22:21:44+00:00","breadcrumb":{"@id":"https:\/\/1dronas.lt\/en\/produktas\/geprc-elrs-dual-2-4g-diversity-receiver\/#breadcrumb"},"inLanguage":"en-US","potentialAction":[{"@type":"ReadAction","target":["https:\/\/1dronas.lt\/en\/produktas\/geprc-elrs-dual-2-4g-diversity-receiver\/"]}]},{"@type":"ImageObject","inLanguage":"en-US","@id":"https:\/\/1dronas.lt\/en\/produktas\/geprc-elrs-dual-2-4g-diversity-receiver\/#primaryimage","url":"https:\/\/1dronas.lt\/wp-content\/uploads\/2025\/11\/ELRS-DUAL-2.4G-Receiver-1-min.jpg","contentUrl":"https:\/\/1dronas.lt\/wp-content\/uploads\/2025\/11\/ELRS-DUAL-2.4G-Receiver-1-min.jpg","width":2000,"height":2000},{"@type":"BreadcrumbList","@id":"https:\/\/1dronas.lt\/en\/produktas\/geprc-elrs-dual-2-4g-diversity-receiver\/#breadcrumb","itemListElement":[{"@type":"ListItem","position":1,"name":"Home","item":"https:\/\/1dronas.lt\/"},{"@type":"ListItem","position":2,"name":"Parduotuv\u0117","item":"https:\/\/1dronas.lt\/parduotuve\/"},{"@type":"ListItem","position":3,"name":"GEPRC ELRS DUAL 2.4G Diversity Receiver"}]},{"@type":"WebSite","@id":"https:\/\/1dronas.lt\/en\/#website","url":"https:\/\/1dronas.lt\/en\/","name":"1dronas.lt","description":"Online store","publisher":{"@id":"https:\/\/1dronas.lt\/en\/#organization"},"potentialAction":[{"@type":"SearchAction","target":{"@type":"EntryPoint","urlTemplate":"https:\/\/1dronas.lt\/en\/?s={search_term_string}"},"query-input":{"@type":"PropertyValueSpecification","valueRequired":true,"valueName":"search_term_string"}}],"inLanguage":"en-US"},{"@type":"Organization","@id":"https:\/\/1dronas.lt\/en\/#organization","name":"1dronas.lt","url":"https:\/\/1dronas.lt\/en\/","logo":{"@type":"ImageObject","inLanguage":"en-US","@id":"https:\/\/1dronas.lt\/en\/#\/schema\/logo\/image\/","url":"https:\/\/1dronas.lt\/wp-content\/uploads\/2020\/12\/Ekrano_kopija__2_-removebg-preview-1-1.png","contentUrl":"https:\/\/1dronas.lt\/wp-content\/uploads\/2020\/12\/Ekrano_kopija__2_-removebg-preview-1-1.png","width":234,"height":81,"caption":"1dronas.lt"},"image":{"@id":"https:\/\/1dronas.lt\/en\/#\/schema\/logo\/image\/"},"sameAs":["https:\/\/www.facebook.com\/1dronas\/"]}]}},"jetpack_sharing_enabled":true,"_links":{"self":[{"href":"https:\/\/1dronas.lt\/en\/wp-json\/wp\/v2\/product\/12546","targetHints":{"allow":["GET"]}}],"collection":[{"href":"https:\/\/1dronas.lt\/en\/wp-json\/wp\/v2\/product"}],"about":[{"href":"https:\/\/1dronas.lt\/en\/wp-json\/wp\/v2\/types\/product"}],"replies":[{"embeddable":true,"href":"https:\/\/1dronas.lt\/en\/wp-json\/wp\/v2\/comments?post=12546"}],"wp:featuredmedia":[{"embeddable":true,"href":"https:\/\/1dronas.lt\/en\/wp-json\/wp\/v2\/media\/12548"}],"wp:attachment":[{"href":"https:\/\/1dronas.lt\/en\/wp-json\/wp\/v2\/media?parent=12546"}],"wp:term":[{"taxonomy":"product_brand","embeddable":true,"href":"https:\/\/1dronas.lt\/en\/wp-json\/wp\/v2\/product_brand?post=12546"},{"taxonomy":"product_cat","embeddable":true,"href":"https:\/\/1dronas.lt\/en\/wp-json\/wp\/v2\/product_cat?post=12546"},{"taxonomy":"product_tag","embeddable":true,"href":"https:\/\/1dronas.lt\/en\/wp-json\/wp\/v2\/product_tag?post=12546"}],"curies":[{"name":"wp","href":"https:\/\/api.w.org\/{rel}","templated":true}]}}