{"id":12538,"date":"2025-11-02T11:14:15","date_gmt":"2025-11-02T09:14:15","guid":{"rendered":"https:\/\/1dronas.lt\/?post_type=product&#038;p=12538"},"modified":"2026-03-24T10:10:03","modified_gmt":"2026-03-24T08:10:03","slug":"geprc-elrs-nano-915m-2-4g-dual-band-receiver","status":"publish","type":"product","link":"https:\/\/1dronas.lt\/en\/produktas\/geprc-elrs-nano-915m-2-4g-dual-band-receiver\/","title":{"rendered":"GEPRC ELRS Nano 915M\/2.4G Dual-Band Receiver"},"content":{"rendered":"<p data-start=\"54\" data-end=\"331\">The GEPRC ELRS Nano 915M\/2.4G Dual-Band receiver is a new dual-frequency system based on an open source project <em data-start=\"178\" data-end=\"190\">ExpressLRS<\/em>. It is based on the third-generation Semtech LR1121 RF chip and supports 150-960 MHz (sub-GHz) and 2.4 GHz frequency bands for dual-frequency transmission. The TCXO ensures stable operation over temperature changes, and the telemetry transmission power reaches up to 100 mW. The integrated Wi-Fi antenna allows for easy software updates, and the SH1.0 connector simplifies installation.<\/p>\n<p data-start=\"568\" data-end=\"845\"><strong data-start=\"856\" data-end=\"867\">Features:<\/strong><\/p>\n<p data-start=\"870\" data-end=\"924\">\u2022 Advanced ExpressLRS 915M\/2.4G dual-frequency system;<br \/>\n\u2022 Based on the third generation Semtech LR1121 RF chip;<br \/>\n\u2022 Compact;<br \/>\n\u2022 Supports 915M and 2.4G operating modes;<br \/>\n\u2022 TCXO;<br \/>\n\u2022 Telemetry power up to 100 mW;<br \/>\n\u2022 Refresh rate up to 1000 Hz;<br \/>\n\u2022 Supports Wi-Fi software updates;<br \/>\n\u2022 SH1.0 connector for easy installation.<\/p>\n<p data-start=\"870\" data-end=\"924\"><strong data-start=\"1340\" data-end=\"1358\">Specifications:<\/strong><\/p>\n<p data-start=\"870\" data-end=\"924\">\u2022 Model: GEPRC ELRS Nano 915M\/2.4G Dual-Band Receiver;<br \/>\n\u2022 Dimensions: 11.1 \u00d7 20.4 \u00d7 5.2 mm;<br \/>\n\u2022 Weight: 0.95 g (receiver only);<br \/>\n\u2022 Chips: ESP32-C3, LR1121;<br \/>\n\u2022 TCXO;<br \/>\n\u2022 Frequency bands: 915 MHz (FCC), 868 MHz (EU), 2.4 GHz (ISM);<br \/>\n\u2022 Refresh rate: 25 Hz \u2013 1000 Hz;<br \/>\n\u2022 Operating voltage: 5 V;<br \/>\n\u2022 Antenna connector: Ipex1;<br \/>\n\u2022 Telemetry power (TLM): 100 mW;<br \/>\n\u2022 Software: GEPRC 900\/2400 Single Dual-Band RX.<\/p>\n<p data-start=\"870\" data-end=\"924\"><strong data-start=\"1830\" data-end=\"1847\">Package:<\/strong><\/p>\n<p data-start=\"1850\" data-end=\"1895\">1\u00d7 ELRS Nano 915M\/2.4G Dual-Band receiver;<br \/>\n1\u00d7 915M\/2.4G dual-frequency T-shaped antenna;<br \/>\n1\u00d7 Heat shrink tube;<br \/>\n1\u00d7 4-pin silicone connection cable;<br \/>\n1\u00d7 User manual.<\/p>\n<p data-start=\"1850\" data-end=\"1895\"><img loading=\"lazy\" decoding=\"async\" class=\"alignnone wp-image-12545 size-full\" src=\"https:\/\/1dronas.lt\/wp-content\/uploads\/2025\/11\/13-4-min.jpg\" alt=\"\" width=\"1200\" height=\"854\" srcset=\"https:\/\/1dronas.lt\/wp-content\/uploads\/2025\/11\/13-4-min.jpg 1200w, https:\/\/1dronas.lt\/wp-content\/uploads\/2025\/11\/13-4-min-300x214.jpg 300w, https:\/\/1dronas.lt\/wp-content\/uploads\/2025\/11\/13-4-min-1024x729.jpg 1024w, https:\/\/1dronas.lt\/wp-content\/uploads\/2025\/11\/13-4-min-768x547.jpg 768w, https:\/\/1dronas.lt\/wp-content\/uploads\/2025\/11\/13-4-min-18x12.jpg 18w, https:\/\/1dronas.lt\/wp-content\/uploads\/2025\/11\/13-4-min-510x363.jpg 510w\" sizes=\"auto, (max-width: 1200px) 100vw, 1200px\" \/><\/p>","protected":false},"excerpt":{"rendered":"<p><span style=\"color: #333333;\">Built on the third generation Semtech LR1121 RF chip and supports 150-960 MHz (sub-GHz) and 2.4 GHz frequency bands, allowing simultaneous transmission of two frequencies.<\/span><\/p>\n<p><span style=\"color: #333333; font-size: 90%;\"><strong><img loading=\"lazy\" decoding=\"async\" class=\"alignnone wp-image-1806\" src=\"https:\/\/1dronas.lt\/wp-content\/uploads\/2021\/05\/delivery-icon.png\" alt=\"\" width=\"24\" height=\"24\" srcset=\"https:\/\/1dronas.lt\/wp-content\/uploads\/2021\/05\/delivery-icon.png 35w, https:\/\/1dronas.lt\/wp-content\/uploads\/2021\/05\/delivery-icon-12x12.png 12w\" sizes=\"auto, (max-width: 24px) 100vw, 24px\" \/>\u00a0 1 \u2013 2 days<\/strong><\/span><\/p>","protected":false},"featured_media":12539,"comment_status":"open","ping_status":"closed","template":"","meta":[],"product_brand":[592],"product_cat":[682],"product_tag":[519,537,980,563,879,593,155],"class_list":{"0":"post-12538","1":"product","2":"type-product","3":"status-publish","4":"has-post-thumbnail","6":"product_brand-geprc","7":"product_cat-imtuvai-rx","8":"product_tag-2-4ghz","9":"product_tag-915mhz","10":"product_tag-black-friday","11":"product_tag-dual-band","12":"product_tag-elrs-nano","13":"product_tag-geprc","14":"product_tag-receiver","16":"first","17":"instock","18":"taxable","19":"shipping-taxable","20":"purchasable","21":"product-type-simple"},"yoast_head":"<!-- This site is optimized with the Yoast SEO plugin v27.3 - https:\/\/yoast.com\/product\/yoast-seo-wordpress\/ -->\n<title>GEPRC ELRS Nano 915M\/2.4G Dual-Band Receiver - 1dronas.lt<\/title>\n<meta name=\"robots\" content=\"index, follow, max-snippet:-1, max-image-preview:large, max-video-preview:-1\" \/>\n<link rel=\"canonical\" href=\"https:\/\/1dronas.lt\/en\/produktas\/geprc-elrs-nano-915m-2-4g-dual-band-receiver\/\" \/>\n<meta property=\"og:locale\" content=\"en_US\" \/>\n<meta property=\"og:type\" content=\"article\" \/>\n<meta property=\"og:title\" content=\"GEPRC ELRS Nano 915M\/2.4G Dual-Band Receiver - 1dronas.lt\" \/>\n<meta property=\"og:description\" content=\"Sukurtas pagal tre\u010dios kartos \u201eSemtech\u201c LR1121 RF lust\u0105 ir palaiko 150\u2013960 MHz (sub-GHz) bei 2.4 GHz da\u017eni\u0173 juostas, leid\u017eian\u010dias tuo pa\u010diu metu perduoti du da\u017enius.  \u00a0 1 \u2013 2 d. d.\" \/>\n<meta property=\"og:url\" content=\"https:\/\/1dronas.lt\/en\/produktas\/geprc-elrs-nano-915m-2-4g-dual-band-receiver\/\" \/>\n<meta property=\"og:site_name\" content=\"1dronas.lt\" \/>\n<meta property=\"article:publisher\" content=\"https:\/\/www.facebook.com\/1dronas\/\" \/>\n<meta property=\"article:modified_time\" content=\"2026-03-24T08:10:03+00:00\" \/>\n<meta property=\"og:image\" content=\"https:\/\/1dronas.lt\/wp-content\/uploads\/2025\/11\/1_Main_0000-min.jpg\" \/>\n\t<meta property=\"og:image:width\" content=\"2000\" \/>\n\t<meta property=\"og:image:height\" content=\"2000\" \/>\n\t<meta property=\"og:image:type\" content=\"image\/jpeg\" \/>\n<meta name=\"twitter:card\" content=\"summary_large_image\" \/>\n<meta name=\"twitter:label1\" content=\"Est. reading time\" \/>\n\t<meta name=\"twitter:data1\" content=\"2 minutes\" \/>\n<script type=\"application\/ld+json\" class=\"yoast-schema-graph\">{\"@context\":\"https:\\\/\\\/schema.org\",\"@graph\":[{\"@type\":\"WebPage\",\"@id\":\"https:\\\/\\\/1dronas.lt\\\/en\\\/produktas\\\/geprc-elrs-nano-915m-2-4g-dual-band-receiver\\\/\",\"url\":\"https:\\\/\\\/1dronas.lt\\\/en\\\/produktas\\\/geprc-elrs-nano-915m-2-4g-dual-band-receiver\\\/\",\"name\":\"GEPRC ELRS Nano 915M\\\/2.4G Dual-Band Receiver - 1dronas.lt\",\"isPartOf\":{\"@id\":\"https:\\\/\\\/1dronas.lt\\\/en\\\/#website\"},\"primaryImageOfPage\":{\"@id\":\"https:\\\/\\\/1dronas.lt\\\/en\\\/produktas\\\/geprc-elrs-nano-915m-2-4g-dual-band-receiver\\\/#primaryimage\"},\"image\":{\"@id\":\"https:\\\/\\\/1dronas.lt\\\/en\\\/produktas\\\/geprc-elrs-nano-915m-2-4g-dual-band-receiver\\\/#primaryimage\"},\"thumbnailUrl\":\"https:\\\/\\\/1dronas.lt\\\/wp-content\\\/uploads\\\/2025\\\/11\\\/1_Main_0000-min.jpg\",\"datePublished\":\"2025-11-02T09:14:15+00:00\",\"dateModified\":\"2026-03-24T08:10:03+00:00\",\"breadcrumb\":{\"@id\":\"https:\\\/\\\/1dronas.lt\\\/en\\\/produktas\\\/geprc-elrs-nano-915m-2-4g-dual-band-receiver\\\/#breadcrumb\"},\"inLanguage\":\"en-US\",\"potentialAction\":[{\"@type\":\"ReadAction\",\"target\":[\"https:\\\/\\\/1dronas.lt\\\/en\\\/produktas\\\/geprc-elrs-nano-915m-2-4g-dual-band-receiver\\\/\"]}]},{\"@type\":\"ImageObject\",\"inLanguage\":\"en-US\",\"@id\":\"https:\\\/\\\/1dronas.lt\\\/en\\\/produktas\\\/geprc-elrs-nano-915m-2-4g-dual-band-receiver\\\/#primaryimage\",\"url\":\"https:\\\/\\\/1dronas.lt\\\/wp-content\\\/uploads\\\/2025\\\/11\\\/1_Main_0000-min.jpg\",\"contentUrl\":\"https:\\\/\\\/1dronas.lt\\\/wp-content\\\/uploads\\\/2025\\\/11\\\/1_Main_0000-min.jpg\",\"width\":2000,\"height\":2000},{\"@type\":\"BreadcrumbList\",\"@id\":\"https:\\\/\\\/1dronas.lt\\\/en\\\/produktas\\\/geprc-elrs-nano-915m-2-4g-dual-band-receiver\\\/#breadcrumb\",\"itemListElement\":[{\"@type\":\"ListItem\",\"position\":1,\"name\":\"Home\",\"item\":\"https:\\\/\\\/1dronas.lt\\\/\"},{\"@type\":\"ListItem\",\"position\":2,\"name\":\"Parduotuv\u0117\",\"item\":\"https:\\\/\\\/1dronas.lt\\\/parduotuve\\\/\"},{\"@type\":\"ListItem\",\"position\":3,\"name\":\"GEPRC ELRS Nano 915M\\\/2.4G Dual-Band Receiver\"}]},{\"@type\":\"WebSite\",\"@id\":\"https:\\\/\\\/1dronas.lt\\\/en\\\/#website\",\"url\":\"https:\\\/\\\/1dronas.lt\\\/en\\\/\",\"name\":\"1dronas.lt\",\"description\":\"Internetin\u0117 parduotuv\u0117\",\"publisher\":{\"@id\":\"https:\\\/\\\/1dronas.lt\\\/en\\\/#organization\"},\"potentialAction\":[{\"@type\":\"SearchAction\",\"target\":{\"@type\":\"EntryPoint\",\"urlTemplate\":\"https:\\\/\\\/1dronas.lt\\\/en\\\/?s={search_term_string}\"},\"query-input\":{\"@type\":\"PropertyValueSpecification\",\"valueRequired\":true,\"valueName\":\"search_term_string\"}}],\"inLanguage\":\"en-US\"},{\"@type\":\"Organization\",\"@id\":\"https:\\\/\\\/1dronas.lt\\\/en\\\/#organization\",\"name\":\"1dronas.lt\",\"url\":\"https:\\\/\\\/1dronas.lt\\\/en\\\/\",\"logo\":{\"@type\":\"ImageObject\",\"inLanguage\":\"en-US\",\"@id\":\"https:\\\/\\\/1dronas.lt\\\/en\\\/#\\\/schema\\\/logo\\\/image\\\/\",\"url\":\"https:\\\/\\\/1dronas.lt\\\/wp-content\\\/uploads\\\/2020\\\/12\\\/Ekrano_kopija__2_-removebg-preview-1-1.png\",\"contentUrl\":\"https:\\\/\\\/1dronas.lt\\\/wp-content\\\/uploads\\\/2020\\\/12\\\/Ekrano_kopija__2_-removebg-preview-1-1.png\",\"width\":234,\"height\":81,\"caption\":\"1dronas.lt\"},\"image\":{\"@id\":\"https:\\\/\\\/1dronas.lt\\\/en\\\/#\\\/schema\\\/logo\\\/image\\\/\"},\"sameAs\":[\"https:\\\/\\\/www.facebook.com\\\/1dronas\\\/\"]}]}<\/script>\n<!-- \/ Yoast SEO plugin. -->","yoast_head_json":{"title":"GEPRC ELRS Nano 915M\/2.4G Dual-Band Receiver - 1dronas.lt","robots":{"index":"index","follow":"follow","max-snippet":"max-snippet:-1","max-image-preview":"max-image-preview:large","max-video-preview":"max-video-preview:-1"},"canonical":"https:\/\/1dronas.lt\/en\/produktas\/geprc-elrs-nano-915m-2-4g-dual-band-receiver\/","og_locale":"en_US","og_type":"article","og_title":"GEPRC ELRS Nano 915M\/2.4G Dual-Band Receiver - 1dronas.lt","og_description":"Sukurtas pagal tre\u010dios kartos \u201eSemtech\u201c LR1121 RF lust\u0105 ir palaiko 150\u2013960 MHz (sub-GHz) bei 2.4 GHz da\u017eni\u0173 juostas, leid\u017eian\u010dias tuo pa\u010diu metu perduoti du da\u017enius.  \u00a0 1 \u2013 2 d. d.","og_url":"https:\/\/1dronas.lt\/en\/produktas\/geprc-elrs-nano-915m-2-4g-dual-band-receiver\/","og_site_name":"1dronas.lt","article_publisher":"https:\/\/www.facebook.com\/1dronas\/","article_modified_time":"2026-03-24T08:10:03+00:00","og_image":[{"width":2000,"height":2000,"url":"https:\/\/1dronas.lt\/wp-content\/uploads\/2025\/11\/1_Main_0000-min.jpg","type":"image\/jpeg"}],"twitter_card":"summary_large_image","twitter_misc":{"Est. reading time":"2 minutes"},"schema":{"@context":"https:\/\/schema.org","@graph":[{"@type":"WebPage","@id":"https:\/\/1dronas.lt\/en\/produktas\/geprc-elrs-nano-915m-2-4g-dual-band-receiver\/","url":"https:\/\/1dronas.lt\/en\/produktas\/geprc-elrs-nano-915m-2-4g-dual-band-receiver\/","name":"GEPRC ELRS Nano 915M\/2.4G Dual-Band Receiver - 1dronas.lt","isPartOf":{"@id":"https:\/\/1dronas.lt\/en\/#website"},"primaryImageOfPage":{"@id":"https:\/\/1dronas.lt\/en\/produktas\/geprc-elrs-nano-915m-2-4g-dual-band-receiver\/#primaryimage"},"image":{"@id":"https:\/\/1dronas.lt\/en\/produktas\/geprc-elrs-nano-915m-2-4g-dual-band-receiver\/#primaryimage"},"thumbnailUrl":"https:\/\/1dronas.lt\/wp-content\/uploads\/2025\/11\/1_Main_0000-min.jpg","datePublished":"2025-11-02T09:14:15+00:00","dateModified":"2026-03-24T08:10:03+00:00","breadcrumb":{"@id":"https:\/\/1dronas.lt\/en\/produktas\/geprc-elrs-nano-915m-2-4g-dual-band-receiver\/#breadcrumb"},"inLanguage":"en-US","potentialAction":[{"@type":"ReadAction","target":["https:\/\/1dronas.lt\/en\/produktas\/geprc-elrs-nano-915m-2-4g-dual-band-receiver\/"]}]},{"@type":"ImageObject","inLanguage":"en-US","@id":"https:\/\/1dronas.lt\/en\/produktas\/geprc-elrs-nano-915m-2-4g-dual-band-receiver\/#primaryimage","url":"https:\/\/1dronas.lt\/wp-content\/uploads\/2025\/11\/1_Main_0000-min.jpg","contentUrl":"https:\/\/1dronas.lt\/wp-content\/uploads\/2025\/11\/1_Main_0000-min.jpg","width":2000,"height":2000},{"@type":"BreadcrumbList","@id":"https:\/\/1dronas.lt\/en\/produktas\/geprc-elrs-nano-915m-2-4g-dual-band-receiver\/#breadcrumb","itemListElement":[{"@type":"ListItem","position":1,"name":"Home","item":"https:\/\/1dronas.lt\/"},{"@type":"ListItem","position":2,"name":"Parduotuv\u0117","item":"https:\/\/1dronas.lt\/parduotuve\/"},{"@type":"ListItem","position":3,"name":"GEPRC ELRS Nano 915M\/2.4G Dual-Band Receiver"}]},{"@type":"WebSite","@id":"https:\/\/1dronas.lt\/en\/#website","url":"https:\/\/1dronas.lt\/en\/","name":"1dronas.lt","description":"Online store","publisher":{"@id":"https:\/\/1dronas.lt\/en\/#organization"},"potentialAction":[{"@type":"SearchAction","target":{"@type":"EntryPoint","urlTemplate":"https:\/\/1dronas.lt\/en\/?s={search_term_string}"},"query-input":{"@type":"PropertyValueSpecification","valueRequired":true,"valueName":"search_term_string"}}],"inLanguage":"en-US"},{"@type":"Organization","@id":"https:\/\/1dronas.lt\/en\/#organization","name":"1dronas.lt","url":"https:\/\/1dronas.lt\/en\/","logo":{"@type":"ImageObject","inLanguage":"en-US","@id":"https:\/\/1dronas.lt\/en\/#\/schema\/logo\/image\/","url":"https:\/\/1dronas.lt\/wp-content\/uploads\/2020\/12\/Ekrano_kopija__2_-removebg-preview-1-1.png","contentUrl":"https:\/\/1dronas.lt\/wp-content\/uploads\/2020\/12\/Ekrano_kopija__2_-removebg-preview-1-1.png","width":234,"height":81,"caption":"1dronas.lt"},"image":{"@id":"https:\/\/1dronas.lt\/en\/#\/schema\/logo\/image\/"},"sameAs":["https:\/\/www.facebook.com\/1dronas\/"]}]}},"jetpack_sharing_enabled":true,"_links":{"self":[{"href":"https:\/\/1dronas.lt\/en\/wp-json\/wp\/v2\/product\/12538","targetHints":{"allow":["GET"]}}],"collection":[{"href":"https:\/\/1dronas.lt\/en\/wp-json\/wp\/v2\/product"}],"about":[{"href":"https:\/\/1dronas.lt\/en\/wp-json\/wp\/v2\/types\/product"}],"replies":[{"embeddable":true,"href":"https:\/\/1dronas.lt\/en\/wp-json\/wp\/v2\/comments?post=12538"}],"wp:featuredmedia":[{"embeddable":true,"href":"https:\/\/1dronas.lt\/en\/wp-json\/wp\/v2\/media\/12539"}],"wp:attachment":[{"href":"https:\/\/1dronas.lt\/en\/wp-json\/wp\/v2\/media?parent=12538"}],"wp:term":[{"taxonomy":"product_brand","embeddable":true,"href":"https:\/\/1dronas.lt\/en\/wp-json\/wp\/v2\/product_brand?post=12538"},{"taxonomy":"product_cat","embeddable":true,"href":"https:\/\/1dronas.lt\/en\/wp-json\/wp\/v2\/product_cat?post=12538"},{"taxonomy":"product_tag","embeddable":true,"href":"https:\/\/1dronas.lt\/en\/wp-json\/wp\/v2\/product_tag?post=12538"}],"curies":[{"name":"wp","href":"https:\/\/api.w.org\/{rel}","templated":true}]}}