{"id":12442,"date":"2025-10-28T23:23:28","date_gmt":"2025-10-28T21:23:28","guid":{"rendered":"https:\/\/1dronas.lt\/?post_type=product&#038;p=12442"},"modified":"2026-04-13T20:54:34","modified_gmt":"2026-04-13T17:54:34","slug":"geprc-gep-cl25-v2-remas","status":"publish","type":"product","link":"https:\/\/1dronas.lt\/en\/produktas\/geprc-gep-cl25-v2-remas\/","title":{"rendered":"GEPRC GEP-CL25 V2 frame"},"content":{"rendered":"<p><strong>Specification:<\/strong><\/p>\n<p>\u2022 Frame: GEP-CL25 V2;<br \/>\n\u2022 Wheelbase: 114 mm;<br \/>\n\u2022 Top plate thickness: 2.0 mm;<br \/>\n\u2022 Lever thickness: 2.5 mm;<br \/>\n\u2022 Bottom plate thickness: 2.0 mm;<br \/>\n\u2022 Flight Control Board (FC) dimensions: 25.5 mm \u00d7 25.5 mm;<br \/>\n\u2022 VTX (video transmitter) mounting dimensions: 20 mm \u00d7 20 mm \/ 25.5 mm \u00d7 25.5 mm;<br \/>\n\u2022 Motor mounting dimensions: 9 mm \u00d7 9 mm;<br \/>\n\u2022 Camera mounting size: 20 mm;<br \/>\n\u2022 Propeller size: 2.5 inches;<br \/>\n\u2022 Weight: 70.9g \u00b1 2g.<\/p>\n<p><strong>Package:<\/strong><\/p>\n<p>1\u00d7 GEP-CL25 V2 frame;<br \/>\n1\u00d7 top plate;<br \/>\n1\u00d7 bottom plate;<br \/>\n1\u00d7 bottom plate for the camera;<br \/>\n4\u00d7 aluminum poles (longer);<br \/>\n2\u00d7 aluminum posts (shorter);<br \/>\n28\u00d7 M2 \u00d7 6 mm round head screws;<br \/>\n2\u00d7 M2 \u00d7 8 mm round head screws;<br \/>\n4\u00d7 M2 \u00d7 12 mm countersunk screws;<br \/>\n16\u00d7 M2 \u00d7 2 mm nylon nuts;<br \/>\n4\u00d7 M2 \u00d7 18 mm countersunk screws;<br \/>\n5\u00d7 shock absorber rings;<br \/>\n1\u00d7 camera holder 19 \u00d7 19 mm;<br \/>\n1\u00d7 camera holder 14 \u00d7 14 mm;<br \/>\n1\u00d7 Naked Camera Mount (mount only, not the full camera body);<br \/>\n2\u00d7 Battery pads;<br \/>\n2\u00d7 EVA Landing pads;<br \/>\n4\u00d7 2.5\u2033 crash bars;<br \/>\n1\u00d7 EVA shock absorber ring for the safety bar;<br \/>\n2\u00d7 antenna tubes;<br \/>\n2\u00d7 battery straps.<\/p>\n<p><img loading=\"lazy\" decoding=\"async\" class=\"alignnone wp-image-12451 size-full\" src=\"https:\/\/1dronas.lt\/wp-content\/uploads\/2025\/10\/12-4-min-1.jpg\" alt=\"\" width=\"1200\" height=\"1381\" srcset=\"https:\/\/1dronas.lt\/wp-content\/uploads\/2025\/10\/12-4-min-1.jpg 1200w, https:\/\/1dronas.lt\/wp-content\/uploads\/2025\/10\/12-4-min-1-261x300.jpg 261w, https:\/\/1dronas.lt\/wp-content\/uploads\/2025\/10\/12-4-min-1-890x1024.jpg 890w, https:\/\/1dronas.lt\/wp-content\/uploads\/2025\/10\/12-4-min-1-768x884.jpg 768w, https:\/\/1dronas.lt\/wp-content\/uploads\/2025\/10\/12-4-min-1-10x12.jpg 10w, https:\/\/1dronas.lt\/wp-content\/uploads\/2025\/10\/12-4-min-1-510x587.jpg 510w\" sizes=\"auto, (max-width: 1200px) 100vw, 1200px\" \/><\/p>","protected":false},"excerpt":{"rendered":"<p data-start=\"50\" data-end=\"187\"><span style=\"color: #333333;\">The GEP-CL25 V2 frame is completely updated and improved to provide users with an even better flight experience.<\/span><\/p>\n<p><span style=\"color: #333333; font-size: 90%;\"><strong><img loading=\"lazy\" decoding=\"async\" class=\"alignnone wp-image-1806\" src=\"https:\/\/1dronas.lt\/wp-content\/uploads\/2021\/05\/delivery-icon.png\" alt=\"\" width=\"24\" height=\"24\" srcset=\"https:\/\/1dronas.lt\/wp-content\/uploads\/2021\/05\/delivery-icon.png 35w, https:\/\/1dronas.lt\/wp-content\/uploads\/2021\/05\/delivery-icon-12x12.png 12w\" sizes=\"auto, (max-width: 24px) 100vw, 24px\" \/>\u00a0 1 \u2013 2 days<\/strong><\/span><\/p>","protected":false},"featured_media":12443,"comment_status":"open","ping_status":"closed","template":"","meta":[],"product_brand":[592],"product_cat":[872],"product_tag":[980,110,873],"class_list":{"0":"post-12442","1":"product","2":"type-product","3":"status-publish","4":"has-post-thumbnail","6":"product_brand-geprc","7":"product_cat-cinewhoop-remai","8":"product_tag-black-friday","9":"product_tag-cinewhoop","10":"product_tag-geprc-gep-cl25-v2","12":"first","13":"instock","14":"taxable","15":"shipping-taxable","16":"purchasable","17":"product-type-simple"},"yoast_head":"<!-- This site is optimized with the Yoast SEO plugin v27.5 - https:\/\/yoast.com\/product\/yoast-seo-wordpress\/ -->\n<title>GEPRC GEP-CL25 V2 r\u0117mas - 1dronas.lt<\/title>\n<meta name=\"robots\" content=\"index, follow, max-snippet:-1, max-image-preview:large, max-video-preview:-1\" \/>\n<link rel=\"canonical\" href=\"https:\/\/1dronas.lt\/en\/produktas\/geprc-gep-cl25-v2-remas\/\" \/>\n<meta property=\"og:locale\" content=\"en_US\" \/>\n<meta property=\"og:type\" content=\"article\" \/>\n<meta property=\"og:title\" content=\"GEPRC GEP-CL25 V2 r\u0117mas - 1dronas.lt\" \/>\n<meta property=\"og:description\" content=\"GEP-CL25 V2 r\u0117mas yra visi\u0161kai atnaujintas ir patobulintas, siekiant suteikti naudotojams dar geresn\u0119 skryd\u017eio patirt\u012f. \u00a0 1 \u2013 2 d. d.\" \/>\n<meta property=\"og:url\" content=\"https:\/\/1dronas.lt\/en\/produktas\/geprc-gep-cl25-v2-remas\/\" \/>\n<meta property=\"og:site_name\" content=\"1dronas.lt\" \/>\n<meta property=\"article:publisher\" content=\"https:\/\/www.facebook.com\/1dronas\/\" \/>\n<meta property=\"article:modified_time\" content=\"2026-04-13T17:54:34+00:00\" \/>\n<meta property=\"og:image\" content=\"https:\/\/1dronas.lt\/wp-content\/uploads\/2025\/10\/1_DeMain_0000_00000-min.jpg\" \/>\n\t<meta property=\"og:image:width\" content=\"2000\" \/>\n\t<meta property=\"og:image:height\" content=\"2000\" \/>\n\t<meta property=\"og:image:type\" content=\"image\/jpeg\" \/>\n<meta name=\"twitter:card\" content=\"summary_large_image\" \/>\n<meta name=\"twitter:label1\" content=\"Est. reading time\" \/>\n\t<meta name=\"twitter:data1\" content=\"2 minutes\" \/>\n<script type=\"application\/ld+json\" class=\"yoast-schema-graph\">{\"@context\":\"https:\\\/\\\/schema.org\",\"@graph\":[{\"@type\":\"WebPage\",\"@id\":\"https:\\\/\\\/1dronas.lt\\\/en\\\/produktas\\\/geprc-gep-cl25-v2-remas\\\/\",\"url\":\"https:\\\/\\\/1dronas.lt\\\/en\\\/produktas\\\/geprc-gep-cl25-v2-remas\\\/\",\"name\":\"GEPRC GEP-CL25 V2 r\u0117mas - 1dronas.lt\",\"isPartOf\":{\"@id\":\"https:\\\/\\\/1dronas.lt\\\/en\\\/#website\"},\"primaryImageOfPage\":{\"@id\":\"https:\\\/\\\/1dronas.lt\\\/en\\\/produktas\\\/geprc-gep-cl25-v2-remas\\\/#primaryimage\"},\"image\":{\"@id\":\"https:\\\/\\\/1dronas.lt\\\/en\\\/produktas\\\/geprc-gep-cl25-v2-remas\\\/#primaryimage\"},\"thumbnailUrl\":\"https:\\\/\\\/1dronas.lt\\\/wp-content\\\/uploads\\\/2025\\\/10\\\/1_DeMain_0000_00000-min.jpg\",\"datePublished\":\"2025-10-28T21:23:28+00:00\",\"dateModified\":\"2026-04-13T17:54:34+00:00\",\"breadcrumb\":{\"@id\":\"https:\\\/\\\/1dronas.lt\\\/en\\\/produktas\\\/geprc-gep-cl25-v2-remas\\\/#breadcrumb\"},\"inLanguage\":\"en-US\",\"potentialAction\":[{\"@type\":\"ReadAction\",\"target\":[\"https:\\\/\\\/1dronas.lt\\\/en\\\/produktas\\\/geprc-gep-cl25-v2-remas\\\/\"]}]},{\"@type\":\"ImageObject\",\"inLanguage\":\"en-US\",\"@id\":\"https:\\\/\\\/1dronas.lt\\\/en\\\/produktas\\\/geprc-gep-cl25-v2-remas\\\/#primaryimage\",\"url\":\"https:\\\/\\\/1dronas.lt\\\/wp-content\\\/uploads\\\/2025\\\/10\\\/1_DeMain_0000_00000-min.jpg\",\"contentUrl\":\"https:\\\/\\\/1dronas.lt\\\/wp-content\\\/uploads\\\/2025\\\/10\\\/1_DeMain_0000_00000-min.jpg\",\"width\":2000,\"height\":2000},{\"@type\":\"BreadcrumbList\",\"@id\":\"https:\\\/\\\/1dronas.lt\\\/en\\\/produktas\\\/geprc-gep-cl25-v2-remas\\\/#breadcrumb\",\"itemListElement\":[{\"@type\":\"ListItem\",\"position\":1,\"name\":\"Home\",\"item\":\"https:\\\/\\\/1dronas.lt\\\/\"},{\"@type\":\"ListItem\",\"position\":2,\"name\":\"Parduotuv\u0117\",\"item\":\"https:\\\/\\\/1dronas.lt\\\/parduotuve\\\/\"},{\"@type\":\"ListItem\",\"position\":3,\"name\":\"GEPRC GEP-CL25 V2 r\u0117mas\"}]},{\"@type\":\"WebSite\",\"@id\":\"https:\\\/\\\/1dronas.lt\\\/en\\\/#website\",\"url\":\"https:\\\/\\\/1dronas.lt\\\/en\\\/\",\"name\":\"1dronas.lt\",\"description\":\"Internetin\u0117 parduotuv\u0117\",\"publisher\":{\"@id\":\"https:\\\/\\\/1dronas.lt\\\/en\\\/#organization\"},\"potentialAction\":[{\"@type\":\"SearchAction\",\"target\":{\"@type\":\"EntryPoint\",\"urlTemplate\":\"https:\\\/\\\/1dronas.lt\\\/en\\\/?s={search_term_string}\"},\"query-input\":{\"@type\":\"PropertyValueSpecification\",\"valueRequired\":true,\"valueName\":\"search_term_string\"}}],\"inLanguage\":\"en-US\"},{\"@type\":\"Organization\",\"@id\":\"https:\\\/\\\/1dronas.lt\\\/en\\\/#organization\",\"name\":\"1dronas.lt\",\"url\":\"https:\\\/\\\/1dronas.lt\\\/en\\\/\",\"logo\":{\"@type\":\"ImageObject\",\"inLanguage\":\"en-US\",\"@id\":\"https:\\\/\\\/1dronas.lt\\\/en\\\/#\\\/schema\\\/logo\\\/image\\\/\",\"url\":\"https:\\\/\\\/1dronas.lt\\\/wp-content\\\/uploads\\\/2020\\\/12\\\/Ekrano_kopija__2_-removebg-preview-1-1.png\",\"contentUrl\":\"https:\\\/\\\/1dronas.lt\\\/wp-content\\\/uploads\\\/2020\\\/12\\\/Ekrano_kopija__2_-removebg-preview-1-1.png\",\"width\":234,\"height\":81,\"caption\":\"1dronas.lt\"},\"image\":{\"@id\":\"https:\\\/\\\/1dronas.lt\\\/en\\\/#\\\/schema\\\/logo\\\/image\\\/\"},\"sameAs\":[\"https:\\\/\\\/www.facebook.com\\\/1dronas\\\/\"]}]}<\/script>\n<!-- \/ Yoast SEO plugin. -->","yoast_head_json":{"title":"GEPRC GEP-CL25 V2 frame - 1dronas.lt","robots":{"index":"index","follow":"follow","max-snippet":"max-snippet:-1","max-image-preview":"max-image-preview:large","max-video-preview":"max-video-preview:-1"},"canonical":"https:\/\/1dronas.lt\/en\/produktas\/geprc-gep-cl25-v2-remas\/","og_locale":"en_US","og_type":"article","og_title":"GEPRC GEP-CL25 V2 r\u0117mas - 1dronas.lt","og_description":"GEP-CL25 V2 r\u0117mas yra visi\u0161kai atnaujintas ir patobulintas, siekiant suteikti naudotojams dar geresn\u0119 skryd\u017eio patirt\u012f. \u00a0 1 \u2013 2 d. d.","og_url":"https:\/\/1dronas.lt\/en\/produktas\/geprc-gep-cl25-v2-remas\/","og_site_name":"1dronas.lt","article_publisher":"https:\/\/www.facebook.com\/1dronas\/","article_modified_time":"2026-04-13T17:54:34+00:00","og_image":[{"width":2000,"height":2000,"url":"https:\/\/1dronas.lt\/wp-content\/uploads\/2025\/10\/1_DeMain_0000_00000-min.jpg","type":"image\/jpeg"}],"twitter_card":"summary_large_image","twitter_misc":{"Est. reading time":"2 minutes"},"schema":{"@context":"https:\/\/schema.org","@graph":[{"@type":"WebPage","@id":"https:\/\/1dronas.lt\/en\/produktas\/geprc-gep-cl25-v2-remas\/","url":"https:\/\/1dronas.lt\/en\/produktas\/geprc-gep-cl25-v2-remas\/","name":"GEPRC GEP-CL25 V2 frame - 1dronas.lt","isPartOf":{"@id":"https:\/\/1dronas.lt\/en\/#website"},"primaryImageOfPage":{"@id":"https:\/\/1dronas.lt\/en\/produktas\/geprc-gep-cl25-v2-remas\/#primaryimage"},"image":{"@id":"https:\/\/1dronas.lt\/en\/produktas\/geprc-gep-cl25-v2-remas\/#primaryimage"},"thumbnailUrl":"https:\/\/1dronas.lt\/wp-content\/uploads\/2025\/10\/1_DeMain_0000_00000-min.jpg","datePublished":"2025-10-28T21:23:28+00:00","dateModified":"2026-04-13T17:54:34+00:00","breadcrumb":{"@id":"https:\/\/1dronas.lt\/en\/produktas\/geprc-gep-cl25-v2-remas\/#breadcrumb"},"inLanguage":"en-US","potentialAction":[{"@type":"ReadAction","target":["https:\/\/1dronas.lt\/en\/produktas\/geprc-gep-cl25-v2-remas\/"]}]},{"@type":"ImageObject","inLanguage":"en-US","@id":"https:\/\/1dronas.lt\/en\/produktas\/geprc-gep-cl25-v2-remas\/#primaryimage","url":"https:\/\/1dronas.lt\/wp-content\/uploads\/2025\/10\/1_DeMain_0000_00000-min.jpg","contentUrl":"https:\/\/1dronas.lt\/wp-content\/uploads\/2025\/10\/1_DeMain_0000_00000-min.jpg","width":2000,"height":2000},{"@type":"BreadcrumbList","@id":"https:\/\/1dronas.lt\/en\/produktas\/geprc-gep-cl25-v2-remas\/#breadcrumb","itemListElement":[{"@type":"ListItem","position":1,"name":"Home","item":"https:\/\/1dronas.lt\/"},{"@type":"ListItem","position":2,"name":"Parduotuv\u0117","item":"https:\/\/1dronas.lt\/parduotuve\/"},{"@type":"ListItem","position":3,"name":"GEPRC GEP-CL25 V2 r\u0117mas"}]},{"@type":"WebSite","@id":"https:\/\/1dronas.lt\/en\/#website","url":"https:\/\/1dronas.lt\/en\/","name":"1dronas.lt","description":"Online store","publisher":{"@id":"https:\/\/1dronas.lt\/en\/#organization"},"potentialAction":[{"@type":"SearchAction","target":{"@type":"EntryPoint","urlTemplate":"https:\/\/1dronas.lt\/en\/?s={search_term_string}"},"query-input":{"@type":"PropertyValueSpecification","valueRequired":true,"valueName":"search_term_string"}}],"inLanguage":"en-US"},{"@type":"Organization","@id":"https:\/\/1dronas.lt\/en\/#organization","name":"1dronas.lt","url":"https:\/\/1dronas.lt\/en\/","logo":{"@type":"ImageObject","inLanguage":"en-US","@id":"https:\/\/1dronas.lt\/en\/#\/schema\/logo\/image\/","url":"https:\/\/1dronas.lt\/wp-content\/uploads\/2020\/12\/Ekrano_kopija__2_-removebg-preview-1-1.png","contentUrl":"https:\/\/1dronas.lt\/wp-content\/uploads\/2020\/12\/Ekrano_kopija__2_-removebg-preview-1-1.png","width":234,"height":81,"caption":"1dronas.lt"},"image":{"@id":"https:\/\/1dronas.lt\/en\/#\/schema\/logo\/image\/"},"sameAs":["https:\/\/www.facebook.com\/1dronas\/"]}]}},"jetpack_sharing_enabled":true,"_links":{"self":[{"href":"https:\/\/1dronas.lt\/en\/wp-json\/wp\/v2\/product\/12442","targetHints":{"allow":["GET"]}}],"collection":[{"href":"https:\/\/1dronas.lt\/en\/wp-json\/wp\/v2\/product"}],"about":[{"href":"https:\/\/1dronas.lt\/en\/wp-json\/wp\/v2\/types\/product"}],"replies":[{"embeddable":true,"href":"https:\/\/1dronas.lt\/en\/wp-json\/wp\/v2\/comments?post=12442"}],"wp:featuredmedia":[{"embeddable":true,"href":"https:\/\/1dronas.lt\/en\/wp-json\/wp\/v2\/media\/12443"}],"wp:attachment":[{"href":"https:\/\/1dronas.lt\/en\/wp-json\/wp\/v2\/media?parent=12442"}],"wp:term":[{"taxonomy":"product_brand","embeddable":true,"href":"https:\/\/1dronas.lt\/en\/wp-json\/wp\/v2\/product_brand?post=12442"},{"taxonomy":"product_cat","embeddable":true,"href":"https:\/\/1dronas.lt\/en\/wp-json\/wp\/v2\/product_cat?post=12442"},{"taxonomy":"product_tag","embeddable":true,"href":"https:\/\/1dronas.lt\/en\/wp-json\/wp\/v2\/product_tag?post=12442"}],"curies":[{"name":"wp","href":"https:\/\/api.w.org\/{rel}","templated":true}]}}