{"id":12293,"date":"2025-10-25T17:31:32","date_gmt":"2025-10-25T14:31:32","guid":{"rendered":"https:\/\/1dronas.lt\/?post_type=product&#038;p=12293"},"modified":"2025-12-01T00:25:21","modified_gmt":"2025-11-30T22:25:21","slug":"geprc-darkstar16-o4-pro-tinywhoop-elrs-2-4ghz","status":"publish","type":"product","link":"https:\/\/1dronas.lt\/en\/produktas\/geprc-darkstar16-o4-pro-tinywhoop-elrs-2-4ghz\/","title":{"rendered":"GEPRC DarkStar16 O4 PRO TinyWhoop ELRS 2.4GHz"},"content":{"rendered":"<p>The Darkstar16 features a 1.6-inch frame and the DJI O4 Air Unit Pro system with a larger CMOS sensor, ensuring clear and sharp images even in low-light environments. The modular VTX with a four-point damping system reduces vibrations and the &quot;jello effect&quot; for stable filming. This drone provides a high-quality flight experience.<\/p>\n<p><strong>Features:<\/strong><\/p>\n<p>\u2022 Integrated four-point damping system ensures a stable image;<br \/>\n\u2022 Quick-release design allows you to remove the VTX module by removing only 6 screws;<br \/>\n\u2022 Equipped with the DJI O4 Air Unit Pro, which has a larger CMOS sensor for clearer images and better performance in low light;<br \/>\n\u2022 Compact 1.6 inch frame;<br \/>\n\u2022 Fixed XT30 power connector.<\/p>\n<p><strong>Specification:<\/strong><\/p>\n<p>\u2022 Model: DarkStar16 O4 Pro;<br \/>\n\u2022 Frame: GEP-DS16;<br \/>\n\u2022 Wheelbase: 91 mm;<br \/>\n\u2022 Flight controller (FC): TAKER F411-12A-E 1-2S AIO;<br \/>\n\u2022 MCU: STM32F411CEU6;<br \/>\n\u2022 Gyroscope: ICM42688-P;<br \/>\n\u2022 OSD: Betaflight OSD with AT7456E chip;<br \/>\n\u2022 ESC: Bluejay 8Bit 12A;<br \/>\n\u2022 VTX: DJI O4 Air Unit Pro VTX module;<br \/>\n\u2022 Camera: DJI O4 Air Unit Pro camera;<br \/>\n\u2022 Antenna: 5.8G UFL antenna;<br \/>\n\u2022 Motor: SPEEDX2 1003 14800KV;<br \/>\n\u2022 Propeller model: Gemfan1636-4;<br \/>\n\u2022 Receiver: ELRS2.4G;<br \/>\n\u2022 Flight time: 4 min (with LiHV 2S 530 mAh battery, flying slowly indoors).<\/p>\n<p><strong>Package:<\/strong><\/p>\n<p>1x DarkStar16 O4 Pro;<br \/>\n1x Darkstar16 top cover (gray);<br \/>\n1x Darkstar16 camera protection (gray);<br \/>\n1x Darkstar16 protective frame (black);<br \/>\n1x Gemfan1636-4 (2 CW + 2 CCW);<br \/>\n1x Plum screwdriver;<br \/>\n1x Spare screw set;<br \/>\n1x Keychain.<\/p>\n<p><img loading=\"lazy\" decoding=\"async\" class=\"alignnone wp-image-12301 size-full\" src=\"https:\/\/1dronas.lt\/wp-content\/uploads\/2025\/10\/18-min.jpg\" alt=\"\" width=\"1200\" height=\"1586\" srcset=\"https:\/\/1dronas.lt\/wp-content\/uploads\/2025\/10\/18-min.jpg 1200w, https:\/\/1dronas.lt\/wp-content\/uploads\/2025\/10\/18-min-227x300.jpg 227w, https:\/\/1dronas.lt\/wp-content\/uploads\/2025\/10\/18-min-775x1024.jpg 775w, https:\/\/1dronas.lt\/wp-content\/uploads\/2025\/10\/18-min-768x1015.jpg 768w, https:\/\/1dronas.lt\/wp-content\/uploads\/2025\/10\/18-min-1162x1536.jpg 1162w, https:\/\/1dronas.lt\/wp-content\/uploads\/2025\/10\/18-min-9x12.jpg 9w, https:\/\/1dronas.lt\/wp-content\/uploads\/2025\/10\/18-min-510x674.jpg 510w\" sizes=\"auto, (max-width: 1200px) 100vw, 1200px\" \/><\/p>","protected":false},"excerpt":{"rendered":"<p><span style=\"color: #333333;\">Darkstar16 O4 Pro is a compact drone with the DJI O4 Air Unit Pro system, ensuring a clear and stable image even in low-light environments.<\/span><\/p>\n<p><span style=\"color: #333333; font-size: 90%;\"><strong><img loading=\"lazy\" decoding=\"async\" class=\"alignnone wp-image-1806\" src=\"https:\/\/1dronas.lt\/wp-content\/uploads\/2021\/05\/delivery-icon.png\" alt=\"\" width=\"24\" height=\"24\" srcset=\"https:\/\/1dronas.lt\/wp-content\/uploads\/2021\/05\/delivery-icon.png 35w, https:\/\/1dronas.lt\/wp-content\/uploads\/2021\/05\/delivery-icon-12x12.png 12w\" sizes=\"auto, (max-width: 24px) 100vw, 24px\" \/>\u00a0 1 \u2013 2 days<\/strong><\/span><\/p>","protected":false},"featured_media":12295,"comment_status":"open","ping_status":"closed","template":"","meta":[],"product_brand":[592],"product_cat":[112],"product_tag":[519,980,861,493,176,593,113],"class_list":{"0":"post-12293","1":"product","2":"type-product","3":"status-publish","4":"has-post-thumbnail","6":"product_brand-geprc","7":"product_cat-whoop","8":"product_tag-2-4ghz","9":"product_tag-black-friday","10":"product_tag-darkstar16","11":"product_tag-dji-o4-air-unit-pro","12":"product_tag-elrs","13":"product_tag-geprc","14":"product_tag-whoop","16":"first","17":"instock","18":"taxable","19":"shipping-taxable","20":"purchasable","21":"product-type-simple"},"yoast_head":"<!-- This site is optimized with the Yoast SEO plugin v27.5 - https:\/\/yoast.com\/product\/yoast-seo-wordpress\/ -->\n<title>GEPRC DarkStar16 O4 PRO TinyWhoop ELRS 2.4GHz - 1dronas.lt<\/title>\n<meta name=\"robots\" content=\"index, follow, max-snippet:-1, max-image-preview:large, max-video-preview:-1\" \/>\n<link rel=\"canonical\" href=\"https:\/\/1dronas.lt\/en\/produktas\/geprc-darkstar16-o4-pro-tinywhoop-elrs-2-4ghz\/\" \/>\n<meta property=\"og:locale\" content=\"en_US\" \/>\n<meta property=\"og:type\" content=\"article\" \/>\n<meta property=\"og:title\" content=\"GEPRC DarkStar16 O4 PRO TinyWhoop ELRS 2.4GHz - 1dronas.lt\" \/>\n<meta property=\"og:description\" content=\"Darkstar16 O4 Pro - kompakti\u0161kas dronas su DJI O4 Air Unit Pro sistema, u\u017etikrinantis ai\u0161k\u0173 ir stabil\u0173 vaizd\u0105 net silpnai ap\u0161viestoje aplinkoje.  \u00a0 1 \u2013 2 d. d.\" \/>\n<meta property=\"og:url\" content=\"https:\/\/1dronas.lt\/en\/produktas\/geprc-darkstar16-o4-pro-tinywhoop-elrs-2-4ghz\/\" \/>\n<meta property=\"og:site_name\" content=\"1dronas.lt\" \/>\n<meta property=\"article:publisher\" content=\"https:\/\/www.facebook.com\/1dronas\/\" \/>\n<meta property=\"article:modified_time\" content=\"2025-11-30T22:25:21+00:00\" \/>\n<meta property=\"og:image\" content=\"https:\/\/1dronas.lt\/wp-content\/uploads\/2025\/10\/1_Main_0000-min.jpg\" \/>\n\t<meta property=\"og:image:width\" content=\"2000\" \/>\n\t<meta property=\"og:image:height\" content=\"2000\" \/>\n\t<meta property=\"og:image:type\" content=\"image\/jpeg\" \/>\n<meta name=\"twitter:card\" content=\"summary_large_image\" \/>\n<meta name=\"twitter:label1\" content=\"Est. reading time\" \/>\n\t<meta name=\"twitter:data1\" content=\"2 minutes\" \/>\n<script type=\"application\/ld+json\" class=\"yoast-schema-graph\">{\"@context\":\"https:\\\/\\\/schema.org\",\"@graph\":[{\"@type\":\"WebPage\",\"@id\":\"https:\\\/\\\/1dronas.lt\\\/en\\\/produktas\\\/geprc-darkstar16-o4-pro-tinywhoop-elrs-2-4ghz\\\/\",\"url\":\"https:\\\/\\\/1dronas.lt\\\/en\\\/produktas\\\/geprc-darkstar16-o4-pro-tinywhoop-elrs-2-4ghz\\\/\",\"name\":\"GEPRC DarkStar16 O4 PRO TinyWhoop ELRS 2.4GHz - 1dronas.lt\",\"isPartOf\":{\"@id\":\"https:\\\/\\\/1dronas.lt\\\/en\\\/#website\"},\"primaryImageOfPage\":{\"@id\":\"https:\\\/\\\/1dronas.lt\\\/en\\\/produktas\\\/geprc-darkstar16-o4-pro-tinywhoop-elrs-2-4ghz\\\/#primaryimage\"},\"image\":{\"@id\":\"https:\\\/\\\/1dronas.lt\\\/en\\\/produktas\\\/geprc-darkstar16-o4-pro-tinywhoop-elrs-2-4ghz\\\/#primaryimage\"},\"thumbnailUrl\":\"https:\\\/\\\/1dronas.lt\\\/wp-content\\\/uploads\\\/2025\\\/10\\\/1_Main_0000-min.jpg\",\"datePublished\":\"2025-10-25T14:31:32+00:00\",\"dateModified\":\"2025-11-30T22:25:21+00:00\",\"breadcrumb\":{\"@id\":\"https:\\\/\\\/1dronas.lt\\\/en\\\/produktas\\\/geprc-darkstar16-o4-pro-tinywhoop-elrs-2-4ghz\\\/#breadcrumb\"},\"inLanguage\":\"en-US\",\"potentialAction\":[{\"@type\":\"ReadAction\",\"target\":[\"https:\\\/\\\/1dronas.lt\\\/en\\\/produktas\\\/geprc-darkstar16-o4-pro-tinywhoop-elrs-2-4ghz\\\/\"]}]},{\"@type\":\"ImageObject\",\"inLanguage\":\"en-US\",\"@id\":\"https:\\\/\\\/1dronas.lt\\\/en\\\/produktas\\\/geprc-darkstar16-o4-pro-tinywhoop-elrs-2-4ghz\\\/#primaryimage\",\"url\":\"https:\\\/\\\/1dronas.lt\\\/wp-content\\\/uploads\\\/2025\\\/10\\\/1_Main_0000-min.jpg\",\"contentUrl\":\"https:\\\/\\\/1dronas.lt\\\/wp-content\\\/uploads\\\/2025\\\/10\\\/1_Main_0000-min.jpg\",\"width\":2000,\"height\":2000},{\"@type\":\"BreadcrumbList\",\"@id\":\"https:\\\/\\\/1dronas.lt\\\/en\\\/produktas\\\/geprc-darkstar16-o4-pro-tinywhoop-elrs-2-4ghz\\\/#breadcrumb\",\"itemListElement\":[{\"@type\":\"ListItem\",\"position\":1,\"name\":\"Home\",\"item\":\"https:\\\/\\\/1dronas.lt\\\/\"},{\"@type\":\"ListItem\",\"position\":2,\"name\":\"Parduotuv\u0117\",\"item\":\"https:\\\/\\\/1dronas.lt\\\/parduotuve\\\/\"},{\"@type\":\"ListItem\",\"position\":3,\"name\":\"GEPRC DarkStar16 O4 PRO TinyWhoop ELRS 2.4GHz\"}]},{\"@type\":\"WebSite\",\"@id\":\"https:\\\/\\\/1dronas.lt\\\/en\\\/#website\",\"url\":\"https:\\\/\\\/1dronas.lt\\\/en\\\/\",\"name\":\"1dronas.lt\",\"description\":\"Internetin\u0117 parduotuv\u0117\",\"publisher\":{\"@id\":\"https:\\\/\\\/1dronas.lt\\\/en\\\/#organization\"},\"potentialAction\":[{\"@type\":\"SearchAction\",\"target\":{\"@type\":\"EntryPoint\",\"urlTemplate\":\"https:\\\/\\\/1dronas.lt\\\/en\\\/?s={search_term_string}\"},\"query-input\":{\"@type\":\"PropertyValueSpecification\",\"valueRequired\":true,\"valueName\":\"search_term_string\"}}],\"inLanguage\":\"en-US\"},{\"@type\":\"Organization\",\"@id\":\"https:\\\/\\\/1dronas.lt\\\/en\\\/#organization\",\"name\":\"1dronas.lt\",\"url\":\"https:\\\/\\\/1dronas.lt\\\/en\\\/\",\"logo\":{\"@type\":\"ImageObject\",\"inLanguage\":\"en-US\",\"@id\":\"https:\\\/\\\/1dronas.lt\\\/en\\\/#\\\/schema\\\/logo\\\/image\\\/\",\"url\":\"https:\\\/\\\/1dronas.lt\\\/wp-content\\\/uploads\\\/2020\\\/12\\\/Ekrano_kopija__2_-removebg-preview-1-1.png\",\"contentUrl\":\"https:\\\/\\\/1dronas.lt\\\/wp-content\\\/uploads\\\/2020\\\/12\\\/Ekrano_kopija__2_-removebg-preview-1-1.png\",\"width\":234,\"height\":81,\"caption\":\"1dronas.lt\"},\"image\":{\"@id\":\"https:\\\/\\\/1dronas.lt\\\/en\\\/#\\\/schema\\\/logo\\\/image\\\/\"},\"sameAs\":[\"https:\\\/\\\/www.facebook.com\\\/1dronas\\\/\"]}]}<\/script>\n<!-- \/ Yoast SEO plugin. -->","yoast_head_json":{"title":"GEPRC DarkStar16 O4 PRO TinyWhoop ELRS 2.4GHz - 1dronas.lt","robots":{"index":"index","follow":"follow","max-snippet":"max-snippet:-1","max-image-preview":"max-image-preview:large","max-video-preview":"max-video-preview:-1"},"canonical":"https:\/\/1dronas.lt\/en\/produktas\/geprc-darkstar16-o4-pro-tinywhoop-elrs-2-4ghz\/","og_locale":"en_US","og_type":"article","og_title":"GEPRC DarkStar16 O4 PRO TinyWhoop ELRS 2.4GHz - 1dronas.lt","og_description":"Darkstar16 O4 Pro - kompakti\u0161kas dronas su DJI O4 Air Unit Pro sistema, u\u017etikrinantis ai\u0161k\u0173 ir stabil\u0173 vaizd\u0105 net silpnai ap\u0161viestoje aplinkoje.  \u00a0 1 \u2013 2 d. d.","og_url":"https:\/\/1dronas.lt\/en\/produktas\/geprc-darkstar16-o4-pro-tinywhoop-elrs-2-4ghz\/","og_site_name":"1dronas.lt","article_publisher":"https:\/\/www.facebook.com\/1dronas\/","article_modified_time":"2025-11-30T22:25:21+00:00","og_image":[{"width":2000,"height":2000,"url":"https:\/\/1dronas.lt\/wp-content\/uploads\/2025\/10\/1_Main_0000-min.jpg","type":"image\/jpeg"}],"twitter_card":"summary_large_image","twitter_misc":{"Est. reading time":"2 minutes"},"schema":{"@context":"https:\/\/schema.org","@graph":[{"@type":"WebPage","@id":"https:\/\/1dronas.lt\/en\/produktas\/geprc-darkstar16-o4-pro-tinywhoop-elrs-2-4ghz\/","url":"https:\/\/1dronas.lt\/en\/produktas\/geprc-darkstar16-o4-pro-tinywhoop-elrs-2-4ghz\/","name":"GEPRC DarkStar16 O4 PRO TinyWhoop ELRS 2.4GHz - 1dronas.lt","isPartOf":{"@id":"https:\/\/1dronas.lt\/en\/#website"},"primaryImageOfPage":{"@id":"https:\/\/1dronas.lt\/en\/produktas\/geprc-darkstar16-o4-pro-tinywhoop-elrs-2-4ghz\/#primaryimage"},"image":{"@id":"https:\/\/1dronas.lt\/en\/produktas\/geprc-darkstar16-o4-pro-tinywhoop-elrs-2-4ghz\/#primaryimage"},"thumbnailUrl":"https:\/\/1dronas.lt\/wp-content\/uploads\/2025\/10\/1_Main_0000-min.jpg","datePublished":"2025-10-25T14:31:32+00:00","dateModified":"2025-11-30T22:25:21+00:00","breadcrumb":{"@id":"https:\/\/1dronas.lt\/en\/produktas\/geprc-darkstar16-o4-pro-tinywhoop-elrs-2-4ghz\/#breadcrumb"},"inLanguage":"en-US","potentialAction":[{"@type":"ReadAction","target":["https:\/\/1dronas.lt\/en\/produktas\/geprc-darkstar16-o4-pro-tinywhoop-elrs-2-4ghz\/"]}]},{"@type":"ImageObject","inLanguage":"en-US","@id":"https:\/\/1dronas.lt\/en\/produktas\/geprc-darkstar16-o4-pro-tinywhoop-elrs-2-4ghz\/#primaryimage","url":"https:\/\/1dronas.lt\/wp-content\/uploads\/2025\/10\/1_Main_0000-min.jpg","contentUrl":"https:\/\/1dronas.lt\/wp-content\/uploads\/2025\/10\/1_Main_0000-min.jpg","width":2000,"height":2000},{"@type":"BreadcrumbList","@id":"https:\/\/1dronas.lt\/en\/produktas\/geprc-darkstar16-o4-pro-tinywhoop-elrs-2-4ghz\/#breadcrumb","itemListElement":[{"@type":"ListItem","position":1,"name":"Home","item":"https:\/\/1dronas.lt\/"},{"@type":"ListItem","position":2,"name":"Parduotuv\u0117","item":"https:\/\/1dronas.lt\/parduotuve\/"},{"@type":"ListItem","position":3,"name":"GEPRC DarkStar16 O4 PRO TinyWhoop ELRS 2.4GHz"}]},{"@type":"WebSite","@id":"https:\/\/1dronas.lt\/en\/#website","url":"https:\/\/1dronas.lt\/en\/","name":"1dronas.lt","description":"Online store","publisher":{"@id":"https:\/\/1dronas.lt\/en\/#organization"},"potentialAction":[{"@type":"SearchAction","target":{"@type":"EntryPoint","urlTemplate":"https:\/\/1dronas.lt\/en\/?s={search_term_string}"},"query-input":{"@type":"PropertyValueSpecification","valueRequired":true,"valueName":"search_term_string"}}],"inLanguage":"en-US"},{"@type":"Organization","@id":"https:\/\/1dronas.lt\/en\/#organization","name":"1dronas.lt","url":"https:\/\/1dronas.lt\/en\/","logo":{"@type":"ImageObject","inLanguage":"en-US","@id":"https:\/\/1dronas.lt\/en\/#\/schema\/logo\/image\/","url":"https:\/\/1dronas.lt\/wp-content\/uploads\/2020\/12\/Ekrano_kopija__2_-removebg-preview-1-1.png","contentUrl":"https:\/\/1dronas.lt\/wp-content\/uploads\/2020\/12\/Ekrano_kopija__2_-removebg-preview-1-1.png","width":234,"height":81,"caption":"1dronas.lt"},"image":{"@id":"https:\/\/1dronas.lt\/en\/#\/schema\/logo\/image\/"},"sameAs":["https:\/\/www.facebook.com\/1dronas\/"]}]}},"jetpack_sharing_enabled":true,"_links":{"self":[{"href":"https:\/\/1dronas.lt\/en\/wp-json\/wp\/v2\/product\/12293","targetHints":{"allow":["GET"]}}],"collection":[{"href":"https:\/\/1dronas.lt\/en\/wp-json\/wp\/v2\/product"}],"about":[{"href":"https:\/\/1dronas.lt\/en\/wp-json\/wp\/v2\/types\/product"}],"replies":[{"embeddable":true,"href":"https:\/\/1dronas.lt\/en\/wp-json\/wp\/v2\/comments?post=12293"}],"wp:featuredmedia":[{"embeddable":true,"href":"https:\/\/1dronas.lt\/en\/wp-json\/wp\/v2\/media\/12295"}],"wp:attachment":[{"href":"https:\/\/1dronas.lt\/en\/wp-json\/wp\/v2\/media?parent=12293"}],"wp:term":[{"taxonomy":"product_brand","embeddable":true,"href":"https:\/\/1dronas.lt\/en\/wp-json\/wp\/v2\/product_brand?post=12293"},{"taxonomy":"product_cat","embeddable":true,"href":"https:\/\/1dronas.lt\/en\/wp-json\/wp\/v2\/product_cat?post=12293"},{"taxonomy":"product_tag","embeddable":true,"href":"https:\/\/1dronas.lt\/en\/wp-json\/wp\/v2\/product_tag?post=12293"}],"curies":[{"name":"wp","href":"https:\/\/api.w.org\/{rel}","templated":true}]}}