{"id":12283,"date":"2025-10-25T15:13:33","date_gmt":"2025-10-25T12:13:33","guid":{"rendered":"https:\/\/1dronas.lt\/?post_type=product&#038;p=12283"},"modified":"2025-12-01T00:25:21","modified_gmt":"2025-11-30T22:25:21","slug":"geprc-moz7-v2-analog-6s-gps-elrs-915mhz-2-4ghz","status":"publish","type":"product","link":"https:\/\/1dronas.lt\/en\/produktas\/geprc-moz7-v2-analog-6s-gps-elrs-915mhz-2-4ghz\/","title":{"rendered":"GEPRC MOZ7 V2 Analog 6S GPS ELRS 915MHz\/2.4GHz GemX"},"content":{"rendered":"<p><img loading=\"lazy\" decoding=\"async\" class=\"alignnone wp-image-12291 size-full\" src=\"https:\/\/1dronas.lt\/wp-content\/uploads\/2025\/10\/\u5b98\u7f511-min.jpeg\" alt=\"\" width=\"1920\" height=\"900\" srcset=\"https:\/\/1dronas.lt\/wp-content\/uploads\/2025\/10\/\u5b98\u7f511-min.jpeg 1920w, https:\/\/1dronas.lt\/wp-content\/uploads\/2025\/10\/\u5b98\u7f511-min-300x141.jpeg 300w, https:\/\/1dronas.lt\/wp-content\/uploads\/2025\/10\/\u5b98\u7f511-min-1024x480.jpeg 1024w, https:\/\/1dronas.lt\/wp-content\/uploads\/2025\/10\/\u5b98\u7f511-min-768x360.jpeg 768w, https:\/\/1dronas.lt\/wp-content\/uploads\/2025\/10\/\u5b98\u7f511-min-1536x720.jpeg 1536w, https:\/\/1dronas.lt\/wp-content\/uploads\/2025\/10\/\u5b98\u7f511-min-18x8.jpeg 18w, https:\/\/1dronas.lt\/wp-content\/uploads\/2025\/10\/\u5b98\u7f511-min-510x239.jpeg 510w\" sizes=\"auto, (max-width: 1920px) 100vw, 1920px\" \/><\/p>\n<p data-start=\"75\" data-end=\"388\">With the H743 flight controller, GEP-M1025 GPS and ELRS dual-band receiver, the drone is suitable for reliable long-distance flights, with a range of up to 15 km, and the D-Log M color profile provides better image processing capabilities. The mounting position of the action camera and battery can also be changed.<\/p>\n<p data-start=\"75\" data-end=\"388\"><strong>Features<\/strong><\/p>\n<p data-start=\"75\" data-end=\"388\">\u2022 Reinforced frame for better stability;<br \/>\n\u2022 Updated V1.1 version 2809 1280KV motors provide up to 25 minutes of flight time;<br \/>\n\u2022 ELRS 915M\/2.4G Gemx dual-band receiver reduces signal dropout zones due to the front horizontal and rear vertical antenna positions;<br \/>\n\u2022 GEP-M1025 GPS offers fast and stable satellite connection;<br \/>\n\u2022 Reinforced side plates ensure a balanced center of gravity;<br \/>\n\u2022 Replaceable action camera mounting system;<br \/>\n\u2022 Two battery mounting options.<\/p>\n<p data-start=\"75\" data-end=\"388\"><strong>Specification:<\/strong><\/p>\n<p data-start=\"75\" data-end=\"388\">\u2022 Model: GEPRC MOZ7 V2 Analog;<br data-start=\"2142\" data-end=\"2145\" \/>\u2022 Frame: GEP-MOZ7 V2;<br data-start=\"2163\" data-end=\"2166\" \/>\u2022 Wheelbase: 336 mm<br data-start=\"2183\" data-end=\"2186\" \/>\u2022 Top plate thickness: 2.5 mm;<br data-start=\"2220\" data-end=\"2223\" \/>\u2022 Bottom plate thickness: 2.5 mm;<br data-start=\"2255\" data-end=\"2258\" \/>\u2022 Mounting plate thickness: 3 mm;<br data-start=\"2290\" data-end=\"2293\" \/>\u2022 Lever thickness: 6 mm;<br data-start=\"2313\" data-end=\"2316\" \/>\u2022 Flight controller: TAKER H743 BT;<br data-start=\"2349\" data-end=\"2352\" \/>\u2022 Microcontroller: STM32H743;<br data-start=\"2377\" data-end=\"2380\" \/>\u2022 Gyroscope: MPU6000 &amp; 42688-P (dual);<br data-start=\"2420\" data-end=\"2423\" \/>\u2022 Barometer: yes;<br data-start=\"2445\" data-end=\"2448\" \/>\u2022 GPS: GEP-M1025;<br data-start=\"2462\" data-end=\"2465\" \/>\u2022 OSD: BetaFlight OSD with AT7456E chip;<br data-start=\"2507\" data-end=\"2510\" \/>\u2022 ESC: TAKER H65_8S_32Bit 65A 4IN1 ESC;<br data-start=\"2546\" data-end=\"2549\" \/>\u2022 Video Transmitter (VTX): MATEN 5.8G 2.5W;<br data-start=\"2588\" data-end=\"2591\" \/>\u2022 Camera: CADDX RATEL2;<br data-start=\"2611\" data-end=\"2614\" \/>\u2022 Antenna: Momoda2-SMA-RHCP-170mm-Female;<br data-start=\"2651\" data-end=\"2654\" \/>\u2022 Power connector: XT60E-M;<br data-start=\"2680\" data-end=\"2683\" \/>\u2022 Motor: SPEEDX2 2809 1280KV V1.1;<br data-start=\"2717\" data-end=\"2720\" \/>\u2022 Screws: HQ 7.5<em data-start=\"2736\" data-end=\"2741\">3.7<\/em>3, three-bladed, transparent gray;<br data-start=\"2773\" data-end=\"2776\" \/>\u2022 Weight: 782 \u00b1 10 g;<br data-start=\"2794\" data-end=\"2797\" \/>\u2022 Receiver: ELRS 915M\/2.4G GemX;<br data-start=\"2843\" data-end=\"2846\" \/>\u2022 Recommended battery: LiPo 6S 3300mAh \/ Li-ion 8000mAh;<br data-start=\"2910\" data-end=\"2913\" \/>\u2022 Flight time: ~25 minutes (based on slow flight tests; actual results may vary depending on product, software version, flight style, and environment).<\/p>\n<p data-start=\"75\" data-end=\"388\"><strong>Package:<\/strong><\/p>\n<p data-start=\"75\" data-end=\"388\">1x GEPRC MOZ7 V2 FPV;<br data-start=\"3145\" data-end=\"3148\" \/>2x HQ 7.5<em data-start=\"3158\" data-end=\"3163\">3.7<\/em>3 (2 CW + 2 CCW);<br data-start=\"3179\" data-end=\"3182\" \/>2x 15*250 mm battery straps;<br data-start=\"3221\" data-end=\"3224\" \/>1x L-shaped screwdriver 1.5 mm;<br data-start=\"3254\" data-end=\"3257\" \/>1x L-shaped screwdriver 2.0 mm;<br data-start=\"3287\" data-end=\"3290\" \/>1x L-shaped screwdriver 3.0 mm;<br data-start=\"3320\" data-end=\"3323\" \/>1x set of spare screws;<br data-start=\"3353\" data-end=\"3356\" \/>2x battery non-slip pads;<br data-start=\"3397\" data-end=\"3400\" \/>1x frequency coupling pin;<br data-start=\"3428\" data-end=\"3431\" \/>1x VTX antenna;<br data-start=\"3445\" data-end=\"3448\" data-is-only-node=\"\" \/>1x tri-band rod antenna.<\/p>\n<p data-start=\"75\" data-end=\"388\"><img loading=\"lazy\" decoding=\"async\" class=\"alignnone wp-image-12290 size-full\" src=\"https:\/\/1dronas.lt\/wp-content\/uploads\/2025\/10\/23-min.jpeg\" alt=\"\" width=\"1200\" height=\"1544\" srcset=\"https:\/\/1dronas.lt\/wp-content\/uploads\/2025\/10\/23-min.jpeg 1200w, https:\/\/1dronas.lt\/wp-content\/uploads\/2025\/10\/23-min-233x300.jpeg 233w, https:\/\/1dronas.lt\/wp-content\/uploads\/2025\/10\/23-min-796x1024.jpeg 796w, https:\/\/1dronas.lt\/wp-content\/uploads\/2025\/10\/23-min-768x988.jpeg 768w, https:\/\/1dronas.lt\/wp-content\/uploads\/2025\/10\/23-min-1194x1536.jpeg 1194w, https:\/\/1dronas.lt\/wp-content\/uploads\/2025\/10\/23-min-9x12.jpeg 9w, https:\/\/1dronas.lt\/wp-content\/uploads\/2025\/10\/23-min-510x656.jpeg 510w\" sizes=\"auto, (max-width: 1200px) 100vw, 1200px\" \/><\/p>","protected":false},"excerpt":{"rendered":"<p><span style=\"color: #333333;\">MOZ7 V2 \u2013 Experience an unforgettable flight experience.<\/span><\/p>\n<p><span style=\"color: #333333; font-size: 90%;\"><strong><img loading=\"lazy\" decoding=\"async\" class=\"alignnone wp-image-1806\" src=\"https:\/\/1dronas.lt\/wp-content\/uploads\/2021\/05\/delivery-icon.png.webp\" alt=\"\" width=\"24\" height=\"24\" srcset=\"https:\/\/1dronas.lt\/wp-content\/uploads\/2021\/05\/delivery-icon.png 35w, https:\/\/1dronas.lt\/wp-content\/uploads\/2021\/05\/delivery-icon-12x12.png 12w\" sizes=\"auto, (max-width: 24px) 100vw, 24px\" \/>\u00a0 1 \u2013 2 days<\/strong><\/span><\/p>","protected":false},"featured_media":12285,"comment_status":"open","ping_status":"closed","template":"","meta":[],"product_brand":[592],"product_cat":[107],"product_tag":[519,99,537,468,980,176,593,40,332,860],"class_list":{"0":"post-12283","1":"product","2":"type-product","3":"status-publish","4":"has-post-thumbnail","6":"product_brand-geprc","7":"product_cat-long-range","8":"product_tag-2-4ghz","9":"product_tag-6s","10":"product_tag-915mhz","11":"product_tag-analog","12":"product_tag-black-friday","13":"product_tag-elrs","14":"product_tag-geprc","15":"product_tag-gps","16":"product_tag-long-range","17":"product_tag-moz7","19":"first","20":"instock","21":"taxable","22":"shipping-taxable","23":"purchasable","24":"product-type-simple"},"yoast_head":"<!-- This site is optimized with the Yoast SEO plugin v27.3 - https:\/\/yoast.com\/product\/yoast-seo-wordpress\/ -->\n<title>GEPRC MOZ7 V2 Analog 6S GPS ELRS 915MHz\/2.4GHz GemX - 1dronas.lt<\/title>\n<meta name=\"robots\" content=\"index, follow, max-snippet:-1, max-image-preview:large, max-video-preview:-1\" \/>\n<link rel=\"canonical\" href=\"https:\/\/1dronas.lt\/en\/produktas\/geprc-moz7-v2-analog-6s-gps-elrs-915mhz-2-4ghz\/\" \/>\n<meta property=\"og:locale\" content=\"en_US\" \/>\n<meta property=\"og:type\" content=\"article\" \/>\n<meta property=\"og:title\" content=\"GEPRC MOZ7 V2 Analog 6S GPS ELRS 915MHz\/2.4GHz GemX - 1dronas.lt\" \/>\n<meta property=\"og:description\" content=\"MOZ7 V2 - Patirk nepamir\u0161tam\u0105 skryd\u017eio patirt\u012f.  \u00a0 1 \u2013 2 d. d.\" \/>\n<meta property=\"og:url\" content=\"https:\/\/1dronas.lt\/en\/produktas\/geprc-moz7-v2-analog-6s-gps-elrs-915mhz-2-4ghz\/\" \/>\n<meta property=\"og:site_name\" content=\"1dronas.lt\" \/>\n<meta property=\"article:publisher\" content=\"https:\/\/www.facebook.com\/1dronas\/\" \/>\n<meta property=\"article:modified_time\" content=\"2025-11-30T22:25:21+00:00\" \/>\n<meta property=\"og:image\" content=\"https:\/\/1dronas.lt\/wp-content\/uploads\/2025\/10\/2_DeMain_0000-min.jpeg\" \/>\n\t<meta property=\"og:image:width\" content=\"2000\" \/>\n\t<meta property=\"og:image:height\" content=\"2000\" \/>\n\t<meta property=\"og:image:type\" content=\"image\/jpeg\" \/>\n<meta name=\"twitter:card\" content=\"summary_large_image\" \/>\n<meta name=\"twitter:label1\" content=\"Est. reading time\" \/>\n\t<meta name=\"twitter:data1\" content=\"3 minutes\" \/>\n<script type=\"application\/ld+json\" class=\"yoast-schema-graph\">{\"@context\":\"https:\\\/\\\/schema.org\",\"@graph\":[{\"@type\":\"WebPage\",\"@id\":\"https:\\\/\\\/1dronas.lt\\\/en\\\/produktas\\\/geprc-moz7-v2-analog-6s-gps-elrs-915mhz-2-4ghz\\\/\",\"url\":\"https:\\\/\\\/1dronas.lt\\\/en\\\/produktas\\\/geprc-moz7-v2-analog-6s-gps-elrs-915mhz-2-4ghz\\\/\",\"name\":\"GEPRC MOZ7 V2 Analog 6S GPS ELRS 915MHz\\\/2.4GHz GemX - 1dronas.lt\",\"isPartOf\":{\"@id\":\"https:\\\/\\\/1dronas.lt\\\/en\\\/#website\"},\"primaryImageOfPage\":{\"@id\":\"https:\\\/\\\/1dronas.lt\\\/en\\\/produktas\\\/geprc-moz7-v2-analog-6s-gps-elrs-915mhz-2-4ghz\\\/#primaryimage\"},\"image\":{\"@id\":\"https:\\\/\\\/1dronas.lt\\\/en\\\/produktas\\\/geprc-moz7-v2-analog-6s-gps-elrs-915mhz-2-4ghz\\\/#primaryimage\"},\"thumbnailUrl\":\"https:\\\/\\\/1dronas.lt\\\/wp-content\\\/uploads\\\/2025\\\/10\\\/2_DeMain_0000-min.jpeg\",\"datePublished\":\"2025-10-25T12:13:33+00:00\",\"dateModified\":\"2025-11-30T22:25:21+00:00\",\"breadcrumb\":{\"@id\":\"https:\\\/\\\/1dronas.lt\\\/en\\\/produktas\\\/geprc-moz7-v2-analog-6s-gps-elrs-915mhz-2-4ghz\\\/#breadcrumb\"},\"inLanguage\":\"en-US\",\"potentialAction\":[{\"@type\":\"ReadAction\",\"target\":[\"https:\\\/\\\/1dronas.lt\\\/en\\\/produktas\\\/geprc-moz7-v2-analog-6s-gps-elrs-915mhz-2-4ghz\\\/\"]}]},{\"@type\":\"ImageObject\",\"inLanguage\":\"en-US\",\"@id\":\"https:\\\/\\\/1dronas.lt\\\/en\\\/produktas\\\/geprc-moz7-v2-analog-6s-gps-elrs-915mhz-2-4ghz\\\/#primaryimage\",\"url\":\"https:\\\/\\\/1dronas.lt\\\/wp-content\\\/uploads\\\/2025\\\/10\\\/2_DeMain_0000-min.jpeg\",\"contentUrl\":\"https:\\\/\\\/1dronas.lt\\\/wp-content\\\/uploads\\\/2025\\\/10\\\/2_DeMain_0000-min.jpeg\",\"width\":2000,\"height\":2000},{\"@type\":\"BreadcrumbList\",\"@id\":\"https:\\\/\\\/1dronas.lt\\\/en\\\/produktas\\\/geprc-moz7-v2-analog-6s-gps-elrs-915mhz-2-4ghz\\\/#breadcrumb\",\"itemListElement\":[{\"@type\":\"ListItem\",\"position\":1,\"name\":\"Home\",\"item\":\"https:\\\/\\\/1dronas.lt\\\/\"},{\"@type\":\"ListItem\",\"position\":2,\"name\":\"Parduotuv\u0117\",\"item\":\"https:\\\/\\\/1dronas.lt\\\/parduotuve\\\/\"},{\"@type\":\"ListItem\",\"position\":3,\"name\":\"GEPRC MOZ7 V2 Analog 6S GPS ELRS 915MHz\\\/2.4GHz GemX\"}]},{\"@type\":\"WebSite\",\"@id\":\"https:\\\/\\\/1dronas.lt\\\/en\\\/#website\",\"url\":\"https:\\\/\\\/1dronas.lt\\\/en\\\/\",\"name\":\"1dronas.lt\",\"description\":\"Internetin\u0117 parduotuv\u0117\",\"publisher\":{\"@id\":\"https:\\\/\\\/1dronas.lt\\\/en\\\/#organization\"},\"potentialAction\":[{\"@type\":\"SearchAction\",\"target\":{\"@type\":\"EntryPoint\",\"urlTemplate\":\"https:\\\/\\\/1dronas.lt\\\/en\\\/?s={search_term_string}\"},\"query-input\":{\"@type\":\"PropertyValueSpecification\",\"valueRequired\":true,\"valueName\":\"search_term_string\"}}],\"inLanguage\":\"en-US\"},{\"@type\":\"Organization\",\"@id\":\"https:\\\/\\\/1dronas.lt\\\/en\\\/#organization\",\"name\":\"1dronas.lt\",\"url\":\"https:\\\/\\\/1dronas.lt\\\/en\\\/\",\"logo\":{\"@type\":\"ImageObject\",\"inLanguage\":\"en-US\",\"@id\":\"https:\\\/\\\/1dronas.lt\\\/en\\\/#\\\/schema\\\/logo\\\/image\\\/\",\"url\":\"https:\\\/\\\/1dronas.lt\\\/wp-content\\\/uploads\\\/2020\\\/12\\\/Ekrano_kopija__2_-removebg-preview-1-1.png\",\"contentUrl\":\"https:\\\/\\\/1dronas.lt\\\/wp-content\\\/uploads\\\/2020\\\/12\\\/Ekrano_kopija__2_-removebg-preview-1-1.png\",\"width\":234,\"height\":81,\"caption\":\"1dronas.lt\"},\"image\":{\"@id\":\"https:\\\/\\\/1dronas.lt\\\/en\\\/#\\\/schema\\\/logo\\\/image\\\/\"},\"sameAs\":[\"https:\\\/\\\/www.facebook.com\\\/1dronas\\\/\"]}]}<\/script>\n<!-- \/ Yoast SEO plugin. -->","yoast_head_json":{"title":"GEPRC MOZ7 V2 Analog 6S GPS ELRS 915MHz\/2.4GHz GemX - 1dronas.lt","robots":{"index":"index","follow":"follow","max-snippet":"max-snippet:-1","max-image-preview":"max-image-preview:large","max-video-preview":"max-video-preview:-1"},"canonical":"https:\/\/1dronas.lt\/en\/produktas\/geprc-moz7-v2-analog-6s-gps-elrs-915mhz-2-4ghz\/","og_locale":"en_US","og_type":"article","og_title":"GEPRC MOZ7 V2 Analog 6S GPS ELRS 915MHz\/2.4GHz GemX - 1dronas.lt","og_description":"MOZ7 V2 - Patirk nepamir\u0161tam\u0105 skryd\u017eio patirt\u012f.  \u00a0 1 \u2013 2 d. d.","og_url":"https:\/\/1dronas.lt\/en\/produktas\/geprc-moz7-v2-analog-6s-gps-elrs-915mhz-2-4ghz\/","og_site_name":"1dronas.lt","article_publisher":"https:\/\/www.facebook.com\/1dronas\/","article_modified_time":"2025-11-30T22:25:21+00:00","og_image":[{"width":2000,"height":2000,"url":"https:\/\/1dronas.lt\/wp-content\/uploads\/2025\/10\/2_DeMain_0000-min.jpeg","type":"image\/jpeg"}],"twitter_card":"summary_large_image","twitter_misc":{"Est. reading time":"3 minutes"},"schema":{"@context":"https:\/\/schema.org","@graph":[{"@type":"WebPage","@id":"https:\/\/1dronas.lt\/en\/produktas\/geprc-moz7-v2-analog-6s-gps-elrs-915mhz-2-4ghz\/","url":"https:\/\/1dronas.lt\/en\/produktas\/geprc-moz7-v2-analog-6s-gps-elrs-915mhz-2-4ghz\/","name":"GEPRC MOZ7 V2 Analog 6S GPS ELRS 915MHz\/2.4GHz GemX - 1dronas.lt","isPartOf":{"@id":"https:\/\/1dronas.lt\/en\/#website"},"primaryImageOfPage":{"@id":"https:\/\/1dronas.lt\/en\/produktas\/geprc-moz7-v2-analog-6s-gps-elrs-915mhz-2-4ghz\/#primaryimage"},"image":{"@id":"https:\/\/1dronas.lt\/en\/produktas\/geprc-moz7-v2-analog-6s-gps-elrs-915mhz-2-4ghz\/#primaryimage"},"thumbnailUrl":"https:\/\/1dronas.lt\/wp-content\/uploads\/2025\/10\/2_DeMain_0000-min.jpeg","datePublished":"2025-10-25T12:13:33+00:00","dateModified":"2025-11-30T22:25:21+00:00","breadcrumb":{"@id":"https:\/\/1dronas.lt\/en\/produktas\/geprc-moz7-v2-analog-6s-gps-elrs-915mhz-2-4ghz\/#breadcrumb"},"inLanguage":"en-US","potentialAction":[{"@type":"ReadAction","target":["https:\/\/1dronas.lt\/en\/produktas\/geprc-moz7-v2-analog-6s-gps-elrs-915mhz-2-4ghz\/"]}]},{"@type":"ImageObject","inLanguage":"en-US","@id":"https:\/\/1dronas.lt\/en\/produktas\/geprc-moz7-v2-analog-6s-gps-elrs-915mhz-2-4ghz\/#primaryimage","url":"https:\/\/1dronas.lt\/wp-content\/uploads\/2025\/10\/2_DeMain_0000-min.jpeg","contentUrl":"https:\/\/1dronas.lt\/wp-content\/uploads\/2025\/10\/2_DeMain_0000-min.jpeg","width":2000,"height":2000},{"@type":"BreadcrumbList","@id":"https:\/\/1dronas.lt\/en\/produktas\/geprc-moz7-v2-analog-6s-gps-elrs-915mhz-2-4ghz\/#breadcrumb","itemListElement":[{"@type":"ListItem","position":1,"name":"Home","item":"https:\/\/1dronas.lt\/"},{"@type":"ListItem","position":2,"name":"Parduotuv\u0117","item":"https:\/\/1dronas.lt\/parduotuve\/"},{"@type":"ListItem","position":3,"name":"GEPRC MOZ7 V2 Analog 6S GPS ELRS 915MHz\/2.4GHz GemX"}]},{"@type":"WebSite","@id":"https:\/\/1dronas.lt\/en\/#website","url":"https:\/\/1dronas.lt\/en\/","name":"1dronas.lt","description":"Online store","publisher":{"@id":"https:\/\/1dronas.lt\/en\/#organization"},"potentialAction":[{"@type":"SearchAction","target":{"@type":"EntryPoint","urlTemplate":"https:\/\/1dronas.lt\/en\/?s={search_term_string}"},"query-input":{"@type":"PropertyValueSpecification","valueRequired":true,"valueName":"search_term_string"}}],"inLanguage":"en-US"},{"@type":"Organization","@id":"https:\/\/1dronas.lt\/en\/#organization","name":"1dronas.lt","url":"https:\/\/1dronas.lt\/en\/","logo":{"@type":"ImageObject","inLanguage":"en-US","@id":"https:\/\/1dronas.lt\/en\/#\/schema\/logo\/image\/","url":"https:\/\/1dronas.lt\/wp-content\/uploads\/2020\/12\/Ekrano_kopija__2_-removebg-preview-1-1.png","contentUrl":"https:\/\/1dronas.lt\/wp-content\/uploads\/2020\/12\/Ekrano_kopija__2_-removebg-preview-1-1.png","width":234,"height":81,"caption":"1dronas.lt"},"image":{"@id":"https:\/\/1dronas.lt\/en\/#\/schema\/logo\/image\/"},"sameAs":["https:\/\/www.facebook.com\/1dronas\/"]}]}},"jetpack_sharing_enabled":true,"_links":{"self":[{"href":"https:\/\/1dronas.lt\/en\/wp-json\/wp\/v2\/product\/12283","targetHints":{"allow":["GET"]}}],"collection":[{"href":"https:\/\/1dronas.lt\/en\/wp-json\/wp\/v2\/product"}],"about":[{"href":"https:\/\/1dronas.lt\/en\/wp-json\/wp\/v2\/types\/product"}],"replies":[{"embeddable":true,"href":"https:\/\/1dronas.lt\/en\/wp-json\/wp\/v2\/comments?post=12283"}],"wp:featuredmedia":[{"embeddable":true,"href":"https:\/\/1dronas.lt\/en\/wp-json\/wp\/v2\/media\/12285"}],"wp:attachment":[{"href":"https:\/\/1dronas.lt\/en\/wp-json\/wp\/v2\/media?parent=12283"}],"wp:term":[{"taxonomy":"product_brand","embeddable":true,"href":"https:\/\/1dronas.lt\/en\/wp-json\/wp\/v2\/product_brand?post=12283"},{"taxonomy":"product_cat","embeddable":true,"href":"https:\/\/1dronas.lt\/en\/wp-json\/wp\/v2\/product_cat?post=12283"},{"taxonomy":"product_tag","embeddable":true,"href":"https:\/\/1dronas.lt\/en\/wp-json\/wp\/v2\/product_tag?post=12283"}],"curies":[{"name":"wp","href":"https:\/\/api.w.org\/{rel}","templated":true}]}}