{"id":12023,"date":"2025-10-05T17:47:08","date_gmt":"2025-10-05T14:47:08","guid":{"rendered":"https:\/\/1dronas.lt\/?post_type=product&#038;p=12023"},"modified":"2026-04-11T11:41:06","modified_gmt":"2026-04-11T08:41:06","slug":"gemfan-1611-3-asmenu-propeleriai-1-5mm","status":"publish","type":"product","link":"https:\/\/1dronas.lt\/en\/produktas\/gemfan-1611-3-asmenu-propeleriai-1-5mm\/","title":{"rendered":"Gemfan 1611 3-blade propellers 1.5mm"},"content":{"rendered":"<p>Gemfan 1611 three-blade propellers are made of durable PC (polycarbonate) material, which has an excellent balance of strength and lightness. These propellers provide strong thrust and excellent maneuverability, making them ideal for drones with a take-off weight of 40-80g. Weighing only 0.34g (set of 4), they feature fast response, high speed and smooth control, suitable for racing and freestyle flights. The propellers are recommended for use with 0802-1102 brushless motors, and their 1.5mm center hole allows for easy attachment to various configurations.<\/p>\n<p><img loading=\"lazy\" decoding=\"async\" class=\"alignnone size-full wp-image-12025\" src=\"https:\/\/1dronas.lt\/wp-content\/uploads\/2025\/10\/74b96dbb2d19db9758ba306fc55ad040_583e7377-b0b0-4ff0-a1dd-3a27af907053.webp\" alt=\"\" width=\"1600\" height=\"900\" srcset=\"https:\/\/1dronas.lt\/wp-content\/uploads\/2025\/10\/74b96dbb2d19db9758ba306fc55ad040_583e7377-b0b0-4ff0-a1dd-3a27af907053.webp 1600w, https:\/\/1dronas.lt\/wp-content\/uploads\/2025\/10\/74b96dbb2d19db9758ba306fc55ad040_583e7377-b0b0-4ff0-a1dd-3a27af907053-300x169.webp 300w, https:\/\/1dronas.lt\/wp-content\/uploads\/2025\/10\/74b96dbb2d19db9758ba306fc55ad040_583e7377-b0b0-4ff0-a1dd-3a27af907053-1024x576.webp 1024w, https:\/\/1dronas.lt\/wp-content\/uploads\/2025\/10\/74b96dbb2d19db9758ba306fc55ad040_583e7377-b0b0-4ff0-a1dd-3a27af907053-768x432.webp 768w, https:\/\/1dronas.lt\/wp-content\/uploads\/2025\/10\/74b96dbb2d19db9758ba306fc55ad040_583e7377-b0b0-4ff0-a1dd-3a27af907053-1536x864.webp 1536w, https:\/\/1dronas.lt\/wp-content\/uploads\/2025\/10\/74b96dbb2d19db9758ba306fc55ad040_583e7377-b0b0-4ff0-a1dd-3a27af907053-18x10.webp 18w, https:\/\/1dronas.lt\/wp-content\/uploads\/2025\/10\/74b96dbb2d19db9758ba306fc55ad040_583e7377-b0b0-4ff0-a1dd-3a27af907053-510x287.webp 510w\" sizes=\"auto, (max-width: 1600px) 100vw, 1600px\" \/><\/p>\n<p><strong>Specification<\/strong><\/p>\n<p>\u2022 Item: Gemfan 1611 three-blade propellers (for 1.5 mm shaft);<br \/>\n\u2022 Material: PC (polycarbonate);<br \/>\n\u2022 Pitch: 1.1 inch;<br \/>\n\u2022 Propeller diameter: 40 mm;<br \/>\n\u2022 Thickness of the central part: 4 mm;<br \/>\n\u2022 Maximum blade width: 8.5 mm;<br \/>\n\u2022 Center hole diameter: 1.5 mm;<br \/>\n\u2022 Weight: 0.34 g \/ pc.;<br \/>\n\u2022 Recommended take-off weight: 40\u201380 g.;<br \/>\n\u2022 Colors: Transparent gray \/ Transparent blue \/ Transparent yellow;<br \/>\n\u2022 Recommended engines: LAVA 1102, 0802SE.<\/p>\n<p>&nbsp;<\/p>\n<p><img loading=\"lazy\" decoding=\"async\" class=\"alignnone wp-image-12024\" src=\"https:\/\/1dronas.lt\/wp-content\/uploads\/2025\/10\/f7d7c897f798fc44c391847188c3ac79_b66f49be-ba1f-425e-8f5f-f48ab701b072_1024x1024-e1759675026286.webp\" alt=\"\" width=\"494\" height=\"332\" srcset=\"https:\/\/1dronas.lt\/wp-content\/uploads\/2025\/10\/f7d7c897f798fc44c391847188c3ac79_b66f49be-ba1f-425e-8f5f-f48ab701b072_1024x1024-e1759675026286.webp 1024w, https:\/\/1dronas.lt\/wp-content\/uploads\/2025\/10\/f7d7c897f798fc44c391847188c3ac79_b66f49be-ba1f-425e-8f5f-f48ab701b072_1024x1024-e1759675026286-300x202.webp 300w, https:\/\/1dronas.lt\/wp-content\/uploads\/2025\/10\/f7d7c897f798fc44c391847188c3ac79_b66f49be-ba1f-425e-8f5f-f48ab701b072_1024x1024-e1759675026286-768x516.webp 768w, https:\/\/1dronas.lt\/wp-content\/uploads\/2025\/10\/f7d7c897f798fc44c391847188c3ac79_b66f49be-ba1f-425e-8f5f-f48ab701b072_1024x1024-e1759675026286-18x12.webp 18w, https:\/\/1dronas.lt\/wp-content\/uploads\/2025\/10\/f7d7c897f798fc44c391847188c3ac79_b66f49be-ba1f-425e-8f5f-f48ab701b072_1024x1024-e1759675026286-510x343.webp 510w\" sizes=\"auto, (max-width: 494px) 100vw, 494px\" \/><\/p>\n<p><strong>Package:<\/strong><\/p>\n<p>4 x Gemfan 1611 three-blade propellers (1.5 mm shaft).<\/p>","protected":false},"excerpt":{"rendered":"<p><span style=\"color: #333333;\">Propellers are recommended for use with 0802-1102 brushless motors.<\/span><\/p>\n<p><span style=\"color: #333333;\"><strong><img loading=\"lazy\" decoding=\"async\" class=\"alignnone wp-image-1806\" src=\"https:\/\/1dronas.lt\/wp-content\/uploads\/2021\/05\/delivery-icon.png\" alt=\"\" width=\"24\" height=\"24\" srcset=\"https:\/\/1dronas.lt\/wp-content\/uploads\/2021\/05\/delivery-icon.png 35w, https:\/\/1dronas.lt\/wp-content\/uploads\/2021\/05\/delivery-icon-12x12.png 12w\" sizes=\"auto, (max-width: 24px) 100vw, 24px\" \/>\u00a0\u00a0<span style=\"font-size: 90%;\">1 \u2013 2 days<\/span><\/strong><\/span><\/p>","protected":false},"featured_media":12030,"comment_status":"open","ping_status":"closed","template":"","meta":[],"product_brand":[503],"product_cat":[691],"product_tag":[859,858,338,80,79],"class_list":{"0":"post-12023","1":"product","2":"type-product","3":"status-publish","4":"has-post-thumbnail","6":"product_brand-gemfan","7":"product_cat-whoop-propeleriai-31-49-mm","8":"product_tag-1-5mm","9":"product_tag-858","10":"product_tag-3-asmenu","11":"product_tag-gemfan","12":"product_tag-propeleriai","14":"first","15":"instock","16":"taxable","17":"shipping-taxable","18":"purchasable","19":"product-type-variable","20":"has-default-attributes"},"yoast_head":"<!-- This site is optimized with the Yoast SEO plugin v27.4 - https:\/\/yoast.com\/product\/yoast-seo-wordpress\/ -->\n<title>Gemfan 1611 3-a\u0161men\u0173 propeleriai 1.5mm - 1dronas.lt<\/title>\n<meta name=\"robots\" content=\"index, follow, max-snippet:-1, max-image-preview:large, max-video-preview:-1\" \/>\n<link rel=\"canonical\" href=\"https:\/\/1dronas.lt\/en\/produktas\/gemfan-1611-3-asmenu-propeleriai-1-5mm\/\" \/>\n<meta property=\"og:locale\" content=\"en_US\" \/>\n<meta property=\"og:type\" content=\"article\" \/>\n<meta property=\"og:title\" content=\"Gemfan 1611 3-a\u0161men\u0173 propeleriai 1.5mm - 1dronas.lt\" \/>\n<meta property=\"og:description\" content=\"Propeleriai rekomenduojami naudojimui su 0802-1102 be\u0161epet\u0117liniais varikliais.  \u00a0\u00a01 \u2013 2 d. d.\" \/>\n<meta property=\"og:url\" content=\"https:\/\/1dronas.lt\/en\/produktas\/gemfan-1611-3-asmenu-propeleriai-1-5mm\/\" \/>\n<meta property=\"og:site_name\" content=\"1dronas.lt\" \/>\n<meta property=\"article:publisher\" content=\"https:\/\/www.facebook.com\/1dronas\/\" \/>\n<meta property=\"article:modified_time\" content=\"2026-04-11T08:41:06+00:00\" \/>\n<meta property=\"og:image\" content=\"https:\/\/1dronas.lt\/wp-content\/uploads\/2025\/10\/1d96a28147e041a60715af8e60b95a4f.webp\" \/>\n\t<meta property=\"og:image:width\" content=\"1600\" \/>\n\t<meta property=\"og:image:height\" content=\"1600\" \/>\n\t<meta property=\"og:image:type\" content=\"image\/webp\" \/>\n<meta name=\"twitter:card\" content=\"summary_large_image\" \/>\n<meta name=\"twitter:label1\" content=\"Est. reading time\" \/>\n\t<meta name=\"twitter:data1\" content=\"2 minutes\" \/>\n<script type=\"application\/ld+json\" class=\"yoast-schema-graph\">{\"@context\":\"https:\\\/\\\/schema.org\",\"@graph\":[{\"@type\":\"WebPage\",\"@id\":\"https:\\\/\\\/1dronas.lt\\\/en\\\/produktas\\\/gemfan-1611-3-asmenu-propeleriai-1-5mm\\\/\",\"url\":\"https:\\\/\\\/1dronas.lt\\\/en\\\/produktas\\\/gemfan-1611-3-asmenu-propeleriai-1-5mm\\\/\",\"name\":\"Gemfan 1611 3-a\u0161men\u0173 propeleriai 1.5mm - 1dronas.lt\",\"isPartOf\":{\"@id\":\"https:\\\/\\\/1dronas.lt\\\/en\\\/#website\"},\"primaryImageOfPage\":{\"@id\":\"https:\\\/\\\/1dronas.lt\\\/en\\\/produktas\\\/gemfan-1611-3-asmenu-propeleriai-1-5mm\\\/#primaryimage\"},\"image\":{\"@id\":\"https:\\\/\\\/1dronas.lt\\\/en\\\/produktas\\\/gemfan-1611-3-asmenu-propeleriai-1-5mm\\\/#primaryimage\"},\"thumbnailUrl\":\"https:\\\/\\\/1dronas.lt\\\/wp-content\\\/uploads\\\/2025\\\/10\\\/1d96a28147e041a60715af8e60b95a4f.webp\",\"datePublished\":\"2025-10-05T14:47:08+00:00\",\"dateModified\":\"2026-04-11T08:41:06+00:00\",\"breadcrumb\":{\"@id\":\"https:\\\/\\\/1dronas.lt\\\/en\\\/produktas\\\/gemfan-1611-3-asmenu-propeleriai-1-5mm\\\/#breadcrumb\"},\"inLanguage\":\"en-US\",\"potentialAction\":[{\"@type\":\"ReadAction\",\"target\":[\"https:\\\/\\\/1dronas.lt\\\/en\\\/produktas\\\/gemfan-1611-3-asmenu-propeleriai-1-5mm\\\/\"]}]},{\"@type\":\"ImageObject\",\"inLanguage\":\"en-US\",\"@id\":\"https:\\\/\\\/1dronas.lt\\\/en\\\/produktas\\\/gemfan-1611-3-asmenu-propeleriai-1-5mm\\\/#primaryimage\",\"url\":\"https:\\\/\\\/1dronas.lt\\\/wp-content\\\/uploads\\\/2025\\\/10\\\/1d96a28147e041a60715af8e60b95a4f.webp\",\"contentUrl\":\"https:\\\/\\\/1dronas.lt\\\/wp-content\\\/uploads\\\/2025\\\/10\\\/1d96a28147e041a60715af8e60b95a4f.webp\",\"width\":1600,\"height\":1600},{\"@type\":\"BreadcrumbList\",\"@id\":\"https:\\\/\\\/1dronas.lt\\\/en\\\/produktas\\\/gemfan-1611-3-asmenu-propeleriai-1-5mm\\\/#breadcrumb\",\"itemListElement\":[{\"@type\":\"ListItem\",\"position\":1,\"name\":\"Home\",\"item\":\"https:\\\/\\\/1dronas.lt\\\/\"},{\"@type\":\"ListItem\",\"position\":2,\"name\":\"Parduotuv\u0117\",\"item\":\"https:\\\/\\\/1dronas.lt\\\/parduotuve\\\/\"},{\"@type\":\"ListItem\",\"position\":3,\"name\":\"Gemfan 1611 3-a\u0161men\u0173 propeleriai 1.5mm\"}]},{\"@type\":\"WebSite\",\"@id\":\"https:\\\/\\\/1dronas.lt\\\/en\\\/#website\",\"url\":\"https:\\\/\\\/1dronas.lt\\\/en\\\/\",\"name\":\"1dronas.lt\",\"description\":\"Internetin\u0117 parduotuv\u0117\",\"publisher\":{\"@id\":\"https:\\\/\\\/1dronas.lt\\\/en\\\/#organization\"},\"potentialAction\":[{\"@type\":\"SearchAction\",\"target\":{\"@type\":\"EntryPoint\",\"urlTemplate\":\"https:\\\/\\\/1dronas.lt\\\/en\\\/?s={search_term_string}\"},\"query-input\":{\"@type\":\"PropertyValueSpecification\",\"valueRequired\":true,\"valueName\":\"search_term_string\"}}],\"inLanguage\":\"en-US\"},{\"@type\":\"Organization\",\"@id\":\"https:\\\/\\\/1dronas.lt\\\/en\\\/#organization\",\"name\":\"1dronas.lt\",\"url\":\"https:\\\/\\\/1dronas.lt\\\/en\\\/\",\"logo\":{\"@type\":\"ImageObject\",\"inLanguage\":\"en-US\",\"@id\":\"https:\\\/\\\/1dronas.lt\\\/en\\\/#\\\/schema\\\/logo\\\/image\\\/\",\"url\":\"https:\\\/\\\/1dronas.lt\\\/wp-content\\\/uploads\\\/2020\\\/12\\\/Ekrano_kopija__2_-removebg-preview-1-1.png\",\"contentUrl\":\"https:\\\/\\\/1dronas.lt\\\/wp-content\\\/uploads\\\/2020\\\/12\\\/Ekrano_kopija__2_-removebg-preview-1-1.png\",\"width\":234,\"height\":81,\"caption\":\"1dronas.lt\"},\"image\":{\"@id\":\"https:\\\/\\\/1dronas.lt\\\/en\\\/#\\\/schema\\\/logo\\\/image\\\/\"},\"sameAs\":[\"https:\\\/\\\/www.facebook.com\\\/1dronas\\\/\"]}]}<\/script>\n<!-- \/ Yoast SEO plugin. -->","yoast_head_json":{"title":"Gemfan 1611 3-blade propellers 1.5mm - 1dronas.lt","robots":{"index":"index","follow":"follow","max-snippet":"max-snippet:-1","max-image-preview":"max-image-preview:large","max-video-preview":"max-video-preview:-1"},"canonical":"https:\/\/1dronas.lt\/en\/produktas\/gemfan-1611-3-asmenu-propeleriai-1-5mm\/","og_locale":"en_US","og_type":"article","og_title":"Gemfan 1611 3-a\u0161men\u0173 propeleriai 1.5mm - 1dronas.lt","og_description":"Propeleriai rekomenduojami naudojimui su 0802-1102 be\u0161epet\u0117liniais varikliais.  \u00a0\u00a01 \u2013 2 d. d.","og_url":"https:\/\/1dronas.lt\/en\/produktas\/gemfan-1611-3-asmenu-propeleriai-1-5mm\/","og_site_name":"1dronas.lt","article_publisher":"https:\/\/www.facebook.com\/1dronas\/","article_modified_time":"2026-04-11T08:41:06+00:00","og_image":[{"width":1600,"height":1600,"url":"https:\/\/1dronas.lt\/wp-content\/uploads\/2025\/10\/1d96a28147e041a60715af8e60b95a4f.webp","type":"image\/webp"}],"twitter_card":"summary_large_image","twitter_misc":{"Est. reading time":"2 minutes"},"schema":{"@context":"https:\/\/schema.org","@graph":[{"@type":"WebPage","@id":"https:\/\/1dronas.lt\/en\/produktas\/gemfan-1611-3-asmenu-propeleriai-1-5mm\/","url":"https:\/\/1dronas.lt\/en\/produktas\/gemfan-1611-3-asmenu-propeleriai-1-5mm\/","name":"Gemfan 1611 3-blade propellers 1.5mm - 1dronas.lt","isPartOf":{"@id":"https:\/\/1dronas.lt\/en\/#website"},"primaryImageOfPage":{"@id":"https:\/\/1dronas.lt\/en\/produktas\/gemfan-1611-3-asmenu-propeleriai-1-5mm\/#primaryimage"},"image":{"@id":"https:\/\/1dronas.lt\/en\/produktas\/gemfan-1611-3-asmenu-propeleriai-1-5mm\/#primaryimage"},"thumbnailUrl":"https:\/\/1dronas.lt\/wp-content\/uploads\/2025\/10\/1d96a28147e041a60715af8e60b95a4f.webp","datePublished":"2025-10-05T14:47:08+00:00","dateModified":"2026-04-11T08:41:06+00:00","breadcrumb":{"@id":"https:\/\/1dronas.lt\/en\/produktas\/gemfan-1611-3-asmenu-propeleriai-1-5mm\/#breadcrumb"},"inLanguage":"en-US","potentialAction":[{"@type":"ReadAction","target":["https:\/\/1dronas.lt\/en\/produktas\/gemfan-1611-3-asmenu-propeleriai-1-5mm\/"]}]},{"@type":"ImageObject","inLanguage":"en-US","@id":"https:\/\/1dronas.lt\/en\/produktas\/gemfan-1611-3-asmenu-propeleriai-1-5mm\/#primaryimage","url":"https:\/\/1dronas.lt\/wp-content\/uploads\/2025\/10\/1d96a28147e041a60715af8e60b95a4f.webp","contentUrl":"https:\/\/1dronas.lt\/wp-content\/uploads\/2025\/10\/1d96a28147e041a60715af8e60b95a4f.webp","width":1600,"height":1600},{"@type":"BreadcrumbList","@id":"https:\/\/1dronas.lt\/en\/produktas\/gemfan-1611-3-asmenu-propeleriai-1-5mm\/#breadcrumb","itemListElement":[{"@type":"ListItem","position":1,"name":"Home","item":"https:\/\/1dronas.lt\/"},{"@type":"ListItem","position":2,"name":"Parduotuv\u0117","item":"https:\/\/1dronas.lt\/parduotuve\/"},{"@type":"ListItem","position":3,"name":"Gemfan 1611 3-a\u0161men\u0173 propeleriai 1.5mm"}]},{"@type":"WebSite","@id":"https:\/\/1dronas.lt\/en\/#website","url":"https:\/\/1dronas.lt\/en\/","name":"1dronas.lt","description":"Online store","publisher":{"@id":"https:\/\/1dronas.lt\/en\/#organization"},"potentialAction":[{"@type":"SearchAction","target":{"@type":"EntryPoint","urlTemplate":"https:\/\/1dronas.lt\/en\/?s={search_term_string}"},"query-input":{"@type":"PropertyValueSpecification","valueRequired":true,"valueName":"search_term_string"}}],"inLanguage":"en-US"},{"@type":"Organization","@id":"https:\/\/1dronas.lt\/en\/#organization","name":"1dronas.lt","url":"https:\/\/1dronas.lt\/en\/","logo":{"@type":"ImageObject","inLanguage":"en-US","@id":"https:\/\/1dronas.lt\/en\/#\/schema\/logo\/image\/","url":"https:\/\/1dronas.lt\/wp-content\/uploads\/2020\/12\/Ekrano_kopija__2_-removebg-preview-1-1.png","contentUrl":"https:\/\/1dronas.lt\/wp-content\/uploads\/2020\/12\/Ekrano_kopija__2_-removebg-preview-1-1.png","width":234,"height":81,"caption":"1dronas.lt"},"image":{"@id":"https:\/\/1dronas.lt\/en\/#\/schema\/logo\/image\/"},"sameAs":["https:\/\/www.facebook.com\/1dronas\/"]}]}},"jetpack_sharing_enabled":true,"_links":{"self":[{"href":"https:\/\/1dronas.lt\/en\/wp-json\/wp\/v2\/product\/12023","targetHints":{"allow":["GET"]}}],"collection":[{"href":"https:\/\/1dronas.lt\/en\/wp-json\/wp\/v2\/product"}],"about":[{"href":"https:\/\/1dronas.lt\/en\/wp-json\/wp\/v2\/types\/product"}],"replies":[{"embeddable":true,"href":"https:\/\/1dronas.lt\/en\/wp-json\/wp\/v2\/comments?post=12023"}],"wp:featuredmedia":[{"embeddable":true,"href":"https:\/\/1dronas.lt\/en\/wp-json\/wp\/v2\/media\/12030"}],"wp:attachment":[{"href":"https:\/\/1dronas.lt\/en\/wp-json\/wp\/v2\/media?parent=12023"}],"wp:term":[{"taxonomy":"product_brand","embeddable":true,"href":"https:\/\/1dronas.lt\/en\/wp-json\/wp\/v2\/product_brand?post=12023"},{"taxonomy":"product_cat","embeddable":true,"href":"https:\/\/1dronas.lt\/en\/wp-json\/wp\/v2\/product_cat?post=12023"},{"taxonomy":"product_tag","embeddable":true,"href":"https:\/\/1dronas.lt\/en\/wp-json\/wp\/v2\/product_tag?post=12023"}],"curies":[{"name":"wp","href":"https:\/\/api.w.org\/{rel}","templated":true}]}}