{"id":12007,"date":"2025-10-05T17:17:34","date_gmt":"2025-10-05T14:17:34","guid":{"rendered":"https:\/\/1dronas.lt\/?post_type=product&#038;p=12007"},"modified":"2026-02-14T18:52:12","modified_gmt":"2026-02-14T16:52:12","slug":"radiomaster-switch-nut-tool","status":"publish","type":"product","link":"https:\/\/1dronas.lt\/en\/produktas\/radiomaster-switch-nut-tool\/","title":{"rendered":"RadioMaster Switch Nut Tool"},"content":{"rendered":"<p>The RadioMaster Switch Nut Tool is a versatile and durable tool designed to easily tighten or loosen switch nuts on RC remote controls. The tool comes in two different sizes, so it fits a variety of remote control models with different sizes of switch nuts. To change the size, simply loosen the two locking screws and twist the sturdy aluminum tip - everything is done quickly and conveniently. If you are looking for a professional tool set, it is worth having one tool in each color so that both sizes are always at hand.<\/p>\n<p><img loading=\"lazy\" decoding=\"async\" class=\"alignnone size-full wp-image-12011\" src=\"https:\/\/1dronas.lt\/wp-content\/uploads\/2025\/10\/01_84076069-3f06-4ef0-88b5-91447f542c70.webp\" alt=\"\" width=\"1024\" height=\"575\" srcset=\"https:\/\/1dronas.lt\/wp-content\/uploads\/2025\/10\/01_84076069-3f06-4ef0-88b5-91447f542c70.webp 1024w, https:\/\/1dronas.lt\/wp-content\/uploads\/2025\/10\/01_84076069-3f06-4ef0-88b5-91447f542c70-300x168.webp 300w, https:\/\/1dronas.lt\/wp-content\/uploads\/2025\/10\/01_84076069-3f06-4ef0-88b5-91447f542c70-768x431.webp 768w, https:\/\/1dronas.lt\/wp-content\/uploads\/2025\/10\/01_84076069-3f06-4ef0-88b5-91447f542c70-18x10.webp 18w, https:\/\/1dronas.lt\/wp-content\/uploads\/2025\/10\/01_84076069-3f06-4ef0-88b5-91447f542c70-510x286.webp 510w\" sizes=\"auto, (max-width: 1024px) 100vw, 1024px\" \/><\/p>\n<p><strong>Features:<\/strong><\/p>\n<p>\u2022 Comfortable handle: The larger handle shape provides a better grip and more comfortable use.<br \/>\n\u2022 High quality: made of precision-machined aluminum for durability.<br \/>\n\u2022 Color options: available in red or black.<br \/>\n\u2022 Two-size head: Easily interchangeable, suitable for a variety of switches.<\/p>\n<p><strong>Specification:<\/strong><\/p>\n<p>\u2022 Product: RadioMaster Switch Nut Tool;<br \/>\n\u2022 Color: Red or Black;<br \/>\n\u2022 Dimensions: 54 x 20 mm;<br \/>\n\u2022 Weight: 20 g.<\/p>\n<p><img loading=\"lazy\" decoding=\"async\" class=\"alignnone size-full wp-image-12010\" src=\"https:\/\/1dronas.lt\/wp-content\/uploads\/2025\/10\/02_187f9e71-eeb8-4a84-83f8-37d91e2e427c.webp\" alt=\"\" width=\"1024\" height=\"575\" srcset=\"https:\/\/1dronas.lt\/wp-content\/uploads\/2025\/10\/02_187f9e71-eeb8-4a84-83f8-37d91e2e427c.webp 1024w, https:\/\/1dronas.lt\/wp-content\/uploads\/2025\/10\/02_187f9e71-eeb8-4a84-83f8-37d91e2e427c-300x168.webp 300w, https:\/\/1dronas.lt\/wp-content\/uploads\/2025\/10\/02_187f9e71-eeb8-4a84-83f8-37d91e2e427c-768x431.webp 768w, https:\/\/1dronas.lt\/wp-content\/uploads\/2025\/10\/02_187f9e71-eeb8-4a84-83f8-37d91e2e427c-18x10.webp 18w, https:\/\/1dronas.lt\/wp-content\/uploads\/2025\/10\/02_187f9e71-eeb8-4a84-83f8-37d91e2e427c-510x286.webp 510w\" sizes=\"auto, (max-width: 1024px) 100vw, 1024px\" \/> <img loading=\"lazy\" decoding=\"async\" class=\"alignnone size-full wp-image-12009\" src=\"https:\/\/1dronas.lt\/wp-content\/uploads\/2025\/10\/03_de916361-0e05-420e-b918-e4a0181e9d03.webp\" alt=\"\" width=\"1024\" height=\"575\" srcset=\"https:\/\/1dronas.lt\/wp-content\/uploads\/2025\/10\/03_de916361-0e05-420e-b918-e4a0181e9d03.webp 1024w, https:\/\/1dronas.lt\/wp-content\/uploads\/2025\/10\/03_de916361-0e05-420e-b918-e4a0181e9d03-300x168.webp 300w, https:\/\/1dronas.lt\/wp-content\/uploads\/2025\/10\/03_de916361-0e05-420e-b918-e4a0181e9d03-768x431.webp 768w, https:\/\/1dronas.lt\/wp-content\/uploads\/2025\/10\/03_de916361-0e05-420e-b918-e4a0181e9d03-18x10.webp 18w, https:\/\/1dronas.lt\/wp-content\/uploads\/2025\/10\/03_de916361-0e05-420e-b918-e4a0181e9d03-510x286.webp 510w\" sizes=\"auto, (max-width: 1024px) 100vw, 1024px\" \/><\/p>\n<p><strong>Size:<\/strong><\/p>\n<p><img loading=\"lazy\" decoding=\"async\" class=\"alignnone size-full wp-image-12008\" src=\"https:\/\/1dronas.lt\/wp-content\/uploads\/2025\/10\/04_cdbc5eac-2617-4cb8-aeec-dfd50aa22d7b.webp\" alt=\"\" width=\"529\" height=\"362\" srcset=\"https:\/\/1dronas.lt\/wp-content\/uploads\/2025\/10\/04_cdbc5eac-2617-4cb8-aeec-dfd50aa22d7b.webp 529w, https:\/\/1dronas.lt\/wp-content\/uploads\/2025\/10\/04_cdbc5eac-2617-4cb8-aeec-dfd50aa22d7b-300x205.webp 300w, https:\/\/1dronas.lt\/wp-content\/uploads\/2025\/10\/04_cdbc5eac-2617-4cb8-aeec-dfd50aa22d7b-18x12.webp 18w, https:\/\/1dronas.lt\/wp-content\/uploads\/2025\/10\/04_cdbc5eac-2617-4cb8-aeec-dfd50aa22d7b-510x349.webp 510w\" sizes=\"auto, (max-width: 529px) 100vw, 529px\" \/><\/p>\n<p><strong>Package:<\/strong><\/p>\n<p>1 x Radiomaster Switch Nut Tool.<\/p>","protected":false},"excerpt":{"rendered":"<p><span style=\"color: #333333;\">A versatile and durable tool for easily tightening or loosening switch nuts on RC controllers.<\/span><\/p>\n<p><span style=\"color: #333333;\"><img loading=\"lazy\" decoding=\"async\" class=\"alignnone wp-image-1806\" src=\"https:\/\/1dronas.lt\/wp-content\/uploads\/2021\/05\/delivery-icon.png\" alt=\"\" width=\"24\" height=\"24\" srcset=\"https:\/\/1dronas.lt\/wp-content\/uploads\/2021\/05\/delivery-icon.png 35w, https:\/\/1dronas.lt\/wp-content\/uploads\/2021\/05\/delivery-icon-12x12.png 12w\" sizes=\"auto, (max-width: 24px) 100vw, 24px\" \/> \u00a0<span style=\"font-size: 90%;\"><strong>1 \u2013 2 days<\/strong><\/span><\/span><\/p>","protected":false},"featured_media":12020,"comment_status":"open","ping_status":"closed","template":"","meta":[],"product_brand":[497],"product_cat":[388],"product_tag":[],"class_list":{"0":"post-12007","1":"product","2":"type-product","3":"status-publish","4":"has-post-thumbnail","6":"product_brand-radiomaster","7":"product_cat-vairasvirtes","9":"first","10":"instock","11":"taxable","12":"shipping-taxable","13":"purchasable","14":"product-type-variable","15":"has-default-attributes"},"yoast_head":"<!-- This site is optimized with the Yoast SEO plugin v27.4 - https:\/\/yoast.com\/product\/yoast-seo-wordpress\/ -->\n<title>RadioMaster Switch Nut Tool - 1dronas.lt<\/title>\n<meta name=\"robots\" content=\"index, follow, max-snippet:-1, max-image-preview:large, max-video-preview:-1\" \/>\n<link rel=\"canonical\" href=\"https:\/\/1dronas.lt\/en\/produktas\/radiomaster-switch-nut-tool\/\" \/>\n<meta property=\"og:locale\" content=\"en_US\" \/>\n<meta property=\"og:type\" content=\"article\" \/>\n<meta property=\"og:title\" content=\"RadioMaster Switch Nut Tool - 1dronas.lt\" \/>\n<meta property=\"og:description\" content=\"Universalus ir patvarus \u012frankis, skirtas lengvai priver\u017eti arba atlaisvinti jungikli\u0173 ver\u017eles RC pultuose.   \u00a01 \u2013 2 d. d.\" \/>\n<meta property=\"og:url\" content=\"https:\/\/1dronas.lt\/en\/produktas\/radiomaster-switch-nut-tool\/\" \/>\n<meta property=\"og:site_name\" content=\"1dronas.lt\" \/>\n<meta property=\"article:publisher\" content=\"https:\/\/www.facebook.com\/1dronas\/\" \/>\n<meta property=\"article:modified_time\" content=\"2026-02-14T16:52:12+00:00\" \/>\n<meta property=\"og:image\" content=\"https:\/\/1dronas.lt\/wp-content\/uploads\/2025\/10\/09_194574d7-f74d-4304-9b4d-cc80e4d8b0d1_720x.webp\" \/>\n\t<meta property=\"og:image:width\" content=\"720\" \/>\n\t<meta property=\"og:image:height\" content=\"720\" \/>\n\t<meta property=\"og:image:type\" content=\"image\/webp\" \/>\n<meta name=\"twitter:card\" content=\"summary_large_image\" \/>\n<meta name=\"twitter:label1\" content=\"Est. reading time\" \/>\n\t<meta name=\"twitter:data1\" content=\"2 minutes\" \/>\n<script type=\"application\/ld+json\" class=\"yoast-schema-graph\">{\"@context\":\"https:\\\/\\\/schema.org\",\"@graph\":[{\"@type\":\"WebPage\",\"@id\":\"https:\\\/\\\/1dronas.lt\\\/en\\\/produktas\\\/radiomaster-switch-nut-tool\\\/\",\"url\":\"https:\\\/\\\/1dronas.lt\\\/en\\\/produktas\\\/radiomaster-switch-nut-tool\\\/\",\"name\":\"RadioMaster Switch Nut Tool - 1dronas.lt\",\"isPartOf\":{\"@id\":\"https:\\\/\\\/1dronas.lt\\\/en\\\/#website\"},\"primaryImageOfPage\":{\"@id\":\"https:\\\/\\\/1dronas.lt\\\/en\\\/produktas\\\/radiomaster-switch-nut-tool\\\/#primaryimage\"},\"image\":{\"@id\":\"https:\\\/\\\/1dronas.lt\\\/en\\\/produktas\\\/radiomaster-switch-nut-tool\\\/#primaryimage\"},\"thumbnailUrl\":\"https:\\\/\\\/1dronas.lt\\\/wp-content\\\/uploads\\\/2025\\\/10\\\/09_194574d7-f74d-4304-9b4d-cc80e4d8b0d1_720x.webp\",\"datePublished\":\"2025-10-05T14:17:34+00:00\",\"dateModified\":\"2026-02-14T16:52:12+00:00\",\"breadcrumb\":{\"@id\":\"https:\\\/\\\/1dronas.lt\\\/en\\\/produktas\\\/radiomaster-switch-nut-tool\\\/#breadcrumb\"},\"inLanguage\":\"en-US\",\"potentialAction\":[{\"@type\":\"ReadAction\",\"target\":[\"https:\\\/\\\/1dronas.lt\\\/en\\\/produktas\\\/radiomaster-switch-nut-tool\\\/\"]}]},{\"@type\":\"ImageObject\",\"inLanguage\":\"en-US\",\"@id\":\"https:\\\/\\\/1dronas.lt\\\/en\\\/produktas\\\/radiomaster-switch-nut-tool\\\/#primaryimage\",\"url\":\"https:\\\/\\\/1dronas.lt\\\/wp-content\\\/uploads\\\/2025\\\/10\\\/09_194574d7-f74d-4304-9b4d-cc80e4d8b0d1_720x.webp\",\"contentUrl\":\"https:\\\/\\\/1dronas.lt\\\/wp-content\\\/uploads\\\/2025\\\/10\\\/09_194574d7-f74d-4304-9b4d-cc80e4d8b0d1_720x.webp\",\"width\":720,\"height\":720},{\"@type\":\"BreadcrumbList\",\"@id\":\"https:\\\/\\\/1dronas.lt\\\/en\\\/produktas\\\/radiomaster-switch-nut-tool\\\/#breadcrumb\",\"itemListElement\":[{\"@type\":\"ListItem\",\"position\":1,\"name\":\"Home\",\"item\":\"https:\\\/\\\/1dronas.lt\\\/\"},{\"@type\":\"ListItem\",\"position\":2,\"name\":\"Parduotuv\u0117\",\"item\":\"https:\\\/\\\/1dronas.lt\\\/parduotuve\\\/\"},{\"@type\":\"ListItem\",\"position\":3,\"name\":\"RadioMaster Switch Nut Tool\"}]},{\"@type\":\"WebSite\",\"@id\":\"https:\\\/\\\/1dronas.lt\\\/en\\\/#website\",\"url\":\"https:\\\/\\\/1dronas.lt\\\/en\\\/\",\"name\":\"1dronas.lt\",\"description\":\"Internetin\u0117 parduotuv\u0117\",\"publisher\":{\"@id\":\"https:\\\/\\\/1dronas.lt\\\/en\\\/#organization\"},\"potentialAction\":[{\"@type\":\"SearchAction\",\"target\":{\"@type\":\"EntryPoint\",\"urlTemplate\":\"https:\\\/\\\/1dronas.lt\\\/en\\\/?s={search_term_string}\"},\"query-input\":{\"@type\":\"PropertyValueSpecification\",\"valueRequired\":true,\"valueName\":\"search_term_string\"}}],\"inLanguage\":\"en-US\"},{\"@type\":\"Organization\",\"@id\":\"https:\\\/\\\/1dronas.lt\\\/en\\\/#organization\",\"name\":\"1dronas.lt\",\"url\":\"https:\\\/\\\/1dronas.lt\\\/en\\\/\",\"logo\":{\"@type\":\"ImageObject\",\"inLanguage\":\"en-US\",\"@id\":\"https:\\\/\\\/1dronas.lt\\\/en\\\/#\\\/schema\\\/logo\\\/image\\\/\",\"url\":\"https:\\\/\\\/1dronas.lt\\\/wp-content\\\/uploads\\\/2020\\\/12\\\/Ekrano_kopija__2_-removebg-preview-1-1.png\",\"contentUrl\":\"https:\\\/\\\/1dronas.lt\\\/wp-content\\\/uploads\\\/2020\\\/12\\\/Ekrano_kopija__2_-removebg-preview-1-1.png\",\"width\":234,\"height\":81,\"caption\":\"1dronas.lt\"},\"image\":{\"@id\":\"https:\\\/\\\/1dronas.lt\\\/en\\\/#\\\/schema\\\/logo\\\/image\\\/\"},\"sameAs\":[\"https:\\\/\\\/www.facebook.com\\\/1dronas\\\/\"]}]}<\/script>\n<!-- \/ Yoast SEO plugin. -->","yoast_head_json":{"title":"RadioMaster Switch Nut Tool - 1dronas.lt","robots":{"index":"index","follow":"follow","max-snippet":"max-snippet:-1","max-image-preview":"max-image-preview:large","max-video-preview":"max-video-preview:-1"},"canonical":"https:\/\/1dronas.lt\/en\/produktas\/radiomaster-switch-nut-tool\/","og_locale":"en_US","og_type":"article","og_title":"RadioMaster Switch Nut Tool - 1dronas.lt","og_description":"Universalus ir patvarus \u012frankis, skirtas lengvai priver\u017eti arba atlaisvinti jungikli\u0173 ver\u017eles RC pultuose.   \u00a01 \u2013 2 d. d.","og_url":"https:\/\/1dronas.lt\/en\/produktas\/radiomaster-switch-nut-tool\/","og_site_name":"1dronas.lt","article_publisher":"https:\/\/www.facebook.com\/1dronas\/","article_modified_time":"2026-02-14T16:52:12+00:00","og_image":[{"width":720,"height":720,"url":"https:\/\/1dronas.lt\/wp-content\/uploads\/2025\/10\/09_194574d7-f74d-4304-9b4d-cc80e4d8b0d1_720x.webp","type":"image\/webp"}],"twitter_card":"summary_large_image","twitter_misc":{"Est. reading time":"2 minutes"},"schema":{"@context":"https:\/\/schema.org","@graph":[{"@type":"WebPage","@id":"https:\/\/1dronas.lt\/en\/produktas\/radiomaster-switch-nut-tool\/","url":"https:\/\/1dronas.lt\/en\/produktas\/radiomaster-switch-nut-tool\/","name":"RadioMaster Switch Nut Tool - 1dronas.lt","isPartOf":{"@id":"https:\/\/1dronas.lt\/en\/#website"},"primaryImageOfPage":{"@id":"https:\/\/1dronas.lt\/en\/produktas\/radiomaster-switch-nut-tool\/#primaryimage"},"image":{"@id":"https:\/\/1dronas.lt\/en\/produktas\/radiomaster-switch-nut-tool\/#primaryimage"},"thumbnailUrl":"https:\/\/1dronas.lt\/wp-content\/uploads\/2025\/10\/09_194574d7-f74d-4304-9b4d-cc80e4d8b0d1_720x.webp","datePublished":"2025-10-05T14:17:34+00:00","dateModified":"2026-02-14T16:52:12+00:00","breadcrumb":{"@id":"https:\/\/1dronas.lt\/en\/produktas\/radiomaster-switch-nut-tool\/#breadcrumb"},"inLanguage":"en-US","potentialAction":[{"@type":"ReadAction","target":["https:\/\/1dronas.lt\/en\/produktas\/radiomaster-switch-nut-tool\/"]}]},{"@type":"ImageObject","inLanguage":"en-US","@id":"https:\/\/1dronas.lt\/en\/produktas\/radiomaster-switch-nut-tool\/#primaryimage","url":"https:\/\/1dronas.lt\/wp-content\/uploads\/2025\/10\/09_194574d7-f74d-4304-9b4d-cc80e4d8b0d1_720x.webp","contentUrl":"https:\/\/1dronas.lt\/wp-content\/uploads\/2025\/10\/09_194574d7-f74d-4304-9b4d-cc80e4d8b0d1_720x.webp","width":720,"height":720},{"@type":"BreadcrumbList","@id":"https:\/\/1dronas.lt\/en\/produktas\/radiomaster-switch-nut-tool\/#breadcrumb","itemListElement":[{"@type":"ListItem","position":1,"name":"Home","item":"https:\/\/1dronas.lt\/"},{"@type":"ListItem","position":2,"name":"Parduotuv\u0117","item":"https:\/\/1dronas.lt\/parduotuve\/"},{"@type":"ListItem","position":3,"name":"RadioMaster Switch Nut Tool"}]},{"@type":"WebSite","@id":"https:\/\/1dronas.lt\/en\/#website","url":"https:\/\/1dronas.lt\/en\/","name":"1dronas.lt","description":"Online store","publisher":{"@id":"https:\/\/1dronas.lt\/en\/#organization"},"potentialAction":[{"@type":"SearchAction","target":{"@type":"EntryPoint","urlTemplate":"https:\/\/1dronas.lt\/en\/?s={search_term_string}"},"query-input":{"@type":"PropertyValueSpecification","valueRequired":true,"valueName":"search_term_string"}}],"inLanguage":"en-US"},{"@type":"Organization","@id":"https:\/\/1dronas.lt\/en\/#organization","name":"1dronas.lt","url":"https:\/\/1dronas.lt\/en\/","logo":{"@type":"ImageObject","inLanguage":"en-US","@id":"https:\/\/1dronas.lt\/en\/#\/schema\/logo\/image\/","url":"https:\/\/1dronas.lt\/wp-content\/uploads\/2020\/12\/Ekrano_kopija__2_-removebg-preview-1-1.png","contentUrl":"https:\/\/1dronas.lt\/wp-content\/uploads\/2020\/12\/Ekrano_kopija__2_-removebg-preview-1-1.png","width":234,"height":81,"caption":"1dronas.lt"},"image":{"@id":"https:\/\/1dronas.lt\/en\/#\/schema\/logo\/image\/"},"sameAs":["https:\/\/www.facebook.com\/1dronas\/"]}]}},"jetpack_sharing_enabled":true,"_links":{"self":[{"href":"https:\/\/1dronas.lt\/en\/wp-json\/wp\/v2\/product\/12007","targetHints":{"allow":["GET"]}}],"collection":[{"href":"https:\/\/1dronas.lt\/en\/wp-json\/wp\/v2\/product"}],"about":[{"href":"https:\/\/1dronas.lt\/en\/wp-json\/wp\/v2\/types\/product"}],"replies":[{"embeddable":true,"href":"https:\/\/1dronas.lt\/en\/wp-json\/wp\/v2\/comments?post=12007"}],"wp:featuredmedia":[{"embeddable":true,"href":"https:\/\/1dronas.lt\/en\/wp-json\/wp\/v2\/media\/12020"}],"wp:attachment":[{"href":"https:\/\/1dronas.lt\/en\/wp-json\/wp\/v2\/media?parent=12007"}],"wp:term":[{"taxonomy":"product_brand","embeddable":true,"href":"https:\/\/1dronas.lt\/en\/wp-json\/wp\/v2\/product_brand?post=12007"},{"taxonomy":"product_cat","embeddable":true,"href":"https:\/\/1dronas.lt\/en\/wp-json\/wp\/v2\/product_cat?post=12007"},{"taxonomy":"product_tag","embeddable":true,"href":"https:\/\/1dronas.lt\/en\/wp-json\/wp\/v2\/product_tag?post=12007"}],"curies":[{"name":"wp","href":"https:\/\/api.w.org\/{rel}","templated":true}]}}