{"id":11985,"date":"2025-10-05T14:32:37","date_gmt":"2025-10-05T11:32:37","guid":{"rendered":"https:\/\/1dronas.lt\/?post_type=product&#038;p=11985"},"modified":"2026-03-25T16:15:55","modified_gmt":"2026-03-25T14:15:55","slug":"radiomaster-ag01-cnc-hall-gimbals-for-tx16s-boxer","status":"publish","type":"product","link":"https:\/\/1dronas.lt\/en\/produktas\/radiomaster-ag01-cnc-hall-gimbals-for-tx16s-boxer\/","title":{"rendered":"RadioMaster AG01 CNC Hall Gimbals for TX16S &amp; Boxer"},"content":{"rendered":"<p>Developed and tested for over a year, the Radiomaster AG01 gimbals were developed in collaboration with the company&#039;s engineers and world-class professional pilots - MCK, Alex Campbell, Noical, Veysi.FPV, AZFPV, Xiao Zheng and Long XL - to meet the strictest requirements of the most competitive racing championships.<\/p>\n<p>The AG01 gimbals are fully CNC milled for maximum precision and quality. Four ball bearings provide a smooth and precise feel, while the front-mounted tension and travel adjustment system allows for easy fine-tuning to suit the pilot&#039;s needs.<\/p>\n<p>The Radiomaster AG01 is a gimbal that takes the TX16S console to a whole new level.<\/p>\n<p><iframe loading=\"lazy\" title=\"RadioMaster - AG01 CNC Hall Gimbal for TX16s\" width=\"1020\" height=\"574\" src=\"https:\/\/www.youtube.com\/embed\/82-fAHKRMVE?feature=oembed\" frameborder=\"0\" allow=\"accelerometer; autoplay; clipboard-write; encrypted-media; gyroscope; picture-in-picture; web-share\" referrerpolicy=\"strict-origin-when-cross-origin\" allowfullscreen><\/iframe><\/p>\n<p><strong>Features:<\/strong><\/p>\n<p>\u2022 Made from CNC machined, aircraft-grade aluminum.<br \/>\n\u2022 Ergonomic joystick tips \u2013 for comfortable and precise control.<br \/>\n\u2022 Non-contact Hall sensors \u2013 ensure extremely accurate control signals and precise centering.<br \/>\n\u2022 Four precision bearings for an unparalleled smooth feel.<\/p>\n<p><strong>Specification:<\/strong><\/p>\n<p>\u2022 Item: AG01 CNC Hall Gimbal Set;<br \/>\n\u2022 Sensor type: Hall;<br \/>\n\u2022 Operating voltage: DC 3.3 V;<br \/>\n\u2022 Linearity: real-time (no delay);<br \/>\n\u2022 Adjustable travel angle: 38\u00b0\u201354\u00b0;<br \/>\n\u2022 Adjustable operating mode: Yes;<br \/>\n\u2022 Adjustable tension: Yes;<br \/>\n\u2022 Four bearings: Yes;<br \/>\n\u2022 Operating temperature range: \u201320 \u00b0C to +85 \u00b0C;<br \/>\n\u2022 Dimensions: 60 x 53 x 56 mm;<br \/>\n\u2022 Weight: 125 g\/pc.<\/p>\n<p><img loading=\"lazy\" decoding=\"async\" class=\"alignnone size-full wp-image-11990\" src=\"https:\/\/1dronas.lt\/wp-content\/uploads\/2025\/10\/AG01-__02_1024x1024.webp\" alt=\"\" width=\"1024\" height=\"575\" srcset=\"https:\/\/1dronas.lt\/wp-content\/uploads\/2025\/10\/AG01-__02_1024x1024.webp 1024w, https:\/\/1dronas.lt\/wp-content\/uploads\/2025\/10\/AG01-__02_1024x1024-300x168.webp 300w, https:\/\/1dronas.lt\/wp-content\/uploads\/2025\/10\/AG01-__02_1024x1024-768x431.webp 768w, https:\/\/1dronas.lt\/wp-content\/uploads\/2025\/10\/AG01-__02_1024x1024-18x10.webp 18w, https:\/\/1dronas.lt\/wp-content\/uploads\/2025\/10\/AG01-__02_1024x1024-510x286.webp 510w\" sizes=\"auto, (max-width: 1024px) 100vw, 1024px\" \/> <img loading=\"lazy\" decoding=\"async\" class=\"alignnone size-full wp-image-11989\" src=\"https:\/\/1dronas.lt\/wp-content\/uploads\/2025\/10\/AG01_-PC-_-240606_03_123bfb70-20b4-40b0-bf1b-a752c2de70ab.webp\" alt=\"\" width=\"1024\" height=\"575\" srcset=\"https:\/\/1dronas.lt\/wp-content\/uploads\/2025\/10\/AG01_-PC-_-240606_03_123bfb70-20b4-40b0-bf1b-a752c2de70ab.webp 1024w, https:\/\/1dronas.lt\/wp-content\/uploads\/2025\/10\/AG01_-PC-_-240606_03_123bfb70-20b4-40b0-bf1b-a752c2de70ab-300x168.webp 300w, https:\/\/1dronas.lt\/wp-content\/uploads\/2025\/10\/AG01_-PC-_-240606_03_123bfb70-20b4-40b0-bf1b-a752c2de70ab-768x431.webp 768w, https:\/\/1dronas.lt\/wp-content\/uploads\/2025\/10\/AG01_-PC-_-240606_03_123bfb70-20b4-40b0-bf1b-a752c2de70ab-18x10.webp 18w, https:\/\/1dronas.lt\/wp-content\/uploads\/2025\/10\/AG01_-PC-_-240606_03_123bfb70-20b4-40b0-bf1b-a752c2de70ab-510x286.webp 510w\" sizes=\"auto, (max-width: 1024px) 100vw, 1024px\" \/> <img loading=\"lazy\" decoding=\"async\" class=\"alignnone size-full wp-image-11988\" src=\"https:\/\/1dronas.lt\/wp-content\/uploads\/2025\/10\/AG01-__05_05_1024x1024.webp\" alt=\"\" width=\"1024\" height=\"575\" srcset=\"https:\/\/1dronas.lt\/wp-content\/uploads\/2025\/10\/AG01-__05_05_1024x1024.webp 1024w, https:\/\/1dronas.lt\/wp-content\/uploads\/2025\/10\/AG01-__05_05_1024x1024-300x168.webp 300w, https:\/\/1dronas.lt\/wp-content\/uploads\/2025\/10\/AG01-__05_05_1024x1024-768x431.webp 768w, https:\/\/1dronas.lt\/wp-content\/uploads\/2025\/10\/AG01-__05_05_1024x1024-18x10.webp 18w, https:\/\/1dronas.lt\/wp-content\/uploads\/2025\/10\/AG01-__05_05_1024x1024-510x286.webp 510w\" sizes=\"auto, (max-width: 1024px) 100vw, 1024px\" \/> <img loading=\"lazy\" decoding=\"async\" class=\"alignnone size-full wp-image-11987\" src=\"https:\/\/1dronas.lt\/wp-content\/uploads\/2025\/10\/AG01-__04_1024x1024.webp\" alt=\"\" width=\"1024\" height=\"575\" srcset=\"https:\/\/1dronas.lt\/wp-content\/uploads\/2025\/10\/AG01-__04_1024x1024.webp 1024w, https:\/\/1dronas.lt\/wp-content\/uploads\/2025\/10\/AG01-__04_1024x1024-300x168.webp 300w, https:\/\/1dronas.lt\/wp-content\/uploads\/2025\/10\/AG01-__04_1024x1024-768x431.webp 768w, https:\/\/1dronas.lt\/wp-content\/uploads\/2025\/10\/AG01-__04_1024x1024-18x10.webp 18w, https:\/\/1dronas.lt\/wp-content\/uploads\/2025\/10\/AG01-__04_1024x1024-510x286.webp 510w\" sizes=\"auto, (max-width: 1024px) 100vw, 1024px\" \/><\/p>\n<p><strong>Externally adjustable<br \/>\n<\/strong><\/p>\n<p><img loading=\"lazy\" decoding=\"async\" class=\"alignnone size-full wp-image-11986\" src=\"https:\/\/1dronas.lt\/wp-content\/uploads\/2025\/10\/AG01_-PC-_-240606_06_7b3291b2-fe60-4721-9b5e-0e0aec47c8f9-e1759663157569.webp\" alt=\"\" width=\"1024\" height=\"413\" data-wp-editing=\"1\" srcset=\"https:\/\/1dronas.lt\/wp-content\/uploads\/2025\/10\/AG01_-PC-_-240606_06_7b3291b2-fe60-4721-9b5e-0e0aec47c8f9-e1759663157569.webp 1024w, https:\/\/1dronas.lt\/wp-content\/uploads\/2025\/10\/AG01_-PC-_-240606_06_7b3291b2-fe60-4721-9b5e-0e0aec47c8f9-e1759663157569-300x121.webp 300w, https:\/\/1dronas.lt\/wp-content\/uploads\/2025\/10\/AG01_-PC-_-240606_06_7b3291b2-fe60-4721-9b5e-0e0aec47c8f9-e1759663157569-768x310.webp 768w, https:\/\/1dronas.lt\/wp-content\/uploads\/2025\/10\/AG01_-PC-_-240606_06_7b3291b2-fe60-4721-9b5e-0e0aec47c8f9-e1759663157569-18x7.webp 18w, https:\/\/1dronas.lt\/wp-content\/uploads\/2025\/10\/AG01_-PC-_-240606_06_7b3291b2-fe60-4721-9b5e-0e0aec47c8f9-e1759663157569-510x206.webp 510w\" sizes=\"auto, (max-width: 1024px) 100vw, 1024px\" \/><\/p>\n<p>\u2022 <strong>\u2460 Setting the lower travel limit:<\/strong><br \/>\nTurn the screw clockwise to decrease the stroke amplitude.<br \/>\nTurn counterclockwise to increase the stroke amplitude.<br \/>\nTravel range: 38\u201354\u00b0<br \/>\n\u2022 <strong>\u2461 Setting the upper travel limit:<\/strong><br \/>\nTurn the screw clockwise to decrease the stroke amplitude.<br \/>\nTurn counterclockwise to increase the stroke amplitude.<br \/>\nTravel range: 38\u201354\u00b0<br \/>\n\u2022 <strong>\u2462 Vertical (up\/down) spring tension adjustment:<\/strong><br \/>\nTurn the screw clockwise to increase the spring tension.<br \/>\nTurn counterclockwise to decrease spring tension.<br \/>\n\u2022 <strong>\u2463 Centering and operating mode adjustment:<\/strong><br \/>\nWhen the screw is turned clockwise all the way down, the gimbal no longer centers on the vertical axis when the joystick is released.<br \/>\nWhen the screw is turned counterclockwise all the way up, the gimbal centers on the vertical axis when the joystick is released.<br \/>\n\u2022 <strong>\u2464 Horizontal (left\/right) spring tension adjustment:<\/strong><br \/>\nTurn the screw clockwise to increase the spring tension.<br \/>\nTurn counterclockwise to decrease spring tension.<br \/>\n\u2022<strong> \u2465 Throttle tension adjustment:<\/strong><br \/>\nWhen there is no tension on the vertical axis,<br \/>\n<strong>\u2465 screw adjusts the tension strength, and<br \/>\nThe \u2466 screw adjusts the stiffness of the resistance scale.<\/strong><\/p>\n<p><strong>Size:<\/strong><\/p>\n<p><img loading=\"lazy\" decoding=\"async\" class=\"alignnone size-full wp-image-11998\" src=\"https:\/\/1dronas.lt\/wp-content\/uploads\/2025\/10\/EN-size_eca6d5b9-c49b-4bda-b252-0414209e766d.webp\" alt=\"\" width=\"1024\" height=\"575\" srcset=\"https:\/\/1dronas.lt\/wp-content\/uploads\/2025\/10\/EN-size_eca6d5b9-c49b-4bda-b252-0414209e766d.webp 1024w, https:\/\/1dronas.lt\/wp-content\/uploads\/2025\/10\/EN-size_eca6d5b9-c49b-4bda-b252-0414209e766d-300x168.webp 300w, https:\/\/1dronas.lt\/wp-content\/uploads\/2025\/10\/EN-size_eca6d5b9-c49b-4bda-b252-0414209e766d-768x431.webp 768w, https:\/\/1dronas.lt\/wp-content\/uploads\/2025\/10\/EN-size_eca6d5b9-c49b-4bda-b252-0414209e766d-18x10.webp 18w, https:\/\/1dronas.lt\/wp-content\/uploads\/2025\/10\/EN-size_eca6d5b9-c49b-4bda-b252-0414209e766d-510x286.webp 510w\" sizes=\"auto, (max-width: 1024px) 100vw, 1024px\" \/><\/p>\n<p><strong>Package:<\/strong><\/p>\n<p>1 x AG01 CNC Hall gimbal (Throttle axis);<br \/>\n1 x AG01 CNC Hall gimbal (Centering axis);<br \/>\n2 x TX16S softer spring sets;<br \/>\n2 x Hex screwdrivers;<br \/>\n1 x User manual.<\/p>","protected":false},"excerpt":{"rendered":"<p><span style=\"color: #333333;\">The aircraft-grade aluminum AG01 gimbals provide unparalleled precision, smoothness, and control feel.<\/span><\/p>\n<p><span style=\"color: #333333;\"><strong><img loading=\"lazy\" decoding=\"async\" class=\"alignnone wp-image-1806\" src=\"https:\/\/1dronas.lt\/wp-content\/uploads\/2021\/05\/delivery-icon.png\" alt=\"\" width=\"24\" height=\"24\" srcset=\"https:\/\/1dronas.lt\/wp-content\/uploads\/2021\/05\/delivery-icon.png 35w, https:\/\/1dronas.lt\/wp-content\/uploads\/2021\/05\/delivery-icon-12x12.png 12w\" sizes=\"auto, (max-width: 24px) 100vw, 24px\" \/>\u00a0\u00a0<span style=\"font-size: 90%;\">1 \u2013 2 days<\/span><\/strong><\/span><\/p>","protected":false},"featured_media":11995,"comment_status":"open","ping_status":"closed","template":"","meta":[],"product_brand":[497],"product_cat":[388],"product_tag":[390,854,350,855,351,357,853],"class_list":{"0":"post-11985","1":"product","2":"type-product","3":"status-publish","4":"has-post-thumbnail","6":"product_brand-radiomaster","7":"product_cat-vairasvirtes","8":"product_tag-ag01","9":"product_tag-cnc","10":"product_tag-gimbal","11":"product_tag-gimbals-for-tx16s-boxer","12":"product_tag-hall","13":"product_tag-radiomaster","14":"product_tag-vairasvirtes","16":"first","17":"instock","18":"taxable","19":"shipping-taxable","20":"purchasable","21":"product-type-simple"},"yoast_head":"<!-- This site is optimized with the Yoast SEO plugin v27.3 - https:\/\/yoast.com\/product\/yoast-seo-wordpress\/ -->\n<title>RadioMaster AG01 CNC Hall Gimbals for TX16S &amp; Boxer - 1dronas.lt<\/title>\n<meta name=\"robots\" content=\"index, follow, max-snippet:-1, max-image-preview:large, max-video-preview:-1\" \/>\n<link rel=\"canonical\" href=\"https:\/\/1dronas.lt\/en\/produktas\/radiomaster-ag01-cnc-hall-gimbals-for-tx16s-boxer\/\" \/>\n<meta property=\"og:locale\" content=\"en_US\" \/>\n<meta property=\"og:type\" content=\"article\" \/>\n<meta property=\"og:title\" content=\"RadioMaster AG01 CNC Hall Gimbals for TX16S &amp; Boxer - 1dronas.lt\" \/>\n<meta property=\"og:description\" content=\"Aviacin\u0117s klas\u0117s aliuminio \u201eAG01\u201c gimbalai u\u017etikrina neprilygstam\u0105 tikslum\u0105, sklandum\u0105 ir valdymo poj\u016bt\u012f.  \u00a0\u00a01 \u2013 2 d. d.\" \/>\n<meta property=\"og:url\" content=\"https:\/\/1dronas.lt\/en\/produktas\/radiomaster-ag01-cnc-hall-gimbals-for-tx16s-boxer\/\" \/>\n<meta property=\"og:site_name\" content=\"1dronas.lt\" \/>\n<meta property=\"article:publisher\" content=\"https:\/\/www.facebook.com\/1dronas\/\" \/>\n<meta property=\"article:modified_time\" content=\"2026-03-25T14:15:55+00:00\" \/>\n<meta property=\"og:image\" content=\"https:\/\/1dronas.lt\/wp-content\/uploads\/2025\/10\/03_bdc158bb-4e49-418d-8c8d-a8777a39bad3_1800x1800.webp\" \/>\n\t<meta property=\"og:image:width\" content=\"1000\" \/>\n\t<meta property=\"og:image:height\" content=\"1000\" \/>\n\t<meta property=\"og:image:type\" content=\"image\/webp\" \/>\n<meta name=\"twitter:card\" content=\"summary_large_image\" \/>\n<meta name=\"twitter:label1\" content=\"Est. reading time\" \/>\n\t<meta name=\"twitter:data1\" content=\"4 minutes\" \/>\n<script type=\"application\/ld+json\" class=\"yoast-schema-graph\">{\"@context\":\"https:\\\/\\\/schema.org\",\"@graph\":[{\"@type\":\"WebPage\",\"@id\":\"https:\\\/\\\/1dronas.lt\\\/en\\\/produktas\\\/radiomaster-ag01-cnc-hall-gimbals-for-tx16s-boxer\\\/\",\"url\":\"https:\\\/\\\/1dronas.lt\\\/en\\\/produktas\\\/radiomaster-ag01-cnc-hall-gimbals-for-tx16s-boxer\\\/\",\"name\":\"RadioMaster AG01 CNC Hall Gimbals for TX16S & Boxer - 1dronas.lt\",\"isPartOf\":{\"@id\":\"https:\\\/\\\/1dronas.lt\\\/en\\\/#website\"},\"primaryImageOfPage\":{\"@id\":\"https:\\\/\\\/1dronas.lt\\\/en\\\/produktas\\\/radiomaster-ag01-cnc-hall-gimbals-for-tx16s-boxer\\\/#primaryimage\"},\"image\":{\"@id\":\"https:\\\/\\\/1dronas.lt\\\/en\\\/produktas\\\/radiomaster-ag01-cnc-hall-gimbals-for-tx16s-boxer\\\/#primaryimage\"},\"thumbnailUrl\":\"https:\\\/\\\/1dronas.lt\\\/wp-content\\\/uploads\\\/2025\\\/10\\\/03_bdc158bb-4e49-418d-8c8d-a8777a39bad3_1800x1800.webp\",\"datePublished\":\"2025-10-05T11:32:37+00:00\",\"dateModified\":\"2026-03-25T14:15:55+00:00\",\"breadcrumb\":{\"@id\":\"https:\\\/\\\/1dronas.lt\\\/en\\\/produktas\\\/radiomaster-ag01-cnc-hall-gimbals-for-tx16s-boxer\\\/#breadcrumb\"},\"inLanguage\":\"en-US\",\"potentialAction\":[{\"@type\":\"ReadAction\",\"target\":[\"https:\\\/\\\/1dronas.lt\\\/en\\\/produktas\\\/radiomaster-ag01-cnc-hall-gimbals-for-tx16s-boxer\\\/\"]}]},{\"@type\":\"ImageObject\",\"inLanguage\":\"en-US\",\"@id\":\"https:\\\/\\\/1dronas.lt\\\/en\\\/produktas\\\/radiomaster-ag01-cnc-hall-gimbals-for-tx16s-boxer\\\/#primaryimage\",\"url\":\"https:\\\/\\\/1dronas.lt\\\/wp-content\\\/uploads\\\/2025\\\/10\\\/03_bdc158bb-4e49-418d-8c8d-a8777a39bad3_1800x1800.webp\",\"contentUrl\":\"https:\\\/\\\/1dronas.lt\\\/wp-content\\\/uploads\\\/2025\\\/10\\\/03_bdc158bb-4e49-418d-8c8d-a8777a39bad3_1800x1800.webp\",\"width\":1000,\"height\":1000},{\"@type\":\"BreadcrumbList\",\"@id\":\"https:\\\/\\\/1dronas.lt\\\/en\\\/produktas\\\/radiomaster-ag01-cnc-hall-gimbals-for-tx16s-boxer\\\/#breadcrumb\",\"itemListElement\":[{\"@type\":\"ListItem\",\"position\":1,\"name\":\"Home\",\"item\":\"https:\\\/\\\/1dronas.lt\\\/\"},{\"@type\":\"ListItem\",\"position\":2,\"name\":\"Parduotuv\u0117\",\"item\":\"https:\\\/\\\/1dronas.lt\\\/parduotuve\\\/\"},{\"@type\":\"ListItem\",\"position\":3,\"name\":\"RadioMaster AG01 CNC Hall Gimbals for TX16S &#038; Boxer\"}]},{\"@type\":\"WebSite\",\"@id\":\"https:\\\/\\\/1dronas.lt\\\/en\\\/#website\",\"url\":\"https:\\\/\\\/1dronas.lt\\\/en\\\/\",\"name\":\"1dronas.lt\",\"description\":\"Internetin\u0117 parduotuv\u0117\",\"publisher\":{\"@id\":\"https:\\\/\\\/1dronas.lt\\\/en\\\/#organization\"},\"potentialAction\":[{\"@type\":\"SearchAction\",\"target\":{\"@type\":\"EntryPoint\",\"urlTemplate\":\"https:\\\/\\\/1dronas.lt\\\/en\\\/?s={search_term_string}\"},\"query-input\":{\"@type\":\"PropertyValueSpecification\",\"valueRequired\":true,\"valueName\":\"search_term_string\"}}],\"inLanguage\":\"en-US\"},{\"@type\":\"Organization\",\"@id\":\"https:\\\/\\\/1dronas.lt\\\/en\\\/#organization\",\"name\":\"1dronas.lt\",\"url\":\"https:\\\/\\\/1dronas.lt\\\/en\\\/\",\"logo\":{\"@type\":\"ImageObject\",\"inLanguage\":\"en-US\",\"@id\":\"https:\\\/\\\/1dronas.lt\\\/en\\\/#\\\/schema\\\/logo\\\/image\\\/\",\"url\":\"https:\\\/\\\/1dronas.lt\\\/wp-content\\\/uploads\\\/2020\\\/12\\\/Ekrano_kopija__2_-removebg-preview-1-1.png\",\"contentUrl\":\"https:\\\/\\\/1dronas.lt\\\/wp-content\\\/uploads\\\/2020\\\/12\\\/Ekrano_kopija__2_-removebg-preview-1-1.png\",\"width\":234,\"height\":81,\"caption\":\"1dronas.lt\"},\"image\":{\"@id\":\"https:\\\/\\\/1dronas.lt\\\/en\\\/#\\\/schema\\\/logo\\\/image\\\/\"},\"sameAs\":[\"https:\\\/\\\/www.facebook.com\\\/1dronas\\\/\"]}]}<\/script>\n<!-- \/ Yoast SEO plugin. -->","yoast_head_json":{"title":"RadioMaster AG01 CNC Hall Gimbals for TX16S & Boxer - 1dronas.lt","robots":{"index":"index","follow":"follow","max-snippet":"max-snippet:-1","max-image-preview":"max-image-preview:large","max-video-preview":"max-video-preview:-1"},"canonical":"https:\/\/1dronas.lt\/en\/produktas\/radiomaster-ag01-cnc-hall-gimbals-for-tx16s-boxer\/","og_locale":"en_US","og_type":"article","og_title":"RadioMaster AG01 CNC Hall Gimbals for TX16S & Boxer - 1dronas.lt","og_description":"Aviacin\u0117s klas\u0117s aliuminio \u201eAG01\u201c gimbalai u\u017etikrina neprilygstam\u0105 tikslum\u0105, sklandum\u0105 ir valdymo poj\u016bt\u012f.  \u00a0\u00a01 \u2013 2 d. d.","og_url":"https:\/\/1dronas.lt\/en\/produktas\/radiomaster-ag01-cnc-hall-gimbals-for-tx16s-boxer\/","og_site_name":"1dronas.lt","article_publisher":"https:\/\/www.facebook.com\/1dronas\/","article_modified_time":"2026-03-25T14:15:55+00:00","og_image":[{"width":1000,"height":1000,"url":"https:\/\/1dronas.lt\/wp-content\/uploads\/2025\/10\/03_bdc158bb-4e49-418d-8c8d-a8777a39bad3_1800x1800.webp","type":"image\/webp"}],"twitter_card":"summary_large_image","twitter_misc":{"Est. reading time":"4 minutes"},"schema":{"@context":"https:\/\/schema.org","@graph":[{"@type":"WebPage","@id":"https:\/\/1dronas.lt\/en\/produktas\/radiomaster-ag01-cnc-hall-gimbals-for-tx16s-boxer\/","url":"https:\/\/1dronas.lt\/en\/produktas\/radiomaster-ag01-cnc-hall-gimbals-for-tx16s-boxer\/","name":"RadioMaster AG01 CNC Hall Gimbals for TX16S & Boxer - 1dronas.lt","isPartOf":{"@id":"https:\/\/1dronas.lt\/en\/#website"},"primaryImageOfPage":{"@id":"https:\/\/1dronas.lt\/en\/produktas\/radiomaster-ag01-cnc-hall-gimbals-for-tx16s-boxer\/#primaryimage"},"image":{"@id":"https:\/\/1dronas.lt\/en\/produktas\/radiomaster-ag01-cnc-hall-gimbals-for-tx16s-boxer\/#primaryimage"},"thumbnailUrl":"https:\/\/1dronas.lt\/wp-content\/uploads\/2025\/10\/03_bdc158bb-4e49-418d-8c8d-a8777a39bad3_1800x1800.webp","datePublished":"2025-10-05T11:32:37+00:00","dateModified":"2026-03-25T14:15:55+00:00","breadcrumb":{"@id":"https:\/\/1dronas.lt\/en\/produktas\/radiomaster-ag01-cnc-hall-gimbals-for-tx16s-boxer\/#breadcrumb"},"inLanguage":"en-US","potentialAction":[{"@type":"ReadAction","target":["https:\/\/1dronas.lt\/en\/produktas\/radiomaster-ag01-cnc-hall-gimbals-for-tx16s-boxer\/"]}]},{"@type":"ImageObject","inLanguage":"en-US","@id":"https:\/\/1dronas.lt\/en\/produktas\/radiomaster-ag01-cnc-hall-gimbals-for-tx16s-boxer\/#primaryimage","url":"https:\/\/1dronas.lt\/wp-content\/uploads\/2025\/10\/03_bdc158bb-4e49-418d-8c8d-a8777a39bad3_1800x1800.webp","contentUrl":"https:\/\/1dronas.lt\/wp-content\/uploads\/2025\/10\/03_bdc158bb-4e49-418d-8c8d-a8777a39bad3_1800x1800.webp","width":1000,"height":1000},{"@type":"BreadcrumbList","@id":"https:\/\/1dronas.lt\/en\/produktas\/radiomaster-ag01-cnc-hall-gimbals-for-tx16s-boxer\/#breadcrumb","itemListElement":[{"@type":"ListItem","position":1,"name":"Home","item":"https:\/\/1dronas.lt\/"},{"@type":"ListItem","position":2,"name":"Parduotuv\u0117","item":"https:\/\/1dronas.lt\/parduotuve\/"},{"@type":"ListItem","position":3,"name":"RadioMaster AG01 CNC Hall Gimbals for TX16S &#038; Boxer"}]},{"@type":"WebSite","@id":"https:\/\/1dronas.lt\/en\/#website","url":"https:\/\/1dronas.lt\/en\/","name":"1dronas.lt","description":"Online store","publisher":{"@id":"https:\/\/1dronas.lt\/en\/#organization"},"potentialAction":[{"@type":"SearchAction","target":{"@type":"EntryPoint","urlTemplate":"https:\/\/1dronas.lt\/en\/?s={search_term_string}"},"query-input":{"@type":"PropertyValueSpecification","valueRequired":true,"valueName":"search_term_string"}}],"inLanguage":"en-US"},{"@type":"Organization","@id":"https:\/\/1dronas.lt\/en\/#organization","name":"1dronas.lt","url":"https:\/\/1dronas.lt\/en\/","logo":{"@type":"ImageObject","inLanguage":"en-US","@id":"https:\/\/1dronas.lt\/en\/#\/schema\/logo\/image\/","url":"https:\/\/1dronas.lt\/wp-content\/uploads\/2020\/12\/Ekrano_kopija__2_-removebg-preview-1-1.png","contentUrl":"https:\/\/1dronas.lt\/wp-content\/uploads\/2020\/12\/Ekrano_kopija__2_-removebg-preview-1-1.png","width":234,"height":81,"caption":"1dronas.lt"},"image":{"@id":"https:\/\/1dronas.lt\/en\/#\/schema\/logo\/image\/"},"sameAs":["https:\/\/www.facebook.com\/1dronas\/"]}]}},"jetpack_sharing_enabled":true,"_links":{"self":[{"href":"https:\/\/1dronas.lt\/en\/wp-json\/wp\/v2\/product\/11985","targetHints":{"allow":["GET"]}}],"collection":[{"href":"https:\/\/1dronas.lt\/en\/wp-json\/wp\/v2\/product"}],"about":[{"href":"https:\/\/1dronas.lt\/en\/wp-json\/wp\/v2\/types\/product"}],"replies":[{"embeddable":true,"href":"https:\/\/1dronas.lt\/en\/wp-json\/wp\/v2\/comments?post=11985"}],"wp:featuredmedia":[{"embeddable":true,"href":"https:\/\/1dronas.lt\/en\/wp-json\/wp\/v2\/media\/11995"}],"wp:attachment":[{"href":"https:\/\/1dronas.lt\/en\/wp-json\/wp\/v2\/media?parent=11985"}],"wp:term":[{"taxonomy":"product_brand","embeddable":true,"href":"https:\/\/1dronas.lt\/en\/wp-json\/wp\/v2\/product_brand?post=11985"},{"taxonomy":"product_cat","embeddable":true,"href":"https:\/\/1dronas.lt\/en\/wp-json\/wp\/v2\/product_cat?post=11985"},{"taxonomy":"product_tag","embeddable":true,"href":"https:\/\/1dronas.lt\/en\/wp-json\/wp\/v2\/product_tag?post=11985"}],"curies":[{"name":"wp","href":"https:\/\/api.w.org\/{rel}","templated":true}]}}