{"id":11958,"date":"2025-10-05T13:46:30","date_gmt":"2025-10-05T10:46:30","guid":{"rendered":"https:\/\/1dronas.lt\/?post_type=product&#038;p=11958"},"modified":"2026-04-02T19:12:19","modified_gmt":"2026-04-02T16:12:19","slug":"betafpv-air75-ii-brushless-whoop-remas","status":"publish","type":"product","link":"https:\/\/1dronas.lt\/en\/produktas\/betafpv-air75-ii-brushless-whoop-remas\/","title":{"rendered":"BETAFPV Air75 II Brushless Whoop Frame"},"content":{"rendered":"<p>For over a year, the Air75 frame has been the benchmark for lightness and agility. Now, BETAFPV is introducing an even lighter version, the Air75 II (4g), designed in collaboration with the global pilot community and redefining the shape. BETAFPV\u2019s R&amp;D team has meticulously analyzed every detail of the design, from the hand braces to the channel geometry and impact points. The result is a bold yet refined design: 4 braces instead of 6, complemented by optimized channels and a connecting structure. This has reduced the frame amplitude, increased drag by 11 % and achieved a near-perfect PID response. Underneath this shape lies rigidity. The optimized PP matrix effectively absorbs shocks even after hard falls. Every detail has been thought out down to the smallest detail \u2013 the bolt protection design, enlarged FC holes and reduced channel profile ensure reliability and superiority in the air.<\/p>\n<p><img loading=\"lazy\" decoding=\"async\" class=\"alignnone size-full wp-image-11982\" src=\"https:\/\/1dronas.lt\/wp-content\/uploads\/2025\/10\/Air75_II_Brushless_Whoop_Frame_-_new_form_peak_performance.webp\" alt=\"\" width=\"1600\" height=\"900\" srcset=\"https:\/\/1dronas.lt\/wp-content\/uploads\/2025\/10\/Air75_II_Brushless_Whoop_Frame_-_new_form_peak_performance.webp 1600w, https:\/\/1dronas.lt\/wp-content\/uploads\/2025\/10\/Air75_II_Brushless_Whoop_Frame_-_new_form_peak_performance-300x169.webp 300w, https:\/\/1dronas.lt\/wp-content\/uploads\/2025\/10\/Air75_II_Brushless_Whoop_Frame_-_new_form_peak_performance-1024x576.webp 1024w, https:\/\/1dronas.lt\/wp-content\/uploads\/2025\/10\/Air75_II_Brushless_Whoop_Frame_-_new_form_peak_performance-768x432.webp 768w, https:\/\/1dronas.lt\/wp-content\/uploads\/2025\/10\/Air75_II_Brushless_Whoop_Frame_-_new_form_peak_performance-1536x864.webp 1536w, https:\/\/1dronas.lt\/wp-content\/uploads\/2025\/10\/Air75_II_Brushless_Whoop_Frame_-_new_form_peak_performance-18x10.webp 18w, https:\/\/1dronas.lt\/wp-content\/uploads\/2025\/10\/Air75_II_Brushless_Whoop_Frame_-_new_form_peak_performance-510x287.webp 510w\" sizes=\"auto, (max-width: 1600px) 100vw, 1600px\" \/><\/p>\n<p><strong>Features:<\/strong><\/p>\n<p>\u2022 Reduced number of reinforcements from 6 to 4 and optimized channel geometry increases traction 11 % while maintaining impeccable rigidity.<br \/>\n\u2022 Optimized connection structure reduces frame amplitude and ensures ideal PID response.<br \/>\n\u2022 Improved PP material composition ensures impact resistance \u2013 the frame is prepared for accidents.<br \/>\n\u2022 Pilot-friendly details: engine mounting holes, bolt protection structure, enlarged FC mounting holes (25.5 x 25.5 mm) and reduced channel profile.<br \/>\n\u2022 Weighing just 4g, the Air75 II version is 10% lighter than the first generation.<\/p>\n<p><strong>Specification:<\/strong><\/p>\n<p>\u2022 Item: Air75 II Brushless Whoop Frame;<br \/>\n\u2022 Material: PP;<br \/>\n\u2022 Weight: 4.00 g;<br \/>\n\u2022 Frame diagonal: 75 mm;<br \/>\n\u2022 Motor mounting: 3 \u00d7 M1.4 \u2013 6.6 mm;<br \/>\n\u2022 Flight controller mounting holes: 25.5 x 25.5 mm;<br \/>\n\u2022 Battery slot size: 16.3 x 6.3 mm;<br \/>\n\u2022 Maximum dimensions: 99.1 x 99.1 x 16.2 mm;<br \/>\n\u2022 Colors: Black, Transparent blue, Transparent orange, Transparent purple, Transparent white.<\/p>\n<p><img loading=\"lazy\" decoding=\"async\" class=\"alignnone wp-image-11981\" src=\"https:\/\/1dronas.lt\/wp-content\/uploads\/2025\/10\/Air75_II_Brushless_Whoop_Frame_arm_braces.webp\" alt=\"\" width=\"683\" height=\"384\" srcset=\"https:\/\/1dronas.lt\/wp-content\/uploads\/2025\/10\/Air75_II_Brushless_Whoop_Frame_arm_braces.webp 1600w, https:\/\/1dronas.lt\/wp-content\/uploads\/2025\/10\/Air75_II_Brushless_Whoop_Frame_arm_braces-300x169.webp 300w, https:\/\/1dronas.lt\/wp-content\/uploads\/2025\/10\/Air75_II_Brushless_Whoop_Frame_arm_braces-1024x576.webp 1024w, https:\/\/1dronas.lt\/wp-content\/uploads\/2025\/10\/Air75_II_Brushless_Whoop_Frame_arm_braces-768x432.webp 768w, https:\/\/1dronas.lt\/wp-content\/uploads\/2025\/10\/Air75_II_Brushless_Whoop_Frame_arm_braces-1536x864.webp 1536w, https:\/\/1dronas.lt\/wp-content\/uploads\/2025\/10\/Air75_II_Brushless_Whoop_Frame_arm_braces-18x10.webp 18w, https:\/\/1dronas.lt\/wp-content\/uploads\/2025\/10\/Air75_II_Brushless_Whoop_Frame_arm_braces-510x287.webp 510w\" sizes=\"auto, (max-width: 683px) 100vw, 683px\" \/><\/p>\n<p>Diagram<\/p>\n<p><img loading=\"lazy\" decoding=\"async\" class=\"alignnone size-full wp-image-11980\" src=\"https:\/\/1dronas.lt\/wp-content\/uploads\/2025\/10\/Air75_II_Brushless_Whoop_Frame_diagram_600x600.webp\" alt=\"\" width=\"600\" height=\"600\" srcset=\"https:\/\/1dronas.lt\/wp-content\/uploads\/2025\/10\/Air75_II_Brushless_Whoop_Frame_diagram_600x600.webp 600w, https:\/\/1dronas.lt\/wp-content\/uploads\/2025\/10\/Air75_II_Brushless_Whoop_Frame_diagram_600x600-300x300.webp 300w, https:\/\/1dronas.lt\/wp-content\/uploads\/2025\/10\/Air75_II_Brushless_Whoop_Frame_diagram_600x600-150x150.webp 150w, https:\/\/1dronas.lt\/wp-content\/uploads\/2025\/10\/Air75_II_Brushless_Whoop_Frame_diagram_600x600-12x12.webp 12w, https:\/\/1dronas.lt\/wp-content\/uploads\/2025\/10\/Air75_II_Brushless_Whoop_Frame_diagram_600x600-247x247.webp 247w, https:\/\/1dronas.lt\/wp-content\/uploads\/2025\/10\/Air75_II_Brushless_Whoop_Frame_diagram_600x600-510x510.webp 510w, https:\/\/1dronas.lt\/wp-content\/uploads\/2025\/10\/Air75_II_Brushless_Whoop_Frame_diagram_600x600-100x100.webp 100w\" sizes=\"auto, (max-width: 600px) 100vw, 600px\" \/><\/p>\n<p><strong>Redesigned frame shape: +11 % thrust<\/strong><\/p>\n<p>By strategically reducing the number of arm reinforcements from 6 to 4 and improving duct aerodynamics, the Air75 II achieves 11 % more thrust compared to the first-generation model - ensuring extremely fast throttle response and stable power throughout the flight.<\/p>\n<p><img loading=\"lazy\" decoding=\"async\" class=\"alignnone wp-image-11979 size-large\" src=\"https:\/\/1dronas.lt\/wp-content\/uploads\/2025\/10\/Air75_II_Brushless_Whoop_Frame_thrust_increase_11-1024x576.webp\" alt=\"\" width=\"1020\" height=\"574\" srcset=\"https:\/\/1dronas.lt\/wp-content\/uploads\/2025\/10\/Air75_II_Brushless_Whoop_Frame_thrust_increase_11-1024x576.webp 1024w, https:\/\/1dronas.lt\/wp-content\/uploads\/2025\/10\/Air75_II_Brushless_Whoop_Frame_thrust_increase_11-300x169.webp 300w, https:\/\/1dronas.lt\/wp-content\/uploads\/2025\/10\/Air75_II_Brushless_Whoop_Frame_thrust_increase_11-768x432.webp 768w, https:\/\/1dronas.lt\/wp-content\/uploads\/2025\/10\/Air75_II_Brushless_Whoop_Frame_thrust_increase_11-1536x864.webp 1536w, https:\/\/1dronas.lt\/wp-content\/uploads\/2025\/10\/Air75_II_Brushless_Whoop_Frame_thrust_increase_11-18x10.webp 18w, https:\/\/1dronas.lt\/wp-content\/uploads\/2025\/10\/Air75_II_Brushless_Whoop_Frame_thrust_increase_11-510x287.webp 510w, https:\/\/1dronas.lt\/wp-content\/uploads\/2025\/10\/Air75_II_Brushless_Whoop_Frame_thrust_increase_11.webp 1600w\" sizes=\"auto, (max-width: 1020px) 100vw, 1020px\" \/><\/p>\n<p><strong>Reliable flight<\/strong><\/p>\n<p>After numerous structural improvements, the final design of the connecting arms effectively reduces frame vibration. Combined with Feedforward tuning, this system achieves near-perfect PID response, allowing for precise maneuvers and ultra-smooth freestyle flight.<\/p>\n<p><img loading=\"lazy\" decoding=\"async\" class=\"alignnone wp-image-11978 size-large\" src=\"https:\/\/1dronas.lt\/wp-content\/uploads\/2025\/10\/Air75_II_Brushless_Whoop_Frame_connecting_structure-1024x576.webp\" alt=\"\" width=\"1020\" height=\"574\" srcset=\"https:\/\/1dronas.lt\/wp-content\/uploads\/2025\/10\/Air75_II_Brushless_Whoop_Frame_connecting_structure-1024x576.webp 1024w, https:\/\/1dronas.lt\/wp-content\/uploads\/2025\/10\/Air75_II_Brushless_Whoop_Frame_connecting_structure-300x169.webp 300w, https:\/\/1dronas.lt\/wp-content\/uploads\/2025\/10\/Air75_II_Brushless_Whoop_Frame_connecting_structure-768x432.webp 768w, https:\/\/1dronas.lt\/wp-content\/uploads\/2025\/10\/Air75_II_Brushless_Whoop_Frame_connecting_structure-1536x864.webp 1536w, https:\/\/1dronas.lt\/wp-content\/uploads\/2025\/10\/Air75_II_Brushless_Whoop_Frame_connecting_structure-18x10.webp 18w, https:\/\/1dronas.lt\/wp-content\/uploads\/2025\/10\/Air75_II_Brushless_Whoop_Frame_connecting_structure-510x287.webp 510w, https:\/\/1dronas.lt\/wp-content\/uploads\/2025\/10\/Air75_II_Brushless_Whoop_Frame_connecting_structure.webp 1600w\" sizes=\"auto, (max-width: 1020px) 100vw, 1020px\" \/><\/p>\n<p><strong>Optimized, resistant material<\/strong><\/p>\n<p>The battlefield-tested PP material composition easily withstands impacts with concrete and tree branches. Survive even the toughest freestyle crashes \u2013 and get home safely.<\/p>\n<p><img loading=\"lazy\" decoding=\"async\" class=\"alignnone wp-image-11977 size-large\" src=\"https:\/\/1dronas.lt\/wp-content\/uploads\/2025\/10\/Air75_II_Brushless_Whoop_Frame_-_fly_harder_worry_less-1024x576.webp\" alt=\"\" width=\"1020\" height=\"574\" srcset=\"https:\/\/1dronas.lt\/wp-content\/uploads\/2025\/10\/Air75_II_Brushless_Whoop_Frame_-_fly_harder_worry_less-1024x576.webp 1024w, https:\/\/1dronas.lt\/wp-content\/uploads\/2025\/10\/Air75_II_Brushless_Whoop_Frame_-_fly_harder_worry_less-300x169.webp 300w, https:\/\/1dronas.lt\/wp-content\/uploads\/2025\/10\/Air75_II_Brushless_Whoop_Frame_-_fly_harder_worry_less-768x432.webp 768w, https:\/\/1dronas.lt\/wp-content\/uploads\/2025\/10\/Air75_II_Brushless_Whoop_Frame_-_fly_harder_worry_less-1536x864.webp 1536w, https:\/\/1dronas.lt\/wp-content\/uploads\/2025\/10\/Air75_II_Brushless_Whoop_Frame_-_fly_harder_worry_less-18x10.webp 18w, https:\/\/1dronas.lt\/wp-content\/uploads\/2025\/10\/Air75_II_Brushless_Whoop_Frame_-_fly_harder_worry_less-510x287.webp 510w, https:\/\/1dronas.lt\/wp-content\/uploads\/2025\/10\/Air75_II_Brushless_Whoop_Frame_-_fly_harder_worry_less.webp 1600w\" sizes=\"auto, (max-width: 1020px) 100vw, 1020px\" \/><\/p>\n<p><strong>Attention to every detail<\/strong><\/p>\n<p>Every gram is thoughtfully crafted. Retained engine mounting holes ensure precise alignment, a new bolt protection design deflects impact force in the event of a crash, and enlarged 1.2mm FC holes allow for easy use of 1.4mm bolts. Where pilot priorities meet engineering perfectionism.<\/p>\n<p><img loading=\"lazy\" decoding=\"async\" class=\"alignnone wp-image-11976 size-large\" src=\"https:\/\/1dronas.lt\/wp-content\/uploads\/2025\/10\/Air75_II_Brushless_Whoop_Frame_-_details-1024x576.webp\" alt=\"\" width=\"1020\" height=\"574\" srcset=\"https:\/\/1dronas.lt\/wp-content\/uploads\/2025\/10\/Air75_II_Brushless_Whoop_Frame_-_details-1024x576.webp 1024w, https:\/\/1dronas.lt\/wp-content\/uploads\/2025\/10\/Air75_II_Brushless_Whoop_Frame_-_details-300x169.webp 300w, https:\/\/1dronas.lt\/wp-content\/uploads\/2025\/10\/Air75_II_Brushless_Whoop_Frame_-_details-768x432.webp 768w, https:\/\/1dronas.lt\/wp-content\/uploads\/2025\/10\/Air75_II_Brushless_Whoop_Frame_-_details-1536x864.webp 1536w, https:\/\/1dronas.lt\/wp-content\/uploads\/2025\/10\/Air75_II_Brushless_Whoop_Frame_-_details-18x10.webp 18w, https:\/\/1dronas.lt\/wp-content\/uploads\/2025\/10\/Air75_II_Brushless_Whoop_Frame_-_details-510x287.webp 510w, https:\/\/1dronas.lt\/wp-content\/uploads\/2025\/10\/Air75_II_Brushless_Whoop_Frame_-_details.webp 1600w\" sizes=\"auto, (max-width: 1020px) 100vw, 1020px\" \/><\/p>\n<p><strong>Package:<\/strong><\/p>\n<p>1 x Air75 II Brushless Whoop frame.<\/p>\n<p><img loading=\"lazy\" decoding=\"async\" class=\"alignnone size-full wp-image-11975\" src=\"https:\/\/1dronas.lt\/wp-content\/uploads\/2025\/10\/Air75_II_Brushless_Whoop_Frame_package_600x600.webp\" alt=\"\" width=\"600\" height=\"600\" srcset=\"https:\/\/1dronas.lt\/wp-content\/uploads\/2025\/10\/Air75_II_Brushless_Whoop_Frame_package_600x600.webp 600w, https:\/\/1dronas.lt\/wp-content\/uploads\/2025\/10\/Air75_II_Brushless_Whoop_Frame_package_600x600-300x300.webp 300w, https:\/\/1dronas.lt\/wp-content\/uploads\/2025\/10\/Air75_II_Brushless_Whoop_Frame_package_600x600-150x150.webp 150w, https:\/\/1dronas.lt\/wp-content\/uploads\/2025\/10\/Air75_II_Brushless_Whoop_Frame_package_600x600-12x12.webp 12w, https:\/\/1dronas.lt\/wp-content\/uploads\/2025\/10\/Air75_II_Brushless_Whoop_Frame_package_600x600-247x247.webp 247w, https:\/\/1dronas.lt\/wp-content\/uploads\/2025\/10\/Air75_II_Brushless_Whoop_Frame_package_600x600-510x510.webp 510w, https:\/\/1dronas.lt\/wp-content\/uploads\/2025\/10\/Air75_II_Brushless_Whoop_Frame_package_600x600-100x100.webp 100w\" sizes=\"auto, (max-width: 600px) 100vw, 600px\" \/><\/p>","protected":false},"excerpt":{"rendered":"<p><span style=\"color: #333333;\">The updated Air75 II frame offers 11 % more traction, 10 % less weight, and unmatched steering precision.<\/span><\/p>\n<p><span style=\"color: #333333;\"><strong><img loading=\"lazy\" decoding=\"async\" class=\"alignnone wp-image-1806\" src=\"https:\/\/1dronas.lt\/wp-content\/uploads\/2021\/05\/delivery-icon.png\" alt=\"\" width=\"24\" height=\"24\" srcset=\"https:\/\/1dronas.lt\/wp-content\/uploads\/2021\/05\/delivery-icon.png 35w, https:\/\/1dronas.lt\/wp-content\/uploads\/2021\/05\/delivery-icon-12x12.png 12w\" sizes=\"auto, (max-width: 24px) 100vw, 24px\" \/> \u00a0<span style=\"font-size: 90%;\">1 \u2013 2 days<\/span><\/strong><\/span><\/p>","protected":false},"featured_media":11974,"comment_status":"open","ping_status":"closed","template":"","meta":[],"product_brand":[489],"product_cat":[687],"product_tag":[444,464,69,352,248],"class_list":{"0":"post-11958","1":"product","2":"type-product","3":"status-publish","4":"has-post-thumbnail","6":"product_brand-betafpv","7":"product_cat-whoop-remai","8":"product_tag-air75","9":"product_tag-air75-frame","10":"product_tag-betafpv","11":"product_tag-frame","12":"product_tag-remas","14":"first","15":"instock","16":"taxable","17":"shipping-taxable","18":"purchasable","19":"product-type-variable","20":"has-default-attributes"},"yoast_head":"<!-- This site is optimized with the Yoast SEO plugin v27.3 - https:\/\/yoast.com\/product\/yoast-seo-wordpress\/ -->\n<title>BETAFPV Air75 II Brushless Whoop r\u0117mas - 1dronas.lt<\/title>\n<meta name=\"robots\" content=\"index, follow, max-snippet:-1, max-image-preview:large, max-video-preview:-1\" \/>\n<link rel=\"canonical\" href=\"https:\/\/1dronas.lt\/en\/produktas\/betafpv-air75-ii-brushless-whoop-remas\/\" \/>\n<meta property=\"og:locale\" content=\"en_US\" \/>\n<meta property=\"og:type\" content=\"article\" \/>\n<meta property=\"og:title\" content=\"BETAFPV Air75 II Brushless Whoop r\u0117mas - 1dronas.lt\" \/>\n<meta property=\"og:description\" content=\"Atnaujintas \u201eAir75 II\u201c r\u0117mas si\u016blo 11 % didesn\u0119 trauk\u0105, 10 % ma\u017eesn\u012f svor\u012f ir neprilygstam\u0105 valdymo tikslum\u0105.   \u00a01 \u2013 2 d. d.\" \/>\n<meta property=\"og:url\" content=\"https:\/\/1dronas.lt\/en\/produktas\/betafpv-air75-ii-brushless-whoop-remas\/\" \/>\n<meta property=\"og:site_name\" content=\"1dronas.lt\" \/>\n<meta property=\"article:publisher\" content=\"https:\/\/www.facebook.com\/1dronas\/\" \/>\n<meta property=\"article:modified_time\" content=\"2026-04-02T16:12:19+00:00\" \/>\n<meta property=\"og:image\" content=\"https:\/\/1dronas.lt\/wp-content\/uploads\/2025\/10\/Air75_II_Brushless_Whoop_Frame_black.webp\" \/>\n\t<meta property=\"og:image:width\" content=\"1600\" \/>\n\t<meta property=\"og:image:height\" content=\"1600\" \/>\n\t<meta property=\"og:image:type\" content=\"image\/webp\" \/>\n<meta name=\"twitter:card\" content=\"summary_large_image\" \/>\n<meta name=\"twitter:label1\" content=\"Est. reading time\" \/>\n\t<meta name=\"twitter:data1\" content=\"5 minutes\" \/>\n<script type=\"application\/ld+json\" class=\"yoast-schema-graph\">{\"@context\":\"https:\\\/\\\/schema.org\",\"@graph\":[{\"@type\":\"WebPage\",\"@id\":\"https:\\\/\\\/1dronas.lt\\\/en\\\/produktas\\\/betafpv-air75-ii-brushless-whoop-remas\\\/\",\"url\":\"https:\\\/\\\/1dronas.lt\\\/en\\\/produktas\\\/betafpv-air75-ii-brushless-whoop-remas\\\/\",\"name\":\"BETAFPV Air75 II Brushless Whoop r\u0117mas - 1dronas.lt\",\"isPartOf\":{\"@id\":\"https:\\\/\\\/1dronas.lt\\\/en\\\/#website\"},\"primaryImageOfPage\":{\"@id\":\"https:\\\/\\\/1dronas.lt\\\/en\\\/produktas\\\/betafpv-air75-ii-brushless-whoop-remas\\\/#primaryimage\"},\"image\":{\"@id\":\"https:\\\/\\\/1dronas.lt\\\/en\\\/produktas\\\/betafpv-air75-ii-brushless-whoop-remas\\\/#primaryimage\"},\"thumbnailUrl\":\"https:\\\/\\\/1dronas.lt\\\/wp-content\\\/uploads\\\/2025\\\/10\\\/Air75_II_Brushless_Whoop_Frame_black.webp\",\"datePublished\":\"2025-10-05T10:46:30+00:00\",\"dateModified\":\"2026-04-02T16:12:19+00:00\",\"breadcrumb\":{\"@id\":\"https:\\\/\\\/1dronas.lt\\\/en\\\/produktas\\\/betafpv-air75-ii-brushless-whoop-remas\\\/#breadcrumb\"},\"inLanguage\":\"en-US\",\"potentialAction\":[{\"@type\":\"ReadAction\",\"target\":[\"https:\\\/\\\/1dronas.lt\\\/en\\\/produktas\\\/betafpv-air75-ii-brushless-whoop-remas\\\/\"]}]},{\"@type\":\"ImageObject\",\"inLanguage\":\"en-US\",\"@id\":\"https:\\\/\\\/1dronas.lt\\\/en\\\/produktas\\\/betafpv-air75-ii-brushless-whoop-remas\\\/#primaryimage\",\"url\":\"https:\\\/\\\/1dronas.lt\\\/wp-content\\\/uploads\\\/2025\\\/10\\\/Air75_II_Brushless_Whoop_Frame_black.webp\",\"contentUrl\":\"https:\\\/\\\/1dronas.lt\\\/wp-content\\\/uploads\\\/2025\\\/10\\\/Air75_II_Brushless_Whoop_Frame_black.webp\",\"width\":1600,\"height\":1600},{\"@type\":\"BreadcrumbList\",\"@id\":\"https:\\\/\\\/1dronas.lt\\\/en\\\/produktas\\\/betafpv-air75-ii-brushless-whoop-remas\\\/#breadcrumb\",\"itemListElement\":[{\"@type\":\"ListItem\",\"position\":1,\"name\":\"Home\",\"item\":\"https:\\\/\\\/1dronas.lt\\\/\"},{\"@type\":\"ListItem\",\"position\":2,\"name\":\"Parduotuv\u0117\",\"item\":\"https:\\\/\\\/1dronas.lt\\\/parduotuve\\\/\"},{\"@type\":\"ListItem\",\"position\":3,\"name\":\"BETAFPV Air75 II Brushless Whoop r\u0117mas\"}]},{\"@type\":\"WebSite\",\"@id\":\"https:\\\/\\\/1dronas.lt\\\/en\\\/#website\",\"url\":\"https:\\\/\\\/1dronas.lt\\\/en\\\/\",\"name\":\"1dronas.lt\",\"description\":\"Internetin\u0117 parduotuv\u0117\",\"publisher\":{\"@id\":\"https:\\\/\\\/1dronas.lt\\\/en\\\/#organization\"},\"potentialAction\":[{\"@type\":\"SearchAction\",\"target\":{\"@type\":\"EntryPoint\",\"urlTemplate\":\"https:\\\/\\\/1dronas.lt\\\/en\\\/?s={search_term_string}\"},\"query-input\":{\"@type\":\"PropertyValueSpecification\",\"valueRequired\":true,\"valueName\":\"search_term_string\"}}],\"inLanguage\":\"en-US\"},{\"@type\":\"Organization\",\"@id\":\"https:\\\/\\\/1dronas.lt\\\/en\\\/#organization\",\"name\":\"1dronas.lt\",\"url\":\"https:\\\/\\\/1dronas.lt\\\/en\\\/\",\"logo\":{\"@type\":\"ImageObject\",\"inLanguage\":\"en-US\",\"@id\":\"https:\\\/\\\/1dronas.lt\\\/en\\\/#\\\/schema\\\/logo\\\/image\\\/\",\"url\":\"https:\\\/\\\/1dronas.lt\\\/wp-content\\\/uploads\\\/2020\\\/12\\\/Ekrano_kopija__2_-removebg-preview-1-1.png\",\"contentUrl\":\"https:\\\/\\\/1dronas.lt\\\/wp-content\\\/uploads\\\/2020\\\/12\\\/Ekrano_kopija__2_-removebg-preview-1-1.png\",\"width\":234,\"height\":81,\"caption\":\"1dronas.lt\"},\"image\":{\"@id\":\"https:\\\/\\\/1dronas.lt\\\/en\\\/#\\\/schema\\\/logo\\\/image\\\/\"},\"sameAs\":[\"https:\\\/\\\/www.facebook.com\\\/1dronas\\\/\"]}]}<\/script>\n<!-- \/ Yoast SEO plugin. -->","yoast_head_json":{"title":"BETAFPV Air75 II Brushless Whoop Frame - 1dronas.lt","robots":{"index":"index","follow":"follow","max-snippet":"max-snippet:-1","max-image-preview":"max-image-preview:large","max-video-preview":"max-video-preview:-1"},"canonical":"https:\/\/1dronas.lt\/en\/produktas\/betafpv-air75-ii-brushless-whoop-remas\/","og_locale":"en_US","og_type":"article","og_title":"BETAFPV Air75 II Brushless Whoop r\u0117mas - 1dronas.lt","og_description":"Atnaujintas \u201eAir75 II\u201c r\u0117mas si\u016blo 11 % didesn\u0119 trauk\u0105, 10 % ma\u017eesn\u012f svor\u012f ir neprilygstam\u0105 valdymo tikslum\u0105.   \u00a01 \u2013 2 d. d.","og_url":"https:\/\/1dronas.lt\/en\/produktas\/betafpv-air75-ii-brushless-whoop-remas\/","og_site_name":"1dronas.lt","article_publisher":"https:\/\/www.facebook.com\/1dronas\/","article_modified_time":"2026-04-02T16:12:19+00:00","og_image":[{"width":1600,"height":1600,"url":"https:\/\/1dronas.lt\/wp-content\/uploads\/2025\/10\/Air75_II_Brushless_Whoop_Frame_black.webp","type":"image\/webp"}],"twitter_card":"summary_large_image","twitter_misc":{"Est. reading time":"5 minutes"},"schema":{"@context":"https:\/\/schema.org","@graph":[{"@type":"WebPage","@id":"https:\/\/1dronas.lt\/en\/produktas\/betafpv-air75-ii-brushless-whoop-remas\/","url":"https:\/\/1dronas.lt\/en\/produktas\/betafpv-air75-ii-brushless-whoop-remas\/","name":"BETAFPV Air75 II Brushless Whoop Frame - 1dronas.lt","isPartOf":{"@id":"https:\/\/1dronas.lt\/en\/#website"},"primaryImageOfPage":{"@id":"https:\/\/1dronas.lt\/en\/produktas\/betafpv-air75-ii-brushless-whoop-remas\/#primaryimage"},"image":{"@id":"https:\/\/1dronas.lt\/en\/produktas\/betafpv-air75-ii-brushless-whoop-remas\/#primaryimage"},"thumbnailUrl":"https:\/\/1dronas.lt\/wp-content\/uploads\/2025\/10\/Air75_II_Brushless_Whoop_Frame_black.webp","datePublished":"2025-10-05T10:46:30+00:00","dateModified":"2026-04-02T16:12:19+00:00","breadcrumb":{"@id":"https:\/\/1dronas.lt\/en\/produktas\/betafpv-air75-ii-brushless-whoop-remas\/#breadcrumb"},"inLanguage":"en-US","potentialAction":[{"@type":"ReadAction","target":["https:\/\/1dronas.lt\/en\/produktas\/betafpv-air75-ii-brushless-whoop-remas\/"]}]},{"@type":"ImageObject","inLanguage":"en-US","@id":"https:\/\/1dronas.lt\/en\/produktas\/betafpv-air75-ii-brushless-whoop-remas\/#primaryimage","url":"https:\/\/1dronas.lt\/wp-content\/uploads\/2025\/10\/Air75_II_Brushless_Whoop_Frame_black.webp","contentUrl":"https:\/\/1dronas.lt\/wp-content\/uploads\/2025\/10\/Air75_II_Brushless_Whoop_Frame_black.webp","width":1600,"height":1600},{"@type":"BreadcrumbList","@id":"https:\/\/1dronas.lt\/en\/produktas\/betafpv-air75-ii-brushless-whoop-remas\/#breadcrumb","itemListElement":[{"@type":"ListItem","position":1,"name":"Home","item":"https:\/\/1dronas.lt\/"},{"@type":"ListItem","position":2,"name":"Parduotuv\u0117","item":"https:\/\/1dronas.lt\/parduotuve\/"},{"@type":"ListItem","position":3,"name":"BETAFPV Air75 II Brushless Whoop r\u0117mas"}]},{"@type":"WebSite","@id":"https:\/\/1dronas.lt\/en\/#website","url":"https:\/\/1dronas.lt\/en\/","name":"1dronas.lt","description":"Online store","publisher":{"@id":"https:\/\/1dronas.lt\/en\/#organization"},"potentialAction":[{"@type":"SearchAction","target":{"@type":"EntryPoint","urlTemplate":"https:\/\/1dronas.lt\/en\/?s={search_term_string}"},"query-input":{"@type":"PropertyValueSpecification","valueRequired":true,"valueName":"search_term_string"}}],"inLanguage":"en-US"},{"@type":"Organization","@id":"https:\/\/1dronas.lt\/en\/#organization","name":"1dronas.lt","url":"https:\/\/1dronas.lt\/en\/","logo":{"@type":"ImageObject","inLanguage":"en-US","@id":"https:\/\/1dronas.lt\/en\/#\/schema\/logo\/image\/","url":"https:\/\/1dronas.lt\/wp-content\/uploads\/2020\/12\/Ekrano_kopija__2_-removebg-preview-1-1.png","contentUrl":"https:\/\/1dronas.lt\/wp-content\/uploads\/2020\/12\/Ekrano_kopija__2_-removebg-preview-1-1.png","width":234,"height":81,"caption":"1dronas.lt"},"image":{"@id":"https:\/\/1dronas.lt\/en\/#\/schema\/logo\/image\/"},"sameAs":["https:\/\/www.facebook.com\/1dronas\/"]}]}},"jetpack_sharing_enabled":true,"_links":{"self":[{"href":"https:\/\/1dronas.lt\/en\/wp-json\/wp\/v2\/product\/11958","targetHints":{"allow":["GET"]}}],"collection":[{"href":"https:\/\/1dronas.lt\/en\/wp-json\/wp\/v2\/product"}],"about":[{"href":"https:\/\/1dronas.lt\/en\/wp-json\/wp\/v2\/types\/product"}],"replies":[{"embeddable":true,"href":"https:\/\/1dronas.lt\/en\/wp-json\/wp\/v2\/comments?post=11958"}],"wp:featuredmedia":[{"embeddable":true,"href":"https:\/\/1dronas.lt\/en\/wp-json\/wp\/v2\/media\/11974"}],"wp:attachment":[{"href":"https:\/\/1dronas.lt\/en\/wp-json\/wp\/v2\/media?parent=11958"}],"wp:term":[{"taxonomy":"product_brand","embeddable":true,"href":"https:\/\/1dronas.lt\/en\/wp-json\/wp\/v2\/product_brand?post=11958"},{"taxonomy":"product_cat","embeddable":true,"href":"https:\/\/1dronas.lt\/en\/wp-json\/wp\/v2\/product_cat?post=11958"},{"taxonomy":"product_tag","embeddable":true,"href":"https:\/\/1dronas.lt\/en\/wp-json\/wp\/v2\/product_tag?post=11958"}],"curies":[{"name":"wp","href":"https:\/\/api.w.org\/{rel}","templated":true}]}}