{"id":11946,"date":"2025-10-05T12:34:53","date_gmt":"2025-10-05T09:34:53","guid":{"rendered":"https:\/\/1dronas.lt\/?post_type=product&#038;p=11946"},"modified":"2026-04-18T10:44:35","modified_gmt":"2026-04-18T07:44:35","slug":"betafpv-bt2-0-u-whoop-cable-pigtail-6vnt","status":"publish","type":"product","link":"https:\/\/1dronas.lt\/en\/produktas\/betafpv-bt2-0-u-whoop-cable-pigtail-6vnt\/","title":{"rendered":"BETAFPV BT2.0 U Whoop Cable Pigtail (6pcs)"},"content":{"rendered":"<p>The BT2.0 1S whoop cable with pigtail is the choice for those who want to modify their drone or 1S flight control board (FC) with PH2.0 connector. With 1.0mm banana plugs, it can support 9A continuous current and 15A momentary current load. This allows you to fully exploit the potential of your brushless whoop drone and ensures excellent performance when using a BT2.0 300mAh 1S battery.<\/p>\n<p><img loading=\"lazy\" decoding=\"async\" class=\"alignnone size-full wp-image-11948\" src=\"https:\/\/1dronas.lt\/wp-content\/uploads\/2025\/10\/FB_25495363-968d-4eab-a42d-7f0826702ff8_1024x1024.webp\" alt=\"\" width=\"1024\" height=\"576\" srcset=\"https:\/\/1dronas.lt\/wp-content\/uploads\/2025\/10\/FB_25495363-968d-4eab-a42d-7f0826702ff8_1024x1024.webp 1024w, https:\/\/1dronas.lt\/wp-content\/uploads\/2025\/10\/FB_25495363-968d-4eab-a42d-7f0826702ff8_1024x1024-300x169.webp 300w, https:\/\/1dronas.lt\/wp-content\/uploads\/2025\/10\/FB_25495363-968d-4eab-a42d-7f0826702ff8_1024x1024-768x432.webp 768w, https:\/\/1dronas.lt\/wp-content\/uploads\/2025\/10\/FB_25495363-968d-4eab-a42d-7f0826702ff8_1024x1024-18x10.webp 18w, https:\/\/1dronas.lt\/wp-content\/uploads\/2025\/10\/FB_25495363-968d-4eab-a42d-7f0826702ff8_1024x1024-510x287.webp 510w\" sizes=\"auto, (max-width: 1024px) 100vw, 1024px\" \/><\/p>\n<p>No more bending wires in drones \u2013 everything is easier with the BT2.0 U-type cable with pigtail connector! Long-term bending or stretching of the cable often causes it to be damaged or broken. This cable is designed with a reverse direction, making it much easier to connect to the batteries of \u201cwhoop\u201d type drones. This solution reduces the tension on the cable, and the shortened length reduces weight and extends its service life.<\/p>\n<p><img loading=\"lazy\" decoding=\"async\" class=\"alignnone size-full wp-image-11947\" src=\"https:\/\/1dronas.lt\/wp-content\/uploads\/2025\/10\/1_8a9e343a-c885-4daa-b97e-cd31e85a0190_1024x1024.webp\" alt=\"\" width=\"1024\" height=\"576\" srcset=\"https:\/\/1dronas.lt\/wp-content\/uploads\/2025\/10\/1_8a9e343a-c885-4daa-b97e-cd31e85a0190_1024x1024.webp 1024w, https:\/\/1dronas.lt\/wp-content\/uploads\/2025\/10\/1_8a9e343a-c885-4daa-b97e-cd31e85a0190_1024x1024-300x169.webp 300w, https:\/\/1dronas.lt\/wp-content\/uploads\/2025\/10\/1_8a9e343a-c885-4daa-b97e-cd31e85a0190_1024x1024-768x432.webp 768w, https:\/\/1dronas.lt\/wp-content\/uploads\/2025\/10\/1_8a9e343a-c885-4daa-b97e-cd31e85a0190_1024x1024-18x10.webp 18w, https:\/\/1dronas.lt\/wp-content\/uploads\/2025\/10\/1_8a9e343a-c885-4daa-b97e-cd31e85a0190_1024x1024-510x287.webp 510w\" sizes=\"auto, (max-width: 1024px) 100vw, 1024px\" \/><\/p>\n<p><strong>Features:<\/strong><\/p>\n<p>\u2022 Thanks to the BT2.0 connection and 180\u00b0 U-shaped design, you can say goodbye to the risk of cables getting bent or broken.<br \/>\n\u2022 The U-shaped structure has a smooth stepped design, making connecting and disconnecting the battery even more convenient.<br \/>\n\u2022\u00a0<span style=\"font-size: 14.4px;\">This design allows for the use of shorter power cables, ensures seamless molding, compact dimensions, and reduced weight.<br \/>\n\u2022\u00a0<\/span>The BT2.0 connector effectively reduces internal resistance by using 1.0 mm banana pins instead of traditional contacts, increasing the cross-sectional area of the connector conductor.<br \/>\n\u2022 The BT2.0 connector supports 9A continuous current and 15A burst current, while the PH2.0 connector only supports 4.5A continuous current. This provides a smoother and more powerful flight experience for 1S brushless whoop drones.<br \/>\n\u2022 Using BT2.0 connection solves the voltage drop problem, making the 1S LiPo battery discharge more efficiently. Pilots can enjoy longer flight time without low voltage warnings.<br \/>\n\u2022 Lightweight, specially designed 22AWG cable helps further reduce the weight of the drone.<br \/>\n\u2022 The cable uses a US standard core \u2013 0.08 mm \u00d7 60.<br \/>\n\u2022 The diameter of the silicone sheath is only 1.5 mm, which is 0.2 mm thinner than a regular 22AWG standard wire.<\/p>\n<p><strong>Specification:<\/strong><\/p>\n<p>\u2022 Item: BT2.0 U-type cable with connector (&quot;pigtail&quot;);<br \/>\n\u2022 Weight: 1.0 g\/pc.;<br \/>\n\u2022 Cable length: 40 mm \/ 50 mm;<br \/>\n\u2022 Wire type: 22AWG;<br \/>\n\u2022 Connector: BT2.0 U-shaped male connector;<br \/>\n\u2022 Compatible with FC: F4 1S 5A AIO FC, F4 1-2S 12A AIO FC (or other 1S flight controllers);<br \/>\n\u2022 Metal material: gold-plated copper;<br \/>\n\u2022 Rated current: 9A;<br \/>\n\u2022 Maximum (short-term) current: 15A.<\/p>\n<p><img loading=\"lazy\" decoding=\"async\" class=\"alignnone size-full wp-image-11950\" src=\"https:\/\/1dronas.lt\/wp-content\/uploads\/2025\/10\/f7d7c897f798fc44c391847188c3ac79_472adc19-2974-49f0-b212-00d4f50d33ec_600x600.avif\" alt=\"\" width=\"600\" height=\"146\" srcset=\"https:\/\/1dronas.lt\/wp-content\/uploads\/2025\/10\/f7d7c897f798fc44c391847188c3ac79_472adc19-2974-49f0-b212-00d4f50d33ec_600x600.avif 600w, https:\/\/1dronas.lt\/wp-content\/uploads\/2025\/10\/f7d7c897f798fc44c391847188c3ac79_472adc19-2974-49f0-b212-00d4f50d33ec_600x600-300x73.avif 300w, https:\/\/1dronas.lt\/wp-content\/uploads\/2025\/10\/f7d7c897f798fc44c391847188c3ac79_472adc19-2974-49f0-b212-00d4f50d33ec_600x600-18x4.avif 18w, https:\/\/1dronas.lt\/wp-content\/uploads\/2025\/10\/f7d7c897f798fc44c391847188c3ac79_472adc19-2974-49f0-b212-00d4f50d33ec_600x600-510x124.avif 510w\" sizes=\"auto, (max-width: 600px) 100vw, 600px\" \/><\/p>\n<p><strong>Soldering the BT2.0 U cable to the board<\/strong><\/p>\n<p>BT2.0 U-type cable with connector (pigtail) and BT2.0 1S Whoop cable with connector consist of blue and white wires.<br \/>\n\u2022 Blue wire \u2013 positive pole (+)<br \/>\n\u2022 White wire \u2013 negative pole (\u2013)<br \/>\nWhen soldering, be sure to pay attention to the correct connection polarity to avoid incorrect connection and possible damage to components. The following are instructions for connecting the BT2.0 U-type cable with connector.<\/p>\n<p>The following are instructions for connecting a BT2.0 U-type cable.<\/p>\n<p><img loading=\"lazy\" decoding=\"async\" class=\"alignnone size-full wp-image-11949\" src=\"https:\/\/1dronas.lt\/wp-content\/uploads\/2025\/10\/963b358cba72931fce97d51962e3c105_53d82f1d-5796-4a63-8bc0-d6c53b6b6617_1024x1024.webp\" alt=\"\" width=\"1024\" height=\"461\" srcset=\"https:\/\/1dronas.lt\/wp-content\/uploads\/2025\/10\/963b358cba72931fce97d51962e3c105_53d82f1d-5796-4a63-8bc0-d6c53b6b6617_1024x1024.webp 1024w, https:\/\/1dronas.lt\/wp-content\/uploads\/2025\/10\/963b358cba72931fce97d51962e3c105_53d82f1d-5796-4a63-8bc0-d6c53b6b6617_1024x1024-300x135.webp 300w, https:\/\/1dronas.lt\/wp-content\/uploads\/2025\/10\/963b358cba72931fce97d51962e3c105_53d82f1d-5796-4a63-8bc0-d6c53b6b6617_1024x1024-768x346.webp 768w, https:\/\/1dronas.lt\/wp-content\/uploads\/2025\/10\/963b358cba72931fce97d51962e3c105_53d82f1d-5796-4a63-8bc0-d6c53b6b6617_1024x1024-18x8.webp 18w, https:\/\/1dronas.lt\/wp-content\/uploads\/2025\/10\/963b358cba72931fce97d51962e3c105_53d82f1d-5796-4a63-8bc0-d6c53b6b6617_1024x1024-510x230.webp 510w\" sizes=\"auto, (max-width: 1024px) 100vw, 1024px\" \/><\/p>\n<p>Here you will find <strong>Betafpv Lab<\/strong> a video showing the best way to replace BT2.0 connectors.<\/p>\n<p><iframe loading=\"lazy\" title=\"Best Way to Replace Your PH2.0 to BT2.0 Connector\" width=\"1020\" height=\"574\" src=\"https:\/\/www.youtube.com\/embed\/JRU9sDiKaDo?feature=oembed\" frameborder=\"0\" allow=\"accelerometer; autoplay; clipboard-write; encrypted-media; gyroscope; picture-in-picture; web-share\" referrerpolicy=\"strict-origin-when-cross-origin\" allowfullscreen><\/iframe><\/p>\n<p><strong>BT2.0 connection<\/strong><\/p>\n<p>BETAFPV&#039;s exclusive BT2.0 connector solves the limitations of the PH2.0 connector. The BT2.0 connector effectively reduces the internal resistance, allowing for higher current to be transmitted. This means it supports 9A continuous current and 15A burst, providing more power and longer flight time for a 1S brushless drone. Meanwhile, the PH2.0 connector only supports 4.5A continuous current. Using the BT2.0 connector solves the problem of voltage sag, so you can enjoy more stable performance and longer flight time without constant low voltage warnings.<\/p>\n<p><img loading=\"lazy\" decoding=\"async\" class=\"alignnone size-full wp-image-11952\" src=\"https:\/\/1dronas.lt\/wp-content\/uploads\/2025\/10\/1FB_1024x1024.webp\" alt=\"\" width=\"1024\" height=\"448\" srcset=\"https:\/\/1dronas.lt\/wp-content\/uploads\/2025\/10\/1FB_1024x1024.webp 1024w, https:\/\/1dronas.lt\/wp-content\/uploads\/2025\/10\/1FB_1024x1024-300x131.webp 300w, https:\/\/1dronas.lt\/wp-content\/uploads\/2025\/10\/1FB_1024x1024-768x336.webp 768w, https:\/\/1dronas.lt\/wp-content\/uploads\/2025\/10\/1FB_1024x1024-18x8.webp 18w, https:\/\/1dronas.lt\/wp-content\/uploads\/2025\/10\/1FB_1024x1024-510x223.webp 510w\" sizes=\"auto, (max-width: 1024px) 100vw, 1024px\" \/><\/p>\n<p>The comparison graph shows the performance difference between the BT2.0 connector and the PH2.0 connector (with solid pins) using a BETAFPV 1S 300mAh battery. In the test, the discharge current reached 9A, and as can be seen from the graph, the BT2.0 connector provides approximately twice the operating time - about 2 minutes.<\/p>\n<p><img loading=\"lazy\" decoding=\"async\" class=\"alignnone size-full wp-image-11951\" src=\"https:\/\/1dronas.lt\/wp-content\/uploads\/2025\/10\/QQ_20191112174705_1024x1024-1.webp\" alt=\"\" width=\"874\" height=\"406\" srcset=\"https:\/\/1dronas.lt\/wp-content\/uploads\/2025\/10\/QQ_20191112174705_1024x1024-1.webp 874w, https:\/\/1dronas.lt\/wp-content\/uploads\/2025\/10\/QQ_20191112174705_1024x1024-1-300x139.webp 300w, https:\/\/1dronas.lt\/wp-content\/uploads\/2025\/10\/QQ_20191112174705_1024x1024-1-768x357.webp 768w, https:\/\/1dronas.lt\/wp-content\/uploads\/2025\/10\/QQ_20191112174705_1024x1024-1-18x8.webp 18w, https:\/\/1dronas.lt\/wp-content\/uploads\/2025\/10\/QQ_20191112174705_1024x1024-1-510x237.webp 510w\" sizes=\"auto, (max-width: 874px) 100vw, 874px\" \/><\/p>\n<p><strong>Package:<\/strong><\/p>\n<p>6 x BETAFPV BT2.0 U Whoop Cable Pigtail.<\/p>\n<p><img loading=\"lazy\" decoding=\"async\" class=\"alignnone size-full wp-image-11953\" src=\"https:\/\/1dronas.lt\/wp-content\/uploads\/2025\/10\/36911c0904db1d481a24384dac5a57ea_34674314-2204-4d73-b4c3-be73805caca6_480x480.webp\" alt=\"\" width=\"480\" height=\"480\" srcset=\"https:\/\/1dronas.lt\/wp-content\/uploads\/2025\/10\/36911c0904db1d481a24384dac5a57ea_34674314-2204-4d73-b4c3-be73805caca6_480x480.webp 480w, https:\/\/1dronas.lt\/wp-content\/uploads\/2025\/10\/36911c0904db1d481a24384dac5a57ea_34674314-2204-4d73-b4c3-be73805caca6_480x480-300x300.webp 300w, https:\/\/1dronas.lt\/wp-content\/uploads\/2025\/10\/36911c0904db1d481a24384dac5a57ea_34674314-2204-4d73-b4c3-be73805caca6_480x480-150x150.webp 150w, https:\/\/1dronas.lt\/wp-content\/uploads\/2025\/10\/36911c0904db1d481a24384dac5a57ea_34674314-2204-4d73-b4c3-be73805caca6_480x480-12x12.webp 12w, https:\/\/1dronas.lt\/wp-content\/uploads\/2025\/10\/36911c0904db1d481a24384dac5a57ea_34674314-2204-4d73-b4c3-be73805caca6_480x480-247x247.webp 247w, https:\/\/1dronas.lt\/wp-content\/uploads\/2025\/10\/36911c0904db1d481a24384dac5a57ea_34674314-2204-4d73-b4c3-be73805caca6_480x480-100x100.webp 100w\" sizes=\"auto, (max-width: 480px) 100vw, 480px\" \/><\/p>","protected":false},"excerpt":{"rendered":"<p><span style=\"color: #333333;\">BT2.0 U-type cable with connector (pigtail) is a lightweight, durable and efficient solution that ensures more stable power supply, higher current and longer flight time for 1S brushless drones compared to the usual PH2.0 connector.<\/span><\/p>\n<p><span style=\"color: #333333;\"><strong><img loading=\"lazy\" decoding=\"async\" class=\"alignnone wp-image-1806\" src=\"https:\/\/1dronas.lt\/wp-content\/uploads\/2021\/05\/delivery-icon.png\" alt=\"\" width=\"24\" height=\"24\" srcset=\"https:\/\/1dronas.lt\/wp-content\/uploads\/2021\/05\/delivery-icon.png 35w, https:\/\/1dronas.lt\/wp-content\/uploads\/2021\/05\/delivery-icon-12x12.png 12w\" sizes=\"auto, (max-width: 24px) 100vw, 24px\" \/>\u00a0\u00a0\u00a0<span style=\"font-size: 90%;\">1 \u2013 2 days<\/span><\/strong><\/span><\/p>","protected":false},"featured_media":11956,"comment_status":"open","ping_status":"closed","template":"","meta":[],"product_brand":[489],"product_cat":[676],"product_tag":[69,852,851],"class_list":{"0":"post-11946","1":"product","2":"type-product","3":"status-publish","4":"has-post-thumbnail","6":"product_brand-betafpv","7":"product_cat-laidai-jungtys","8":"product_tag-betafpv","9":"product_tag-bt2-0-u","10":"product_tag-cable-pigtail","12":"first","13":"instock","14":"taxable","15":"shipping-taxable","16":"purchasable","17":"product-type-simple"},"yoast_head":"<!-- This site is optimized with the Yoast SEO plugin v27.4 - https:\/\/yoast.com\/product\/yoast-seo-wordpress\/ -->\n<title>BETAFPV BT2.0 U Whoop Cable Pigtail (6vnt) - 1dronas.lt<\/title>\n<meta name=\"robots\" content=\"index, follow, max-snippet:-1, max-image-preview:large, max-video-preview:-1\" \/>\n<link rel=\"canonical\" href=\"https:\/\/1dronas.lt\/en\/produktas\/betafpv-bt2-0-u-whoop-cable-pigtail-6vnt\/\" \/>\n<meta property=\"og:locale\" content=\"en_US\" \/>\n<meta property=\"og:type\" content=\"article\" \/>\n<meta property=\"og:title\" content=\"BETAFPV BT2.0 U Whoop Cable Pigtail (6vnt) - 1dronas.lt\" \/>\n<meta property=\"og:description\" content=\"BT2.0 U tipo kabelis su jungtimi (\u201epigtail\u201c) - lengvas, patvarus ir efektyvus sprendimas, u\u017etikrinantis stabilesn\u012f maitinim\u0105, didesn\u0119 srov\u0119 bei ilgesn\u012f 1S be\u0161epet\u0117li\u0173 dron\u0173 skryd\u017eio laik\u0105, lyginant su \u012fprasta PH2.0 jungtimi.  \u00a0\u00a0\u00a01 \u2013 2 d. d.\" \/>\n<meta property=\"og:url\" content=\"https:\/\/1dronas.lt\/en\/produktas\/betafpv-bt2-0-u-whoop-cable-pigtail-6vnt\/\" \/>\n<meta property=\"og:site_name\" content=\"1dronas.lt\" \/>\n<meta property=\"article:publisher\" content=\"https:\/\/www.facebook.com\/1dronas\/\" \/>\n<meta property=\"article:modified_time\" content=\"2026-04-18T07:44:35+00:00\" \/>\n<meta property=\"og:image\" content=\"https:\/\/1dronas.lt\/wp-content\/uploads\/2025\/10\/6391ace427ade714b70fb966024ae804_0cc9f230-798d-40ac-b136-24bd513f669b_1800x1800.webp\" \/>\n\t<meta property=\"og:image:width\" content=\"1600\" \/>\n\t<meta property=\"og:image:height\" content=\"1600\" \/>\n\t<meta property=\"og:image:type\" content=\"image\/webp\" \/>\n<meta name=\"twitter:card\" content=\"summary_large_image\" \/>\n<meta name=\"twitter:label1\" content=\"Est. reading time\" \/>\n\t<meta name=\"twitter:data1\" content=\"5 minutes\" \/>\n<script type=\"application\/ld+json\" class=\"yoast-schema-graph\">{\"@context\":\"https:\\\/\\\/schema.org\",\"@graph\":[{\"@type\":\"WebPage\",\"@id\":\"https:\\\/\\\/1dronas.lt\\\/en\\\/produktas\\\/betafpv-bt2-0-u-whoop-cable-pigtail-6vnt\\\/\",\"url\":\"https:\\\/\\\/1dronas.lt\\\/en\\\/produktas\\\/betafpv-bt2-0-u-whoop-cable-pigtail-6vnt\\\/\",\"name\":\"BETAFPV BT2.0 U Whoop Cable Pigtail (6vnt) - 1dronas.lt\",\"isPartOf\":{\"@id\":\"https:\\\/\\\/1dronas.lt\\\/en\\\/#website\"},\"primaryImageOfPage\":{\"@id\":\"https:\\\/\\\/1dronas.lt\\\/en\\\/produktas\\\/betafpv-bt2-0-u-whoop-cable-pigtail-6vnt\\\/#primaryimage\"},\"image\":{\"@id\":\"https:\\\/\\\/1dronas.lt\\\/en\\\/produktas\\\/betafpv-bt2-0-u-whoop-cable-pigtail-6vnt\\\/#primaryimage\"},\"thumbnailUrl\":\"https:\\\/\\\/1dronas.lt\\\/wp-content\\\/uploads\\\/2025\\\/10\\\/6391ace427ade714b70fb966024ae804_0cc9f230-798d-40ac-b136-24bd513f669b_1800x1800.webp\",\"datePublished\":\"2025-10-05T09:34:53+00:00\",\"dateModified\":\"2026-04-18T07:44:35+00:00\",\"breadcrumb\":{\"@id\":\"https:\\\/\\\/1dronas.lt\\\/en\\\/produktas\\\/betafpv-bt2-0-u-whoop-cable-pigtail-6vnt\\\/#breadcrumb\"},\"inLanguage\":\"en-US\",\"potentialAction\":[{\"@type\":\"ReadAction\",\"target\":[\"https:\\\/\\\/1dronas.lt\\\/en\\\/produktas\\\/betafpv-bt2-0-u-whoop-cable-pigtail-6vnt\\\/\"]}]},{\"@type\":\"ImageObject\",\"inLanguage\":\"en-US\",\"@id\":\"https:\\\/\\\/1dronas.lt\\\/en\\\/produktas\\\/betafpv-bt2-0-u-whoop-cable-pigtail-6vnt\\\/#primaryimage\",\"url\":\"https:\\\/\\\/1dronas.lt\\\/wp-content\\\/uploads\\\/2025\\\/10\\\/6391ace427ade714b70fb966024ae804_0cc9f230-798d-40ac-b136-24bd513f669b_1800x1800.webp\",\"contentUrl\":\"https:\\\/\\\/1dronas.lt\\\/wp-content\\\/uploads\\\/2025\\\/10\\\/6391ace427ade714b70fb966024ae804_0cc9f230-798d-40ac-b136-24bd513f669b_1800x1800.webp\",\"width\":1600,\"height\":1600},{\"@type\":\"BreadcrumbList\",\"@id\":\"https:\\\/\\\/1dronas.lt\\\/en\\\/produktas\\\/betafpv-bt2-0-u-whoop-cable-pigtail-6vnt\\\/#breadcrumb\",\"itemListElement\":[{\"@type\":\"ListItem\",\"position\":1,\"name\":\"Home\",\"item\":\"https:\\\/\\\/1dronas.lt\\\/\"},{\"@type\":\"ListItem\",\"position\":2,\"name\":\"Parduotuv\u0117\",\"item\":\"https:\\\/\\\/1dronas.lt\\\/parduotuve\\\/\"},{\"@type\":\"ListItem\",\"position\":3,\"name\":\"BETAFPV BT2.0 U Whoop Cable Pigtail (6vnt)\"}]},{\"@type\":\"WebSite\",\"@id\":\"https:\\\/\\\/1dronas.lt\\\/en\\\/#website\",\"url\":\"https:\\\/\\\/1dronas.lt\\\/en\\\/\",\"name\":\"1dronas.lt\",\"description\":\"Internetin\u0117 parduotuv\u0117\",\"publisher\":{\"@id\":\"https:\\\/\\\/1dronas.lt\\\/en\\\/#organization\"},\"potentialAction\":[{\"@type\":\"SearchAction\",\"target\":{\"@type\":\"EntryPoint\",\"urlTemplate\":\"https:\\\/\\\/1dronas.lt\\\/en\\\/?s={search_term_string}\"},\"query-input\":{\"@type\":\"PropertyValueSpecification\",\"valueRequired\":true,\"valueName\":\"search_term_string\"}}],\"inLanguage\":\"en-US\"},{\"@type\":\"Organization\",\"@id\":\"https:\\\/\\\/1dronas.lt\\\/en\\\/#organization\",\"name\":\"1dronas.lt\",\"url\":\"https:\\\/\\\/1dronas.lt\\\/en\\\/\",\"logo\":{\"@type\":\"ImageObject\",\"inLanguage\":\"en-US\",\"@id\":\"https:\\\/\\\/1dronas.lt\\\/en\\\/#\\\/schema\\\/logo\\\/image\\\/\",\"url\":\"https:\\\/\\\/1dronas.lt\\\/wp-content\\\/uploads\\\/2020\\\/12\\\/Ekrano_kopija__2_-removebg-preview-1-1.png\",\"contentUrl\":\"https:\\\/\\\/1dronas.lt\\\/wp-content\\\/uploads\\\/2020\\\/12\\\/Ekrano_kopija__2_-removebg-preview-1-1.png\",\"width\":234,\"height\":81,\"caption\":\"1dronas.lt\"},\"image\":{\"@id\":\"https:\\\/\\\/1dronas.lt\\\/en\\\/#\\\/schema\\\/logo\\\/image\\\/\"},\"sameAs\":[\"https:\\\/\\\/www.facebook.com\\\/1dronas\\\/\"]}]}<\/script>\n<!-- \/ Yoast SEO plugin. -->","yoast_head_json":{"title":"BETAFPV BT2.0 U Whoop Cable Pigtail (6pcs) - 1dronas.lt","robots":{"index":"index","follow":"follow","max-snippet":"max-snippet:-1","max-image-preview":"max-image-preview:large","max-video-preview":"max-video-preview:-1"},"canonical":"https:\/\/1dronas.lt\/en\/produktas\/betafpv-bt2-0-u-whoop-cable-pigtail-6vnt\/","og_locale":"en_US","og_type":"article","og_title":"BETAFPV BT2.0 U Whoop Cable Pigtail (6vnt) - 1dronas.lt","og_description":"BT2.0 U tipo kabelis su jungtimi (\u201epigtail\u201c) - lengvas, patvarus ir efektyvus sprendimas, u\u017etikrinantis stabilesn\u012f maitinim\u0105, didesn\u0119 srov\u0119 bei ilgesn\u012f 1S be\u0161epet\u0117li\u0173 dron\u0173 skryd\u017eio laik\u0105, lyginant su \u012fprasta PH2.0 jungtimi.  \u00a0\u00a0\u00a01 \u2013 2 d. d.","og_url":"https:\/\/1dronas.lt\/en\/produktas\/betafpv-bt2-0-u-whoop-cable-pigtail-6vnt\/","og_site_name":"1dronas.lt","article_publisher":"https:\/\/www.facebook.com\/1dronas\/","article_modified_time":"2026-04-18T07:44:35+00:00","og_image":[{"width":1600,"height":1600,"url":"https:\/\/1dronas.lt\/wp-content\/uploads\/2025\/10\/6391ace427ade714b70fb966024ae804_0cc9f230-798d-40ac-b136-24bd513f669b_1800x1800.webp","type":"image\/webp"}],"twitter_card":"summary_large_image","twitter_misc":{"Est. reading time":"5 minutes"},"schema":{"@context":"https:\/\/schema.org","@graph":[{"@type":"WebPage","@id":"https:\/\/1dronas.lt\/en\/produktas\/betafpv-bt2-0-u-whoop-cable-pigtail-6vnt\/","url":"https:\/\/1dronas.lt\/en\/produktas\/betafpv-bt2-0-u-whoop-cable-pigtail-6vnt\/","name":"BETAFPV BT2.0 U Whoop Cable Pigtail (6pcs) - 1dronas.lt","isPartOf":{"@id":"https:\/\/1dronas.lt\/en\/#website"},"primaryImageOfPage":{"@id":"https:\/\/1dronas.lt\/en\/produktas\/betafpv-bt2-0-u-whoop-cable-pigtail-6vnt\/#primaryimage"},"image":{"@id":"https:\/\/1dronas.lt\/en\/produktas\/betafpv-bt2-0-u-whoop-cable-pigtail-6vnt\/#primaryimage"},"thumbnailUrl":"https:\/\/1dronas.lt\/wp-content\/uploads\/2025\/10\/6391ace427ade714b70fb966024ae804_0cc9f230-798d-40ac-b136-24bd513f669b_1800x1800.webp","datePublished":"2025-10-05T09:34:53+00:00","dateModified":"2026-04-18T07:44:35+00:00","breadcrumb":{"@id":"https:\/\/1dronas.lt\/en\/produktas\/betafpv-bt2-0-u-whoop-cable-pigtail-6vnt\/#breadcrumb"},"inLanguage":"en-US","potentialAction":[{"@type":"ReadAction","target":["https:\/\/1dronas.lt\/en\/produktas\/betafpv-bt2-0-u-whoop-cable-pigtail-6vnt\/"]}]},{"@type":"ImageObject","inLanguage":"en-US","@id":"https:\/\/1dronas.lt\/en\/produktas\/betafpv-bt2-0-u-whoop-cable-pigtail-6vnt\/#primaryimage","url":"https:\/\/1dronas.lt\/wp-content\/uploads\/2025\/10\/6391ace427ade714b70fb966024ae804_0cc9f230-798d-40ac-b136-24bd513f669b_1800x1800.webp","contentUrl":"https:\/\/1dronas.lt\/wp-content\/uploads\/2025\/10\/6391ace427ade714b70fb966024ae804_0cc9f230-798d-40ac-b136-24bd513f669b_1800x1800.webp","width":1600,"height":1600},{"@type":"BreadcrumbList","@id":"https:\/\/1dronas.lt\/en\/produktas\/betafpv-bt2-0-u-whoop-cable-pigtail-6vnt\/#breadcrumb","itemListElement":[{"@type":"ListItem","position":1,"name":"Home","item":"https:\/\/1dronas.lt\/"},{"@type":"ListItem","position":2,"name":"Parduotuv\u0117","item":"https:\/\/1dronas.lt\/parduotuve\/"},{"@type":"ListItem","position":3,"name":"BETAFPV BT2.0 U Whoop Cable Pigtail (6vnt)"}]},{"@type":"WebSite","@id":"https:\/\/1dronas.lt\/en\/#website","url":"https:\/\/1dronas.lt\/en\/","name":"1dronas.lt","description":"Online store","publisher":{"@id":"https:\/\/1dronas.lt\/en\/#organization"},"potentialAction":[{"@type":"SearchAction","target":{"@type":"EntryPoint","urlTemplate":"https:\/\/1dronas.lt\/en\/?s={search_term_string}"},"query-input":{"@type":"PropertyValueSpecification","valueRequired":true,"valueName":"search_term_string"}}],"inLanguage":"en-US"},{"@type":"Organization","@id":"https:\/\/1dronas.lt\/en\/#organization","name":"1dronas.lt","url":"https:\/\/1dronas.lt\/en\/","logo":{"@type":"ImageObject","inLanguage":"en-US","@id":"https:\/\/1dronas.lt\/en\/#\/schema\/logo\/image\/","url":"https:\/\/1dronas.lt\/wp-content\/uploads\/2020\/12\/Ekrano_kopija__2_-removebg-preview-1-1.png","contentUrl":"https:\/\/1dronas.lt\/wp-content\/uploads\/2020\/12\/Ekrano_kopija__2_-removebg-preview-1-1.png","width":234,"height":81,"caption":"1dronas.lt"},"image":{"@id":"https:\/\/1dronas.lt\/en\/#\/schema\/logo\/image\/"},"sameAs":["https:\/\/www.facebook.com\/1dronas\/"]}]}},"jetpack_sharing_enabled":true,"_links":{"self":[{"href":"https:\/\/1dronas.lt\/en\/wp-json\/wp\/v2\/product\/11946","targetHints":{"allow":["GET"]}}],"collection":[{"href":"https:\/\/1dronas.lt\/en\/wp-json\/wp\/v2\/product"}],"about":[{"href":"https:\/\/1dronas.lt\/en\/wp-json\/wp\/v2\/types\/product"}],"replies":[{"embeddable":true,"href":"https:\/\/1dronas.lt\/en\/wp-json\/wp\/v2\/comments?post=11946"}],"wp:featuredmedia":[{"embeddable":true,"href":"https:\/\/1dronas.lt\/en\/wp-json\/wp\/v2\/media\/11956"}],"wp:attachment":[{"href":"https:\/\/1dronas.lt\/en\/wp-json\/wp\/v2\/media?parent=11946"}],"wp:term":[{"taxonomy":"product_brand","embeddable":true,"href":"https:\/\/1dronas.lt\/en\/wp-json\/wp\/v2\/product_brand?post=11946"},{"taxonomy":"product_cat","embeddable":true,"href":"https:\/\/1dronas.lt\/en\/wp-json\/wp\/v2\/product_cat?post=11946"},{"taxonomy":"product_tag","embeddable":true,"href":"https:\/\/1dronas.lt\/en\/wp-json\/wp\/v2\/product_tag?post=11946"}],"curies":[{"name":"wp","href":"https:\/\/api.w.org\/{rel}","templated":true}]}}