{"id":11864,"date":"2025-10-01T22:52:22","date_gmt":"2025-10-01T19:52:22","guid":{"rendered":"https:\/\/1dronas.lt\/?post_type=product&#038;p=11864"},"modified":"2026-03-25T16:34:37","modified_gmt":"2026-03-25T14:34:37","slug":"radiomaster-gx12-crush-radio-controller-elrs-mode-2","status":"publish","type":"product","link":"https:\/\/1dronas.lt\/en\/produktas\/radiomaster-gx12-crush-radio-controller-elrs-mode-2\/","title":{"rendered":"RadioMaster GX12 Crush Radio Controller ELRS (Mode 2)"},"content":{"rendered":"<p>The GX12 Crush Edition is an advanced remote control with revolutionary Gemini-XROSSBAND ExpressLRS technology, which allows simultaneous transmission of signals at 2.4 GHz and 900 MHz frequencies for reliable communication. The device features a CNC aluminum 1000 Hz GX01 gimbal, foldable bidirectional antennas, a modular switch system, and USB-C charging and data transfer. The Crush Edition is available in six vibrant colors - Iron Grey, Frost White, Mint Mist, Hot Pink, Iceberg Blue, Lemon Twist Yellow.<\/p>\n<p><img loading=\"lazy\" decoding=\"async\" class=\"alignnone wp-image-11870 size-full\" src=\"https:\/\/1dronas.lt\/wp-content\/uploads\/2025\/10\/01_46523d8d-bf48-4fc9-8c2b-e9b0a9e481b2-min.jpg\" alt=\"\" width=\"1024\" height=\"575\" srcset=\"https:\/\/1dronas.lt\/wp-content\/uploads\/2025\/10\/01_46523d8d-bf48-4fc9-8c2b-e9b0a9e481b2-min.jpg 1024w, https:\/\/1dronas.lt\/wp-content\/uploads\/2025\/10\/01_46523d8d-bf48-4fc9-8c2b-e9b0a9e481b2-min-300x168.jpg 300w, https:\/\/1dronas.lt\/wp-content\/uploads\/2025\/10\/01_46523d8d-bf48-4fc9-8c2b-e9b0a9e481b2-min-768x431.jpg 768w, https:\/\/1dronas.lt\/wp-content\/uploads\/2025\/10\/01_46523d8d-bf48-4fc9-8c2b-e9b0a9e481b2-min-18x10.jpg 18w, https:\/\/1dronas.lt\/wp-content\/uploads\/2025\/10\/01_46523d8d-bf48-4fc9-8c2b-e9b0a9e481b2-min-510x286.jpg 510w\" sizes=\"auto, (max-width: 1024px) 100vw, 1024px\" \/><\/p>\n<p><iframe loading=\"lazy\" title=\"RadioMaster GX12 Crush | Style That Sends, Tech That Talks\" width=\"1020\" height=\"574\" src=\"https:\/\/www.youtube.com\/embed\/TvmY1eKKDoc?feature=oembed\" frameborder=\"0\" allow=\"accelerometer; autoplay; clipboard-write; encrypted-media; gyroscope; picture-in-picture; web-share\" referrerpolicy=\"strict-origin-when-cross-origin\" allowfullscreen><\/iframe><\/p>\n<p data-start=\"75\" data-end=\"2028\"><strong>Features:<\/strong><\/p>\n<p data-start=\"75\" data-end=\"2028\"><b>\u2022 <\/b>The console is available in six bright colors;<br data-start=\"244\" data-end=\"247\" \/><b>\u2022 <\/b>Bidirectional Gemini Xrossband ExpressLRS transmitters 1 W each;<br data-start=\"414\" data-end=\"417\" \/><b>\u2022 <\/b>Integrated foldable bidirectional antennas;<br data-start=\"592\" data-end=\"595\" \/><b>\u2022 <\/b>GX01 gimbals;<br data-start=\"772\" data-end=\"775\" \/><b>\u2022 <\/b>1000 Hz digital gimbals with EdgeTX synchronization;<br data-start=\"916\" data-end=\"919\" \/><b>\u2022 <\/b>Foldable gimbal arms;<br data-start=\"990\" data-end=\"993\" \/><b>\u2022 <\/b>Removable switch panels;<br data-start=\"1101\" data-end=\"1104\" \/><b>\u2022 <\/b>DIY SMA sockets;<br data-start=\"1165\" data-end=\"1168\" \/><b>\u2022 <\/b>OLED display;<br data-start=\"1221\" data-end=\"1224\" \/><b>\u2022 <\/b>512MB internal memory;<br data-start=\"1319\" data-end=\"1322\" \/><b>\u2022 <\/b>USB-C connector;<br data-start=\"1489\" data-end=\"1492\" \/><b>\u2022 <\/b>Programmable 6-position switch;<br data-start=\"1587\" data-end=\"1590\" \/><b>\u2022 <\/b>Programmable RGB indicators in 6-position and SA\/SD switches;<br data-start=\"1712\" data-end=\"1715\" \/><b>\u2022 <\/b>Powerful and efficient cooling system;<br data-start=\"1854\" data-end=\"1857\" \/><b>\u2022 <\/b>PCB Nano coating.<\/p>\n<p data-start=\"75\" data-end=\"2028\"><strong>Specification:<\/strong><\/p>\n<p data-start=\"2069\" data-end=\"2120\"><b>\u2022 <\/b>Model: GX12 Crush remote control;<br \/>\n<b>\u2022 <\/b>Dimensions: 183 \u00d7 148 \u00d7 78 mm;<br \/>\n<b>\u2022 <\/b>Weight: 573g;<br \/>\n<b>\u2022 <\/b>Frequency: 2.400 GHz and Sub-G 900 MHz;<br \/>\n<b>\u2022 <\/b>Internal RF module: ELRS 2.4 GHz \/ Sub-G 900 MHz;<br \/>\n<b>\u2022 <\/b>Supported protocols: ExpressLRS;<br \/>\n<b>\u2022 <\/b>Cooling fan: Yes;<br \/>\n<b>\u2022 <\/b>Antenna: Bidirectional, foldable 2.4 GHz \/ Sub-G 900 MHz, omnidirectional;<br \/>\n<b>\u2022 <\/b>Voltage range: 6.6 \u2013 8.4 V DC;<br \/>\n<b>\u2022 <\/b>Current consumption: 390-1000 mA (depends on RF output);<br \/>\n<b>\u2022 <\/b>Radio software: EdgeTX (transmitter) \/ ELRS (RF module);<br \/>\n<b>\u2022 <\/b>Channels: Max. 16 channels (depending on the receiver);<br \/>\n<b>\u2022 <\/b>Battery: 7.4V 2-cell Li-Po \/ two 3.7V 18650 Li-Ion cells \/ 21700 5000mAh battery (batteries not included);<br \/>\n<b>\u2022 <\/b>Charging: 2S smart balance charging;<br \/>\n<b>\u2022 <\/b>Connectors: USB-C;<br \/>\n<b>\u2022 <\/b>Display: 128 \u00d7 64 monochrome OLED;<br \/>\n<b>\u2022 <\/b>Gimbal: GX01 1000 Hz, 3D digital CNC Hall effect gimbal with foldable arms;<br \/>\n<b>\u2022 <\/b>Gimbal arms: M3;<br \/>\n<b>\u2022 <\/b>External module: Nano\/Crossfire compatible;<br \/>\n<b>\u2022 <\/b>Update method: USB \/ EdgeTX Companion PC software;<br \/>\n<b>\u2022 <\/b>Memory: 512 MB of integrated flash memory;<br \/>\n<b>\u2022 <\/b>Colors: Iron Grey, Frost White, Mint Mist, Hot Pink, Iceberg Blue, Lemon Twist Yellow.<\/p>\n<p data-start=\"2069\" data-end=\"2120\"><img loading=\"lazy\" decoding=\"async\" class=\"alignnone wp-image-11882 size-full\" src=\"https:\/\/1dronas.lt\/wp-content\/uploads\/2025\/10\/08_8a5d8366-5d47-4f2e-b044-d99526e197a5-min.jpg\" alt=\"\" width=\"816\" height=\"397\" srcset=\"https:\/\/1dronas.lt\/wp-content\/uploads\/2025\/10\/08_8a5d8366-5d47-4f2e-b044-d99526e197a5-min.jpg 816w, https:\/\/1dronas.lt\/wp-content\/uploads\/2025\/10\/08_8a5d8366-5d47-4f2e-b044-d99526e197a5-min-300x146.jpg 300w, https:\/\/1dronas.lt\/wp-content\/uploads\/2025\/10\/08_8a5d8366-5d47-4f2e-b044-d99526e197a5-min-768x374.jpg 768w, https:\/\/1dronas.lt\/wp-content\/uploads\/2025\/10\/08_8a5d8366-5d47-4f2e-b044-d99526e197a5-min-18x9.jpg 18w, https:\/\/1dronas.lt\/wp-content\/uploads\/2025\/10\/08_8a5d8366-5d47-4f2e-b044-d99526e197a5-min-510x248.jpg 510w\" sizes=\"auto, (max-width: 816px) 100vw, 816px\" \/><\/p>\n<p data-start=\"2069\" data-end=\"2120\"><img loading=\"lazy\" decoding=\"async\" class=\"alignnone wp-image-11874 size-full\" src=\"https:\/\/1dronas.lt\/wp-content\/uploads\/2025\/10\/02_5b5ee9c3-0fcd-4957-ba10-50750ee64370-min.jpg\" alt=\"\" width=\"1024\" height=\"575\" srcset=\"https:\/\/1dronas.lt\/wp-content\/uploads\/2025\/10\/02_5b5ee9c3-0fcd-4957-ba10-50750ee64370-min.jpg 1024w, https:\/\/1dronas.lt\/wp-content\/uploads\/2025\/10\/02_5b5ee9c3-0fcd-4957-ba10-50750ee64370-min-300x168.jpg 300w, https:\/\/1dronas.lt\/wp-content\/uploads\/2025\/10\/02_5b5ee9c3-0fcd-4957-ba10-50750ee64370-min-768x431.jpg 768w, https:\/\/1dronas.lt\/wp-content\/uploads\/2025\/10\/02_5b5ee9c3-0fcd-4957-ba10-50750ee64370-min-18x10.jpg 18w, https:\/\/1dronas.lt\/wp-content\/uploads\/2025\/10\/02_5b5ee9c3-0fcd-4957-ba10-50750ee64370-min-510x286.jpg 510w\" sizes=\"auto, (max-width: 1024px) 100vw, 1024px\" \/> <img loading=\"lazy\" decoding=\"async\" class=\"alignnone wp-image-11889 size-full\" src=\"https:\/\/1dronas.lt\/wp-content\/uploads\/2025\/10\/07_d7543225-2fab-4630-ba0f-2b697ced2a54-min.jpg\" alt=\"\" width=\"1024\" height=\"575\" srcset=\"https:\/\/1dronas.lt\/wp-content\/uploads\/2025\/10\/07_d7543225-2fab-4630-ba0f-2b697ced2a54-min.jpg 1024w, https:\/\/1dronas.lt\/wp-content\/uploads\/2025\/10\/07_d7543225-2fab-4630-ba0f-2b697ced2a54-min-300x168.jpg 300w, https:\/\/1dronas.lt\/wp-content\/uploads\/2025\/10\/07_d7543225-2fab-4630-ba0f-2b697ced2a54-min-768x431.jpg 768w, https:\/\/1dronas.lt\/wp-content\/uploads\/2025\/10\/07_d7543225-2fab-4630-ba0f-2b697ced2a54-min-18x10.jpg 18w, https:\/\/1dronas.lt\/wp-content\/uploads\/2025\/10\/07_d7543225-2fab-4630-ba0f-2b697ced2a54-min-510x286.jpg 510w\" sizes=\"auto, (max-width: 1024px) 100vw, 1024px\" \/> <img loading=\"lazy\" decoding=\"async\" class=\"alignnone wp-image-11876 size-full\" src=\"https:\/\/1dronas.lt\/wp-content\/uploads\/2025\/10\/03_f6b7bd6b-5ac3-4e30-9a10-436b7a7d8a22-min.jpg\" alt=\"\" width=\"1024\" height=\"575\" srcset=\"https:\/\/1dronas.lt\/wp-content\/uploads\/2025\/10\/03_f6b7bd6b-5ac3-4e30-9a10-436b7a7d8a22-min.jpg 1024w, https:\/\/1dronas.lt\/wp-content\/uploads\/2025\/10\/03_f6b7bd6b-5ac3-4e30-9a10-436b7a7d8a22-min-300x168.jpg 300w, https:\/\/1dronas.lt\/wp-content\/uploads\/2025\/10\/03_f6b7bd6b-5ac3-4e30-9a10-436b7a7d8a22-min-768x431.jpg 768w, https:\/\/1dronas.lt\/wp-content\/uploads\/2025\/10\/03_f6b7bd6b-5ac3-4e30-9a10-436b7a7d8a22-min-18x10.jpg 18w, https:\/\/1dronas.lt\/wp-content\/uploads\/2025\/10\/03_f6b7bd6b-5ac3-4e30-9a10-436b7a7d8a22-min-510x286.jpg 510w\" sizes=\"auto, (max-width: 1024px) 100vw, 1024px\" \/> <img loading=\"lazy\" decoding=\"async\" class=\"alignnone wp-image-11877 size-full\" src=\"https:\/\/1dronas.lt\/wp-content\/uploads\/2025\/10\/04_f34d1b13-daf7-4f30-b131-281f6524a7a1-min.jpg\" alt=\"\" width=\"1024\" height=\"575\" srcset=\"https:\/\/1dronas.lt\/wp-content\/uploads\/2025\/10\/04_f34d1b13-daf7-4f30-b131-281f6524a7a1-min.jpg 1024w, https:\/\/1dronas.lt\/wp-content\/uploads\/2025\/10\/04_f34d1b13-daf7-4f30-b131-281f6524a7a1-min-300x168.jpg 300w, https:\/\/1dronas.lt\/wp-content\/uploads\/2025\/10\/04_f34d1b13-daf7-4f30-b131-281f6524a7a1-min-768x431.jpg 768w, https:\/\/1dronas.lt\/wp-content\/uploads\/2025\/10\/04_f34d1b13-daf7-4f30-b131-281f6524a7a1-min-18x10.jpg 18w, https:\/\/1dronas.lt\/wp-content\/uploads\/2025\/10\/04_f34d1b13-daf7-4f30-b131-281f6524a7a1-min-510x286.jpg 510w\" sizes=\"auto, (max-width: 1024px) 100vw, 1024px\" \/> <img loading=\"lazy\" decoding=\"async\" class=\"alignnone wp-image-11881 size-full\" src=\"https:\/\/1dronas.lt\/wp-content\/uploads\/2025\/10\/06_caf78105-03c1-4a9b-ae3e-16effd82bf67-min.jpg\" alt=\"\" width=\"1024\" height=\"575\" srcset=\"https:\/\/1dronas.lt\/wp-content\/uploads\/2025\/10\/06_caf78105-03c1-4a9b-ae3e-16effd82bf67-min.jpg 1024w, https:\/\/1dronas.lt\/wp-content\/uploads\/2025\/10\/06_caf78105-03c1-4a9b-ae3e-16effd82bf67-min-300x168.jpg 300w, https:\/\/1dronas.lt\/wp-content\/uploads\/2025\/10\/06_caf78105-03c1-4a9b-ae3e-16effd82bf67-min-768x431.jpg 768w, https:\/\/1dronas.lt\/wp-content\/uploads\/2025\/10\/06_caf78105-03c1-4a9b-ae3e-16effd82bf67-min-18x10.jpg 18w, https:\/\/1dronas.lt\/wp-content\/uploads\/2025\/10\/06_caf78105-03c1-4a9b-ae3e-16effd82bf67-min-510x286.jpg 510w\" sizes=\"auto, (max-width: 1024px) 100vw, 1024px\" \/> <img loading=\"lazy\" decoding=\"async\" class=\"alignnone wp-image-11878 size-full\" src=\"https:\/\/1dronas.lt\/wp-content\/uploads\/2025\/10\/05_424c7ca7-9e3d-4a11-9bce-407d38ba757b-min.jpeg\" alt=\"\" width=\"1024\" height=\"575\" srcset=\"https:\/\/1dronas.lt\/wp-content\/uploads\/2025\/10\/05_424c7ca7-9e3d-4a11-9bce-407d38ba757b-min.jpeg 1024w, https:\/\/1dronas.lt\/wp-content\/uploads\/2025\/10\/05_424c7ca7-9e3d-4a11-9bce-407d38ba757b-min-300x168.jpeg 300w, https:\/\/1dronas.lt\/wp-content\/uploads\/2025\/10\/05_424c7ca7-9e3d-4a11-9bce-407d38ba757b-min-768x431.jpeg 768w, https:\/\/1dronas.lt\/wp-content\/uploads\/2025\/10\/05_424c7ca7-9e3d-4a11-9bce-407d38ba757b-min-18x10.jpeg 18w, https:\/\/1dronas.lt\/wp-content\/uploads\/2025\/10\/05_424c7ca7-9e3d-4a11-9bce-407d38ba757b-min-510x286.jpeg 510w\" sizes=\"auto, (max-width: 1024px) 100vw, 1024px\" \/><\/p>\n<p data-start=\"2069\" data-end=\"2120\"><strong>Package:<\/strong><\/p>\n<p data-start=\"2069\" data-end=\"2120\">1\u00d7 GX12 Crush remote control;<br data-start=\"88\" data-end=\"91\" \/>1\u00d7 branded carrying case;<br data-start=\"120\" data-end=\"123\" \/>1\u00d7 18650 battery holder;<br data-start=\"151\" data-end=\"154\" \/>2\u00d7 spare switch panels;<br data-start=\"189\" data-end=\"192\" \/>1\u00d7 Type-C cable;<br data-start=\"209\" data-end=\"212\" \/>1\u00d7 screen protector;<br data-start=\"230\" data-end=\"233\" \/>1\u00d7 1.5 mm hex key;<br data-start=\"262\" data-end=\"265\" \/>4\u00d7 strong gimbal springs;<br data-start=\"296\" data-end=\"299\" \/>6\u00d7 switch closing plugs;<br data-start=\"330\" data-end=\"333\" \/>1\u00d7 2-position switch;<br data-start=\"356\" data-end=\"359\" \/>1\u00d7 momentary switch;<br data-start=\"383\" data-end=\"386\" \/>1\u00d7 RadioMaster sticker set;<br data-start=\"418\" data-end=\"421\" \/>1\u00d7 GX12 user manual.<\/p>\n<p data-start=\"2069\" data-end=\"2120\"><span style=\"color: #ed1c24;\"><em>Batteries for the remote control are not included.<\/em><\/span><\/p>\n<p data-start=\"2069\" data-end=\"2120\"><img loading=\"lazy\" decoding=\"async\" class=\"alignnone wp-image-11885 size-full\" src=\"https:\/\/1dronas.lt\/wp-content\/uploads\/2025\/10\/09_4c9db3a3-8a0f-4a6f-8023-caa80ddfc2f9-min-e1759912725916.jpg\" alt=\"\" width=\"1024\" height=\"457\" srcset=\"https:\/\/1dronas.lt\/wp-content\/uploads\/2025\/10\/09_4c9db3a3-8a0f-4a6f-8023-caa80ddfc2f9-min-e1759912725916.jpg 1024w, https:\/\/1dronas.lt\/wp-content\/uploads\/2025\/10\/09_4c9db3a3-8a0f-4a6f-8023-caa80ddfc2f9-min-e1759912725916-300x134.jpg 300w, https:\/\/1dronas.lt\/wp-content\/uploads\/2025\/10\/09_4c9db3a3-8a0f-4a6f-8023-caa80ddfc2f9-min-e1759912725916-768x343.jpg 768w, https:\/\/1dronas.lt\/wp-content\/uploads\/2025\/10\/09_4c9db3a3-8a0f-4a6f-8023-caa80ddfc2f9-min-e1759912725916-18x8.jpg 18w, https:\/\/1dronas.lt\/wp-content\/uploads\/2025\/10\/09_4c9db3a3-8a0f-4a6f-8023-caa80ddfc2f9-min-e1759912725916-510x228.jpg 510w\" sizes=\"auto, (max-width: 1024px) 100vw, 1024px\" \/><\/p>","protected":false},"excerpt":{"rendered":"<p><span style=\"color: #333333;\">A modern remote control with dual 2.4 GHz and 900 MHz communication, high-end gimbals and a bright, distinctive design.<\/span><\/p>\n<p><span style=\"color: #333333;\"><strong><img loading=\"lazy\" decoding=\"async\" class=\"alignnone wp-image-1806\" src=\"https:\/\/1dronas.lt\/wp-content\/uploads\/2021\/05\/delivery-icon.png.webp\" alt=\"\" width=\"24\" height=\"24\" srcset=\"https:\/\/1dronas.lt\/wp-content\/uploads\/2021\/05\/delivery-icon.png 35w, https:\/\/1dronas.lt\/wp-content\/uploads\/2021\/05\/delivery-icon-12x12.png 12w\" sizes=\"auto, (max-width: 24px) 100vw, 24px\" \/>\u00a0 \u00a0<span style=\"font-size: 90%;\">1 \u2013 2 days<\/span><\/strong><\/span><\/p>","protected":false},"featured_media":11887,"comment_status":"open","ping_status":"closed","template":"","meta":[],"product_brand":[497],"product_cat":[221],"product_tag":[519,520,184,176,850,357],"class_list":{"0":"post-11864","1":"product","2":"type-product","3":"status-publish","4":"has-post-thumbnail","6":"product_brand-radiomaster","7":"product_cat-nuotolinio-valdymo-pulteliai","8":"product_tag-2-4ghz","9":"product_tag-900mhz","10":"product_tag-edge-tx","11":"product_tag-elrs","12":"product_tag-gx12-crush","13":"product_tag-radiomaster","15":"first","16":"instock","17":"taxable","18":"shipping-taxable","19":"purchasable","20":"product-type-variable","21":"has-default-attributes"},"yoast_head":"<!-- This site is optimized with the Yoast SEO plugin v27.3 - https:\/\/yoast.com\/product\/yoast-seo-wordpress\/ -->\n<title>RadioMaster GX12 Crush Radio Controller ELRS (Mode 2) - 1dronas.lt<\/title>\n<meta name=\"robots\" content=\"index, follow, max-snippet:-1, max-image-preview:large, max-video-preview:-1\" \/>\n<link rel=\"canonical\" href=\"https:\/\/1dronas.lt\/en\/produktas\/radiomaster-gx12-crush-radio-controller-elrs-mode-2\/\" \/>\n<meta property=\"og:locale\" content=\"en_US\" \/>\n<meta property=\"og:type\" content=\"article\" \/>\n<meta property=\"og:title\" content=\"RadioMaster GX12 Crush Radio Controller ELRS (Mode 2) - 1dronas.lt\" \/>\n<meta property=\"og:description\" content=\"Modernus nuotolinio valdymo pultas su dvigubu 2.4 GHz ir 900 MHz ry\u0161iu, auk\u0161tos klas\u0117s gimbalais ir ry\u0161kiu, i\u0161skirtiniu dizainu.  \u00a0 \u00a01 \u2013 2 d. d.\" \/>\n<meta property=\"og:url\" content=\"https:\/\/1dronas.lt\/en\/produktas\/radiomaster-gx12-crush-radio-controller-elrs-mode-2\/\" \/>\n<meta property=\"og:site_name\" content=\"1dronas.lt\" \/>\n<meta property=\"article:publisher\" content=\"https:\/\/www.facebook.com\/1dronas\/\" \/>\n<meta property=\"article:modified_time\" content=\"2026-03-25T14:34:37+00:00\" \/>\n<meta property=\"og:image\" content=\"https:\/\/1dronas.lt\/wp-content\/uploads\/2025\/10\/GX12_Crush_Radio_Controller_ELRS_M2_1800x1800-min.jpg\" \/>\n\t<meta property=\"og:image:width\" content=\"1800\" \/>\n\t<meta property=\"og:image:height\" content=\"1800\" \/>\n\t<meta property=\"og:image:type\" content=\"image\/jpeg\" \/>\n<meta name=\"twitter:card\" content=\"summary_large_image\" \/>\n<meta name=\"twitter:label1\" content=\"Est. reading time\" \/>\n\t<meta name=\"twitter:data1\" content=\"5 minutes\" \/>\n<script type=\"application\/ld+json\" class=\"yoast-schema-graph\">{\"@context\":\"https:\\\/\\\/schema.org\",\"@graph\":[{\"@type\":\"WebPage\",\"@id\":\"https:\\\/\\\/1dronas.lt\\\/en\\\/produktas\\\/radiomaster-gx12-crush-radio-controller-elrs-mode-2\\\/\",\"url\":\"https:\\\/\\\/1dronas.lt\\\/en\\\/produktas\\\/radiomaster-gx12-crush-radio-controller-elrs-mode-2\\\/\",\"name\":\"RadioMaster GX12 Crush Radio Controller ELRS (Mode 2) - 1dronas.lt\",\"isPartOf\":{\"@id\":\"https:\\\/\\\/1dronas.lt\\\/en\\\/#website\"},\"primaryImageOfPage\":{\"@id\":\"https:\\\/\\\/1dronas.lt\\\/en\\\/produktas\\\/radiomaster-gx12-crush-radio-controller-elrs-mode-2\\\/#primaryimage\"},\"image\":{\"@id\":\"https:\\\/\\\/1dronas.lt\\\/en\\\/produktas\\\/radiomaster-gx12-crush-radio-controller-elrs-mode-2\\\/#primaryimage\"},\"thumbnailUrl\":\"https:\\\/\\\/1dronas.lt\\\/wp-content\\\/uploads\\\/2025\\\/10\\\/GX12_Crush_Radio_Controller_ELRS_M2_1800x1800-min.jpg\",\"datePublished\":\"2025-10-01T19:52:22+00:00\",\"dateModified\":\"2026-03-25T14:34:37+00:00\",\"breadcrumb\":{\"@id\":\"https:\\\/\\\/1dronas.lt\\\/en\\\/produktas\\\/radiomaster-gx12-crush-radio-controller-elrs-mode-2\\\/#breadcrumb\"},\"inLanguage\":\"en-US\",\"potentialAction\":[{\"@type\":\"ReadAction\",\"target\":[\"https:\\\/\\\/1dronas.lt\\\/en\\\/produktas\\\/radiomaster-gx12-crush-radio-controller-elrs-mode-2\\\/\"]}]},{\"@type\":\"ImageObject\",\"inLanguage\":\"en-US\",\"@id\":\"https:\\\/\\\/1dronas.lt\\\/en\\\/produktas\\\/radiomaster-gx12-crush-radio-controller-elrs-mode-2\\\/#primaryimage\",\"url\":\"https:\\\/\\\/1dronas.lt\\\/wp-content\\\/uploads\\\/2025\\\/10\\\/GX12_Crush_Radio_Controller_ELRS_M2_1800x1800-min.jpg\",\"contentUrl\":\"https:\\\/\\\/1dronas.lt\\\/wp-content\\\/uploads\\\/2025\\\/10\\\/GX12_Crush_Radio_Controller_ELRS_M2_1800x1800-min.jpg\",\"width\":1800,\"height\":1800},{\"@type\":\"BreadcrumbList\",\"@id\":\"https:\\\/\\\/1dronas.lt\\\/en\\\/produktas\\\/radiomaster-gx12-crush-radio-controller-elrs-mode-2\\\/#breadcrumb\",\"itemListElement\":[{\"@type\":\"ListItem\",\"position\":1,\"name\":\"Home\",\"item\":\"https:\\\/\\\/1dronas.lt\\\/\"},{\"@type\":\"ListItem\",\"position\":2,\"name\":\"Parduotuv\u0117\",\"item\":\"https:\\\/\\\/1dronas.lt\\\/parduotuve\\\/\"},{\"@type\":\"ListItem\",\"position\":3,\"name\":\"RadioMaster GX12 Crush Radio Controller ELRS (Mode 2)\"}]},{\"@type\":\"WebSite\",\"@id\":\"https:\\\/\\\/1dronas.lt\\\/en\\\/#website\",\"url\":\"https:\\\/\\\/1dronas.lt\\\/en\\\/\",\"name\":\"1dronas.lt\",\"description\":\"Internetin\u0117 parduotuv\u0117\",\"publisher\":{\"@id\":\"https:\\\/\\\/1dronas.lt\\\/en\\\/#organization\"},\"potentialAction\":[{\"@type\":\"SearchAction\",\"target\":{\"@type\":\"EntryPoint\",\"urlTemplate\":\"https:\\\/\\\/1dronas.lt\\\/en\\\/?s={search_term_string}\"},\"query-input\":{\"@type\":\"PropertyValueSpecification\",\"valueRequired\":true,\"valueName\":\"search_term_string\"}}],\"inLanguage\":\"en-US\"},{\"@type\":\"Organization\",\"@id\":\"https:\\\/\\\/1dronas.lt\\\/en\\\/#organization\",\"name\":\"1dronas.lt\",\"url\":\"https:\\\/\\\/1dronas.lt\\\/en\\\/\",\"logo\":{\"@type\":\"ImageObject\",\"inLanguage\":\"en-US\",\"@id\":\"https:\\\/\\\/1dronas.lt\\\/en\\\/#\\\/schema\\\/logo\\\/image\\\/\",\"url\":\"https:\\\/\\\/1dronas.lt\\\/wp-content\\\/uploads\\\/2020\\\/12\\\/Ekrano_kopija__2_-removebg-preview-1-1.png\",\"contentUrl\":\"https:\\\/\\\/1dronas.lt\\\/wp-content\\\/uploads\\\/2020\\\/12\\\/Ekrano_kopija__2_-removebg-preview-1-1.png\",\"width\":234,\"height\":81,\"caption\":\"1dronas.lt\"},\"image\":{\"@id\":\"https:\\\/\\\/1dronas.lt\\\/en\\\/#\\\/schema\\\/logo\\\/image\\\/\"},\"sameAs\":[\"https:\\\/\\\/www.facebook.com\\\/1dronas\\\/\"]}]}<\/script>\n<!-- \/ Yoast SEO plugin. -->","yoast_head_json":{"title":"RadioMaster GX12 Crush Radio Controller ELRS (Mode 2) - 1dronas.lt","robots":{"index":"index","follow":"follow","max-snippet":"max-snippet:-1","max-image-preview":"max-image-preview:large","max-video-preview":"max-video-preview:-1"},"canonical":"https:\/\/1dronas.lt\/en\/produktas\/radiomaster-gx12-crush-radio-controller-elrs-mode-2\/","og_locale":"en_US","og_type":"article","og_title":"RadioMaster GX12 Crush Radio Controller ELRS (Mode 2) - 1dronas.lt","og_description":"Modernus nuotolinio valdymo pultas su dvigubu 2.4 GHz ir 900 MHz ry\u0161iu, auk\u0161tos klas\u0117s gimbalais ir ry\u0161kiu, i\u0161skirtiniu dizainu.  \u00a0 \u00a01 \u2013 2 d. d.","og_url":"https:\/\/1dronas.lt\/en\/produktas\/radiomaster-gx12-crush-radio-controller-elrs-mode-2\/","og_site_name":"1dronas.lt","article_publisher":"https:\/\/www.facebook.com\/1dronas\/","article_modified_time":"2026-03-25T14:34:37+00:00","og_image":[{"width":1800,"height":1800,"url":"https:\/\/1dronas.lt\/wp-content\/uploads\/2025\/10\/GX12_Crush_Radio_Controller_ELRS_M2_1800x1800-min.jpg","type":"image\/jpeg"}],"twitter_card":"summary_large_image","twitter_misc":{"Est. reading time":"5 minutes"},"schema":{"@context":"https:\/\/schema.org","@graph":[{"@type":"WebPage","@id":"https:\/\/1dronas.lt\/en\/produktas\/radiomaster-gx12-crush-radio-controller-elrs-mode-2\/","url":"https:\/\/1dronas.lt\/en\/produktas\/radiomaster-gx12-crush-radio-controller-elrs-mode-2\/","name":"RadioMaster GX12 Crush Radio Controller ELRS (Mode 2) - 1dronas.lt","isPartOf":{"@id":"https:\/\/1dronas.lt\/en\/#website"},"primaryImageOfPage":{"@id":"https:\/\/1dronas.lt\/en\/produktas\/radiomaster-gx12-crush-radio-controller-elrs-mode-2\/#primaryimage"},"image":{"@id":"https:\/\/1dronas.lt\/en\/produktas\/radiomaster-gx12-crush-radio-controller-elrs-mode-2\/#primaryimage"},"thumbnailUrl":"https:\/\/1dronas.lt\/wp-content\/uploads\/2025\/10\/GX12_Crush_Radio_Controller_ELRS_M2_1800x1800-min.jpg","datePublished":"2025-10-01T19:52:22+00:00","dateModified":"2026-03-25T14:34:37+00:00","breadcrumb":{"@id":"https:\/\/1dronas.lt\/en\/produktas\/radiomaster-gx12-crush-radio-controller-elrs-mode-2\/#breadcrumb"},"inLanguage":"en-US","potentialAction":[{"@type":"ReadAction","target":["https:\/\/1dronas.lt\/en\/produktas\/radiomaster-gx12-crush-radio-controller-elrs-mode-2\/"]}]},{"@type":"ImageObject","inLanguage":"en-US","@id":"https:\/\/1dronas.lt\/en\/produktas\/radiomaster-gx12-crush-radio-controller-elrs-mode-2\/#primaryimage","url":"https:\/\/1dronas.lt\/wp-content\/uploads\/2025\/10\/GX12_Crush_Radio_Controller_ELRS_M2_1800x1800-min.jpg","contentUrl":"https:\/\/1dronas.lt\/wp-content\/uploads\/2025\/10\/GX12_Crush_Radio_Controller_ELRS_M2_1800x1800-min.jpg","width":1800,"height":1800},{"@type":"BreadcrumbList","@id":"https:\/\/1dronas.lt\/en\/produktas\/radiomaster-gx12-crush-radio-controller-elrs-mode-2\/#breadcrumb","itemListElement":[{"@type":"ListItem","position":1,"name":"Home","item":"https:\/\/1dronas.lt\/"},{"@type":"ListItem","position":2,"name":"Parduotuv\u0117","item":"https:\/\/1dronas.lt\/parduotuve\/"},{"@type":"ListItem","position":3,"name":"RadioMaster GX12 Crush Radio Controller ELRS (Mode 2)"}]},{"@type":"WebSite","@id":"https:\/\/1dronas.lt\/en\/#website","url":"https:\/\/1dronas.lt\/en\/","name":"1dronas.lt","description":"Online store","publisher":{"@id":"https:\/\/1dronas.lt\/en\/#organization"},"potentialAction":[{"@type":"SearchAction","target":{"@type":"EntryPoint","urlTemplate":"https:\/\/1dronas.lt\/en\/?s={search_term_string}"},"query-input":{"@type":"PropertyValueSpecification","valueRequired":true,"valueName":"search_term_string"}}],"inLanguage":"en-US"},{"@type":"Organization","@id":"https:\/\/1dronas.lt\/en\/#organization","name":"1dronas.lt","url":"https:\/\/1dronas.lt\/en\/","logo":{"@type":"ImageObject","inLanguage":"en-US","@id":"https:\/\/1dronas.lt\/en\/#\/schema\/logo\/image\/","url":"https:\/\/1dronas.lt\/wp-content\/uploads\/2020\/12\/Ekrano_kopija__2_-removebg-preview-1-1.png","contentUrl":"https:\/\/1dronas.lt\/wp-content\/uploads\/2020\/12\/Ekrano_kopija__2_-removebg-preview-1-1.png","width":234,"height":81,"caption":"1dronas.lt"},"image":{"@id":"https:\/\/1dronas.lt\/en\/#\/schema\/logo\/image\/"},"sameAs":["https:\/\/www.facebook.com\/1dronas\/"]}]}},"jetpack_sharing_enabled":true,"_links":{"self":[{"href":"https:\/\/1dronas.lt\/en\/wp-json\/wp\/v2\/product\/11864","targetHints":{"allow":["GET"]}}],"collection":[{"href":"https:\/\/1dronas.lt\/en\/wp-json\/wp\/v2\/product"}],"about":[{"href":"https:\/\/1dronas.lt\/en\/wp-json\/wp\/v2\/types\/product"}],"replies":[{"embeddable":true,"href":"https:\/\/1dronas.lt\/en\/wp-json\/wp\/v2\/comments?post=11864"}],"wp:featuredmedia":[{"embeddable":true,"href":"https:\/\/1dronas.lt\/en\/wp-json\/wp\/v2\/media\/11887"}],"wp:attachment":[{"href":"https:\/\/1dronas.lt\/en\/wp-json\/wp\/v2\/media?parent=11864"}],"wp:term":[{"taxonomy":"product_brand","embeddable":true,"href":"https:\/\/1dronas.lt\/en\/wp-json\/wp\/v2\/product_brand?post=11864"},{"taxonomy":"product_cat","embeddable":true,"href":"https:\/\/1dronas.lt\/en\/wp-json\/wp\/v2\/product_cat?post=11864"},{"taxonomy":"product_tag","embeddable":true,"href":"https:\/\/1dronas.lt\/en\/wp-json\/wp\/v2\/product_tag?post=11864"}],"curies":[{"name":"wp","href":"https:\/\/api.w.org\/{rel}","templated":true}]}}