{"id":11787,"date":"2025-09-28T18:30:25","date_gmt":"2025-09-28T15:30:25","guid":{"rendered":"https:\/\/1dronas.lt\/?post_type=product&#038;p=11787"},"modified":"2025-09-28T18:32:32","modified_gmt":"2025-09-28T15:32:32","slug":"iflight-albatross-v2-5-8ghz-mmcx-90-90mm-antena","status":"publish","type":"product","link":"https:\/\/1dronas.lt\/en\/produktas\/iflight-albatross-v2-5-8ghz-mmcx-90-90mm-antena\/","title":{"rendered":"iFlight Albatross V2 5.8GHz MMCX 90\u00b0 90mm antenna"},"content":{"rendered":"<p>Introducing the new and improved Albatross V2 antenna! Thanks to advanced welding technology and a robust, innovative design, this antenna is lighter, stronger and more reliable than ever.<\/p>\n<p><strong>Features:<\/strong><\/p>\n<p>\u2022 Hexagonal shape \u2013 ensures greater durability.<br \/>\n\u2022 90 degree angle \u2013 convenient for mounting.<br \/>\n\u2022 Uses ultrasonic welding technology instead of traditional fasteners or glue, so the antenna does not come loose and remains strong and lightweight.<br \/>\n\u2022 Improved signal gain and stability using FPC and PCB technologies, which improves equipment performance.<\/p>\n<p><strong>Specification:<\/strong><\/p>\n<p>\u2022 Model: Albatross V2 RHCP 90\u00b0 MMCX;<br \/>\n\u2022 Connector: MMCX;<br \/>\n\u2022 Frequency range: 5.3-6 GHz;<br \/>\n\u2022 Maximum Gain: 2.65 dBi @ 5695 MHz;<br \/>\n\u2022 Minimum Gain: 2.06 dBi @ 5362 MHz;<br \/>\n\u2022 Average gain (Gain): 2.4 dBi;<br \/>\n\u2022 Maximum VSWR: 1.76 @ 5917 MHz;<br \/>\n\u2022 Minimum VSWR: 1.46 @ 5621 MHz;<br \/>\n\u2022 Average VSWR: 1.75;<br \/>\n\u2022 Maximum radiation efficiency: 86% @ 5436 MHz;<br \/>\n\u2022 Minimum radiation efficiency: 76% @ 5917 MHz;<br \/>\n\u2022 Average radiant efficiency: 83%;<br \/>\n\u2022 Polarization: RHCP;<br \/>\n\u2022 Cross-polarization attenuation: -25 dB;<br \/>\n\u2022 Axial Ratio: \u22643;<br \/>\n\u2022 Cable: RG141;<br \/>\n\u2022 Weight: 3g (\u00b10.5g);<br \/>\n\u2022 Total length 90 mm, cable length 65 mm.<\/p>\n<p><strong>Package:<\/strong><\/p>\n<p>1 x iFlight Albatross V2 5.8GHz MMCX 90\u00b0 90mm antenna.<\/p>","protected":false},"excerpt":{"rendered":"<p><span style=\"color: #333333;\">Thanks to advanced welding technology and a robust, innovative design, this antenna is lighter, stronger and more reliable than ever.<\/span><\/p>\n<p><span style=\"font-size: 90%; color: #333333;\"><b><img loading=\"lazy\" decoding=\"async\" class=\"alignnone wp-image-1806\" src=\"https:\/\/1dronas.lt\/wp-content\/uploads\/2021\/05\/delivery-icon.png\" alt=\"\" width=\"24\" height=\"24\" srcset=\"https:\/\/1dronas.lt\/wp-content\/uploads\/2021\/05\/delivery-icon.png 35w, https:\/\/1dronas.lt\/wp-content\/uploads\/2021\/05\/delivery-icon-12x12.png 12w\" sizes=\"auto, (max-width: 24px) 100vw, 24px\" \/><\/b>\u00a0\u00a0<strong>1 \u2013 2 days<\/strong><\/span><\/p>","protected":false},"featured_media":11792,"comment_status":"open","ping_status":"closed","template":"","meta":[],"product_brand":[496],"product_cat":[161],"product_tag":[775,843,630,164,487,91,842,536],"class_list":{"0":"post-11787","1":"product","2":"type-product","3":"status-publish","4":"has-post-thumbnail","6":"product_brand-iflight","7":"product_cat-antenos","8":"product_tag-5-8ghz","9":"product_tag-843","10":"product_tag-90mm","11":"product_tag-albatross","12":"product_tag-antena","13":"product_tag-iflight","14":"product_tag-mmcx","15":"product_tag-v2","17":"first","18":"instock","19":"taxable","20":"shipping-taxable","21":"purchasable","22":"product-type-simple"},"yoast_head":"<!-- This site is optimized with the Yoast SEO plugin v27.3 - https:\/\/yoast.com\/product\/yoast-seo-wordpress\/ -->\n<title>iFlight Albatross V2 5.8GHz MMCX 90\u00b0 90mm antena - 1dronas.lt<\/title>\n<meta name=\"robots\" content=\"index, follow, max-snippet:-1, max-image-preview:large, max-video-preview:-1\" \/>\n<link rel=\"canonical\" href=\"https:\/\/1dronas.lt\/en\/produktas\/iflight-albatross-v2-5-8ghz-mmcx-90-90mm-antena\/\" \/>\n<meta property=\"og:locale\" content=\"en_US\" \/>\n<meta property=\"og:type\" content=\"article\" \/>\n<meta property=\"og:title\" content=\"iFlight Albatross V2 5.8GHz MMCX 90\u00b0 90mm antena - 1dronas.lt\" \/>\n<meta property=\"og:description\" content=\"D\u0117l pa\u017eangios suvirinimo technologijos ir tvirto, inovatyvaus dizaino \u0161i antena yra lengvesn\u0117, tvirtesn\u0117 ir patikimesn\u0117 nei bet kada.  \u00a0\u00a01 \u2013 2 d. d.\" \/>\n<meta property=\"og:url\" content=\"https:\/\/1dronas.lt\/en\/produktas\/iflight-albatross-v2-5-8ghz-mmcx-90-90mm-antena\/\" \/>\n<meta property=\"og:site_name\" content=\"1dronas.lt\" \/>\n<meta property=\"article:publisher\" content=\"https:\/\/www.facebook.com\/1dronas\/\" \/>\n<meta property=\"article:modified_time\" content=\"2025-09-28T15:32:32+00:00\" \/>\n<meta property=\"og:image\" content=\"https:\/\/1dronas.lt\/wp-content\/uploads\/2025\/09\/Albatross-V2-RHCP-MMCX-60mm-1.jpg\" \/>\n\t<meta property=\"og:image:width\" content=\"1000\" \/>\n\t<meta property=\"og:image:height\" content=\"1000\" \/>\n\t<meta property=\"og:image:type\" content=\"image\/jpeg\" \/>\n<meta name=\"twitter:card\" content=\"summary_large_image\" \/>\n<meta name=\"twitter:label1\" content=\"Est. reading time\" \/>\n\t<meta name=\"twitter:data1\" content=\"2 minutes\" \/>\n<script type=\"application\/ld+json\" class=\"yoast-schema-graph\">{\"@context\":\"https:\\\/\\\/schema.org\",\"@graph\":[{\"@type\":\"WebPage\",\"@id\":\"https:\\\/\\\/1dronas.lt\\\/en\\\/produktas\\\/iflight-albatross-v2-5-8ghz-mmcx-90-90mm-antena\\\/\",\"url\":\"https:\\\/\\\/1dronas.lt\\\/en\\\/produktas\\\/iflight-albatross-v2-5-8ghz-mmcx-90-90mm-antena\\\/\",\"name\":\"iFlight Albatross V2 5.8GHz MMCX 90\u00b0 90mm antena - 1dronas.lt\",\"isPartOf\":{\"@id\":\"https:\\\/\\\/1dronas.lt\\\/en\\\/#website\"},\"primaryImageOfPage\":{\"@id\":\"https:\\\/\\\/1dronas.lt\\\/en\\\/produktas\\\/iflight-albatross-v2-5-8ghz-mmcx-90-90mm-antena\\\/#primaryimage\"},\"image\":{\"@id\":\"https:\\\/\\\/1dronas.lt\\\/en\\\/produktas\\\/iflight-albatross-v2-5-8ghz-mmcx-90-90mm-antena\\\/#primaryimage\"},\"thumbnailUrl\":\"https:\\\/\\\/1dronas.lt\\\/wp-content\\\/uploads\\\/2025\\\/09\\\/Albatross-V2-RHCP-MMCX-60mm-1.jpg\",\"datePublished\":\"2025-09-28T15:30:25+00:00\",\"dateModified\":\"2025-09-28T15:32:32+00:00\",\"breadcrumb\":{\"@id\":\"https:\\\/\\\/1dronas.lt\\\/en\\\/produktas\\\/iflight-albatross-v2-5-8ghz-mmcx-90-90mm-antena\\\/#breadcrumb\"},\"inLanguage\":\"en-US\",\"potentialAction\":[{\"@type\":\"ReadAction\",\"target\":[\"https:\\\/\\\/1dronas.lt\\\/en\\\/produktas\\\/iflight-albatross-v2-5-8ghz-mmcx-90-90mm-antena\\\/\"]}]},{\"@type\":\"ImageObject\",\"inLanguage\":\"en-US\",\"@id\":\"https:\\\/\\\/1dronas.lt\\\/en\\\/produktas\\\/iflight-albatross-v2-5-8ghz-mmcx-90-90mm-antena\\\/#primaryimage\",\"url\":\"https:\\\/\\\/1dronas.lt\\\/wp-content\\\/uploads\\\/2025\\\/09\\\/Albatross-V2-RHCP-MMCX-60mm-1.jpg\",\"contentUrl\":\"https:\\\/\\\/1dronas.lt\\\/wp-content\\\/uploads\\\/2025\\\/09\\\/Albatross-V2-RHCP-MMCX-60mm-1.jpg\",\"width\":1000,\"height\":1000},{\"@type\":\"BreadcrumbList\",\"@id\":\"https:\\\/\\\/1dronas.lt\\\/en\\\/produktas\\\/iflight-albatross-v2-5-8ghz-mmcx-90-90mm-antena\\\/#breadcrumb\",\"itemListElement\":[{\"@type\":\"ListItem\",\"position\":1,\"name\":\"Home\",\"item\":\"https:\\\/\\\/1dronas.lt\\\/\"},{\"@type\":\"ListItem\",\"position\":2,\"name\":\"Parduotuv\u0117\",\"item\":\"https:\\\/\\\/1dronas.lt\\\/parduotuve\\\/\"},{\"@type\":\"ListItem\",\"position\":3,\"name\":\"iFlight Albatross V2 5.8GHz MMCX 90\u00b0 90mm antena\"}]},{\"@type\":\"WebSite\",\"@id\":\"https:\\\/\\\/1dronas.lt\\\/en\\\/#website\",\"url\":\"https:\\\/\\\/1dronas.lt\\\/en\\\/\",\"name\":\"1dronas.lt\",\"description\":\"Internetin\u0117 parduotuv\u0117\",\"publisher\":{\"@id\":\"https:\\\/\\\/1dronas.lt\\\/en\\\/#organization\"},\"potentialAction\":[{\"@type\":\"SearchAction\",\"target\":{\"@type\":\"EntryPoint\",\"urlTemplate\":\"https:\\\/\\\/1dronas.lt\\\/en\\\/?s={search_term_string}\"},\"query-input\":{\"@type\":\"PropertyValueSpecification\",\"valueRequired\":true,\"valueName\":\"search_term_string\"}}],\"inLanguage\":\"en-US\"},{\"@type\":\"Organization\",\"@id\":\"https:\\\/\\\/1dronas.lt\\\/en\\\/#organization\",\"name\":\"1dronas.lt\",\"url\":\"https:\\\/\\\/1dronas.lt\\\/en\\\/\",\"logo\":{\"@type\":\"ImageObject\",\"inLanguage\":\"en-US\",\"@id\":\"https:\\\/\\\/1dronas.lt\\\/en\\\/#\\\/schema\\\/logo\\\/image\\\/\",\"url\":\"https:\\\/\\\/1dronas.lt\\\/wp-content\\\/uploads\\\/2020\\\/12\\\/Ekrano_kopija__2_-removebg-preview-1-1.png\",\"contentUrl\":\"https:\\\/\\\/1dronas.lt\\\/wp-content\\\/uploads\\\/2020\\\/12\\\/Ekrano_kopija__2_-removebg-preview-1-1.png\",\"width\":234,\"height\":81,\"caption\":\"1dronas.lt\"},\"image\":{\"@id\":\"https:\\\/\\\/1dronas.lt\\\/en\\\/#\\\/schema\\\/logo\\\/image\\\/\"},\"sameAs\":[\"https:\\\/\\\/www.facebook.com\\\/1dronas\\\/\"]}]}<\/script>\n<!-- \/ Yoast SEO plugin. -->","yoast_head_json":{"title":"iFlight Albatross V2 5.8GHz MMCX 90\u00b0 90mm antenna - 1dronas.lt","robots":{"index":"index","follow":"follow","max-snippet":"max-snippet:-1","max-image-preview":"max-image-preview:large","max-video-preview":"max-video-preview:-1"},"canonical":"https:\/\/1dronas.lt\/en\/produktas\/iflight-albatross-v2-5-8ghz-mmcx-90-90mm-antena\/","og_locale":"en_US","og_type":"article","og_title":"iFlight Albatross V2 5.8GHz MMCX 90\u00b0 90mm antena - 1dronas.lt","og_description":"D\u0117l pa\u017eangios suvirinimo technologijos ir tvirto, inovatyvaus dizaino \u0161i antena yra lengvesn\u0117, tvirtesn\u0117 ir patikimesn\u0117 nei bet kada.  \u00a0\u00a01 \u2013 2 d. d.","og_url":"https:\/\/1dronas.lt\/en\/produktas\/iflight-albatross-v2-5-8ghz-mmcx-90-90mm-antena\/","og_site_name":"1dronas.lt","article_publisher":"https:\/\/www.facebook.com\/1dronas\/","article_modified_time":"2025-09-28T15:32:32+00:00","og_image":[{"width":1000,"height":1000,"url":"https:\/\/1dronas.lt\/wp-content\/uploads\/2025\/09\/Albatross-V2-RHCP-MMCX-60mm-1.jpg","type":"image\/jpeg"}],"twitter_card":"summary_large_image","twitter_misc":{"Est. reading time":"2 minutes"},"schema":{"@context":"https:\/\/schema.org","@graph":[{"@type":"WebPage","@id":"https:\/\/1dronas.lt\/en\/produktas\/iflight-albatross-v2-5-8ghz-mmcx-90-90mm-antena\/","url":"https:\/\/1dronas.lt\/en\/produktas\/iflight-albatross-v2-5-8ghz-mmcx-90-90mm-antena\/","name":"iFlight Albatross V2 5.8GHz MMCX 90\u00b0 90mm antenna - 1dronas.lt","isPartOf":{"@id":"https:\/\/1dronas.lt\/en\/#website"},"primaryImageOfPage":{"@id":"https:\/\/1dronas.lt\/en\/produktas\/iflight-albatross-v2-5-8ghz-mmcx-90-90mm-antena\/#primaryimage"},"image":{"@id":"https:\/\/1dronas.lt\/en\/produktas\/iflight-albatross-v2-5-8ghz-mmcx-90-90mm-antena\/#primaryimage"},"thumbnailUrl":"https:\/\/1dronas.lt\/wp-content\/uploads\/2025\/09\/Albatross-V2-RHCP-MMCX-60mm-1.jpg","datePublished":"2025-09-28T15:30:25+00:00","dateModified":"2025-09-28T15:32:32+00:00","breadcrumb":{"@id":"https:\/\/1dronas.lt\/en\/produktas\/iflight-albatross-v2-5-8ghz-mmcx-90-90mm-antena\/#breadcrumb"},"inLanguage":"en-US","potentialAction":[{"@type":"ReadAction","target":["https:\/\/1dronas.lt\/en\/produktas\/iflight-albatross-v2-5-8ghz-mmcx-90-90mm-antena\/"]}]},{"@type":"ImageObject","inLanguage":"en-US","@id":"https:\/\/1dronas.lt\/en\/produktas\/iflight-albatross-v2-5-8ghz-mmcx-90-90mm-antena\/#primaryimage","url":"https:\/\/1dronas.lt\/wp-content\/uploads\/2025\/09\/Albatross-V2-RHCP-MMCX-60mm-1.jpg","contentUrl":"https:\/\/1dronas.lt\/wp-content\/uploads\/2025\/09\/Albatross-V2-RHCP-MMCX-60mm-1.jpg","width":1000,"height":1000},{"@type":"BreadcrumbList","@id":"https:\/\/1dronas.lt\/en\/produktas\/iflight-albatross-v2-5-8ghz-mmcx-90-90mm-antena\/#breadcrumb","itemListElement":[{"@type":"ListItem","position":1,"name":"Home","item":"https:\/\/1dronas.lt\/"},{"@type":"ListItem","position":2,"name":"Parduotuv\u0117","item":"https:\/\/1dronas.lt\/parduotuve\/"},{"@type":"ListItem","position":3,"name":"iFlight Albatross V2 5.8GHz MMCX 90\u00b0 90mm antena"}]},{"@type":"WebSite","@id":"https:\/\/1dronas.lt\/en\/#website","url":"https:\/\/1dronas.lt\/en\/","name":"1dronas.lt","description":"Online store","publisher":{"@id":"https:\/\/1dronas.lt\/en\/#organization"},"potentialAction":[{"@type":"SearchAction","target":{"@type":"EntryPoint","urlTemplate":"https:\/\/1dronas.lt\/en\/?s={search_term_string}"},"query-input":{"@type":"PropertyValueSpecification","valueRequired":true,"valueName":"search_term_string"}}],"inLanguage":"en-US"},{"@type":"Organization","@id":"https:\/\/1dronas.lt\/en\/#organization","name":"1dronas.lt","url":"https:\/\/1dronas.lt\/en\/","logo":{"@type":"ImageObject","inLanguage":"en-US","@id":"https:\/\/1dronas.lt\/en\/#\/schema\/logo\/image\/","url":"https:\/\/1dronas.lt\/wp-content\/uploads\/2020\/12\/Ekrano_kopija__2_-removebg-preview-1-1.png","contentUrl":"https:\/\/1dronas.lt\/wp-content\/uploads\/2020\/12\/Ekrano_kopija__2_-removebg-preview-1-1.png","width":234,"height":81,"caption":"1dronas.lt"},"image":{"@id":"https:\/\/1dronas.lt\/en\/#\/schema\/logo\/image\/"},"sameAs":["https:\/\/www.facebook.com\/1dronas\/"]}]}},"jetpack_sharing_enabled":true,"_links":{"self":[{"href":"https:\/\/1dronas.lt\/en\/wp-json\/wp\/v2\/product\/11787","targetHints":{"allow":["GET"]}}],"collection":[{"href":"https:\/\/1dronas.lt\/en\/wp-json\/wp\/v2\/product"}],"about":[{"href":"https:\/\/1dronas.lt\/en\/wp-json\/wp\/v2\/types\/product"}],"replies":[{"embeddable":true,"href":"https:\/\/1dronas.lt\/en\/wp-json\/wp\/v2\/comments?post=11787"}],"wp:featuredmedia":[{"embeddable":true,"href":"https:\/\/1dronas.lt\/en\/wp-json\/wp\/v2\/media\/11792"}],"wp:attachment":[{"href":"https:\/\/1dronas.lt\/en\/wp-json\/wp\/v2\/media?parent=11787"}],"wp:term":[{"taxonomy":"product_brand","embeddable":true,"href":"https:\/\/1dronas.lt\/en\/wp-json\/wp\/v2\/product_brand?post=11787"},{"taxonomy":"product_cat","embeddable":true,"href":"https:\/\/1dronas.lt\/en\/wp-json\/wp\/v2\/product_cat?post=11787"},{"taxonomy":"product_tag","embeddable":true,"href":"https:\/\/1dronas.lt\/en\/wp-json\/wp\/v2\/product_tag?post=11787"}],"curies":[{"name":"wp","href":"https:\/\/api.w.org\/{rel}","templated":true}]}}