{"id":11751,"date":"2025-09-27T14:07:28","date_gmt":"2025-09-27T11:07:28","guid":{"rendered":"https:\/\/1dronas.lt\/?post_type=product&#038;p=11751"},"modified":"2026-04-20T13:31:33","modified_gmt":"2026-04-20T10:31:33","slug":"gens-ace-xt60-female-to-xt90-male-adapter","status":"publish","type":"product","link":"https:\/\/1dronas.lt\/en\/produktas\/gens-ace-xt60-female-to-xt90-male-adapter\/","title":{"rendered":"Gens Ace XT60 Female to XT90 Male Adapter (45mm)"},"content":{"rendered":"<p>Reliable Gens Ace adapter for connecting LiPo batteries to chargers or other devices. This 45 mm long adapter with 12 AWG wire allows you to easily convert an XT60 connector to an XT90 connector.<\/p>\n<p><strong>Specification:<\/strong><\/p>\n<p><b>\u2022\u00a0<\/b>Manufacturer: Gens Ace;<br \/>\n<b>\u2022\u00a0<\/b>Product type: adapter cable;<br \/>\n<b>\u2022\u00a0<\/b>Input: XT60 (female connector);<br \/>\n<b>\u2022\u00a0<\/b>Output: XT90 (male connector);<br \/>\n<b>\u2022\u00a0<\/b>Wire thickness: 12 AWG;<br \/>\n<b>\u2022\u00a0<\/b>Length: 45 mm.<\/p>","protected":false},"excerpt":{"rendered":"<p><span style=\"color: #333333;\">Reliable Gens Ace adapter for connecting LiPo batteries to chargers or other devices.<\/span><\/p>\n<p><span style=\"color: #333333;\"><strong><img loading=\"lazy\" decoding=\"async\" class=\"alignnone wp-image-1806\" src=\"https:\/\/1dronas.lt\/wp-content\/uploads\/2021\/05\/delivery-icon.png\" alt=\"\" width=\"24\" height=\"24\" srcset=\"https:\/\/1dronas.lt\/wp-content\/uploads\/2021\/05\/delivery-icon.png 35w, https:\/\/1dronas.lt\/wp-content\/uploads\/2021\/05\/delivery-icon-12x12.png 12w\" sizes=\"auto, (max-width: 24px) 100vw, 24px\" \/>\u00a0\u00a0<span style=\"font-size: 90%;\">1 \u2013 2 days<\/span><\/strong><\/span><\/p>","protected":false},"featured_media":11755,"comment_status":"open","ping_status":"closed","template":"","meta":[],"product_brand":[722],"product_cat":[676],"product_tag":[839,838,833,723,837],"class_list":{"0":"post-11751","1":"product","2":"type-product","3":"status-publish","4":"has-post-thumbnail","6":"product_brand-gens-ace","7":"product_cat-laidai-jungtys","8":"product_tag-12-awg","9":"product_tag-adapter","10":"product_tag-adapterio-laidas","11":"product_tag-gens-ace","12":"product_tag-xt60-female-to-xt90-male","14":"first","15":"instock","16":"taxable","17":"shipping-taxable","18":"purchasable","19":"product-type-simple"},"yoast_head":"<!-- This site is optimized with the Yoast SEO plugin v27.4 - https:\/\/yoast.com\/product\/yoast-seo-wordpress\/ -->\n<title>Gens Ace XT60 Female to XT90 Male Adapter (45mm) - 1dronas.lt<\/title>\n<meta name=\"robots\" content=\"index, follow, max-snippet:-1, max-image-preview:large, max-video-preview:-1\" \/>\n<link rel=\"canonical\" href=\"https:\/\/1dronas.lt\/en\/produktas\/gens-ace-xt60-female-to-xt90-male-adapter\/\" \/>\n<meta property=\"og:locale\" content=\"en_US\" \/>\n<meta property=\"og:type\" content=\"article\" \/>\n<meta property=\"og:title\" content=\"Gens Ace XT60 Female to XT90 Male Adapter (45mm) - 1dronas.lt\" \/>\n<meta property=\"og:description\" content=\"Patikimas Gens Ace adapteris, skirtas LiPo akumuliatori\u0173 prijungimui prie \u012fkrovikli\u0173 ar kit\u0173 \u012frengini\u0173.  \u00a0\u00a01 \u2013 2 d. d.\" \/>\n<meta property=\"og:url\" content=\"https:\/\/1dronas.lt\/en\/produktas\/gens-ace-xt60-female-to-xt90-male-adapter\/\" \/>\n<meta property=\"og:site_name\" content=\"1dronas.lt\" \/>\n<meta property=\"article:publisher\" content=\"https:\/\/www.facebook.com\/1dronas\/\" \/>\n<meta property=\"article:modified_time\" content=\"2026-04-20T10:31:33+00:00\" \/>\n<meta property=\"og:image\" content=\"https:\/\/1dronas.lt\/wp-content\/uploads\/2025\/09\/PhotoRoom-20230103_092519_2000x2000.webp\" \/>\n\t<meta property=\"og:image:width\" content=\"2000\" \/>\n\t<meta property=\"og:image:height\" content=\"2000\" \/>\n\t<meta property=\"og:image:type\" content=\"image\/webp\" \/>\n<meta name=\"twitter:card\" content=\"summary_large_image\" \/>\n<meta name=\"twitter:label1\" content=\"Est. reading time\" \/>\n\t<meta name=\"twitter:data1\" content=\"1 minute\" \/>\n<script type=\"application\/ld+json\" class=\"yoast-schema-graph\">{\"@context\":\"https:\\\/\\\/schema.org\",\"@graph\":[{\"@type\":\"WebPage\",\"@id\":\"https:\\\/\\\/1dronas.lt\\\/en\\\/produktas\\\/gens-ace-xt60-female-to-xt90-male-adapter\\\/\",\"url\":\"https:\\\/\\\/1dronas.lt\\\/en\\\/produktas\\\/gens-ace-xt60-female-to-xt90-male-adapter\\\/\",\"name\":\"Gens Ace XT60 Female to XT90 Male Adapter (45mm) - 1dronas.lt\",\"isPartOf\":{\"@id\":\"https:\\\/\\\/1dronas.lt\\\/en\\\/#website\"},\"primaryImageOfPage\":{\"@id\":\"https:\\\/\\\/1dronas.lt\\\/en\\\/produktas\\\/gens-ace-xt60-female-to-xt90-male-adapter\\\/#primaryimage\"},\"image\":{\"@id\":\"https:\\\/\\\/1dronas.lt\\\/en\\\/produktas\\\/gens-ace-xt60-female-to-xt90-male-adapter\\\/#primaryimage\"},\"thumbnailUrl\":\"https:\\\/\\\/1dronas.lt\\\/wp-content\\\/uploads\\\/2025\\\/09\\\/PhotoRoom-20230103_092519_2000x2000.webp\",\"datePublished\":\"2025-09-27T11:07:28+00:00\",\"dateModified\":\"2026-04-20T10:31:33+00:00\",\"breadcrumb\":{\"@id\":\"https:\\\/\\\/1dronas.lt\\\/en\\\/produktas\\\/gens-ace-xt60-female-to-xt90-male-adapter\\\/#breadcrumb\"},\"inLanguage\":\"en-US\",\"potentialAction\":[{\"@type\":\"ReadAction\",\"target\":[\"https:\\\/\\\/1dronas.lt\\\/en\\\/produktas\\\/gens-ace-xt60-female-to-xt90-male-adapter\\\/\"]}]},{\"@type\":\"ImageObject\",\"inLanguage\":\"en-US\",\"@id\":\"https:\\\/\\\/1dronas.lt\\\/en\\\/produktas\\\/gens-ace-xt60-female-to-xt90-male-adapter\\\/#primaryimage\",\"url\":\"https:\\\/\\\/1dronas.lt\\\/wp-content\\\/uploads\\\/2025\\\/09\\\/PhotoRoom-20230103_092519_2000x2000.webp\",\"contentUrl\":\"https:\\\/\\\/1dronas.lt\\\/wp-content\\\/uploads\\\/2025\\\/09\\\/PhotoRoom-20230103_092519_2000x2000.webp\",\"width\":2000,\"height\":2000},{\"@type\":\"BreadcrumbList\",\"@id\":\"https:\\\/\\\/1dronas.lt\\\/en\\\/produktas\\\/gens-ace-xt60-female-to-xt90-male-adapter\\\/#breadcrumb\",\"itemListElement\":[{\"@type\":\"ListItem\",\"position\":1,\"name\":\"Home\",\"item\":\"https:\\\/\\\/1dronas.lt\\\/\"},{\"@type\":\"ListItem\",\"position\":2,\"name\":\"Parduotuv\u0117\",\"item\":\"https:\\\/\\\/1dronas.lt\\\/parduotuve\\\/\"},{\"@type\":\"ListItem\",\"position\":3,\"name\":\"Gens Ace XT60 Female to XT90 Male Adapter (45mm)\"}]},{\"@type\":\"WebSite\",\"@id\":\"https:\\\/\\\/1dronas.lt\\\/en\\\/#website\",\"url\":\"https:\\\/\\\/1dronas.lt\\\/en\\\/\",\"name\":\"1dronas.lt\",\"description\":\"Internetin\u0117 parduotuv\u0117\",\"publisher\":{\"@id\":\"https:\\\/\\\/1dronas.lt\\\/en\\\/#organization\"},\"potentialAction\":[{\"@type\":\"SearchAction\",\"target\":{\"@type\":\"EntryPoint\",\"urlTemplate\":\"https:\\\/\\\/1dronas.lt\\\/en\\\/?s={search_term_string}\"},\"query-input\":{\"@type\":\"PropertyValueSpecification\",\"valueRequired\":true,\"valueName\":\"search_term_string\"}}],\"inLanguage\":\"en-US\"},{\"@type\":\"Organization\",\"@id\":\"https:\\\/\\\/1dronas.lt\\\/en\\\/#organization\",\"name\":\"1dronas.lt\",\"url\":\"https:\\\/\\\/1dronas.lt\\\/en\\\/\",\"logo\":{\"@type\":\"ImageObject\",\"inLanguage\":\"en-US\",\"@id\":\"https:\\\/\\\/1dronas.lt\\\/en\\\/#\\\/schema\\\/logo\\\/image\\\/\",\"url\":\"https:\\\/\\\/1dronas.lt\\\/wp-content\\\/uploads\\\/2020\\\/12\\\/Ekrano_kopija__2_-removebg-preview-1-1.png\",\"contentUrl\":\"https:\\\/\\\/1dronas.lt\\\/wp-content\\\/uploads\\\/2020\\\/12\\\/Ekrano_kopija__2_-removebg-preview-1-1.png\",\"width\":234,\"height\":81,\"caption\":\"1dronas.lt\"},\"image\":{\"@id\":\"https:\\\/\\\/1dronas.lt\\\/en\\\/#\\\/schema\\\/logo\\\/image\\\/\"},\"sameAs\":[\"https:\\\/\\\/www.facebook.com\\\/1dronas\\\/\"]}]}<\/script>\n<!-- \/ Yoast SEO plugin. -->","yoast_head_json":{"title":"Gens Ace XT60 Female to XT90 Male Adapter (45mm) - 1dronas.lt","robots":{"index":"index","follow":"follow","max-snippet":"max-snippet:-1","max-image-preview":"max-image-preview:large","max-video-preview":"max-video-preview:-1"},"canonical":"https:\/\/1dronas.lt\/en\/produktas\/gens-ace-xt60-female-to-xt90-male-adapter\/","og_locale":"en_US","og_type":"article","og_title":"Gens Ace XT60 Female to XT90 Male Adapter (45mm) - 1dronas.lt","og_description":"Patikimas Gens Ace adapteris, skirtas LiPo akumuliatori\u0173 prijungimui prie \u012fkrovikli\u0173 ar kit\u0173 \u012frengini\u0173.  \u00a0\u00a01 \u2013 2 d. d.","og_url":"https:\/\/1dronas.lt\/en\/produktas\/gens-ace-xt60-female-to-xt90-male-adapter\/","og_site_name":"1dronas.lt","article_publisher":"https:\/\/www.facebook.com\/1dronas\/","article_modified_time":"2026-04-20T10:31:33+00:00","og_image":[{"width":2000,"height":2000,"url":"https:\/\/1dronas.lt\/wp-content\/uploads\/2025\/09\/PhotoRoom-20230103_092519_2000x2000.webp","type":"image\/webp"}],"twitter_card":"summary_large_image","twitter_misc":{"Est. reading time":"1 minute"},"schema":{"@context":"https:\/\/schema.org","@graph":[{"@type":"WebPage","@id":"https:\/\/1dronas.lt\/en\/produktas\/gens-ace-xt60-female-to-xt90-male-adapter\/","url":"https:\/\/1dronas.lt\/en\/produktas\/gens-ace-xt60-female-to-xt90-male-adapter\/","name":"Gens Ace XT60 Female to XT90 Male Adapter (45mm) - 1dronas.lt","isPartOf":{"@id":"https:\/\/1dronas.lt\/en\/#website"},"primaryImageOfPage":{"@id":"https:\/\/1dronas.lt\/en\/produktas\/gens-ace-xt60-female-to-xt90-male-adapter\/#primaryimage"},"image":{"@id":"https:\/\/1dronas.lt\/en\/produktas\/gens-ace-xt60-female-to-xt90-male-adapter\/#primaryimage"},"thumbnailUrl":"https:\/\/1dronas.lt\/wp-content\/uploads\/2025\/09\/PhotoRoom-20230103_092519_2000x2000.webp","datePublished":"2025-09-27T11:07:28+00:00","dateModified":"2026-04-20T10:31:33+00:00","breadcrumb":{"@id":"https:\/\/1dronas.lt\/en\/produktas\/gens-ace-xt60-female-to-xt90-male-adapter\/#breadcrumb"},"inLanguage":"en-US","potentialAction":[{"@type":"ReadAction","target":["https:\/\/1dronas.lt\/en\/produktas\/gens-ace-xt60-female-to-xt90-male-adapter\/"]}]},{"@type":"ImageObject","inLanguage":"en-US","@id":"https:\/\/1dronas.lt\/en\/produktas\/gens-ace-xt60-female-to-xt90-male-adapter\/#primaryimage","url":"https:\/\/1dronas.lt\/wp-content\/uploads\/2025\/09\/PhotoRoom-20230103_092519_2000x2000.webp","contentUrl":"https:\/\/1dronas.lt\/wp-content\/uploads\/2025\/09\/PhotoRoom-20230103_092519_2000x2000.webp","width":2000,"height":2000},{"@type":"BreadcrumbList","@id":"https:\/\/1dronas.lt\/en\/produktas\/gens-ace-xt60-female-to-xt90-male-adapter\/#breadcrumb","itemListElement":[{"@type":"ListItem","position":1,"name":"Home","item":"https:\/\/1dronas.lt\/"},{"@type":"ListItem","position":2,"name":"Parduotuv\u0117","item":"https:\/\/1dronas.lt\/parduotuve\/"},{"@type":"ListItem","position":3,"name":"Gens Ace XT60 Female to XT90 Male Adapter (45mm)"}]},{"@type":"WebSite","@id":"https:\/\/1dronas.lt\/en\/#website","url":"https:\/\/1dronas.lt\/en\/","name":"1dronas.lt","description":"Online store","publisher":{"@id":"https:\/\/1dronas.lt\/en\/#organization"},"potentialAction":[{"@type":"SearchAction","target":{"@type":"EntryPoint","urlTemplate":"https:\/\/1dronas.lt\/en\/?s={search_term_string}"},"query-input":{"@type":"PropertyValueSpecification","valueRequired":true,"valueName":"search_term_string"}}],"inLanguage":"en-US"},{"@type":"Organization","@id":"https:\/\/1dronas.lt\/en\/#organization","name":"1dronas.lt","url":"https:\/\/1dronas.lt\/en\/","logo":{"@type":"ImageObject","inLanguage":"en-US","@id":"https:\/\/1dronas.lt\/en\/#\/schema\/logo\/image\/","url":"https:\/\/1dronas.lt\/wp-content\/uploads\/2020\/12\/Ekrano_kopija__2_-removebg-preview-1-1.png","contentUrl":"https:\/\/1dronas.lt\/wp-content\/uploads\/2020\/12\/Ekrano_kopija__2_-removebg-preview-1-1.png","width":234,"height":81,"caption":"1dronas.lt"},"image":{"@id":"https:\/\/1dronas.lt\/en\/#\/schema\/logo\/image\/"},"sameAs":["https:\/\/www.facebook.com\/1dronas\/"]}]}},"jetpack_sharing_enabled":true,"_links":{"self":[{"href":"https:\/\/1dronas.lt\/en\/wp-json\/wp\/v2\/product\/11751","targetHints":{"allow":["GET"]}}],"collection":[{"href":"https:\/\/1dronas.lt\/en\/wp-json\/wp\/v2\/product"}],"about":[{"href":"https:\/\/1dronas.lt\/en\/wp-json\/wp\/v2\/types\/product"}],"replies":[{"embeddable":true,"href":"https:\/\/1dronas.lt\/en\/wp-json\/wp\/v2\/comments?post=11751"}],"wp:featuredmedia":[{"embeddable":true,"href":"https:\/\/1dronas.lt\/en\/wp-json\/wp\/v2\/media\/11755"}],"wp:attachment":[{"href":"https:\/\/1dronas.lt\/en\/wp-json\/wp\/v2\/media?parent=11751"}],"wp:term":[{"taxonomy":"product_brand","embeddable":true,"href":"https:\/\/1dronas.lt\/en\/wp-json\/wp\/v2\/product_brand?post=11751"},{"taxonomy":"product_cat","embeddable":true,"href":"https:\/\/1dronas.lt\/en\/wp-json\/wp\/v2\/product_cat?post=11751"},{"taxonomy":"product_tag","embeddable":true,"href":"https:\/\/1dronas.lt\/en\/wp-json\/wp\/v2\/product_tag?post=11751"}],"curies":[{"name":"wp","href":"https:\/\/api.w.org\/{rel}","templated":true}]}}