{"id":11712,"date":"2025-09-24T15:25:08","date_gmt":"2025-09-24T12:25:08","guid":{"rendered":"https:\/\/1dronas.lt\/?post_type=product&#038;p=11712"},"modified":"2026-04-02T14:04:30","modified_gmt":"2026-04-02T11:04:30","slug":"akumuliatorius-tattu-1s-300mah-3-8v-75c-1s-lipo-bt2-0-5vnt","status":"publish","type":"product","link":"https:\/\/1dronas.lt\/en\/produktas\/akumuliatorius-tattu-1s-300mah-3-8v-75c-1s-lipo-bt2-0-5vnt\/","title":{"rendered":"Battery Tattu 1S 300mAh 3.8V 75C 1S Lipo \u2013 BT2.0 (5pcs)"},"content":{"rendered":"<p>Tattu 300mAh 3.8V 75C 1S1P HV LiPo Battery with BT 2.0 Connector is the best choice for micro drones. This LiPo battery features a 75C discharge current, providing enough power and high instantaneous output, making indoor flights even more fun. The small Tattu battery is made of the highest quality materials in the LiPo industry - it is stable, safe and powerful.<\/p>\n<p>Tattu is one of the top battery manufacturing companies with a deep research and production tradition in NIMH, LiPo, LiFe technologies. The company employs more than 200 professional engineers and technicians, and the experience reaches 20 years. The Tattu brand adheres to the traditional values of &quot;highest quality&quot;, &quot;optimization&quot; and &quot;priority in sales and service&quot;. All batteries are suitable for RC models of various scales: electric cars, nitro cars, airplanes, ships, as well as other models, toys, power tools, bicycles, cars, digital products, etc.<\/p>\n<p><strong>Features:<\/strong><\/p>\n<p>\u2022 Stable automatic stacking technology allows you to achieve a single cell capacity of 300mAh.<br \/>\n\u2022 The most stringent process for cell capacity, voltage, resistance and discharge curve compatibility.<br \/>\n\u2022 Highest quality Japanese and Korean lithium polymer raw materials.<br \/>\n\u2022 Battery with BT 2.0 connection.<\/p>\n<p><strong>Specification:<\/strong><\/p>\n<p>\u2022 Capacity: 300mAh;<br \/>\n\u2022 Voltage: 1S1P*5 \/ 3.8V;<br \/>\n\u2022 Discharge current: 75C;<br \/>\n\u2022 Weight: about 9 g (1 pc.);<br \/>\n\u2022 Dimensions: approx. 65 x 10 x 6 mm (1 pc.);<br \/>\n\u2022 Connection: BT 2.0.<\/p>\n<p><strong>Compatibility:<\/strong><\/p>\n<p>The Tattu 300mAh 75C 1S1P 3.8V HV battery with BT2.0 connector provides high-quality, reliable power supply for micro drones such as the Beta Meteor65 \/ Meteor75.<\/p>\n<p><strong>Package:<\/strong><\/p>\n<p>5 x Tattu 1S 300mAh 3.8V 75C HV Lipo batteries.<\/p>","protected":false},"excerpt":{"rendered":"<p><span style=\"color: #333333;\">Tattu 300mAh 75C 1S1P 3.8V HV battery with BT2.0 connector provides high-quality, reliable power supply for micro drones such as Betafpv Meteor65 \/ Air65.<\/span><\/p>\n<p><span style=\"color: #333333;\"><strong><img loading=\"lazy\" decoding=\"async\" class=\"alignnone wp-image-1806 entered litespeed-loaded\" src=\"https:\/\/1dronas.lt\/wp-content\/uploads\/2021\/05\/delivery-icon.png.webp\" alt=\"\" width=\"24\" height=\"24\" data-lazyloaded=\"1\" data-src=\"https:\/\/1dronas.lt\/wp-content\/uploads\/2021\/05\/delivery-icon.png.webp\" data-ll-status=\"loaded\" srcset=\"https:\/\/1dronas.lt\/wp-content\/uploads\/2021\/05\/delivery-icon.png 35w, https:\/\/1dronas.lt\/wp-content\/uploads\/2021\/05\/delivery-icon-12x12.png 12w\" sizes=\"auto, (max-width: 24px) 100vw, 24px\" \/>\u00a0\u00a0\u00a0<span style=\"font-size: 90%;\">1 \u2013 2 days<\/span><\/strong><\/span><\/p>","protected":false},"featured_media":11715,"comment_status":"open","ping_status":"closed","template":"","meta":[],"product_brand":[706],"product_cat":[737],"product_tag":[95,718,445,509,710,239,980,96,817,558,707],"class_list":{"0":"post-11712","1":"product","2":"type-product","3":"status-publish","4":"has-post-thumbnail","6":"product_brand-tattu","7":"product_cat-1s-lipo-akumuliatoriai","8":"product_tag-1s","9":"product_tag-3-8v","10":"product_tag-300mah","11":"product_tag-75c","12":"product_tag-akumuliatorius","13":"product_tag-baterija","14":"product_tag-black-friday","15":"product_tag-bt2-0","16":"product_tag-hv","17":"product_tag-lipo","18":"product_tag-tattu","20":"first","21":"instock","22":"taxable","23":"shipping-taxable","24":"purchasable","25":"product-type-simple"},"yoast_head":"<!-- This site is optimized with the Yoast SEO plugin v27.3 - https:\/\/yoast.com\/product\/yoast-seo-wordpress\/ -->\n<title>Akumuliatorius Tattu 1S 300mAh 3.8V 75C 1S Lipo - BT2.0 (5vnt) - 1dronas.lt<\/title>\n<meta name=\"robots\" content=\"index, follow, max-snippet:-1, max-image-preview:large, max-video-preview:-1\" \/>\n<link rel=\"canonical\" href=\"https:\/\/1dronas.lt\/en\/produktas\/akumuliatorius-tattu-1s-300mah-3-8v-75c-1s-lipo-bt2-0-5vnt\/\" \/>\n<meta property=\"og:locale\" content=\"en_US\" \/>\n<meta property=\"og:type\" content=\"article\" \/>\n<meta property=\"og:title\" content=\"Akumuliatorius Tattu 1S 300mAh 3.8V 75C 1S Lipo - BT2.0 (5vnt) - 1dronas.lt\" \/>\n<meta property=\"og:description\" content=\"Tattu 300mAh 75C 1S1P 3.8V HV akumuliatorius su BT2.0 jungtimi u\u017etikrina auk\u0161tos kokyb\u0117s, patikim\u0105 energijos tiekim\u0105 mikro dronams, tokiems kaip Betafpv Meteor65 \/ Air65.  \u00a0\u00a0\u00a01 \u2013 2 d. d.\" \/>\n<meta property=\"og:url\" content=\"https:\/\/1dronas.lt\/en\/produktas\/akumuliatorius-tattu-1s-300mah-3-8v-75c-1s-lipo-bt2-0-5vnt\/\" \/>\n<meta property=\"og:site_name\" content=\"1dronas.lt\" \/>\n<meta property=\"article:publisher\" content=\"https:\/\/www.facebook.com\/1dronas\/\" \/>\n<meta property=\"article:modified_time\" content=\"2026-04-02T11:04:30+00:00\" \/>\n<meta property=\"og:image\" content=\"https:\/\/1dronas.lt\/wp-content\/uploads\/2025\/09\/03_1_4_1.webp\" \/>\n\t<meta property=\"og:image:width\" content=\"900\" \/>\n\t<meta property=\"og:image:height\" content=\"900\" \/>\n\t<meta property=\"og:image:type\" content=\"image\/webp\" \/>\n<meta name=\"twitter:card\" content=\"summary_large_image\" \/>\n<meta name=\"twitter:label1\" content=\"Est. reading time\" \/>\n\t<meta name=\"twitter:data1\" content=\"2 minutes\" \/>\n<script type=\"application\/ld+json\" class=\"yoast-schema-graph\">{\"@context\":\"https:\\\/\\\/schema.org\",\"@graph\":[{\"@type\":\"WebPage\",\"@id\":\"https:\\\/\\\/1dronas.lt\\\/en\\\/produktas\\\/akumuliatorius-tattu-1s-300mah-3-8v-75c-1s-lipo-bt2-0-5vnt\\\/\",\"url\":\"https:\\\/\\\/1dronas.lt\\\/en\\\/produktas\\\/akumuliatorius-tattu-1s-300mah-3-8v-75c-1s-lipo-bt2-0-5vnt\\\/\",\"name\":\"Akumuliatorius Tattu 1S 300mAh 3.8V 75C 1S Lipo - BT2.0 (5vnt) - 1dronas.lt\",\"isPartOf\":{\"@id\":\"https:\\\/\\\/1dronas.lt\\\/en\\\/#website\"},\"primaryImageOfPage\":{\"@id\":\"https:\\\/\\\/1dronas.lt\\\/en\\\/produktas\\\/akumuliatorius-tattu-1s-300mah-3-8v-75c-1s-lipo-bt2-0-5vnt\\\/#primaryimage\"},\"image\":{\"@id\":\"https:\\\/\\\/1dronas.lt\\\/en\\\/produktas\\\/akumuliatorius-tattu-1s-300mah-3-8v-75c-1s-lipo-bt2-0-5vnt\\\/#primaryimage\"},\"thumbnailUrl\":\"https:\\\/\\\/1dronas.lt\\\/wp-content\\\/uploads\\\/2025\\\/09\\\/03_1_4_1.webp\",\"datePublished\":\"2025-09-24T12:25:08+00:00\",\"dateModified\":\"2026-04-02T11:04:30+00:00\",\"breadcrumb\":{\"@id\":\"https:\\\/\\\/1dronas.lt\\\/en\\\/produktas\\\/akumuliatorius-tattu-1s-300mah-3-8v-75c-1s-lipo-bt2-0-5vnt\\\/#breadcrumb\"},\"inLanguage\":\"en-US\",\"potentialAction\":[{\"@type\":\"ReadAction\",\"target\":[\"https:\\\/\\\/1dronas.lt\\\/en\\\/produktas\\\/akumuliatorius-tattu-1s-300mah-3-8v-75c-1s-lipo-bt2-0-5vnt\\\/\"]}]},{\"@type\":\"ImageObject\",\"inLanguage\":\"en-US\",\"@id\":\"https:\\\/\\\/1dronas.lt\\\/en\\\/produktas\\\/akumuliatorius-tattu-1s-300mah-3-8v-75c-1s-lipo-bt2-0-5vnt\\\/#primaryimage\",\"url\":\"https:\\\/\\\/1dronas.lt\\\/wp-content\\\/uploads\\\/2025\\\/09\\\/03_1_4_1.webp\",\"contentUrl\":\"https:\\\/\\\/1dronas.lt\\\/wp-content\\\/uploads\\\/2025\\\/09\\\/03_1_4_1.webp\",\"width\":900,\"height\":900},{\"@type\":\"BreadcrumbList\",\"@id\":\"https:\\\/\\\/1dronas.lt\\\/en\\\/produktas\\\/akumuliatorius-tattu-1s-300mah-3-8v-75c-1s-lipo-bt2-0-5vnt\\\/#breadcrumb\",\"itemListElement\":[{\"@type\":\"ListItem\",\"position\":1,\"name\":\"Home\",\"item\":\"https:\\\/\\\/1dronas.lt\\\/\"},{\"@type\":\"ListItem\",\"position\":2,\"name\":\"Parduotuv\u0117\",\"item\":\"https:\\\/\\\/1dronas.lt\\\/parduotuve\\\/\"},{\"@type\":\"ListItem\",\"position\":3,\"name\":\"Akumuliatorius Tattu 1S 300mAh 3.8V 75C 1S Lipo &#8211; BT2.0 (5vnt)\"}]},{\"@type\":\"WebSite\",\"@id\":\"https:\\\/\\\/1dronas.lt\\\/en\\\/#website\",\"url\":\"https:\\\/\\\/1dronas.lt\\\/en\\\/\",\"name\":\"1dronas.lt\",\"description\":\"Internetin\u0117 parduotuv\u0117\",\"publisher\":{\"@id\":\"https:\\\/\\\/1dronas.lt\\\/en\\\/#organization\"},\"potentialAction\":[{\"@type\":\"SearchAction\",\"target\":{\"@type\":\"EntryPoint\",\"urlTemplate\":\"https:\\\/\\\/1dronas.lt\\\/en\\\/?s={search_term_string}\"},\"query-input\":{\"@type\":\"PropertyValueSpecification\",\"valueRequired\":true,\"valueName\":\"search_term_string\"}}],\"inLanguage\":\"en-US\"},{\"@type\":\"Organization\",\"@id\":\"https:\\\/\\\/1dronas.lt\\\/en\\\/#organization\",\"name\":\"1dronas.lt\",\"url\":\"https:\\\/\\\/1dronas.lt\\\/en\\\/\",\"logo\":{\"@type\":\"ImageObject\",\"inLanguage\":\"en-US\",\"@id\":\"https:\\\/\\\/1dronas.lt\\\/en\\\/#\\\/schema\\\/logo\\\/image\\\/\",\"url\":\"https:\\\/\\\/1dronas.lt\\\/wp-content\\\/uploads\\\/2020\\\/12\\\/Ekrano_kopija__2_-removebg-preview-1-1.png\",\"contentUrl\":\"https:\\\/\\\/1dronas.lt\\\/wp-content\\\/uploads\\\/2020\\\/12\\\/Ekrano_kopija__2_-removebg-preview-1-1.png\",\"width\":234,\"height\":81,\"caption\":\"1dronas.lt\"},\"image\":{\"@id\":\"https:\\\/\\\/1dronas.lt\\\/en\\\/#\\\/schema\\\/logo\\\/image\\\/\"},\"sameAs\":[\"https:\\\/\\\/www.facebook.com\\\/1dronas\\\/\"]}]}<\/script>\n<!-- \/ Yoast SEO plugin. -->","yoast_head_json":{"title":"Tattu 1S 300mAh 3.8V 75C 1S Lipo Battery - BT2.0 (5pcs) - 1dronas.lt","robots":{"index":"index","follow":"follow","max-snippet":"max-snippet:-1","max-image-preview":"max-image-preview:large","max-video-preview":"max-video-preview:-1"},"canonical":"https:\/\/1dronas.lt\/en\/produktas\/akumuliatorius-tattu-1s-300mah-3-8v-75c-1s-lipo-bt2-0-5vnt\/","og_locale":"en_US","og_type":"article","og_title":"Akumuliatorius Tattu 1S 300mAh 3.8V 75C 1S Lipo - BT2.0 (5vnt) - 1dronas.lt","og_description":"Tattu 300mAh 75C 1S1P 3.8V HV akumuliatorius su BT2.0 jungtimi u\u017etikrina auk\u0161tos kokyb\u0117s, patikim\u0105 energijos tiekim\u0105 mikro dronams, tokiems kaip Betafpv Meteor65 \/ Air65.  \u00a0\u00a0\u00a01 \u2013 2 d. d.","og_url":"https:\/\/1dronas.lt\/en\/produktas\/akumuliatorius-tattu-1s-300mah-3-8v-75c-1s-lipo-bt2-0-5vnt\/","og_site_name":"1dronas.lt","article_publisher":"https:\/\/www.facebook.com\/1dronas\/","article_modified_time":"2026-04-02T11:04:30+00:00","og_image":[{"width":900,"height":900,"url":"https:\/\/1dronas.lt\/wp-content\/uploads\/2025\/09\/03_1_4_1.webp","type":"image\/webp"}],"twitter_card":"summary_large_image","twitter_misc":{"Est. reading time":"2 minutes"},"schema":{"@context":"https:\/\/schema.org","@graph":[{"@type":"WebPage","@id":"https:\/\/1dronas.lt\/en\/produktas\/akumuliatorius-tattu-1s-300mah-3-8v-75c-1s-lipo-bt2-0-5vnt\/","url":"https:\/\/1dronas.lt\/en\/produktas\/akumuliatorius-tattu-1s-300mah-3-8v-75c-1s-lipo-bt2-0-5vnt\/","name":"Tattu 1S 300mAh 3.8V 75C 1S Lipo Battery - BT2.0 (5pcs) - 1dronas.lt","isPartOf":{"@id":"https:\/\/1dronas.lt\/en\/#website"},"primaryImageOfPage":{"@id":"https:\/\/1dronas.lt\/en\/produktas\/akumuliatorius-tattu-1s-300mah-3-8v-75c-1s-lipo-bt2-0-5vnt\/#primaryimage"},"image":{"@id":"https:\/\/1dronas.lt\/en\/produktas\/akumuliatorius-tattu-1s-300mah-3-8v-75c-1s-lipo-bt2-0-5vnt\/#primaryimage"},"thumbnailUrl":"https:\/\/1dronas.lt\/wp-content\/uploads\/2025\/09\/03_1_4_1.webp","datePublished":"2025-09-24T12:25:08+00:00","dateModified":"2026-04-02T11:04:30+00:00","breadcrumb":{"@id":"https:\/\/1dronas.lt\/en\/produktas\/akumuliatorius-tattu-1s-300mah-3-8v-75c-1s-lipo-bt2-0-5vnt\/#breadcrumb"},"inLanguage":"en-US","potentialAction":[{"@type":"ReadAction","target":["https:\/\/1dronas.lt\/en\/produktas\/akumuliatorius-tattu-1s-300mah-3-8v-75c-1s-lipo-bt2-0-5vnt\/"]}]},{"@type":"ImageObject","inLanguage":"en-US","@id":"https:\/\/1dronas.lt\/en\/produktas\/akumuliatorius-tattu-1s-300mah-3-8v-75c-1s-lipo-bt2-0-5vnt\/#primaryimage","url":"https:\/\/1dronas.lt\/wp-content\/uploads\/2025\/09\/03_1_4_1.webp","contentUrl":"https:\/\/1dronas.lt\/wp-content\/uploads\/2025\/09\/03_1_4_1.webp","width":900,"height":900},{"@type":"BreadcrumbList","@id":"https:\/\/1dronas.lt\/en\/produktas\/akumuliatorius-tattu-1s-300mah-3-8v-75c-1s-lipo-bt2-0-5vnt\/#breadcrumb","itemListElement":[{"@type":"ListItem","position":1,"name":"Home","item":"https:\/\/1dronas.lt\/"},{"@type":"ListItem","position":2,"name":"Parduotuv\u0117","item":"https:\/\/1dronas.lt\/parduotuve\/"},{"@type":"ListItem","position":3,"name":"Akumuliatorius Tattu 1S 300mAh 3.8V 75C 1S Lipo &#8211; BT2.0 (5vnt)"}]},{"@type":"WebSite","@id":"https:\/\/1dronas.lt\/en\/#website","url":"https:\/\/1dronas.lt\/en\/","name":"1dronas.lt","description":"Online store","publisher":{"@id":"https:\/\/1dronas.lt\/en\/#organization"},"potentialAction":[{"@type":"SearchAction","target":{"@type":"EntryPoint","urlTemplate":"https:\/\/1dronas.lt\/en\/?s={search_term_string}"},"query-input":{"@type":"PropertyValueSpecification","valueRequired":true,"valueName":"search_term_string"}}],"inLanguage":"en-US"},{"@type":"Organization","@id":"https:\/\/1dronas.lt\/en\/#organization","name":"1dronas.lt","url":"https:\/\/1dronas.lt\/en\/","logo":{"@type":"ImageObject","inLanguage":"en-US","@id":"https:\/\/1dronas.lt\/en\/#\/schema\/logo\/image\/","url":"https:\/\/1dronas.lt\/wp-content\/uploads\/2020\/12\/Ekrano_kopija__2_-removebg-preview-1-1.png","contentUrl":"https:\/\/1dronas.lt\/wp-content\/uploads\/2020\/12\/Ekrano_kopija__2_-removebg-preview-1-1.png","width":234,"height":81,"caption":"1dronas.lt"},"image":{"@id":"https:\/\/1dronas.lt\/en\/#\/schema\/logo\/image\/"},"sameAs":["https:\/\/www.facebook.com\/1dronas\/"]}]}},"jetpack_sharing_enabled":true,"_links":{"self":[{"href":"https:\/\/1dronas.lt\/en\/wp-json\/wp\/v2\/product\/11712","targetHints":{"allow":["GET"]}}],"collection":[{"href":"https:\/\/1dronas.lt\/en\/wp-json\/wp\/v2\/product"}],"about":[{"href":"https:\/\/1dronas.lt\/en\/wp-json\/wp\/v2\/types\/product"}],"replies":[{"embeddable":true,"href":"https:\/\/1dronas.lt\/en\/wp-json\/wp\/v2\/comments?post=11712"}],"wp:featuredmedia":[{"embeddable":true,"href":"https:\/\/1dronas.lt\/en\/wp-json\/wp\/v2\/media\/11715"}],"wp:attachment":[{"href":"https:\/\/1dronas.lt\/en\/wp-json\/wp\/v2\/media?parent=11712"}],"wp:term":[{"taxonomy":"product_brand","embeddable":true,"href":"https:\/\/1dronas.lt\/en\/wp-json\/wp\/v2\/product_brand?post=11712"},{"taxonomy":"product_cat","embeddable":true,"href":"https:\/\/1dronas.lt\/en\/wp-json\/wp\/v2\/product_cat?post=11712"},{"taxonomy":"product_tag","embeddable":true,"href":"https:\/\/1dronas.lt\/en\/wp-json\/wp\/v2\/product_tag?post=11712"}],"curies":[{"name":"wp","href":"https:\/\/api.w.org\/{rel}","templated":true}]}}