{"id":11690,"date":"2025-09-24T13:01:55","date_gmt":"2025-09-24T10:01:55","guid":{"rendered":"https:\/\/1dronas.lt\/?post_type=product&#038;p=11690"},"modified":"2026-04-03T18:09:54","modified_gmt":"2026-04-03T15:09:54","slug":"akumuliatorius-tattu-650mah-7-6v-2s-95c-hv-lipo-xt30","status":"publish","type":"product","link":"https:\/\/1dronas.lt\/en\/produktas\/akumuliatorius-tattu-650mah-7-6v-2s-95c-hv-lipo-xt30\/","title":{"rendered":"Tattu 650mAh 7.6V 2S 95C HV LiPo Battery \u2013 XT30"},"content":{"rendered":"<p>Tattu 650mAh 7.6V 95C 2S HV LiPo battery with XT30 connector. 95C discharge capacity ensures sufficient power even under heavy loads.<\/p>\n<p><strong>Features:<\/strong><\/p>\n<p><strong>\u2022\u00a0<\/strong>Advanced manufacturing technology allows for 850 mAh capacity in an extremely compact body.<br \/>\n<strong>\u2022\u00a0<\/strong>High discharge rate and high energy density.<br \/>\n<strong>\u2022\u00a0<\/strong>Highest quality lithium polymer raw materials from Japan and South Korea.<\/p>\n<p><strong>Specifications:<\/strong><\/p>\n<p><strong>\u2022\u00a0<\/strong>Capacity: 650mAh;<br \/>\n<strong>\u2022<\/strong> Voltage: 4S1P \/ 7.6V \/ 2 cells;<br \/>\n<strong>\u2022\u00a0<\/strong>Discharge current: 95C;<br \/>\n<strong>\u2022\u00a0<\/strong>Weight: about 33g;<br \/>\n<strong>\u2022\u00a0<\/strong>Dimensions (\u00b15): 73 x 17 x 13mm;<br \/>\n<strong>\u2022\u00a0<\/strong>Charging connector: JST-XHR-3P;<br \/>\n<strong>\u2022\u00a0<\/strong>Discharge connector: XT30.<\/p>","protected":false},"excerpt":{"rendered":"<p><span style=\"color: #333333;\">The 95C discharge capacity allows for sufficient power to be maintained during heavy loads.<\/span><\/p>\n<p><span style=\"color: #333333;\"><strong><img loading=\"lazy\" decoding=\"async\" class=\"alignnone wp-image-1806 entered litespeed-loaded\" src=\"https:\/\/1dronas.lt\/wp-content\/uploads\/2021\/05\/delivery-icon.png.webp\" alt=\"\" width=\"24\" height=\"24\" data-lazyloaded=\"1\" data-src=\"https:\/\/1dronas.lt\/wp-content\/uploads\/2021\/05\/delivery-icon.png.webp\" data-ll-status=\"loaded\" srcset=\"https:\/\/1dronas.lt\/wp-content\/uploads\/2021\/05\/delivery-icon.png 35w, https:\/\/1dronas.lt\/wp-content\/uploads\/2021\/05\/delivery-icon-12x12.png 12w\" sizes=\"auto, (max-width: 24px) 100vw, 24px\" \/>\u00a0\u00a0\u00a0<span style=\"font-size: 90%;\">1 \u2013 2 days<\/span><\/strong><\/span><\/p>","protected":false},"featured_media":11691,"comment_status":"open","ping_status":"closed","template":"","meta":[],"product_brand":[706],"product_cat":[738],"product_tag":[138,406,818,720,710,239,980,817,558,707,93],"class_list":{"0":"post-11690","1":"product","2":"type-product","3":"status-publish","4":"has-post-thumbnail","6":"product_brand-tattu","7":"product_cat-2s-lipo-akumuliatoriai","8":"product_tag-2s","9":"product_tag-650-mah","10":"product_tag-7-6v","11":"product_tag-95c","12":"product_tag-akumuliatorius","13":"product_tag-baterija","14":"product_tag-black-friday","15":"product_tag-hv","16":"product_tag-lipo","17":"product_tag-tattu","18":"product_tag-xt30","20":"first","21":"instock","22":"taxable","23":"shipping-taxable","24":"purchasable","25":"product-type-simple"},"yoast_head":"<!-- This site is optimized with the Yoast SEO plugin v27.3 - https:\/\/yoast.com\/product\/yoast-seo-wordpress\/ -->\n<title>Akumuliatorius Tattu 650mAh 7.6V 2S 95C HV LiPo \u2013 XT30 - 1dronas.lt<\/title>\n<meta name=\"robots\" content=\"index, follow, max-snippet:-1, max-image-preview:large, max-video-preview:-1\" \/>\n<link rel=\"canonical\" href=\"https:\/\/1dronas.lt\/en\/produktas\/akumuliatorius-tattu-650mah-7-6v-2s-95c-hv-lipo-xt30\/\" \/>\n<meta property=\"og:locale\" content=\"en_US\" \/>\n<meta property=\"og:type\" content=\"article\" \/>\n<meta property=\"og:title\" content=\"Akumuliatorius Tattu 650mAh 7.6V 2S 95C HV LiPo \u2013 XT30 - 1dronas.lt\" \/>\n<meta property=\"og:description\" content=\"95C i\u0161krovos paj\u0117gumas leid\u017eia i\u0161laikyti pakankam\u0105 gali\u0105 dideli\u0173 apkrov\u0173 metu.  \u00a0\u00a0\u00a01 \u2013 2 d. d.\" \/>\n<meta property=\"og:url\" content=\"https:\/\/1dronas.lt\/en\/produktas\/akumuliatorius-tattu-650mah-7-6v-2s-95c-hv-lipo-xt30\/\" \/>\n<meta property=\"og:site_name\" content=\"1dronas.lt\" \/>\n<meta property=\"article:publisher\" content=\"https:\/\/www.facebook.com\/1dronas\/\" \/>\n<meta property=\"article:modified_time\" content=\"2026-04-03T15:09:54+00:00\" \/>\n<meta property=\"og:image\" content=\"https:\/\/1dronas.lt\/wp-content\/uploads\/2025\/09\/2__58530.webp\" \/>\n\t<meta property=\"og:image:width\" content=\"900\" \/>\n\t<meta property=\"og:image:height\" content=\"900\" \/>\n\t<meta property=\"og:image:type\" content=\"image\/webp\" \/>\n<meta name=\"twitter:card\" content=\"summary_large_image\" \/>\n<meta name=\"twitter:label1\" content=\"Est. reading time\" \/>\n\t<meta name=\"twitter:data1\" content=\"1 minute\" \/>\n<script type=\"application\/ld+json\" class=\"yoast-schema-graph\">{\"@context\":\"https:\\\/\\\/schema.org\",\"@graph\":[{\"@type\":\"WebPage\",\"@id\":\"https:\\\/\\\/1dronas.lt\\\/en\\\/produktas\\\/akumuliatorius-tattu-650mah-7-6v-2s-95c-hv-lipo-xt30\\\/\",\"url\":\"https:\\\/\\\/1dronas.lt\\\/en\\\/produktas\\\/akumuliatorius-tattu-650mah-7-6v-2s-95c-hv-lipo-xt30\\\/\",\"name\":\"Akumuliatorius Tattu 650mAh 7.6V 2S 95C HV LiPo \u2013 XT30 - 1dronas.lt\",\"isPartOf\":{\"@id\":\"https:\\\/\\\/1dronas.lt\\\/en\\\/#website\"},\"primaryImageOfPage\":{\"@id\":\"https:\\\/\\\/1dronas.lt\\\/en\\\/produktas\\\/akumuliatorius-tattu-650mah-7-6v-2s-95c-hv-lipo-xt30\\\/#primaryimage\"},\"image\":{\"@id\":\"https:\\\/\\\/1dronas.lt\\\/en\\\/produktas\\\/akumuliatorius-tattu-650mah-7-6v-2s-95c-hv-lipo-xt30\\\/#primaryimage\"},\"thumbnailUrl\":\"https:\\\/\\\/1dronas.lt\\\/wp-content\\\/uploads\\\/2025\\\/09\\\/2__58530.webp\",\"datePublished\":\"2025-09-24T10:01:55+00:00\",\"dateModified\":\"2026-04-03T15:09:54+00:00\",\"breadcrumb\":{\"@id\":\"https:\\\/\\\/1dronas.lt\\\/en\\\/produktas\\\/akumuliatorius-tattu-650mah-7-6v-2s-95c-hv-lipo-xt30\\\/#breadcrumb\"},\"inLanguage\":\"en-US\",\"potentialAction\":[{\"@type\":\"ReadAction\",\"target\":[\"https:\\\/\\\/1dronas.lt\\\/en\\\/produktas\\\/akumuliatorius-tattu-650mah-7-6v-2s-95c-hv-lipo-xt30\\\/\"]}]},{\"@type\":\"ImageObject\",\"inLanguage\":\"en-US\",\"@id\":\"https:\\\/\\\/1dronas.lt\\\/en\\\/produktas\\\/akumuliatorius-tattu-650mah-7-6v-2s-95c-hv-lipo-xt30\\\/#primaryimage\",\"url\":\"https:\\\/\\\/1dronas.lt\\\/wp-content\\\/uploads\\\/2025\\\/09\\\/2__58530.webp\",\"contentUrl\":\"https:\\\/\\\/1dronas.lt\\\/wp-content\\\/uploads\\\/2025\\\/09\\\/2__58530.webp\",\"width\":900,\"height\":900},{\"@type\":\"BreadcrumbList\",\"@id\":\"https:\\\/\\\/1dronas.lt\\\/en\\\/produktas\\\/akumuliatorius-tattu-650mah-7-6v-2s-95c-hv-lipo-xt30\\\/#breadcrumb\",\"itemListElement\":[{\"@type\":\"ListItem\",\"position\":1,\"name\":\"Home\",\"item\":\"https:\\\/\\\/1dronas.lt\\\/\"},{\"@type\":\"ListItem\",\"position\":2,\"name\":\"Parduotuv\u0117\",\"item\":\"https:\\\/\\\/1dronas.lt\\\/parduotuve\\\/\"},{\"@type\":\"ListItem\",\"position\":3,\"name\":\"Akumuliatorius Tattu 650mAh 7.6V 2S 95C HV LiPo \u2013 XT30\"}]},{\"@type\":\"WebSite\",\"@id\":\"https:\\\/\\\/1dronas.lt\\\/en\\\/#website\",\"url\":\"https:\\\/\\\/1dronas.lt\\\/en\\\/\",\"name\":\"1dronas.lt\",\"description\":\"Internetin\u0117 parduotuv\u0117\",\"publisher\":{\"@id\":\"https:\\\/\\\/1dronas.lt\\\/en\\\/#organization\"},\"potentialAction\":[{\"@type\":\"SearchAction\",\"target\":{\"@type\":\"EntryPoint\",\"urlTemplate\":\"https:\\\/\\\/1dronas.lt\\\/en\\\/?s={search_term_string}\"},\"query-input\":{\"@type\":\"PropertyValueSpecification\",\"valueRequired\":true,\"valueName\":\"search_term_string\"}}],\"inLanguage\":\"en-US\"},{\"@type\":\"Organization\",\"@id\":\"https:\\\/\\\/1dronas.lt\\\/en\\\/#organization\",\"name\":\"1dronas.lt\",\"url\":\"https:\\\/\\\/1dronas.lt\\\/en\\\/\",\"logo\":{\"@type\":\"ImageObject\",\"inLanguage\":\"en-US\",\"@id\":\"https:\\\/\\\/1dronas.lt\\\/en\\\/#\\\/schema\\\/logo\\\/image\\\/\",\"url\":\"https:\\\/\\\/1dronas.lt\\\/wp-content\\\/uploads\\\/2020\\\/12\\\/Ekrano_kopija__2_-removebg-preview-1-1.png\",\"contentUrl\":\"https:\\\/\\\/1dronas.lt\\\/wp-content\\\/uploads\\\/2020\\\/12\\\/Ekrano_kopija__2_-removebg-preview-1-1.png\",\"width\":234,\"height\":81,\"caption\":\"1dronas.lt\"},\"image\":{\"@id\":\"https:\\\/\\\/1dronas.lt\\\/en\\\/#\\\/schema\\\/logo\\\/image\\\/\"},\"sameAs\":[\"https:\\\/\\\/www.facebook.com\\\/1dronas\\\/\"]}]}<\/script>\n<!-- \/ Yoast SEO plugin. -->","yoast_head_json":{"title":"Battery Tattu 650mAh 7.6V 2S 95C HV LiPo \u2013 XT30 - 1dronas.lt","robots":{"index":"index","follow":"follow","max-snippet":"max-snippet:-1","max-image-preview":"max-image-preview:large","max-video-preview":"max-video-preview:-1"},"canonical":"https:\/\/1dronas.lt\/en\/produktas\/akumuliatorius-tattu-650mah-7-6v-2s-95c-hv-lipo-xt30\/","og_locale":"en_US","og_type":"article","og_title":"Akumuliatorius Tattu 650mAh 7.6V 2S 95C HV LiPo \u2013 XT30 - 1dronas.lt","og_description":"95C i\u0161krovos paj\u0117gumas leid\u017eia i\u0161laikyti pakankam\u0105 gali\u0105 dideli\u0173 apkrov\u0173 metu.  \u00a0\u00a0\u00a01 \u2013 2 d. d.","og_url":"https:\/\/1dronas.lt\/en\/produktas\/akumuliatorius-tattu-650mah-7-6v-2s-95c-hv-lipo-xt30\/","og_site_name":"1dronas.lt","article_publisher":"https:\/\/www.facebook.com\/1dronas\/","article_modified_time":"2026-04-03T15:09:54+00:00","og_image":[{"width":900,"height":900,"url":"https:\/\/1dronas.lt\/wp-content\/uploads\/2025\/09\/2__58530.webp","type":"image\/webp"}],"twitter_card":"summary_large_image","twitter_misc":{"Est. reading time":"1 minute"},"schema":{"@context":"https:\/\/schema.org","@graph":[{"@type":"WebPage","@id":"https:\/\/1dronas.lt\/en\/produktas\/akumuliatorius-tattu-650mah-7-6v-2s-95c-hv-lipo-xt30\/","url":"https:\/\/1dronas.lt\/en\/produktas\/akumuliatorius-tattu-650mah-7-6v-2s-95c-hv-lipo-xt30\/","name":"Battery Tattu 650mAh 7.6V 2S 95C HV LiPo \u2013 XT30 - 1dronas.lt","isPartOf":{"@id":"https:\/\/1dronas.lt\/en\/#website"},"primaryImageOfPage":{"@id":"https:\/\/1dronas.lt\/en\/produktas\/akumuliatorius-tattu-650mah-7-6v-2s-95c-hv-lipo-xt30\/#primaryimage"},"image":{"@id":"https:\/\/1dronas.lt\/en\/produktas\/akumuliatorius-tattu-650mah-7-6v-2s-95c-hv-lipo-xt30\/#primaryimage"},"thumbnailUrl":"https:\/\/1dronas.lt\/wp-content\/uploads\/2025\/09\/2__58530.webp","datePublished":"2025-09-24T10:01:55+00:00","dateModified":"2026-04-03T15:09:54+00:00","breadcrumb":{"@id":"https:\/\/1dronas.lt\/en\/produktas\/akumuliatorius-tattu-650mah-7-6v-2s-95c-hv-lipo-xt30\/#breadcrumb"},"inLanguage":"en-US","potentialAction":[{"@type":"ReadAction","target":["https:\/\/1dronas.lt\/en\/produktas\/akumuliatorius-tattu-650mah-7-6v-2s-95c-hv-lipo-xt30\/"]}]},{"@type":"ImageObject","inLanguage":"en-US","@id":"https:\/\/1dronas.lt\/en\/produktas\/akumuliatorius-tattu-650mah-7-6v-2s-95c-hv-lipo-xt30\/#primaryimage","url":"https:\/\/1dronas.lt\/wp-content\/uploads\/2025\/09\/2__58530.webp","contentUrl":"https:\/\/1dronas.lt\/wp-content\/uploads\/2025\/09\/2__58530.webp","width":900,"height":900},{"@type":"BreadcrumbList","@id":"https:\/\/1dronas.lt\/en\/produktas\/akumuliatorius-tattu-650mah-7-6v-2s-95c-hv-lipo-xt30\/#breadcrumb","itemListElement":[{"@type":"ListItem","position":1,"name":"Home","item":"https:\/\/1dronas.lt\/"},{"@type":"ListItem","position":2,"name":"Parduotuv\u0117","item":"https:\/\/1dronas.lt\/parduotuve\/"},{"@type":"ListItem","position":3,"name":"Akumuliatorius Tattu 650mAh 7.6V 2S 95C HV LiPo \u2013 XT30"}]},{"@type":"WebSite","@id":"https:\/\/1dronas.lt\/en\/#website","url":"https:\/\/1dronas.lt\/en\/","name":"1dronas.lt","description":"Online store","publisher":{"@id":"https:\/\/1dronas.lt\/en\/#organization"},"potentialAction":[{"@type":"SearchAction","target":{"@type":"EntryPoint","urlTemplate":"https:\/\/1dronas.lt\/en\/?s={search_term_string}"},"query-input":{"@type":"PropertyValueSpecification","valueRequired":true,"valueName":"search_term_string"}}],"inLanguage":"en-US"},{"@type":"Organization","@id":"https:\/\/1dronas.lt\/en\/#organization","name":"1dronas.lt","url":"https:\/\/1dronas.lt\/en\/","logo":{"@type":"ImageObject","inLanguage":"en-US","@id":"https:\/\/1dronas.lt\/en\/#\/schema\/logo\/image\/","url":"https:\/\/1dronas.lt\/wp-content\/uploads\/2020\/12\/Ekrano_kopija__2_-removebg-preview-1-1.png","contentUrl":"https:\/\/1dronas.lt\/wp-content\/uploads\/2020\/12\/Ekrano_kopija__2_-removebg-preview-1-1.png","width":234,"height":81,"caption":"1dronas.lt"},"image":{"@id":"https:\/\/1dronas.lt\/en\/#\/schema\/logo\/image\/"},"sameAs":["https:\/\/www.facebook.com\/1dronas\/"]}]}},"jetpack_sharing_enabled":true,"_links":{"self":[{"href":"https:\/\/1dronas.lt\/en\/wp-json\/wp\/v2\/product\/11690","targetHints":{"allow":["GET"]}}],"collection":[{"href":"https:\/\/1dronas.lt\/en\/wp-json\/wp\/v2\/product"}],"about":[{"href":"https:\/\/1dronas.lt\/en\/wp-json\/wp\/v2\/types\/product"}],"replies":[{"embeddable":true,"href":"https:\/\/1dronas.lt\/en\/wp-json\/wp\/v2\/comments?post=11690"}],"wp:featuredmedia":[{"embeddable":true,"href":"https:\/\/1dronas.lt\/en\/wp-json\/wp\/v2\/media\/11691"}],"wp:attachment":[{"href":"https:\/\/1dronas.lt\/en\/wp-json\/wp\/v2\/media?parent=11690"}],"wp:term":[{"taxonomy":"product_brand","embeddable":true,"href":"https:\/\/1dronas.lt\/en\/wp-json\/wp\/v2\/product_brand?post=11690"},{"taxonomy":"product_cat","embeddable":true,"href":"https:\/\/1dronas.lt\/en\/wp-json\/wp\/v2\/product_cat?post=11690"},{"taxonomy":"product_tag","embeddable":true,"href":"https:\/\/1dronas.lt\/en\/wp-json\/wp\/v2\/product_tag?post=11690"}],"curies":[{"name":"wp","href":"https:\/\/api.w.org\/{rel}","templated":true}]}}