{"id":11601,"date":"2025-09-16T21:04:31","date_gmt":"2025-09-16T18:04:31","guid":{"rendered":"https:\/\/1dronas.lt\/?post_type=product&#038;p=11601"},"modified":"2026-02-24T12:51:52","modified_gmt":"2026-02-24T10:51:52","slug":"betafpv-superx-elrs-gemini-xross-receiver","status":"publish","type":"product","link":"https:\/\/1dronas.lt\/en\/produktas\/betafpv-superx-elrs-gemini-xross-receiver\/","title":{"rendered":"BETAFPV SuperX ELRS Gemini Xross Receiver Nano\/Mono"},"content":{"rendered":"<p>Powered by Semtech LR1121 RF chip and Espressif ESP32-C3, SuperX introduces the first BETAFPV Gemini Xrossband receiver, operating both 900M (868\/915 MHz) and 2.4G frequency bands via LoRa and ultra-fast 1000 Hz FSK mode. Overcome all obstacles and long distances with unwavering signal reliability where all RXs lose connection.<\/p>\n<p><img loading=\"lazy\" decoding=\"async\" class=\"alignnone wp-image-11615 size-full\" src=\"https:\/\/1dronas.lt\/wp-content\/uploads\/2025\/09\/SuperX_ELRS_Gemini_Xross_Receiver_-_Dual-band_Freedom_scaled_for_performance-min.jpg\" alt=\"\" width=\"1600\" height=\"900\" srcset=\"https:\/\/1dronas.lt\/wp-content\/uploads\/2025\/09\/SuperX_ELRS_Gemini_Xross_Receiver_-_Dual-band_Freedom_scaled_for_performance-min.jpg 1600w, https:\/\/1dronas.lt\/wp-content\/uploads\/2025\/09\/SuperX_ELRS_Gemini_Xross_Receiver_-_Dual-band_Freedom_scaled_for_performance-min-300x169.jpg 300w, https:\/\/1dronas.lt\/wp-content\/uploads\/2025\/09\/SuperX_ELRS_Gemini_Xross_Receiver_-_Dual-band_Freedom_scaled_for_performance-min-1024x576.jpg 1024w, https:\/\/1dronas.lt\/wp-content\/uploads\/2025\/09\/SuperX_ELRS_Gemini_Xross_Receiver_-_Dual-band_Freedom_scaled_for_performance-min-768x432.jpg 768w, https:\/\/1dronas.lt\/wp-content\/uploads\/2025\/09\/SuperX_ELRS_Gemini_Xross_Receiver_-_Dual-band_Freedom_scaled_for_performance-min-1536x864.jpg 1536w, https:\/\/1dronas.lt\/wp-content\/uploads\/2025\/09\/SuperX_ELRS_Gemini_Xross_Receiver_-_Dual-band_Freedom_scaled_for_performance-min-18x10.jpg 18w, https:\/\/1dronas.lt\/wp-content\/uploads\/2025\/09\/SuperX_ELRS_Gemini_Xross_Receiver_-_Dual-band_Freedom_scaled_for_performance-min-510x287.jpg 510w\" sizes=\"auto, (max-width: 1600px) 100vw, 1600px\" \/><\/p>\n<p data-start=\"2\" data-end=\"53\">Powered by two Semtech LR1121 chips, the SuperX Nano receiver delivers unmatched signal reliability with three modes: 900M Gemini (long range bandwidth), 2.4G Gemini (ultra-low latency), and 900M+2.4G GemX (simultaneous operation). The included dual-band T-type antennas eliminate the hassle of frequency switching, while advanced diversity processing technology ensures exceptional stability in RF interference-laden environments. Built for mission-critical applications, it is the ultimate solution for competitive racers, long-range explorers, and professional aerial photographers who demand uncompromising performance.<\/p>\n<p data-start=\"2\" data-end=\"53\"><img loading=\"lazy\" decoding=\"async\" class=\"alignnone wp-image-11607 size-full\" src=\"https:\/\/1dronas.lt\/wp-content\/uploads\/2025\/09\/SuperX_Nano_Receiver_-_dual-band-min.jpg\" alt=\"\" width=\"1600\" height=\"900\" srcset=\"https:\/\/1dronas.lt\/wp-content\/uploads\/2025\/09\/SuperX_Nano_Receiver_-_dual-band-min.jpg 1600w, https:\/\/1dronas.lt\/wp-content\/uploads\/2025\/09\/SuperX_Nano_Receiver_-_dual-band-min-300x169.jpg 300w, https:\/\/1dronas.lt\/wp-content\/uploads\/2025\/09\/SuperX_Nano_Receiver_-_dual-band-min-1024x576.jpg 1024w, https:\/\/1dronas.lt\/wp-content\/uploads\/2025\/09\/SuperX_Nano_Receiver_-_dual-band-min-768x432.jpg 768w, https:\/\/1dronas.lt\/wp-content\/uploads\/2025\/09\/SuperX_Nano_Receiver_-_dual-band-min-1536x864.jpg 1536w, https:\/\/1dronas.lt\/wp-content\/uploads\/2025\/09\/SuperX_Nano_Receiver_-_dual-band-min-18x10.jpg 18w, https:\/\/1dronas.lt\/wp-content\/uploads\/2025\/09\/SuperX_Nano_Receiver_-_dual-band-min-510x287.jpg 510w\" sizes=\"auto, (max-width: 1600px) 100vw, 1600px\" \/><\/p>\n<p data-start=\"2\" data-end=\"53\"><strong>Features:<\/strong><\/p>\n<p data-start=\"2\" data-end=\"53\">\u2022 Semtech LR1121 RF chips + Espressif ESP32-C3;<br \/>\n\u2022 LoRa and lightning fast 1000 Hz FSK modes;<br \/>\n\u2022 Supports 900M Gemini, 2.4G Gemini, 900M+2.4G GemX;<br \/>\n\u2022 SuperX Nano: Dual-band mastery in RF-interference-ridden environments;<br \/>\n\u2022 Compatible with Micro \/ Micro V2 \/ Nano V2 \/ SuperG TX modules;<br \/>\n\u2022 Compact and lightweight.<\/p>\n<p data-start=\"2\" data-end=\"53\"><strong>Specification:<\/strong><\/p>\n<p data-start=\"56\" data-end=\"75\">\u2022 MCU: ESP32-C3;<br data-start=\"62\" data-end=\"65\" \/>\u2022 Telemetry power: 20 dBm;<br data-start=\"91\" data-end=\"94\" \/>\u2022 Input voltage: 5V;<br data-start=\"113\" data-end=\"116\" \/>\u2022 Protocols: CRSF, SBUS, SUMD, DJI RS2 Pro, MAVLink;<br data-start=\"166\" data-end=\"169\" \/>\u2022 RF chip: Single LR1121 (Mono) \/ Dual LR1121 (Nano);<br data-start=\"221\" data-end=\"224\" \/>\u2022 Reception mode: Single (Mono) \/ Diversity\/Gemini (Nano);<br data-start=\"281\" data-end=\"284\" \/>\u2022 Frequency band: 900M\/2.4G (Mono) \/ 900M+2.4G (Nano);<br data-start=\"334\" data-end=\"337\" \/>\u2022 Antenna connector: IPEX MHF1 x1 (Mono) \/ IPEX MHF1 x2 (Nano);<br data-start=\"395\" data-end=\"398\" \/>\u2022 Weight: 0.82 g (Mono) \/ 1.45 g (Nano);<br data-start=\"435\" data-end=\"438\" \/>\u2022 Dimensions: 12.3 x 18.6 mm (Mono) \/ 16.3 x 21.4 mm (Nano);<br data-start=\"493\" data-end=\"496\" \/>\u2022 LUA name: BFPV SuperX Mon (Mono) \/ BFPV SuperX Nan (Nano);<br data-start=\"560\" data-end=\"563\" \/>\u2022 Recommended: for 2\u201d\u20135\u201d drones (racing, freestyle, long-range) (Mono) \/ 5\u201d+ drones (freestyle, photography, long-range) (Nano).<\/p>\n<p data-start=\"56\" data-end=\"75\"><strong>SuperX NANO Diagram<\/strong><\/p>\n<p data-start=\"56\" data-end=\"75\"><img loading=\"lazy\" decoding=\"async\" class=\"alignnone wp-image-11609 size-full\" src=\"https:\/\/1dronas.lt\/wp-content\/uploads\/2025\/09\/SuperX_Nano_Receiver_diagram_600x600-min.jpg\" alt=\"\" width=\"600\" height=\"600\" srcset=\"https:\/\/1dronas.lt\/wp-content\/uploads\/2025\/09\/SuperX_Nano_Receiver_diagram_600x600-min.jpg 600w, https:\/\/1dronas.lt\/wp-content\/uploads\/2025\/09\/SuperX_Nano_Receiver_diagram_600x600-min-300x300.jpg 300w, https:\/\/1dronas.lt\/wp-content\/uploads\/2025\/09\/SuperX_Nano_Receiver_diagram_600x600-min-150x150.jpg 150w, https:\/\/1dronas.lt\/wp-content\/uploads\/2025\/09\/SuperX_Nano_Receiver_diagram_600x600-min-12x12.jpg 12w, https:\/\/1dronas.lt\/wp-content\/uploads\/2025\/09\/SuperX_Nano_Receiver_diagram_600x600-min-247x247.jpg 247w, https:\/\/1dronas.lt\/wp-content\/uploads\/2025\/09\/SuperX_Nano_Receiver_diagram_600x600-min-510x510.jpg 510w, https:\/\/1dronas.lt\/wp-content\/uploads\/2025\/09\/SuperX_Nano_Receiver_diagram_600x600-min-100x100.jpg 100w\" sizes=\"auto, (max-width: 600px) 100vw, 600px\" \/><\/p>\n<p data-start=\"56\" data-end=\"75\"><strong>SuperX MONO Diagram<\/strong><\/p>\n<p data-start=\"56\" data-end=\"75\"><img loading=\"lazy\" decoding=\"async\" class=\"alignnone wp-image-13238 size-full\" src=\"https:\/\/1dronas.lt\/wp-content\/uploads\/2025\/09\/SuperX_Mono_Receiver_diagram_600x600-min.jpg\" alt=\"\" width=\"600\" height=\"600\" srcset=\"https:\/\/1dronas.lt\/wp-content\/uploads\/2025\/09\/SuperX_Mono_Receiver_diagram_600x600-min.jpg 600w, https:\/\/1dronas.lt\/wp-content\/uploads\/2025\/09\/SuperX_Mono_Receiver_diagram_600x600-min-300x300.jpg 300w, https:\/\/1dronas.lt\/wp-content\/uploads\/2025\/09\/SuperX_Mono_Receiver_diagram_600x600-min-150x150.jpg 150w, https:\/\/1dronas.lt\/wp-content\/uploads\/2025\/09\/SuperX_Mono_Receiver_diagram_600x600-min-12x12.jpg 12w, https:\/\/1dronas.lt\/wp-content\/uploads\/2025\/09\/SuperX_Mono_Receiver_diagram_600x600-min-247x247.jpg 247w, https:\/\/1dronas.lt\/wp-content\/uploads\/2025\/09\/SuperX_Mono_Receiver_diagram_600x600-min-510x510.jpg 510w, https:\/\/1dronas.lt\/wp-content\/uploads\/2025\/09\/SuperX_Mono_Receiver_diagram_600x600-min-100x100.jpg 100w\" sizes=\"auto, (max-width: 600px) 100vw, 600px\" \/><\/p>\n<p data-start=\"56\" data-end=\"75\">The SuperX receiver currently supports CRSF\/SBUS\/SUMD protocols. The following is an example of how to configure the CRSF protocol to connect to a Betaflight firmware flight controller.<\/p>\n<p data-start=\"56\" data-end=\"75\">Wiring diagram:<\/p>\n<p data-start=\"56\" data-end=\"75\"><img loading=\"lazy\" decoding=\"async\" class=\"alignnone wp-image-11606 size-full\" src=\"https:\/\/1dronas.lt\/wp-content\/uploads\/2025\/09\/SuperX_ELRS_Gemini_Xross_Receiver_wiring_diagram_600x600-min.jpeg\" alt=\"\" width=\"600\" height=\"167\" srcset=\"https:\/\/1dronas.lt\/wp-content\/uploads\/2025\/09\/SuperX_ELRS_Gemini_Xross_Receiver_wiring_diagram_600x600-min.jpeg 600w, https:\/\/1dronas.lt\/wp-content\/uploads\/2025\/09\/SuperX_ELRS_Gemini_Xross_Receiver_wiring_diagram_600x600-min-300x84.jpeg 300w, https:\/\/1dronas.lt\/wp-content\/uploads\/2025\/09\/SuperX_ELRS_Gemini_Xross_Receiver_wiring_diagram_600x600-min-18x5.jpeg 18w, https:\/\/1dronas.lt\/wp-content\/uploads\/2025\/09\/SuperX_ELRS_Gemini_Xross_Receiver_wiring_diagram_600x600-min-510x142.jpeg 510w\" sizes=\"auto, (max-width: 600px) 100vw, 600px\" \/><\/p>\n<p data-start=\"56\" data-end=\"75\">JST SH connector pin configuration:<\/p>\n<p data-start=\"56\" data-end=\"75\"><img loading=\"lazy\" decoding=\"async\" class=\"alignnone wp-image-11605 size-full\" src=\"https:\/\/1dronas.lt\/wp-content\/uploads\/2025\/09\/SuperX_ELRS_Gemini_Xross_Receiver_JST_SH_connection_diagram_600x600-min.jpeg\" alt=\"\" width=\"600\" height=\"159\" srcset=\"https:\/\/1dronas.lt\/wp-content\/uploads\/2025\/09\/SuperX_ELRS_Gemini_Xross_Receiver_JST_SH_connection_diagram_600x600-min.jpeg 600w, https:\/\/1dronas.lt\/wp-content\/uploads\/2025\/09\/SuperX_ELRS_Gemini_Xross_Receiver_JST_SH_connection_diagram_600x600-min-300x80.jpeg 300w, https:\/\/1dronas.lt\/wp-content\/uploads\/2025\/09\/SuperX_ELRS_Gemini_Xross_Receiver_JST_SH_connection_diagram_600x600-min-18x5.jpeg 18w, https:\/\/1dronas.lt\/wp-content\/uploads\/2025\/09\/SuperX_ELRS_Gemini_Xross_Receiver_JST_SH_connection_diagram_600x600-min-510x135.jpeg 510w\" sizes=\"auto, (max-width: 600px) 100vw, 600px\" \/><\/p>\n<p data-start=\"56\" data-end=\"75\"><span style=\"color: #ed1c24;\"><em>Betaflight and ExpressLRS use different pin configurations for the JST SH connector. In the case of Betaflight, the order is 5V (V+), GND, RX, TX, while in the case of ExpressLRS, the order is GND, 5V (V+), TX, RX. When using jumper cables for connection, it is necessary to check their order.<\/em><\/span><\/p>\n<p data-start=\"0\" data-end=\"224\">Connect the flight controller to the Betaflight Configurator for basic configuration. First, in the Port section, enable the flight controller&#039;s serial port, for example UART1, as Serial Rx.<\/p>\n<p data-start=\"0\" data-end=\"224\"><img loading=\"lazy\" decoding=\"async\" class=\"alignnone wp-image-11602 size-full\" src=\"https:\/\/1dronas.lt\/wp-content\/uploads\/2025\/09\/02116845-f957-4edc-9cf9-20839bf0d7d6_480x480-min.jpeg\" alt=\"\" width=\"363\" height=\"138\" srcset=\"https:\/\/1dronas.lt\/wp-content\/uploads\/2025\/09\/02116845-f957-4edc-9cf9-20839bf0d7d6_480x480-min.jpeg 363w, https:\/\/1dronas.lt\/wp-content\/uploads\/2025\/09\/02116845-f957-4edc-9cf9-20839bf0d7d6_480x480-min-300x114.jpeg 300w, https:\/\/1dronas.lt\/wp-content\/uploads\/2025\/09\/02116845-f957-4edc-9cf9-20839bf0d7d6_480x480-min-18x7.jpeg 18w\" sizes=\"auto, (max-width: 363px) 100vw, 363px\" \/><\/p>\n<p data-start=\"226\" data-end=\"350\">In the Configuration section, set Receiver Mode to <em data-start=\"287\" data-end=\"306\">Serial (via UART)<\/em> and Serial Receiver Provider to <em data-start=\"341\" data-end=\"347\">CRSF<\/em>.<\/p>\n<p data-start=\"226\" data-end=\"350\"><strong>Pairing (Bind)<\/strong><\/p>\n<p data-start=\"378\" data-end=\"693\">The SuperX receiver uses the official ExpressLRS V3.x protocol by default without a predefined binding phase. For the device to work properly, please make sure that the transmitter module also uses ExpressLRS V3.x or later firmware without a predefined phase.<\/p>\n<p data-start=\"695\" data-end=\"1113\">The receiver must be turned off and on three times every 1 second or press and hold the BOOT button for 2 seconds to enter pairing mode.<br data-start=\"851\" data-end=\"854\" \/>The RGB indicator flashes orange twice, indicating that the receiver is in bind mode.<br data-start=\"949\" data-end=\"952\" \/>Configure the remote control or transmitter module to pair with the receiver. If the RGB indicator is solid, pairing is complete!<\/p>\n<p data-start=\"695\" data-end=\"1113\"><strong>Notes:<\/strong><\/p>\n<p data-start=\"695\" data-end=\"1113\">\u2022 After the first pairing, the receiver automatically saves the phase and device. Later, when the device is restarted, pairing will occur automatically, without the need for a repeated procedure;<br \/>\n\u2022 If you have written new software to the SuperX and set the pairing phase, pairing using the above method will no longer be possible. In this case, it is necessary to set the same phase in the transmitter module, and the receiver will automatically connect to the device;<br \/>\n\u2022 It is recommended to place the antennas as far apart as possible to ensure better reception.<\/p>\n<p data-start=\"56\" data-end=\"75\"><strong>SuperX Nano Package:<\/strong><\/p>\n<p data-start=\"56\" data-end=\"75\">1x SuperX Nano receiver;<br \/>\n2x dual-band T-type antennas;<br \/>\n1x SH1.0 connector (double-sided);<br \/>\n2x heat shrink tubing;<br \/>\n1x user manual.<\/p>\n<p data-start=\"56\" data-end=\"75\"><img loading=\"lazy\" decoding=\"async\" class=\"alignnone wp-image-11611 size-full\" src=\"https:\/\/1dronas.lt\/wp-content\/uploads\/2025\/09\/SuperX_Nano_Receiver_package_600x600-min.jpg\" alt=\"\" width=\"600\" height=\"492\" srcset=\"https:\/\/1dronas.lt\/wp-content\/uploads\/2025\/09\/SuperX_Nano_Receiver_package_600x600-min.jpg 600w, https:\/\/1dronas.lt\/wp-content\/uploads\/2025\/09\/SuperX_Nano_Receiver_package_600x600-min-300x246.jpg 300w, https:\/\/1dronas.lt\/wp-content\/uploads\/2025\/09\/SuperX_Nano_Receiver_package_600x600-min-15x12.jpg 15w, https:\/\/1dronas.lt\/wp-content\/uploads\/2025\/09\/SuperX_Nano_Receiver_package_600x600-min-510x418.jpg 510w\" sizes=\"auto, (max-width: 600px) 100vw, 600px\" \/><\/p>\n<p data-start=\"56\" data-end=\"75\"><strong>SuperX Mono Package:<\/strong><\/p>\n<p data-start=\"56\" data-end=\"75\">1x SuperX Mono receiver;<br \/>\n1x dual-band T-type antenna;<br \/>\n1x SH1.0 connector (double-sided);<br \/>\n2x heat shrink tubing;<br \/>\n1x user manual.<\/p>\n<p data-start=\"56\" data-end=\"75\"><img loading=\"lazy\" decoding=\"async\" class=\"alignnone wp-image-13242 size-full\" src=\"https:\/\/1dronas.lt\/wp-content\/uploads\/2025\/09\/SuperX_Mono_Receiver_package_600x600-min.jpg\" alt=\"\" width=\"600\" height=\"492\" srcset=\"https:\/\/1dronas.lt\/wp-content\/uploads\/2025\/09\/SuperX_Mono_Receiver_package_600x600-min.jpg 600w, https:\/\/1dronas.lt\/wp-content\/uploads\/2025\/09\/SuperX_Mono_Receiver_package_600x600-min-300x246.jpg 300w, https:\/\/1dronas.lt\/wp-content\/uploads\/2025\/09\/SuperX_Mono_Receiver_package_600x600-min-15x12.jpg 15w, https:\/\/1dronas.lt\/wp-content\/uploads\/2025\/09\/SuperX_Mono_Receiver_package_600x600-min-510x418.jpg 510w\" sizes=\"auto, (max-width: 600px) 100vw, 600px\" \/><\/p>","protected":false},"excerpt":{"rendered":"<p><span style=\"color: #000000;\">Overcome all obstacles and long distances with unwavering signal reliability where all RXs lose connection.<\/span><\/p>\n<p><span style=\"color: #000000;\"><strong><img loading=\"lazy\" decoding=\"async\" class=\"alignnone wp-image-1806\" src=\"https:\/\/1dronas.lt\/wp-content\/uploads\/2021\/05\/delivery-icon.png\" alt=\"\" width=\"24\" height=\"24\" srcset=\"https:\/\/1dronas.lt\/wp-content\/uploads\/2021\/05\/delivery-icon.png 35w, https:\/\/1dronas.lt\/wp-content\/uploads\/2021\/05\/delivery-icon-12x12.png 12w\" sizes=\"auto, (max-width: 24px) 100vw, 24px\" \/> \u00a0\u00a01 \u2013 2 days<\/strong><\/span><\/p>","protected":false},"featured_media":11610,"comment_status":"open","ping_status":"closed","template":"","meta":[],"product_brand":[489],"product_cat":[682],"product_tag":[69,176,816,567],"class_list":{"0":"post-11601","1":"product","2":"type-product","3":"status-publish","4":"has-post-thumbnail","6":"product_brand-betafpv","7":"product_cat-imtuvai-rx","8":"product_tag-betafpv","9":"product_tag-elrs","10":"product_tag-superx","11":"product_tag-xross-gemini","13":"first","14":"instock","15":"taxable","16":"shipping-taxable","17":"purchasable","18":"product-type-variable","19":"has-default-attributes"},"yoast_head":"<!-- This site is optimized with the Yoast SEO plugin v27.3 - https:\/\/yoast.com\/product\/yoast-seo-wordpress\/ -->\n<title>BETAFPV SuperX ELRS Gemini Xross Receiver Nano\/Mono - 1dronas.lt<\/title>\n<meta name=\"robots\" content=\"index, follow, max-snippet:-1, max-image-preview:large, max-video-preview:-1\" \/>\n<link rel=\"canonical\" href=\"https:\/\/1dronas.lt\/en\/produktas\/betafpv-superx-elrs-gemini-xross-receiver\/\" \/>\n<meta property=\"og:locale\" content=\"en_US\" \/>\n<meta property=\"og:type\" content=\"article\" \/>\n<meta property=\"og:title\" content=\"BETAFPV SuperX ELRS Gemini Xross Receiver Nano\/Mono - 1dronas.lt\" \/>\n<meta property=\"og:description\" content=\"\u012eveikite visas kli\u016btis ir ilgas distancijas su nepajudinamu signalo patikimumu ten, kur visi RX praranda ry\u0161\u012f.   \u00a0\u00a01 \u2013 2 d. d.\" \/>\n<meta property=\"og:url\" content=\"https:\/\/1dronas.lt\/en\/produktas\/betafpv-superx-elrs-gemini-xross-receiver\/\" \/>\n<meta property=\"og:site_name\" content=\"1dronas.lt\" \/>\n<meta property=\"article:publisher\" content=\"https:\/\/www.facebook.com\/1dronas\/\" \/>\n<meta property=\"article:modified_time\" content=\"2026-02-24T10:51:52+00:00\" \/>\n<meta property=\"og:image\" content=\"https:\/\/1dronas.lt\/wp-content\/uploads\/2025\/09\/SuperX_Nano_Receiver_front_view_1080x-min.jpg\" \/>\n\t<meta property=\"og:image:width\" content=\"1080\" \/>\n\t<meta property=\"og:image:height\" content=\"1080\" \/>\n\t<meta property=\"og:image:type\" content=\"image\/jpeg\" \/>\n<meta name=\"twitter:card\" content=\"summary_large_image\" \/>\n<meta name=\"twitter:label1\" content=\"Est. reading time\" \/>\n\t<meta name=\"twitter:data1\" content=\"6 minutes\" \/>\n<script type=\"application\/ld+json\" class=\"yoast-schema-graph\">{\"@context\":\"https:\\\/\\\/schema.org\",\"@graph\":[{\"@type\":\"WebPage\",\"@id\":\"https:\\\/\\\/1dronas.lt\\\/en\\\/produktas\\\/betafpv-superx-elrs-gemini-xross-receiver\\\/\",\"url\":\"https:\\\/\\\/1dronas.lt\\\/en\\\/produktas\\\/betafpv-superx-elrs-gemini-xross-receiver\\\/\",\"name\":\"BETAFPV SuperX ELRS Gemini Xross Receiver Nano\\\/Mono - 1dronas.lt\",\"isPartOf\":{\"@id\":\"https:\\\/\\\/1dronas.lt\\\/en\\\/#website\"},\"primaryImageOfPage\":{\"@id\":\"https:\\\/\\\/1dronas.lt\\\/en\\\/produktas\\\/betafpv-superx-elrs-gemini-xross-receiver\\\/#primaryimage\"},\"image\":{\"@id\":\"https:\\\/\\\/1dronas.lt\\\/en\\\/produktas\\\/betafpv-superx-elrs-gemini-xross-receiver\\\/#primaryimage\"},\"thumbnailUrl\":\"https:\\\/\\\/1dronas.lt\\\/wp-content\\\/uploads\\\/2025\\\/09\\\/SuperX_Nano_Receiver_front_view_1080x-min.jpg\",\"datePublished\":\"2025-09-16T18:04:31+00:00\",\"dateModified\":\"2026-02-24T10:51:52+00:00\",\"breadcrumb\":{\"@id\":\"https:\\\/\\\/1dronas.lt\\\/en\\\/produktas\\\/betafpv-superx-elrs-gemini-xross-receiver\\\/#breadcrumb\"},\"inLanguage\":\"en-US\",\"potentialAction\":[{\"@type\":\"ReadAction\",\"target\":[\"https:\\\/\\\/1dronas.lt\\\/en\\\/produktas\\\/betafpv-superx-elrs-gemini-xross-receiver\\\/\"]}]},{\"@type\":\"ImageObject\",\"inLanguage\":\"en-US\",\"@id\":\"https:\\\/\\\/1dronas.lt\\\/en\\\/produktas\\\/betafpv-superx-elrs-gemini-xross-receiver\\\/#primaryimage\",\"url\":\"https:\\\/\\\/1dronas.lt\\\/wp-content\\\/uploads\\\/2025\\\/09\\\/SuperX_Nano_Receiver_front_view_1080x-min.jpg\",\"contentUrl\":\"https:\\\/\\\/1dronas.lt\\\/wp-content\\\/uploads\\\/2025\\\/09\\\/SuperX_Nano_Receiver_front_view_1080x-min.jpg\",\"width\":1080,\"height\":1080},{\"@type\":\"BreadcrumbList\",\"@id\":\"https:\\\/\\\/1dronas.lt\\\/en\\\/produktas\\\/betafpv-superx-elrs-gemini-xross-receiver\\\/#breadcrumb\",\"itemListElement\":[{\"@type\":\"ListItem\",\"position\":1,\"name\":\"Home\",\"item\":\"https:\\\/\\\/1dronas.lt\\\/\"},{\"@type\":\"ListItem\",\"position\":2,\"name\":\"Parduotuv\u0117\",\"item\":\"https:\\\/\\\/1dronas.lt\\\/parduotuve\\\/\"},{\"@type\":\"ListItem\",\"position\":3,\"name\":\"BETAFPV SuperX ELRS Gemini Xross Receiver Nano\\\/Mono\"}]},{\"@type\":\"WebSite\",\"@id\":\"https:\\\/\\\/1dronas.lt\\\/en\\\/#website\",\"url\":\"https:\\\/\\\/1dronas.lt\\\/en\\\/\",\"name\":\"1dronas.lt\",\"description\":\"Internetin\u0117 parduotuv\u0117\",\"publisher\":{\"@id\":\"https:\\\/\\\/1dronas.lt\\\/en\\\/#organization\"},\"potentialAction\":[{\"@type\":\"SearchAction\",\"target\":{\"@type\":\"EntryPoint\",\"urlTemplate\":\"https:\\\/\\\/1dronas.lt\\\/en\\\/?s={search_term_string}\"},\"query-input\":{\"@type\":\"PropertyValueSpecification\",\"valueRequired\":true,\"valueName\":\"search_term_string\"}}],\"inLanguage\":\"en-US\"},{\"@type\":\"Organization\",\"@id\":\"https:\\\/\\\/1dronas.lt\\\/en\\\/#organization\",\"name\":\"1dronas.lt\",\"url\":\"https:\\\/\\\/1dronas.lt\\\/en\\\/\",\"logo\":{\"@type\":\"ImageObject\",\"inLanguage\":\"en-US\",\"@id\":\"https:\\\/\\\/1dronas.lt\\\/en\\\/#\\\/schema\\\/logo\\\/image\\\/\",\"url\":\"https:\\\/\\\/1dronas.lt\\\/wp-content\\\/uploads\\\/2020\\\/12\\\/Ekrano_kopija__2_-removebg-preview-1-1.png\",\"contentUrl\":\"https:\\\/\\\/1dronas.lt\\\/wp-content\\\/uploads\\\/2020\\\/12\\\/Ekrano_kopija__2_-removebg-preview-1-1.png\",\"width\":234,\"height\":81,\"caption\":\"1dronas.lt\"},\"image\":{\"@id\":\"https:\\\/\\\/1dronas.lt\\\/en\\\/#\\\/schema\\\/logo\\\/image\\\/\"},\"sameAs\":[\"https:\\\/\\\/www.facebook.com\\\/1dronas\\\/\"]}]}<\/script>\n<!-- \/ Yoast SEO plugin. -->","yoast_head_json":{"title":"BETAFPV SuperX ELRS Gemini Xross Receiver Nano\/Mono - 1dronas.lt","robots":{"index":"index","follow":"follow","max-snippet":"max-snippet:-1","max-image-preview":"max-image-preview:large","max-video-preview":"max-video-preview:-1"},"canonical":"https:\/\/1dronas.lt\/en\/produktas\/betafpv-superx-elrs-gemini-xross-receiver\/","og_locale":"en_US","og_type":"article","og_title":"BETAFPV SuperX ELRS Gemini Xross Receiver Nano\/Mono - 1dronas.lt","og_description":"\u012eveikite visas kli\u016btis ir ilgas distancijas su nepajudinamu signalo patikimumu ten, kur visi RX praranda ry\u0161\u012f.   \u00a0\u00a01 \u2013 2 d. d.","og_url":"https:\/\/1dronas.lt\/en\/produktas\/betafpv-superx-elrs-gemini-xross-receiver\/","og_site_name":"1dronas.lt","article_publisher":"https:\/\/www.facebook.com\/1dronas\/","article_modified_time":"2026-02-24T10:51:52+00:00","og_image":[{"width":1080,"height":1080,"url":"https:\/\/1dronas.lt\/wp-content\/uploads\/2025\/09\/SuperX_Nano_Receiver_front_view_1080x-min.jpg","type":"image\/jpeg"}],"twitter_card":"summary_large_image","twitter_misc":{"Est. reading time":"6 minutes"},"schema":{"@context":"https:\/\/schema.org","@graph":[{"@type":"WebPage","@id":"https:\/\/1dronas.lt\/en\/produktas\/betafpv-superx-elrs-gemini-xross-receiver\/","url":"https:\/\/1dronas.lt\/en\/produktas\/betafpv-superx-elrs-gemini-xross-receiver\/","name":"BETAFPV SuperX ELRS Gemini Xross Receiver Nano\/Mono - 1dronas.lt","isPartOf":{"@id":"https:\/\/1dronas.lt\/en\/#website"},"primaryImageOfPage":{"@id":"https:\/\/1dronas.lt\/en\/produktas\/betafpv-superx-elrs-gemini-xross-receiver\/#primaryimage"},"image":{"@id":"https:\/\/1dronas.lt\/en\/produktas\/betafpv-superx-elrs-gemini-xross-receiver\/#primaryimage"},"thumbnailUrl":"https:\/\/1dronas.lt\/wp-content\/uploads\/2025\/09\/SuperX_Nano_Receiver_front_view_1080x-min.jpg","datePublished":"2025-09-16T18:04:31+00:00","dateModified":"2026-02-24T10:51:52+00:00","breadcrumb":{"@id":"https:\/\/1dronas.lt\/en\/produktas\/betafpv-superx-elrs-gemini-xross-receiver\/#breadcrumb"},"inLanguage":"en-US","potentialAction":[{"@type":"ReadAction","target":["https:\/\/1dronas.lt\/en\/produktas\/betafpv-superx-elrs-gemini-xross-receiver\/"]}]},{"@type":"ImageObject","inLanguage":"en-US","@id":"https:\/\/1dronas.lt\/en\/produktas\/betafpv-superx-elrs-gemini-xross-receiver\/#primaryimage","url":"https:\/\/1dronas.lt\/wp-content\/uploads\/2025\/09\/SuperX_Nano_Receiver_front_view_1080x-min.jpg","contentUrl":"https:\/\/1dronas.lt\/wp-content\/uploads\/2025\/09\/SuperX_Nano_Receiver_front_view_1080x-min.jpg","width":1080,"height":1080},{"@type":"BreadcrumbList","@id":"https:\/\/1dronas.lt\/en\/produktas\/betafpv-superx-elrs-gemini-xross-receiver\/#breadcrumb","itemListElement":[{"@type":"ListItem","position":1,"name":"Home","item":"https:\/\/1dronas.lt\/"},{"@type":"ListItem","position":2,"name":"Parduotuv\u0117","item":"https:\/\/1dronas.lt\/parduotuve\/"},{"@type":"ListItem","position":3,"name":"BETAFPV SuperX ELRS Gemini Xross Receiver Nano\/Mono"}]},{"@type":"WebSite","@id":"https:\/\/1dronas.lt\/en\/#website","url":"https:\/\/1dronas.lt\/en\/","name":"1dronas.lt","description":"Online store","publisher":{"@id":"https:\/\/1dronas.lt\/en\/#organization"},"potentialAction":[{"@type":"SearchAction","target":{"@type":"EntryPoint","urlTemplate":"https:\/\/1dronas.lt\/en\/?s={search_term_string}"},"query-input":{"@type":"PropertyValueSpecification","valueRequired":true,"valueName":"search_term_string"}}],"inLanguage":"en-US"},{"@type":"Organization","@id":"https:\/\/1dronas.lt\/en\/#organization","name":"1dronas.lt","url":"https:\/\/1dronas.lt\/en\/","logo":{"@type":"ImageObject","inLanguage":"en-US","@id":"https:\/\/1dronas.lt\/en\/#\/schema\/logo\/image\/","url":"https:\/\/1dronas.lt\/wp-content\/uploads\/2020\/12\/Ekrano_kopija__2_-removebg-preview-1-1.png","contentUrl":"https:\/\/1dronas.lt\/wp-content\/uploads\/2020\/12\/Ekrano_kopija__2_-removebg-preview-1-1.png","width":234,"height":81,"caption":"1dronas.lt"},"image":{"@id":"https:\/\/1dronas.lt\/en\/#\/schema\/logo\/image\/"},"sameAs":["https:\/\/www.facebook.com\/1dronas\/"]}]}},"jetpack_sharing_enabled":true,"_links":{"self":[{"href":"https:\/\/1dronas.lt\/en\/wp-json\/wp\/v2\/product\/11601","targetHints":{"allow":["GET"]}}],"collection":[{"href":"https:\/\/1dronas.lt\/en\/wp-json\/wp\/v2\/product"}],"about":[{"href":"https:\/\/1dronas.lt\/en\/wp-json\/wp\/v2\/types\/product"}],"replies":[{"embeddable":true,"href":"https:\/\/1dronas.lt\/en\/wp-json\/wp\/v2\/comments?post=11601"}],"wp:featuredmedia":[{"embeddable":true,"href":"https:\/\/1dronas.lt\/en\/wp-json\/wp\/v2\/media\/11610"}],"wp:attachment":[{"href":"https:\/\/1dronas.lt\/en\/wp-json\/wp\/v2\/media?parent=11601"}],"wp:term":[{"taxonomy":"product_brand","embeddable":true,"href":"https:\/\/1dronas.lt\/en\/wp-json\/wp\/v2\/product_brand?post=11601"},{"taxonomy":"product_cat","embeddable":true,"href":"https:\/\/1dronas.lt\/en\/wp-json\/wp\/v2\/product_cat?post=11601"},{"taxonomy":"product_tag","embeddable":true,"href":"https:\/\/1dronas.lt\/en\/wp-json\/wp\/v2\/product_tag?post=11601"}],"curies":[{"name":"wp","href":"https:\/\/api.w.org\/{rel}","templated":true}]}}