{"id":11510,"date":"2025-09-08T20:33:32","date_gmt":"2025-09-08T17:33:32","guid":{"rendered":"https:\/\/1dronas.lt\/?post_type=product&#038;p=11510"},"modified":"2026-02-14T17:02:36","modified_gmt":"2026-02-14T15:02:36","slug":"geprc-maten-5-8g-2-5w-vtx-pro","status":"publish","type":"product","link":"https:\/\/1dronas.lt\/en\/produktas\/geprc-maten-5-8g-2-5w-vtx-pro\/","title":{"rendered":"GEPRC MATEN 5.8G 2.5W VTX PRO"},"content":{"rendered":"<p data-start=\"80\" data-end=\"382\">\u2022 MATEN 5.8G 2.5W VTX PRO is a high-quality video transmitter with five adjustable power levels and dual-core design. It reaches up to 2500mW output power, ensuring stable signal transmission and excellent bandwidth;<br \/>\n\u2022 Made of durable CNC aluminum alloy body, MATEN 5.8G 2.5W VTX PRO ensures effective heat dissipation and shock resistance. The compact design is complemented by a cooling fan, and the built-in microphone allows real-time audio transmission from the FPV drone;<br \/>\n\u2022 The device has a temperature control and overheating protection function. The following dimensions are suitable for installation: 20\u00d720 mm and 30.5\u00d730.5 mm.<\/p>\n<p data-start=\"792\" data-end=\"1020\"><strong>Features:<\/strong><\/p>\n<p data-start=\"792\" data-end=\"1020\">\u2022 Five adjustable power levels, up to 2500 mW;<br \/>\n\u2022 High quality CNC machined aluminum alloy body;<br \/>\n\u2022 Integrated micro fan for active cooling;<br \/>\n\u2022 Wide voltage input: supports 7V\u201336V;<br \/>\n\u2022 One control button, three indicator lights \u2013 convenient to operate;<br \/>\n\u2022 VTX control protocol \u2013 IRC Tramp, supports parameter adjustment via OSD;<br \/>\n\u2022 Temperature control protection against overheating;<br \/>\n\u2022 Integrated microphone \u2013 transmits drone sound in real time;<br \/>\n\u2022 72 transmission channels supported;<br \/>\n\u2022 Mounting holes: 20\u00d720 mm (M2) and 30.5\u00d730.5 mm (M2).<\/p>\n<p data-start=\"792\" data-end=\"1020\"><strong>Specification:<\/strong><\/p>\n<p data-start=\"792\" data-end=\"1020\">\u2022 Model: GEPRC MATEN 5.8G 2.5W VTX PRO;<br \/>\n\u2022 Size: 36.3 \u00d7 36.3 \u00d7 15.1 mm;<br \/>\n\u2022 Mounting holes: 20\u00d720 mm (M2), 30.5\u00d730.5 mm (M2);<br \/>\n\u2022 Output power: 25 mW \/ 200 mW \/ 600 mW \/ 1600 mW \/ 2500 mW \/ Pit mode;<br \/>\n\u2022 Frequency: 5.8G;<br \/>\n\u2022 Channels: 72CH;<br \/>\n\u2022 Input voltage: DC 7-36V (2-8S battery);<br \/>\n\u2022 Output voltage: 5V @ 600mA;<br \/>\n\u2022 Protocol: IRC Tramp;<br \/>\n\u2022 Antenna connector: MMCX;<br \/>\n\u2022 Wiring connector: SH1.0 6pin;<br \/>\n\u2022 Video format: PAL\/NTSC;<br \/>\n\u2022 Microphone: built-in microphone;<br \/>\n\u2022 Weight: 20 g.<\/p>\n<p data-start=\"792\" data-end=\"1020\"><img loading=\"lazy\" decoding=\"async\" class=\"alignnone wp-image-11521 size-full\" src=\"https:\/\/1dronas.lt\/wp-content\/uploads\/2025\/09\/Image-min.jpg\" alt=\"\" width=\"1600\" height=\"620\" srcset=\"https:\/\/1dronas.lt\/wp-content\/uploads\/2025\/09\/Image-min.jpg 1600w, https:\/\/1dronas.lt\/wp-content\/uploads\/2025\/09\/Image-min-300x116.jpg 300w, https:\/\/1dronas.lt\/wp-content\/uploads\/2025\/09\/Image-min-1024x397.jpg 1024w, https:\/\/1dronas.lt\/wp-content\/uploads\/2025\/09\/Image-min-768x298.jpg 768w, https:\/\/1dronas.lt\/wp-content\/uploads\/2025\/09\/Image-min-1536x595.jpg 1536w, https:\/\/1dronas.lt\/wp-content\/uploads\/2025\/09\/Image-min-18x7.jpg 18w, https:\/\/1dronas.lt\/wp-content\/uploads\/2025\/09\/Image-min-510x198.jpg 510w\" sizes=\"auto, (max-width: 1600px) 100vw, 1600px\" \/><\/p>\n<p data-start=\"792\" data-end=\"1020\">\u2022 Channel light: blue;<br \/>\n\u2022 Band light \u2013 frequency band light: green;<br \/>\n\u2022 Power light: red;<br \/>\n\u2022 Switch \u2013 switch.<\/p>\n<p data-start=\"593\" data-end=\"915\">1. Press and hold the button for 2 seconds, the blue light will start flashing, entering the frequency adjustment mode. You can switch frequency points by pressing it quickly.<br \/>\n<img loading=\"lazy\" decoding=\"async\" class=\"alignnone wp-image-11437 size-full\" src=\"https:\/\/1dronas.lt\/wp-content\/uploads\/2025\/09\/Screenshot-2025-09-04-at-22.45.58-min.png\" sizes=\"auto, (max-width: 2316px) 100vw, 2316px\" srcset=\"https:\/\/1dronas.lt\/wp-content\/uploads\/2025\/09\/Screenshot-2025-09-04-at-22.45.58-min.png 2316w, https:\/\/1dronas.lt\/wp-content\/uploads\/2025\/09\/Screenshot-2025-09-04-at-22.45.58-min-300x39.png 300w, https:\/\/1dronas.lt\/wp-content\/uploads\/2025\/09\/Screenshot-2025-09-04-at-22.45.58-min-1024x132.png 1024w, https:\/\/1dronas.lt\/wp-content\/uploads\/2025\/09\/Screenshot-2025-09-04-at-22.45.58-min-768x99.png 768w, https:\/\/1dronas.lt\/wp-content\/uploads\/2025\/09\/Screenshot-2025-09-04-at-22.45.58-min-1536x198.png 1536w, https:\/\/1dronas.lt\/wp-content\/uploads\/2025\/09\/Screenshot-2025-09-04-at-22.45.58-min-2048x264.png 2048w, https:\/\/1dronas.lt\/wp-content\/uploads\/2025\/09\/Screenshot-2025-09-04-at-22.45.58-min-18x2.png 18w, https:\/\/1dronas.lt\/wp-content\/uploads\/2025\/09\/Screenshot-2025-09-04-at-22.45.58-min-510x66.png 510w\" alt=\"\" width=\"2316\" height=\"298\" \/><\/p>\n<p data-start=\"593\" data-end=\"915\">2. After switching frequency points, within five seconds, press and hold the button again for 2 seconds - the green light will light up, entering the frequency band adjustment mode. You can switch bands by pressing it quickly.<\/p>\n<p data-start=\"593\" data-end=\"915\"><img loading=\"lazy\" decoding=\"async\" class=\"alignnone wp-image-11438 size-full\" src=\"https:\/\/1dronas.lt\/wp-content\/uploads\/2025\/09\/Screenshot-2025-09-04-at-22.46.06-min.png\" sizes=\"auto, (max-width: 2368px) 100vw, 2368px\" srcset=\"https:\/\/1dronas.lt\/wp-content\/uploads\/2025\/09\/Screenshot-2025-09-04-at-22.46.06-min.png 2368w, https:\/\/1dronas.lt\/wp-content\/uploads\/2025\/09\/Screenshot-2025-09-04-at-22.46.06-min-300x35.png 300w, https:\/\/1dronas.lt\/wp-content\/uploads\/2025\/09\/Screenshot-2025-09-04-at-22.46.06-min-1024x121.png 1024w, https:\/\/1dronas.lt\/wp-content\/uploads\/2025\/09\/Screenshot-2025-09-04-at-22.46.06-min-768x91.png 768w, https:\/\/1dronas.lt\/wp-content\/uploads\/2025\/09\/Screenshot-2025-09-04-at-22.46.06-min-1536x182.png 1536w, https:\/\/1dronas.lt\/wp-content\/uploads\/2025\/09\/Screenshot-2025-09-04-at-22.46.06-min-2048x242.png 2048w, https:\/\/1dronas.lt\/wp-content\/uploads\/2025\/09\/Screenshot-2025-09-04-at-22.46.06-min-18x2.png 18w, https:\/\/1dronas.lt\/wp-content\/uploads\/2025\/09\/Screenshot-2025-09-04-at-22.46.06-min-510x60.png 510w\" alt=\"\" width=\"2368\" height=\"280\" \/><\/p>\n<p data-start=\"593\" data-end=\"915\">3. After switching the band, within five seconds, press and hold the button again for 2 seconds - the red light starts flashing, entering the power adjustment mode. You can adjust the power by pressing it quickly.<\/p>\n<p data-start=\"593\" data-end=\"915\"><img loading=\"lazy\" decoding=\"async\" class=\"alignnone wp-image-11456 size-full\" src=\"https:\/\/1dronas.lt\/wp-content\/uploads\/2025\/09\/Screenshot-2025-09-04-at-23.04.02-min.jpeg\" alt=\"\" width=\"2150\" height=\"282\" srcset=\"https:\/\/1dronas.lt\/wp-content\/uploads\/2025\/09\/Screenshot-2025-09-04-at-23.04.02-min.jpeg 2150w, https:\/\/1dronas.lt\/wp-content\/uploads\/2025\/09\/Screenshot-2025-09-04-at-23.04.02-min-300x39.jpeg 300w, https:\/\/1dronas.lt\/wp-content\/uploads\/2025\/09\/Screenshot-2025-09-04-at-23.04.02-min-1024x134.jpeg 1024w, https:\/\/1dronas.lt\/wp-content\/uploads\/2025\/09\/Screenshot-2025-09-04-at-23.04.02-min-768x101.jpeg 768w, https:\/\/1dronas.lt\/wp-content\/uploads\/2025\/09\/Screenshot-2025-09-04-at-23.04.02-min-1536x201.jpeg 1536w, https:\/\/1dronas.lt\/wp-content\/uploads\/2025\/09\/Screenshot-2025-09-04-at-23.04.02-min-2048x269.jpeg 2048w, https:\/\/1dronas.lt\/wp-content\/uploads\/2025\/09\/Screenshot-2025-09-04-at-23.04.02-min-18x2.jpeg 18w, https:\/\/1dronas.lt\/wp-content\/uploads\/2025\/09\/Screenshot-2025-09-04-at-23.04.02-min-510x67.jpeg 510w\" sizes=\"auto, (max-width: 2150px) 100vw, 2150px\" \/><\/p>\n<p data-start=\"593\" data-end=\"915\"><strong>Notes:<\/strong><\/p>\n<p data-start=\"2088\" data-end=\"2130\">\u2022 Always connect the antenna before use;<br \/>\n\u2022 It is essential to fly with constant airflow and good ventilation to avoid overheating; in enclosed environments, use an additional cooling fan;<br \/>\n\u2022 The 5V output is only for the camera or cooling fan! Never connect a battery to the 5V output - this may damage the VTX.<\/p>\n<p data-start=\"2088\" data-end=\"2130\"><strong>Package:<\/strong><\/p>\n<p data-start=\"2088\" data-end=\"2130\">1\u00d7 MATEN 5.8G 2.5W VTX PRO;<br \/>\n1\u00d7 MMCX copper tube antenna;<br \/>\n1\u00d7 MMCX to RP-SMA connector;<br \/>\n1\u00d7 SH1.0 6P connecting cable;<br \/>\n6\u00d7 M2*5 screws;<br \/>\n4\u00d7 M2*12 screws.<\/p>","protected":false},"excerpt":{"rendered":"<p><span style=\"color: #000000;\">This is a high-quality video transmitter with five adjustable power levels.<\/span><\/p>\n<p><span style=\"color: #000000;\"><strong><img loading=\"lazy\" decoding=\"async\" class=\"alignnone wp-image-1806\" src=\"https:\/\/1dronas.lt\/wp-content\/uploads\/2021\/05\/delivery-icon.png\" alt=\"\" width=\"24\" height=\"24\" srcset=\"https:\/\/1dronas.lt\/wp-content\/uploads\/2021\/05\/delivery-icon.png 35w, https:\/\/1dronas.lt\/wp-content\/uploads\/2021\/05\/delivery-icon-12x12.png 12w\" sizes=\"auto, (max-width: 24px) 100vw, 24px\" \/>\u00a0 \u00a01 \u2013 2 days<\/strong><\/span><\/p>","protected":false},"featured_media":11517,"comment_status":"open","ping_status":"closed","template":"","meta":[],"product_brand":[592],"product_cat":[218],"product_tag":[808,980,593,791],"class_list":{"0":"post-11510","1":"product","2":"type-product","3":"status-publish","4":"has-post-thumbnail","6":"product_brand-geprc","7":"product_cat-vaizdo-siustuvai-vtx","8":"product_tag-5-8g-2-5w-vtx-pro","9":"product_tag-black-friday","10":"product_tag-geprc","11":"product_tag-maten","13":"first","14":"instock","15":"taxable","16":"shipping-taxable","17":"purchasable","18":"product-type-simple"},"yoast_head":"<!-- This site is optimized with the Yoast SEO plugin v27.3 - https:\/\/yoast.com\/product\/yoast-seo-wordpress\/ -->\n<title>GEPRC MATEN 5.8G 2.5W VTX PRO - 1dronas.lt<\/title>\n<meta name=\"robots\" content=\"index, follow, max-snippet:-1, max-image-preview:large, max-video-preview:-1\" \/>\n<link rel=\"canonical\" href=\"https:\/\/1dronas.lt\/en\/produktas\/geprc-maten-5-8g-2-5w-vtx-pro\/\" \/>\n<meta property=\"og:locale\" content=\"en_US\" \/>\n<meta property=\"og:type\" content=\"article\" \/>\n<meta property=\"og:title\" content=\"GEPRC MATEN 5.8G 2.5W VTX PRO - 1dronas.lt\" \/>\n<meta property=\"og:description\" content=\"Tai auk\u0161tos kokyb\u0117s vaizdo si\u0173stuvas su penkiais reguliuojamais galios lygiais.  \u00a0 \u00a01 \u2013 2 d. d.\" \/>\n<meta property=\"og:url\" content=\"https:\/\/1dronas.lt\/en\/produktas\/geprc-maten-5-8g-2-5w-vtx-pro\/\" \/>\n<meta property=\"og:site_name\" content=\"1dronas.lt\" \/>\n<meta property=\"article:publisher\" content=\"https:\/\/www.facebook.com\/1dronas\/\" \/>\n<meta property=\"article:modified_time\" content=\"2026-02-14T15:02:36+00:00\" \/>\n<meta property=\"og:image\" content=\"https:\/\/1dronas.lt\/wp-content\/uploads\/2025\/09\/5_Main_0000-10-min.jpg\" \/>\n\t<meta property=\"og:image:width\" content=\"1500\" \/>\n\t<meta property=\"og:image:height\" content=\"1500\" \/>\n\t<meta property=\"og:image:type\" content=\"image\/jpeg\" \/>\n<meta name=\"twitter:card\" content=\"summary_large_image\" \/>\n<meta name=\"twitter:label1\" content=\"Est. reading time\" \/>\n\t<meta name=\"twitter:data1\" content=\"4 minutes\" \/>\n<script type=\"application\/ld+json\" class=\"yoast-schema-graph\">{\"@context\":\"https:\\\/\\\/schema.org\",\"@graph\":[{\"@type\":\"WebPage\",\"@id\":\"https:\\\/\\\/1dronas.lt\\\/en\\\/produktas\\\/geprc-maten-5-8g-2-5w-vtx-pro\\\/\",\"url\":\"https:\\\/\\\/1dronas.lt\\\/en\\\/produktas\\\/geprc-maten-5-8g-2-5w-vtx-pro\\\/\",\"name\":\"GEPRC MATEN 5.8G 2.5W VTX PRO - 1dronas.lt\",\"isPartOf\":{\"@id\":\"https:\\\/\\\/1dronas.lt\\\/en\\\/#website\"},\"primaryImageOfPage\":{\"@id\":\"https:\\\/\\\/1dronas.lt\\\/en\\\/produktas\\\/geprc-maten-5-8g-2-5w-vtx-pro\\\/#primaryimage\"},\"image\":{\"@id\":\"https:\\\/\\\/1dronas.lt\\\/en\\\/produktas\\\/geprc-maten-5-8g-2-5w-vtx-pro\\\/#primaryimage\"},\"thumbnailUrl\":\"https:\\\/\\\/1dronas.lt\\\/wp-content\\\/uploads\\\/2025\\\/09\\\/5_Main_0000-10-min.jpg\",\"datePublished\":\"2025-09-08T17:33:32+00:00\",\"dateModified\":\"2026-02-14T15:02:36+00:00\",\"breadcrumb\":{\"@id\":\"https:\\\/\\\/1dronas.lt\\\/en\\\/produktas\\\/geprc-maten-5-8g-2-5w-vtx-pro\\\/#breadcrumb\"},\"inLanguage\":\"en-US\",\"potentialAction\":[{\"@type\":\"ReadAction\",\"target\":[\"https:\\\/\\\/1dronas.lt\\\/en\\\/produktas\\\/geprc-maten-5-8g-2-5w-vtx-pro\\\/\"]}]},{\"@type\":\"ImageObject\",\"inLanguage\":\"en-US\",\"@id\":\"https:\\\/\\\/1dronas.lt\\\/en\\\/produktas\\\/geprc-maten-5-8g-2-5w-vtx-pro\\\/#primaryimage\",\"url\":\"https:\\\/\\\/1dronas.lt\\\/wp-content\\\/uploads\\\/2025\\\/09\\\/5_Main_0000-10-min.jpg\",\"contentUrl\":\"https:\\\/\\\/1dronas.lt\\\/wp-content\\\/uploads\\\/2025\\\/09\\\/5_Main_0000-10-min.jpg\",\"width\":1500,\"height\":1500},{\"@type\":\"BreadcrumbList\",\"@id\":\"https:\\\/\\\/1dronas.lt\\\/en\\\/produktas\\\/geprc-maten-5-8g-2-5w-vtx-pro\\\/#breadcrumb\",\"itemListElement\":[{\"@type\":\"ListItem\",\"position\":1,\"name\":\"Home\",\"item\":\"https:\\\/\\\/1dronas.lt\\\/\"},{\"@type\":\"ListItem\",\"position\":2,\"name\":\"Parduotuv\u0117\",\"item\":\"https:\\\/\\\/1dronas.lt\\\/parduotuve\\\/\"},{\"@type\":\"ListItem\",\"position\":3,\"name\":\"GEPRC MATEN 5.8G 2.5W VTX PRO\"}]},{\"@type\":\"WebSite\",\"@id\":\"https:\\\/\\\/1dronas.lt\\\/en\\\/#website\",\"url\":\"https:\\\/\\\/1dronas.lt\\\/en\\\/\",\"name\":\"1dronas.lt\",\"description\":\"Internetin\u0117 parduotuv\u0117\",\"publisher\":{\"@id\":\"https:\\\/\\\/1dronas.lt\\\/en\\\/#organization\"},\"potentialAction\":[{\"@type\":\"SearchAction\",\"target\":{\"@type\":\"EntryPoint\",\"urlTemplate\":\"https:\\\/\\\/1dronas.lt\\\/en\\\/?s={search_term_string}\"},\"query-input\":{\"@type\":\"PropertyValueSpecification\",\"valueRequired\":true,\"valueName\":\"search_term_string\"}}],\"inLanguage\":\"en-US\"},{\"@type\":\"Organization\",\"@id\":\"https:\\\/\\\/1dronas.lt\\\/en\\\/#organization\",\"name\":\"1dronas.lt\",\"url\":\"https:\\\/\\\/1dronas.lt\\\/en\\\/\",\"logo\":{\"@type\":\"ImageObject\",\"inLanguage\":\"en-US\",\"@id\":\"https:\\\/\\\/1dronas.lt\\\/en\\\/#\\\/schema\\\/logo\\\/image\\\/\",\"url\":\"https:\\\/\\\/1dronas.lt\\\/wp-content\\\/uploads\\\/2020\\\/12\\\/Ekrano_kopija__2_-removebg-preview-1-1.png\",\"contentUrl\":\"https:\\\/\\\/1dronas.lt\\\/wp-content\\\/uploads\\\/2020\\\/12\\\/Ekrano_kopija__2_-removebg-preview-1-1.png\",\"width\":234,\"height\":81,\"caption\":\"1dronas.lt\"},\"image\":{\"@id\":\"https:\\\/\\\/1dronas.lt\\\/en\\\/#\\\/schema\\\/logo\\\/image\\\/\"},\"sameAs\":[\"https:\\\/\\\/www.facebook.com\\\/1dronas\\\/\"]}]}<\/script>\n<!-- \/ Yoast SEO plugin. -->","yoast_head_json":{"title":"GEPRC MATEN 5.8G 2.5W VTX PRO - 1dronas.lt","robots":{"index":"index","follow":"follow","max-snippet":"max-snippet:-1","max-image-preview":"max-image-preview:large","max-video-preview":"max-video-preview:-1"},"canonical":"https:\/\/1dronas.lt\/en\/produktas\/geprc-maten-5-8g-2-5w-vtx-pro\/","og_locale":"en_US","og_type":"article","og_title":"GEPRC MATEN 5.8G 2.5W VTX PRO - 1dronas.lt","og_description":"Tai auk\u0161tos kokyb\u0117s vaizdo si\u0173stuvas su penkiais reguliuojamais galios lygiais.  \u00a0 \u00a01 \u2013 2 d. d.","og_url":"https:\/\/1dronas.lt\/en\/produktas\/geprc-maten-5-8g-2-5w-vtx-pro\/","og_site_name":"1dronas.lt","article_publisher":"https:\/\/www.facebook.com\/1dronas\/","article_modified_time":"2026-02-14T15:02:36+00:00","og_image":[{"width":1500,"height":1500,"url":"https:\/\/1dronas.lt\/wp-content\/uploads\/2025\/09\/5_Main_0000-10-min.jpg","type":"image\/jpeg"}],"twitter_card":"summary_large_image","twitter_misc":{"Est. reading time":"4 minutes"},"schema":{"@context":"https:\/\/schema.org","@graph":[{"@type":"WebPage","@id":"https:\/\/1dronas.lt\/en\/produktas\/geprc-maten-5-8g-2-5w-vtx-pro\/","url":"https:\/\/1dronas.lt\/en\/produktas\/geprc-maten-5-8g-2-5w-vtx-pro\/","name":"GEPRC MATEN 5.8G 2.5W VTX PRO - 1dronas.lt","isPartOf":{"@id":"https:\/\/1dronas.lt\/en\/#website"},"primaryImageOfPage":{"@id":"https:\/\/1dronas.lt\/en\/produktas\/geprc-maten-5-8g-2-5w-vtx-pro\/#primaryimage"},"image":{"@id":"https:\/\/1dronas.lt\/en\/produktas\/geprc-maten-5-8g-2-5w-vtx-pro\/#primaryimage"},"thumbnailUrl":"https:\/\/1dronas.lt\/wp-content\/uploads\/2025\/09\/5_Main_0000-10-min.jpg","datePublished":"2025-09-08T17:33:32+00:00","dateModified":"2026-02-14T15:02:36+00:00","breadcrumb":{"@id":"https:\/\/1dronas.lt\/en\/produktas\/geprc-maten-5-8g-2-5w-vtx-pro\/#breadcrumb"},"inLanguage":"en-US","potentialAction":[{"@type":"ReadAction","target":["https:\/\/1dronas.lt\/en\/produktas\/geprc-maten-5-8g-2-5w-vtx-pro\/"]}]},{"@type":"ImageObject","inLanguage":"en-US","@id":"https:\/\/1dronas.lt\/en\/produktas\/geprc-maten-5-8g-2-5w-vtx-pro\/#primaryimage","url":"https:\/\/1dronas.lt\/wp-content\/uploads\/2025\/09\/5_Main_0000-10-min.jpg","contentUrl":"https:\/\/1dronas.lt\/wp-content\/uploads\/2025\/09\/5_Main_0000-10-min.jpg","width":1500,"height":1500},{"@type":"BreadcrumbList","@id":"https:\/\/1dronas.lt\/en\/produktas\/geprc-maten-5-8g-2-5w-vtx-pro\/#breadcrumb","itemListElement":[{"@type":"ListItem","position":1,"name":"Home","item":"https:\/\/1dronas.lt\/"},{"@type":"ListItem","position":2,"name":"Parduotuv\u0117","item":"https:\/\/1dronas.lt\/parduotuve\/"},{"@type":"ListItem","position":3,"name":"GEPRC MATEN 5.8G 2.5W VTX PRO"}]},{"@type":"WebSite","@id":"https:\/\/1dronas.lt\/en\/#website","url":"https:\/\/1dronas.lt\/en\/","name":"1dronas.lt","description":"Online store","publisher":{"@id":"https:\/\/1dronas.lt\/en\/#organization"},"potentialAction":[{"@type":"SearchAction","target":{"@type":"EntryPoint","urlTemplate":"https:\/\/1dronas.lt\/en\/?s={search_term_string}"},"query-input":{"@type":"PropertyValueSpecification","valueRequired":true,"valueName":"search_term_string"}}],"inLanguage":"en-US"},{"@type":"Organization","@id":"https:\/\/1dronas.lt\/en\/#organization","name":"1dronas.lt","url":"https:\/\/1dronas.lt\/en\/","logo":{"@type":"ImageObject","inLanguage":"en-US","@id":"https:\/\/1dronas.lt\/en\/#\/schema\/logo\/image\/","url":"https:\/\/1dronas.lt\/wp-content\/uploads\/2020\/12\/Ekrano_kopija__2_-removebg-preview-1-1.png","contentUrl":"https:\/\/1dronas.lt\/wp-content\/uploads\/2020\/12\/Ekrano_kopija__2_-removebg-preview-1-1.png","width":234,"height":81,"caption":"1dronas.lt"},"image":{"@id":"https:\/\/1dronas.lt\/en\/#\/schema\/logo\/image\/"},"sameAs":["https:\/\/www.facebook.com\/1dronas\/"]}]}},"jetpack_sharing_enabled":true,"_links":{"self":[{"href":"https:\/\/1dronas.lt\/en\/wp-json\/wp\/v2\/product\/11510","targetHints":{"allow":["GET"]}}],"collection":[{"href":"https:\/\/1dronas.lt\/en\/wp-json\/wp\/v2\/product"}],"about":[{"href":"https:\/\/1dronas.lt\/en\/wp-json\/wp\/v2\/types\/product"}],"replies":[{"embeddable":true,"href":"https:\/\/1dronas.lt\/en\/wp-json\/wp\/v2\/comments?post=11510"}],"wp:featuredmedia":[{"embeddable":true,"href":"https:\/\/1dronas.lt\/en\/wp-json\/wp\/v2\/media\/11517"}],"wp:attachment":[{"href":"https:\/\/1dronas.lt\/en\/wp-json\/wp\/v2\/media?parent=11510"}],"wp:term":[{"taxonomy":"product_brand","embeddable":true,"href":"https:\/\/1dronas.lt\/en\/wp-json\/wp\/v2\/product_brand?post=11510"},{"taxonomy":"product_cat","embeddable":true,"href":"https:\/\/1dronas.lt\/en\/wp-json\/wp\/v2\/product_cat?post=11510"},{"taxonomy":"product_tag","embeddable":true,"href":"https:\/\/1dronas.lt\/en\/wp-json\/wp\/v2\/product_tag?post=11510"}],"curies":[{"name":"wp","href":"https:\/\/api.w.org\/{rel}","templated":true}]}}