{"id":11428,"date":"2025-09-04T20:10:53","date_gmt":"2025-09-04T20:10:53","guid":{"rendered":"https:\/\/1dronas.lt\/?post_type=product&#038;p=11428"},"modified":"2026-03-16T14:10:46","modified_gmt":"2026-03-16T12:10:46","slug":"akumuliatorius-tattu-r-line-v6-1600mah-22-2v-6s-160c-lipo-xt60-sq","status":"publish","type":"product","link":"https:\/\/1dronas.lt\/en\/produktas\/akumuliatorius-tattu-r-line-v6-1600mah-22-2v-6s-160c-lipo-xt60-sq\/","title":{"rendered":"Akumuliatorius Tattu R-Line V6 1600mAh 22.2V 6S 160C LiPo \u2013 XT60 [SQ]"},"content":{"rendered":"<p><strong>Specification:<\/strong><\/p>\n<p><strong>\u2022\u00a0<\/strong>Capacity: 1600mAh;<br \/>\n<strong>\u2022\u00a0<\/strong>Voltage: 22.2V\/6S<br \/>\n<strong>\u2022<\/strong> Discharge rate: 160C;<br \/>\n<strong>\u2022<\/strong> Dimensions: 70 x 41.97 x 41 mm;<br \/>\n<strong>\u2022<\/strong> Weight: 240 g.;<br \/>\n<strong>\u2022<\/strong> Discharge connector: XT60;<br \/>\n<strong>\u2022<\/strong> Charging connector: JST-XHR.<\/p>\n<p><strong>Features:<\/strong><\/p>\n<p><strong>1. High energy density, safer design<\/strong><\/p>\n<p><strong>\u2022\u00a0<\/strong>New lithium salt formula + semi-solid electrolyte<br \/>\n<strong>\u2022\u00a0<\/strong>316 Wh\/L volumetric energy density (+26%)<br \/>\n<strong>\u2022\u00a0<\/strong>160 Wh\/kg weight energy density (+17%)<br \/>\n<strong>\u2022\u00a0<\/strong>Less fluid = safer and longer lasting battery<\/p>\n<p><strong>2. Stable power with 3D conduction technology<\/strong><\/p>\n<p><strong>\u2022\u00a0<\/strong>Graphite, carbon nanotubes and graphene form a 3D conductive network<br \/>\n<strong>\u2022\u00a0<\/strong>Ensures constant high current delivery even under the most intense load<\/p>\n<p><strong>3. Faster reaction with nanomaterials<\/strong><\/p>\n<p><strong>\u2022 <\/strong>Nanoparticles and porous electrode plates shorten ion diffusion time<br \/>\n<strong>\u2022 <\/strong>20%&#039;s lower internal resistance provides faster acceleration and stronger power<\/p>\n<p><strong>4. Stronger construction, greater durability<\/strong><\/p>\n<p><strong>\u2022 <\/strong>Reinforced internal structure improves:<br \/>\n<strong>\u2022 <\/strong>Heat dissipation;<br \/>\n<strong>\u2022 <\/strong>Impact resistance;<br \/>\n<strong>\u2022 <\/strong>Built to withstand freestyle falls and the rigors of racing<\/p>\n<p><strong>5. Two housing options, same performance<\/strong><\/p>\n<p><strong>\u2022 <\/strong>SQ (short version): balanced mass, better handling<br \/>\n<strong>\u2022 <\/strong>ST (standard version): standard size, more flexible installation option<\/p>\n<p>\ud83c\udfaf<em> Ideal for: FPV racing, freestyle flying and cinematic video flights.<\/em><\/p>","protected":false},"excerpt":{"rendered":"<p><span style=\"color: #333333;\"> The 20%&#039;s lower internal resistance provides faster acceleration and more power.<\/span><\/p>\n<p><span style=\"font-size: 90%; color: #333333;\"><strong><img loading=\"lazy\" decoding=\"async\" class=\"alignnone wp-image-1806\" src=\"https:\/\/1dronas.lt\/wp-content\/uploads\/2021\/05\/delivery-icon.png.webp\" alt=\"\" width=\"24\" height=\"24\" srcset=\"https:\/\/1dronas.lt\/wp-content\/uploads\/2021\/05\/delivery-icon.png 35w, https:\/\/1dronas.lt\/wp-content\/uploads\/2021\/05\/delivery-icon-12x12.png 12w\" sizes=\"auto, (max-width: 24px) 100vw, 24px\" \/>\u00a0\u00a0\u00a01 \u2013 2 days<\/strong><\/span><\/p>","protected":false},"featured_media":11441,"comment_status":"open","ping_status":"closed","template":"","meta":[],"product_brand":[706],"product_cat":[741],"product_tag":[795,796,99,710,239,980,558,716,797,707,794,98],"class_list":{"0":"post-11428","1":"product","2":"type-product","3":"status-publish","4":"has-post-thumbnail","6":"product_brand-tattu","7":"product_cat-6s-lipo-akumuliatoriai","8":"product_tag-1600mah","9":"product_tag-160c","10":"product_tag-6s","11":"product_tag-akumuliatorius","12":"product_tag-baterija","13":"product_tag-black-friday","14":"product_tag-lipo","15":"product_tag-r-line","16":"product_tag-sq","17":"product_tag-tattu","18":"product_tag-v6","19":"product_tag-xt60","21":"first","22":"instock","23":"taxable","24":"shipping-taxable","25":"purchasable","26":"product-type-simple"},"yoast_head":"<!-- This site is optimized with the Yoast SEO plugin v27.3 - https:\/\/yoast.com\/product\/yoast-seo-wordpress\/ -->\n<title>Akumuliatorius Tattu R-Line V6 1600mAh 22.2V 6S 160C LiPo \u2013 XT60 [SQ] - 1dronas.lt<\/title>\n<meta name=\"robots\" content=\"index, follow, max-snippet:-1, max-image-preview:large, max-video-preview:-1\" \/>\n<link rel=\"canonical\" href=\"https:\/\/1dronas.lt\/en\/produktas\/akumuliatorius-tattu-r-line-v6-1600mah-22-2v-6s-160c-lipo-xt60-sq\/\" \/>\n<meta property=\"og:locale\" content=\"en_US\" \/>\n<meta property=\"og:type\" content=\"article\" \/>\n<meta property=\"og:title\" content=\"Akumuliatorius Tattu R-Line V6 1600mAh 22.2V 6S 160C LiPo \u2013 XT60 [SQ] - 1dronas.lt\" \/>\n<meta property=\"og:description\" content=\"20% ma\u017eesn\u0117 vidin\u0117 var\u017ea u\u017etikrina greitesn\u012f akseleravim\u0105 ir didesn\u0119 gali\u0105.  \u00a0\u00a0\u00a01 \u2013 2 d. d.\" \/>\n<meta property=\"og:url\" content=\"https:\/\/1dronas.lt\/en\/produktas\/akumuliatorius-tattu-r-line-v6-1600mah-22-2v-6s-160c-lipo-xt60-sq\/\" \/>\n<meta property=\"og:site_name\" content=\"1dronas.lt\" \/>\n<meta property=\"article:publisher\" content=\"https:\/\/www.facebook.com\/1dronas\/\" \/>\n<meta property=\"article:modified_time\" content=\"2026-03-16T12:10:46+00:00\" \/>\n<meta property=\"og:image\" content=\"https:\/\/1dronas.lt\/wp-content\/uploads\/2025\/09\/1_7362eebc-3343-41e7-9fad-bd25ebc8b797.webp\" \/>\n\t<meta property=\"og:image:width\" content=\"900\" \/>\n\t<meta property=\"og:image:height\" content=\"900\" \/>\n\t<meta property=\"og:image:type\" content=\"image\/webp\" \/>\n<meta name=\"twitter:card\" content=\"summary_large_image\" \/>\n<meta name=\"twitter:label1\" content=\"Est. reading time\" \/>\n\t<meta name=\"twitter:data1\" content=\"2 minutes\" \/>\n<script type=\"application\/ld+json\" class=\"yoast-schema-graph\">{\"@context\":\"https:\\\/\\\/schema.org\",\"@graph\":[{\"@type\":\"WebPage\",\"@id\":\"https:\\\/\\\/1dronas.lt\\\/en\\\/produktas\\\/akumuliatorius-tattu-r-line-v6-1600mah-22-2v-6s-160c-lipo-xt60-sq\\\/\",\"url\":\"https:\\\/\\\/1dronas.lt\\\/en\\\/produktas\\\/akumuliatorius-tattu-r-line-v6-1600mah-22-2v-6s-160c-lipo-xt60-sq\\\/\",\"name\":\"Akumuliatorius Tattu R-Line V6 1600mAh 22.2V 6S 160C LiPo \u2013 XT60 [SQ] - 1dronas.lt\",\"isPartOf\":{\"@id\":\"https:\\\/\\\/1dronas.lt\\\/en\\\/#website\"},\"primaryImageOfPage\":{\"@id\":\"https:\\\/\\\/1dronas.lt\\\/en\\\/produktas\\\/akumuliatorius-tattu-r-line-v6-1600mah-22-2v-6s-160c-lipo-xt60-sq\\\/#primaryimage\"},\"image\":{\"@id\":\"https:\\\/\\\/1dronas.lt\\\/en\\\/produktas\\\/akumuliatorius-tattu-r-line-v6-1600mah-22-2v-6s-160c-lipo-xt60-sq\\\/#primaryimage\"},\"thumbnailUrl\":\"https:\\\/\\\/1dronas.lt\\\/wp-content\\\/uploads\\\/2025\\\/09\\\/1_7362eebc-3343-41e7-9fad-bd25ebc8b797.webp\",\"datePublished\":\"2025-09-04T20:10:53+00:00\",\"dateModified\":\"2026-03-16T12:10:46+00:00\",\"breadcrumb\":{\"@id\":\"https:\\\/\\\/1dronas.lt\\\/en\\\/produktas\\\/akumuliatorius-tattu-r-line-v6-1600mah-22-2v-6s-160c-lipo-xt60-sq\\\/#breadcrumb\"},\"inLanguage\":\"en-US\",\"potentialAction\":[{\"@type\":\"ReadAction\",\"target\":[\"https:\\\/\\\/1dronas.lt\\\/en\\\/produktas\\\/akumuliatorius-tattu-r-line-v6-1600mah-22-2v-6s-160c-lipo-xt60-sq\\\/\"]}]},{\"@type\":\"ImageObject\",\"inLanguage\":\"en-US\",\"@id\":\"https:\\\/\\\/1dronas.lt\\\/en\\\/produktas\\\/akumuliatorius-tattu-r-line-v6-1600mah-22-2v-6s-160c-lipo-xt60-sq\\\/#primaryimage\",\"url\":\"https:\\\/\\\/1dronas.lt\\\/wp-content\\\/uploads\\\/2025\\\/09\\\/1_7362eebc-3343-41e7-9fad-bd25ebc8b797.webp\",\"contentUrl\":\"https:\\\/\\\/1dronas.lt\\\/wp-content\\\/uploads\\\/2025\\\/09\\\/1_7362eebc-3343-41e7-9fad-bd25ebc8b797.webp\",\"width\":900,\"height\":900},{\"@type\":\"BreadcrumbList\",\"@id\":\"https:\\\/\\\/1dronas.lt\\\/en\\\/produktas\\\/akumuliatorius-tattu-r-line-v6-1600mah-22-2v-6s-160c-lipo-xt60-sq\\\/#breadcrumb\",\"itemListElement\":[{\"@type\":\"ListItem\",\"position\":1,\"name\":\"Home\",\"item\":\"https:\\\/\\\/1dronas.lt\\\/\"},{\"@type\":\"ListItem\",\"position\":2,\"name\":\"Parduotuv\u0117\",\"item\":\"https:\\\/\\\/1dronas.lt\\\/parduotuve\\\/\"},{\"@type\":\"ListItem\",\"position\":3,\"name\":\"Akumuliatorius Tattu R-Line V6 1600mAh 22.2V 6S 160C LiPo \u2013 XT60 [SQ]\"}]},{\"@type\":\"WebSite\",\"@id\":\"https:\\\/\\\/1dronas.lt\\\/en\\\/#website\",\"url\":\"https:\\\/\\\/1dronas.lt\\\/en\\\/\",\"name\":\"1dronas.lt\",\"description\":\"Internetin\u0117 parduotuv\u0117\",\"publisher\":{\"@id\":\"https:\\\/\\\/1dronas.lt\\\/en\\\/#organization\"},\"potentialAction\":[{\"@type\":\"SearchAction\",\"target\":{\"@type\":\"EntryPoint\",\"urlTemplate\":\"https:\\\/\\\/1dronas.lt\\\/en\\\/?s={search_term_string}\"},\"query-input\":{\"@type\":\"PropertyValueSpecification\",\"valueRequired\":true,\"valueName\":\"search_term_string\"}}],\"inLanguage\":\"en-US\"},{\"@type\":\"Organization\",\"@id\":\"https:\\\/\\\/1dronas.lt\\\/en\\\/#organization\",\"name\":\"1dronas.lt\",\"url\":\"https:\\\/\\\/1dronas.lt\\\/en\\\/\",\"logo\":{\"@type\":\"ImageObject\",\"inLanguage\":\"en-US\",\"@id\":\"https:\\\/\\\/1dronas.lt\\\/en\\\/#\\\/schema\\\/logo\\\/image\\\/\",\"url\":\"https:\\\/\\\/1dronas.lt\\\/wp-content\\\/uploads\\\/2020\\\/12\\\/Ekrano_kopija__2_-removebg-preview-1-1.png\",\"contentUrl\":\"https:\\\/\\\/1dronas.lt\\\/wp-content\\\/uploads\\\/2020\\\/12\\\/Ekrano_kopija__2_-removebg-preview-1-1.png\",\"width\":234,\"height\":81,\"caption\":\"1dronas.lt\"},\"image\":{\"@id\":\"https:\\\/\\\/1dronas.lt\\\/en\\\/#\\\/schema\\\/logo\\\/image\\\/\"},\"sameAs\":[\"https:\\\/\\\/www.facebook.com\\\/1dronas\\\/\"]}]}<\/script>\n<!-- \/ Yoast SEO plugin. -->","yoast_head_json":{"title":"Akumuliatorius Tattu R-Line V6 1600mAh 22.2V 6S 160C LiPo \u2013 XT60 [SQ] - 1dronas.lt","robots":{"index":"index","follow":"follow","max-snippet":"max-snippet:-1","max-image-preview":"max-image-preview:large","max-video-preview":"max-video-preview:-1"},"canonical":"https:\/\/1dronas.lt\/en\/produktas\/akumuliatorius-tattu-r-line-v6-1600mah-22-2v-6s-160c-lipo-xt60-sq\/","og_locale":"en_US","og_type":"article","og_title":"Akumuliatorius Tattu R-Line V6 1600mAh 22.2V 6S 160C LiPo \u2013 XT60 [SQ] - 1dronas.lt","og_description":"20% ma\u017eesn\u0117 vidin\u0117 var\u017ea u\u017etikrina greitesn\u012f akseleravim\u0105 ir didesn\u0119 gali\u0105.  \u00a0\u00a0\u00a01 \u2013 2 d. d.","og_url":"https:\/\/1dronas.lt\/en\/produktas\/akumuliatorius-tattu-r-line-v6-1600mah-22-2v-6s-160c-lipo-xt60-sq\/","og_site_name":"1dronas.lt","article_publisher":"https:\/\/www.facebook.com\/1dronas\/","article_modified_time":"2026-03-16T12:10:46+00:00","og_image":[{"width":900,"height":900,"url":"https:\/\/1dronas.lt\/wp-content\/uploads\/2025\/09\/1_7362eebc-3343-41e7-9fad-bd25ebc8b797.webp","type":"image\/webp"}],"twitter_card":"summary_large_image","twitter_misc":{"Est. reading time":"2 minutes"},"schema":{"@context":"https:\/\/schema.org","@graph":[{"@type":"WebPage","@id":"https:\/\/1dronas.lt\/en\/produktas\/akumuliatorius-tattu-r-line-v6-1600mah-22-2v-6s-160c-lipo-xt60-sq\/","url":"https:\/\/1dronas.lt\/en\/produktas\/akumuliatorius-tattu-r-line-v6-1600mah-22-2v-6s-160c-lipo-xt60-sq\/","name":"Akumuliatorius Tattu R-Line V6 1600mAh 22.2V 6S 160C LiPo \u2013 XT60 [SQ] - 1dronas.lt","isPartOf":{"@id":"https:\/\/1dronas.lt\/en\/#website"},"primaryImageOfPage":{"@id":"https:\/\/1dronas.lt\/en\/produktas\/akumuliatorius-tattu-r-line-v6-1600mah-22-2v-6s-160c-lipo-xt60-sq\/#primaryimage"},"image":{"@id":"https:\/\/1dronas.lt\/en\/produktas\/akumuliatorius-tattu-r-line-v6-1600mah-22-2v-6s-160c-lipo-xt60-sq\/#primaryimage"},"thumbnailUrl":"https:\/\/1dronas.lt\/wp-content\/uploads\/2025\/09\/1_7362eebc-3343-41e7-9fad-bd25ebc8b797.webp","datePublished":"2025-09-04T20:10:53+00:00","dateModified":"2026-03-16T12:10:46+00:00","breadcrumb":{"@id":"https:\/\/1dronas.lt\/en\/produktas\/akumuliatorius-tattu-r-line-v6-1600mah-22-2v-6s-160c-lipo-xt60-sq\/#breadcrumb"},"inLanguage":"en-US","potentialAction":[{"@type":"ReadAction","target":["https:\/\/1dronas.lt\/en\/produktas\/akumuliatorius-tattu-r-line-v6-1600mah-22-2v-6s-160c-lipo-xt60-sq\/"]}]},{"@type":"ImageObject","inLanguage":"en-US","@id":"https:\/\/1dronas.lt\/en\/produktas\/akumuliatorius-tattu-r-line-v6-1600mah-22-2v-6s-160c-lipo-xt60-sq\/#primaryimage","url":"https:\/\/1dronas.lt\/wp-content\/uploads\/2025\/09\/1_7362eebc-3343-41e7-9fad-bd25ebc8b797.webp","contentUrl":"https:\/\/1dronas.lt\/wp-content\/uploads\/2025\/09\/1_7362eebc-3343-41e7-9fad-bd25ebc8b797.webp","width":900,"height":900},{"@type":"BreadcrumbList","@id":"https:\/\/1dronas.lt\/en\/produktas\/akumuliatorius-tattu-r-line-v6-1600mah-22-2v-6s-160c-lipo-xt60-sq\/#breadcrumb","itemListElement":[{"@type":"ListItem","position":1,"name":"Home","item":"https:\/\/1dronas.lt\/"},{"@type":"ListItem","position":2,"name":"Parduotuv\u0117","item":"https:\/\/1dronas.lt\/parduotuve\/"},{"@type":"ListItem","position":3,"name":"Akumuliatorius Tattu R-Line V6 1600mAh 22.2V 6S 160C LiPo \u2013 XT60 [SQ]"}]},{"@type":"WebSite","@id":"https:\/\/1dronas.lt\/en\/#website","url":"https:\/\/1dronas.lt\/en\/","name":"1dronas.lt","description":"Online store","publisher":{"@id":"https:\/\/1dronas.lt\/en\/#organization"},"potentialAction":[{"@type":"SearchAction","target":{"@type":"EntryPoint","urlTemplate":"https:\/\/1dronas.lt\/en\/?s={search_term_string}"},"query-input":{"@type":"PropertyValueSpecification","valueRequired":true,"valueName":"search_term_string"}}],"inLanguage":"en-US"},{"@type":"Organization","@id":"https:\/\/1dronas.lt\/en\/#organization","name":"1dronas.lt","url":"https:\/\/1dronas.lt\/en\/","logo":{"@type":"ImageObject","inLanguage":"en-US","@id":"https:\/\/1dronas.lt\/en\/#\/schema\/logo\/image\/","url":"https:\/\/1dronas.lt\/wp-content\/uploads\/2020\/12\/Ekrano_kopija__2_-removebg-preview-1-1.png","contentUrl":"https:\/\/1dronas.lt\/wp-content\/uploads\/2020\/12\/Ekrano_kopija__2_-removebg-preview-1-1.png","width":234,"height":81,"caption":"1dronas.lt"},"image":{"@id":"https:\/\/1dronas.lt\/en\/#\/schema\/logo\/image\/"},"sameAs":["https:\/\/www.facebook.com\/1dronas\/"]}]}},"jetpack_sharing_enabled":true,"_links":{"self":[{"href":"https:\/\/1dronas.lt\/en\/wp-json\/wp\/v2\/product\/11428","targetHints":{"allow":["GET"]}}],"collection":[{"href":"https:\/\/1dronas.lt\/en\/wp-json\/wp\/v2\/product"}],"about":[{"href":"https:\/\/1dronas.lt\/en\/wp-json\/wp\/v2\/types\/product"}],"replies":[{"embeddable":true,"href":"https:\/\/1dronas.lt\/en\/wp-json\/wp\/v2\/comments?post=11428"}],"wp:featuredmedia":[{"embeddable":true,"href":"https:\/\/1dronas.lt\/en\/wp-json\/wp\/v2\/media\/11441"}],"wp:attachment":[{"href":"https:\/\/1dronas.lt\/en\/wp-json\/wp\/v2\/media?parent=11428"}],"wp:term":[{"taxonomy":"product_brand","embeddable":true,"href":"https:\/\/1dronas.lt\/en\/wp-json\/wp\/v2\/product_brand?post=11428"},{"taxonomy":"product_cat","embeddable":true,"href":"https:\/\/1dronas.lt\/en\/wp-json\/wp\/v2\/product_cat?post=11428"},{"taxonomy":"product_tag","embeddable":true,"href":"https:\/\/1dronas.lt\/en\/wp-json\/wp\/v2\/product_tag?post=11428"}],"curies":[{"name":"wp","href":"https:\/\/api.w.org\/{rel}","templated":true}]}}