{"id":11404,"date":"2025-09-04T19:24:21","date_gmt":"2025-09-04T19:24:21","guid":{"rendered":"https:\/\/1dronas.lt\/?post_type=product&#038;p=11404"},"modified":"2025-12-11T13:39:07","modified_gmt":"2025-12-11T11:39:07","slug":"akumuliatorius-tattu-r-line-850mah-14-8v-4s-95c-lipo-xt30","status":"publish","type":"product","link":"https:\/\/1dronas.lt\/en\/produktas\/akumuliatorius-tattu-r-line-850mah-14-8v-4s-95c-lipo-xt30\/","title":{"rendered":"Tattu R-Line 850mAh 14.8V 4S 95C Lipo Battery \u2013 XT30"},"content":{"rendered":"<p>Tattu R-Line 850mAh 14.8V 95C 4S1P LiPo battery with XT30 connector. 95C discharge capacity ensures sufficient power even under heavy loads. The battery is compact and lightweight, making it perfect for FPV drones from 100 to 180 size.<\/p>\n<p>Tattu R-Line is a completely new product line specially designed for professional FPV racing. The batteries in this series provide higher capacity, lower internal resistance and lower temperatures after flight. R-Line batteries generally have the same specifications as the popular Toppilot batteries. There are different versions of R-Line adapted to different FPV racing needs.<\/p>\n<p><strong>Features:<\/strong><\/p>\n<p><strong>\u2022\u00a0<\/strong>Advanced manufacturing technology allows for 850 mAh capacity in an extremely compact body.<br \/>\n<strong>\u2022\u00a0<\/strong>High discharge rate and high energy density.<br \/>\n<strong>\u2022\u00a0<\/strong>Highest quality lithium polymer raw materials from Japan and South Korea.<\/p>\n<p><strong>Specifications:<\/strong><\/p>\n<p><strong>\u2022\u00a0<\/strong>Capacity: 850mAh;<br \/>\n<strong>\u2022<\/strong> Voltage: 4S1P \/ 14.8V \/ 4 cells;<br \/>\n<strong>\u2022\u00a0<\/strong>Discharge current: 95C;<br \/>\n<strong>\u2022\u00a0<\/strong>Weight (\u00b110g): 108g;<br \/>\n<strong>\u2022\u00a0<\/strong>Dimensions (\u00b15): 58 x 30 x 33 mm;<br \/>\n<strong>\u2022\u00a0<\/strong>Charging connector: JST-XHR-5P;<br \/>\n<strong>\u2022\u00a0<\/strong>Discharge connector: XT30.<\/p>\n<p><strong>Usage:<\/strong><\/p>\n<p>Tattu R-Line 850mAh 14.8V 95C 4S1P LiPo battery with XT30 connector is suitable for multirotor FPV drones from 100 to 180 size.<\/p>","protected":false},"excerpt":{"rendered":"<p><span style=\"color: #333333;\">The battery is compact and lightweight, making it perfect for FPV drones from 100 to 180 sizes.<\/span><\/p>\n<p><span style=\"color: #333333;\"><strong><img loading=\"lazy\" decoding=\"async\" class=\"alignnone wp-image-1806\" src=\"https:\/\/1dronas.lt\/wp-content\/uploads\/2021\/05\/delivery-icon.png.webp\" alt=\"\" width=\"24\" height=\"24\" srcset=\"https:\/\/1dronas.lt\/wp-content\/uploads\/2021\/05\/delivery-icon.png 35w, https:\/\/1dronas.lt\/wp-content\/uploads\/2021\/05\/delivery-icon-12x12.png 12w\" sizes=\"auto, (max-width: 24px) 100vw, 24px\" \/>\u00a0\u00a0\u00a0<span style=\"font-size: 90%;\">1 \u2013 2 days<\/span><\/strong><\/span><\/p>","protected":false},"featured_media":11426,"comment_status":"open","ping_status":"closed","template":"","meta":[],"product_brand":[706],"product_cat":[740],"product_tag":[94,446,720,710,239,980,558,716,707,93],"class_list":{"0":"post-11404","1":"product","2":"type-product","3":"status-publish","4":"has-post-thumbnail","6":"product_brand-tattu","7":"product_cat-4s-lipo-akumuliatoriai","8":"product_tag-4s","9":"product_tag-850mah","10":"product_tag-95c","11":"product_tag-akumuliatorius","12":"product_tag-baterija","13":"product_tag-black-friday","14":"product_tag-lipo","15":"product_tag-r-line","16":"product_tag-tattu","17":"product_tag-xt30","19":"first","20":"outofstock","21":"taxable","22":"shipping-taxable","23":"purchasable","24":"product-type-simple"},"yoast_head":"<!-- This site is optimized with the Yoast SEO plugin v27.4 - https:\/\/yoast.com\/product\/yoast-seo-wordpress\/ -->\n<title>Akumuliatorius Tattu R-Line 850mAh 14.8V 4S 95C Lipo \u2013 XT30 - 1dronas.lt<\/title>\n<meta name=\"robots\" content=\"index, follow, max-snippet:-1, max-image-preview:large, max-video-preview:-1\" \/>\n<link rel=\"canonical\" href=\"https:\/\/1dronas.lt\/en\/produktas\/akumuliatorius-tattu-r-line-850mah-14-8v-4s-95c-lipo-xt30\/\" \/>\n<meta property=\"og:locale\" content=\"en_US\" \/>\n<meta property=\"og:type\" content=\"article\" \/>\n<meta property=\"og:title\" content=\"Akumuliatorius Tattu R-Line 850mAh 14.8V 4S 95C Lipo \u2013 XT30 - 1dronas.lt\" \/>\n<meta property=\"og:description\" content=\"Akumuliatorius yra kompakti\u0161kas ir lengvas, tod\u0117l puikiai tinka FPV dronams nuo 100 iki 180 dyd\u017eio.  \u00a0\u00a0\u00a01 \u2013 2 d. d.\" \/>\n<meta property=\"og:url\" content=\"https:\/\/1dronas.lt\/en\/produktas\/akumuliatorius-tattu-r-line-850mah-14-8v-4s-95c-lipo-xt30\/\" \/>\n<meta property=\"og:site_name\" content=\"1dronas.lt\" \/>\n<meta property=\"article:publisher\" content=\"https:\/\/www.facebook.com\/1dronas\/\" \/>\n<meta property=\"article:modified_time\" content=\"2025-12-11T11:39:07+00:00\" \/>\n<meta property=\"og:image\" content=\"https:\/\/1dronas.lt\/wp-content\/uploads\/2025\/09\/Tattu_R-Line_850mAh_4S_14.8V_95C_Lipo_Battery_Pack_with_XT30_Plug-min.jpg\" \/>\n\t<meta property=\"og:image:width\" content=\"900\" \/>\n\t<meta property=\"og:image:height\" content=\"900\" \/>\n\t<meta property=\"og:image:type\" content=\"image\/jpeg\" \/>\n<meta name=\"twitter:card\" content=\"summary_large_image\" \/>\n<meta name=\"twitter:label1\" content=\"Est. reading time\" \/>\n\t<meta name=\"twitter:data1\" content=\"2 minutes\" \/>\n<script type=\"application\/ld+json\" class=\"yoast-schema-graph\">{\"@context\":\"https:\\\/\\\/schema.org\",\"@graph\":[{\"@type\":\"WebPage\",\"@id\":\"https:\\\/\\\/1dronas.lt\\\/en\\\/produktas\\\/akumuliatorius-tattu-r-line-850mah-14-8v-4s-95c-lipo-xt30\\\/\",\"url\":\"https:\\\/\\\/1dronas.lt\\\/en\\\/produktas\\\/akumuliatorius-tattu-r-line-850mah-14-8v-4s-95c-lipo-xt30\\\/\",\"name\":\"Akumuliatorius Tattu R-Line 850mAh 14.8V 4S 95C Lipo \u2013 XT30 - 1dronas.lt\",\"isPartOf\":{\"@id\":\"https:\\\/\\\/1dronas.lt\\\/en\\\/#website\"},\"primaryImageOfPage\":{\"@id\":\"https:\\\/\\\/1dronas.lt\\\/en\\\/produktas\\\/akumuliatorius-tattu-r-line-850mah-14-8v-4s-95c-lipo-xt30\\\/#primaryimage\"},\"image\":{\"@id\":\"https:\\\/\\\/1dronas.lt\\\/en\\\/produktas\\\/akumuliatorius-tattu-r-line-850mah-14-8v-4s-95c-lipo-xt30\\\/#primaryimage\"},\"thumbnailUrl\":\"https:\\\/\\\/1dronas.lt\\\/wp-content\\\/uploads\\\/2025\\\/09\\\/Tattu_R-Line_850mAh_4S_14.8V_95C_Lipo_Battery_Pack_with_XT30_Plug-min.jpg\",\"datePublished\":\"2025-09-04T19:24:21+00:00\",\"dateModified\":\"2025-12-11T11:39:07+00:00\",\"breadcrumb\":{\"@id\":\"https:\\\/\\\/1dronas.lt\\\/en\\\/produktas\\\/akumuliatorius-tattu-r-line-850mah-14-8v-4s-95c-lipo-xt30\\\/#breadcrumb\"},\"inLanguage\":\"en-US\",\"potentialAction\":[{\"@type\":\"ReadAction\",\"target\":[\"https:\\\/\\\/1dronas.lt\\\/en\\\/produktas\\\/akumuliatorius-tattu-r-line-850mah-14-8v-4s-95c-lipo-xt30\\\/\"]}]},{\"@type\":\"ImageObject\",\"inLanguage\":\"en-US\",\"@id\":\"https:\\\/\\\/1dronas.lt\\\/en\\\/produktas\\\/akumuliatorius-tattu-r-line-850mah-14-8v-4s-95c-lipo-xt30\\\/#primaryimage\",\"url\":\"https:\\\/\\\/1dronas.lt\\\/wp-content\\\/uploads\\\/2025\\\/09\\\/Tattu_R-Line_850mAh_4S_14.8V_95C_Lipo_Battery_Pack_with_XT30_Plug-min.jpg\",\"contentUrl\":\"https:\\\/\\\/1dronas.lt\\\/wp-content\\\/uploads\\\/2025\\\/09\\\/Tattu_R-Line_850mAh_4S_14.8V_95C_Lipo_Battery_Pack_with_XT30_Plug-min.jpg\",\"width\":900,\"height\":900},{\"@type\":\"BreadcrumbList\",\"@id\":\"https:\\\/\\\/1dronas.lt\\\/en\\\/produktas\\\/akumuliatorius-tattu-r-line-850mah-14-8v-4s-95c-lipo-xt30\\\/#breadcrumb\",\"itemListElement\":[{\"@type\":\"ListItem\",\"position\":1,\"name\":\"Home\",\"item\":\"https:\\\/\\\/1dronas.lt\\\/\"},{\"@type\":\"ListItem\",\"position\":2,\"name\":\"Parduotuv\u0117\",\"item\":\"https:\\\/\\\/1dronas.lt\\\/parduotuve\\\/\"},{\"@type\":\"ListItem\",\"position\":3,\"name\":\"Akumuliatorius Tattu R-Line 850mAh 14.8V 4S 95C Lipo \u2013 XT30\"}]},{\"@type\":\"WebSite\",\"@id\":\"https:\\\/\\\/1dronas.lt\\\/en\\\/#website\",\"url\":\"https:\\\/\\\/1dronas.lt\\\/en\\\/\",\"name\":\"1dronas.lt\",\"description\":\"Internetin\u0117 parduotuv\u0117\",\"publisher\":{\"@id\":\"https:\\\/\\\/1dronas.lt\\\/en\\\/#organization\"},\"potentialAction\":[{\"@type\":\"SearchAction\",\"target\":{\"@type\":\"EntryPoint\",\"urlTemplate\":\"https:\\\/\\\/1dronas.lt\\\/en\\\/?s={search_term_string}\"},\"query-input\":{\"@type\":\"PropertyValueSpecification\",\"valueRequired\":true,\"valueName\":\"search_term_string\"}}],\"inLanguage\":\"en-US\"},{\"@type\":\"Organization\",\"@id\":\"https:\\\/\\\/1dronas.lt\\\/en\\\/#organization\",\"name\":\"1dronas.lt\",\"url\":\"https:\\\/\\\/1dronas.lt\\\/en\\\/\",\"logo\":{\"@type\":\"ImageObject\",\"inLanguage\":\"en-US\",\"@id\":\"https:\\\/\\\/1dronas.lt\\\/en\\\/#\\\/schema\\\/logo\\\/image\\\/\",\"url\":\"https:\\\/\\\/1dronas.lt\\\/wp-content\\\/uploads\\\/2020\\\/12\\\/Ekrano_kopija__2_-removebg-preview-1-1.png\",\"contentUrl\":\"https:\\\/\\\/1dronas.lt\\\/wp-content\\\/uploads\\\/2020\\\/12\\\/Ekrano_kopija__2_-removebg-preview-1-1.png\",\"width\":234,\"height\":81,\"caption\":\"1dronas.lt\"},\"image\":{\"@id\":\"https:\\\/\\\/1dronas.lt\\\/en\\\/#\\\/schema\\\/logo\\\/image\\\/\"},\"sameAs\":[\"https:\\\/\\\/www.facebook.com\\\/1dronas\\\/\"]}]}<\/script>\n<!-- \/ Yoast SEO plugin. -->","yoast_head_json":{"title":"Tattu R-Line 850mAh 14.8V 4S 95C Lipo Battery \u2013 XT30 - 1dronas.lt","robots":{"index":"index","follow":"follow","max-snippet":"max-snippet:-1","max-image-preview":"max-image-preview:large","max-video-preview":"max-video-preview:-1"},"canonical":"https:\/\/1dronas.lt\/en\/produktas\/akumuliatorius-tattu-r-line-850mah-14-8v-4s-95c-lipo-xt30\/","og_locale":"en_US","og_type":"article","og_title":"Akumuliatorius Tattu R-Line 850mAh 14.8V 4S 95C Lipo \u2013 XT30 - 1dronas.lt","og_description":"Akumuliatorius yra kompakti\u0161kas ir lengvas, tod\u0117l puikiai tinka FPV dronams nuo 100 iki 180 dyd\u017eio.  \u00a0\u00a0\u00a01 \u2013 2 d. d.","og_url":"https:\/\/1dronas.lt\/en\/produktas\/akumuliatorius-tattu-r-line-850mah-14-8v-4s-95c-lipo-xt30\/","og_site_name":"1dronas.lt","article_publisher":"https:\/\/www.facebook.com\/1dronas\/","article_modified_time":"2025-12-11T11:39:07+00:00","og_image":[{"width":900,"height":900,"url":"https:\/\/1dronas.lt\/wp-content\/uploads\/2025\/09\/Tattu_R-Line_850mAh_4S_14.8V_95C_Lipo_Battery_Pack_with_XT30_Plug-min.jpg","type":"image\/jpeg"}],"twitter_card":"summary_large_image","twitter_misc":{"Est. reading time":"2 minutes"},"schema":{"@context":"https:\/\/schema.org","@graph":[{"@type":"WebPage","@id":"https:\/\/1dronas.lt\/en\/produktas\/akumuliatorius-tattu-r-line-850mah-14-8v-4s-95c-lipo-xt30\/","url":"https:\/\/1dronas.lt\/en\/produktas\/akumuliatorius-tattu-r-line-850mah-14-8v-4s-95c-lipo-xt30\/","name":"Tattu R-Line 850mAh 14.8V 4S 95C Lipo Battery \u2013 XT30 - 1dronas.lt","isPartOf":{"@id":"https:\/\/1dronas.lt\/en\/#website"},"primaryImageOfPage":{"@id":"https:\/\/1dronas.lt\/en\/produktas\/akumuliatorius-tattu-r-line-850mah-14-8v-4s-95c-lipo-xt30\/#primaryimage"},"image":{"@id":"https:\/\/1dronas.lt\/en\/produktas\/akumuliatorius-tattu-r-line-850mah-14-8v-4s-95c-lipo-xt30\/#primaryimage"},"thumbnailUrl":"https:\/\/1dronas.lt\/wp-content\/uploads\/2025\/09\/Tattu_R-Line_850mAh_4S_14.8V_95C_Lipo_Battery_Pack_with_XT30_Plug-min.jpg","datePublished":"2025-09-04T19:24:21+00:00","dateModified":"2025-12-11T11:39:07+00:00","breadcrumb":{"@id":"https:\/\/1dronas.lt\/en\/produktas\/akumuliatorius-tattu-r-line-850mah-14-8v-4s-95c-lipo-xt30\/#breadcrumb"},"inLanguage":"en-US","potentialAction":[{"@type":"ReadAction","target":["https:\/\/1dronas.lt\/en\/produktas\/akumuliatorius-tattu-r-line-850mah-14-8v-4s-95c-lipo-xt30\/"]}]},{"@type":"ImageObject","inLanguage":"en-US","@id":"https:\/\/1dronas.lt\/en\/produktas\/akumuliatorius-tattu-r-line-850mah-14-8v-4s-95c-lipo-xt30\/#primaryimage","url":"https:\/\/1dronas.lt\/wp-content\/uploads\/2025\/09\/Tattu_R-Line_850mAh_4S_14.8V_95C_Lipo_Battery_Pack_with_XT30_Plug-min.jpg","contentUrl":"https:\/\/1dronas.lt\/wp-content\/uploads\/2025\/09\/Tattu_R-Line_850mAh_4S_14.8V_95C_Lipo_Battery_Pack_with_XT30_Plug-min.jpg","width":900,"height":900},{"@type":"BreadcrumbList","@id":"https:\/\/1dronas.lt\/en\/produktas\/akumuliatorius-tattu-r-line-850mah-14-8v-4s-95c-lipo-xt30\/#breadcrumb","itemListElement":[{"@type":"ListItem","position":1,"name":"Home","item":"https:\/\/1dronas.lt\/"},{"@type":"ListItem","position":2,"name":"Parduotuv\u0117","item":"https:\/\/1dronas.lt\/parduotuve\/"},{"@type":"ListItem","position":3,"name":"Akumuliatorius Tattu R-Line 850mAh 14.8V 4S 95C Lipo \u2013 XT30"}]},{"@type":"WebSite","@id":"https:\/\/1dronas.lt\/en\/#website","url":"https:\/\/1dronas.lt\/en\/","name":"1dronas.lt","description":"Online store","publisher":{"@id":"https:\/\/1dronas.lt\/en\/#organization"},"potentialAction":[{"@type":"SearchAction","target":{"@type":"EntryPoint","urlTemplate":"https:\/\/1dronas.lt\/en\/?s={search_term_string}"},"query-input":{"@type":"PropertyValueSpecification","valueRequired":true,"valueName":"search_term_string"}}],"inLanguage":"en-US"},{"@type":"Organization","@id":"https:\/\/1dronas.lt\/en\/#organization","name":"1dronas.lt","url":"https:\/\/1dronas.lt\/en\/","logo":{"@type":"ImageObject","inLanguage":"en-US","@id":"https:\/\/1dronas.lt\/en\/#\/schema\/logo\/image\/","url":"https:\/\/1dronas.lt\/wp-content\/uploads\/2020\/12\/Ekrano_kopija__2_-removebg-preview-1-1.png","contentUrl":"https:\/\/1dronas.lt\/wp-content\/uploads\/2020\/12\/Ekrano_kopija__2_-removebg-preview-1-1.png","width":234,"height":81,"caption":"1dronas.lt"},"image":{"@id":"https:\/\/1dronas.lt\/en\/#\/schema\/logo\/image\/"},"sameAs":["https:\/\/www.facebook.com\/1dronas\/"]}]}},"jetpack_sharing_enabled":true,"_links":{"self":[{"href":"https:\/\/1dronas.lt\/en\/wp-json\/wp\/v2\/product\/11404","targetHints":{"allow":["GET"]}}],"collection":[{"href":"https:\/\/1dronas.lt\/en\/wp-json\/wp\/v2\/product"}],"about":[{"href":"https:\/\/1dronas.lt\/en\/wp-json\/wp\/v2\/types\/product"}],"replies":[{"embeddable":true,"href":"https:\/\/1dronas.lt\/en\/wp-json\/wp\/v2\/comments?post=11404"}],"wp:featuredmedia":[{"embeddable":true,"href":"https:\/\/1dronas.lt\/en\/wp-json\/wp\/v2\/media\/11426"}],"wp:attachment":[{"href":"https:\/\/1dronas.lt\/en\/wp-json\/wp\/v2\/media?parent=11404"}],"wp:term":[{"taxonomy":"product_brand","embeddable":true,"href":"https:\/\/1dronas.lt\/en\/wp-json\/wp\/v2\/product_brand?post=11404"},{"taxonomy":"product_cat","embeddable":true,"href":"https:\/\/1dronas.lt\/en\/wp-json\/wp\/v2\/product_cat?post=11404"},{"taxonomy":"product_tag","embeddable":true,"href":"https:\/\/1dronas.lt\/en\/wp-json\/wp\/v2\/product_tag?post=11404"}],"curies":[{"name":"wp","href":"https:\/\/api.w.org\/{rel}","templated":true}]}}