{"id":11328,"date":"2025-08-28T18:15:15","date_gmt":"2025-08-28T18:15:15","guid":{"rendered":"https:\/\/1dronas.lt\/?post_type=product&#038;p=11328"},"modified":"2025-12-01T00:27:14","modified_gmt":"2025-11-30T22:27:14","slug":"geprc-gep-vapor-d5-remas","status":"publish","type":"product","link":"https:\/\/1dronas.lt\/en\/produktas\/geprc-gep-vapor-d5-remas\/","title":{"rendered":"GEPRC GEP-Vapor-D5 frame"},"content":{"rendered":"<p data-start=\"40\" data-end=\"577\"><strong>Specification:<\/strong><\/p>\n<p data-start=\"40\" data-end=\"577\"><strong>\u2022<\/strong> Model: GEP-Vapor-D5 Frame;<br \/>\n<strong>\u2022<\/strong> Wheelbase: 238.4 mm;<br \/>\n<strong>\u2022<\/strong> Top plate thickness: 2.0 mm;<br \/>\n<strong>\u2022<\/strong> Middle plate thickness: 2.0 mm;<br \/>\n<strong>\u2022<\/strong> Lever (arm) thickness: 5.0 mm;<br \/>\n<strong>\u2022<\/strong> Bottom plate thickness: 2.5 mm;<br \/>\n<strong>\u2022<\/strong> FC mounting holes: 20\u00d720 mm \/ 30.5\u00d730.5 mm;<br \/>\n<strong>\u2022<\/strong> VTX mounting holes: 20\u00d720 mm \/ 25\u00d725 mm \/ 30.5\u00d730.5 mm;<br \/>\n<strong>\u2022<\/strong> Motor mounting holes: 16\u00d716 mm;<br \/>\n<strong>\u2022<\/strong> Camera mounting width: 19 mm \/ 20 mm;<br \/>\n<strong>\u2022<\/strong> Recommended propellers: 5 inches;<br \/>\n<strong>\u2022<\/strong> Weight: 200.8g \u00b12g.<\/p>\n<p data-start=\"40\" data-end=\"577\"><strong>Package:<\/strong><\/p>\n<p data-start=\"40\" data-end=\"577\">1x GEP-Vapor-D5 Frame;<br \/>\n2x M20*250 mm battery straps;<br \/>\n2x Silicone battery pads;<br \/>\n1x Screw set;<br \/>\n1x set of 3D printed parts;<br \/>\n1x L-shaped screwdriver (1.5 mm);<br \/>\n1x L-shaped screwdriver (2 mm);<br \/>\n1x L-shaped screwdriver (3 mm)<br \/>\n1x M8 wrench.<\/p>\n<p data-start=\"40\" data-end=\"577\"><img loading=\"lazy\" decoding=\"async\" class=\"alignnone wp-image-11335 size-full\" src=\"https:\/\/1dronas.lt\/wp-content\/uploads\/2025\/08\/11-1-min.jpg\" alt=\"\" width=\"1200\" height=\"1474\" srcset=\"https:\/\/1dronas.lt\/wp-content\/uploads\/2025\/08\/11-1-min.jpg 1200w, https:\/\/1dronas.lt\/wp-content\/uploads\/2025\/08\/11-1-min-244x300.jpg 244w, https:\/\/1dronas.lt\/wp-content\/uploads\/2025\/08\/11-1-min-834x1024.jpg 834w, https:\/\/1dronas.lt\/wp-content\/uploads\/2025\/08\/11-1-min-768x943.jpg 768w, https:\/\/1dronas.lt\/wp-content\/uploads\/2025\/08\/11-1-min-10x12.jpg 10w, https:\/\/1dronas.lt\/wp-content\/uploads\/2025\/08\/11-1-min-510x626.jpg 510w\" sizes=\"auto, (max-width: 1200px) 100vw, 1200px\" \/><\/p>","protected":false},"excerpt":{"rendered":"<p><span style=\"color: #000000;\">The frame is made of high-quality carbon fiber - the construction is lightweight, but at the same time extremely strong.<\/span><\/p>\n<p><span style=\"color: #000000;\"><strong><img loading=\"lazy\" decoding=\"async\" class=\"alignnone wp-image-1806\" src=\"https:\/\/1dronas.lt\/wp-content\/uploads\/2021\/05\/delivery-icon.png\" alt=\"\" width=\"24\" height=\"24\" srcset=\"https:\/\/1dronas.lt\/wp-content\/uploads\/2021\/05\/delivery-icon.png 35w, https:\/\/1dronas.lt\/wp-content\/uploads\/2021\/05\/delivery-icon-12x12.png 12w\" sizes=\"auto, (max-width: 24px) 100vw, 24px\" \/>\u00a0 \u00a01 \u2013 2 days<\/strong><\/span><\/p>","protected":false},"featured_media":11329,"comment_status":"open","ping_status":"closed","template":"","meta":[],"product_brand":[592],"product_cat":[688],"product_tag":[980,788,593],"class_list":{"0":"post-11328","1":"product","2":"type-product","3":"status-publish","4":"has-post-thumbnail","6":"product_brand-geprc","7":"product_cat-5-coliu-remai","8":"product_tag-black-friday","9":"product_tag-gep-vapor-d5","10":"product_tag-geprc","12":"first","13":"instock","14":"taxable","15":"shipping-taxable","16":"purchasable","17":"product-type-simple"},"yoast_head":"<!-- This site is optimized with the Yoast SEO plugin v27.4 - https:\/\/yoast.com\/product\/yoast-seo-wordpress\/ -->\n<title>GEPRC GEP-Vapor-D5 r\u0117mas - 1dronas.lt<\/title>\n<meta name=\"robots\" content=\"index, follow, max-snippet:-1, max-image-preview:large, max-video-preview:-1\" \/>\n<link rel=\"canonical\" href=\"https:\/\/1dronas.lt\/en\/produktas\/geprc-gep-vapor-d5-remas\/\" \/>\n<meta property=\"og:locale\" content=\"en_US\" \/>\n<meta property=\"og:type\" content=\"article\" \/>\n<meta property=\"og:title\" content=\"GEPRC GEP-Vapor-D5 r\u0117mas - 1dronas.lt\" \/>\n<meta property=\"og:description\" content=\"R\u0117mas pagamintas i\u0161 auk\u0161tos kokyb\u0117s anglies pluo\u0161to \u2013 konstrukcija yra lengva, bet kartu ir itin tvirta.  \u00a0 \u00a01 \u2013 2 d. d.\" \/>\n<meta property=\"og:url\" content=\"https:\/\/1dronas.lt\/en\/produktas\/geprc-gep-vapor-d5-remas\/\" \/>\n<meta property=\"og:site_name\" content=\"1dronas.lt\" \/>\n<meta property=\"article:publisher\" content=\"https:\/\/www.facebook.com\/1dronas\/\" \/>\n<meta property=\"article:modified_time\" content=\"2025-11-30T22:27:14+00:00\" \/>\n<meta property=\"og:image\" content=\"https:\/\/1dronas.lt\/wp-content\/uploads\/2025\/08\/1_Main_0001-min.jpg\" \/>\n\t<meta property=\"og:image:width\" content=\"2000\" \/>\n\t<meta property=\"og:image:height\" content=\"2000\" \/>\n\t<meta property=\"og:image:type\" content=\"image\/jpeg\" \/>\n<meta name=\"twitter:card\" content=\"summary_large_image\" \/>\n<meta name=\"twitter:label1\" content=\"Est. reading time\" \/>\n\t<meta name=\"twitter:data1\" content=\"2 minutes\" \/>\n<script type=\"application\/ld+json\" class=\"yoast-schema-graph\">{\"@context\":\"https:\\\/\\\/schema.org\",\"@graph\":[{\"@type\":\"WebPage\",\"@id\":\"https:\\\/\\\/1dronas.lt\\\/en\\\/produktas\\\/geprc-gep-vapor-d5-remas\\\/\",\"url\":\"https:\\\/\\\/1dronas.lt\\\/en\\\/produktas\\\/geprc-gep-vapor-d5-remas\\\/\",\"name\":\"GEPRC GEP-Vapor-D5 r\u0117mas - 1dronas.lt\",\"isPartOf\":{\"@id\":\"https:\\\/\\\/1dronas.lt\\\/en\\\/#website\"},\"primaryImageOfPage\":{\"@id\":\"https:\\\/\\\/1dronas.lt\\\/en\\\/produktas\\\/geprc-gep-vapor-d5-remas\\\/#primaryimage\"},\"image\":{\"@id\":\"https:\\\/\\\/1dronas.lt\\\/en\\\/produktas\\\/geprc-gep-vapor-d5-remas\\\/#primaryimage\"},\"thumbnailUrl\":\"https:\\\/\\\/1dronas.lt\\\/wp-content\\\/uploads\\\/2025\\\/08\\\/1_Main_0001-min.jpg\",\"datePublished\":\"2025-08-28T18:15:15+00:00\",\"dateModified\":\"2025-11-30T22:27:14+00:00\",\"breadcrumb\":{\"@id\":\"https:\\\/\\\/1dronas.lt\\\/en\\\/produktas\\\/geprc-gep-vapor-d5-remas\\\/#breadcrumb\"},\"inLanguage\":\"en-US\",\"potentialAction\":[{\"@type\":\"ReadAction\",\"target\":[\"https:\\\/\\\/1dronas.lt\\\/en\\\/produktas\\\/geprc-gep-vapor-d5-remas\\\/\"]}]},{\"@type\":\"ImageObject\",\"inLanguage\":\"en-US\",\"@id\":\"https:\\\/\\\/1dronas.lt\\\/en\\\/produktas\\\/geprc-gep-vapor-d5-remas\\\/#primaryimage\",\"url\":\"https:\\\/\\\/1dronas.lt\\\/wp-content\\\/uploads\\\/2025\\\/08\\\/1_Main_0001-min.jpg\",\"contentUrl\":\"https:\\\/\\\/1dronas.lt\\\/wp-content\\\/uploads\\\/2025\\\/08\\\/1_Main_0001-min.jpg\",\"width\":2000,\"height\":2000},{\"@type\":\"BreadcrumbList\",\"@id\":\"https:\\\/\\\/1dronas.lt\\\/en\\\/produktas\\\/geprc-gep-vapor-d5-remas\\\/#breadcrumb\",\"itemListElement\":[{\"@type\":\"ListItem\",\"position\":1,\"name\":\"Home\",\"item\":\"https:\\\/\\\/1dronas.lt\\\/\"},{\"@type\":\"ListItem\",\"position\":2,\"name\":\"Parduotuv\u0117\",\"item\":\"https:\\\/\\\/1dronas.lt\\\/parduotuve\\\/\"},{\"@type\":\"ListItem\",\"position\":3,\"name\":\"GEPRC GEP-Vapor-D5 r\u0117mas\"}]},{\"@type\":\"WebSite\",\"@id\":\"https:\\\/\\\/1dronas.lt\\\/en\\\/#website\",\"url\":\"https:\\\/\\\/1dronas.lt\\\/en\\\/\",\"name\":\"1dronas.lt\",\"description\":\"Internetin\u0117 parduotuv\u0117\",\"publisher\":{\"@id\":\"https:\\\/\\\/1dronas.lt\\\/en\\\/#organization\"},\"potentialAction\":[{\"@type\":\"SearchAction\",\"target\":{\"@type\":\"EntryPoint\",\"urlTemplate\":\"https:\\\/\\\/1dronas.lt\\\/en\\\/?s={search_term_string}\"},\"query-input\":{\"@type\":\"PropertyValueSpecification\",\"valueRequired\":true,\"valueName\":\"search_term_string\"}}],\"inLanguage\":\"en-US\"},{\"@type\":\"Organization\",\"@id\":\"https:\\\/\\\/1dronas.lt\\\/en\\\/#organization\",\"name\":\"1dronas.lt\",\"url\":\"https:\\\/\\\/1dronas.lt\\\/en\\\/\",\"logo\":{\"@type\":\"ImageObject\",\"inLanguage\":\"en-US\",\"@id\":\"https:\\\/\\\/1dronas.lt\\\/en\\\/#\\\/schema\\\/logo\\\/image\\\/\",\"url\":\"https:\\\/\\\/1dronas.lt\\\/wp-content\\\/uploads\\\/2020\\\/12\\\/Ekrano_kopija__2_-removebg-preview-1-1.png\",\"contentUrl\":\"https:\\\/\\\/1dronas.lt\\\/wp-content\\\/uploads\\\/2020\\\/12\\\/Ekrano_kopija__2_-removebg-preview-1-1.png\",\"width\":234,\"height\":81,\"caption\":\"1dronas.lt\"},\"image\":{\"@id\":\"https:\\\/\\\/1dronas.lt\\\/en\\\/#\\\/schema\\\/logo\\\/image\\\/\"},\"sameAs\":[\"https:\\\/\\\/www.facebook.com\\\/1dronas\\\/\"]}]}<\/script>\n<!-- \/ Yoast SEO plugin. -->","yoast_head_json":{"title":"GEPRC GEP-Vapor-D5 frame - 1dronas.lt","robots":{"index":"index","follow":"follow","max-snippet":"max-snippet:-1","max-image-preview":"max-image-preview:large","max-video-preview":"max-video-preview:-1"},"canonical":"https:\/\/1dronas.lt\/en\/produktas\/geprc-gep-vapor-d5-remas\/","og_locale":"en_US","og_type":"article","og_title":"GEPRC GEP-Vapor-D5 r\u0117mas - 1dronas.lt","og_description":"R\u0117mas pagamintas i\u0161 auk\u0161tos kokyb\u0117s anglies pluo\u0161to \u2013 konstrukcija yra lengva, bet kartu ir itin tvirta.  \u00a0 \u00a01 \u2013 2 d. d.","og_url":"https:\/\/1dronas.lt\/en\/produktas\/geprc-gep-vapor-d5-remas\/","og_site_name":"1dronas.lt","article_publisher":"https:\/\/www.facebook.com\/1dronas\/","article_modified_time":"2025-11-30T22:27:14+00:00","og_image":[{"width":2000,"height":2000,"url":"https:\/\/1dronas.lt\/wp-content\/uploads\/2025\/08\/1_Main_0001-min.jpg","type":"image\/jpeg"}],"twitter_card":"summary_large_image","twitter_misc":{"Est. reading time":"2 minutes"},"schema":{"@context":"https:\/\/schema.org","@graph":[{"@type":"WebPage","@id":"https:\/\/1dronas.lt\/en\/produktas\/geprc-gep-vapor-d5-remas\/","url":"https:\/\/1dronas.lt\/en\/produktas\/geprc-gep-vapor-d5-remas\/","name":"GEPRC GEP-Vapor-D5 frame - 1dronas.lt","isPartOf":{"@id":"https:\/\/1dronas.lt\/en\/#website"},"primaryImageOfPage":{"@id":"https:\/\/1dronas.lt\/en\/produktas\/geprc-gep-vapor-d5-remas\/#primaryimage"},"image":{"@id":"https:\/\/1dronas.lt\/en\/produktas\/geprc-gep-vapor-d5-remas\/#primaryimage"},"thumbnailUrl":"https:\/\/1dronas.lt\/wp-content\/uploads\/2025\/08\/1_Main_0001-min.jpg","datePublished":"2025-08-28T18:15:15+00:00","dateModified":"2025-11-30T22:27:14+00:00","breadcrumb":{"@id":"https:\/\/1dronas.lt\/en\/produktas\/geprc-gep-vapor-d5-remas\/#breadcrumb"},"inLanguage":"en-US","potentialAction":[{"@type":"ReadAction","target":["https:\/\/1dronas.lt\/en\/produktas\/geprc-gep-vapor-d5-remas\/"]}]},{"@type":"ImageObject","inLanguage":"en-US","@id":"https:\/\/1dronas.lt\/en\/produktas\/geprc-gep-vapor-d5-remas\/#primaryimage","url":"https:\/\/1dronas.lt\/wp-content\/uploads\/2025\/08\/1_Main_0001-min.jpg","contentUrl":"https:\/\/1dronas.lt\/wp-content\/uploads\/2025\/08\/1_Main_0001-min.jpg","width":2000,"height":2000},{"@type":"BreadcrumbList","@id":"https:\/\/1dronas.lt\/en\/produktas\/geprc-gep-vapor-d5-remas\/#breadcrumb","itemListElement":[{"@type":"ListItem","position":1,"name":"Home","item":"https:\/\/1dronas.lt\/"},{"@type":"ListItem","position":2,"name":"Parduotuv\u0117","item":"https:\/\/1dronas.lt\/parduotuve\/"},{"@type":"ListItem","position":3,"name":"GEPRC GEP-Vapor-D5 r\u0117mas"}]},{"@type":"WebSite","@id":"https:\/\/1dronas.lt\/en\/#website","url":"https:\/\/1dronas.lt\/en\/","name":"1dronas.lt","description":"Online store","publisher":{"@id":"https:\/\/1dronas.lt\/en\/#organization"},"potentialAction":[{"@type":"SearchAction","target":{"@type":"EntryPoint","urlTemplate":"https:\/\/1dronas.lt\/en\/?s={search_term_string}"},"query-input":{"@type":"PropertyValueSpecification","valueRequired":true,"valueName":"search_term_string"}}],"inLanguage":"en-US"},{"@type":"Organization","@id":"https:\/\/1dronas.lt\/en\/#organization","name":"1dronas.lt","url":"https:\/\/1dronas.lt\/en\/","logo":{"@type":"ImageObject","inLanguage":"en-US","@id":"https:\/\/1dronas.lt\/en\/#\/schema\/logo\/image\/","url":"https:\/\/1dronas.lt\/wp-content\/uploads\/2020\/12\/Ekrano_kopija__2_-removebg-preview-1-1.png","contentUrl":"https:\/\/1dronas.lt\/wp-content\/uploads\/2020\/12\/Ekrano_kopija__2_-removebg-preview-1-1.png","width":234,"height":81,"caption":"1dronas.lt"},"image":{"@id":"https:\/\/1dronas.lt\/en\/#\/schema\/logo\/image\/"},"sameAs":["https:\/\/www.facebook.com\/1dronas\/"]}]}},"jetpack_sharing_enabled":true,"_links":{"self":[{"href":"https:\/\/1dronas.lt\/en\/wp-json\/wp\/v2\/product\/11328","targetHints":{"allow":["GET"]}}],"collection":[{"href":"https:\/\/1dronas.lt\/en\/wp-json\/wp\/v2\/product"}],"about":[{"href":"https:\/\/1dronas.lt\/en\/wp-json\/wp\/v2\/types\/product"}],"replies":[{"embeddable":true,"href":"https:\/\/1dronas.lt\/en\/wp-json\/wp\/v2\/comments?post=11328"}],"wp:featuredmedia":[{"embeddable":true,"href":"https:\/\/1dronas.lt\/en\/wp-json\/wp\/v2\/media\/11329"}],"wp:attachment":[{"href":"https:\/\/1dronas.lt\/en\/wp-json\/wp\/v2\/media?parent=11328"}],"wp:term":[{"taxonomy":"product_brand","embeddable":true,"href":"https:\/\/1dronas.lt\/en\/wp-json\/wp\/v2\/product_brand?post=11328"},{"taxonomy":"product_cat","embeddable":true,"href":"https:\/\/1dronas.lt\/en\/wp-json\/wp\/v2\/product_cat?post=11328"},{"taxonomy":"product_tag","embeddable":true,"href":"https:\/\/1dronas.lt\/en\/wp-json\/wp\/v2\/product_tag?post=11328"}],"curies":[{"name":"wp","href":"https:\/\/api.w.org\/{rel}","templated":true}]}}