{"id":11327,"date":"2025-08-28T17:38:13","date_gmt":"2025-08-28T17:38:13","guid":{"rendered":"https:\/\/1dronas.lt\/?post_type=product&#038;p=11327"},"modified":"2025-12-01T00:27:14","modified_gmt":"2025-11-30T22:27:14","slug":"geprc-vapor-d5-6s-wasp-gps-elrs-2-4ghz","status":"publish","type":"product","link":"https:\/\/1dronas.lt\/en\/produktas\/geprc-vapor-d5-6s-wasp-gps-elrs-2-4ghz\/","title":{"rendered":"GEPRC Vapor-D5 6S Wasp GPS ELRS 2.4GHz"},"content":{"rendered":"<p data-start=\"133\" data-end=\"491\"><img loading=\"lazy\" decoding=\"async\" class=\"alignnone wp-image-11254 size-full\" src=\"https:\/\/1dronas.lt\/wp-content\/uploads\/2025\/08\/\u5b98\u7f51-min.jpg\" alt=\"\" width=\"1920\" height=\"900\" srcset=\"https:\/\/1dronas.lt\/wp-content\/uploads\/2025\/08\/\u5b98\u7f51-min.jpg 1920w, https:\/\/1dronas.lt\/wp-content\/uploads\/2025\/08\/\u5b98\u7f51-min-300x141.jpg 300w, https:\/\/1dronas.lt\/wp-content\/uploads\/2025\/08\/\u5b98\u7f51-min-1024x480.jpg 1024w, https:\/\/1dronas.lt\/wp-content\/uploads\/2025\/08\/\u5b98\u7f51-min-768x360.jpg 768w, https:\/\/1dronas.lt\/wp-content\/uploads\/2025\/08\/\u5b98\u7f51-min-1536x720.jpg 1536w, https:\/\/1dronas.lt\/wp-content\/uploads\/2025\/08\/\u5b98\u7f51-min-18x8.jpg 18w, https:\/\/1dronas.lt\/wp-content\/uploads\/2025\/08\/\u5b98\u7f51-min-510x239.jpg 510w\" sizes=\"auto, (max-width: 1920px) 100vw, 1920px\" \/><\/p>\n<p data-start=\"133\" data-end=\"491\">The drone features exceptional flight performance, powered by the TAKER H60_BLS 60A 4-in-1 ESC and GEP-F722-HD V2 flight controller. The unique DC design ensures that the propellers are out of the frame during flight, improving image quality and flight enjoyment. The sleek CNC aluminum alloy side panels give the Vapor-D a combination of style and durability.<\/p>\n<p data-start=\"493\" data-end=\"587\"><strong>Features:<\/strong><\/p>\n<p data-start=\"493\" data-end=\"587\"><strong>\u2022<\/strong> The DC design combined with the TAKER H60_BLS 60A 4-in-1 ESC and GEP-F722-HD V2 FC ensures stable flight and excellent filming quality;<br \/>\n<strong>\u2022<\/strong> GEPRC SPEEDX2 E-series motors provide more maneuverability and power for impressive aerial shots;<br \/>\n<strong>\u2022<\/strong> Sleek CNC aluminum alloy side panels provide stylish and durable camera protection;<br \/>\n<strong>\u2022<\/strong> The front camera guard reliably protects the camera during flight;<\/p>\n<p data-start=\"493\" data-end=\"587\"><strong>Specification:<\/strong><\/p>\n<p data-start=\"493\" data-end=\"587\"><strong>\u2022<\/strong> Model: Vapor-D5 Analog;<br \/>\n<strong>\u2022<\/strong> Frame: GEP-Vapor-D5 frame;<br \/>\n<strong>\u2022<\/strong> Wheelbase: 238.43 mm;<br \/>\n<strong>\u2022<\/strong> Top plate: 2.0 mm;<br \/>\n<strong>\u2022<\/strong> Middle plate: 2.0 mm;<br \/>\n<strong>\u2022<\/strong> Bottom plate: 2.5 mm;<br \/>\n<strong>\u2022<\/strong> Lever thickness: 5.0 mm;<br \/>\n<strong>\u2022<\/strong> Flight Controller (FC): GEP-F722-HD v2;<br \/>\n<strong>\u2022<\/strong> MCU: STM32F722;<br \/>\n<strong>\u2022<\/strong> Gyroscope: ICM42688-P (SPI);<br \/>\n<strong>\u2022<\/strong> Barometer: BMP280;<br \/>\n<strong>\u2022<\/strong> OSD: Betaflight OSD with AT7456E;<br \/>\n<strong>\u2022<\/strong> ESC: TAKER H60_BLS 60A 4IN1 ESC;<br \/>\n<strong>\u2022<\/strong> VTX: RunCam Link;<br \/>\n<strong>\u2022<\/strong> Camera: Wasp;<br \/>\n<strong>\u2022<\/strong> Antenna: GEPRC Momoda2 5.8G Antenna RHCP SMA 90mm;<br \/>\n<strong>\u2022<\/strong> Connector: XT60;<br \/>\n<strong>\u2022<\/strong> Additionally: GEP-M10 GPS;<br \/>\n<strong>\u2022<\/strong> Motors: GEPRC SPEEDX2 2207E 1960 KV;<br \/>\n<strong>\u2022<\/strong> Propellers: GEMFAN 5136;<br \/>\n<strong>\u2022<\/strong> Receiver: GEPRC ELRS24;<br \/>\n<strong>\u2022<\/strong> Recommended battery: 6S LiPo 1550mAh \u2013 2200mAh;<br \/>\n<strong>\u2022<\/strong> Flight time: 13\u201317 min.<\/p>\n<p data-start=\"493\" data-end=\"587\"><strong>Package:<\/strong><\/p>\n<p data-start=\"493\" data-end=\"587\">1x Vapor-D5 Analog;<br \/>\n2x GEMFAN 5136;<br \/>\n2x Non-slip battery pads;<br \/>\n1x Spare screw set;<br \/>\n2x M20*250 mm battery straps;<br \/>\n1x L-shaped screwdriver 1.5 mm;<br \/>\n1x L-shaped screwdriver 2.0 mm;<br \/>\n1x GoPro mount.<\/p>","protected":false},"excerpt":{"rendered":"<p><span style=\"color: #000000;\">The drone has exceptional flight characteristics, which are ensured by closely coordinated components.<\/span><\/p>\n<p><span style=\"color: #000000;\"><strong><img loading=\"lazy\" decoding=\"async\" class=\"alignnone wp-image-1806\" src=\"https:\/\/1dronas.lt\/wp-content\/uploads\/2021\/05\/delivery-icon.png\" alt=\"\" width=\"24\" height=\"24\" srcset=\"https:\/\/1dronas.lt\/wp-content\/uploads\/2021\/05\/delivery-icon.png 35w, https:\/\/1dronas.lt\/wp-content\/uploads\/2021\/05\/delivery-icon-12x12.png 12w\" sizes=\"auto, (max-width: 24px) 100vw, 24px\" \/>\u00a0 1 \u2013 2 days<\/strong><\/span><\/p>","protected":false},"featured_media":11247,"comment_status":"open","ping_status":"closed","template":"","meta":[],"product_brand":[592],"product_cat":[106],"product_tag":[99,980,176,92,593,40,787,783,786],"class_list":{"0":"post-11327","1":"product","2":"type-product","3":"status-publish","4":"has-post-thumbnail","6":"product_brand-geprc","7":"product_cat-freestyle","8":"product_tag-6s","9":"product_tag-black-friday","10":"product_tag-elrs","11":"product_tag-freestyle","12":"product_tag-geprc","13":"product_tag-gps","14":"product_tag-link","15":"product_tag-vapor-d5","16":"product_tag-wasp","18":"first","19":"instock","20":"taxable","21":"shipping-taxable","22":"purchasable","23":"product-type-simple"},"yoast_head":"<!-- This site is optimized with the Yoast SEO plugin v27.3 - https:\/\/yoast.com\/product\/yoast-seo-wordpress\/ -->\n<title>GEPRC Vapor-D5 6S Wasp GPS ELRS 2.4GHz - 1dronas.lt<\/title>\n<meta name=\"robots\" content=\"index, follow, max-snippet:-1, max-image-preview:large, max-video-preview:-1\" \/>\n<link rel=\"canonical\" href=\"https:\/\/1dronas.lt\/en\/produktas\/geprc-vapor-d5-6s-wasp-gps-elrs-2-4ghz\/\" \/>\n<meta property=\"og:locale\" content=\"en_US\" \/>\n<meta property=\"og:type\" content=\"article\" \/>\n<meta property=\"og:title\" content=\"GEPRC Vapor-D5 6S Wasp GPS ELRS 2.4GHz - 1dronas.lt\" \/>\n<meta property=\"og:description\" content=\"Dronas pasi\u017eymi i\u0161skirtin\u0117mis skryd\u017eio savyb\u0117mis, kurias u\u017etikrina glaud\u017eiai tarpusavyje suderinti komponentai.  \u00a0 1 \u2013 2 d. d.\" \/>\n<meta property=\"og:url\" content=\"https:\/\/1dronas.lt\/en\/produktas\/geprc-vapor-d5-6s-wasp-gps-elrs-2-4ghz\/\" \/>\n<meta property=\"og:site_name\" content=\"1dronas.lt\" \/>\n<meta property=\"article:publisher\" content=\"https:\/\/www.facebook.com\/1dronas\/\" \/>\n<meta property=\"article:modified_time\" content=\"2025-11-30T22:27:14+00:00\" \/>\n<meta property=\"og:image\" content=\"https:\/\/1dronas.lt\/wp-content\/uploads\/2025\/08\/1_DeMain_0001_00000-8-min.jpg\" \/>\n\t<meta property=\"og:image:width\" content=\"2000\" \/>\n\t<meta property=\"og:image:height\" content=\"2000\" \/>\n\t<meta property=\"og:image:type\" content=\"image\/jpeg\" \/>\n<meta name=\"twitter:card\" content=\"summary_large_image\" \/>\n<meta name=\"twitter:label1\" content=\"Est. reading time\" \/>\n\t<meta name=\"twitter:data1\" content=\"2 minutes\" \/>\n<script type=\"application\/ld+json\" class=\"yoast-schema-graph\">{\"@context\":\"https:\\\/\\\/schema.org\",\"@graph\":[{\"@type\":\"WebPage\",\"@id\":\"https:\\\/\\\/1dronas.lt\\\/en\\\/produktas\\\/geprc-vapor-d5-6s-wasp-gps-elrs-2-4ghz\\\/\",\"url\":\"https:\\\/\\\/1dronas.lt\\\/en\\\/produktas\\\/geprc-vapor-d5-6s-wasp-gps-elrs-2-4ghz\\\/\",\"name\":\"GEPRC Vapor-D5 6S Wasp GPS ELRS 2.4GHz - 1dronas.lt\",\"isPartOf\":{\"@id\":\"https:\\\/\\\/1dronas.lt\\\/en\\\/#website\"},\"primaryImageOfPage\":{\"@id\":\"https:\\\/\\\/1dronas.lt\\\/en\\\/produktas\\\/geprc-vapor-d5-6s-wasp-gps-elrs-2-4ghz\\\/#primaryimage\"},\"image\":{\"@id\":\"https:\\\/\\\/1dronas.lt\\\/en\\\/produktas\\\/geprc-vapor-d5-6s-wasp-gps-elrs-2-4ghz\\\/#primaryimage\"},\"thumbnailUrl\":\"https:\\\/\\\/1dronas.lt\\\/wp-content\\\/uploads\\\/2025\\\/08\\\/1_DeMain_0001_00000-8-min.jpg\",\"datePublished\":\"2025-08-28T17:38:13+00:00\",\"dateModified\":\"2025-11-30T22:27:14+00:00\",\"breadcrumb\":{\"@id\":\"https:\\\/\\\/1dronas.lt\\\/en\\\/produktas\\\/geprc-vapor-d5-6s-wasp-gps-elrs-2-4ghz\\\/#breadcrumb\"},\"inLanguage\":\"en-US\",\"potentialAction\":[{\"@type\":\"ReadAction\",\"target\":[\"https:\\\/\\\/1dronas.lt\\\/en\\\/produktas\\\/geprc-vapor-d5-6s-wasp-gps-elrs-2-4ghz\\\/\"]}]},{\"@type\":\"ImageObject\",\"inLanguage\":\"en-US\",\"@id\":\"https:\\\/\\\/1dronas.lt\\\/en\\\/produktas\\\/geprc-vapor-d5-6s-wasp-gps-elrs-2-4ghz\\\/#primaryimage\",\"url\":\"https:\\\/\\\/1dronas.lt\\\/wp-content\\\/uploads\\\/2025\\\/08\\\/1_DeMain_0001_00000-8-min.jpg\",\"contentUrl\":\"https:\\\/\\\/1dronas.lt\\\/wp-content\\\/uploads\\\/2025\\\/08\\\/1_DeMain_0001_00000-8-min.jpg\",\"width\":2000,\"height\":2000},{\"@type\":\"BreadcrumbList\",\"@id\":\"https:\\\/\\\/1dronas.lt\\\/en\\\/produktas\\\/geprc-vapor-d5-6s-wasp-gps-elrs-2-4ghz\\\/#breadcrumb\",\"itemListElement\":[{\"@type\":\"ListItem\",\"position\":1,\"name\":\"Home\",\"item\":\"https:\\\/\\\/1dronas.lt\\\/\"},{\"@type\":\"ListItem\",\"position\":2,\"name\":\"Parduotuv\u0117\",\"item\":\"https:\\\/\\\/1dronas.lt\\\/parduotuve\\\/\"},{\"@type\":\"ListItem\",\"position\":3,\"name\":\"GEPRC Vapor-D5 6S Wasp GPS ELRS 2.4GHz\"}]},{\"@type\":\"WebSite\",\"@id\":\"https:\\\/\\\/1dronas.lt\\\/en\\\/#website\",\"url\":\"https:\\\/\\\/1dronas.lt\\\/en\\\/\",\"name\":\"1dronas.lt\",\"description\":\"Internetin\u0117 parduotuv\u0117\",\"publisher\":{\"@id\":\"https:\\\/\\\/1dronas.lt\\\/en\\\/#organization\"},\"potentialAction\":[{\"@type\":\"SearchAction\",\"target\":{\"@type\":\"EntryPoint\",\"urlTemplate\":\"https:\\\/\\\/1dronas.lt\\\/en\\\/?s={search_term_string}\"},\"query-input\":{\"@type\":\"PropertyValueSpecification\",\"valueRequired\":true,\"valueName\":\"search_term_string\"}}],\"inLanguage\":\"en-US\"},{\"@type\":\"Organization\",\"@id\":\"https:\\\/\\\/1dronas.lt\\\/en\\\/#organization\",\"name\":\"1dronas.lt\",\"url\":\"https:\\\/\\\/1dronas.lt\\\/en\\\/\",\"logo\":{\"@type\":\"ImageObject\",\"inLanguage\":\"en-US\",\"@id\":\"https:\\\/\\\/1dronas.lt\\\/en\\\/#\\\/schema\\\/logo\\\/image\\\/\",\"url\":\"https:\\\/\\\/1dronas.lt\\\/wp-content\\\/uploads\\\/2020\\\/12\\\/Ekrano_kopija__2_-removebg-preview-1-1.png\",\"contentUrl\":\"https:\\\/\\\/1dronas.lt\\\/wp-content\\\/uploads\\\/2020\\\/12\\\/Ekrano_kopija__2_-removebg-preview-1-1.png\",\"width\":234,\"height\":81,\"caption\":\"1dronas.lt\"},\"image\":{\"@id\":\"https:\\\/\\\/1dronas.lt\\\/en\\\/#\\\/schema\\\/logo\\\/image\\\/\"},\"sameAs\":[\"https:\\\/\\\/www.facebook.com\\\/1dronas\\\/\"]}]}<\/script>\n<!-- \/ Yoast SEO plugin. -->","yoast_head_json":{"title":"GEPRC Vapor-D5 6S Wasp GPS ELRS 2.4GHz - 1dronas.lt","robots":{"index":"index","follow":"follow","max-snippet":"max-snippet:-1","max-image-preview":"max-image-preview:large","max-video-preview":"max-video-preview:-1"},"canonical":"https:\/\/1dronas.lt\/en\/produktas\/geprc-vapor-d5-6s-wasp-gps-elrs-2-4ghz\/","og_locale":"en_US","og_type":"article","og_title":"GEPRC Vapor-D5 6S Wasp GPS ELRS 2.4GHz - 1dronas.lt","og_description":"Dronas pasi\u017eymi i\u0161skirtin\u0117mis skryd\u017eio savyb\u0117mis, kurias u\u017etikrina glaud\u017eiai tarpusavyje suderinti komponentai.  \u00a0 1 \u2013 2 d. d.","og_url":"https:\/\/1dronas.lt\/en\/produktas\/geprc-vapor-d5-6s-wasp-gps-elrs-2-4ghz\/","og_site_name":"1dronas.lt","article_publisher":"https:\/\/www.facebook.com\/1dronas\/","article_modified_time":"2025-11-30T22:27:14+00:00","og_image":[{"width":2000,"height":2000,"url":"https:\/\/1dronas.lt\/wp-content\/uploads\/2025\/08\/1_DeMain_0001_00000-8-min.jpg","type":"image\/jpeg"}],"twitter_card":"summary_large_image","twitter_misc":{"Est. reading time":"2 minutes"},"schema":{"@context":"https:\/\/schema.org","@graph":[{"@type":"WebPage","@id":"https:\/\/1dronas.lt\/en\/produktas\/geprc-vapor-d5-6s-wasp-gps-elrs-2-4ghz\/","url":"https:\/\/1dronas.lt\/en\/produktas\/geprc-vapor-d5-6s-wasp-gps-elrs-2-4ghz\/","name":"GEPRC Vapor-D5 6S Wasp GPS ELRS 2.4GHz - 1dronas.lt","isPartOf":{"@id":"https:\/\/1dronas.lt\/en\/#website"},"primaryImageOfPage":{"@id":"https:\/\/1dronas.lt\/en\/produktas\/geprc-vapor-d5-6s-wasp-gps-elrs-2-4ghz\/#primaryimage"},"image":{"@id":"https:\/\/1dronas.lt\/en\/produktas\/geprc-vapor-d5-6s-wasp-gps-elrs-2-4ghz\/#primaryimage"},"thumbnailUrl":"https:\/\/1dronas.lt\/wp-content\/uploads\/2025\/08\/1_DeMain_0001_00000-8-min.jpg","datePublished":"2025-08-28T17:38:13+00:00","dateModified":"2025-11-30T22:27:14+00:00","breadcrumb":{"@id":"https:\/\/1dronas.lt\/en\/produktas\/geprc-vapor-d5-6s-wasp-gps-elrs-2-4ghz\/#breadcrumb"},"inLanguage":"en-US","potentialAction":[{"@type":"ReadAction","target":["https:\/\/1dronas.lt\/en\/produktas\/geprc-vapor-d5-6s-wasp-gps-elrs-2-4ghz\/"]}]},{"@type":"ImageObject","inLanguage":"en-US","@id":"https:\/\/1dronas.lt\/en\/produktas\/geprc-vapor-d5-6s-wasp-gps-elrs-2-4ghz\/#primaryimage","url":"https:\/\/1dronas.lt\/wp-content\/uploads\/2025\/08\/1_DeMain_0001_00000-8-min.jpg","contentUrl":"https:\/\/1dronas.lt\/wp-content\/uploads\/2025\/08\/1_DeMain_0001_00000-8-min.jpg","width":2000,"height":2000},{"@type":"BreadcrumbList","@id":"https:\/\/1dronas.lt\/en\/produktas\/geprc-vapor-d5-6s-wasp-gps-elrs-2-4ghz\/#breadcrumb","itemListElement":[{"@type":"ListItem","position":1,"name":"Home","item":"https:\/\/1dronas.lt\/"},{"@type":"ListItem","position":2,"name":"Parduotuv\u0117","item":"https:\/\/1dronas.lt\/parduotuve\/"},{"@type":"ListItem","position":3,"name":"GEPRC Vapor-D5 6S Wasp GPS ELRS 2.4GHz"}]},{"@type":"WebSite","@id":"https:\/\/1dronas.lt\/en\/#website","url":"https:\/\/1dronas.lt\/en\/","name":"1dronas.lt","description":"Online store","publisher":{"@id":"https:\/\/1dronas.lt\/en\/#organization"},"potentialAction":[{"@type":"SearchAction","target":{"@type":"EntryPoint","urlTemplate":"https:\/\/1dronas.lt\/en\/?s={search_term_string}"},"query-input":{"@type":"PropertyValueSpecification","valueRequired":true,"valueName":"search_term_string"}}],"inLanguage":"en-US"},{"@type":"Organization","@id":"https:\/\/1dronas.lt\/en\/#organization","name":"1dronas.lt","url":"https:\/\/1dronas.lt\/en\/","logo":{"@type":"ImageObject","inLanguage":"en-US","@id":"https:\/\/1dronas.lt\/en\/#\/schema\/logo\/image\/","url":"https:\/\/1dronas.lt\/wp-content\/uploads\/2020\/12\/Ekrano_kopija__2_-removebg-preview-1-1.png","contentUrl":"https:\/\/1dronas.lt\/wp-content\/uploads\/2020\/12\/Ekrano_kopija__2_-removebg-preview-1-1.png","width":234,"height":81,"caption":"1dronas.lt"},"image":{"@id":"https:\/\/1dronas.lt\/en\/#\/schema\/logo\/image\/"},"sameAs":["https:\/\/www.facebook.com\/1dronas\/"]}]}},"jetpack_sharing_enabled":true,"_links":{"self":[{"href":"https:\/\/1dronas.lt\/en\/wp-json\/wp\/v2\/product\/11327","targetHints":{"allow":["GET"]}}],"collection":[{"href":"https:\/\/1dronas.lt\/en\/wp-json\/wp\/v2\/product"}],"about":[{"href":"https:\/\/1dronas.lt\/en\/wp-json\/wp\/v2\/types\/product"}],"replies":[{"embeddable":true,"href":"https:\/\/1dronas.lt\/en\/wp-json\/wp\/v2\/comments?post=11327"}],"wp:featuredmedia":[{"embeddable":true,"href":"https:\/\/1dronas.lt\/en\/wp-json\/wp\/v2\/media\/11247"}],"wp:attachment":[{"href":"https:\/\/1dronas.lt\/en\/wp-json\/wp\/v2\/media?parent=11327"}],"wp:term":[{"taxonomy":"product_brand","embeddable":true,"href":"https:\/\/1dronas.lt\/en\/wp-json\/wp\/v2\/product_brand?post=11327"},{"taxonomy":"product_cat","embeddable":true,"href":"https:\/\/1dronas.lt\/en\/wp-json\/wp\/v2\/product_cat?post=11327"},{"taxonomy":"product_tag","embeddable":true,"href":"https:\/\/1dronas.lt\/en\/wp-json\/wp\/v2\/product_tag?post=11327"}],"curies":[{"name":"wp","href":"https:\/\/api.w.org\/{rel}","templated":true}]}}