{"id":11281,"date":"2025-08-27T18:14:50","date_gmt":"2025-08-27T18:14:50","guid":{"rendered":"https:\/\/1dronas.lt\/?post_type=product&#038;p=11281"},"modified":"2025-12-01T00:27:14","modified_gmt":"2025-11-30T22:27:14","slug":"geprc-vapor-d6-hd-o4-pro-gps-elrs-2-4ghz","status":"publish","type":"product","link":"https:\/\/1dronas.lt\/en\/produktas\/geprc-vapor-d6-hd-o4-pro-gps-elrs-2-4ghz\/","title":{"rendered":"GEPRC Vapor-D6 6S HD O4 Pro GPS ELRS 2.4GHz"},"content":{"rendered":"<p data-start=\"171\" data-end=\"523\"><img loading=\"lazy\" decoding=\"async\" class=\"alignnone wp-image-11279 size-full\" src=\"https:\/\/1dronas.lt\/wp-content\/uploads\/2025\/08\/\u4f01\u4e1a\u5fae\u4fe1\u622a\u56fe_17364146016802-min.png\" alt=\"\" width=\"1600\" height=\"900\" srcset=\"https:\/\/1dronas.lt\/wp-content\/uploads\/2025\/08\/\u4f01\u4e1a\u5fae\u4fe1\u622a\u56fe_17364146016802-min.png 1600w, https:\/\/1dronas.lt\/wp-content\/uploads\/2025\/08\/\u4f01\u4e1a\u5fae\u4fe1\u622a\u56fe_17364146016802-min-300x169.png 300w, https:\/\/1dronas.lt\/wp-content\/uploads\/2025\/08\/\u4f01\u4e1a\u5fae\u4fe1\u622a\u56fe_17364146016802-min-1024x576.png 1024w, https:\/\/1dronas.lt\/wp-content\/uploads\/2025\/08\/\u4f01\u4e1a\u5fae\u4fe1\u622a\u56fe_17364146016802-min-768x432.png 768w, https:\/\/1dronas.lt\/wp-content\/uploads\/2025\/08\/\u4f01\u4e1a\u5fae\u4fe1\u622a\u56fe_17364146016802-min-1536x864.png 1536w, https:\/\/1dronas.lt\/wp-content\/uploads\/2025\/08\/\u4f01\u4e1a\u5fae\u4fe1\u622a\u56fe_17364146016802-min-18x10.png 18w, https:\/\/1dronas.lt\/wp-content\/uploads\/2025\/08\/\u4f01\u4e1a\u5fae\u4fe1\u622a\u56fe_17364146016802-min-510x287.png 510w\" sizes=\"auto, (max-width: 1600px) 100vw, 1600px\" \/><\/p>\n<p data-start=\"171\" data-end=\"523\">New aluminum lens components and shock-absorbing silicone reduce vibrations. The DJI O4 Air Unit Pro&#039;s larger CMOS sensor improves image detail and light sensitivity, and GEPRC-customized PID settings ensure a smooth and immersive flight experience.<\/p>\n<p data-start=\"171\" data-end=\"523\"><strong>Features:<\/strong><\/p>\n<p data-start=\"171\" data-end=\"523\">\u2022 The DJI O4 Air Unit Pro has a powerful CMOS sensor that provides greater image clarity and improved light sensitivity;<br \/>\n\u2022 CNC aluminum lens body \u2013 durable and expressive design;<br \/>\n\u2022 GEPRC SPEEDX2 E-series motors \u2013 for smooth and powerful operation;<br \/>\n\u2022 Front protective structure provides additional lens protection for reliable flight;<br \/>\n\u2022 Wider 5mm carbon fiber levers for greater durability and elegant design.<\/p>\n<p data-start=\"171\" data-end=\"523\"><strong>Specification:<\/strong><\/p>\n<p data-start=\"171\" data-end=\"523\">\u2022 Model: Vapor-D6 O4 Pro;<br \/>\n\u2022 Frame: GEP-Vapor-D6 O4 Pro frame;<br \/>\n\u2022 Wheelbase: 274.60 mm;<br \/>\n\u2022 Top plate: 2.0 mm;<br \/>\n\u2022 Middle plate: 2.0 mm;<br \/>\n\u2022 Bottom plate: 2.5 mm;<br \/>\n\u2022 Lever thickness: 5.0 mm;<br \/>\n\u2022 Flight Controller (FC): GEP-F722-HD v2;<br \/>\n\u2022 MCU: STM32F722;<br \/>\n\u2022 Gyroscope: ICM42688-P (SPI);<br \/>\n\u2022 Barometer: Yes;<br \/>\n\u2022 OSD: Betaflight OSD with AT7456E;<br \/>\n\u2022 ESC: TAKER H60_BLS 60A 4IN1 ESC;<br \/>\n\u2022 VTX: DJI O4 Air Unit Pro;<br \/>\n\u2022 Camera: O4 Pro Camera;<br \/>\n\u2022 Antenna: O4 Pro original antenna;<br \/>\n\u2022 Connector: XT60;<br \/>\n\u2022 Optional: GEP-M10 GPS;<br \/>\n\u2022 Motors: GEPRC SPEEDX2 2407E 1750KV;<br \/>\n\u2022 Propellers: HQprop 6X3.5X3;<br \/>\n\u2022 Receiver: GEPRC ELRS;<br \/>\n\u2022 Recommended battery: 6S LiPo 1500 mAh \u2013 2000 mAh;<br \/>\n\u2022 Flight time: 14\u201319 min.<\/p>\n<p data-start=\"171\" data-end=\"523\"><strong>Package:<\/strong><\/p>\n<p data-start=\"2065\" data-end=\"2086\">1x Vapor-D6 O4 Pro;<br \/>\n2x HQprop 6X3.5X3;<br \/>\n2x Battery non-slip pads;<br \/>\n1x Spare screw set;<br \/>\n1x Vapor side panel;<br \/>\n2x M20*250 mm battery straps;<br \/>\n1x L-shaped screwdriver 1.5 mm;<br \/>\n1x L-shaped screwdriver 2.0 mm;<br \/>\n1x GoPro mount.<\/p>\n<p data-start=\"2065\" data-end=\"2086\"><strong>Spare screws included:<\/strong><\/p>\n<p data-start=\"2394\" data-end=\"2432\">6x M3*10 mm round head screws;<br \/>\n6x M3*8 mm round head screws;<br \/>\n2x M3*6 mm flat head screws;<br \/>\n1x M5*28 mm flat head screw;<br \/>\n1x M5 flange nut;<br \/>\n4x M3 rivet nuts.<\/p>","protected":false},"excerpt":{"rendered":"<p><span style=\"color: #000000;\">The built-in DJI O4 Air Unit Pro system ensures an unforgettable experience.<\/span><\/p>\n<p><span style=\"color: #000000;\"><strong><img loading=\"lazy\" decoding=\"async\" class=\"alignnone wp-image-1806\" src=\"https:\/\/1dronas.lt\/wp-content\/uploads\/2021\/05\/delivery-icon.png\" alt=\"\" width=\"24\" height=\"24\" srcset=\"https:\/\/1dronas.lt\/wp-content\/uploads\/2021\/05\/delivery-icon.png 35w, https:\/\/1dronas.lt\/wp-content\/uploads\/2021\/05\/delivery-icon-12x12.png 12w\" sizes=\"auto, (max-width: 24px) 100vw, 24px\" \/>\u00a0 1 \u2013 2 days<\/strong><\/span><\/p>","protected":false},"featured_media":11282,"comment_status":"open","ping_status":"closed","template":"","meta":[],"product_brand":[592],"product_cat":[106],"product_tag":[980,493,176,593,40,784],"class_list":{"0":"post-11281","1":"product","2":"type-product","3":"status-publish","4":"has-post-thumbnail","6":"product_brand-geprc","7":"product_cat-freestyle","8":"product_tag-black-friday","9":"product_tag-dji-o4-air-unit-pro","10":"product_tag-elrs","11":"product_tag-geprc","12":"product_tag-gps","13":"product_tag-vapor-d6","15":"first","16":"instock","17":"taxable","18":"shipping-taxable","19":"purchasable","20":"product-type-simple"},"yoast_head":"<!-- This site is optimized with the Yoast SEO plugin v27.3 - https:\/\/yoast.com\/product\/yoast-seo-wordpress\/ -->\n<title>GEPRC Vapor-D6 6S HD O4 Pro GPS ELRS 2.4GHz - 1dronas.lt<\/title>\n<meta name=\"robots\" content=\"index, follow, max-snippet:-1, max-image-preview:large, max-video-preview:-1\" \/>\n<link rel=\"canonical\" href=\"https:\/\/1dronas.lt\/en\/produktas\/geprc-vapor-d6-hd-o4-pro-gps-elrs-2-4ghz\/\" \/>\n<meta property=\"og:locale\" content=\"en_US\" \/>\n<meta property=\"og:type\" content=\"article\" \/>\n<meta property=\"og:title\" content=\"GEPRC Vapor-D6 6S HD O4 Pro GPS ELRS 2.4GHz - 1dronas.lt\" \/>\n<meta property=\"og:description\" content=\"\u012emontuota DJI O4 Air Unit Pro sistema u\u017etikrina nepamir\u0161tam\u0105 patirt\u012f.  \u00a0 1 \u2013 2 d. d.\" \/>\n<meta property=\"og:url\" content=\"https:\/\/1dronas.lt\/en\/produktas\/geprc-vapor-d6-hd-o4-pro-gps-elrs-2-4ghz\/\" \/>\n<meta property=\"og:site_name\" content=\"1dronas.lt\" \/>\n<meta property=\"article:publisher\" content=\"https:\/\/www.facebook.com\/1dronas\/\" \/>\n<meta property=\"article:modified_time\" content=\"2025-11-30T22:27:14+00:00\" \/>\n<meta property=\"og:image\" content=\"https:\/\/1dronas.lt\/wp-content\/uploads\/2025\/08\/1_Main_0000-2-min.jpg\" \/>\n\t<meta property=\"og:image:width\" content=\"2000\" \/>\n\t<meta property=\"og:image:height\" content=\"2000\" \/>\n\t<meta property=\"og:image:type\" content=\"image\/jpeg\" \/>\n<meta name=\"twitter:card\" content=\"summary_large_image\" \/>\n<meta name=\"twitter:label1\" content=\"Est. reading time\" \/>\n\t<meta name=\"twitter:data1\" content=\"2 minutes\" \/>\n<script type=\"application\/ld+json\" class=\"yoast-schema-graph\">{\"@context\":\"https:\\\/\\\/schema.org\",\"@graph\":[{\"@type\":\"WebPage\",\"@id\":\"https:\\\/\\\/1dronas.lt\\\/en\\\/produktas\\\/geprc-vapor-d6-hd-o4-pro-gps-elrs-2-4ghz\\\/\",\"url\":\"https:\\\/\\\/1dronas.lt\\\/en\\\/produktas\\\/geprc-vapor-d6-hd-o4-pro-gps-elrs-2-4ghz\\\/\",\"name\":\"GEPRC Vapor-D6 6S HD O4 Pro GPS ELRS 2.4GHz - 1dronas.lt\",\"isPartOf\":{\"@id\":\"https:\\\/\\\/1dronas.lt\\\/en\\\/#website\"},\"primaryImageOfPage\":{\"@id\":\"https:\\\/\\\/1dronas.lt\\\/en\\\/produktas\\\/geprc-vapor-d6-hd-o4-pro-gps-elrs-2-4ghz\\\/#primaryimage\"},\"image\":{\"@id\":\"https:\\\/\\\/1dronas.lt\\\/en\\\/produktas\\\/geprc-vapor-d6-hd-o4-pro-gps-elrs-2-4ghz\\\/#primaryimage\"},\"thumbnailUrl\":\"https:\\\/\\\/1dronas.lt\\\/wp-content\\\/uploads\\\/2025\\\/08\\\/1_Main_0000-2-min.jpg\",\"datePublished\":\"2025-08-27T18:14:50+00:00\",\"dateModified\":\"2025-11-30T22:27:14+00:00\",\"breadcrumb\":{\"@id\":\"https:\\\/\\\/1dronas.lt\\\/en\\\/produktas\\\/geprc-vapor-d6-hd-o4-pro-gps-elrs-2-4ghz\\\/#breadcrumb\"},\"inLanguage\":\"en-US\",\"potentialAction\":[{\"@type\":\"ReadAction\",\"target\":[\"https:\\\/\\\/1dronas.lt\\\/en\\\/produktas\\\/geprc-vapor-d6-hd-o4-pro-gps-elrs-2-4ghz\\\/\"]}]},{\"@type\":\"ImageObject\",\"inLanguage\":\"en-US\",\"@id\":\"https:\\\/\\\/1dronas.lt\\\/en\\\/produktas\\\/geprc-vapor-d6-hd-o4-pro-gps-elrs-2-4ghz\\\/#primaryimage\",\"url\":\"https:\\\/\\\/1dronas.lt\\\/wp-content\\\/uploads\\\/2025\\\/08\\\/1_Main_0000-2-min.jpg\",\"contentUrl\":\"https:\\\/\\\/1dronas.lt\\\/wp-content\\\/uploads\\\/2025\\\/08\\\/1_Main_0000-2-min.jpg\",\"width\":2000,\"height\":2000},{\"@type\":\"BreadcrumbList\",\"@id\":\"https:\\\/\\\/1dronas.lt\\\/en\\\/produktas\\\/geprc-vapor-d6-hd-o4-pro-gps-elrs-2-4ghz\\\/#breadcrumb\",\"itemListElement\":[{\"@type\":\"ListItem\",\"position\":1,\"name\":\"Home\",\"item\":\"https:\\\/\\\/1dronas.lt\\\/\"},{\"@type\":\"ListItem\",\"position\":2,\"name\":\"Parduotuv\u0117\",\"item\":\"https:\\\/\\\/1dronas.lt\\\/parduotuve\\\/\"},{\"@type\":\"ListItem\",\"position\":3,\"name\":\"GEPRC Vapor-D6 6S HD O4 Pro GPS ELRS 2.4GHz\"}]},{\"@type\":\"WebSite\",\"@id\":\"https:\\\/\\\/1dronas.lt\\\/en\\\/#website\",\"url\":\"https:\\\/\\\/1dronas.lt\\\/en\\\/\",\"name\":\"1dronas.lt\",\"description\":\"Internetin\u0117 parduotuv\u0117\",\"publisher\":{\"@id\":\"https:\\\/\\\/1dronas.lt\\\/en\\\/#organization\"},\"potentialAction\":[{\"@type\":\"SearchAction\",\"target\":{\"@type\":\"EntryPoint\",\"urlTemplate\":\"https:\\\/\\\/1dronas.lt\\\/en\\\/?s={search_term_string}\"},\"query-input\":{\"@type\":\"PropertyValueSpecification\",\"valueRequired\":true,\"valueName\":\"search_term_string\"}}],\"inLanguage\":\"en-US\"},{\"@type\":\"Organization\",\"@id\":\"https:\\\/\\\/1dronas.lt\\\/en\\\/#organization\",\"name\":\"1dronas.lt\",\"url\":\"https:\\\/\\\/1dronas.lt\\\/en\\\/\",\"logo\":{\"@type\":\"ImageObject\",\"inLanguage\":\"en-US\",\"@id\":\"https:\\\/\\\/1dronas.lt\\\/en\\\/#\\\/schema\\\/logo\\\/image\\\/\",\"url\":\"https:\\\/\\\/1dronas.lt\\\/wp-content\\\/uploads\\\/2020\\\/12\\\/Ekrano_kopija__2_-removebg-preview-1-1.png\",\"contentUrl\":\"https:\\\/\\\/1dronas.lt\\\/wp-content\\\/uploads\\\/2020\\\/12\\\/Ekrano_kopija__2_-removebg-preview-1-1.png\",\"width\":234,\"height\":81,\"caption\":\"1dronas.lt\"},\"image\":{\"@id\":\"https:\\\/\\\/1dronas.lt\\\/en\\\/#\\\/schema\\\/logo\\\/image\\\/\"},\"sameAs\":[\"https:\\\/\\\/www.facebook.com\\\/1dronas\\\/\"]}]}<\/script>\n<!-- \/ Yoast SEO plugin. -->","yoast_head_json":{"title":"GEPRC Vapor-D6 6S HD O4 Pro GPS ELRS 2.4GHz - 1dronas.lt","robots":{"index":"index","follow":"follow","max-snippet":"max-snippet:-1","max-image-preview":"max-image-preview:large","max-video-preview":"max-video-preview:-1"},"canonical":"https:\/\/1dronas.lt\/en\/produktas\/geprc-vapor-d6-hd-o4-pro-gps-elrs-2-4ghz\/","og_locale":"en_US","og_type":"article","og_title":"GEPRC Vapor-D6 6S HD O4 Pro GPS ELRS 2.4GHz - 1dronas.lt","og_description":"\u012emontuota DJI O4 Air Unit Pro sistema u\u017etikrina nepamir\u0161tam\u0105 patirt\u012f.  \u00a0 1 \u2013 2 d. d.","og_url":"https:\/\/1dronas.lt\/en\/produktas\/geprc-vapor-d6-hd-o4-pro-gps-elrs-2-4ghz\/","og_site_name":"1dronas.lt","article_publisher":"https:\/\/www.facebook.com\/1dronas\/","article_modified_time":"2025-11-30T22:27:14+00:00","og_image":[{"width":2000,"height":2000,"url":"https:\/\/1dronas.lt\/wp-content\/uploads\/2025\/08\/1_Main_0000-2-min.jpg","type":"image\/jpeg"}],"twitter_card":"summary_large_image","twitter_misc":{"Est. reading time":"2 minutes"},"schema":{"@context":"https:\/\/schema.org","@graph":[{"@type":"WebPage","@id":"https:\/\/1dronas.lt\/en\/produktas\/geprc-vapor-d6-hd-o4-pro-gps-elrs-2-4ghz\/","url":"https:\/\/1dronas.lt\/en\/produktas\/geprc-vapor-d6-hd-o4-pro-gps-elrs-2-4ghz\/","name":"GEPRC Vapor-D6 6S HD O4 Pro GPS ELRS 2.4GHz - 1dronas.lt","isPartOf":{"@id":"https:\/\/1dronas.lt\/en\/#website"},"primaryImageOfPage":{"@id":"https:\/\/1dronas.lt\/en\/produktas\/geprc-vapor-d6-hd-o4-pro-gps-elrs-2-4ghz\/#primaryimage"},"image":{"@id":"https:\/\/1dronas.lt\/en\/produktas\/geprc-vapor-d6-hd-o4-pro-gps-elrs-2-4ghz\/#primaryimage"},"thumbnailUrl":"https:\/\/1dronas.lt\/wp-content\/uploads\/2025\/08\/1_Main_0000-2-min.jpg","datePublished":"2025-08-27T18:14:50+00:00","dateModified":"2025-11-30T22:27:14+00:00","breadcrumb":{"@id":"https:\/\/1dronas.lt\/en\/produktas\/geprc-vapor-d6-hd-o4-pro-gps-elrs-2-4ghz\/#breadcrumb"},"inLanguage":"en-US","potentialAction":[{"@type":"ReadAction","target":["https:\/\/1dronas.lt\/en\/produktas\/geprc-vapor-d6-hd-o4-pro-gps-elrs-2-4ghz\/"]}]},{"@type":"ImageObject","inLanguage":"en-US","@id":"https:\/\/1dronas.lt\/en\/produktas\/geprc-vapor-d6-hd-o4-pro-gps-elrs-2-4ghz\/#primaryimage","url":"https:\/\/1dronas.lt\/wp-content\/uploads\/2025\/08\/1_Main_0000-2-min.jpg","contentUrl":"https:\/\/1dronas.lt\/wp-content\/uploads\/2025\/08\/1_Main_0000-2-min.jpg","width":2000,"height":2000},{"@type":"BreadcrumbList","@id":"https:\/\/1dronas.lt\/en\/produktas\/geprc-vapor-d6-hd-o4-pro-gps-elrs-2-4ghz\/#breadcrumb","itemListElement":[{"@type":"ListItem","position":1,"name":"Home","item":"https:\/\/1dronas.lt\/"},{"@type":"ListItem","position":2,"name":"Parduotuv\u0117","item":"https:\/\/1dronas.lt\/parduotuve\/"},{"@type":"ListItem","position":3,"name":"GEPRC Vapor-D6 6S HD O4 Pro GPS ELRS 2.4GHz"}]},{"@type":"WebSite","@id":"https:\/\/1dronas.lt\/en\/#website","url":"https:\/\/1dronas.lt\/en\/","name":"1dronas.lt","description":"Online store","publisher":{"@id":"https:\/\/1dronas.lt\/en\/#organization"},"potentialAction":[{"@type":"SearchAction","target":{"@type":"EntryPoint","urlTemplate":"https:\/\/1dronas.lt\/en\/?s={search_term_string}"},"query-input":{"@type":"PropertyValueSpecification","valueRequired":true,"valueName":"search_term_string"}}],"inLanguage":"en-US"},{"@type":"Organization","@id":"https:\/\/1dronas.lt\/en\/#organization","name":"1dronas.lt","url":"https:\/\/1dronas.lt\/en\/","logo":{"@type":"ImageObject","inLanguage":"en-US","@id":"https:\/\/1dronas.lt\/en\/#\/schema\/logo\/image\/","url":"https:\/\/1dronas.lt\/wp-content\/uploads\/2020\/12\/Ekrano_kopija__2_-removebg-preview-1-1.png","contentUrl":"https:\/\/1dronas.lt\/wp-content\/uploads\/2020\/12\/Ekrano_kopija__2_-removebg-preview-1-1.png","width":234,"height":81,"caption":"1dronas.lt"},"image":{"@id":"https:\/\/1dronas.lt\/en\/#\/schema\/logo\/image\/"},"sameAs":["https:\/\/www.facebook.com\/1dronas\/"]}]}},"jetpack_sharing_enabled":true,"_links":{"self":[{"href":"https:\/\/1dronas.lt\/en\/wp-json\/wp\/v2\/product\/11281","targetHints":{"allow":["GET"]}}],"collection":[{"href":"https:\/\/1dronas.lt\/en\/wp-json\/wp\/v2\/product"}],"about":[{"href":"https:\/\/1dronas.lt\/en\/wp-json\/wp\/v2\/types\/product"}],"replies":[{"embeddable":true,"href":"https:\/\/1dronas.lt\/en\/wp-json\/wp\/v2\/comments?post=11281"}],"wp:featuredmedia":[{"embeddable":true,"href":"https:\/\/1dronas.lt\/en\/wp-json\/wp\/v2\/media\/11282"}],"wp:attachment":[{"href":"https:\/\/1dronas.lt\/en\/wp-json\/wp\/v2\/media?parent=11281"}],"wp:term":[{"taxonomy":"product_brand","embeddable":true,"href":"https:\/\/1dronas.lt\/en\/wp-json\/wp\/v2\/product_brand?post=11281"},{"taxonomy":"product_cat","embeddable":true,"href":"https:\/\/1dronas.lt\/en\/wp-json\/wp\/v2\/product_cat?post=11281"},{"taxonomy":"product_tag","embeddable":true,"href":"https:\/\/1dronas.lt\/en\/wp-json\/wp\/v2\/product_tag?post=11281"}],"curies":[{"name":"wp","href":"https:\/\/api.w.org\/{rel}","templated":true}]}}