{"id":10966,"date":"2025-08-23T18:21:05","date_gmt":"2025-08-23T18:21:05","guid":{"rendered":"https:\/\/1dronas.lt\/?post_type=product&#038;p=10966"},"modified":"2026-04-11T14:19:31","modified_gmt":"2026-04-11T11:19:31","slug":"literadio-2-sim-controller","status":"publish","type":"product","link":"https:\/\/1dronas.lt\/en\/produktas\/literadio-2-sim-controller\/","title":{"rendered":"BETAFPV LiteRadio 2 SIM Controller (Mode 2)"},"content":{"rendered":"<p>Designed specifically for simulator training, the LiteRadio 2 SIM controller delivers an authentic FPV flight experience without the real risks. Discover universal compatibility with all major simulator platforms \u2013 from DRL and VelociDrone to DJI Virtual Flight and Phoenix RC \u2013 via triple connection mode (Joystick\/Xbox\/Dongle). Customize your controls with a choice of vibrant color options. The front Type-C port ensures convenient connection to a computer, tablet or phone, and BETAFPV Configurator support allows for one-click firmware updates. The LiteRadio 2 SIM is your ideal training partner!<\/p>\n<p data-start=\"0\" data-end=\"681\" data-is-last-node=\"\" data-is-only-node=\"\"><img loading=\"lazy\" decoding=\"async\" class=\"alignnone size-full wp-image-10968\" src=\"https:\/\/1dronas.lt\/wp-content\/uploads\/2025\/08\/LiteRadio_2_SIM_Controller_-_your_ultimate_sim_companion.webp\" alt=\"\" width=\"1600\" height=\"900\" srcset=\"https:\/\/1dronas.lt\/wp-content\/uploads\/2025\/08\/LiteRadio_2_SIM_Controller_-_your_ultimate_sim_companion.webp 1600w, https:\/\/1dronas.lt\/wp-content\/uploads\/2025\/08\/LiteRadio_2_SIM_Controller_-_your_ultimate_sim_companion-300x169.webp 300w, https:\/\/1dronas.lt\/wp-content\/uploads\/2025\/08\/LiteRadio_2_SIM_Controller_-_your_ultimate_sim_companion-1024x576.webp 1024w, https:\/\/1dronas.lt\/wp-content\/uploads\/2025\/08\/LiteRadio_2_SIM_Controller_-_your_ultimate_sim_companion-768x432.webp 768w, https:\/\/1dronas.lt\/wp-content\/uploads\/2025\/08\/LiteRadio_2_SIM_Controller_-_your_ultimate_sim_companion-1536x864.webp 1536w, https:\/\/1dronas.lt\/wp-content\/uploads\/2025\/08\/LiteRadio_2_SIM_Controller_-_your_ultimate_sim_companion-18x10.webp 18w, https:\/\/1dronas.lt\/wp-content\/uploads\/2025\/08\/LiteRadio_2_SIM_Controller_-_your_ultimate_sim_companion-510x287.webp 510w\" sizes=\"auto, (max-width: 1600px) 100vw, 1600px\" \/><\/p>\n<p><strong>Features:<\/strong><\/p>\n<p><strong>\u2022 <\/strong>Triple Simulator Mode: Practice on all major FPV simulator platforms<br \/>\n<strong>\u2022\u00a0<\/strong>6 vibrant colors: express your style with light gray, bright red, dark blue, light blue, bright green and pink<br \/>\n<strong>\u2022\u00a0<\/strong>Convenient Plug &amp; Play: Front Type-C port ensures quick and hassle-free connection<br \/>\n<strong>\u2022\u00a0<\/strong>Designed for easy mastering: the latest BETAFPV gimbals and LiteRadio system for precise simulator control<br \/>\n<strong>\u2022\u00a0<\/strong>Future-proof performance: seamless software updates via BETAFPV Configurator for new simulators and features<\/p>\n<p><strong>Specification:<\/strong><\/p>\n<p><strong>\u2022 <\/strong>Item: LiteRadio 2 SIM remote control;<br \/>\n<strong>\u2022 <\/strong>Channels: 8;<br \/>\n<strong>\u2022 <\/strong>Gimbal: Potentiometric gimbal;<br \/>\n<strong>\u2022 <\/strong>Operating current: 30mA\/5V;<br \/>\n<strong>\u2022 <\/strong>Connector: Type-C;<br \/>\n<strong>\u2022 <\/strong>Power supply: USB cable;<br \/>\n<strong>\u2022 <\/strong>Operating temperature: -10\u2103 to 40\u2103 (14\u00b0F to 104\u00b0F);<br \/>\n<strong>\u2022 <\/strong>Weight: about 150 g;<br \/>\n<strong>\u2022 <\/strong>Dimensions: 64.5mm x 115.3mm x 164.6mm.<\/p>\n<p><strong>Diagram:<\/strong><\/p>\n<p><img loading=\"lazy\" decoding=\"async\" class=\"alignnone size-full wp-image-10969\" src=\"https:\/\/1dronas.lt\/wp-content\/uploads\/2025\/08\/LiteRadio_2_SIM_Controller_diagram_600x600.webp\" alt=\"\" width=\"600\" height=\"600\" srcset=\"https:\/\/1dronas.lt\/wp-content\/uploads\/2025\/08\/LiteRadio_2_SIM_Controller_diagram_600x600.webp 600w, https:\/\/1dronas.lt\/wp-content\/uploads\/2025\/08\/LiteRadio_2_SIM_Controller_diagram_600x600-300x300.webp 300w, https:\/\/1dronas.lt\/wp-content\/uploads\/2025\/08\/LiteRadio_2_SIM_Controller_diagram_600x600-150x150.webp 150w, https:\/\/1dronas.lt\/wp-content\/uploads\/2025\/08\/LiteRadio_2_SIM_Controller_diagram_600x600-12x12.webp 12w, https:\/\/1dronas.lt\/wp-content\/uploads\/2025\/08\/LiteRadio_2_SIM_Controller_diagram_600x600-247x247.webp 247w, https:\/\/1dronas.lt\/wp-content\/uploads\/2025\/08\/LiteRadio_2_SIM_Controller_diagram_600x600-510x510.webp 510w, https:\/\/1dronas.lt\/wp-content\/uploads\/2025\/08\/LiteRadio_2_SIM_Controller_diagram_600x600-100x100.webp 100w\" sizes=\"auto, (max-width: 600px) 100vw, 600px\" \/><\/p>\n<p><strong>Triple simulator mode<\/strong><\/p>\n<p>LiteRadio 2 SIM provides universal compatibility with all major FPV and RC flight simulators on Windows\/macOS\/Android, ensuring a seamless training experience for pilots regardless of their skill level.<\/p>\n<p><strong>Joystick mode:<\/strong> VelociDrone, UNCRASHED, DRL, DCL, Liftoff, TRYP FPV, FeelFPV, FPV Freerider, RaceFly and other FPV simulators on Steam.<\/p>\n<p><strong>\u2022 <\/strong>Connect LiteRadio 2 SIM to your computer\/phone\/tablet using a Type-C cable.<br data-start=\"247\" data-end=\"250\" \/><strong>\u2022 <\/strong>The device will be recognized as &quot;BETAFPV Joystick&quot;.<\/p>\n<p><img loading=\"lazy\" decoding=\"async\" class=\"alignnone size-full wp-image-10990\" src=\"https:\/\/1dronas.lt\/wp-content\/uploads\/2025\/08\/LiteRadio_2_SIM_Controller_-_Joystick_Mode-1-1.gif\" alt=\"\" width=\"1600\" height=\"900\" \/><\/p>\n<p><strong>Xbox mode<\/strong>: Aerofly RC 8, DJI Virtual Flight.<\/p>\n<p><strong>\u2022 <\/strong>At the same time, move the left control to the lower right corner and the right control to the lower left corner.<br \/>\n<strong>\u2022 <\/strong>Connect the LiteRadio 2 SIM to your device using a Type-C cable, then the indicator will flash white three times quickly - this means Xbox mode is enabled.<strong>\u2022 <\/strong>The device will be recognized as &quot;BETAFPV Joystick&quot;.<\/p>\n<p><img loading=\"lazy\" decoding=\"async\" class=\"alignnone size-full wp-image-10991\" src=\"https:\/\/1dronas.lt\/wp-content\/uploads\/2025\/08\/LiteRadio_2_SIM_Controller_-_Xbox_Mode-1.gif\" alt=\"\" width=\"1600\" height=\"900\" \/><\/p>\n<p><strong>Dongle mode:<\/strong> Phoenix RC 6.0.<\/p>\n<p><strong>\u2022 <\/strong>At the same time, move the left control to the upper right corner and the right control to the upper left corner.<br \/>\n<strong>\u2022 <\/strong>Connect the LiteRadio 2 SIM to your device using a Type-C cable, then the indicator will flash blue three times quickly - this means that Dongle mode is enabled.<br \/>\n<strong>\u2022 <\/strong>The device will be recognized as &quot;BETAFPV Joystick&quot;<\/p>\n<p><img loading=\"lazy\" decoding=\"async\" class=\"alignnone size-full wp-image-10992\" src=\"https:\/\/1dronas.lt\/wp-content\/uploads\/2025\/08\/LiteRadio_2_SIM_Controller_-_Dongle_Mode-1.gif\" alt=\"\" width=\"1600\" height=\"900\" \/><\/p>\n<div class=\"markdown prose dark:prose-invert w-full break-words light markdown-new-styling\">\n<p><strong>Fulfill your style \u2013 flights with color<\/strong><\/p>\n<p>LiteRadio 2 SIM lets you train with a bright personality, offering 6 eye-catching colors: light gray, bright red, dark blue, light cyan, bright green and pink.<\/p>\n<p><img loading=\"lazy\" decoding=\"async\" class=\"alignnone size-full wp-image-10973\" src=\"https:\/\/1dronas.lt\/wp-content\/uploads\/2025\/08\/LiteRadio_2_SIM_Controller_-_6_colors.webp\" alt=\"\" width=\"1600\" height=\"900\" srcset=\"https:\/\/1dronas.lt\/wp-content\/uploads\/2025\/08\/LiteRadio_2_SIM_Controller_-_6_colors.webp 1600w, https:\/\/1dronas.lt\/wp-content\/uploads\/2025\/08\/LiteRadio_2_SIM_Controller_-_6_colors-300x169.webp 300w, https:\/\/1dronas.lt\/wp-content\/uploads\/2025\/08\/LiteRadio_2_SIM_Controller_-_6_colors-1024x576.webp 1024w, https:\/\/1dronas.lt\/wp-content\/uploads\/2025\/08\/LiteRadio_2_SIM_Controller_-_6_colors-768x432.webp 768w, https:\/\/1dronas.lt\/wp-content\/uploads\/2025\/08\/LiteRadio_2_SIM_Controller_-_6_colors-1536x864.webp 1536w, https:\/\/1dronas.lt\/wp-content\/uploads\/2025\/08\/LiteRadio_2_SIM_Controller_-_6_colors-18x10.webp 18w, https:\/\/1dronas.lt\/wp-content\/uploads\/2025\/08\/LiteRadio_2_SIM_Controller_-_6_colors-510x287.webp 510w\" sizes=\"auto, (max-width: 1600px) 100vw, 1600px\" \/><\/p>\n<p><strong>Designed for easy mastery<\/strong><\/p>\n<p>The controller features a front-facing Type-C port that eliminates cable clutter and allows for true plug-and-play operation (plug in \u2192 fly in seconds), along with LiteRadio&#039;s professional gimbals for ultra-precise control. Perfect for beginners, yet durable enough for intensive training, this controller turns any desk into a high-end simulator cockpit.<\/p>\n<p><img loading=\"lazy\" decoding=\"async\" class=\"alignnone size-full wp-image-10974\" src=\"https:\/\/1dronas.lt\/wp-content\/uploads\/2025\/08\/LiteRadio_2_SIM_Controller_-_front-mounted_Type_C_port.webp\" alt=\"\" width=\"1600\" height=\"900\" srcset=\"https:\/\/1dronas.lt\/wp-content\/uploads\/2025\/08\/LiteRadio_2_SIM_Controller_-_front-mounted_Type_C_port.webp 1600w, https:\/\/1dronas.lt\/wp-content\/uploads\/2025\/08\/LiteRadio_2_SIM_Controller_-_front-mounted_Type_C_port-300x169.webp 300w, https:\/\/1dronas.lt\/wp-content\/uploads\/2025\/08\/LiteRadio_2_SIM_Controller_-_front-mounted_Type_C_port-1024x576.webp 1024w, https:\/\/1dronas.lt\/wp-content\/uploads\/2025\/08\/LiteRadio_2_SIM_Controller_-_front-mounted_Type_C_port-768x432.webp 768w, https:\/\/1dronas.lt\/wp-content\/uploads\/2025\/08\/LiteRadio_2_SIM_Controller_-_front-mounted_Type_C_port-1536x864.webp 1536w, https:\/\/1dronas.lt\/wp-content\/uploads\/2025\/08\/LiteRadio_2_SIM_Controller_-_front-mounted_Type_C_port-18x10.webp 18w, https:\/\/1dronas.lt\/wp-content\/uploads\/2025\/08\/LiteRadio_2_SIM_Controller_-_front-mounted_Type_C_port-510x287.webp 510w\" sizes=\"auto, (max-width: 1600px) 100vw, 1600px\" \/><\/p>\n<p><strong>Updates via BETAFPV Configurator<\/strong><\/p>\n<p>The LiteRadio 2 SIM remains future-proof as it can be updated via BETAFPV Configurator, ensuring compatibility with new simulator releases and features. BETAFPV Configurator is an open-source configuration tool for BETAFPV drones and remote controllers. It allows pilots to easily configure and fine-tune various parameters for more efficient and optimized flight control.<\/p>\n<p>Download link: <span style=\"text-decoration: underline;\">https:\/\/github.com\/BETAFPV\/BETAFPV_Configurator\/releases<\/span><\/p>\n<p>User manual: <span style=\"text-decoration: underline;\">https:\/\/support.betafpv.com\/hc\/en-us\/article_attachments\/40772076147737<\/span><\/p>\n<p><img loading=\"lazy\" decoding=\"async\" class=\"alignnone size-full wp-image-10975\" src=\"https:\/\/1dronas.lt\/wp-content\/uploads\/2025\/08\/LiteRadio_2_SIM_Controller_-_BETAFPV_Configurator.webp\" alt=\"\" width=\"1600\" height=\"900\" srcset=\"https:\/\/1dronas.lt\/wp-content\/uploads\/2025\/08\/LiteRadio_2_SIM_Controller_-_BETAFPV_Configurator.webp 1600w, https:\/\/1dronas.lt\/wp-content\/uploads\/2025\/08\/LiteRadio_2_SIM_Controller_-_BETAFPV_Configurator-300x169.webp 300w, https:\/\/1dronas.lt\/wp-content\/uploads\/2025\/08\/LiteRadio_2_SIM_Controller_-_BETAFPV_Configurator-1024x576.webp 1024w, https:\/\/1dronas.lt\/wp-content\/uploads\/2025\/08\/LiteRadio_2_SIM_Controller_-_BETAFPV_Configurator-768x432.webp 768w, https:\/\/1dronas.lt\/wp-content\/uploads\/2025\/08\/LiteRadio_2_SIM_Controller_-_BETAFPV_Configurator-1536x864.webp 1536w, https:\/\/1dronas.lt\/wp-content\/uploads\/2025\/08\/LiteRadio_2_SIM_Controller_-_BETAFPV_Configurator-18x10.webp 18w, https:\/\/1dronas.lt\/wp-content\/uploads\/2025\/08\/LiteRadio_2_SIM_Controller_-_BETAFPV_Configurator-510x287.webp 510w\" sizes=\"auto, (max-width: 1600px) 100vw, 1600px\" \/><\/p>\n<p>BETAFPV Configurator features:<\/p>\n<p><strong>\u2022 Easy parameter adjustment:<\/strong> Designed for BETAFPV LiteRadio series and Cetus drones with position hold and auto-hover functions, the software allows pilots to easily adjust PID controller parameters through an intuitive graphical interface, optimizing flight performance.<\/p>\n<p><strong>\u2022 Real-time feedback:<\/strong> Instantly shows the effects of parameter changes, providing real-time monitoring and helping pilots quickly evaluate and adjust settings for drones or remote controllers.<\/p>\n<p><strong>\u2022 Effective fault diagnosis:<\/strong> With built-in diagnostic tools, the software helps pilots check software versions and product status in the event of problems, facilitating fault identification and resolution and reducing downtime.<\/p>\n<p><strong>\u2022 Convenient software update:<\/strong> A user-friendly drone and remote controller software update mechanism is provided with instructions and progress indicators, ensuring smooth and error-free updates.<\/p>\n<p><span style=\"color: #808080;\"><em>Note: Press the power button on the remote and only then connect it to the computer for software update, otherwise the USB port will not work.<\/em><\/span><\/p>\n<p><strong>Files:<\/strong><\/p>\n<p><strong>\u2022 <\/strong><span style=\"text-decoration: underline;\"><a href=\"https:\/\/support.betafpv.com\/hc\/en-us\/articles\/48137505809561-Manual-for-LiteRadio-2-SIM\">LiteRadio 2 SIM Remote User Manual<\/a><\/span><br \/>\n<strong>\u2022 <\/strong><span style=\"text-decoration: underline;\"><a href=\"https:\/\/support.betafpv.com\/hc\/en-us\/articles\/48137490231065-LiteRadio-2-SIM\">Firmware for LiteRadio 2 SIM remote control<\/a><\/span><\/p>\n<p><strong>Package:<\/strong><\/p>\n<p>1 x LiteRadio 2 SIM remote control;<br \/>\n1 x USB Type-C cable;<br \/>\n1 x User manual.<\/p>\n<\/div>","protected":false},"excerpt":{"rendered":"<p><span style=\"color: #333333;\">Designed specifically for simulator training, the LiteRadio 2 SIM controller provides the authentic feel of FPV flight without the real risks.<\/span><\/p>\n<p><span style=\"font-size: 90%; color: #333333;\"><strong><img loading=\"lazy\" decoding=\"async\" class=\"alignnone wp-image-1806\" src=\"https:\/\/1dronas.lt\/wp-content\/uploads\/2021\/05\/delivery-icon.png\" alt=\"\" width=\"24\" height=\"24\" srcset=\"https:\/\/1dronas.lt\/wp-content\/uploads\/2021\/05\/delivery-icon.png 35w, https:\/\/1dronas.lt\/wp-content\/uploads\/2021\/05\/delivery-icon-12x12.png 12w\" sizes=\"auto, (max-width: 24px) 100vw, 24px\" \/>\u00a0 \u00a01 \u2013 2 days<\/strong><\/span><\/p>","protected":false},"featured_media":10979,"comment_status":"open","ping_status":"closed","template":"","meta":[],"product_brand":[489],"product_cat":[221],"product_tag":[759,758,762,763,760,755,764,754,761,757,756],"class_list":{"0":"post-10966","1":"product","2":"type-product","3":"status-publish","4":"has-post-thumbnail","6":"product_brand-betafpv","7":"product_cat-nuotolinio-valdymo-pulteliai","8":"product_tag-dcl","9":"product_tag-drl","10":"product_tag-feelfpv","11":"product_tag-fpv-freerider","12":"product_tag-liftoff","13":"product_tag-pultelis-fpv-simuliatoriui","14":"product_tag-racefly","15":"product_tag-simuliatoriaus-pultelis","16":"product_tag-tryp-fpv","17":"product_tag-uncrashed","18":"product_tag-velocidrone","20":"first","21":"onbackorder","22":"sale","23":"taxable","24":"shipping-taxable","25":"purchasable","26":"product-type-variable","27":"has-default-attributes"},"yoast_head":"<!-- This site is optimized with the Yoast SEO plugin v27.3 - https:\/\/yoast.com\/product\/yoast-seo-wordpress\/ -->\n<title>BETAFPV LiteRadio 2 SIM Controller (Mode 2) - 1dronas.lt<\/title>\n<meta name=\"robots\" content=\"index, follow, max-snippet:-1, max-image-preview:large, max-video-preview:-1\" \/>\n<link rel=\"canonical\" href=\"https:\/\/1dronas.lt\/en\/produktas\/literadio-2-sim-controller\/\" \/>\n<meta property=\"og:locale\" content=\"en_US\" \/>\n<meta property=\"og:type\" content=\"article\" \/>\n<meta property=\"og:title\" content=\"BETAFPV LiteRadio 2 SIM Controller (Mode 2) - 1dronas.lt\" \/>\n<meta property=\"og:description\" content=\"Sukurtas specialiai simuliatori\u0173 treniruot\u0117ms, LiteRadio 2 SIM pultelis suteikia autenti\u0161k\u0105 FPV skryd\u017eio poj\u016bt\u012f be realios rizikos.  \u00a0 \u00a01 \u2013 2 d. d.\" \/>\n<meta property=\"og:url\" content=\"https:\/\/1dronas.lt\/en\/produktas\/literadio-2-sim-controller\/\" \/>\n<meta property=\"og:site_name\" content=\"1dronas.lt\" \/>\n<meta property=\"article:publisher\" content=\"https:\/\/www.facebook.com\/1dronas\/\" \/>\n<meta property=\"article:modified_time\" content=\"2026-04-11T11:19:31+00:00\" \/>\n<meta property=\"og:image\" content=\"https:\/\/1dronas.lt\/wp-content\/uploads\/2025\/08\/LiteRadio_2_SIM_Controller_light_gray_720x.webp\" \/>\n\t<meta property=\"og:image:width\" content=\"720\" \/>\n\t<meta property=\"og:image:height\" content=\"720\" \/>\n\t<meta property=\"og:image:type\" content=\"image\/webp\" \/>\n<meta name=\"twitter:card\" content=\"summary_large_image\" \/>\n<meta name=\"twitter:label1\" content=\"Est. reading time\" \/>\n\t<meta name=\"twitter:data1\" content=\"6 minutes\" \/>\n<script type=\"application\/ld+json\" class=\"yoast-schema-graph\">{\"@context\":\"https:\\\/\\\/schema.org\",\"@graph\":[{\"@type\":\"WebPage\",\"@id\":\"https:\\\/\\\/1dronas.lt\\\/en\\\/produktas\\\/literadio-2-sim-controller\\\/\",\"url\":\"https:\\\/\\\/1dronas.lt\\\/en\\\/produktas\\\/literadio-2-sim-controller\\\/\",\"name\":\"BETAFPV LiteRadio 2 SIM Controller (Mode 2) - 1dronas.lt\",\"isPartOf\":{\"@id\":\"https:\\\/\\\/1dronas.lt\\\/en\\\/#website\"},\"primaryImageOfPage\":{\"@id\":\"https:\\\/\\\/1dronas.lt\\\/en\\\/produktas\\\/literadio-2-sim-controller\\\/#primaryimage\"},\"image\":{\"@id\":\"https:\\\/\\\/1dronas.lt\\\/en\\\/produktas\\\/literadio-2-sim-controller\\\/#primaryimage\"},\"thumbnailUrl\":\"https:\\\/\\\/1dronas.lt\\\/wp-content\\\/uploads\\\/2025\\\/08\\\/LiteRadio_2_SIM_Controller_light_gray_720x.webp\",\"datePublished\":\"2025-08-23T18:21:05+00:00\",\"dateModified\":\"2026-04-11T11:19:31+00:00\",\"breadcrumb\":{\"@id\":\"https:\\\/\\\/1dronas.lt\\\/en\\\/produktas\\\/literadio-2-sim-controller\\\/#breadcrumb\"},\"inLanguage\":\"en-US\",\"potentialAction\":[{\"@type\":\"ReadAction\",\"target\":[\"https:\\\/\\\/1dronas.lt\\\/en\\\/produktas\\\/literadio-2-sim-controller\\\/\"]}]},{\"@type\":\"ImageObject\",\"inLanguage\":\"en-US\",\"@id\":\"https:\\\/\\\/1dronas.lt\\\/en\\\/produktas\\\/literadio-2-sim-controller\\\/#primaryimage\",\"url\":\"https:\\\/\\\/1dronas.lt\\\/wp-content\\\/uploads\\\/2025\\\/08\\\/LiteRadio_2_SIM_Controller_light_gray_720x.webp\",\"contentUrl\":\"https:\\\/\\\/1dronas.lt\\\/wp-content\\\/uploads\\\/2025\\\/08\\\/LiteRadio_2_SIM_Controller_light_gray_720x.webp\",\"width\":720,\"height\":720},{\"@type\":\"BreadcrumbList\",\"@id\":\"https:\\\/\\\/1dronas.lt\\\/en\\\/produktas\\\/literadio-2-sim-controller\\\/#breadcrumb\",\"itemListElement\":[{\"@type\":\"ListItem\",\"position\":1,\"name\":\"Home\",\"item\":\"https:\\\/\\\/1dronas.lt\\\/\"},{\"@type\":\"ListItem\",\"position\":2,\"name\":\"Parduotuv\u0117\",\"item\":\"https:\\\/\\\/1dronas.lt\\\/parduotuve\\\/\"},{\"@type\":\"ListItem\",\"position\":3,\"name\":\"BETAFPV LiteRadio 2 SIM Controller (Mode 2)\"}]},{\"@type\":\"WebSite\",\"@id\":\"https:\\\/\\\/1dronas.lt\\\/en\\\/#website\",\"url\":\"https:\\\/\\\/1dronas.lt\\\/en\\\/\",\"name\":\"1dronas.lt\",\"description\":\"Internetin\u0117 parduotuv\u0117\",\"publisher\":{\"@id\":\"https:\\\/\\\/1dronas.lt\\\/en\\\/#organization\"},\"potentialAction\":[{\"@type\":\"SearchAction\",\"target\":{\"@type\":\"EntryPoint\",\"urlTemplate\":\"https:\\\/\\\/1dronas.lt\\\/en\\\/?s={search_term_string}\"},\"query-input\":{\"@type\":\"PropertyValueSpecification\",\"valueRequired\":true,\"valueName\":\"search_term_string\"}}],\"inLanguage\":\"en-US\"},{\"@type\":\"Organization\",\"@id\":\"https:\\\/\\\/1dronas.lt\\\/en\\\/#organization\",\"name\":\"1dronas.lt\",\"url\":\"https:\\\/\\\/1dronas.lt\\\/en\\\/\",\"logo\":{\"@type\":\"ImageObject\",\"inLanguage\":\"en-US\",\"@id\":\"https:\\\/\\\/1dronas.lt\\\/en\\\/#\\\/schema\\\/logo\\\/image\\\/\",\"url\":\"https:\\\/\\\/1dronas.lt\\\/wp-content\\\/uploads\\\/2020\\\/12\\\/Ekrano_kopija__2_-removebg-preview-1-1.png\",\"contentUrl\":\"https:\\\/\\\/1dronas.lt\\\/wp-content\\\/uploads\\\/2020\\\/12\\\/Ekrano_kopija__2_-removebg-preview-1-1.png\",\"width\":234,\"height\":81,\"caption\":\"1dronas.lt\"},\"image\":{\"@id\":\"https:\\\/\\\/1dronas.lt\\\/en\\\/#\\\/schema\\\/logo\\\/image\\\/\"},\"sameAs\":[\"https:\\\/\\\/www.facebook.com\\\/1dronas\\\/\"]}]}<\/script>\n<!-- \/ Yoast SEO plugin. -->","yoast_head_json":{"title":"BETAFPV LiteRadio 2 SIM Controller (Mode 2) - 1dronas.lt","robots":{"index":"index","follow":"follow","max-snippet":"max-snippet:-1","max-image-preview":"max-image-preview:large","max-video-preview":"max-video-preview:-1"},"canonical":"https:\/\/1dronas.lt\/en\/produktas\/literadio-2-sim-controller\/","og_locale":"en_US","og_type":"article","og_title":"BETAFPV LiteRadio 2 SIM Controller (Mode 2) - 1dronas.lt","og_description":"Sukurtas specialiai simuliatori\u0173 treniruot\u0117ms, LiteRadio 2 SIM pultelis suteikia autenti\u0161k\u0105 FPV skryd\u017eio poj\u016bt\u012f be realios rizikos.  \u00a0 \u00a01 \u2013 2 d. d.","og_url":"https:\/\/1dronas.lt\/en\/produktas\/literadio-2-sim-controller\/","og_site_name":"1dronas.lt","article_publisher":"https:\/\/www.facebook.com\/1dronas\/","article_modified_time":"2026-04-11T11:19:31+00:00","og_image":[{"width":720,"height":720,"url":"https:\/\/1dronas.lt\/wp-content\/uploads\/2025\/08\/LiteRadio_2_SIM_Controller_light_gray_720x.webp","type":"image\/webp"}],"twitter_card":"summary_large_image","twitter_misc":{"Est. reading time":"6 minutes"},"schema":{"@context":"https:\/\/schema.org","@graph":[{"@type":"WebPage","@id":"https:\/\/1dronas.lt\/en\/produktas\/literadio-2-sim-controller\/","url":"https:\/\/1dronas.lt\/en\/produktas\/literadio-2-sim-controller\/","name":"BETAFPV LiteRadio 2 SIM Controller (Mode 2) - 1dronas.lt","isPartOf":{"@id":"https:\/\/1dronas.lt\/en\/#website"},"primaryImageOfPage":{"@id":"https:\/\/1dronas.lt\/en\/produktas\/literadio-2-sim-controller\/#primaryimage"},"image":{"@id":"https:\/\/1dronas.lt\/en\/produktas\/literadio-2-sim-controller\/#primaryimage"},"thumbnailUrl":"https:\/\/1dronas.lt\/wp-content\/uploads\/2025\/08\/LiteRadio_2_SIM_Controller_light_gray_720x.webp","datePublished":"2025-08-23T18:21:05+00:00","dateModified":"2026-04-11T11:19:31+00:00","breadcrumb":{"@id":"https:\/\/1dronas.lt\/en\/produktas\/literadio-2-sim-controller\/#breadcrumb"},"inLanguage":"en-US","potentialAction":[{"@type":"ReadAction","target":["https:\/\/1dronas.lt\/en\/produktas\/literadio-2-sim-controller\/"]}]},{"@type":"ImageObject","inLanguage":"en-US","@id":"https:\/\/1dronas.lt\/en\/produktas\/literadio-2-sim-controller\/#primaryimage","url":"https:\/\/1dronas.lt\/wp-content\/uploads\/2025\/08\/LiteRadio_2_SIM_Controller_light_gray_720x.webp","contentUrl":"https:\/\/1dronas.lt\/wp-content\/uploads\/2025\/08\/LiteRadio_2_SIM_Controller_light_gray_720x.webp","width":720,"height":720},{"@type":"BreadcrumbList","@id":"https:\/\/1dronas.lt\/en\/produktas\/literadio-2-sim-controller\/#breadcrumb","itemListElement":[{"@type":"ListItem","position":1,"name":"Home","item":"https:\/\/1dronas.lt\/"},{"@type":"ListItem","position":2,"name":"Parduotuv\u0117","item":"https:\/\/1dronas.lt\/parduotuve\/"},{"@type":"ListItem","position":3,"name":"BETAFPV LiteRadio 2 SIM Controller (Mode 2)"}]},{"@type":"WebSite","@id":"https:\/\/1dronas.lt\/en\/#website","url":"https:\/\/1dronas.lt\/en\/","name":"1dronas.lt","description":"Online store","publisher":{"@id":"https:\/\/1dronas.lt\/en\/#organization"},"potentialAction":[{"@type":"SearchAction","target":{"@type":"EntryPoint","urlTemplate":"https:\/\/1dronas.lt\/en\/?s={search_term_string}"},"query-input":{"@type":"PropertyValueSpecification","valueRequired":true,"valueName":"search_term_string"}}],"inLanguage":"en-US"},{"@type":"Organization","@id":"https:\/\/1dronas.lt\/en\/#organization","name":"1dronas.lt","url":"https:\/\/1dronas.lt\/en\/","logo":{"@type":"ImageObject","inLanguage":"en-US","@id":"https:\/\/1dronas.lt\/en\/#\/schema\/logo\/image\/","url":"https:\/\/1dronas.lt\/wp-content\/uploads\/2020\/12\/Ekrano_kopija__2_-removebg-preview-1-1.png","contentUrl":"https:\/\/1dronas.lt\/wp-content\/uploads\/2020\/12\/Ekrano_kopija__2_-removebg-preview-1-1.png","width":234,"height":81,"caption":"1dronas.lt"},"image":{"@id":"https:\/\/1dronas.lt\/en\/#\/schema\/logo\/image\/"},"sameAs":["https:\/\/www.facebook.com\/1dronas\/"]}]}},"jetpack_sharing_enabled":true,"_links":{"self":[{"href":"https:\/\/1dronas.lt\/en\/wp-json\/wp\/v2\/product\/10966","targetHints":{"allow":["GET"]}}],"collection":[{"href":"https:\/\/1dronas.lt\/en\/wp-json\/wp\/v2\/product"}],"about":[{"href":"https:\/\/1dronas.lt\/en\/wp-json\/wp\/v2\/types\/product"}],"replies":[{"embeddable":true,"href":"https:\/\/1dronas.lt\/en\/wp-json\/wp\/v2\/comments?post=10966"}],"wp:featuredmedia":[{"embeddable":true,"href":"https:\/\/1dronas.lt\/en\/wp-json\/wp\/v2\/media\/10979"}],"wp:attachment":[{"href":"https:\/\/1dronas.lt\/en\/wp-json\/wp\/v2\/media?parent=10966"}],"wp:term":[{"taxonomy":"product_brand","embeddable":true,"href":"https:\/\/1dronas.lt\/en\/wp-json\/wp\/v2\/product_brand?post=10966"},{"taxonomy":"product_cat","embeddable":true,"href":"https:\/\/1dronas.lt\/en\/wp-json\/wp\/v2\/product_cat?post=10966"},{"taxonomy":"product_tag","embeddable":true,"href":"https:\/\/1dronas.lt\/en\/wp-json\/wp\/v2\/product_tag?post=10966"}],"curies":[{"name":"wp","href":"https:\/\/api.w.org\/{rel}","templated":true}]}}