{"id":10954,"date":"2025-08-23T16:08:06","date_gmt":"2025-08-23T16:08:06","guid":{"rendered":"https:\/\/1dronas.lt\/?post_type=product&#038;p=10954"},"modified":"2026-04-27T16:46:31","modified_gmt":"2026-04-27T13:46:31","slug":"akumuliatorius-betafpv-lava-1s-260mah-80c-bt2-0-5vnt","status":"publish","type":"product","link":"https:\/\/1dronas.lt\/en\/produktas\/akumuliatorius-betafpv-lava-1s-260mah-80c-bt2-0-5vnt\/","title":{"rendered":"Battery BETAFPV LAVA 1S 260mAh 80C \u2013 BT2.0 (5pcs)"},"content":{"rendered":"<p>The Ultralight LAVA 1S 260mAh 80C battery, due to its compact size, gives racing drones a more concentrated center of gravity, which ensures more precise control, faster acceleration and better maneuverability. It is a powerful LiHV battery with advanced \u201cZ-Folding\u201d technology, which surpasses the traditional \u201cWinding\u201d process in both capacity and discharge limits. The impressive 80C discharge rate allows you to reach a new level of performance. The newly designed battery symbolizes explosive power, reminiscent of erupting lava, making it an ideal choice for drone racing. It gives the \u201cAir65\u201d flights exceptional traction and dynamics.<\/p>\n<p><img loading=\"lazy\" decoding=\"async\" class=\"alignnone size-full wp-image-10955\" src=\"https:\/\/1dronas.lt\/wp-content\/uploads\/2025\/08\/83629e3e107b9b3191a560ef0655f61b_a432612b-7abf-43eb-bab4-99c0585b353b_1024x1024.webp\" alt=\"\" width=\"1024\" height=\"576\" srcset=\"https:\/\/1dronas.lt\/wp-content\/uploads\/2025\/08\/83629e3e107b9b3191a560ef0655f61b_a432612b-7abf-43eb-bab4-99c0585b353b_1024x1024.webp 1024w, https:\/\/1dronas.lt\/wp-content\/uploads\/2025\/08\/83629e3e107b9b3191a560ef0655f61b_a432612b-7abf-43eb-bab4-99c0585b353b_1024x1024-300x169.webp 300w, https:\/\/1dronas.lt\/wp-content\/uploads\/2025\/08\/83629e3e107b9b3191a560ef0655f61b_a432612b-7abf-43eb-bab4-99c0585b353b_1024x1024-768x432.webp 768w, https:\/\/1dronas.lt\/wp-content\/uploads\/2025\/08\/83629e3e107b9b3191a560ef0655f61b_a432612b-7abf-43eb-bab4-99c0585b353b_1024x1024-18x10.webp 18w, https:\/\/1dronas.lt\/wp-content\/uploads\/2025\/08\/83629e3e107b9b3191a560ef0655f61b_a432612b-7abf-43eb-bab4-99c0585b353b_1024x1024-510x287.webp 510w\" sizes=\"auto, (max-width: 1024px) 100vw, 1024px\" \/><\/p>\n<p><strong>Features:<\/strong><\/p>\n<p><strong>\u2022<\/strong>\u00a0Compared to the LAVA 1S 300mAh 75C battery, this battery is 1.1g lighter and smaller, giving the drone a more concentrated center of gravity. This ensures more precise response, faster acceleration, 3 % less takeoff throttle, and better indoor maneuverability.<br \/>\n<strong>\u2022\u00a0<\/strong>Using Z-Folding technology, the energy density increases by 5 % compared to the traditional Winding process, which extends flight time and reduces the need for frequent battery replacement.<br \/>\n<strong>\u2022<\/strong>\u00a0The increased discharge rate of up to 80C provides even more instantaneous power, ensuring exceptional flight performance and maneuverability, as well as unparalleled control.<br \/>\n<strong>\u2022<\/strong>\u00a0The longer battery cycle life ensures long-term power support, providing reliable performance to the user.<br \/>\n<strong>\u2022<\/strong>\u00a0The all-new LAVA series battery features a design that symbolizes explosive power, comparable to the hot lava element.<\/p>\n<p><strong>Specification:<\/strong><\/p>\n<p>\u2022 Item: LAVA 1S 260mAh 80C battery;<br \/>\n\u2022 Capacity: 260mAh;<br \/>\n\u2022 Dimensions: 54 x 11 x 6.5mm;<br \/>\n\u2022 Weight: 7.11g;<br \/>\n\u2022 Power: 0.98Wh;<br \/>\n\u2022 Discharge rate: 80C;<br \/>\n\u2022 Battery type: LiHV;<br \/>\n\u2022 Voltage: 3.8V;<br \/>\n\u2022 Connector: BT2.<\/p>\n<p>The following image shows the dimensions of the battery.<\/p>\n<p><img loading=\"lazy\" decoding=\"async\" class=\"alignnone size-full wp-image-10957\" src=\"https:\/\/1dronas.lt\/wp-content\/uploads\/2025\/08\/f7d7c897f798fc44c391847188c3ac79_ea1a0dc9-5ab0-4e15-97c9-7bc4667c6974_480x480.webp\" alt=\"\" width=\"480\" height=\"213\" srcset=\"https:\/\/1dronas.lt\/wp-content\/uploads\/2025\/08\/f7d7c897f798fc44c391847188c3ac79_ea1a0dc9-5ab0-4e15-97c9-7bc4667c6974_480x480.webp 480w, https:\/\/1dronas.lt\/wp-content\/uploads\/2025\/08\/f7d7c897f798fc44c391847188c3ac79_ea1a0dc9-5ab0-4e15-97c9-7bc4667c6974_480x480-300x133.webp 300w, https:\/\/1dronas.lt\/wp-content\/uploads\/2025\/08\/f7d7c897f798fc44c391847188c3ac79_ea1a0dc9-5ab0-4e15-97c9-7bc4667c6974_480x480-18x8.webp 18w\" sizes=\"auto, (max-width: 480px) 100vw, 480px\" \/><\/p>\n<p>The following image shows battery discharge information.<\/p>\n<p><img loading=\"lazy\" decoding=\"async\" class=\"alignnone wp-image-10958\" src=\"https:\/\/1dronas.lt\/wp-content\/uploads\/2025\/08\/1a2c3f8d1464e2ab7e53ff20e75082e3_a422dd9c-9b0a-4755-b8d9-f8ed173c42b5_600x600.webp\" alt=\"\" width=\"480\" height=\"270\" srcset=\"https:\/\/1dronas.lt\/wp-content\/uploads\/2025\/08\/1a2c3f8d1464e2ab7e53ff20e75082e3_a422dd9c-9b0a-4755-b8d9-f8ed173c42b5_600x600.webp 600w, https:\/\/1dronas.lt\/wp-content\/uploads\/2025\/08\/1a2c3f8d1464e2ab7e53ff20e75082e3_a422dd9c-9b0a-4755-b8d9-f8ed173c42b5_600x600-300x169.webp 300w, https:\/\/1dronas.lt\/wp-content\/uploads\/2025\/08\/1a2c3f8d1464e2ab7e53ff20e75082e3_a422dd9c-9b0a-4755-b8d9-f8ed173c42b5_600x600-18x10.webp 18w, https:\/\/1dronas.lt\/wp-content\/uploads\/2025\/08\/1a2c3f8d1464e2ab7e53ff20e75082e3_a422dd9c-9b0a-4755-b8d9-f8ed173c42b5_600x600-510x287.webp 510w\" sizes=\"auto, (max-width: 480px) 100vw, 480px\" \/><\/p>\n<p><strong>Z-Folding process<\/strong><\/p>\n<p>The Z-Folding Process battery demonstrates impressive performance and versatility. By taking advantage of low internal resistance, it enables efficient discharge of a high-current battery in a shorter time. Compared to the Winding Process battery, it achieves a 0.2V higher discharge at equivalent loads, ensuring consistent and reliable power, and also has a 5 % higher energy density in the same volume and longer cycle life. The Z-Folding Process allows for precise electrode sizes to be tailored to the dimensions of the lithium battery, optimizing control over the size and shape of the battery. The battery performance is improved, and there is a wider range of appearance and shape options, and its application possibilities are also wider compared to a battery made using the winding process.<\/p>\n<p><img loading=\"lazy\" decoding=\"async\" class=\"alignnone size-full wp-image-6956\" src=\"https:\/\/1dronas.lt\/wp-content\/uploads\/2024\/11\/c87350369e899281d3c131bee258dcdb_45d37877-36d6-4d06-96e1-032b6faddba4_1024x1024-min.jpg.webp\" sizes=\"auto, (max-width: 1024px) 100vw, 1024px\" srcset=\"https:\/\/1dronas.lt\/wp-content\/uploads\/2024\/11\/c87350369e899281d3c131bee258dcdb_45d37877-36d6-4d06-96e1-032b6faddba4_1024x1024-min.jpg.webp 1024w, https:\/\/1dronas.lt\/wp-content\/uploads\/2024\/11\/c87350369e899281d3c131bee258dcdb_45d37877-36d6-4d06-96e1-032b6faddba4_1024x1024-min-510x287.jpg.webp 510w, https:\/\/1dronas.lt\/wp-content\/uploads\/2024\/11\/c87350369e899281d3c131bee258dcdb_45d37877-36d6-4d06-96e1-032b6faddba4_1024x1024-min-300x169.jpg.webp 300w, https:\/\/1dronas.lt\/wp-content\/uploads\/2024\/11\/c87350369e899281d3c131bee258dcdb_45d37877-36d6-4d06-96e1-032b6faddba4_1024x1024-min-768x432.jpg.webp 768w\" alt=\"\" width=\"1024\" height=\"576\" \/><\/p>\n<p><strong>Warning<\/strong><\/p>\n<p><em>\u2022 Fully charge a new battery before use.<\/em><br \/>\n<em>\u2022 Only use a charger designed for lithium polymer\/lithium ion batteries and never leave the battery unattended while charging.<\/em><br \/>\n<em>\u2022 Always keep the battery away from flammable and explosive materials while charging.<\/em><br \/>\n<em>\u2022 Never overcharge a battery. The maximum voltage for a LiPo battery is 4.2 V per cell and for a LiHV battery it is 4.35 V per cell.<\/em><br \/>\n<em>\u2022 Never discharge the battery to a voltage below 3 V per cell under load.<\/em><br \/>\n<em>\u2022 Do not store fully charged batteries for more than 3 days. For long-term storage, maintain a voltage of 3.8-3.9 V.<\/em><br \/>\n<em>\u2022 Do not disassemble, crush, crush, expose to flame or other sources of ignition.<\/em><br \/>\n<em>\u2022 Do not use deformed or swollen batteries.<\/em><\/p>\n<p><strong>Package:<\/strong><\/p>\n<p>5 x LAVA 1S 260mAh 80C batteries.<\/p>\n<p><img loading=\"lazy\" decoding=\"async\" class=\"alignnone size-full wp-image-10963\" src=\"https:\/\/1dronas.lt\/wp-content\/uploads\/2025\/08\/3f89305fb1dabad87b9b93324e3c25cd_de32a17d-7b04-42e0-8902-9199e8be8bac_480x480.webp\" alt=\"\" width=\"480\" height=\"480\" srcset=\"https:\/\/1dronas.lt\/wp-content\/uploads\/2025\/08\/3f89305fb1dabad87b9b93324e3c25cd_de32a17d-7b04-42e0-8902-9199e8be8bac_480x480.webp 480w, https:\/\/1dronas.lt\/wp-content\/uploads\/2025\/08\/3f89305fb1dabad87b9b93324e3c25cd_de32a17d-7b04-42e0-8902-9199e8be8bac_480x480-300x300.webp 300w, https:\/\/1dronas.lt\/wp-content\/uploads\/2025\/08\/3f89305fb1dabad87b9b93324e3c25cd_de32a17d-7b04-42e0-8902-9199e8be8bac_480x480-150x150.webp 150w, https:\/\/1dronas.lt\/wp-content\/uploads\/2025\/08\/3f89305fb1dabad87b9b93324e3c25cd_de32a17d-7b04-42e0-8902-9199e8be8bac_480x480-12x12.webp 12w, https:\/\/1dronas.lt\/wp-content\/uploads\/2025\/08\/3f89305fb1dabad87b9b93324e3c25cd_de32a17d-7b04-42e0-8902-9199e8be8bac_480x480-247x247.webp 247w, https:\/\/1dronas.lt\/wp-content\/uploads\/2025\/08\/3f89305fb1dabad87b9b93324e3c25cd_de32a17d-7b04-42e0-8902-9199e8be8bac_480x480-100x100.webp 100w\" sizes=\"auto, (max-width: 480px) 100vw, 480px\" \/><\/p>","protected":false},"excerpt":{"rendered":"<p><span style=\"color: #333333;\">The increased discharge rate of up to 80C provides even more instantaneous power, ensuring exceptional flight performance and maneuverability, as well as unparalleled control.<\/span><\/p>\n<p><span style=\"color: #333333;\"><strong><img loading=\"lazy\" decoding=\"async\" class=\"alignnone wp-image-1806\" src=\"https:\/\/1dronas.lt\/wp-content\/uploads\/2021\/05\/delivery-icon.png.webp\" alt=\"\" width=\"24\" height=\"24\" srcset=\"https:\/\/1dronas.lt\/wp-content\/uploads\/2021\/05\/delivery-icon.png 35w, https:\/\/1dronas.lt\/wp-content\/uploads\/2021\/05\/delivery-icon-12x12.png 12w\" sizes=\"auto, (max-width: 24px) 100vw, 24px\" \/>\u00a0\u00a0<span style=\"font-size: 90%;\">1 \u2013 2 days<\/span><\/strong><\/span><\/p>","protected":false},"featured_media":10960,"comment_status":"open","ping_status":"closed","template":"","meta":[],"product_brand":[489],"product_cat":[737],"product_tag":[95,752,753,69,96,443,751],"class_list":{"0":"post-10954","1":"product","2":"type-product","3":"status-publish","4":"has-post-thumbnail","6":"product_brand-betafpv","7":"product_cat-1s-lipo-akumuliatoriai","8":"product_tag-1s","9":"product_tag-260mah","10":"product_tag-80c","11":"product_tag-betafpv","12":"product_tag-bt2-0","13":"product_tag-lava","14":"product_tag-lihv","16":"first","17":"instock","18":"sale","19":"taxable","20":"shipping-taxable","21":"purchasable","22":"product-type-simple"},"yoast_head":"<!-- This site is optimized with the Yoast SEO plugin v27.5 - https:\/\/yoast.com\/product\/yoast-seo-wordpress\/ -->\n<title>Akumuliatorius BETAFPV LAVA 1S 260mAh 80C \u2013 BT2.0 (5vnt) - 1dronas.lt<\/title>\n<meta name=\"robots\" content=\"index, follow, max-snippet:-1, max-image-preview:large, max-video-preview:-1\" \/>\n<link rel=\"canonical\" href=\"https:\/\/1dronas.lt\/en\/produktas\/akumuliatorius-betafpv-lava-1s-260mah-80c-bt2-0-5vnt\/\" \/>\n<meta property=\"og:locale\" content=\"en_US\" \/>\n<meta property=\"og:type\" content=\"article\" \/>\n<meta property=\"og:title\" content=\"Akumuliatorius BETAFPV LAVA 1S 260mAh 80C \u2013 BT2.0 (5vnt) - 1dronas.lt\" \/>\n<meta property=\"og:description\" content=\"Padidintas iki 80C i\u0161krovos rodiklis suteikia dar daugiau momentin\u0117s galios, kas garantuoja i\u0161skirtin\u012f skryd\u017eio na\u0161um\u0105 ir manevringum\u0105 bei neprilygstam\u0105 valdym\u0105.  \u00a0\u00a01 \u2013 2 d.d.\" \/>\n<meta property=\"og:url\" content=\"https:\/\/1dronas.lt\/en\/produktas\/akumuliatorius-betafpv-lava-1s-260mah-80c-bt2-0-5vnt\/\" \/>\n<meta property=\"og:site_name\" content=\"1dronas.lt\" \/>\n<meta property=\"article:publisher\" content=\"https:\/\/www.facebook.com\/1dronas\/\" \/>\n<meta property=\"article:modified_time\" content=\"2026-04-27T13:46:31+00:00\" \/>\n<meta property=\"og:image\" content=\"https:\/\/1dronas.lt\/wp-content\/uploads\/2025\/08\/390e4917d4bb1e163211caffa87ed1bc_7b9870f1-3ca3-49af-9c0b-c9c6c6dee1ce_720x.webp\" \/>\n\t<meta property=\"og:image:width\" content=\"720\" \/>\n\t<meta property=\"og:image:height\" content=\"720\" \/>\n\t<meta property=\"og:image:type\" content=\"image\/webp\" \/>\n<meta name=\"twitter:card\" content=\"summary_large_image\" \/>\n<meta name=\"twitter:label1\" content=\"Est. reading time\" \/>\n\t<meta name=\"twitter:data1\" content=\"4 minutes\" \/>\n<script type=\"application\/ld+json\" class=\"yoast-schema-graph\">{\"@context\":\"https:\\\/\\\/schema.org\",\"@graph\":[{\"@type\":\"WebPage\",\"@id\":\"https:\\\/\\\/1dronas.lt\\\/en\\\/produktas\\\/akumuliatorius-betafpv-lava-1s-260mah-80c-bt2-0-5vnt\\\/\",\"url\":\"https:\\\/\\\/1dronas.lt\\\/en\\\/produktas\\\/akumuliatorius-betafpv-lava-1s-260mah-80c-bt2-0-5vnt\\\/\",\"name\":\"Akumuliatorius BETAFPV LAVA 1S 260mAh 80C \u2013 BT2.0 (5vnt) - 1dronas.lt\",\"isPartOf\":{\"@id\":\"https:\\\/\\\/1dronas.lt\\\/en\\\/#website\"},\"primaryImageOfPage\":{\"@id\":\"https:\\\/\\\/1dronas.lt\\\/en\\\/produktas\\\/akumuliatorius-betafpv-lava-1s-260mah-80c-bt2-0-5vnt\\\/#primaryimage\"},\"image\":{\"@id\":\"https:\\\/\\\/1dronas.lt\\\/en\\\/produktas\\\/akumuliatorius-betafpv-lava-1s-260mah-80c-bt2-0-5vnt\\\/#primaryimage\"},\"thumbnailUrl\":\"https:\\\/\\\/1dronas.lt\\\/wp-content\\\/uploads\\\/2025\\\/08\\\/390e4917d4bb1e163211caffa87ed1bc_7b9870f1-3ca3-49af-9c0b-c9c6c6dee1ce_720x.webp\",\"datePublished\":\"2025-08-23T16:08:06+00:00\",\"dateModified\":\"2026-04-27T13:46:31+00:00\",\"breadcrumb\":{\"@id\":\"https:\\\/\\\/1dronas.lt\\\/en\\\/produktas\\\/akumuliatorius-betafpv-lava-1s-260mah-80c-bt2-0-5vnt\\\/#breadcrumb\"},\"inLanguage\":\"en-US\",\"potentialAction\":[{\"@type\":\"ReadAction\",\"target\":[\"https:\\\/\\\/1dronas.lt\\\/en\\\/produktas\\\/akumuliatorius-betafpv-lava-1s-260mah-80c-bt2-0-5vnt\\\/\"]}]},{\"@type\":\"ImageObject\",\"inLanguage\":\"en-US\",\"@id\":\"https:\\\/\\\/1dronas.lt\\\/en\\\/produktas\\\/akumuliatorius-betafpv-lava-1s-260mah-80c-bt2-0-5vnt\\\/#primaryimage\",\"url\":\"https:\\\/\\\/1dronas.lt\\\/wp-content\\\/uploads\\\/2025\\\/08\\\/390e4917d4bb1e163211caffa87ed1bc_7b9870f1-3ca3-49af-9c0b-c9c6c6dee1ce_720x.webp\",\"contentUrl\":\"https:\\\/\\\/1dronas.lt\\\/wp-content\\\/uploads\\\/2025\\\/08\\\/390e4917d4bb1e163211caffa87ed1bc_7b9870f1-3ca3-49af-9c0b-c9c6c6dee1ce_720x.webp\",\"width\":720,\"height\":720},{\"@type\":\"BreadcrumbList\",\"@id\":\"https:\\\/\\\/1dronas.lt\\\/en\\\/produktas\\\/akumuliatorius-betafpv-lava-1s-260mah-80c-bt2-0-5vnt\\\/#breadcrumb\",\"itemListElement\":[{\"@type\":\"ListItem\",\"position\":1,\"name\":\"Home\",\"item\":\"https:\\\/\\\/1dronas.lt\\\/\"},{\"@type\":\"ListItem\",\"position\":2,\"name\":\"Parduotuv\u0117\",\"item\":\"https:\\\/\\\/1dronas.lt\\\/parduotuve\\\/\"},{\"@type\":\"ListItem\",\"position\":3,\"name\":\"Akumuliatorius BETAFPV LAVA 1S 260mAh 80C \u2013 BT2.0 (5vnt)\"}]},{\"@type\":\"WebSite\",\"@id\":\"https:\\\/\\\/1dronas.lt\\\/en\\\/#website\",\"url\":\"https:\\\/\\\/1dronas.lt\\\/en\\\/\",\"name\":\"1dronas.lt\",\"description\":\"Internetin\u0117 parduotuv\u0117\",\"publisher\":{\"@id\":\"https:\\\/\\\/1dronas.lt\\\/en\\\/#organization\"},\"potentialAction\":[{\"@type\":\"SearchAction\",\"target\":{\"@type\":\"EntryPoint\",\"urlTemplate\":\"https:\\\/\\\/1dronas.lt\\\/en\\\/?s={search_term_string}\"},\"query-input\":{\"@type\":\"PropertyValueSpecification\",\"valueRequired\":true,\"valueName\":\"search_term_string\"}}],\"inLanguage\":\"en-US\"},{\"@type\":\"Organization\",\"@id\":\"https:\\\/\\\/1dronas.lt\\\/en\\\/#organization\",\"name\":\"1dronas.lt\",\"url\":\"https:\\\/\\\/1dronas.lt\\\/en\\\/\",\"logo\":{\"@type\":\"ImageObject\",\"inLanguage\":\"en-US\",\"@id\":\"https:\\\/\\\/1dronas.lt\\\/en\\\/#\\\/schema\\\/logo\\\/image\\\/\",\"url\":\"https:\\\/\\\/1dronas.lt\\\/wp-content\\\/uploads\\\/2020\\\/12\\\/Ekrano_kopija__2_-removebg-preview-1-1.png\",\"contentUrl\":\"https:\\\/\\\/1dronas.lt\\\/wp-content\\\/uploads\\\/2020\\\/12\\\/Ekrano_kopija__2_-removebg-preview-1-1.png\",\"width\":234,\"height\":81,\"caption\":\"1dronas.lt\"},\"image\":{\"@id\":\"https:\\\/\\\/1dronas.lt\\\/en\\\/#\\\/schema\\\/logo\\\/image\\\/\"},\"sameAs\":[\"https:\\\/\\\/www.facebook.com\\\/1dronas\\\/\"]}]}<\/script>\n<!-- \/ Yoast SEO plugin. -->","yoast_head_json":{"title":"Battery BETAFPV LAVA 1S 260mAh 80C \u2013 BT2.0 (5pcs) - 1dronas.lt","robots":{"index":"index","follow":"follow","max-snippet":"max-snippet:-1","max-image-preview":"max-image-preview:large","max-video-preview":"max-video-preview:-1"},"canonical":"https:\/\/1dronas.lt\/en\/produktas\/akumuliatorius-betafpv-lava-1s-260mah-80c-bt2-0-5vnt\/","og_locale":"en_US","og_type":"article","og_title":"Akumuliatorius BETAFPV LAVA 1S 260mAh 80C \u2013 BT2.0 (5vnt) - 1dronas.lt","og_description":"Padidintas iki 80C i\u0161krovos rodiklis suteikia dar daugiau momentin\u0117s galios, kas garantuoja i\u0161skirtin\u012f skryd\u017eio na\u0161um\u0105 ir manevringum\u0105 bei neprilygstam\u0105 valdym\u0105.  \u00a0\u00a01 \u2013 2 d.d.","og_url":"https:\/\/1dronas.lt\/en\/produktas\/akumuliatorius-betafpv-lava-1s-260mah-80c-bt2-0-5vnt\/","og_site_name":"1dronas.lt","article_publisher":"https:\/\/www.facebook.com\/1dronas\/","article_modified_time":"2026-04-27T13:46:31+00:00","og_image":[{"width":720,"height":720,"url":"https:\/\/1dronas.lt\/wp-content\/uploads\/2025\/08\/390e4917d4bb1e163211caffa87ed1bc_7b9870f1-3ca3-49af-9c0b-c9c6c6dee1ce_720x.webp","type":"image\/webp"}],"twitter_card":"summary_large_image","twitter_misc":{"Est. reading time":"4 minutes"},"schema":{"@context":"https:\/\/schema.org","@graph":[{"@type":"WebPage","@id":"https:\/\/1dronas.lt\/en\/produktas\/akumuliatorius-betafpv-lava-1s-260mah-80c-bt2-0-5vnt\/","url":"https:\/\/1dronas.lt\/en\/produktas\/akumuliatorius-betafpv-lava-1s-260mah-80c-bt2-0-5vnt\/","name":"Battery BETAFPV LAVA 1S 260mAh 80C \u2013 BT2.0 (5pcs) - 1dronas.lt","isPartOf":{"@id":"https:\/\/1dronas.lt\/en\/#website"},"primaryImageOfPage":{"@id":"https:\/\/1dronas.lt\/en\/produktas\/akumuliatorius-betafpv-lava-1s-260mah-80c-bt2-0-5vnt\/#primaryimage"},"image":{"@id":"https:\/\/1dronas.lt\/en\/produktas\/akumuliatorius-betafpv-lava-1s-260mah-80c-bt2-0-5vnt\/#primaryimage"},"thumbnailUrl":"https:\/\/1dronas.lt\/wp-content\/uploads\/2025\/08\/390e4917d4bb1e163211caffa87ed1bc_7b9870f1-3ca3-49af-9c0b-c9c6c6dee1ce_720x.webp","datePublished":"2025-08-23T16:08:06+00:00","dateModified":"2026-04-27T13:46:31+00:00","breadcrumb":{"@id":"https:\/\/1dronas.lt\/en\/produktas\/akumuliatorius-betafpv-lava-1s-260mah-80c-bt2-0-5vnt\/#breadcrumb"},"inLanguage":"en-US","potentialAction":[{"@type":"ReadAction","target":["https:\/\/1dronas.lt\/en\/produktas\/akumuliatorius-betafpv-lava-1s-260mah-80c-bt2-0-5vnt\/"]}]},{"@type":"ImageObject","inLanguage":"en-US","@id":"https:\/\/1dronas.lt\/en\/produktas\/akumuliatorius-betafpv-lava-1s-260mah-80c-bt2-0-5vnt\/#primaryimage","url":"https:\/\/1dronas.lt\/wp-content\/uploads\/2025\/08\/390e4917d4bb1e163211caffa87ed1bc_7b9870f1-3ca3-49af-9c0b-c9c6c6dee1ce_720x.webp","contentUrl":"https:\/\/1dronas.lt\/wp-content\/uploads\/2025\/08\/390e4917d4bb1e163211caffa87ed1bc_7b9870f1-3ca3-49af-9c0b-c9c6c6dee1ce_720x.webp","width":720,"height":720},{"@type":"BreadcrumbList","@id":"https:\/\/1dronas.lt\/en\/produktas\/akumuliatorius-betafpv-lava-1s-260mah-80c-bt2-0-5vnt\/#breadcrumb","itemListElement":[{"@type":"ListItem","position":1,"name":"Home","item":"https:\/\/1dronas.lt\/"},{"@type":"ListItem","position":2,"name":"Parduotuv\u0117","item":"https:\/\/1dronas.lt\/parduotuve\/"},{"@type":"ListItem","position":3,"name":"Akumuliatorius BETAFPV LAVA 1S 260mAh 80C \u2013 BT2.0 (5vnt)"}]},{"@type":"WebSite","@id":"https:\/\/1dronas.lt\/en\/#website","url":"https:\/\/1dronas.lt\/en\/","name":"1dronas.lt","description":"Online store","publisher":{"@id":"https:\/\/1dronas.lt\/en\/#organization"},"potentialAction":[{"@type":"SearchAction","target":{"@type":"EntryPoint","urlTemplate":"https:\/\/1dronas.lt\/en\/?s={search_term_string}"},"query-input":{"@type":"PropertyValueSpecification","valueRequired":true,"valueName":"search_term_string"}}],"inLanguage":"en-US"},{"@type":"Organization","@id":"https:\/\/1dronas.lt\/en\/#organization","name":"1dronas.lt","url":"https:\/\/1dronas.lt\/en\/","logo":{"@type":"ImageObject","inLanguage":"en-US","@id":"https:\/\/1dronas.lt\/en\/#\/schema\/logo\/image\/","url":"https:\/\/1dronas.lt\/wp-content\/uploads\/2020\/12\/Ekrano_kopija__2_-removebg-preview-1-1.png","contentUrl":"https:\/\/1dronas.lt\/wp-content\/uploads\/2020\/12\/Ekrano_kopija__2_-removebg-preview-1-1.png","width":234,"height":81,"caption":"1dronas.lt"},"image":{"@id":"https:\/\/1dronas.lt\/en\/#\/schema\/logo\/image\/"},"sameAs":["https:\/\/www.facebook.com\/1dronas\/"]}]}},"jetpack_sharing_enabled":true,"_links":{"self":[{"href":"https:\/\/1dronas.lt\/en\/wp-json\/wp\/v2\/product\/10954","targetHints":{"allow":["GET"]}}],"collection":[{"href":"https:\/\/1dronas.lt\/en\/wp-json\/wp\/v2\/product"}],"about":[{"href":"https:\/\/1dronas.lt\/en\/wp-json\/wp\/v2\/types\/product"}],"replies":[{"embeddable":true,"href":"https:\/\/1dronas.lt\/en\/wp-json\/wp\/v2\/comments?post=10954"}],"wp:featuredmedia":[{"embeddable":true,"href":"https:\/\/1dronas.lt\/en\/wp-json\/wp\/v2\/media\/10960"}],"wp:attachment":[{"href":"https:\/\/1dronas.lt\/en\/wp-json\/wp\/v2\/media?parent=10954"}],"wp:term":[{"taxonomy":"product_brand","embeddable":true,"href":"https:\/\/1dronas.lt\/en\/wp-json\/wp\/v2\/product_brand?post=10954"},{"taxonomy":"product_cat","embeddable":true,"href":"https:\/\/1dronas.lt\/en\/wp-json\/wp\/v2\/product_cat?post=10954"},{"taxonomy":"product_tag","embeddable":true,"href":"https:\/\/1dronas.lt\/en\/wp-json\/wp\/v2\/product_tag?post=10954"}],"curies":[{"name":"wp","href":"https:\/\/api.w.org\/{rel}","templated":true}]}}