{"id":10862,"date":"2025-08-19T20:35:26","date_gmt":"2025-08-19T20:35:26","guid":{"rendered":"https:\/\/1dronas.lt\/?post_type=product&#038;p=10862"},"modified":"2026-04-25T20:39:59","modified_gmt":"2026-04-25T17:39:59","slug":"iflight-skyviz-fpv-akiniai","status":"publish","type":"product","link":"https:\/\/1dronas.lt\/en\/produktas\/iflight-skyviz-fpv-akiniai\/","title":{"rendered":"iFlight Skyviz FPV Goggles"},"content":{"rendered":"<p data-start=\"16\" data-end=\"196\">Skyviz Goggles are the first mecha-style, ultra-compact and ergonomic FPV analog goggles with an integrated fusion receiver and foldable antennas. Dual Micro-OLED displays provide an extremely smooth, bright and detailed view.<img loading=\"lazy\" decoding=\"async\" class=\"alignnone wp-image-10871 size-full\" src=\"https:\/\/1dronas.lt\/wp-content\/uploads\/2025\/08\/Ultra_Smooth_Visuals-min.jpeg\" alt=\"\" width=\"1200\" height=\"600\" srcset=\"https:\/\/1dronas.lt\/wp-content\/uploads\/2025\/08\/Ultra_Smooth_Visuals-min.jpeg 1200w, https:\/\/1dronas.lt\/wp-content\/uploads\/2025\/08\/Ultra_Smooth_Visuals-min-300x150.jpeg 300w, https:\/\/1dronas.lt\/wp-content\/uploads\/2025\/08\/Ultra_Smooth_Visuals-min-1024x512.jpeg 1024w, https:\/\/1dronas.lt\/wp-content\/uploads\/2025\/08\/Ultra_Smooth_Visuals-min-768x384.jpeg 768w, https:\/\/1dronas.lt\/wp-content\/uploads\/2025\/08\/Ultra_Smooth_Visuals-min-18x9.jpeg 18w, https:\/\/1dronas.lt\/wp-content\/uploads\/2025\/08\/Ultra_Smooth_Visuals-min-510x255.jpeg 510w\" sizes=\"auto, (max-width: 1200px) 100vw, 1200px\" \/>A 7-element aspherical lens system allows you to enjoy sharp, distortion-free images without the \u201cscreen door\u201d effect. Diopter adjustment ensures unparalleled engagement, regardless of your vision needs.<\/p>\n<p data-start=\"16\" data-end=\"196\"><img loading=\"lazy\" decoding=\"async\" class=\"alignnone wp-image-10863 size-full\" src=\"https:\/\/1dronas.lt\/wp-content\/uploads\/2025\/08\/Minimalist_Interface_en-min.jpeg\" alt=\"\" width=\"1200\" height=\"600\" srcset=\"https:\/\/1dronas.lt\/wp-content\/uploads\/2025\/08\/Minimalist_Interface_en-min.jpeg 1200w, https:\/\/1dronas.lt\/wp-content\/uploads\/2025\/08\/Minimalist_Interface_en-min-300x150.jpeg 300w, https:\/\/1dronas.lt\/wp-content\/uploads\/2025\/08\/Minimalist_Interface_en-min-1024x512.jpeg 1024w, https:\/\/1dronas.lt\/wp-content\/uploads\/2025\/08\/Minimalist_Interface_en-min-768x384.jpeg 768w, https:\/\/1dronas.lt\/wp-content\/uploads\/2025\/08\/Minimalist_Interface_en-min-18x9.jpeg 18w, https:\/\/1dronas.lt\/wp-content\/uploads\/2025\/08\/Minimalist_Interface_en-min-510x255.jpeg 510w\" sizes=\"auto, (max-width: 1200px) 100vw, 1200px\" \/>The 5-function button allows you to easily control the frequency band, channel, brightness and contrast with a single knob. The minimalist user interface is very simple, so both beginners and professionals can comfortably manage the settings.<\/p>\n<p data-start=\"16\" data-end=\"196\"><img loading=\"lazy\" decoding=\"async\" class=\"alignnone wp-image-10864 size-full\" src=\"https:\/\/1dronas.lt\/wp-content\/uploads\/2025\/08\/Powerful_Heat-min.jpeg\" alt=\"\" width=\"1200\" height=\"600\" srcset=\"https:\/\/1dronas.lt\/wp-content\/uploads\/2025\/08\/Powerful_Heat-min.jpeg 1200w, https:\/\/1dronas.lt\/wp-content\/uploads\/2025\/08\/Powerful_Heat-min-300x150.jpeg 300w, https:\/\/1dronas.lt\/wp-content\/uploads\/2025\/08\/Powerful_Heat-min-1024x512.jpeg 1024w, https:\/\/1dronas.lt\/wp-content\/uploads\/2025\/08\/Powerful_Heat-min-768x384.jpeg 768w, https:\/\/1dronas.lt\/wp-content\/uploads\/2025\/08\/Powerful_Heat-min-18x9.jpeg 18w, https:\/\/1dronas.lt\/wp-content\/uploads\/2025\/08\/Powerful_Heat-min-510x255.jpeg 510w\" sizes=\"auto, (max-width: 1200px) 100vw, 1200px\" \/>The built-in cooling fan and special heat dissipation design extend the service life of the device. The fan speed is manually adjustable and the heat is removed to the outside. The air outlet is protected by a durable metal mesh that prevents dirt from entering.<\/p>\n<p data-start=\"391\" data-end=\"596\"><strong>Features:<\/strong><\/p>\n<p data-start=\"391\" data-end=\"596\">\u2022 Built-in 100 Hz Micro-OLED displays and a 7-element aspherical lens system ensure smooth, high-quality images without the \u201cscreen-door\u201d effect. Individual comfort is achieved by adjusting diopters (-7D to +2D) and eye relief (IPD 56\u201372 mm);<br \/>\n\u2022 The integrated tuner provides high-quality video transmission, and third-party tuners are also supported. The device is compatible with VRX, AV and HDMI inputs, making it suitable for various usage scenarios;<br \/>\n\u2022 You can choose between Race or Freestyle FOV modes, use the focus chart for calibration, and adjust image parameters (brightness, contrast, colors, sharpness). You can also switch between 16:9 and 4:3 image formats;<br \/>\n\u2022 DVR recording and playback function with adjustable settings, voltage display and calibration, bilingual user interface (Chinese and English) increases the practicality of the device;<br \/>\n\u2022 Manually controlled fan switch and speed provide comfort during extended use, and the ability to change LED lighting colors allows you to personalize the look of the glasses.<\/p>\n<p data-start=\"391\" data-end=\"596\"><strong>Specification:<\/strong><\/p>\n<p data-start=\"391\" data-end=\"596\">\u2022 Product name: Skyviz Analog Goggles;<br \/>\n\u2022 Weight: about 300 g (with headband);<br \/>\n\u2022 Dimensions (L\u00d7W\u00d7H): 174.5 \u00d7 101.6 \u00d7 69.5 mm (with antenna folded);<br \/>\n\u2022 Screen size (single screen): 0.49 inches;<br \/>\n\u2022 Resolution (single screen): 1920 \u00d7 1080;<br \/>\n\u2022 Refresh rate: up to 100 Hz;<br \/>\n\u2022 Interpupillary distance adjustment range (IPD): 56\u201372 mm;<br \/>\n\u2022 Diopter adjustment range: -7.0 D to +2.0 D;<br \/>\n\u2022 FOV (single screen): 44\u00b0;<br \/>\n\u2022 Image format: 16:9 \/ 4:3;<br \/>\n\u2022 Receiver: built-in;<br \/>\n\u2022 Languages: Chinese, English;<br \/>\n\u2022 Power connector: DC 4.5;<br \/>\n\u2022 HDMI input: micro HDMI;<br \/>\n\u2022 AV input: 3.5 mm;<br \/>\n\u2022 Headphone jack: none;<br \/>\n\u2022 DVR format: MP4;<br \/>\n\u2022 DVR frame rate: 30 FPS (CVBS);<br \/>\n\u2022 Antenna: omnidirectional linear polarization;<br \/>\n\u2022 Operating temperature range: -10\u00b0C ~ 40\u00b0C (14\u00b0F ~ 104\u00b0F);<br \/>\n\u2022 Supply voltage: 2\u20136S;<br \/>\n\u2022 Supported memory cards: microSD (up to 64 GB).<\/p>\n<p data-start=\"391\" data-end=\"596\"><strong>Package:<\/strong><\/p>\n<p data-start=\"391\" data-end=\"596\">1x Skyviz glasses.<\/p>","protected":false},"excerpt":{"rendered":"<p><span style=\"color: #000000;\">Built-in 100Hz Micro-OLED displays and a 7-element aspherical lens system ensure smooth, high-quality images.<\/span><\/p>\n<p><span style=\"color: #000000;\"><img loading=\"lazy\" decoding=\"async\" class=\"alignnone wp-image-1806\" src=\"https:\/\/1dronas.lt\/wp-content\/uploads\/2021\/05\/delivery-icon.png\" alt=\"\" width=\"24\" height=\"24\" srcset=\"https:\/\/1dronas.lt\/wp-content\/uploads\/2021\/05\/delivery-icon.png 35w, https:\/\/1dronas.lt\/wp-content\/uploads\/2021\/05\/delivery-icon-12x12.png 12w\" sizes=\"auto, (max-width: 24px) 100vw, 24px\" \/> \u00a0<strong>1 \u2013 2 days.<\/strong><\/span><\/p>","protected":false},"featured_media":10866,"comment_status":"open","ping_status":"closed","template":"","meta":[],"product_brand":[496],"product_cat":[223],"product_tag":[468,160,91,580,747],"class_list":{"0":"post-10862","1":"product","2":"type-product","3":"status-publish","4":"has-post-thumbnail","6":"product_brand-iflight","7":"product_cat-fpv-akiniai","8":"product_tag-analog","9":"product_tag-dvr","10":"product_tag-iflight","11":"product_tag-oled","12":"product_tag-skyviz","14":"first","15":"instock","16":"taxable","17":"shipping-taxable","18":"purchasable","19":"product-type-simple"},"yoast_head":"<!-- This site is optimized with the Yoast SEO plugin v27.4 - https:\/\/yoast.com\/product\/yoast-seo-wordpress\/ -->\n<title>iFlight Skyviz FPV akiniai - 1dronas.lt<\/title>\n<meta name=\"robots\" content=\"index, follow, max-snippet:-1, max-image-preview:large, max-video-preview:-1\" \/>\n<link rel=\"canonical\" href=\"https:\/\/1dronas.lt\/en\/produktas\/iflight-skyviz-fpv-akiniai\/\" \/>\n<meta property=\"og:locale\" content=\"en_US\" \/>\n<meta property=\"og:type\" content=\"article\" \/>\n<meta property=\"og:title\" content=\"iFlight Skyviz FPV akiniai - 1dronas.lt\" \/>\n<meta property=\"og:description\" content=\"\u012emontuoti 100 Hz \u201eMicro-OLED\u201c ekranai ir 7 element\u0173 asferini\u0173 l\u0119\u0161i\u0173 sistema u\u017etikrina skland\u0173, auk\u0161tos kokyb\u0117s vaizd\u0105.   \u00a01 \u2013 2 d. d\" \/>\n<meta property=\"og:url\" content=\"https:\/\/1dronas.lt\/en\/produktas\/iflight-skyviz-fpv-akiniai\/\" \/>\n<meta property=\"og:site_name\" content=\"1dronas.lt\" \/>\n<meta property=\"article:publisher\" content=\"https:\/\/www.facebook.com\/1dronas\/\" \/>\n<meta property=\"article:modified_time\" content=\"2026-04-25T17:39:59+00:00\" \/>\n<meta property=\"og:image\" content=\"https:\/\/1dronas.lt\/wp-content\/uploads\/2025\/08\/Skyviz-2-min.jpg\" \/>\n\t<meta property=\"og:image:width\" content=\"1000\" \/>\n\t<meta property=\"og:image:height\" content=\"1000\" \/>\n\t<meta property=\"og:image:type\" content=\"image\/jpeg\" \/>\n<meta name=\"twitter:card\" content=\"summary_large_image\" \/>\n<meta name=\"twitter:label1\" content=\"Est. reading time\" \/>\n\t<meta name=\"twitter:data1\" content=\"3 minutes\" \/>\n<script type=\"application\/ld+json\" class=\"yoast-schema-graph\">{\"@context\":\"https:\\\/\\\/schema.org\",\"@graph\":[{\"@type\":\"WebPage\",\"@id\":\"https:\\\/\\\/1dronas.lt\\\/en\\\/produktas\\\/iflight-skyviz-fpv-akiniai\\\/\",\"url\":\"https:\\\/\\\/1dronas.lt\\\/en\\\/produktas\\\/iflight-skyviz-fpv-akiniai\\\/\",\"name\":\"iFlight Skyviz FPV akiniai - 1dronas.lt\",\"isPartOf\":{\"@id\":\"https:\\\/\\\/1dronas.lt\\\/en\\\/#website\"},\"primaryImageOfPage\":{\"@id\":\"https:\\\/\\\/1dronas.lt\\\/en\\\/produktas\\\/iflight-skyviz-fpv-akiniai\\\/#primaryimage\"},\"image\":{\"@id\":\"https:\\\/\\\/1dronas.lt\\\/en\\\/produktas\\\/iflight-skyviz-fpv-akiniai\\\/#primaryimage\"},\"thumbnailUrl\":\"https:\\\/\\\/1dronas.lt\\\/wp-content\\\/uploads\\\/2025\\\/08\\\/Skyviz-2-min.jpg\",\"datePublished\":\"2025-08-19T20:35:26+00:00\",\"dateModified\":\"2026-04-25T17:39:59+00:00\",\"breadcrumb\":{\"@id\":\"https:\\\/\\\/1dronas.lt\\\/en\\\/produktas\\\/iflight-skyviz-fpv-akiniai\\\/#breadcrumb\"},\"inLanguage\":\"en-US\",\"potentialAction\":[{\"@type\":\"ReadAction\",\"target\":[\"https:\\\/\\\/1dronas.lt\\\/en\\\/produktas\\\/iflight-skyviz-fpv-akiniai\\\/\"]}]},{\"@type\":\"ImageObject\",\"inLanguage\":\"en-US\",\"@id\":\"https:\\\/\\\/1dronas.lt\\\/en\\\/produktas\\\/iflight-skyviz-fpv-akiniai\\\/#primaryimage\",\"url\":\"https:\\\/\\\/1dronas.lt\\\/wp-content\\\/uploads\\\/2025\\\/08\\\/Skyviz-2-min.jpg\",\"contentUrl\":\"https:\\\/\\\/1dronas.lt\\\/wp-content\\\/uploads\\\/2025\\\/08\\\/Skyviz-2-min.jpg\",\"width\":1000,\"height\":1000},{\"@type\":\"BreadcrumbList\",\"@id\":\"https:\\\/\\\/1dronas.lt\\\/en\\\/produktas\\\/iflight-skyviz-fpv-akiniai\\\/#breadcrumb\",\"itemListElement\":[{\"@type\":\"ListItem\",\"position\":1,\"name\":\"Home\",\"item\":\"https:\\\/\\\/1dronas.lt\\\/\"},{\"@type\":\"ListItem\",\"position\":2,\"name\":\"Parduotuv\u0117\",\"item\":\"https:\\\/\\\/1dronas.lt\\\/parduotuve\\\/\"},{\"@type\":\"ListItem\",\"position\":3,\"name\":\"iFlight Skyviz FPV akiniai\"}]},{\"@type\":\"WebSite\",\"@id\":\"https:\\\/\\\/1dronas.lt\\\/en\\\/#website\",\"url\":\"https:\\\/\\\/1dronas.lt\\\/en\\\/\",\"name\":\"1dronas.lt\",\"description\":\"Internetin\u0117 parduotuv\u0117\",\"publisher\":{\"@id\":\"https:\\\/\\\/1dronas.lt\\\/en\\\/#organization\"},\"potentialAction\":[{\"@type\":\"SearchAction\",\"target\":{\"@type\":\"EntryPoint\",\"urlTemplate\":\"https:\\\/\\\/1dronas.lt\\\/en\\\/?s={search_term_string}\"},\"query-input\":{\"@type\":\"PropertyValueSpecification\",\"valueRequired\":true,\"valueName\":\"search_term_string\"}}],\"inLanguage\":\"en-US\"},{\"@type\":\"Organization\",\"@id\":\"https:\\\/\\\/1dronas.lt\\\/en\\\/#organization\",\"name\":\"1dronas.lt\",\"url\":\"https:\\\/\\\/1dronas.lt\\\/en\\\/\",\"logo\":{\"@type\":\"ImageObject\",\"inLanguage\":\"en-US\",\"@id\":\"https:\\\/\\\/1dronas.lt\\\/en\\\/#\\\/schema\\\/logo\\\/image\\\/\",\"url\":\"https:\\\/\\\/1dronas.lt\\\/wp-content\\\/uploads\\\/2020\\\/12\\\/Ekrano_kopija__2_-removebg-preview-1-1.png\",\"contentUrl\":\"https:\\\/\\\/1dronas.lt\\\/wp-content\\\/uploads\\\/2020\\\/12\\\/Ekrano_kopija__2_-removebg-preview-1-1.png\",\"width\":234,\"height\":81,\"caption\":\"1dronas.lt\"},\"image\":{\"@id\":\"https:\\\/\\\/1dronas.lt\\\/en\\\/#\\\/schema\\\/logo\\\/image\\\/\"},\"sameAs\":[\"https:\\\/\\\/www.facebook.com\\\/1dronas\\\/\"]}]}<\/script>\n<!-- \/ Yoast SEO plugin. -->","yoast_head_json":{"title":"iFlight Skyviz FPV Goggles - 1dronas.lt","robots":{"index":"index","follow":"follow","max-snippet":"max-snippet:-1","max-image-preview":"max-image-preview:large","max-video-preview":"max-video-preview:-1"},"canonical":"https:\/\/1dronas.lt\/en\/produktas\/iflight-skyviz-fpv-akiniai\/","og_locale":"en_US","og_type":"article","og_title":"iFlight Skyviz FPV akiniai - 1dronas.lt","og_description":"\u012emontuoti 100 Hz \u201eMicro-OLED\u201c ekranai ir 7 element\u0173 asferini\u0173 l\u0119\u0161i\u0173 sistema u\u017etikrina skland\u0173, auk\u0161tos kokyb\u0117s vaizd\u0105.   \u00a01 \u2013 2 d. d","og_url":"https:\/\/1dronas.lt\/en\/produktas\/iflight-skyviz-fpv-akiniai\/","og_site_name":"1dronas.lt","article_publisher":"https:\/\/www.facebook.com\/1dronas\/","article_modified_time":"2026-04-25T17:39:59+00:00","og_image":[{"width":1000,"height":1000,"url":"https:\/\/1dronas.lt\/wp-content\/uploads\/2025\/08\/Skyviz-2-min.jpg","type":"image\/jpeg"}],"twitter_card":"summary_large_image","twitter_misc":{"Est. reading time":"3 minutes"},"schema":{"@context":"https:\/\/schema.org","@graph":[{"@type":"WebPage","@id":"https:\/\/1dronas.lt\/en\/produktas\/iflight-skyviz-fpv-akiniai\/","url":"https:\/\/1dronas.lt\/en\/produktas\/iflight-skyviz-fpv-akiniai\/","name":"iFlight Skyviz FPV Goggles - 1dronas.lt","isPartOf":{"@id":"https:\/\/1dronas.lt\/en\/#website"},"primaryImageOfPage":{"@id":"https:\/\/1dronas.lt\/en\/produktas\/iflight-skyviz-fpv-akiniai\/#primaryimage"},"image":{"@id":"https:\/\/1dronas.lt\/en\/produktas\/iflight-skyviz-fpv-akiniai\/#primaryimage"},"thumbnailUrl":"https:\/\/1dronas.lt\/wp-content\/uploads\/2025\/08\/Skyviz-2-min.jpg","datePublished":"2025-08-19T20:35:26+00:00","dateModified":"2026-04-25T17:39:59+00:00","breadcrumb":{"@id":"https:\/\/1dronas.lt\/en\/produktas\/iflight-skyviz-fpv-akiniai\/#breadcrumb"},"inLanguage":"en-US","potentialAction":[{"@type":"ReadAction","target":["https:\/\/1dronas.lt\/en\/produktas\/iflight-skyviz-fpv-akiniai\/"]}]},{"@type":"ImageObject","inLanguage":"en-US","@id":"https:\/\/1dronas.lt\/en\/produktas\/iflight-skyviz-fpv-akiniai\/#primaryimage","url":"https:\/\/1dronas.lt\/wp-content\/uploads\/2025\/08\/Skyviz-2-min.jpg","contentUrl":"https:\/\/1dronas.lt\/wp-content\/uploads\/2025\/08\/Skyviz-2-min.jpg","width":1000,"height":1000},{"@type":"BreadcrumbList","@id":"https:\/\/1dronas.lt\/en\/produktas\/iflight-skyviz-fpv-akiniai\/#breadcrumb","itemListElement":[{"@type":"ListItem","position":1,"name":"Home","item":"https:\/\/1dronas.lt\/"},{"@type":"ListItem","position":2,"name":"Parduotuv\u0117","item":"https:\/\/1dronas.lt\/parduotuve\/"},{"@type":"ListItem","position":3,"name":"iFlight Skyviz FPV akiniai"}]},{"@type":"WebSite","@id":"https:\/\/1dronas.lt\/en\/#website","url":"https:\/\/1dronas.lt\/en\/","name":"1dronas.lt","description":"Online store","publisher":{"@id":"https:\/\/1dronas.lt\/en\/#organization"},"potentialAction":[{"@type":"SearchAction","target":{"@type":"EntryPoint","urlTemplate":"https:\/\/1dronas.lt\/en\/?s={search_term_string}"},"query-input":{"@type":"PropertyValueSpecification","valueRequired":true,"valueName":"search_term_string"}}],"inLanguage":"en-US"},{"@type":"Organization","@id":"https:\/\/1dronas.lt\/en\/#organization","name":"1dronas.lt","url":"https:\/\/1dronas.lt\/en\/","logo":{"@type":"ImageObject","inLanguage":"en-US","@id":"https:\/\/1dronas.lt\/en\/#\/schema\/logo\/image\/","url":"https:\/\/1dronas.lt\/wp-content\/uploads\/2020\/12\/Ekrano_kopija__2_-removebg-preview-1-1.png","contentUrl":"https:\/\/1dronas.lt\/wp-content\/uploads\/2020\/12\/Ekrano_kopija__2_-removebg-preview-1-1.png","width":234,"height":81,"caption":"1dronas.lt"},"image":{"@id":"https:\/\/1dronas.lt\/en\/#\/schema\/logo\/image\/"},"sameAs":["https:\/\/www.facebook.com\/1dronas\/"]}]}},"jetpack_sharing_enabled":true,"_links":{"self":[{"href":"https:\/\/1dronas.lt\/en\/wp-json\/wp\/v2\/product\/10862","targetHints":{"allow":["GET"]}}],"collection":[{"href":"https:\/\/1dronas.lt\/en\/wp-json\/wp\/v2\/product"}],"about":[{"href":"https:\/\/1dronas.lt\/en\/wp-json\/wp\/v2\/types\/product"}],"replies":[{"embeddable":true,"href":"https:\/\/1dronas.lt\/en\/wp-json\/wp\/v2\/comments?post=10862"}],"wp:featuredmedia":[{"embeddable":true,"href":"https:\/\/1dronas.lt\/en\/wp-json\/wp\/v2\/media\/10866"}],"wp:attachment":[{"href":"https:\/\/1dronas.lt\/en\/wp-json\/wp\/v2\/media?parent=10862"}],"wp:term":[{"taxonomy":"product_brand","embeddable":true,"href":"https:\/\/1dronas.lt\/en\/wp-json\/wp\/v2\/product_brand?post=10862"},{"taxonomy":"product_cat","embeddable":true,"href":"https:\/\/1dronas.lt\/en\/wp-json\/wp\/v2\/product_cat?post=10862"},{"taxonomy":"product_tag","embeddable":true,"href":"https:\/\/1dronas.lt\/en\/wp-json\/wp\/v2\/product_tag?post=10862"}],"curies":[{"name":"wp","href":"https:\/\/api.w.org\/{rel}","templated":true}]}}