{"id":10829,"date":"2025-08-15T08:34:09","date_gmt":"2025-08-15T08:34:09","guid":{"rendered":"https:\/\/1dronas.lt\/?post_type=product&#038;p=10829"},"modified":"2026-04-21T12:31:37","modified_gmt":"2026-04-21T09:31:37","slug":"dji-neo-motion-fly-more-combo","status":"publish","type":"product","link":"https:\/\/1dronas.lt\/en\/produktas\/dji-neo-motion-fly-more-combo\/","title":{"rendered":"DJI Neo Motion Fly More Combo (opened package)"},"content":{"rendered":"<p data-start=\"35\" data-end=\"95\"><img loading=\"lazy\" decoding=\"async\" class=\"alignnone wp-image-10838 size-full\" src=\"https:\/\/1dronas.lt\/wp-content\/uploads\/2025\/08\/Neo-fly-more-combo-site-min.jpeg\" alt=\"\" width=\"2259\" height=\"707\" srcset=\"https:\/\/1dronas.lt\/wp-content\/uploads\/2025\/08\/Neo-fly-more-combo-site-min.jpeg 2259w, https:\/\/1dronas.lt\/wp-content\/uploads\/2025\/08\/Neo-fly-more-combo-site-min-300x94.jpeg 300w, https:\/\/1dronas.lt\/wp-content\/uploads\/2025\/08\/Neo-fly-more-combo-site-min-1024x320.jpeg 1024w, https:\/\/1dronas.lt\/wp-content\/uploads\/2025\/08\/Neo-fly-more-combo-site-min-768x240.jpeg 768w, https:\/\/1dronas.lt\/wp-content\/uploads\/2025\/08\/Neo-fly-more-combo-site-min-1536x481.jpeg 1536w, https:\/\/1dronas.lt\/wp-content\/uploads\/2025\/08\/Neo-fly-more-combo-site-min-2048x641.jpeg 2048w, https:\/\/1dronas.lt\/wp-content\/uploads\/2025\/08\/Neo-fly-more-combo-site-min-18x6.jpeg 18w, https:\/\/1dronas.lt\/wp-content\/uploads\/2025\/08\/Neo-fly-more-combo-site-min-510x160.jpeg 510w\" sizes=\"auto, (max-width: 2259px) 100vw, 2259px\" \/><\/p>\n<p data-start=\"35\" data-end=\"95\"><strong data-start=\"35\" data-end=\"93\">DJI Neo \u2013 DJI\u2019s lightest and most compact drone<\/strong><\/p>\n<p data-start=\"35\" data-end=\"95\">Weighing just 135g, take off and land easily from the palm of your hand \u2013 without a remote control \u2013 and shoot stunning footage that puts YOU in the lead. Fly indoors or outdoors and discover a new perspective on your everyday life with DJI Neo.<\/p>\n<p data-start=\"486\" data-end=\"523\">The drone offers several control modes:<\/p>\n<p data-start=\"486\" data-end=\"523\">\u2022 Voice control \u2013 flight commands with simple voice commands;<br \/>\n\u2022 Control via the DJI Fly mobile app;<br \/>\n\u2022 Control with DJI RC-N3 remote control \u2013 up to 10 km video transmission distance;<br \/>\n\u2022 Immersive motion control.<\/p>\n<p data-start=\"902\" data-end=\"1133\">Enjoy the highest quality image - 4K Ultra HD video recording via the DJI O4 system and stabilization provided by a single-axis mechanical gimbal combined with RockSteady and HorizonBalancing technologies.<\/p>\n<p data-start=\"902\" data-end=\"1133\"><strong>Features:<\/strong><\/p>\n<p data-start=\"1135\" data-end=\"1305\"><strong>\u2022\u00a0<\/strong>When connected to the DJI Fly app, DJI Neo can record audio via the DJI Mic 2 (connected to your phone via Bluetooth or directly via your phone&#039;s microphone).<br \/>\n\u2022 Thanks to the infrared and monocular image positioning system, the drone can hover stably in the air even in light winds.<br \/>\n\u2022 Return home \u2013 Neo automatically returns to the takeoff point at the end of the flight.<\/p>\n<p data-start=\"1135\" data-end=\"1305\"><strong data-start=\"1734\" data-end=\"1757\">Ascent from the palm of your hand to the sky<\/strong><\/p>\n<p data-start=\"1135\" data-end=\"1305\">DJI Neo takes off and lands elegantly, right from the palm of your hand. Just press a button, select your desired shooting mode, and Neo will take care of everything, capturing stunning footage without the need for a remote control.<\/p>\n<p data-start=\"1135\" data-end=\"1305\"><strong data-start=\"1998\" data-end=\"2037\">Artificial Intelligence \u2013 Object Tracking<\/strong><\/p>\n<p data-start=\"1135\" data-end=\"1305\">Whether you\u2019re cycling, rollerblading or hiking, Neo becomes your personal cameraman, always keeping you in the center of the frame. Artificial intelligence algorithms allow the drone to track your subject to easily capture dynamic shots.<\/p>\n<p data-start=\"1135\" data-end=\"1305\"><strong data-start=\"2309\" data-end=\"2339\">Creativity with Quickshot<\/strong><\/p>\n<p data-start=\"2342\" data-end=\"2505\">With just one click, DJI Neo will automatically capture the scene you choose. It offers six intelligent shooting modes that allow you to capture a variety of creative angles.<\/p>\n<p data-start=\"2342\" data-end=\"2505\"><strong data-start=\"2516\" data-end=\"2527\">To the sky<\/strong><\/p>\n<p data-start=\"2530\" data-end=\"2737\">Enjoy an immersive flight experience with the new DJI Goggles N3 FPV goggles, featuring an ultra-wide 1080p display, DJI O4 video transmission, and a 60fps refresh rate. The goggles are comfortable, suitable for people who wear glasses, and their compatibility includes: DJI Neo, DJI Avata 2, DJI RC Motion 3, and DJI RC3 controllers.<\/p>\n<p><iframe loading=\"lazy\" title=\"DJI Neo\uff5cFirst Flight Motion Control\" width=\"1020\" height=\"574\" src=\"https:\/\/www.youtube.com\/embed\/4ezV3pL7R5k?feature=oembed\" frameborder=\"0\" allow=\"accelerometer; autoplay; clipboard-write; encrypted-media; gyroscope; picture-in-picture; web-share\" referrerpolicy=\"strict-origin-when-cross-origin\" allowfullscreen><\/iframe><\/p>\n<p data-start=\"2739\" data-end=\"2902\"><strong data-start=\"2912\" data-end=\"2930\">Specification:<\/strong><\/p>\n<p data-start=\"2934\" data-end=\"2947\"><strong data-start=\"2934\" data-end=\"2945\">DJI NEO<\/strong><\/p>\n<p>\u2022 Video transmission: O4;<br \/>\n\u2022 Take-off weight: ~135 g;<br \/>\n\u2022 Dimensions: 130 \u00d7 157 \u00d7 48.5 mm;<br \/>\n\u2022 Max. ascent speed: 0.5 m\/s (Cine), 2 m\/s (Normal), 3 m\/s (Sport);<br \/>\n\u2022 Max. descent speed: 0.5 m\/s (Cine), 2 m\/s (Normal), 2 m\/s (Sport);<br \/>\n\u2022 Max. horizontal speed: 6 m\/s (Normal), 8 m\/s (Sport), 16 m\/s (Manual);<br \/>\n\u2022 Max. take-off altitude: 2000 m;<br \/>\n\u2022 Flight time: ~18 min (~17 min with propeller guards);<br \/>\n\u2022 Stable hanging: up to 18 min;<br \/>\n\u2022 Flight range: 7 km;<br \/>\n\u2022 Wind resistance: up to 8 m\/s (level 4);<br \/>\n\u2022 Operating temperature: -10\u00b0 \u2013 40\u00b0C;<br \/>\n\u2022 GNSS systems: GLONASS, GPS, Galileo, BeiDou;<br \/>\n\u2022 Hanging accuracy (vert.): \u00b10.1 m (with image positioning) \/ \u00b10.5 m (with GNSS);<br \/>\n\u2022 Hanging accuracy (horizon): \u00b10.3 m (with image positioning) \/ \u00b11.5 m (with GNSS);<br \/>\n\u2022 Internal memory: 22 GB;<br \/>\n\u2022 Category: C0 (EU).<\/p>\n<p data-start=\"3772\" data-end=\"3792\"><strong data-start=\"3772\" data-end=\"3790\">DJI GOGGLES N3<\/strong><\/p>\n<p data-start=\"3772\" data-end=\"3792\">\u2022 1080p ultrawide screen;<br \/>\n\u2022 Viewing angle: 54\u00b0;<br \/>\n\u2022 Resolution: 1920\u00d71080;<br \/>\n\u2022 Refresh rate: 60 fps;<br \/>\n\u2022 Video transmission: O4 FHD;<br \/>\n\u2022 Battery life: up to 2.7 hours;<br \/>\n\u2022 Anti-fog function;<br \/>\n\u2022 Compatible with DJI Avata 2 and DJI Neo;<br \/>\n\u2022 Compatible with DJI RC Motion 3 and DJI RC3;<br \/>\n\u2022 Head tracking (with DJI RC Motion 3);<br \/>\n\u2022 Wired connection to phone\/computer;<br \/>\n\u2022 Lightweight and comfortable, suitable for use with eyeglasses.<\/p>\n<p data-start=\"4236\" data-end=\"4257\"><strong data-start=\"4236\" data-end=\"4255\">DJI RC MOTION 3<\/strong><\/p>\n<p data-start=\"4236\" data-end=\"4257\">\u2022 Weight: ~118 g;<br \/>\n\u2022 Compatibility: DJI Avata 2, DJI Goggles 3, DJI Mini 4 Pro, DJI Air 3, DJI Mavic 3;<br \/>\n\u2022 Battery life: 10 hours;<br \/>\n\u2022 Battery: 1S 2600mAh;<br \/>\n\u2022 Power: 2.4 GHz: &lt;26 dBm (FCC), &lt;20 dBm (CE\/SRRC\/MIC);<br \/>\n\u2022 Compatible goggles: DJI Goggles 3;<br \/>\n\u2022 Operating temperature: -10\u00b0 \u2013 +40\u00b0C;<br \/>\n\u2022 Distance: 10 km (CE\/SRRC\/MIC), 13 km (FCC);<br \/>\n\u2022 Frequency: 2.400 \u2013 2.4835 GHz.<\/p>\n<p data-start=\"4639\" data-end=\"4651\"><strong data-start=\"4639\" data-end=\"4649\">NEO CAMERA<\/strong><\/p>\n<p data-start=\"4639\" data-end=\"4651\">\u2022 Sensor: 1\/2 inch;<br \/>\n\u2022 Lens: FOV 117.6\u00b0, 13 mm equivalent, aperture f\/2.8;<br \/>\n\u2022 Focus: 0.6 m \u2013 \u221e;<br \/>\n\u2022 ISO: 100-6400 (Auto \/ Manual);<br \/>\n\u2022 Shutter speed: video 1\/8000\u20131\/30 s, photo 1\/8000\u20131\/10 s;<br \/>\n\u2022 Max. photo size: 12 MP (4000\u00d73000, 4:3) \/ (4000\u00d72256, 16:9);<br \/>\n\u2022 Photo formats: JPEG;<br \/>\n\u2022 Video resolution:<br \/>\nEIS off: 4K (4:3) 3840\u00d72880@30fps \/ 1080p (4:3) 1440\u00d71080@60\/50\/30fps;<br \/>\nEIS on: 4K (16:9) 3840\u00d72160@30fps \/ 1080p (16:9) 1920\u00d71080@60\/50\/30fps;<br \/>\n\u2022 Video format: MP4;<br \/>\n\u2022 Max. video bit rate: 75 Mbps;<br \/>\n\u2022 File system: exFAT;<br \/>\n\u2022 Color mode: Normal;<br \/>\n\u2022 Stabilization: RockSteady, HorizonBalancing, can be disabled.<\/p>\n<p data-start=\"4639\" data-end=\"4651\"><strong data-start=\"5313\" data-end=\"5326\">Package:<\/strong><\/p>\n<p data-start=\"4639\" data-end=\"4651\">1\u00d7 DJI Neo drone;<br \/>\n1\u00d7 DJI RC Motion 3;<br \/>\n1\u00d7 DJI Goggles N3;<br \/>\n1\u00d7 Neck strap;<br \/>\n1\u00d7 Protective foam cushion;<br \/>\n3\u00d7 Smart Flight Battery;<br \/>\n1\u00d7 Double-sided charging station;<br \/>\n1\u00d7 Pair of propeller guards;<br \/>\n1\u00d7 Spare pair of propellers;<br \/>\n4\u00d7 Spare propeller screws;<br \/>\n1\u00d7 Screwdriver;<br \/>\n1\u00d7 Gimbal protection;<br \/>\n1\u00d7 Type-C to Type-C PD cable;<br \/>\n1\u00d7 User manual.<\/p>","protected":false},"excerpt":{"rendered":"<p data-start=\"100\" data-end=\"305\"><span style=\"color: #333333;\">The product was unpacked for demonstration purposes. It is in working order, with all accessories, original packaging and a valid warranty.<\/span><\/p>\n<p><span style=\"color: #333333;\"><strong><img loading=\"lazy\" decoding=\"async\" class=\"alignnone wp-image-1806\" src=\"https:\/\/1dronas.lt\/wp-content\/uploads\/2021\/05\/delivery-icon.png\" alt=\"\" width=\"24\" height=\"24\" srcset=\"https:\/\/1dronas.lt\/wp-content\/uploads\/2021\/05\/delivery-icon.png 35w, https:\/\/1dronas.lt\/wp-content\/uploads\/2021\/05\/delivery-icon-12x12.png 12w\" sizes=\"auto, (max-width: 24px) 100vw, 24px\" \/>\u00a0 \u00a01 \u2013 2 days<\/strong><\/span><\/p>","protected":false},"featured_media":10833,"comment_status":"open","ping_status":"closed","template":"","meta":[],"product_brand":[502],"product_cat":[63],"product_tag":[551,745,742,746],"class_list":{"0":"post-10829","1":"product","2":"type-product","3":"status-publish","4":"has-post-thumbnail","6":"product_brand-dji","7":"product_cat-fpv-rinkiniai","8":"product_tag-dji-neo","9":"product_tag-fly-more-combo","10":"product_tag-goggles-n3","11":"product_tag-motion-3","13":"first","14":"outofstock","15":"sale","16":"taxable","17":"shipping-taxable","18":"purchasable","19":"product-type-simple"},"yoast_head":"<!-- This site is optimized with the Yoast SEO plugin v27.5 - https:\/\/yoast.com\/product\/yoast-seo-wordpress\/ -->\n<title>DJI Neo Motion Fly More Combo (atidaryta pakuot\u0117) - 1dronas.lt<\/title>\n<meta name=\"robots\" content=\"index, follow, max-snippet:-1, max-image-preview:large, max-video-preview:-1\" \/>\n<link rel=\"canonical\" href=\"https:\/\/1dronas.lt\/en\/produktas\/dji-neo-motion-fly-more-combo\/\" \/>\n<meta property=\"og:locale\" content=\"en_US\" \/>\n<meta property=\"og:type\" content=\"article\" \/>\n<meta property=\"og:title\" content=\"DJI Neo Motion Fly More Combo (atidaryta pakuot\u0117) - 1dronas.lt\" \/>\n<meta property=\"og:description\" content=\"Prek\u0117 buvo i\u0161pakuota demonstravimo tikslu. Veikiantis, su visa komplektacija, originalia pakuote ir galiojan\u010dia garantija. \u00a0 \u00a01 \u2013 2 d. d.\" \/>\n<meta property=\"og:url\" content=\"https:\/\/1dronas.lt\/en\/produktas\/dji-neo-motion-fly-more-combo\/\" \/>\n<meta property=\"og:site_name\" content=\"1dronas.lt\" \/>\n<meta property=\"article:publisher\" content=\"https:\/\/www.facebook.com\/1dronas\/\" \/>\n<meta property=\"article:modified_time\" content=\"2026-04-21T09:31:37+00:00\" \/>\n<meta property=\"og:image\" content=\"https:\/\/1dronas.lt\/wp-content\/uploads\/2025\/08\/384d2c73-f236-4be0-94b3-1d9ce0ea1a84-2-min.jpeg\" \/>\n\t<meta property=\"og:image:width\" content=\"1000\" \/>\n\t<meta property=\"og:image:height\" content=\"1000\" \/>\n\t<meta property=\"og:image:type\" content=\"image\/jpeg\" \/>\n<meta name=\"twitter:card\" content=\"summary_large_image\" \/>\n<meta name=\"twitter:label1\" content=\"Est. reading time\" \/>\n\t<meta name=\"twitter:data1\" content=\"5 minutes\" \/>\n<script type=\"application\/ld+json\" class=\"yoast-schema-graph\">{\"@context\":\"https:\\\/\\\/schema.org\",\"@graph\":[{\"@type\":\"WebPage\",\"@id\":\"https:\\\/\\\/1dronas.lt\\\/en\\\/produktas\\\/dji-neo-motion-fly-more-combo\\\/\",\"url\":\"https:\\\/\\\/1dronas.lt\\\/en\\\/produktas\\\/dji-neo-motion-fly-more-combo\\\/\",\"name\":\"DJI Neo Motion Fly More Combo (atidaryta pakuot\u0117) - 1dronas.lt\",\"isPartOf\":{\"@id\":\"https:\\\/\\\/1dronas.lt\\\/en\\\/#website\"},\"primaryImageOfPage\":{\"@id\":\"https:\\\/\\\/1dronas.lt\\\/en\\\/produktas\\\/dji-neo-motion-fly-more-combo\\\/#primaryimage\"},\"image\":{\"@id\":\"https:\\\/\\\/1dronas.lt\\\/en\\\/produktas\\\/dji-neo-motion-fly-more-combo\\\/#primaryimage\"},\"thumbnailUrl\":\"https:\\\/\\\/1dronas.lt\\\/wp-content\\\/uploads\\\/2025\\\/08\\\/384d2c73-f236-4be0-94b3-1d9ce0ea1a84-2-min.jpeg\",\"datePublished\":\"2025-08-15T08:34:09+00:00\",\"dateModified\":\"2026-04-21T09:31:37+00:00\",\"breadcrumb\":{\"@id\":\"https:\\\/\\\/1dronas.lt\\\/en\\\/produktas\\\/dji-neo-motion-fly-more-combo\\\/#breadcrumb\"},\"inLanguage\":\"en-US\",\"potentialAction\":[{\"@type\":\"ReadAction\",\"target\":[\"https:\\\/\\\/1dronas.lt\\\/en\\\/produktas\\\/dji-neo-motion-fly-more-combo\\\/\"]}]},{\"@type\":\"ImageObject\",\"inLanguage\":\"en-US\",\"@id\":\"https:\\\/\\\/1dronas.lt\\\/en\\\/produktas\\\/dji-neo-motion-fly-more-combo\\\/#primaryimage\",\"url\":\"https:\\\/\\\/1dronas.lt\\\/wp-content\\\/uploads\\\/2025\\\/08\\\/384d2c73-f236-4be0-94b3-1d9ce0ea1a84-2-min.jpeg\",\"contentUrl\":\"https:\\\/\\\/1dronas.lt\\\/wp-content\\\/uploads\\\/2025\\\/08\\\/384d2c73-f236-4be0-94b3-1d9ce0ea1a84-2-min.jpeg\",\"width\":1000,\"height\":1000},{\"@type\":\"BreadcrumbList\",\"@id\":\"https:\\\/\\\/1dronas.lt\\\/en\\\/produktas\\\/dji-neo-motion-fly-more-combo\\\/#breadcrumb\",\"itemListElement\":[{\"@type\":\"ListItem\",\"position\":1,\"name\":\"Home\",\"item\":\"https:\\\/\\\/1dronas.lt\\\/\"},{\"@type\":\"ListItem\",\"position\":2,\"name\":\"Parduotuv\u0117\",\"item\":\"https:\\\/\\\/1dronas.lt\\\/parduotuve\\\/\"},{\"@type\":\"ListItem\",\"position\":3,\"name\":\"DJI Neo Motion Fly More Combo (atidaryta pakuot\u0117)\"}]},{\"@type\":\"WebSite\",\"@id\":\"https:\\\/\\\/1dronas.lt\\\/en\\\/#website\",\"url\":\"https:\\\/\\\/1dronas.lt\\\/en\\\/\",\"name\":\"1dronas.lt\",\"description\":\"Internetin\u0117 parduotuv\u0117\",\"publisher\":{\"@id\":\"https:\\\/\\\/1dronas.lt\\\/en\\\/#organization\"},\"potentialAction\":[{\"@type\":\"SearchAction\",\"target\":{\"@type\":\"EntryPoint\",\"urlTemplate\":\"https:\\\/\\\/1dronas.lt\\\/en\\\/?s={search_term_string}\"},\"query-input\":{\"@type\":\"PropertyValueSpecification\",\"valueRequired\":true,\"valueName\":\"search_term_string\"}}],\"inLanguage\":\"en-US\"},{\"@type\":\"Organization\",\"@id\":\"https:\\\/\\\/1dronas.lt\\\/en\\\/#organization\",\"name\":\"1dronas.lt\",\"url\":\"https:\\\/\\\/1dronas.lt\\\/en\\\/\",\"logo\":{\"@type\":\"ImageObject\",\"inLanguage\":\"en-US\",\"@id\":\"https:\\\/\\\/1dronas.lt\\\/en\\\/#\\\/schema\\\/logo\\\/image\\\/\",\"url\":\"https:\\\/\\\/1dronas.lt\\\/wp-content\\\/uploads\\\/2020\\\/12\\\/Ekrano_kopija__2_-removebg-preview-1-1.png\",\"contentUrl\":\"https:\\\/\\\/1dronas.lt\\\/wp-content\\\/uploads\\\/2020\\\/12\\\/Ekrano_kopija__2_-removebg-preview-1-1.png\",\"width\":234,\"height\":81,\"caption\":\"1dronas.lt\"},\"image\":{\"@id\":\"https:\\\/\\\/1dronas.lt\\\/en\\\/#\\\/schema\\\/logo\\\/image\\\/\"},\"sameAs\":[\"https:\\\/\\\/www.facebook.com\\\/1dronas\\\/\"]}]}<\/script>\n<!-- \/ Yoast SEO plugin. -->","yoast_head_json":{"title":"DJI Neo Motion Fly More Combo (atidaryta pakuot\u0117) - 1dronas.lt","robots":{"index":"index","follow":"follow","max-snippet":"max-snippet:-1","max-image-preview":"max-image-preview:large","max-video-preview":"max-video-preview:-1"},"canonical":"https:\/\/1dronas.lt\/en\/produktas\/dji-neo-motion-fly-more-combo\/","og_locale":"en_US","og_type":"article","og_title":"DJI Neo Motion Fly More Combo (atidaryta pakuot\u0117) - 1dronas.lt","og_description":"Prek\u0117 buvo i\u0161pakuota demonstravimo tikslu. Veikiantis, su visa komplektacija, originalia pakuote ir galiojan\u010dia garantija. \u00a0 \u00a01 \u2013 2 d. d.","og_url":"https:\/\/1dronas.lt\/en\/produktas\/dji-neo-motion-fly-more-combo\/","og_site_name":"1dronas.lt","article_publisher":"https:\/\/www.facebook.com\/1dronas\/","article_modified_time":"2026-04-21T09:31:37+00:00","og_image":[{"width":1000,"height":1000,"url":"https:\/\/1dronas.lt\/wp-content\/uploads\/2025\/08\/384d2c73-f236-4be0-94b3-1d9ce0ea1a84-2-min.jpeg","type":"image\/jpeg"}],"twitter_card":"summary_large_image","twitter_misc":{"Est. reading time":"5 minutes"},"schema":{"@context":"https:\/\/schema.org","@graph":[{"@type":"WebPage","@id":"https:\/\/1dronas.lt\/en\/produktas\/dji-neo-motion-fly-more-combo\/","url":"https:\/\/1dronas.lt\/en\/produktas\/dji-neo-motion-fly-more-combo\/","name":"DJI Neo Motion Fly More Combo (atidaryta pakuot\u0117) - 1dronas.lt","isPartOf":{"@id":"https:\/\/1dronas.lt\/en\/#website"},"primaryImageOfPage":{"@id":"https:\/\/1dronas.lt\/en\/produktas\/dji-neo-motion-fly-more-combo\/#primaryimage"},"image":{"@id":"https:\/\/1dronas.lt\/en\/produktas\/dji-neo-motion-fly-more-combo\/#primaryimage"},"thumbnailUrl":"https:\/\/1dronas.lt\/wp-content\/uploads\/2025\/08\/384d2c73-f236-4be0-94b3-1d9ce0ea1a84-2-min.jpeg","datePublished":"2025-08-15T08:34:09+00:00","dateModified":"2026-04-21T09:31:37+00:00","breadcrumb":{"@id":"https:\/\/1dronas.lt\/en\/produktas\/dji-neo-motion-fly-more-combo\/#breadcrumb"},"inLanguage":"en-US","potentialAction":[{"@type":"ReadAction","target":["https:\/\/1dronas.lt\/en\/produktas\/dji-neo-motion-fly-more-combo\/"]}]},{"@type":"ImageObject","inLanguage":"en-US","@id":"https:\/\/1dronas.lt\/en\/produktas\/dji-neo-motion-fly-more-combo\/#primaryimage","url":"https:\/\/1dronas.lt\/wp-content\/uploads\/2025\/08\/384d2c73-f236-4be0-94b3-1d9ce0ea1a84-2-min.jpeg","contentUrl":"https:\/\/1dronas.lt\/wp-content\/uploads\/2025\/08\/384d2c73-f236-4be0-94b3-1d9ce0ea1a84-2-min.jpeg","width":1000,"height":1000},{"@type":"BreadcrumbList","@id":"https:\/\/1dronas.lt\/en\/produktas\/dji-neo-motion-fly-more-combo\/#breadcrumb","itemListElement":[{"@type":"ListItem","position":1,"name":"Home","item":"https:\/\/1dronas.lt\/"},{"@type":"ListItem","position":2,"name":"Parduotuv\u0117","item":"https:\/\/1dronas.lt\/parduotuve\/"},{"@type":"ListItem","position":3,"name":"DJI Neo Motion Fly More Combo (atidaryta pakuot\u0117)"}]},{"@type":"WebSite","@id":"https:\/\/1dronas.lt\/en\/#website","url":"https:\/\/1dronas.lt\/en\/","name":"1dronas.lt","description":"Online store","publisher":{"@id":"https:\/\/1dronas.lt\/en\/#organization"},"potentialAction":[{"@type":"SearchAction","target":{"@type":"EntryPoint","urlTemplate":"https:\/\/1dronas.lt\/en\/?s={search_term_string}"},"query-input":{"@type":"PropertyValueSpecification","valueRequired":true,"valueName":"search_term_string"}}],"inLanguage":"en-US"},{"@type":"Organization","@id":"https:\/\/1dronas.lt\/en\/#organization","name":"1dronas.lt","url":"https:\/\/1dronas.lt\/en\/","logo":{"@type":"ImageObject","inLanguage":"en-US","@id":"https:\/\/1dronas.lt\/en\/#\/schema\/logo\/image\/","url":"https:\/\/1dronas.lt\/wp-content\/uploads\/2020\/12\/Ekrano_kopija__2_-removebg-preview-1-1.png","contentUrl":"https:\/\/1dronas.lt\/wp-content\/uploads\/2020\/12\/Ekrano_kopija__2_-removebg-preview-1-1.png","width":234,"height":81,"caption":"1dronas.lt"},"image":{"@id":"https:\/\/1dronas.lt\/en\/#\/schema\/logo\/image\/"},"sameAs":["https:\/\/www.facebook.com\/1dronas\/"]}]}},"jetpack_sharing_enabled":true,"_links":{"self":[{"href":"https:\/\/1dronas.lt\/en\/wp-json\/wp\/v2\/product\/10829","targetHints":{"allow":["GET"]}}],"collection":[{"href":"https:\/\/1dronas.lt\/en\/wp-json\/wp\/v2\/product"}],"about":[{"href":"https:\/\/1dronas.lt\/en\/wp-json\/wp\/v2\/types\/product"}],"replies":[{"embeddable":true,"href":"https:\/\/1dronas.lt\/en\/wp-json\/wp\/v2\/comments?post=10829"}],"wp:featuredmedia":[{"embeddable":true,"href":"https:\/\/1dronas.lt\/en\/wp-json\/wp\/v2\/media\/10833"}],"wp:attachment":[{"href":"https:\/\/1dronas.lt\/en\/wp-json\/wp\/v2\/media?parent=10829"}],"wp:term":[{"taxonomy":"product_brand","embeddable":true,"href":"https:\/\/1dronas.lt\/en\/wp-json\/wp\/v2\/product_brand?post=10829"},{"taxonomy":"product_cat","embeddable":true,"href":"https:\/\/1dronas.lt\/en\/wp-json\/wp\/v2\/product_cat?post=10829"},{"taxonomy":"product_tag","embeddable":true,"href":"https:\/\/1dronas.lt\/en\/wp-json\/wp\/v2\/product_tag?post=10829"}],"curies":[{"name":"wp","href":"https:\/\/api.w.org\/{rel}","templated":true}]}}