{"id":10649,"date":"2025-07-31T18:27:51","date_gmt":"2025-07-31T18:27:51","guid":{"rendered":"https:\/\/1dronas.lt\/?post_type=product&#038;p=10649"},"modified":"2025-12-20T13:31:21","modified_gmt":"2025-12-20T11:31:21","slug":"gens-ace-imars-s100-g-tech-ac-balance-rc-battery-charger","status":"publish","type":"product","link":"https:\/\/1dronas.lt\/en\/produktas\/gens-ace-imars-s100-g-tech-ac-balance-rc-battery-charger\/","title":{"rendered":"Gens Ace iMars S100 G-Tech AC Balance RC Battery Charger"},"content":{"rendered":"<p data-start=\"0\" data-end=\"290\">The Gens Ace iMars S100 G-Tech AC balance charger is an efficient and versatile charger that can deliver up to 10A of charging current with a maximum power of 100 W. The charger supports global AC input (100-240 V), making it perfect for charging FPV drones and RC car batteries.<\/p>\n<p data-start=\"292\" data-end=\"520\">An upgrade from the iMars Pro III, the S100 is part of the G-Tech Eco product line. It is optimized for use with G-Tech smart batteries, but is also compatible with regular (non-smart) batteries.<\/p>\n<p data-start=\"292\" data-end=\"520\"><span style=\"color: #ed1c24;\"><strong>Important \u2013 When using a non-smart G-Tech battery, it is necessary to manually select the battery type and the required operating mode.<\/strong><\/span><\/p>\n<p data-start=\"292\" data-end=\"520\"><strong data-start=\"1116\" data-end=\"1145\">Specification:<\/strong><\/p>\n<p data-start=\"948\" data-end=\"1105\">\u2022 Input voltage: AC 100\u2013240V;<br \/>\n\u2022 Output voltage: Max. 27V;<br \/>\n\u2022 Input current: 50\u201360Hz, max. 1.5A;<br \/>\n\u2022 Charging power: Max. 100W;<br \/>\n\u2022 Discharge power: Max. 5W;<br \/>\n\u2022 Charging current: Up to 10A;<br \/>\n\u2022 Discharge current: Up to 0.4A;<br \/>\n\u2022 Supported battery types:<br \/>\nLiPo\/Li-ion\/LiHV\/LiFe: 2S-6S;<br \/>\nNiMH: 4S\u201318S;<br \/>\n\u2022 Functions: Charging \/ Discharging \/ Storage mode \/ Balancing;<br \/>\n\u2022 Number of channels: One;<br \/>\n\u2022 Input connector: AC;<br \/>\n\u2022 Output connector: XT60;<br \/>\nDimensions: 139.8 \u00d7 83 \u00d7 40 mm;<br \/>\n\u2022 Weight: ~ 310 g.<\/p>\n<p data-start=\"948\" data-end=\"1105\"><strong data-start=\"1739\" data-end=\"1757\">Package:<\/strong><\/p>\n<p data-start=\"948\" data-end=\"1105\">1x AC power cord;<br \/>\n1x XT60-T adapter;<br \/>\n1x XT60-EC3 adapter;<br \/>\n1x XT60-EC5 adapter;<br \/>\n1x USB cable.<\/p>","protected":false},"excerpt":{"rendered":"<p><span style=\"color: #000000;\">The Gens Ace iMars S100 G-Tech AC balance charger is an efficient and versatile charger capable of reaching a charging current of up to 10A.<\/span><\/p>\n<p><span style=\"color: #000000;\"><img loading=\"lazy\" decoding=\"async\" class=\"alignnone wp-image-1806\" src=\"https:\/\/1dronas.lt\/wp-content\/uploads\/2021\/05\/delivery-icon.png\" alt=\"\" width=\"24\" height=\"24\" srcset=\"https:\/\/1dronas.lt\/wp-content\/uploads\/2021\/05\/delivery-icon.png 35w, https:\/\/1dronas.lt\/wp-content\/uploads\/2021\/05\/delivery-icon-12x12.png 12w\" sizes=\"auto, (max-width: 24px) 100vw, 24px\" \/> \u00a0<strong>1 \u2013 2 days<\/strong><\/span><\/p>","protected":false},"featured_media":10652,"comment_status":"open","ping_status":"closed","template":"","meta":[],"product_brand":[722],"product_cat":[157],"product_tag":[726,723,372,724,729],"class_list":{"0":"post-10649","1":"product","2":"type-product","3":"status-publish","4":"has-post-thumbnail","6":"product_brand-gens-ace","7":"product_cat-ikrovikliai","8":"product_tag-g-tech","9":"product_tag-gens-ace","10":"product_tag-ikroviklis","11":"product_tag-imars","12":"product_tag-s100","14":"first","15":"instock","16":"taxable","17":"shipping-taxable","18":"purchasable","19":"product-type-simple"},"yoast_head":"<!-- This site is optimized with the Yoast SEO plugin v27.5 - https:\/\/yoast.com\/product\/yoast-seo-wordpress\/ -->\n<title>Gens Ace iMars S100 G-Tech AC Balance RC Battery Charger - 1dronas.lt<\/title>\n<meta name=\"robots\" content=\"index, follow, max-snippet:-1, max-image-preview:large, max-video-preview:-1\" \/>\n<link rel=\"canonical\" href=\"https:\/\/1dronas.lt\/en\/produktas\/gens-ace-imars-s100-g-tech-ac-balance-rc-battery-charger\/\" \/>\n<meta property=\"og:locale\" content=\"en_US\" \/>\n<meta property=\"og:type\" content=\"article\" \/>\n<meta property=\"og:title\" content=\"Gens Ace iMars S100 G-Tech AC Balance RC Battery Charger - 1dronas.lt\" \/>\n<meta property=\"og:description\" content=\"Gens Ace iMars S100 G-Tech AC balansinis \u012fkroviklis \u2013 tai efektyvus ir universalus \u012fkroviklis, galintis pasiekti iki 10A \u012fkrovimo srov\u0119.   \u00a01 \u2013 2 d. d.\" \/>\n<meta property=\"og:url\" content=\"https:\/\/1dronas.lt\/en\/produktas\/gens-ace-imars-s100-g-tech-ac-balance-rc-battery-charger\/\" \/>\n<meta property=\"og:site_name\" content=\"1dronas.lt\" \/>\n<meta property=\"article:publisher\" content=\"https:\/\/www.facebook.com\/1dronas\/\" \/>\n<meta property=\"article:modified_time\" content=\"2025-12-20T11:31:21+00:00\" \/>\n<meta property=\"og:image\" content=\"https:\/\/1dronas.lt\/wp-content\/uploads\/2025\/07\/8_36-min.jpg\" \/>\n\t<meta property=\"og:image:width\" content=\"1214\" \/>\n\t<meta property=\"og:image:height\" content=\"1214\" \/>\n\t<meta property=\"og:image:type\" content=\"image\/jpeg\" \/>\n<meta name=\"twitter:card\" content=\"summary_large_image\" \/>\n<meta name=\"twitter:label1\" content=\"Est. reading time\" \/>\n\t<meta name=\"twitter:data1\" content=\"2 minutes\" \/>\n<script type=\"application\/ld+json\" class=\"yoast-schema-graph\">{\"@context\":\"https:\\\/\\\/schema.org\",\"@graph\":[{\"@type\":\"WebPage\",\"@id\":\"https:\\\/\\\/1dronas.lt\\\/en\\\/produktas\\\/gens-ace-imars-s100-g-tech-ac-balance-rc-battery-charger\\\/\",\"url\":\"https:\\\/\\\/1dronas.lt\\\/en\\\/produktas\\\/gens-ace-imars-s100-g-tech-ac-balance-rc-battery-charger\\\/\",\"name\":\"Gens Ace iMars S100 G-Tech AC Balance RC Battery Charger - 1dronas.lt\",\"isPartOf\":{\"@id\":\"https:\\\/\\\/1dronas.lt\\\/en\\\/#website\"},\"primaryImageOfPage\":{\"@id\":\"https:\\\/\\\/1dronas.lt\\\/en\\\/produktas\\\/gens-ace-imars-s100-g-tech-ac-balance-rc-battery-charger\\\/#primaryimage\"},\"image\":{\"@id\":\"https:\\\/\\\/1dronas.lt\\\/en\\\/produktas\\\/gens-ace-imars-s100-g-tech-ac-balance-rc-battery-charger\\\/#primaryimage\"},\"thumbnailUrl\":\"https:\\\/\\\/1dronas.lt\\\/wp-content\\\/uploads\\\/2025\\\/07\\\/8_36-min.jpg\",\"datePublished\":\"2025-07-31T18:27:51+00:00\",\"dateModified\":\"2025-12-20T11:31:21+00:00\",\"breadcrumb\":{\"@id\":\"https:\\\/\\\/1dronas.lt\\\/en\\\/produktas\\\/gens-ace-imars-s100-g-tech-ac-balance-rc-battery-charger\\\/#breadcrumb\"},\"inLanguage\":\"en-US\",\"potentialAction\":[{\"@type\":\"ReadAction\",\"target\":[\"https:\\\/\\\/1dronas.lt\\\/en\\\/produktas\\\/gens-ace-imars-s100-g-tech-ac-balance-rc-battery-charger\\\/\"]}]},{\"@type\":\"ImageObject\",\"inLanguage\":\"en-US\",\"@id\":\"https:\\\/\\\/1dronas.lt\\\/en\\\/produktas\\\/gens-ace-imars-s100-g-tech-ac-balance-rc-battery-charger\\\/#primaryimage\",\"url\":\"https:\\\/\\\/1dronas.lt\\\/wp-content\\\/uploads\\\/2025\\\/07\\\/8_36-min.jpg\",\"contentUrl\":\"https:\\\/\\\/1dronas.lt\\\/wp-content\\\/uploads\\\/2025\\\/07\\\/8_36-min.jpg\",\"width\":1214,\"height\":1214},{\"@type\":\"BreadcrumbList\",\"@id\":\"https:\\\/\\\/1dronas.lt\\\/en\\\/produktas\\\/gens-ace-imars-s100-g-tech-ac-balance-rc-battery-charger\\\/#breadcrumb\",\"itemListElement\":[{\"@type\":\"ListItem\",\"position\":1,\"name\":\"Home\",\"item\":\"https:\\\/\\\/1dronas.lt\\\/\"},{\"@type\":\"ListItem\",\"position\":2,\"name\":\"Parduotuv\u0117\",\"item\":\"https:\\\/\\\/1dronas.lt\\\/parduotuve\\\/\"},{\"@type\":\"ListItem\",\"position\":3,\"name\":\"Gens Ace iMars S100 G-Tech AC Balance RC Battery Charger\"}]},{\"@type\":\"WebSite\",\"@id\":\"https:\\\/\\\/1dronas.lt\\\/en\\\/#website\",\"url\":\"https:\\\/\\\/1dronas.lt\\\/en\\\/\",\"name\":\"1dronas.lt\",\"description\":\"Internetin\u0117 parduotuv\u0117\",\"publisher\":{\"@id\":\"https:\\\/\\\/1dronas.lt\\\/en\\\/#organization\"},\"potentialAction\":[{\"@type\":\"SearchAction\",\"target\":{\"@type\":\"EntryPoint\",\"urlTemplate\":\"https:\\\/\\\/1dronas.lt\\\/en\\\/?s={search_term_string}\"},\"query-input\":{\"@type\":\"PropertyValueSpecification\",\"valueRequired\":true,\"valueName\":\"search_term_string\"}}],\"inLanguage\":\"en-US\"},{\"@type\":\"Organization\",\"@id\":\"https:\\\/\\\/1dronas.lt\\\/en\\\/#organization\",\"name\":\"1dronas.lt\",\"url\":\"https:\\\/\\\/1dronas.lt\\\/en\\\/\",\"logo\":{\"@type\":\"ImageObject\",\"inLanguage\":\"en-US\",\"@id\":\"https:\\\/\\\/1dronas.lt\\\/en\\\/#\\\/schema\\\/logo\\\/image\\\/\",\"url\":\"https:\\\/\\\/1dronas.lt\\\/wp-content\\\/uploads\\\/2020\\\/12\\\/Ekrano_kopija__2_-removebg-preview-1-1.png\",\"contentUrl\":\"https:\\\/\\\/1dronas.lt\\\/wp-content\\\/uploads\\\/2020\\\/12\\\/Ekrano_kopija__2_-removebg-preview-1-1.png\",\"width\":234,\"height\":81,\"caption\":\"1dronas.lt\"},\"image\":{\"@id\":\"https:\\\/\\\/1dronas.lt\\\/en\\\/#\\\/schema\\\/logo\\\/image\\\/\"},\"sameAs\":[\"https:\\\/\\\/www.facebook.com\\\/1dronas\\\/\"]}]}<\/script>\n<!-- \/ Yoast SEO plugin. -->","yoast_head_json":{"title":"Gens Ace iMars S100 G-Tech AC Balance RC Battery Charger - 1dronas.lt","robots":{"index":"index","follow":"follow","max-snippet":"max-snippet:-1","max-image-preview":"max-image-preview:large","max-video-preview":"max-video-preview:-1"},"canonical":"https:\/\/1dronas.lt\/en\/produktas\/gens-ace-imars-s100-g-tech-ac-balance-rc-battery-charger\/","og_locale":"en_US","og_type":"article","og_title":"Gens Ace iMars S100 G-Tech AC Balance RC Battery Charger - 1dronas.lt","og_description":"Gens Ace iMars S100 G-Tech AC balansinis \u012fkroviklis \u2013 tai efektyvus ir universalus \u012fkroviklis, galintis pasiekti iki 10A \u012fkrovimo srov\u0119.   \u00a01 \u2013 2 d. d.","og_url":"https:\/\/1dronas.lt\/en\/produktas\/gens-ace-imars-s100-g-tech-ac-balance-rc-battery-charger\/","og_site_name":"1dronas.lt","article_publisher":"https:\/\/www.facebook.com\/1dronas\/","article_modified_time":"2025-12-20T11:31:21+00:00","og_image":[{"width":1214,"height":1214,"url":"https:\/\/1dronas.lt\/wp-content\/uploads\/2025\/07\/8_36-min.jpg","type":"image\/jpeg"}],"twitter_card":"summary_large_image","twitter_misc":{"Est. reading time":"2 minutes"},"schema":{"@context":"https:\/\/schema.org","@graph":[{"@type":"WebPage","@id":"https:\/\/1dronas.lt\/en\/produktas\/gens-ace-imars-s100-g-tech-ac-balance-rc-battery-charger\/","url":"https:\/\/1dronas.lt\/en\/produktas\/gens-ace-imars-s100-g-tech-ac-balance-rc-battery-charger\/","name":"Gens Ace iMars S100 G-Tech AC Balance RC Battery Charger - 1dronas.lt","isPartOf":{"@id":"https:\/\/1dronas.lt\/en\/#website"},"primaryImageOfPage":{"@id":"https:\/\/1dronas.lt\/en\/produktas\/gens-ace-imars-s100-g-tech-ac-balance-rc-battery-charger\/#primaryimage"},"image":{"@id":"https:\/\/1dronas.lt\/en\/produktas\/gens-ace-imars-s100-g-tech-ac-balance-rc-battery-charger\/#primaryimage"},"thumbnailUrl":"https:\/\/1dronas.lt\/wp-content\/uploads\/2025\/07\/8_36-min.jpg","datePublished":"2025-07-31T18:27:51+00:00","dateModified":"2025-12-20T11:31:21+00:00","breadcrumb":{"@id":"https:\/\/1dronas.lt\/en\/produktas\/gens-ace-imars-s100-g-tech-ac-balance-rc-battery-charger\/#breadcrumb"},"inLanguage":"en-US","potentialAction":[{"@type":"ReadAction","target":["https:\/\/1dronas.lt\/en\/produktas\/gens-ace-imars-s100-g-tech-ac-balance-rc-battery-charger\/"]}]},{"@type":"ImageObject","inLanguage":"en-US","@id":"https:\/\/1dronas.lt\/en\/produktas\/gens-ace-imars-s100-g-tech-ac-balance-rc-battery-charger\/#primaryimage","url":"https:\/\/1dronas.lt\/wp-content\/uploads\/2025\/07\/8_36-min.jpg","contentUrl":"https:\/\/1dronas.lt\/wp-content\/uploads\/2025\/07\/8_36-min.jpg","width":1214,"height":1214},{"@type":"BreadcrumbList","@id":"https:\/\/1dronas.lt\/en\/produktas\/gens-ace-imars-s100-g-tech-ac-balance-rc-battery-charger\/#breadcrumb","itemListElement":[{"@type":"ListItem","position":1,"name":"Home","item":"https:\/\/1dronas.lt\/"},{"@type":"ListItem","position":2,"name":"Parduotuv\u0117","item":"https:\/\/1dronas.lt\/parduotuve\/"},{"@type":"ListItem","position":3,"name":"Gens Ace iMars S100 G-Tech AC Balance RC Battery Charger"}]},{"@type":"WebSite","@id":"https:\/\/1dronas.lt\/en\/#website","url":"https:\/\/1dronas.lt\/en\/","name":"1dronas.lt","description":"Online store","publisher":{"@id":"https:\/\/1dronas.lt\/en\/#organization"},"potentialAction":[{"@type":"SearchAction","target":{"@type":"EntryPoint","urlTemplate":"https:\/\/1dronas.lt\/en\/?s={search_term_string}"},"query-input":{"@type":"PropertyValueSpecification","valueRequired":true,"valueName":"search_term_string"}}],"inLanguage":"en-US"},{"@type":"Organization","@id":"https:\/\/1dronas.lt\/en\/#organization","name":"1dronas.lt","url":"https:\/\/1dronas.lt\/en\/","logo":{"@type":"ImageObject","inLanguage":"en-US","@id":"https:\/\/1dronas.lt\/en\/#\/schema\/logo\/image\/","url":"https:\/\/1dronas.lt\/wp-content\/uploads\/2020\/12\/Ekrano_kopija__2_-removebg-preview-1-1.png","contentUrl":"https:\/\/1dronas.lt\/wp-content\/uploads\/2020\/12\/Ekrano_kopija__2_-removebg-preview-1-1.png","width":234,"height":81,"caption":"1dronas.lt"},"image":{"@id":"https:\/\/1dronas.lt\/en\/#\/schema\/logo\/image\/"},"sameAs":["https:\/\/www.facebook.com\/1dronas\/"]}]}},"jetpack_sharing_enabled":true,"_links":{"self":[{"href":"https:\/\/1dronas.lt\/en\/wp-json\/wp\/v2\/product\/10649","targetHints":{"allow":["GET"]}}],"collection":[{"href":"https:\/\/1dronas.lt\/en\/wp-json\/wp\/v2\/product"}],"about":[{"href":"https:\/\/1dronas.lt\/en\/wp-json\/wp\/v2\/types\/product"}],"replies":[{"embeddable":true,"href":"https:\/\/1dronas.lt\/en\/wp-json\/wp\/v2\/comments?post=10649"}],"wp:featuredmedia":[{"embeddable":true,"href":"https:\/\/1dronas.lt\/en\/wp-json\/wp\/v2\/media\/10652"}],"wp:attachment":[{"href":"https:\/\/1dronas.lt\/en\/wp-json\/wp\/v2\/media?parent=10649"}],"wp:term":[{"taxonomy":"product_brand","embeddable":true,"href":"https:\/\/1dronas.lt\/en\/wp-json\/wp\/v2\/product_brand?post=10649"},{"taxonomy":"product_cat","embeddable":true,"href":"https:\/\/1dronas.lt\/en\/wp-json\/wp\/v2\/product_cat?post=10649"},{"taxonomy":"product_tag","embeddable":true,"href":"https:\/\/1dronas.lt\/en\/wp-json\/wp\/v2\/product_tag?post=10649"}],"curies":[{"name":"wp","href":"https:\/\/api.w.org\/{rel}","templated":true}]}}