{"id":10631,"date":"2025-07-31T17:29:03","date_gmt":"2025-07-31T17:29:03","guid":{"rendered":"https:\/\/1dronas.lt\/?post_type=product&#038;p=10631"},"modified":"2026-02-16T20:40:47","modified_gmt":"2026-02-16T18:40:47","slug":"gens-ace-imars-d300-g-tech-channel-ac-dc-300w-700w-battery-charger","status":"publish","type":"product","link":"https:\/\/1dronas.lt\/en\/produktas\/gens-ace-imars-d300-g-tech-channel-ac-dc-300w-700w-battery-charger\/","title":{"rendered":"Gens Ace iMars D300 G-Tech Channel AC\/DC 300W\/700W Battery Charger"},"content":{"rendered":"<p data-start=\"0\" data-end=\"288\"><img loading=\"lazy\" decoding=\"async\" class=\"alignnone wp-image-10642 size-full\" src=\"https:\/\/1dronas.lt\/wp-content\/uploads\/2025\/07\/A_8-min.jpg\" alt=\"\" width=\"900\" height=\"557\" srcset=\"https:\/\/1dronas.lt\/wp-content\/uploads\/2025\/07\/A_8-min.jpg 900w, https:\/\/1dronas.lt\/wp-content\/uploads\/2025\/07\/A_8-min-300x186.jpg 300w, https:\/\/1dronas.lt\/wp-content\/uploads\/2025\/07\/A_8-min-768x475.jpg 768w, https:\/\/1dronas.lt\/wp-content\/uploads\/2025\/07\/A_8-min-18x12.jpg 18w, https:\/\/1dronas.lt\/wp-content\/uploads\/2025\/07\/A_8-min-510x316.jpg 510w\" sizes=\"auto, (max-width: 900px) 100vw, 900px\" \/><\/p>\n<p data-start=\"0\" data-end=\"288\">The iMars D300 charger is a universal and intelligent charger that supports both charging and discharging functions. As part of the G-Tech Eco system, the iMars D300 charger is designed specifically for G-Tech smart batteries, but is also compatible with non-smart batteries.<\/p>\n<p data-start=\"290\" data-end=\"586\">When a G-Tech smart battery is connected to the iMars D300, the charger automatically recognizes the battery type, voltage via the smart balancing connector, and the manufacturer&#039;s recommended charging current.<\/p>\n<p data-start=\"290\" data-end=\"586\"><strong><span style=\"color: #ed1c24;\">Important \u2013 When using a non-smart G-Tech battery, it is necessary to manually select the battery type and the required operating mode.<\/span><\/strong><\/p>\n<p data-start=\"799\" data-end=\"837\"><strong data-start=\"799\" data-end=\"836\">The charger has 7 operating modes<\/strong>:<\/p>\n<p data-start=\"799\" data-end=\"837\">1. Charging (Charge);<br \/>\n2. Discharge;<br \/>\n3. Balancing (Balance);<br \/>\n4. Storage;<br \/>\n5. External discharge (ExtDischarge);<br \/>\n6. Synchronous charging (SyncCharging);<br \/>\n7. Digital Power Supply.<\/p>\n<p data-start=\"1083\" data-end=\"1113\"><strong data-start=\"1124\" data-end=\"1136\">Features:<\/strong><\/p>\n<p data-start=\"1083\" data-end=\"1113\">\u2022 Dual-channel AC\/DC smart balance charger;<br \/>\n\u2022 Lightweight and portable with IPS screen;<br \/>\n\u2022 High-power charging: up to 16 A per channel;<br \/>\n\u2022 Suitable for use worldwide (100-240V voltage);<br \/>\n\u2022 Power: AC 300 W, DC 700 W;<br \/>\n\u2022 Possibility of external discharge;<br \/>\n\u2022 Synchronous (2 in 1) fast charging;<br \/>\n\u2022 Integrated DC power supply for various devices;<br \/>\n\u2022 Effective heat dissipation system;<br \/>\n\u2022 Advanced security features:<br \/>\nUL94-V0 fireproof material;<br \/>\nShort circuit\/overcurrent\/overload protection;<br \/>\n\u2022 Supports Gens Ace G-Tech smart charging.<\/p>\n<p data-start=\"1083\" data-end=\"1113\"><strong data-start=\"1753\" data-end=\"1782\">Specification:<\/strong><\/p>\n<p data-start=\"1083\" data-end=\"1113\"><span style=\"color: #333333; font-size: 14.4px;\">\u2022 <\/span>Input voltage: AC 100-240V; DC 7-30V;<br \/>\n\u2022 Output voltage: DC 1\u201330V;<br \/>\n\u2022 Maximum input current: DC 34A;<br \/>\n\u2022 Maximum discharge power: 15 W * 2;<br \/>\n\u2022 Maximum charging power: AC 300 W; DC 350 W * 2;<br \/>\n\u2022 Charging current: 0.1\u201316 A * 2;<br \/>\n\u2022 Discharge current: 0.1\u20133 A * 2;<br \/>\n\u2022 Cell balancing: 1\u20136S;<br \/>\n\u2022 USB output: 5V \/ 2.4A;<br \/>\n\u2022 Display: 2.4 inch IPS LCD;<br \/>\n\u2022 Supported battery types:<br \/>\nLiPo\/LiHV\/LiFe 1-6S;<br \/>\nNiMH 1\u201316S;<br \/>\n\u2022 Dimensions: 145 x 76 x 62 mm;<br \/>\n\u2022 Weight: 530 g.<\/p>\n<p data-start=\"1083\" data-end=\"1113\"><strong data-start=\"2276\" data-end=\"2290\">Package:<\/strong><\/p>\n<p data-start=\"1083\" data-end=\"1113\">1x XT60-T adapter;<br \/>\n1x XT60-EC5 adapter;<br \/>\n1x XT60-EC3 adapter;<br \/>\n1x AC power cord.<\/p>","protected":false},"excerpt":{"rendered":"<p><span style=\"color: #000000;\">The iMars D300 charger is a universal and smart charger that supports both charging and discharging functions.<\/span><\/p>\n<p><span style=\"color: #000000;\"><img loading=\"lazy\" decoding=\"async\" class=\"alignnone wp-image-1806\" src=\"https:\/\/1dronas.lt\/wp-content\/uploads\/2021\/05\/delivery-icon.png\" alt=\"\" width=\"24\" height=\"24\" srcset=\"https:\/\/1dronas.lt\/wp-content\/uploads\/2021\/05\/delivery-icon.png 35w, https:\/\/1dronas.lt\/wp-content\/uploads\/2021\/05\/delivery-icon-12x12.png 12w\" sizes=\"auto, (max-width: 24px) 100vw, 24px\" \/> \u00a0<strong>1 \u2013 2 days<\/strong><\/span><\/p>","protected":false},"featured_media":10636,"comment_status":"open","ping_status":"closed","template":"","meta":[],"product_brand":[722],"product_cat":[157],"product_tag":[727,728,725,726,723,372,724],"class_list":{"0":"post-10631","1":"product","2":"type-product","3":"status-publish","4":"has-post-thumbnail","6":"product_brand-gens-ace","7":"product_cat-ikrovikliai","8":"product_tag-300w-700w","9":"product_tag-ac-dc","10":"product_tag-d300","11":"product_tag-g-tech","12":"product_tag-gens-ace","13":"product_tag-ikroviklis","14":"product_tag-imars","16":"first","17":"instock","18":"taxable","19":"shipping-taxable","20":"purchasable","21":"product-type-variable","22":"has-default-attributes"},"yoast_head":"<!-- This site is optimized with the Yoast SEO plugin v27.5 - https:\/\/yoast.com\/product\/yoast-seo-wordpress\/ -->\n<title>Gens Ace iMars D300 G-Tech Channel AC\/DC 300W\/700W Battery Charger - 1dronas.lt<\/title>\n<meta name=\"robots\" content=\"index, follow, max-snippet:-1, max-image-preview:large, max-video-preview:-1\" \/>\n<link rel=\"canonical\" href=\"https:\/\/1dronas.lt\/en\/produktas\/gens-ace-imars-d300-g-tech-channel-ac-dc-300w-700w-battery-charger\/\" \/>\n<meta property=\"og:locale\" content=\"en_US\" \/>\n<meta property=\"og:type\" content=\"article\" \/>\n<meta property=\"og:title\" content=\"Gens Ace iMars D300 G-Tech Channel AC\/DC 300W\/700W Battery Charger - 1dronas.lt\" \/>\n<meta property=\"og:description\" content=\"iMars D300 \u012fkroviklis \u2013 tai universalus ir i\u0161manus \u012fkroviklis, palaikantis tiek \u012fkrovimo, tiek i\u0161krovimo funkcijas.   \u00a01 \u2013 2 d. d.\" \/>\n<meta property=\"og:url\" content=\"https:\/\/1dronas.lt\/en\/produktas\/gens-ace-imars-d300-g-tech-channel-ac-dc-300w-700w-battery-charger\/\" \/>\n<meta property=\"og:site_name\" content=\"1dronas.lt\" \/>\n<meta property=\"article:publisher\" content=\"https:\/\/www.facebook.com\/1dronas\/\" \/>\n<meta property=\"article:modified_time\" content=\"2026-02-16T18:40:47+00:00\" \/>\n<meta property=\"og:image\" content=\"https:\/\/1dronas.lt\/wp-content\/uploads\/2025\/07\/Gens_ace_imars_d300_smart_rc_charger_for_rc_hobby-min.jpg\" \/>\n\t<meta property=\"og:image:width\" content=\"1214\" \/>\n\t<meta property=\"og:image:height\" content=\"1214\" \/>\n\t<meta property=\"og:image:type\" content=\"image\/jpeg\" \/>\n<meta name=\"twitter:card\" content=\"summary_large_image\" \/>\n<meta name=\"twitter:label1\" content=\"Est. reading time\" \/>\n\t<meta name=\"twitter:data1\" content=\"3 minutes\" \/>\n<script type=\"application\/ld+json\" class=\"yoast-schema-graph\">{\"@context\":\"https:\\\/\\\/schema.org\",\"@graph\":[{\"@type\":\"WebPage\",\"@id\":\"https:\\\/\\\/1dronas.lt\\\/en\\\/produktas\\\/gens-ace-imars-d300-g-tech-channel-ac-dc-300w-700w-battery-charger\\\/\",\"url\":\"https:\\\/\\\/1dronas.lt\\\/en\\\/produktas\\\/gens-ace-imars-d300-g-tech-channel-ac-dc-300w-700w-battery-charger\\\/\",\"name\":\"Gens Ace iMars D300 G-Tech Channel AC\\\/DC 300W\\\/700W Battery Charger - 1dronas.lt\",\"isPartOf\":{\"@id\":\"https:\\\/\\\/1dronas.lt\\\/en\\\/#website\"},\"primaryImageOfPage\":{\"@id\":\"https:\\\/\\\/1dronas.lt\\\/en\\\/produktas\\\/gens-ace-imars-d300-g-tech-channel-ac-dc-300w-700w-battery-charger\\\/#primaryimage\"},\"image\":{\"@id\":\"https:\\\/\\\/1dronas.lt\\\/en\\\/produktas\\\/gens-ace-imars-d300-g-tech-channel-ac-dc-300w-700w-battery-charger\\\/#primaryimage\"},\"thumbnailUrl\":\"https:\\\/\\\/1dronas.lt\\\/wp-content\\\/uploads\\\/2025\\\/07\\\/Gens_ace_imars_d300_smart_rc_charger_for_rc_hobby-min.jpg\",\"datePublished\":\"2025-07-31T17:29:03+00:00\",\"dateModified\":\"2026-02-16T18:40:47+00:00\",\"breadcrumb\":{\"@id\":\"https:\\\/\\\/1dronas.lt\\\/en\\\/produktas\\\/gens-ace-imars-d300-g-tech-channel-ac-dc-300w-700w-battery-charger\\\/#breadcrumb\"},\"inLanguage\":\"en-US\",\"potentialAction\":[{\"@type\":\"ReadAction\",\"target\":[\"https:\\\/\\\/1dronas.lt\\\/en\\\/produktas\\\/gens-ace-imars-d300-g-tech-channel-ac-dc-300w-700w-battery-charger\\\/\"]}]},{\"@type\":\"ImageObject\",\"inLanguage\":\"en-US\",\"@id\":\"https:\\\/\\\/1dronas.lt\\\/en\\\/produktas\\\/gens-ace-imars-d300-g-tech-channel-ac-dc-300w-700w-battery-charger\\\/#primaryimage\",\"url\":\"https:\\\/\\\/1dronas.lt\\\/wp-content\\\/uploads\\\/2025\\\/07\\\/Gens_ace_imars_d300_smart_rc_charger_for_rc_hobby-min.jpg\",\"contentUrl\":\"https:\\\/\\\/1dronas.lt\\\/wp-content\\\/uploads\\\/2025\\\/07\\\/Gens_ace_imars_d300_smart_rc_charger_for_rc_hobby-min.jpg\",\"width\":1214,\"height\":1214},{\"@type\":\"BreadcrumbList\",\"@id\":\"https:\\\/\\\/1dronas.lt\\\/en\\\/produktas\\\/gens-ace-imars-d300-g-tech-channel-ac-dc-300w-700w-battery-charger\\\/#breadcrumb\",\"itemListElement\":[{\"@type\":\"ListItem\",\"position\":1,\"name\":\"Home\",\"item\":\"https:\\\/\\\/1dronas.lt\\\/\"},{\"@type\":\"ListItem\",\"position\":2,\"name\":\"Parduotuv\u0117\",\"item\":\"https:\\\/\\\/1dronas.lt\\\/parduotuve\\\/\"},{\"@type\":\"ListItem\",\"position\":3,\"name\":\"Gens Ace iMars D300 G-Tech Channel AC\\\/DC 300W\\\/700W Battery Charger\"}]},{\"@type\":\"WebSite\",\"@id\":\"https:\\\/\\\/1dronas.lt\\\/en\\\/#website\",\"url\":\"https:\\\/\\\/1dronas.lt\\\/en\\\/\",\"name\":\"1dronas.lt\",\"description\":\"Internetin\u0117 parduotuv\u0117\",\"publisher\":{\"@id\":\"https:\\\/\\\/1dronas.lt\\\/en\\\/#organization\"},\"potentialAction\":[{\"@type\":\"SearchAction\",\"target\":{\"@type\":\"EntryPoint\",\"urlTemplate\":\"https:\\\/\\\/1dronas.lt\\\/en\\\/?s={search_term_string}\"},\"query-input\":{\"@type\":\"PropertyValueSpecification\",\"valueRequired\":true,\"valueName\":\"search_term_string\"}}],\"inLanguage\":\"en-US\"},{\"@type\":\"Organization\",\"@id\":\"https:\\\/\\\/1dronas.lt\\\/en\\\/#organization\",\"name\":\"1dronas.lt\",\"url\":\"https:\\\/\\\/1dronas.lt\\\/en\\\/\",\"logo\":{\"@type\":\"ImageObject\",\"inLanguage\":\"en-US\",\"@id\":\"https:\\\/\\\/1dronas.lt\\\/en\\\/#\\\/schema\\\/logo\\\/image\\\/\",\"url\":\"https:\\\/\\\/1dronas.lt\\\/wp-content\\\/uploads\\\/2020\\\/12\\\/Ekrano_kopija__2_-removebg-preview-1-1.png\",\"contentUrl\":\"https:\\\/\\\/1dronas.lt\\\/wp-content\\\/uploads\\\/2020\\\/12\\\/Ekrano_kopija__2_-removebg-preview-1-1.png\",\"width\":234,\"height\":81,\"caption\":\"1dronas.lt\"},\"image\":{\"@id\":\"https:\\\/\\\/1dronas.lt\\\/en\\\/#\\\/schema\\\/logo\\\/image\\\/\"},\"sameAs\":[\"https:\\\/\\\/www.facebook.com\\\/1dronas\\\/\"]}]}<\/script>\n<!-- \/ Yoast SEO plugin. -->","yoast_head_json":{"title":"Gens Ace iMars D300 G-Tech Channel AC\/DC 300W\/700W Battery Charger - 1dronas.lt","robots":{"index":"index","follow":"follow","max-snippet":"max-snippet:-1","max-image-preview":"max-image-preview:large","max-video-preview":"max-video-preview:-1"},"canonical":"https:\/\/1dronas.lt\/en\/produktas\/gens-ace-imars-d300-g-tech-channel-ac-dc-300w-700w-battery-charger\/","og_locale":"en_US","og_type":"article","og_title":"Gens Ace iMars D300 G-Tech Channel AC\/DC 300W\/700W Battery Charger - 1dronas.lt","og_description":"iMars D300 \u012fkroviklis \u2013 tai universalus ir i\u0161manus \u012fkroviklis, palaikantis tiek \u012fkrovimo, tiek i\u0161krovimo funkcijas.   \u00a01 \u2013 2 d. d.","og_url":"https:\/\/1dronas.lt\/en\/produktas\/gens-ace-imars-d300-g-tech-channel-ac-dc-300w-700w-battery-charger\/","og_site_name":"1dronas.lt","article_publisher":"https:\/\/www.facebook.com\/1dronas\/","article_modified_time":"2026-02-16T18:40:47+00:00","og_image":[{"width":1214,"height":1214,"url":"https:\/\/1dronas.lt\/wp-content\/uploads\/2025\/07\/Gens_ace_imars_d300_smart_rc_charger_for_rc_hobby-min.jpg","type":"image\/jpeg"}],"twitter_card":"summary_large_image","twitter_misc":{"Est. reading time":"3 minutes"},"schema":{"@context":"https:\/\/schema.org","@graph":[{"@type":"WebPage","@id":"https:\/\/1dronas.lt\/en\/produktas\/gens-ace-imars-d300-g-tech-channel-ac-dc-300w-700w-battery-charger\/","url":"https:\/\/1dronas.lt\/en\/produktas\/gens-ace-imars-d300-g-tech-channel-ac-dc-300w-700w-battery-charger\/","name":"Gens Ace iMars D300 G-Tech Channel AC\/DC 300W\/700W Battery Charger - 1dronas.lt","isPartOf":{"@id":"https:\/\/1dronas.lt\/en\/#website"},"primaryImageOfPage":{"@id":"https:\/\/1dronas.lt\/en\/produktas\/gens-ace-imars-d300-g-tech-channel-ac-dc-300w-700w-battery-charger\/#primaryimage"},"image":{"@id":"https:\/\/1dronas.lt\/en\/produktas\/gens-ace-imars-d300-g-tech-channel-ac-dc-300w-700w-battery-charger\/#primaryimage"},"thumbnailUrl":"https:\/\/1dronas.lt\/wp-content\/uploads\/2025\/07\/Gens_ace_imars_d300_smart_rc_charger_for_rc_hobby-min.jpg","datePublished":"2025-07-31T17:29:03+00:00","dateModified":"2026-02-16T18:40:47+00:00","breadcrumb":{"@id":"https:\/\/1dronas.lt\/en\/produktas\/gens-ace-imars-d300-g-tech-channel-ac-dc-300w-700w-battery-charger\/#breadcrumb"},"inLanguage":"en-US","potentialAction":[{"@type":"ReadAction","target":["https:\/\/1dronas.lt\/en\/produktas\/gens-ace-imars-d300-g-tech-channel-ac-dc-300w-700w-battery-charger\/"]}]},{"@type":"ImageObject","inLanguage":"en-US","@id":"https:\/\/1dronas.lt\/en\/produktas\/gens-ace-imars-d300-g-tech-channel-ac-dc-300w-700w-battery-charger\/#primaryimage","url":"https:\/\/1dronas.lt\/wp-content\/uploads\/2025\/07\/Gens_ace_imars_d300_smart_rc_charger_for_rc_hobby-min.jpg","contentUrl":"https:\/\/1dronas.lt\/wp-content\/uploads\/2025\/07\/Gens_ace_imars_d300_smart_rc_charger_for_rc_hobby-min.jpg","width":1214,"height":1214},{"@type":"BreadcrumbList","@id":"https:\/\/1dronas.lt\/en\/produktas\/gens-ace-imars-d300-g-tech-channel-ac-dc-300w-700w-battery-charger\/#breadcrumb","itemListElement":[{"@type":"ListItem","position":1,"name":"Home","item":"https:\/\/1dronas.lt\/"},{"@type":"ListItem","position":2,"name":"Parduotuv\u0117","item":"https:\/\/1dronas.lt\/parduotuve\/"},{"@type":"ListItem","position":3,"name":"Gens Ace iMars D300 G-Tech Channel AC\/DC 300W\/700W Battery Charger"}]},{"@type":"WebSite","@id":"https:\/\/1dronas.lt\/en\/#website","url":"https:\/\/1dronas.lt\/en\/","name":"1dronas.lt","description":"Online store","publisher":{"@id":"https:\/\/1dronas.lt\/en\/#organization"},"potentialAction":[{"@type":"SearchAction","target":{"@type":"EntryPoint","urlTemplate":"https:\/\/1dronas.lt\/en\/?s={search_term_string}"},"query-input":{"@type":"PropertyValueSpecification","valueRequired":true,"valueName":"search_term_string"}}],"inLanguage":"en-US"},{"@type":"Organization","@id":"https:\/\/1dronas.lt\/en\/#organization","name":"1dronas.lt","url":"https:\/\/1dronas.lt\/en\/","logo":{"@type":"ImageObject","inLanguage":"en-US","@id":"https:\/\/1dronas.lt\/en\/#\/schema\/logo\/image\/","url":"https:\/\/1dronas.lt\/wp-content\/uploads\/2020\/12\/Ekrano_kopija__2_-removebg-preview-1-1.png","contentUrl":"https:\/\/1dronas.lt\/wp-content\/uploads\/2020\/12\/Ekrano_kopija__2_-removebg-preview-1-1.png","width":234,"height":81,"caption":"1dronas.lt"},"image":{"@id":"https:\/\/1dronas.lt\/en\/#\/schema\/logo\/image\/"},"sameAs":["https:\/\/www.facebook.com\/1dronas\/"]}]}},"jetpack_sharing_enabled":true,"_links":{"self":[{"href":"https:\/\/1dronas.lt\/en\/wp-json\/wp\/v2\/product\/10631","targetHints":{"allow":["GET"]}}],"collection":[{"href":"https:\/\/1dronas.lt\/en\/wp-json\/wp\/v2\/product"}],"about":[{"href":"https:\/\/1dronas.lt\/en\/wp-json\/wp\/v2\/types\/product"}],"replies":[{"embeddable":true,"href":"https:\/\/1dronas.lt\/en\/wp-json\/wp\/v2\/comments?post=10631"}],"wp:featuredmedia":[{"embeddable":true,"href":"https:\/\/1dronas.lt\/en\/wp-json\/wp\/v2\/media\/10636"}],"wp:attachment":[{"href":"https:\/\/1dronas.lt\/en\/wp-json\/wp\/v2\/media?parent=10631"}],"wp:term":[{"taxonomy":"product_brand","embeddable":true,"href":"https:\/\/1dronas.lt\/en\/wp-json\/wp\/v2\/product_brand?post=10631"},{"taxonomy":"product_cat","embeddable":true,"href":"https:\/\/1dronas.lt\/en\/wp-json\/wp\/v2\/product_cat?post=10631"},{"taxonomy":"product_tag","embeddable":true,"href":"https:\/\/1dronas.lt\/en\/wp-json\/wp\/v2\/product_tag?post=10631"}],"curies":[{"name":"wp","href":"https:\/\/api.w.org\/{rel}","templated":true}]}}