{"id":10605,"date":"2025-07-30T19:14:16","date_gmt":"2025-07-30T19:14:16","guid":{"rendered":"https:\/\/1dronas.lt\/?post_type=product&#038;p=10605"},"modified":"2026-03-30T22:30:30","modified_gmt":"2026-03-30T19:30:30","slug":"baterija-tattu-r-line-version-5-0-1480mah-22-2v-150c-6s-xt60","status":"publish","type":"product","link":"https:\/\/1dronas.lt\/en\/produktas\/baterija-tattu-r-line-version-5-0-1480mah-22-2v-150c-6s-xt60\/","title":{"rendered":"Battery Tattu R-Line Version 5.0 1480mAh 22.2V 6S 150C LiPo\u2013 XT60"},"content":{"rendered":"<p data-start=\"1909\" data-end=\"1925\">Designed to perfectly balance weight and capacity, this battery is a mid-range option between the 1400mAh and 1550mAh models. This allows pilots to fly long distances with minimal voltage drop and maneuver in tight spaces without feeling the added weight. It is the best choice for professional racers!<\/p>\n<p data-start=\"1909\" data-end=\"1925\"><strong>Features:<\/strong><\/p>\n<p data-start=\"1909\" data-end=\"1925\">\u2022 Balanced capacity to weight ratio \u2013 ideal for both long and technical FPV courses;<br \/>\n\u2022 150C discharge rate ensures continuous power supply without voltage drop;<br \/>\n\u2022 First use of Al Boehmite technology, which improves battery performance and durability.<\/p>\n<p data-start=\"1909\" data-end=\"1925\"><strong>Specification:<\/strong><\/p>\n<p data-start=\"1909\" data-end=\"1925\">\u2022 Capacity: 1480mAh;<br \/>\n\u2022 Voltage: 22.2V \/ 6S;<br \/>\n\u2022 Discharge rate: 150C;<br \/>\n\u2022 Weight (\u00b110g): 237g;<br \/>\n\u2022 Size: 76 x 39 x 44mm.<\/p>\n<p><strong>Tattu R-Line Version 5.0 1480mAh Lipo battery usage:<\/strong><\/p>\n<p>\u2022 Suitable for 5-inch and larger FPV racing drones that require 6S voltage support and high discharge power.<\/p>\n<p data-start=\"1909\" data-end=\"1925\"><strong>Package:<\/strong><\/p>\n<p>1x Tattu R-Line Version 5.0 1480mAh battery.<\/p>\n<p><span style=\"color: #ed1c24;\"><strong>Important:<\/strong><\/span><\/p>\n<p><span style=\"color: #ed1c24;\"><em>* Do not overcharge or leave batteries discharged for long periods of time;<\/em><\/span><br \/>\n<span style=\"color: #ed1c24;\"><em>* Do not store batteries near high temperatures;<\/em><\/span><br \/>\n<span style=\"color: #ed1c24;\"><em>* Do not throw batteries into fire;<br \/>\n* Do not throw batteries into water.<\/em><\/span><\/p>","protected":false},"excerpt":{"rendered":"<p><span style=\"color: #000000;\">Al Boehmite technology has been used for the first time, which improves battery performance and durability.<\/span><\/p>\n<p><span style=\"color: #000000;\"><strong><img loading=\"lazy\" decoding=\"async\" class=\"alignnone wp-image-1806\" src=\"https:\/\/1dronas.lt\/wp-content\/uploads\/2021\/05\/delivery-icon.png.webp\" alt=\"\" width=\"24\" height=\"24\" srcset=\"https:\/\/1dronas.lt\/wp-content\/uploads\/2021\/05\/delivery-icon.png 35w, https:\/\/1dronas.lt\/wp-content\/uploads\/2021\/05\/delivery-icon-12x12.png 12w\" sizes=\"auto, (max-width: 24px) 100vw, 24px\" \/>\u00a0\u00a0\u00a01 \u2013 2 days<\/strong><\/span><\/p>","protected":false},"featured_media":10607,"comment_status":"open","ping_status":"closed","template":"","meta":[],"product_brand":[706],"product_cat":[741],"product_tag":[721,99,239,980,716,707],"class_list":{"0":"post-10605","1":"product","2":"type-product","3":"status-publish","4":"has-post-thumbnail","6":"product_brand-tattu","7":"product_cat-6s-lipo-akumuliatoriai","8":"product_tag-1480mah","9":"product_tag-6s","10":"product_tag-baterija","11":"product_tag-black-friday","12":"product_tag-r-line","13":"product_tag-tattu","15":"first","16":"instock","17":"taxable","18":"shipping-taxable","19":"purchasable","20":"product-type-simple"},"yoast_head":"<!-- This site is optimized with the Yoast SEO plugin v27.5 - https:\/\/yoast.com\/product\/yoast-seo-wordpress\/ -->\n<title>Akumuliatorius Tattu R-Line Version 5.0 1480mAh 22.2V 6S 150C LiPo\u2013 XT60 - 1dronas.lt<\/title>\n<meta name=\"robots\" content=\"index, follow, max-snippet:-1, max-image-preview:large, max-video-preview:-1\" \/>\n<link rel=\"canonical\" href=\"https:\/\/1dronas.lt\/en\/produktas\/baterija-tattu-r-line-version-5-0-1480mah-22-2v-150c-6s-xt60\/\" \/>\n<meta property=\"og:locale\" content=\"en_US\" \/>\n<meta property=\"og:type\" content=\"article\" \/>\n<meta property=\"og:title\" content=\"Akumuliatorius Tattu R-Line Version 5.0 1480mAh 22.2V 6S 150C LiPo\u2013 XT60 - 1dronas.lt\" \/>\n<meta property=\"og:description\" content=\"Pirm\u0105 kart\u0105 panaudota \u201eAl Boehmite\u201c technologija, kuri pagerina baterijos na\u0161um\u0105 ir ilgaam\u017ei\u0161kum\u0105.  \u00a0\u00a0\u00a01 \u2013 2 d. d.\" \/>\n<meta property=\"og:url\" content=\"https:\/\/1dronas.lt\/en\/produktas\/baterija-tattu-r-line-version-5-0-1480mah-22-2v-150c-6s-xt60\/\" \/>\n<meta property=\"og:site_name\" content=\"1dronas.lt\" \/>\n<meta property=\"article:publisher\" content=\"https:\/\/www.facebook.com\/1dronas\/\" \/>\n<meta property=\"article:modified_time\" content=\"2026-03-30T19:30:30+00:00\" \/>\n<meta property=\"og:image\" content=\"https:\/\/1dronas.lt\/wp-content\/uploads\/2025\/07\/Tattu_R-Line_Version_5.0_1480mAh_22.2V_150C_6S_Lipo_Battery_Pack_with_XT60_Plug_for_fpv_drone-min.jpg\" \/>\n\t<meta property=\"og:image:width\" content=\"900\" \/>\n\t<meta property=\"og:image:height\" content=\"900\" \/>\n\t<meta property=\"og:image:type\" content=\"image\/jpeg\" \/>\n<meta name=\"twitter:card\" content=\"summary_large_image\" \/>\n<meta name=\"twitter:label1\" content=\"Est. reading time\" \/>\n\t<meta name=\"twitter:data1\" content=\"2 minutes\" \/>\n<script type=\"application\/ld+json\" class=\"yoast-schema-graph\">{\"@context\":\"https:\\\/\\\/schema.org\",\"@graph\":[{\"@type\":\"WebPage\",\"@id\":\"https:\\\/\\\/1dronas.lt\\\/en\\\/produktas\\\/baterija-tattu-r-line-version-5-0-1480mah-22-2v-150c-6s-xt60\\\/\",\"url\":\"https:\\\/\\\/1dronas.lt\\\/en\\\/produktas\\\/baterija-tattu-r-line-version-5-0-1480mah-22-2v-150c-6s-xt60\\\/\",\"name\":\"Akumuliatorius Tattu R-Line Version 5.0 1480mAh 22.2V 6S 150C LiPo\u2013 XT60 - 1dronas.lt\",\"isPartOf\":{\"@id\":\"https:\\\/\\\/1dronas.lt\\\/en\\\/#website\"},\"primaryImageOfPage\":{\"@id\":\"https:\\\/\\\/1dronas.lt\\\/en\\\/produktas\\\/baterija-tattu-r-line-version-5-0-1480mah-22-2v-150c-6s-xt60\\\/#primaryimage\"},\"image\":{\"@id\":\"https:\\\/\\\/1dronas.lt\\\/en\\\/produktas\\\/baterija-tattu-r-line-version-5-0-1480mah-22-2v-150c-6s-xt60\\\/#primaryimage\"},\"thumbnailUrl\":\"https:\\\/\\\/1dronas.lt\\\/wp-content\\\/uploads\\\/2025\\\/07\\\/Tattu_R-Line_Version_5.0_1480mAh_22.2V_150C_6S_Lipo_Battery_Pack_with_XT60_Plug_for_fpv_drone-min.jpg\",\"datePublished\":\"2025-07-30T19:14:16+00:00\",\"dateModified\":\"2026-03-30T19:30:30+00:00\",\"breadcrumb\":{\"@id\":\"https:\\\/\\\/1dronas.lt\\\/en\\\/produktas\\\/baterija-tattu-r-line-version-5-0-1480mah-22-2v-150c-6s-xt60\\\/#breadcrumb\"},\"inLanguage\":\"en-US\",\"potentialAction\":[{\"@type\":\"ReadAction\",\"target\":[\"https:\\\/\\\/1dronas.lt\\\/en\\\/produktas\\\/baterija-tattu-r-line-version-5-0-1480mah-22-2v-150c-6s-xt60\\\/\"]}]},{\"@type\":\"ImageObject\",\"inLanguage\":\"en-US\",\"@id\":\"https:\\\/\\\/1dronas.lt\\\/en\\\/produktas\\\/baterija-tattu-r-line-version-5-0-1480mah-22-2v-150c-6s-xt60\\\/#primaryimage\",\"url\":\"https:\\\/\\\/1dronas.lt\\\/wp-content\\\/uploads\\\/2025\\\/07\\\/Tattu_R-Line_Version_5.0_1480mAh_22.2V_150C_6S_Lipo_Battery_Pack_with_XT60_Plug_for_fpv_drone-min.jpg\",\"contentUrl\":\"https:\\\/\\\/1dronas.lt\\\/wp-content\\\/uploads\\\/2025\\\/07\\\/Tattu_R-Line_Version_5.0_1480mAh_22.2V_150C_6S_Lipo_Battery_Pack_with_XT60_Plug_for_fpv_drone-min.jpg\",\"width\":900,\"height\":900},{\"@type\":\"BreadcrumbList\",\"@id\":\"https:\\\/\\\/1dronas.lt\\\/en\\\/produktas\\\/baterija-tattu-r-line-version-5-0-1480mah-22-2v-150c-6s-xt60\\\/#breadcrumb\",\"itemListElement\":[{\"@type\":\"ListItem\",\"position\":1,\"name\":\"Home\",\"item\":\"https:\\\/\\\/1dronas.lt\\\/\"},{\"@type\":\"ListItem\",\"position\":2,\"name\":\"Parduotuv\u0117\",\"item\":\"https:\\\/\\\/1dronas.lt\\\/parduotuve\\\/\"},{\"@type\":\"ListItem\",\"position\":3,\"name\":\"Akumuliatorius Tattu R-Line Version 5.0 1480mAh 22.2V 6S 150C LiPo\u2013 XT60\"}]},{\"@type\":\"WebSite\",\"@id\":\"https:\\\/\\\/1dronas.lt\\\/en\\\/#website\",\"url\":\"https:\\\/\\\/1dronas.lt\\\/en\\\/\",\"name\":\"1dronas.lt\",\"description\":\"Internetin\u0117 parduotuv\u0117\",\"publisher\":{\"@id\":\"https:\\\/\\\/1dronas.lt\\\/en\\\/#organization\"},\"potentialAction\":[{\"@type\":\"SearchAction\",\"target\":{\"@type\":\"EntryPoint\",\"urlTemplate\":\"https:\\\/\\\/1dronas.lt\\\/en\\\/?s={search_term_string}\"},\"query-input\":{\"@type\":\"PropertyValueSpecification\",\"valueRequired\":true,\"valueName\":\"search_term_string\"}}],\"inLanguage\":\"en-US\"},{\"@type\":\"Organization\",\"@id\":\"https:\\\/\\\/1dronas.lt\\\/en\\\/#organization\",\"name\":\"1dronas.lt\",\"url\":\"https:\\\/\\\/1dronas.lt\\\/en\\\/\",\"logo\":{\"@type\":\"ImageObject\",\"inLanguage\":\"en-US\",\"@id\":\"https:\\\/\\\/1dronas.lt\\\/en\\\/#\\\/schema\\\/logo\\\/image\\\/\",\"url\":\"https:\\\/\\\/1dronas.lt\\\/wp-content\\\/uploads\\\/2020\\\/12\\\/Ekrano_kopija__2_-removebg-preview-1-1.png\",\"contentUrl\":\"https:\\\/\\\/1dronas.lt\\\/wp-content\\\/uploads\\\/2020\\\/12\\\/Ekrano_kopija__2_-removebg-preview-1-1.png\",\"width\":234,\"height\":81,\"caption\":\"1dronas.lt\"},\"image\":{\"@id\":\"https:\\\/\\\/1dronas.lt\\\/en\\\/#\\\/schema\\\/logo\\\/image\\\/\"},\"sameAs\":[\"https:\\\/\\\/www.facebook.com\\\/1dronas\\\/\"]}]}<\/script>\n<!-- \/ Yoast SEO plugin. -->","yoast_head_json":{"title":"Akumuliatorius Tattu R-Line Version 5.0 1480mAh 22.2V 6S 150C LiPo\u2013 XT60 - 1dronas.lt","robots":{"index":"index","follow":"follow","max-snippet":"max-snippet:-1","max-image-preview":"max-image-preview:large","max-video-preview":"max-video-preview:-1"},"canonical":"https:\/\/1dronas.lt\/en\/produktas\/baterija-tattu-r-line-version-5-0-1480mah-22-2v-150c-6s-xt60\/","og_locale":"en_US","og_type":"article","og_title":"Akumuliatorius Tattu R-Line Version 5.0 1480mAh 22.2V 6S 150C LiPo\u2013 XT60 - 1dronas.lt","og_description":"Pirm\u0105 kart\u0105 panaudota \u201eAl Boehmite\u201c technologija, kuri pagerina baterijos na\u0161um\u0105 ir ilgaam\u017ei\u0161kum\u0105.  \u00a0\u00a0\u00a01 \u2013 2 d. d.","og_url":"https:\/\/1dronas.lt\/en\/produktas\/baterija-tattu-r-line-version-5-0-1480mah-22-2v-150c-6s-xt60\/","og_site_name":"1dronas.lt","article_publisher":"https:\/\/www.facebook.com\/1dronas\/","article_modified_time":"2026-03-30T19:30:30+00:00","og_image":[{"width":900,"height":900,"url":"https:\/\/1dronas.lt\/wp-content\/uploads\/2025\/07\/Tattu_R-Line_Version_5.0_1480mAh_22.2V_150C_6S_Lipo_Battery_Pack_with_XT60_Plug_for_fpv_drone-min.jpg","type":"image\/jpeg"}],"twitter_card":"summary_large_image","twitter_misc":{"Est. reading time":"2 minutes"},"schema":{"@context":"https:\/\/schema.org","@graph":[{"@type":"WebPage","@id":"https:\/\/1dronas.lt\/en\/produktas\/baterija-tattu-r-line-version-5-0-1480mah-22-2v-150c-6s-xt60\/","url":"https:\/\/1dronas.lt\/en\/produktas\/baterija-tattu-r-line-version-5-0-1480mah-22-2v-150c-6s-xt60\/","name":"Akumuliatorius Tattu R-Line Version 5.0 1480mAh 22.2V 6S 150C LiPo\u2013 XT60 - 1dronas.lt","isPartOf":{"@id":"https:\/\/1dronas.lt\/en\/#website"},"primaryImageOfPage":{"@id":"https:\/\/1dronas.lt\/en\/produktas\/baterija-tattu-r-line-version-5-0-1480mah-22-2v-150c-6s-xt60\/#primaryimage"},"image":{"@id":"https:\/\/1dronas.lt\/en\/produktas\/baterija-tattu-r-line-version-5-0-1480mah-22-2v-150c-6s-xt60\/#primaryimage"},"thumbnailUrl":"https:\/\/1dronas.lt\/wp-content\/uploads\/2025\/07\/Tattu_R-Line_Version_5.0_1480mAh_22.2V_150C_6S_Lipo_Battery_Pack_with_XT60_Plug_for_fpv_drone-min.jpg","datePublished":"2025-07-30T19:14:16+00:00","dateModified":"2026-03-30T19:30:30+00:00","breadcrumb":{"@id":"https:\/\/1dronas.lt\/en\/produktas\/baterija-tattu-r-line-version-5-0-1480mah-22-2v-150c-6s-xt60\/#breadcrumb"},"inLanguage":"en-US","potentialAction":[{"@type":"ReadAction","target":["https:\/\/1dronas.lt\/en\/produktas\/baterija-tattu-r-line-version-5-0-1480mah-22-2v-150c-6s-xt60\/"]}]},{"@type":"ImageObject","inLanguage":"en-US","@id":"https:\/\/1dronas.lt\/en\/produktas\/baterija-tattu-r-line-version-5-0-1480mah-22-2v-150c-6s-xt60\/#primaryimage","url":"https:\/\/1dronas.lt\/wp-content\/uploads\/2025\/07\/Tattu_R-Line_Version_5.0_1480mAh_22.2V_150C_6S_Lipo_Battery_Pack_with_XT60_Plug_for_fpv_drone-min.jpg","contentUrl":"https:\/\/1dronas.lt\/wp-content\/uploads\/2025\/07\/Tattu_R-Line_Version_5.0_1480mAh_22.2V_150C_6S_Lipo_Battery_Pack_with_XT60_Plug_for_fpv_drone-min.jpg","width":900,"height":900},{"@type":"BreadcrumbList","@id":"https:\/\/1dronas.lt\/en\/produktas\/baterija-tattu-r-line-version-5-0-1480mah-22-2v-150c-6s-xt60\/#breadcrumb","itemListElement":[{"@type":"ListItem","position":1,"name":"Home","item":"https:\/\/1dronas.lt\/"},{"@type":"ListItem","position":2,"name":"Parduotuv\u0117","item":"https:\/\/1dronas.lt\/parduotuve\/"},{"@type":"ListItem","position":3,"name":"Akumuliatorius Tattu R-Line Version 5.0 1480mAh 22.2V 6S 150C LiPo\u2013 XT60"}]},{"@type":"WebSite","@id":"https:\/\/1dronas.lt\/en\/#website","url":"https:\/\/1dronas.lt\/en\/","name":"1dronas.lt","description":"Online store","publisher":{"@id":"https:\/\/1dronas.lt\/en\/#organization"},"potentialAction":[{"@type":"SearchAction","target":{"@type":"EntryPoint","urlTemplate":"https:\/\/1dronas.lt\/en\/?s={search_term_string}"},"query-input":{"@type":"PropertyValueSpecification","valueRequired":true,"valueName":"search_term_string"}}],"inLanguage":"en-US"},{"@type":"Organization","@id":"https:\/\/1dronas.lt\/en\/#organization","name":"1dronas.lt","url":"https:\/\/1dronas.lt\/en\/","logo":{"@type":"ImageObject","inLanguage":"en-US","@id":"https:\/\/1dronas.lt\/en\/#\/schema\/logo\/image\/","url":"https:\/\/1dronas.lt\/wp-content\/uploads\/2020\/12\/Ekrano_kopija__2_-removebg-preview-1-1.png","contentUrl":"https:\/\/1dronas.lt\/wp-content\/uploads\/2020\/12\/Ekrano_kopija__2_-removebg-preview-1-1.png","width":234,"height":81,"caption":"1dronas.lt"},"image":{"@id":"https:\/\/1dronas.lt\/en\/#\/schema\/logo\/image\/"},"sameAs":["https:\/\/www.facebook.com\/1dronas\/"]}]}},"jetpack_sharing_enabled":true,"_links":{"self":[{"href":"https:\/\/1dronas.lt\/en\/wp-json\/wp\/v2\/product\/10605","targetHints":{"allow":["GET"]}}],"collection":[{"href":"https:\/\/1dronas.lt\/en\/wp-json\/wp\/v2\/product"}],"about":[{"href":"https:\/\/1dronas.lt\/en\/wp-json\/wp\/v2\/types\/product"}],"replies":[{"embeddable":true,"href":"https:\/\/1dronas.lt\/en\/wp-json\/wp\/v2\/comments?post=10605"}],"wp:featuredmedia":[{"embeddable":true,"href":"https:\/\/1dronas.lt\/en\/wp-json\/wp\/v2\/media\/10607"}],"wp:attachment":[{"href":"https:\/\/1dronas.lt\/en\/wp-json\/wp\/v2\/media?parent=10605"}],"wp:term":[{"taxonomy":"product_brand","embeddable":true,"href":"https:\/\/1dronas.lt\/en\/wp-json\/wp\/v2\/product_brand?post=10605"},{"taxonomy":"product_cat","embeddable":true,"href":"https:\/\/1dronas.lt\/en\/wp-json\/wp\/v2\/product_cat?post=10605"},{"taxonomy":"product_tag","embeddable":true,"href":"https:\/\/1dronas.lt\/en\/wp-json\/wp\/v2\/product_tag?post=10605"}],"curies":[{"name":"wp","href":"https:\/\/api.w.org\/{rel}","templated":true}]}}