{"id":10585,"date":"2025-07-30T18:33:22","date_gmt":"2025-07-30T18:33:22","guid":{"rendered":"https:\/\/1dronas.lt\/?post_type=product&#038;p=10585"},"modified":"2026-03-18T11:15:46","modified_gmt":"2026-03-18T09:15:46","slug":"baterija-tattu-r-line-500mah-1s-3-7v-95c-ph2-0","status":"publish","type":"product","link":"https:\/\/1dronas.lt\/en\/produktas\/baterija-tattu-r-line-500mah-1s-3-7v-95c-ph2-0\/","title":{"rendered":"Battery Tattu R-Line 500mAh 1S 3.7V 95C \u2013 PH2.0 (1pc)"},"content":{"rendered":"<p data-start=\"1909\" data-end=\"1925\">Tattu R-Line 500mAh 3.7V 95C 1S1P is a high discharge FPV racing battery. The 95C discharge rate ensures sufficient power even under heavy load. It is extremely compact and lightweight, making it perfect for most FPV multirotors ranging in size from 100 to 180 mm.<\/p>\n<p data-start=\"1909\" data-end=\"1925\"><strong>Features:<\/strong><\/p>\n<p data-start=\"1909\" data-end=\"1925\">\u2022 Exclusive cell layering technology allows for a single cell capacity of 500mAh;<br \/>\n\u2022 High discharge efficiency and high energy density;<br \/>\n\u2022 The highest quality lithium polymer raw materials from Japan and South Korea are used.<\/p>\n<p data-start=\"1909\" data-end=\"1925\"><strong>Specification:<\/strong><\/p>\n<p data-start=\"1909\" data-end=\"1925\">\u2022 Capacity: 500mAh;<br \/>\n\u2022 Voltage: 3.7V \/ 1S1P;<br \/>\n\u2022 Discharge rate: 95C;<br \/>\n\u2022 Weight (\u00b110g): 15g;<br \/>\n\u2022 Size: 60 x 19 x 9mm.<\/p>\n<p><strong>Tattu R-Line 500mAh 1S Lipo battery usage:<\/strong><\/p>\n<p>\u2022 Suitable for 100mm - 180mm FPV drones.<\/p>\n<p data-start=\"1909\" data-end=\"1925\"><strong>Package:<\/strong><\/p>\n<p>1x Tattu R-Line 500mAh 1S battery.<\/p>\n<p><span style=\"color: #ed1c24;\"><strong>Important:<\/strong><\/span><\/p>\n<p><span style=\"color: #ed1c24;\"><em>* Do not overcharge or leave batteries discharged for long periods of time;<\/em><\/span><br \/>\n<span style=\"color: #ed1c24;\"><em>* Do not store batteries near high temperatures;<\/em><\/span><br \/>\n<span style=\"color: #ed1c24;\"><em>* Do not throw batteries into fire;<br \/>\n* Do not throw batteries into water.<\/em><\/span><\/p>","protected":false},"excerpt":{"rendered":"<p><span style=\"color: #000000;\">The Tattu R-Line 500mAh 1S 95C discharge rate ensures sufficient power even under heavy load.<\/span><\/p>\n<p><span style=\"color: #000000;\"><strong><img loading=\"lazy\" decoding=\"async\" class=\"alignnone wp-image-1806\" src=\"https:\/\/1dronas.lt\/wp-content\/uploads\/2021\/05\/delivery-icon.png.webp\" alt=\"\" width=\"24\" height=\"24\" srcset=\"https:\/\/1dronas.lt\/wp-content\/uploads\/2021\/05\/delivery-icon.png 35w, https:\/\/1dronas.lt\/wp-content\/uploads\/2021\/05\/delivery-icon-12x12.png 12w\" sizes=\"auto, (max-width: 24px) 100vw, 24px\" \/>\u00a0\u00a0\u00a01 \u2013 2 days<\/strong><\/span><\/p>","protected":false},"featured_media":10590,"comment_status":"open","ping_status":"closed","template":"","meta":[],"product_brand":[706],"product_cat":[737],"product_tag":[95,719,720,239,980,716,707],"class_list":{"0":"post-10585","1":"product","2":"type-product","3":"status-publish","4":"has-post-thumbnail","6":"product_brand-tattu","7":"product_cat-1s-lipo-akumuliatoriai","8":"product_tag-1s","9":"product_tag-500mah","10":"product_tag-95c","11":"product_tag-baterija","12":"product_tag-black-friday","13":"product_tag-r-line","14":"product_tag-tattu","16":"first","17":"instock","18":"taxable","19":"shipping-taxable","20":"purchasable","21":"product-type-simple"},"yoast_head":"<!-- This site is optimized with the Yoast SEO plugin v27.3 - https:\/\/yoast.com\/product\/yoast-seo-wordpress\/ -->\n<title>Akumuliatorius Tattu R-Line 500mAh 1S 3.7V 95C \u2013 PH2.0 (1vnt) - 1dronas.lt<\/title>\n<meta name=\"robots\" content=\"index, follow, max-snippet:-1, max-image-preview:large, max-video-preview:-1\" \/>\n<link rel=\"canonical\" href=\"https:\/\/1dronas.lt\/en\/produktas\/baterija-tattu-r-line-500mah-1s-3-7v-95c-ph2-0\/\" \/>\n<meta property=\"og:locale\" content=\"en_US\" \/>\n<meta property=\"og:type\" content=\"article\" \/>\n<meta property=\"og:title\" content=\"Akumuliatorius Tattu R-Line 500mAh 1S 3.7V 95C \u2013 PH2.0 (1vnt) - 1dronas.lt\" \/>\n<meta property=\"og:description\" content=\"Tattu R-Line 500mAh 1S 95C i\u0161krovos greitis u\u017etikrina pakankam\u0105 gali\u0105 net esant didelei apkrovai.  \u00a0\u00a0\u00a01 \u2013 2 d. d.\" \/>\n<meta property=\"og:url\" content=\"https:\/\/1dronas.lt\/en\/produktas\/baterija-tattu-r-line-500mah-1s-3-7v-95c-ph2-0\/\" \/>\n<meta property=\"og:site_name\" content=\"1dronas.lt\" \/>\n<meta property=\"article:publisher\" content=\"https:\/\/www.facebook.com\/1dronas\/\" \/>\n<meta property=\"article:modified_time\" content=\"2026-03-18T09:15:46+00:00\" \/>\n<meta property=\"og:image\" content=\"https:\/\/1dronas.lt\/wp-content\/uploads\/2025\/07\/Tattu_R-Line_500mAh_1S_3.7V_95C_Lipo_Battery_with_PH2.0-min.jpg\" \/>\n\t<meta property=\"og:image:width\" content=\"900\" \/>\n\t<meta property=\"og:image:height\" content=\"900\" \/>\n\t<meta property=\"og:image:type\" content=\"image\/jpeg\" \/>\n<meta name=\"twitter:card\" content=\"summary_large_image\" \/>\n<meta name=\"twitter:label1\" content=\"Est. reading time\" \/>\n\t<meta name=\"twitter:data1\" content=\"1 minute\" \/>\n<script type=\"application\/ld+json\" class=\"yoast-schema-graph\">{\"@context\":\"https:\\\/\\\/schema.org\",\"@graph\":[{\"@type\":\"WebPage\",\"@id\":\"https:\\\/\\\/1dronas.lt\\\/en\\\/produktas\\\/baterija-tattu-r-line-500mah-1s-3-7v-95c-ph2-0\\\/\",\"url\":\"https:\\\/\\\/1dronas.lt\\\/en\\\/produktas\\\/baterija-tattu-r-line-500mah-1s-3-7v-95c-ph2-0\\\/\",\"name\":\"Akumuliatorius Tattu R-Line 500mAh 1S 3.7V 95C \u2013 PH2.0 (1vnt) - 1dronas.lt\",\"isPartOf\":{\"@id\":\"https:\\\/\\\/1dronas.lt\\\/en\\\/#website\"},\"primaryImageOfPage\":{\"@id\":\"https:\\\/\\\/1dronas.lt\\\/en\\\/produktas\\\/baterija-tattu-r-line-500mah-1s-3-7v-95c-ph2-0\\\/#primaryimage\"},\"image\":{\"@id\":\"https:\\\/\\\/1dronas.lt\\\/en\\\/produktas\\\/baterija-tattu-r-line-500mah-1s-3-7v-95c-ph2-0\\\/#primaryimage\"},\"thumbnailUrl\":\"https:\\\/\\\/1dronas.lt\\\/wp-content\\\/uploads\\\/2025\\\/07\\\/Tattu_R-Line_500mAh_1S_3.7V_95C_Lipo_Battery_with_PH2.0-min.jpg\",\"datePublished\":\"2025-07-30T18:33:22+00:00\",\"dateModified\":\"2026-03-18T09:15:46+00:00\",\"breadcrumb\":{\"@id\":\"https:\\\/\\\/1dronas.lt\\\/en\\\/produktas\\\/baterija-tattu-r-line-500mah-1s-3-7v-95c-ph2-0\\\/#breadcrumb\"},\"inLanguage\":\"en-US\",\"potentialAction\":[{\"@type\":\"ReadAction\",\"target\":[\"https:\\\/\\\/1dronas.lt\\\/en\\\/produktas\\\/baterija-tattu-r-line-500mah-1s-3-7v-95c-ph2-0\\\/\"]}]},{\"@type\":\"ImageObject\",\"inLanguage\":\"en-US\",\"@id\":\"https:\\\/\\\/1dronas.lt\\\/en\\\/produktas\\\/baterija-tattu-r-line-500mah-1s-3-7v-95c-ph2-0\\\/#primaryimage\",\"url\":\"https:\\\/\\\/1dronas.lt\\\/wp-content\\\/uploads\\\/2025\\\/07\\\/Tattu_R-Line_500mAh_1S_3.7V_95C_Lipo_Battery_with_PH2.0-min.jpg\",\"contentUrl\":\"https:\\\/\\\/1dronas.lt\\\/wp-content\\\/uploads\\\/2025\\\/07\\\/Tattu_R-Line_500mAh_1S_3.7V_95C_Lipo_Battery_with_PH2.0-min.jpg\",\"width\":900,\"height\":900},{\"@type\":\"BreadcrumbList\",\"@id\":\"https:\\\/\\\/1dronas.lt\\\/en\\\/produktas\\\/baterija-tattu-r-line-500mah-1s-3-7v-95c-ph2-0\\\/#breadcrumb\",\"itemListElement\":[{\"@type\":\"ListItem\",\"position\":1,\"name\":\"Home\",\"item\":\"https:\\\/\\\/1dronas.lt\\\/\"},{\"@type\":\"ListItem\",\"position\":2,\"name\":\"Parduotuv\u0117\",\"item\":\"https:\\\/\\\/1dronas.lt\\\/parduotuve\\\/\"},{\"@type\":\"ListItem\",\"position\":3,\"name\":\"Akumuliatorius Tattu R-Line 500mAh 1S 3.7V 95C \u2013 PH2.0 (1vnt)\"}]},{\"@type\":\"WebSite\",\"@id\":\"https:\\\/\\\/1dronas.lt\\\/en\\\/#website\",\"url\":\"https:\\\/\\\/1dronas.lt\\\/en\\\/\",\"name\":\"1dronas.lt\",\"description\":\"Internetin\u0117 parduotuv\u0117\",\"publisher\":{\"@id\":\"https:\\\/\\\/1dronas.lt\\\/en\\\/#organization\"},\"potentialAction\":[{\"@type\":\"SearchAction\",\"target\":{\"@type\":\"EntryPoint\",\"urlTemplate\":\"https:\\\/\\\/1dronas.lt\\\/en\\\/?s={search_term_string}\"},\"query-input\":{\"@type\":\"PropertyValueSpecification\",\"valueRequired\":true,\"valueName\":\"search_term_string\"}}],\"inLanguage\":\"en-US\"},{\"@type\":\"Organization\",\"@id\":\"https:\\\/\\\/1dronas.lt\\\/en\\\/#organization\",\"name\":\"1dronas.lt\",\"url\":\"https:\\\/\\\/1dronas.lt\\\/en\\\/\",\"logo\":{\"@type\":\"ImageObject\",\"inLanguage\":\"en-US\",\"@id\":\"https:\\\/\\\/1dronas.lt\\\/en\\\/#\\\/schema\\\/logo\\\/image\\\/\",\"url\":\"https:\\\/\\\/1dronas.lt\\\/wp-content\\\/uploads\\\/2020\\\/12\\\/Ekrano_kopija__2_-removebg-preview-1-1.png\",\"contentUrl\":\"https:\\\/\\\/1dronas.lt\\\/wp-content\\\/uploads\\\/2020\\\/12\\\/Ekrano_kopija__2_-removebg-preview-1-1.png\",\"width\":234,\"height\":81,\"caption\":\"1dronas.lt\"},\"image\":{\"@id\":\"https:\\\/\\\/1dronas.lt\\\/en\\\/#\\\/schema\\\/logo\\\/image\\\/\"},\"sameAs\":[\"https:\\\/\\\/www.facebook.com\\\/1dronas\\\/\"]}]}<\/script>\n<!-- \/ Yoast SEO plugin. -->","yoast_head_json":{"title":"Akumuliatorius Tattu R-Line 500mAh 1S 3.7V 95C \u2013 PH2.0 (1vnt) - 1dronas.lt","robots":{"index":"index","follow":"follow","max-snippet":"max-snippet:-1","max-image-preview":"max-image-preview:large","max-video-preview":"max-video-preview:-1"},"canonical":"https:\/\/1dronas.lt\/en\/produktas\/baterija-tattu-r-line-500mah-1s-3-7v-95c-ph2-0\/","og_locale":"en_US","og_type":"article","og_title":"Akumuliatorius Tattu R-Line 500mAh 1S 3.7V 95C \u2013 PH2.0 (1vnt) - 1dronas.lt","og_description":"Tattu R-Line 500mAh 1S 95C i\u0161krovos greitis u\u017etikrina pakankam\u0105 gali\u0105 net esant didelei apkrovai.  \u00a0\u00a0\u00a01 \u2013 2 d. d.","og_url":"https:\/\/1dronas.lt\/en\/produktas\/baterija-tattu-r-line-500mah-1s-3-7v-95c-ph2-0\/","og_site_name":"1dronas.lt","article_publisher":"https:\/\/www.facebook.com\/1dronas\/","article_modified_time":"2026-03-18T09:15:46+00:00","og_image":[{"width":900,"height":900,"url":"https:\/\/1dronas.lt\/wp-content\/uploads\/2025\/07\/Tattu_R-Line_500mAh_1S_3.7V_95C_Lipo_Battery_with_PH2.0-min.jpg","type":"image\/jpeg"}],"twitter_card":"summary_large_image","twitter_misc":{"Est. reading time":"1 minute"},"schema":{"@context":"https:\/\/schema.org","@graph":[{"@type":"WebPage","@id":"https:\/\/1dronas.lt\/en\/produktas\/baterija-tattu-r-line-500mah-1s-3-7v-95c-ph2-0\/","url":"https:\/\/1dronas.lt\/en\/produktas\/baterija-tattu-r-line-500mah-1s-3-7v-95c-ph2-0\/","name":"Akumuliatorius Tattu R-Line 500mAh 1S 3.7V 95C \u2013 PH2.0 (1vnt) - 1dronas.lt","isPartOf":{"@id":"https:\/\/1dronas.lt\/en\/#website"},"primaryImageOfPage":{"@id":"https:\/\/1dronas.lt\/en\/produktas\/baterija-tattu-r-line-500mah-1s-3-7v-95c-ph2-0\/#primaryimage"},"image":{"@id":"https:\/\/1dronas.lt\/en\/produktas\/baterija-tattu-r-line-500mah-1s-3-7v-95c-ph2-0\/#primaryimage"},"thumbnailUrl":"https:\/\/1dronas.lt\/wp-content\/uploads\/2025\/07\/Tattu_R-Line_500mAh_1S_3.7V_95C_Lipo_Battery_with_PH2.0-min.jpg","datePublished":"2025-07-30T18:33:22+00:00","dateModified":"2026-03-18T09:15:46+00:00","breadcrumb":{"@id":"https:\/\/1dronas.lt\/en\/produktas\/baterija-tattu-r-line-500mah-1s-3-7v-95c-ph2-0\/#breadcrumb"},"inLanguage":"en-US","potentialAction":[{"@type":"ReadAction","target":["https:\/\/1dronas.lt\/en\/produktas\/baterija-tattu-r-line-500mah-1s-3-7v-95c-ph2-0\/"]}]},{"@type":"ImageObject","inLanguage":"en-US","@id":"https:\/\/1dronas.lt\/en\/produktas\/baterija-tattu-r-line-500mah-1s-3-7v-95c-ph2-0\/#primaryimage","url":"https:\/\/1dronas.lt\/wp-content\/uploads\/2025\/07\/Tattu_R-Line_500mAh_1S_3.7V_95C_Lipo_Battery_with_PH2.0-min.jpg","contentUrl":"https:\/\/1dronas.lt\/wp-content\/uploads\/2025\/07\/Tattu_R-Line_500mAh_1S_3.7V_95C_Lipo_Battery_with_PH2.0-min.jpg","width":900,"height":900},{"@type":"BreadcrumbList","@id":"https:\/\/1dronas.lt\/en\/produktas\/baterija-tattu-r-line-500mah-1s-3-7v-95c-ph2-0\/#breadcrumb","itemListElement":[{"@type":"ListItem","position":1,"name":"Home","item":"https:\/\/1dronas.lt\/"},{"@type":"ListItem","position":2,"name":"Parduotuv\u0117","item":"https:\/\/1dronas.lt\/parduotuve\/"},{"@type":"ListItem","position":3,"name":"Akumuliatorius Tattu R-Line 500mAh 1S 3.7V 95C \u2013 PH2.0 (1vnt)"}]},{"@type":"WebSite","@id":"https:\/\/1dronas.lt\/en\/#website","url":"https:\/\/1dronas.lt\/en\/","name":"1dronas.lt","description":"Online store","publisher":{"@id":"https:\/\/1dronas.lt\/en\/#organization"},"potentialAction":[{"@type":"SearchAction","target":{"@type":"EntryPoint","urlTemplate":"https:\/\/1dronas.lt\/en\/?s={search_term_string}"},"query-input":{"@type":"PropertyValueSpecification","valueRequired":true,"valueName":"search_term_string"}}],"inLanguage":"en-US"},{"@type":"Organization","@id":"https:\/\/1dronas.lt\/en\/#organization","name":"1dronas.lt","url":"https:\/\/1dronas.lt\/en\/","logo":{"@type":"ImageObject","inLanguage":"en-US","@id":"https:\/\/1dronas.lt\/en\/#\/schema\/logo\/image\/","url":"https:\/\/1dronas.lt\/wp-content\/uploads\/2020\/12\/Ekrano_kopija__2_-removebg-preview-1-1.png","contentUrl":"https:\/\/1dronas.lt\/wp-content\/uploads\/2020\/12\/Ekrano_kopija__2_-removebg-preview-1-1.png","width":234,"height":81,"caption":"1dronas.lt"},"image":{"@id":"https:\/\/1dronas.lt\/en\/#\/schema\/logo\/image\/"},"sameAs":["https:\/\/www.facebook.com\/1dronas\/"]}]}},"jetpack_sharing_enabled":true,"_links":{"self":[{"href":"https:\/\/1dronas.lt\/en\/wp-json\/wp\/v2\/product\/10585","targetHints":{"allow":["GET"]}}],"collection":[{"href":"https:\/\/1dronas.lt\/en\/wp-json\/wp\/v2\/product"}],"about":[{"href":"https:\/\/1dronas.lt\/en\/wp-json\/wp\/v2\/types\/product"}],"replies":[{"embeddable":true,"href":"https:\/\/1dronas.lt\/en\/wp-json\/wp\/v2\/comments?post=10585"}],"wp:featuredmedia":[{"embeddable":true,"href":"https:\/\/1dronas.lt\/en\/wp-json\/wp\/v2\/media\/10590"}],"wp:attachment":[{"href":"https:\/\/1dronas.lt\/en\/wp-json\/wp\/v2\/media?parent=10585"}],"wp:term":[{"taxonomy":"product_brand","embeddable":true,"href":"https:\/\/1dronas.lt\/en\/wp-json\/wp\/v2\/product_brand?post=10585"},{"taxonomy":"product_cat","embeddable":true,"href":"https:\/\/1dronas.lt\/en\/wp-json\/wp\/v2\/product_cat?post=10585"},{"taxonomy":"product_tag","embeddable":true,"href":"https:\/\/1dronas.lt\/en\/wp-json\/wp\/v2\/product_tag?post=10585"}],"curies":[{"name":"wp","href":"https:\/\/api.w.org\/{rel}","templated":true}]}}