{"id":10577,"date":"2025-07-30T18:16:57","date_gmt":"2025-07-30T18:16:57","guid":{"rendered":"https:\/\/1dronas.lt\/?post_type=product&#038;p=10577"},"modified":"2025-12-17T10:41:46","modified_gmt":"2025-12-17T08:41:46","slug":"tattu-450mah-3-8v-75c-1s1p-hv-bt-2-0-5vnt","status":"publish","type":"product","link":"https:\/\/1dronas.lt\/en\/produktas\/tattu-450mah-3-8v-75c-1s1p-hv-bt-2-0-5vnt\/","title":{"rendered":"Battery Tattu 450mAh 3.8V 75C 1S1P HV \u2013 BT2.0 (5VNT)"},"content":{"rendered":"<p data-start=\"1909\" data-end=\"1925\">Tattu 450mAh 3.8V 75C 1S1P LiPo battery is designed for FPV micro drones. This battery features a 75C discharge rate, providing sufficient power and a strong burst of energy, making indoor racing even more fun. Tattu miniature battery is made of the highest quality materials used in the LiPo industry, and is characterized by stability, safety and power.<\/p>\n<p data-start=\"1909\" data-end=\"1925\"><strong>Features:<\/strong><\/p>\n<p data-start=\"1909\" data-end=\"1925\">\u2022 Extremely light and compact \u2013 ideal for microdrones (Tinywhoop type);<br \/>\n\u2022 75C discharge rate provides a sudden burst of power for indoor racing;<br \/>\n\u2022 Made of high quality materials, ensuring stable, safe and reliable operation.<\/p>\n<p data-start=\"1909\" data-end=\"1925\"><strong>Specification:<\/strong><\/p>\n<p data-start=\"1909\" data-end=\"1925\">\u2022 Capacity: 450mAh;<br \/>\n\u2022 Voltage: 3.8V \/ 1S1P;<br \/>\n\u2022 Discharge rate: 75C;<br \/>\n\u2022 Weight (\u00b110g): 12g\/1pc;<br \/>\n\u2022 Size: 61 x 15 x 7.5mm.<\/p>\n<p><strong>TTattu 450mAh 3.8V 75C 1S1P Lipo Battery Usage:<\/strong><\/p>\n<p>\u2022 Suitable for use with 1S whoop type drones.<\/p>\n<p data-start=\"1909\" data-end=\"1925\"><strong>Package:<\/strong><\/p>\n<p>5x Tattu 450mAh 3.8V 75C 1S1P HV.<\/p>\n<p><span style=\"color: #ed1c24;\"><strong>Important:<\/strong><\/span><\/p>\n<p><span style=\"color: #ed1c24;\"><em>* Do not overcharge or leave batteries discharged for long periods of time;<\/em><\/span><br \/>\n<span style=\"color: #ed1c24;\"><em>* Do not store batteries near high temperatures;<\/em><\/span><br \/>\n<span style=\"color: #ed1c24;\"><em>* Do not throw batteries into fire;<br \/>\n* Do not throw batteries into water.<\/em><\/span><\/p>","protected":false},"excerpt":{"rendered":"<p><span style=\"color: #000000;\">This battery features a 75C discharge rate, providing ample power and a strong burst of energy, making indoor racing even more fun.<\/span><\/p>\n<p><span style=\"color: #000000;\"><strong><img loading=\"lazy\" decoding=\"async\" class=\"alignnone wp-image-1806\" src=\"https:\/\/1dronas.lt\/wp-content\/uploads\/2021\/05\/delivery-icon.png.webp\" alt=\"\" width=\"24\" height=\"24\" srcset=\"https:\/\/1dronas.lt\/wp-content\/uploads\/2021\/05\/delivery-icon.png 35w, https:\/\/1dronas.lt\/wp-content\/uploads\/2021\/05\/delivery-icon-12x12.png 12w\" sizes=\"auto, (max-width: 24px) 100vw, 24px\" \/>\u00a0\u00a0\u00a01 \u2013 2 days<\/strong><\/span><\/p>","protected":false},"featured_media":10584,"comment_status":"open","ping_status":"closed","template":"","meta":[],"product_brand":[706],"product_cat":[737],"product_tag":[95,718,356,509,239,980,707],"class_list":{"0":"post-10577","1":"product","2":"type-product","3":"status-publish","4":"has-post-thumbnail","6":"product_brand-tattu","7":"product_cat-1s-lipo-akumuliatoriai","8":"product_tag-1s","9":"product_tag-3-8v","10":"product_tag-450mah","11":"product_tag-75c","12":"product_tag-baterija","13":"product_tag-black-friday","14":"product_tag-tattu","16":"first","17":"instock","18":"taxable","19":"shipping-taxable","20":"purchasable","21":"product-type-simple"},"yoast_head":"<!-- This site is optimized with the Yoast SEO plugin v27.4 - https:\/\/yoast.com\/product\/yoast-seo-wordpress\/ -->\n<title>Akumuliatorius Tattu 450mAh 3.8V 75C 1S1P HV \u2013 BT2.0 (5VNT) - 1dronas.lt<\/title>\n<meta name=\"robots\" content=\"index, follow, max-snippet:-1, max-image-preview:large, max-video-preview:-1\" \/>\n<link rel=\"canonical\" href=\"https:\/\/1dronas.lt\/en\/produktas\/tattu-450mah-3-8v-75c-1s1p-hv-bt-2-0-5vnt\/\" \/>\n<meta property=\"og:locale\" content=\"en_US\" \/>\n<meta property=\"og:type\" content=\"article\" \/>\n<meta property=\"og:title\" content=\"Akumuliatorius Tattu 450mAh 3.8V 75C 1S1P HV \u2013 BT2.0 (5VNT) - 1dronas.lt\" \/>\n<meta property=\"og:description\" content=\"\u0160i baterija pasi\u017eymi 75C i\u0161krovos grei\u010diu, u\u017etikrina pakankam\u0105 gali\u0105 ir stipr\u0173 energijos pli\u016bpsn\u012f, tod\u0117l vidaus lenktyn\u0117s tampa dar smagesn\u0117s.  \u00a0\u00a0\u00a01 \u2013 2 d. d.\" \/>\n<meta property=\"og:url\" content=\"https:\/\/1dronas.lt\/en\/produktas\/tattu-450mah-3-8v-75c-1s1p-hv-bt-2-0-5vnt\/\" \/>\n<meta property=\"og:site_name\" content=\"1dronas.lt\" \/>\n<meta property=\"article:publisher\" content=\"https:\/\/www.facebook.com\/1dronas\/\" \/>\n<meta property=\"article:modified_time\" content=\"2025-12-17T08:41:46+00:00\" \/>\n<meta property=\"og:image\" content=\"https:\/\/1dronas.lt\/wp-content\/uploads\/2025\/07\/TAA4501S75BT2_8__98674_800x-min.jpg\" \/>\n\t<meta property=\"og:image:width\" content=\"800\" \/>\n\t<meta property=\"og:image:height\" content=\"800\" \/>\n\t<meta property=\"og:image:type\" content=\"image\/jpeg\" \/>\n<meta name=\"twitter:card\" content=\"summary_large_image\" \/>\n<meta name=\"twitter:label1\" content=\"Est. reading time\" \/>\n\t<meta name=\"twitter:data1\" content=\"2 minutes\" \/>\n<script type=\"application\/ld+json\" class=\"yoast-schema-graph\">{\"@context\":\"https:\\\/\\\/schema.org\",\"@graph\":[{\"@type\":\"WebPage\",\"@id\":\"https:\\\/\\\/1dronas.lt\\\/en\\\/produktas\\\/tattu-450mah-3-8v-75c-1s1p-hv-bt-2-0-5vnt\\\/\",\"url\":\"https:\\\/\\\/1dronas.lt\\\/en\\\/produktas\\\/tattu-450mah-3-8v-75c-1s1p-hv-bt-2-0-5vnt\\\/\",\"name\":\"Akumuliatorius Tattu 450mAh 3.8V 75C 1S1P HV \u2013 BT2.0 (5VNT) - 1dronas.lt\",\"isPartOf\":{\"@id\":\"https:\\\/\\\/1dronas.lt\\\/en\\\/#website\"},\"primaryImageOfPage\":{\"@id\":\"https:\\\/\\\/1dronas.lt\\\/en\\\/produktas\\\/tattu-450mah-3-8v-75c-1s1p-hv-bt-2-0-5vnt\\\/#primaryimage\"},\"image\":{\"@id\":\"https:\\\/\\\/1dronas.lt\\\/en\\\/produktas\\\/tattu-450mah-3-8v-75c-1s1p-hv-bt-2-0-5vnt\\\/#primaryimage\"},\"thumbnailUrl\":\"https:\\\/\\\/1dronas.lt\\\/wp-content\\\/uploads\\\/2025\\\/07\\\/TAA4501S75BT2_8__98674_800x-min.jpg\",\"datePublished\":\"2025-07-30T18:16:57+00:00\",\"dateModified\":\"2025-12-17T08:41:46+00:00\",\"breadcrumb\":{\"@id\":\"https:\\\/\\\/1dronas.lt\\\/en\\\/produktas\\\/tattu-450mah-3-8v-75c-1s1p-hv-bt-2-0-5vnt\\\/#breadcrumb\"},\"inLanguage\":\"en-US\",\"potentialAction\":[{\"@type\":\"ReadAction\",\"target\":[\"https:\\\/\\\/1dronas.lt\\\/en\\\/produktas\\\/tattu-450mah-3-8v-75c-1s1p-hv-bt-2-0-5vnt\\\/\"]}]},{\"@type\":\"ImageObject\",\"inLanguage\":\"en-US\",\"@id\":\"https:\\\/\\\/1dronas.lt\\\/en\\\/produktas\\\/tattu-450mah-3-8v-75c-1s1p-hv-bt-2-0-5vnt\\\/#primaryimage\",\"url\":\"https:\\\/\\\/1dronas.lt\\\/wp-content\\\/uploads\\\/2025\\\/07\\\/TAA4501S75BT2_8__98674_800x-min.jpg\",\"contentUrl\":\"https:\\\/\\\/1dronas.lt\\\/wp-content\\\/uploads\\\/2025\\\/07\\\/TAA4501S75BT2_8__98674_800x-min.jpg\",\"width\":800,\"height\":800},{\"@type\":\"BreadcrumbList\",\"@id\":\"https:\\\/\\\/1dronas.lt\\\/en\\\/produktas\\\/tattu-450mah-3-8v-75c-1s1p-hv-bt-2-0-5vnt\\\/#breadcrumb\",\"itemListElement\":[{\"@type\":\"ListItem\",\"position\":1,\"name\":\"Home\",\"item\":\"https:\\\/\\\/1dronas.lt\\\/\"},{\"@type\":\"ListItem\",\"position\":2,\"name\":\"Parduotuv\u0117\",\"item\":\"https:\\\/\\\/1dronas.lt\\\/parduotuve\\\/\"},{\"@type\":\"ListItem\",\"position\":3,\"name\":\"Akumuliatorius Tattu 450mAh 3.8V 75C 1S1P HV \u2013 BT2.0 (5VNT)\"}]},{\"@type\":\"WebSite\",\"@id\":\"https:\\\/\\\/1dronas.lt\\\/en\\\/#website\",\"url\":\"https:\\\/\\\/1dronas.lt\\\/en\\\/\",\"name\":\"1dronas.lt\",\"description\":\"Internetin\u0117 parduotuv\u0117\",\"publisher\":{\"@id\":\"https:\\\/\\\/1dronas.lt\\\/en\\\/#organization\"},\"potentialAction\":[{\"@type\":\"SearchAction\",\"target\":{\"@type\":\"EntryPoint\",\"urlTemplate\":\"https:\\\/\\\/1dronas.lt\\\/en\\\/?s={search_term_string}\"},\"query-input\":{\"@type\":\"PropertyValueSpecification\",\"valueRequired\":true,\"valueName\":\"search_term_string\"}}],\"inLanguage\":\"en-US\"},{\"@type\":\"Organization\",\"@id\":\"https:\\\/\\\/1dronas.lt\\\/en\\\/#organization\",\"name\":\"1dronas.lt\",\"url\":\"https:\\\/\\\/1dronas.lt\\\/en\\\/\",\"logo\":{\"@type\":\"ImageObject\",\"inLanguage\":\"en-US\",\"@id\":\"https:\\\/\\\/1dronas.lt\\\/en\\\/#\\\/schema\\\/logo\\\/image\\\/\",\"url\":\"https:\\\/\\\/1dronas.lt\\\/wp-content\\\/uploads\\\/2020\\\/12\\\/Ekrano_kopija__2_-removebg-preview-1-1.png\",\"contentUrl\":\"https:\\\/\\\/1dronas.lt\\\/wp-content\\\/uploads\\\/2020\\\/12\\\/Ekrano_kopija__2_-removebg-preview-1-1.png\",\"width\":234,\"height\":81,\"caption\":\"1dronas.lt\"},\"image\":{\"@id\":\"https:\\\/\\\/1dronas.lt\\\/en\\\/#\\\/schema\\\/logo\\\/image\\\/\"},\"sameAs\":[\"https:\\\/\\\/www.facebook.com\\\/1dronas\\\/\"]}]}<\/script>\n<!-- \/ Yoast SEO plugin. -->","yoast_head_json":{"title":"Akumuliatorius Tattu 450mAh 3.8V 75C 1S1P HV \u2013 BT2.0 (5VNT) - 1dronas.lt","robots":{"index":"index","follow":"follow","max-snippet":"max-snippet:-1","max-image-preview":"max-image-preview:large","max-video-preview":"max-video-preview:-1"},"canonical":"https:\/\/1dronas.lt\/en\/produktas\/tattu-450mah-3-8v-75c-1s1p-hv-bt-2-0-5vnt\/","og_locale":"en_US","og_type":"article","og_title":"Akumuliatorius Tattu 450mAh 3.8V 75C 1S1P HV \u2013 BT2.0 (5VNT) - 1dronas.lt","og_description":"\u0160i baterija pasi\u017eymi 75C i\u0161krovos grei\u010diu, u\u017etikrina pakankam\u0105 gali\u0105 ir stipr\u0173 energijos pli\u016bpsn\u012f, tod\u0117l vidaus lenktyn\u0117s tampa dar smagesn\u0117s.  \u00a0\u00a0\u00a01 \u2013 2 d. d.","og_url":"https:\/\/1dronas.lt\/en\/produktas\/tattu-450mah-3-8v-75c-1s1p-hv-bt-2-0-5vnt\/","og_site_name":"1dronas.lt","article_publisher":"https:\/\/www.facebook.com\/1dronas\/","article_modified_time":"2025-12-17T08:41:46+00:00","og_image":[{"width":800,"height":800,"url":"https:\/\/1dronas.lt\/wp-content\/uploads\/2025\/07\/TAA4501S75BT2_8__98674_800x-min.jpg","type":"image\/jpeg"}],"twitter_card":"summary_large_image","twitter_misc":{"Est. reading time":"2 minutes"},"schema":{"@context":"https:\/\/schema.org","@graph":[{"@type":"WebPage","@id":"https:\/\/1dronas.lt\/en\/produktas\/tattu-450mah-3-8v-75c-1s1p-hv-bt-2-0-5vnt\/","url":"https:\/\/1dronas.lt\/en\/produktas\/tattu-450mah-3-8v-75c-1s1p-hv-bt-2-0-5vnt\/","name":"Akumuliatorius Tattu 450mAh 3.8V 75C 1S1P HV \u2013 BT2.0 (5VNT) - 1dronas.lt","isPartOf":{"@id":"https:\/\/1dronas.lt\/en\/#website"},"primaryImageOfPage":{"@id":"https:\/\/1dronas.lt\/en\/produktas\/tattu-450mah-3-8v-75c-1s1p-hv-bt-2-0-5vnt\/#primaryimage"},"image":{"@id":"https:\/\/1dronas.lt\/en\/produktas\/tattu-450mah-3-8v-75c-1s1p-hv-bt-2-0-5vnt\/#primaryimage"},"thumbnailUrl":"https:\/\/1dronas.lt\/wp-content\/uploads\/2025\/07\/TAA4501S75BT2_8__98674_800x-min.jpg","datePublished":"2025-07-30T18:16:57+00:00","dateModified":"2025-12-17T08:41:46+00:00","breadcrumb":{"@id":"https:\/\/1dronas.lt\/en\/produktas\/tattu-450mah-3-8v-75c-1s1p-hv-bt-2-0-5vnt\/#breadcrumb"},"inLanguage":"en-US","potentialAction":[{"@type":"ReadAction","target":["https:\/\/1dronas.lt\/en\/produktas\/tattu-450mah-3-8v-75c-1s1p-hv-bt-2-0-5vnt\/"]}]},{"@type":"ImageObject","inLanguage":"en-US","@id":"https:\/\/1dronas.lt\/en\/produktas\/tattu-450mah-3-8v-75c-1s1p-hv-bt-2-0-5vnt\/#primaryimage","url":"https:\/\/1dronas.lt\/wp-content\/uploads\/2025\/07\/TAA4501S75BT2_8__98674_800x-min.jpg","contentUrl":"https:\/\/1dronas.lt\/wp-content\/uploads\/2025\/07\/TAA4501S75BT2_8__98674_800x-min.jpg","width":800,"height":800},{"@type":"BreadcrumbList","@id":"https:\/\/1dronas.lt\/en\/produktas\/tattu-450mah-3-8v-75c-1s1p-hv-bt-2-0-5vnt\/#breadcrumb","itemListElement":[{"@type":"ListItem","position":1,"name":"Home","item":"https:\/\/1dronas.lt\/"},{"@type":"ListItem","position":2,"name":"Parduotuv\u0117","item":"https:\/\/1dronas.lt\/parduotuve\/"},{"@type":"ListItem","position":3,"name":"Akumuliatorius Tattu 450mAh 3.8V 75C 1S1P HV \u2013 BT2.0 (5VNT)"}]},{"@type":"WebSite","@id":"https:\/\/1dronas.lt\/en\/#website","url":"https:\/\/1dronas.lt\/en\/","name":"1dronas.lt","description":"Online store","publisher":{"@id":"https:\/\/1dronas.lt\/en\/#organization"},"potentialAction":[{"@type":"SearchAction","target":{"@type":"EntryPoint","urlTemplate":"https:\/\/1dronas.lt\/en\/?s={search_term_string}"},"query-input":{"@type":"PropertyValueSpecification","valueRequired":true,"valueName":"search_term_string"}}],"inLanguage":"en-US"},{"@type":"Organization","@id":"https:\/\/1dronas.lt\/en\/#organization","name":"1dronas.lt","url":"https:\/\/1dronas.lt\/en\/","logo":{"@type":"ImageObject","inLanguage":"en-US","@id":"https:\/\/1dronas.lt\/en\/#\/schema\/logo\/image\/","url":"https:\/\/1dronas.lt\/wp-content\/uploads\/2020\/12\/Ekrano_kopija__2_-removebg-preview-1-1.png","contentUrl":"https:\/\/1dronas.lt\/wp-content\/uploads\/2020\/12\/Ekrano_kopija__2_-removebg-preview-1-1.png","width":234,"height":81,"caption":"1dronas.lt"},"image":{"@id":"https:\/\/1dronas.lt\/en\/#\/schema\/logo\/image\/"},"sameAs":["https:\/\/www.facebook.com\/1dronas\/"]}]}},"jetpack_sharing_enabled":true,"_links":{"self":[{"href":"https:\/\/1dronas.lt\/en\/wp-json\/wp\/v2\/product\/10577","targetHints":{"allow":["GET"]}}],"collection":[{"href":"https:\/\/1dronas.lt\/en\/wp-json\/wp\/v2\/product"}],"about":[{"href":"https:\/\/1dronas.lt\/en\/wp-json\/wp\/v2\/types\/product"}],"replies":[{"embeddable":true,"href":"https:\/\/1dronas.lt\/en\/wp-json\/wp\/v2\/comments?post=10577"}],"wp:featuredmedia":[{"embeddable":true,"href":"https:\/\/1dronas.lt\/en\/wp-json\/wp\/v2\/media\/10584"}],"wp:attachment":[{"href":"https:\/\/1dronas.lt\/en\/wp-json\/wp\/v2\/media?parent=10577"}],"wp:term":[{"taxonomy":"product_brand","embeddable":true,"href":"https:\/\/1dronas.lt\/en\/wp-json\/wp\/v2\/product_brand?post=10577"},{"taxonomy":"product_cat","embeddable":true,"href":"https:\/\/1dronas.lt\/en\/wp-json\/wp\/v2\/product_cat?post=10577"},{"taxonomy":"product_tag","embeddable":true,"href":"https:\/\/1dronas.lt\/en\/wp-json\/wp\/v2\/product_tag?post=10577"}],"curies":[{"name":"wp","href":"https:\/\/api.w.org\/{rel}","templated":true}]}}