{"id":10564,"date":"2025-07-30T17:40:00","date_gmt":"2025-07-30T17:40:00","guid":{"rendered":"https:\/\/1dronas.lt\/?post_type=product&#038;p=10564"},"modified":"2025-12-11T11:21:00","modified_gmt":"2025-12-11T09:21:00","slug":"baterija-tattu-funfly-series-1300mah-11-1v-100c-3s1p-xt30","status":"publish","type":"product","link":"https:\/\/1dronas.lt\/en\/produktas\/baterija-tattu-funfly-series-1300mah-11-1v-100c-3s1p-xt30\/","title":{"rendered":"Battery Tattu Funfly Series 1300mAh 11.1V 100C 3S1P \u2013 XT60"},"content":{"rendered":"<p data-start=\"1909\" data-end=\"1925\">This battery is designed specifically for FPV drones that require high discharge power. The Tattu battery has an excellent power-to-weight balance, and the 100C discharge rate ensures fast and strong power delivery during flight.<\/p>\n<p data-start=\"1909\" data-end=\"1925\"><strong>Features:<\/strong><\/p>\n<p data-start=\"1909\" data-end=\"1925\">\u2022 Designed specifically for FPV drones and freestyle flights;<br \/>\n\u2022 Ensures fast energy delivery due to 100C discharge rate;<br \/>\n\u2022 Excellent power-to-weight ratio, suitable for intensive maneuvering;<br \/>\n\u2022 Quality and safety during flight are ensured.<\/p>\n<p data-start=\"1909\" data-end=\"1925\"><strong>Specification:<\/strong><\/p>\n<p data-start=\"1909\" data-end=\"1925\">\u2022 Capacity: 1300mAh;<br \/>\n\u2022 Voltage: 11.1V \/ 3S;<br \/>\n\u2022 Discharge rate: 100C;<br \/>\n\u2022 Weight (\u00b110g): 113g;<br \/>\n\u2022 Size: 74 x 35 x 23mm.<\/p>\n<p><strong>Tattu Funfly Series 1300mAh 11.1V 100C 3S1P Lipo Battery Usage:<\/strong><\/p>\n<p>\u2022 Suitable for FPV drones ranging from 150mm to 280mm.<\/p>\n<p data-start=\"1909\" data-end=\"1925\"><strong>Package:<\/strong><\/p>\n<p>1x Tattu Funfly Series 1300mAh 11.1V 100C 3S1P battery.<\/p>\n<p><span style=\"color: #ed1c24;\"><strong>Important:<\/strong><\/span><\/p>\n<p><span style=\"color: #ed1c24;\"><em>* Do not overcharge or leave batteries discharged for long periods of time;<\/em><\/span><br \/>\n<span style=\"color: #ed1c24;\"><em>* Do not store batteries near high temperatures;<\/em><\/span><br \/>\n<em><span style=\"color: #ed1c24;\">* Do not throw batteries into fire;<\/span><br \/>\n<span style=\"color: #ed1c24;\">* Do not throw batteries into water.<\/span><\/em><\/p>","protected":false},"excerpt":{"rendered":"<p><span style=\"color: #000000;\">This battery is designed specifically for FPV drones that require high discharge power. <\/span><\/p>\n<p><span style=\"color: #000000;\"><strong><img loading=\"lazy\" decoding=\"async\" class=\"alignnone wp-image-1806\" src=\"https:\/\/1dronas.lt\/wp-content\/uploads\/2021\/05\/delivery-icon.png.webp\" alt=\"\" width=\"24\" height=\"24\" srcset=\"https:\/\/1dronas.lt\/wp-content\/uploads\/2021\/05\/delivery-icon.png 35w, https:\/\/1dronas.lt\/wp-content\/uploads\/2021\/05\/delivery-icon-12x12.png 12w\" sizes=\"auto, (max-width: 24px) 100vw, 24px\" \/>\u00a0\u00a0\u00a01 \u2013 2 days<\/strong><\/span><\/p>","protected":false},"featured_media":10569,"comment_status":"open","ping_status":"closed","template":"","meta":[],"product_brand":[706],"product_cat":[739],"product_tag":[511,709,715,708,980,707],"class_list":{"0":"post-10564","1":"product","2":"type-product","3":"status-publish","4":"has-post-thumbnail","6":"product_brand-tattu","7":"product_cat-3s-lipo-akumuliatoriai","8":"product_tag-100c","9":"product_tag-11-1v","10":"product_tag-1300mah","11":"product_tag-3s","12":"product_tag-black-friday","13":"product_tag-tattu","15":"first","16":"instock","17":"taxable","18":"shipping-taxable","19":"purchasable","20":"product-type-simple"},"yoast_head":"<!-- This site is optimized with the Yoast SEO plugin v27.4 - https:\/\/yoast.com\/product\/yoast-seo-wordpress\/ -->\n<title>Akumuliatorius Tattu Funfly Series 1300mAh 11.1V 100C 3S1P \u2013 XT60 - 1dronas.lt<\/title>\n<meta name=\"robots\" content=\"index, follow, max-snippet:-1, max-image-preview:large, max-video-preview:-1\" \/>\n<link rel=\"canonical\" href=\"https:\/\/1dronas.lt\/en\/produktas\/baterija-tattu-funfly-series-1300mah-11-1v-100c-3s1p-xt30\/\" \/>\n<meta property=\"og:locale\" content=\"en_US\" \/>\n<meta property=\"og:type\" content=\"article\" \/>\n<meta property=\"og:title\" content=\"Akumuliatorius Tattu Funfly Series 1300mAh 11.1V 100C 3S1P \u2013 XT60 - 1dronas.lt\" \/>\n<meta property=\"og:description\" content=\"\u0160is akumuliatorius sukurtas specialiai FPV dronams, kuriems reikalinga didel\u0117 i\u0161krovos galia.   \u00a0\u00a0\u00a01 \u2013 2 d. d.\" \/>\n<meta property=\"og:url\" content=\"https:\/\/1dronas.lt\/en\/produktas\/baterija-tattu-funfly-series-1300mah-11-1v-100c-3s1p-xt30\/\" \/>\n<meta property=\"og:site_name\" content=\"1dronas.lt\" \/>\n<meta property=\"article:publisher\" content=\"https:\/\/www.facebook.com\/1dronas\/\" \/>\n<meta property=\"article:modified_time\" content=\"2025-12-11T09:21:00+00:00\" \/>\n<meta property=\"og:image\" content=\"https:\/\/1dronas.lt\/wp-content\/uploads\/2025\/07\/3_4ff8ccad-9a31-48b0-b4e6-7d7714ceeb8b-min.jpg\" \/>\n\t<meta property=\"og:image:width\" content=\"1214\" \/>\n\t<meta property=\"og:image:height\" content=\"1214\" \/>\n\t<meta property=\"og:image:type\" content=\"image\/jpeg\" \/>\n<meta name=\"twitter:card\" content=\"summary_large_image\" \/>\n<meta name=\"twitter:label1\" content=\"Est. reading time\" \/>\n\t<meta name=\"twitter:data1\" content=\"1 minute\" \/>\n<script type=\"application\/ld+json\" class=\"yoast-schema-graph\">{\"@context\":\"https:\\\/\\\/schema.org\",\"@graph\":[{\"@type\":\"WebPage\",\"@id\":\"https:\\\/\\\/1dronas.lt\\\/en\\\/produktas\\\/baterija-tattu-funfly-series-1300mah-11-1v-100c-3s1p-xt30\\\/\",\"url\":\"https:\\\/\\\/1dronas.lt\\\/en\\\/produktas\\\/baterija-tattu-funfly-series-1300mah-11-1v-100c-3s1p-xt30\\\/\",\"name\":\"Akumuliatorius Tattu Funfly Series 1300mAh 11.1V 100C 3S1P \u2013 XT60 - 1dronas.lt\",\"isPartOf\":{\"@id\":\"https:\\\/\\\/1dronas.lt\\\/en\\\/#website\"},\"primaryImageOfPage\":{\"@id\":\"https:\\\/\\\/1dronas.lt\\\/en\\\/produktas\\\/baterija-tattu-funfly-series-1300mah-11-1v-100c-3s1p-xt30\\\/#primaryimage\"},\"image\":{\"@id\":\"https:\\\/\\\/1dronas.lt\\\/en\\\/produktas\\\/baterija-tattu-funfly-series-1300mah-11-1v-100c-3s1p-xt30\\\/#primaryimage\"},\"thumbnailUrl\":\"https:\\\/\\\/1dronas.lt\\\/wp-content\\\/uploads\\\/2025\\\/07\\\/3_4ff8ccad-9a31-48b0-b4e6-7d7714ceeb8b-min.jpg\",\"datePublished\":\"2025-07-30T17:40:00+00:00\",\"dateModified\":\"2025-12-11T09:21:00+00:00\",\"breadcrumb\":{\"@id\":\"https:\\\/\\\/1dronas.lt\\\/en\\\/produktas\\\/baterija-tattu-funfly-series-1300mah-11-1v-100c-3s1p-xt30\\\/#breadcrumb\"},\"inLanguage\":\"en-US\",\"potentialAction\":[{\"@type\":\"ReadAction\",\"target\":[\"https:\\\/\\\/1dronas.lt\\\/en\\\/produktas\\\/baterija-tattu-funfly-series-1300mah-11-1v-100c-3s1p-xt30\\\/\"]}]},{\"@type\":\"ImageObject\",\"inLanguage\":\"en-US\",\"@id\":\"https:\\\/\\\/1dronas.lt\\\/en\\\/produktas\\\/baterija-tattu-funfly-series-1300mah-11-1v-100c-3s1p-xt30\\\/#primaryimage\",\"url\":\"https:\\\/\\\/1dronas.lt\\\/wp-content\\\/uploads\\\/2025\\\/07\\\/3_4ff8ccad-9a31-48b0-b4e6-7d7714ceeb8b-min.jpg\",\"contentUrl\":\"https:\\\/\\\/1dronas.lt\\\/wp-content\\\/uploads\\\/2025\\\/07\\\/3_4ff8ccad-9a31-48b0-b4e6-7d7714ceeb8b-min.jpg\",\"width\":1214,\"height\":1214},{\"@type\":\"BreadcrumbList\",\"@id\":\"https:\\\/\\\/1dronas.lt\\\/en\\\/produktas\\\/baterija-tattu-funfly-series-1300mah-11-1v-100c-3s1p-xt30\\\/#breadcrumb\",\"itemListElement\":[{\"@type\":\"ListItem\",\"position\":1,\"name\":\"Home\",\"item\":\"https:\\\/\\\/1dronas.lt\\\/\"},{\"@type\":\"ListItem\",\"position\":2,\"name\":\"Parduotuv\u0117\",\"item\":\"https:\\\/\\\/1dronas.lt\\\/parduotuve\\\/\"},{\"@type\":\"ListItem\",\"position\":3,\"name\":\"Akumuliatorius Tattu Funfly Series 1300mAh 11.1V 100C 3S1P \u2013 XT60\"}]},{\"@type\":\"WebSite\",\"@id\":\"https:\\\/\\\/1dronas.lt\\\/en\\\/#website\",\"url\":\"https:\\\/\\\/1dronas.lt\\\/en\\\/\",\"name\":\"1dronas.lt\",\"description\":\"Internetin\u0117 parduotuv\u0117\",\"publisher\":{\"@id\":\"https:\\\/\\\/1dronas.lt\\\/en\\\/#organization\"},\"potentialAction\":[{\"@type\":\"SearchAction\",\"target\":{\"@type\":\"EntryPoint\",\"urlTemplate\":\"https:\\\/\\\/1dronas.lt\\\/en\\\/?s={search_term_string}\"},\"query-input\":{\"@type\":\"PropertyValueSpecification\",\"valueRequired\":true,\"valueName\":\"search_term_string\"}}],\"inLanguage\":\"en-US\"},{\"@type\":\"Organization\",\"@id\":\"https:\\\/\\\/1dronas.lt\\\/en\\\/#organization\",\"name\":\"1dronas.lt\",\"url\":\"https:\\\/\\\/1dronas.lt\\\/en\\\/\",\"logo\":{\"@type\":\"ImageObject\",\"inLanguage\":\"en-US\",\"@id\":\"https:\\\/\\\/1dronas.lt\\\/en\\\/#\\\/schema\\\/logo\\\/image\\\/\",\"url\":\"https:\\\/\\\/1dronas.lt\\\/wp-content\\\/uploads\\\/2020\\\/12\\\/Ekrano_kopija__2_-removebg-preview-1-1.png\",\"contentUrl\":\"https:\\\/\\\/1dronas.lt\\\/wp-content\\\/uploads\\\/2020\\\/12\\\/Ekrano_kopija__2_-removebg-preview-1-1.png\",\"width\":234,\"height\":81,\"caption\":\"1dronas.lt\"},\"image\":{\"@id\":\"https:\\\/\\\/1dronas.lt\\\/en\\\/#\\\/schema\\\/logo\\\/image\\\/\"},\"sameAs\":[\"https:\\\/\\\/www.facebook.com\\\/1dronas\\\/\"]}]}<\/script>\n<!-- \/ Yoast SEO plugin. -->","yoast_head_json":{"title":"Akumuliatorius Tattu Funfly Series 1300mAh 11.1V 100C 3S1P \u2013 XT60 - 1dronas.lt","robots":{"index":"index","follow":"follow","max-snippet":"max-snippet:-1","max-image-preview":"max-image-preview:large","max-video-preview":"max-video-preview:-1"},"canonical":"https:\/\/1dronas.lt\/en\/produktas\/baterija-tattu-funfly-series-1300mah-11-1v-100c-3s1p-xt30\/","og_locale":"en_US","og_type":"article","og_title":"Akumuliatorius Tattu Funfly Series 1300mAh 11.1V 100C 3S1P \u2013 XT60 - 1dronas.lt","og_description":"\u0160is akumuliatorius sukurtas specialiai FPV dronams, kuriems reikalinga didel\u0117 i\u0161krovos galia.   \u00a0\u00a0\u00a01 \u2013 2 d. d.","og_url":"https:\/\/1dronas.lt\/en\/produktas\/baterija-tattu-funfly-series-1300mah-11-1v-100c-3s1p-xt30\/","og_site_name":"1dronas.lt","article_publisher":"https:\/\/www.facebook.com\/1dronas\/","article_modified_time":"2025-12-11T09:21:00+00:00","og_image":[{"width":1214,"height":1214,"url":"https:\/\/1dronas.lt\/wp-content\/uploads\/2025\/07\/3_4ff8ccad-9a31-48b0-b4e6-7d7714ceeb8b-min.jpg","type":"image\/jpeg"}],"twitter_card":"summary_large_image","twitter_misc":{"Est. reading time":"1 minute"},"schema":{"@context":"https:\/\/schema.org","@graph":[{"@type":"WebPage","@id":"https:\/\/1dronas.lt\/en\/produktas\/baterija-tattu-funfly-series-1300mah-11-1v-100c-3s1p-xt30\/","url":"https:\/\/1dronas.lt\/en\/produktas\/baterija-tattu-funfly-series-1300mah-11-1v-100c-3s1p-xt30\/","name":"Akumuliatorius Tattu Funfly Series 1300mAh 11.1V 100C 3S1P \u2013 XT60 - 1dronas.lt","isPartOf":{"@id":"https:\/\/1dronas.lt\/en\/#website"},"primaryImageOfPage":{"@id":"https:\/\/1dronas.lt\/en\/produktas\/baterija-tattu-funfly-series-1300mah-11-1v-100c-3s1p-xt30\/#primaryimage"},"image":{"@id":"https:\/\/1dronas.lt\/en\/produktas\/baterija-tattu-funfly-series-1300mah-11-1v-100c-3s1p-xt30\/#primaryimage"},"thumbnailUrl":"https:\/\/1dronas.lt\/wp-content\/uploads\/2025\/07\/3_4ff8ccad-9a31-48b0-b4e6-7d7714ceeb8b-min.jpg","datePublished":"2025-07-30T17:40:00+00:00","dateModified":"2025-12-11T09:21:00+00:00","breadcrumb":{"@id":"https:\/\/1dronas.lt\/en\/produktas\/baterija-tattu-funfly-series-1300mah-11-1v-100c-3s1p-xt30\/#breadcrumb"},"inLanguage":"en-US","potentialAction":[{"@type":"ReadAction","target":["https:\/\/1dronas.lt\/en\/produktas\/baterija-tattu-funfly-series-1300mah-11-1v-100c-3s1p-xt30\/"]}]},{"@type":"ImageObject","inLanguage":"en-US","@id":"https:\/\/1dronas.lt\/en\/produktas\/baterija-tattu-funfly-series-1300mah-11-1v-100c-3s1p-xt30\/#primaryimage","url":"https:\/\/1dronas.lt\/wp-content\/uploads\/2025\/07\/3_4ff8ccad-9a31-48b0-b4e6-7d7714ceeb8b-min.jpg","contentUrl":"https:\/\/1dronas.lt\/wp-content\/uploads\/2025\/07\/3_4ff8ccad-9a31-48b0-b4e6-7d7714ceeb8b-min.jpg","width":1214,"height":1214},{"@type":"BreadcrumbList","@id":"https:\/\/1dronas.lt\/en\/produktas\/baterija-tattu-funfly-series-1300mah-11-1v-100c-3s1p-xt30\/#breadcrumb","itemListElement":[{"@type":"ListItem","position":1,"name":"Home","item":"https:\/\/1dronas.lt\/"},{"@type":"ListItem","position":2,"name":"Parduotuv\u0117","item":"https:\/\/1dronas.lt\/parduotuve\/"},{"@type":"ListItem","position":3,"name":"Akumuliatorius Tattu Funfly Series 1300mAh 11.1V 100C 3S1P \u2013 XT60"}]},{"@type":"WebSite","@id":"https:\/\/1dronas.lt\/en\/#website","url":"https:\/\/1dronas.lt\/en\/","name":"1dronas.lt","description":"Online store","publisher":{"@id":"https:\/\/1dronas.lt\/en\/#organization"},"potentialAction":[{"@type":"SearchAction","target":{"@type":"EntryPoint","urlTemplate":"https:\/\/1dronas.lt\/en\/?s={search_term_string}"},"query-input":{"@type":"PropertyValueSpecification","valueRequired":true,"valueName":"search_term_string"}}],"inLanguage":"en-US"},{"@type":"Organization","@id":"https:\/\/1dronas.lt\/en\/#organization","name":"1dronas.lt","url":"https:\/\/1dronas.lt\/en\/","logo":{"@type":"ImageObject","inLanguage":"en-US","@id":"https:\/\/1dronas.lt\/en\/#\/schema\/logo\/image\/","url":"https:\/\/1dronas.lt\/wp-content\/uploads\/2020\/12\/Ekrano_kopija__2_-removebg-preview-1-1.png","contentUrl":"https:\/\/1dronas.lt\/wp-content\/uploads\/2020\/12\/Ekrano_kopija__2_-removebg-preview-1-1.png","width":234,"height":81,"caption":"1dronas.lt"},"image":{"@id":"https:\/\/1dronas.lt\/en\/#\/schema\/logo\/image\/"},"sameAs":["https:\/\/www.facebook.com\/1dronas\/"]}]}},"jetpack_sharing_enabled":true,"_links":{"self":[{"href":"https:\/\/1dronas.lt\/en\/wp-json\/wp\/v2\/product\/10564","targetHints":{"allow":["GET"]}}],"collection":[{"href":"https:\/\/1dronas.lt\/en\/wp-json\/wp\/v2\/product"}],"about":[{"href":"https:\/\/1dronas.lt\/en\/wp-json\/wp\/v2\/types\/product"}],"replies":[{"embeddable":true,"href":"https:\/\/1dronas.lt\/en\/wp-json\/wp\/v2\/comments?post=10564"}],"wp:featuredmedia":[{"embeddable":true,"href":"https:\/\/1dronas.lt\/en\/wp-json\/wp\/v2\/media\/10569"}],"wp:attachment":[{"href":"https:\/\/1dronas.lt\/en\/wp-json\/wp\/v2\/media?parent=10564"}],"wp:term":[{"taxonomy":"product_brand","embeddable":true,"href":"https:\/\/1dronas.lt\/en\/wp-json\/wp\/v2\/product_brand?post=10564"},{"taxonomy":"product_cat","embeddable":true,"href":"https:\/\/1dronas.lt\/en\/wp-json\/wp\/v2\/product_cat?post=10564"},{"taxonomy":"product_tag","embeddable":true,"href":"https:\/\/1dronas.lt\/en\/wp-json\/wp\/v2\/product_tag?post=10564"}],"curies":[{"name":"wp","href":"https:\/\/api.w.org\/{rel}","templated":true}]}}