{"id":10486,"date":"2025-07-24T21:19:50","date_gmt":"2025-07-24T21:19:50","guid":{"rendered":"https:\/\/1dronas.lt\/?post_type=product&#038;p=10486"},"modified":"2025-12-16T13:45:43","modified_gmt":"2025-12-16T11:45:43","slug":"betafpv-pavo20-pro-o4-brushless-whoop-quadcopter","status":"publish","type":"product","link":"https:\/\/1dronas.lt\/en\/produktas\/betafpv-pavo20-pro-o4-brushless-whoop-quadcopter\/","title":{"rendered":"BetaFPV Pavo20 Pro O4 Brushless Whoop Quadcopter"},"content":{"rendered":"<p data-start=\"0\" data-end=\"487\"><img loading=\"lazy\" decoding=\"async\" class=\"alignnone wp-image-10496 size-large\" src=\"https:\/\/1dronas.lt\/wp-content\/uploads\/2025\/07\/Pavo20_Pro_updated_with_O4_Pro_bracket-min-1024x576.jpg\" alt=\"\" width=\"1020\" height=\"574\" srcset=\"https:\/\/1dronas.lt\/wp-content\/uploads\/2025\/07\/Pavo20_Pro_updated_with_O4_Pro_bracket-min-1024x576.jpg 1024w, https:\/\/1dronas.lt\/wp-content\/uploads\/2025\/07\/Pavo20_Pro_updated_with_O4_Pro_bracket-min-300x169.jpg 300w, https:\/\/1dronas.lt\/wp-content\/uploads\/2025\/07\/Pavo20_Pro_updated_with_O4_Pro_bracket-min-768x432.jpg 768w, https:\/\/1dronas.lt\/wp-content\/uploads\/2025\/07\/Pavo20_Pro_updated_with_O4_Pro_bracket-min-1536x864.jpg 1536w, https:\/\/1dronas.lt\/wp-content\/uploads\/2025\/07\/Pavo20_Pro_updated_with_O4_Pro_bracket-min-18x10.jpg 18w, https:\/\/1dronas.lt\/wp-content\/uploads\/2025\/07\/Pavo20_Pro_updated_with_O4_Pro_bracket-min-510x287.jpg 510w, https:\/\/1dronas.lt\/wp-content\/uploads\/2025\/07\/Pavo20_Pro_updated_with_O4_Pro_bracket-min.jpg 1600w\" sizes=\"auto, (max-width: 1020px) 100vw, 1020px\" \/><\/p>\n<p data-start=\"0\" data-end=\"487\"><strong>Features:<\/strong><\/p>\n<p data-start=\"0\" data-end=\"487\"><b>\u2022 <\/b>Weighing less than 150g, this 2.2-inch pocket-sized cinewhoop drone is a great choice for DJI users looking to get started in FPV flying. It is now also compatible with the DJI O4 Air Unit Pro. The combination of LAVA 1104 | 7200KV brushless motors provides exceptional thrust, while the aerodynamic frame further enhances its efficiency 8-11 %, allowing the drone to perform dynamic, freestyle maneuvers;<br \/>\n<b>\u2022 <\/b>The drone uses a LAVA 3S 550mAh 75C battery, which allows it to fly for up to 6 minutes and 40 seconds. The injection-molded HD VTX mount, combined with Pavo series rubber shock absorbers, helps prevent image shake, so even during intense flight, it captures stable and smooth images. Dual mounting holes allow for the use of DJI O3 and O4 Pro cameras at a wide angle, and an improved antenna mount helps ensure reliable signal transmission;<br \/>\n<b>\u2022 <\/b>The flight controller is an ultra-lightweight F4 2-3S 20A AIO FC V1 (weighing just 5.92g) optimized for HD digital VTX systems. Its enhanced computing power and fast response are ideal for freestyle flights. The modular VTX mount system allows you to easily swap out DJI O3 and O4 Pro Air Unit mounts to suit your system. In addition, the unit is compatible with ND, UV and CPL filters (O3) as well as ND and UV filters (O4 Pro), ensuring optimal image quality in all lighting conditions.<\/p>\n<p data-start=\"0\" data-end=\"487\"><strong>Specification:<\/strong><\/p>\n<p data-start=\"0\" data-end=\"487\">\u2022 Model: Pavo20 Pro (O4 ELRS 2.4G);<br \/>\n\u2022 Wheelbase: 93.7 mm;<br \/>\n\u2022 Battery connector: XT30;<br \/>\n\u2022 Battery location: 20 mm wide, height \u2013 unlimited;<br \/>\n\u2022 Flight Controller (FC): F4 2-3S 20A AIO FC V1;<br \/>\n\u2022 Frame: Pavo20 Pro Brushless Frame;<br \/>\n\u2022 Motors: LAVA Series 1104 | 7200KV brushless motors;<br \/>\n\u2022 Propellers: Gemfan 2218 three-blade (1.5 mm shaft);<br \/>\n\u2022 Flight time: up to 6 min. 40 sec. (with LAVA 3S 550mAh battery);<br \/>\n\u2022 Camera filter mounting: vertical;<br \/>\n\u2022 Receiver versions: ELRS, SBUS;<br \/>\n\u2022 HD VTX mount: O4 Air Unit Pro mount;<br \/>\n\u2022 Recommended batteries:<br \/>\nLAVA 3S 450mAh 75C;<br \/>\nLAVA 3S 550mAh 75C;<br \/>\n3S 650mAh.<\/p>\n<p data-start=\"0\" data-end=\"487\">The Pavo20 Pro frame offers unmatched versatility, as it is compatible with the integrated VTX mount for DJI O3 Air Unit, Caddx Vista, RunCam Link and DJI O4 Air Unit Pro systems. The modular design allows for quick upgrades from O3 to O4 Pro by simply swapping the mount \u2013 no need to change the frame itself. The convenient mounting system includes an injection-molded HD VTX mount with a cast copper nut, allowing the entire frame to be assembled with just 8 half-threaded screws \u2013 eliminating tedious mounting adjustments and improving vibration damping.<\/p>\n<p data-start=\"0\" data-end=\"487\"><img loading=\"lazy\" decoding=\"async\" class=\"alignnone wp-image-10491 size-large\" src=\"https:\/\/1dronas.lt\/wp-content\/uploads\/2025\/07\/Pavo20_Pro_compatible_with_multiple_HD_VTX-min-1024x500.jpg\" alt=\"\" width=\"1020\" height=\"498\" srcset=\"https:\/\/1dronas.lt\/wp-content\/uploads\/2025\/07\/Pavo20_Pro_compatible_with_multiple_HD_VTX-min-1024x500.jpg 1024w, https:\/\/1dronas.lt\/wp-content\/uploads\/2025\/07\/Pavo20_Pro_compatible_with_multiple_HD_VTX-min-300x146.jpg 300w, https:\/\/1dronas.lt\/wp-content\/uploads\/2025\/07\/Pavo20_Pro_compatible_with_multiple_HD_VTX-min-768x375.jpg 768w, https:\/\/1dronas.lt\/wp-content\/uploads\/2025\/07\/Pavo20_Pro_compatible_with_multiple_HD_VTX-min-1536x750.jpg 1536w, https:\/\/1dronas.lt\/wp-content\/uploads\/2025\/07\/Pavo20_Pro_compatible_with_multiple_HD_VTX-min-18x9.jpg 18w, https:\/\/1dronas.lt\/wp-content\/uploads\/2025\/07\/Pavo20_Pro_compatible_with_multiple_HD_VTX-min-510x249.jpg 510w, https:\/\/1dronas.lt\/wp-content\/uploads\/2025\/07\/Pavo20_Pro_compatible_with_multiple_HD_VTX-min.jpg 1600w\" sizes=\"auto, (max-width: 1020px) 100vw, 1020px\" \/><\/p>\n<p data-start=\"0\" data-end=\"487\">The drone is equipped with a propulsion system specifically designed for freestyle flight. Together with Gemfan, advanced 2.2-inch, lower-angle Gemfan 2218 three-blade propellers were developed. Using the recommended LAVA Series 1104 | 7200KV brushless motors and LAVA 3S 550mAh 75C battery, the system ensures high RPM, maximum thrust. This creates a thrust-to-weight ratio of over 5:1, allowing you to experience faster and more maneuverable freestyle flights lasting up to 6 min. 40 sec.<\/p>\n<p data-start=\"0\" data-end=\"487\"><img loading=\"lazy\" decoding=\"async\" class=\"alignnone wp-image-10495 size-large\" src=\"https:\/\/1dronas.lt\/wp-content\/uploads\/2025\/07\/Pavo20_Pro_propulsion_system-min-1024x576.jpg\" alt=\"\" width=\"1020\" height=\"574\" srcset=\"https:\/\/1dronas.lt\/wp-content\/uploads\/2025\/07\/Pavo20_Pro_propulsion_system-min-1024x576.jpg 1024w, https:\/\/1dronas.lt\/wp-content\/uploads\/2025\/07\/Pavo20_Pro_propulsion_system-min-300x169.jpg 300w, https:\/\/1dronas.lt\/wp-content\/uploads\/2025\/07\/Pavo20_Pro_propulsion_system-min-768x432.jpg 768w, https:\/\/1dronas.lt\/wp-content\/uploads\/2025\/07\/Pavo20_Pro_propulsion_system-min-1536x864.jpg 1536w, https:\/\/1dronas.lt\/wp-content\/uploads\/2025\/07\/Pavo20_Pro_propulsion_system-min-18x10.jpg 18w, https:\/\/1dronas.lt\/wp-content\/uploads\/2025\/07\/Pavo20_Pro_propulsion_system-min-510x287.jpg 510w, https:\/\/1dronas.lt\/wp-content\/uploads\/2025\/07\/Pavo20_Pro_propulsion_system-min.jpg 1600w\" sizes=\"auto, (max-width: 1020px) 100vw, 1020px\" \/><\/p>\n<p data-start=\"0\" data-end=\"487\">The Pavo20 Pro frame is designed specifically for the Pavo20 Pro and now features expanded compatibility with the latest DJI O4 Air Unit Pro, seamlessly combining with the O4 Pro mount for greater stability and versatility. With a 93.7mm wheelbase and impact-resistant thickened PA12 plastic, this frame ensures durability and aerodynamic efficiency, providing 8-11 % more drag. Perfectly matched with a powerful 3S propulsion system, it generates unmatched power for freestyle and cinematic flights.<\/p>\n<p data-start=\"0\" data-end=\"487\"><img loading=\"lazy\" decoding=\"async\" class=\"alignnone wp-image-10488 size-full\" src=\"https:\/\/1dronas.lt\/wp-content\/uploads\/2025\/07\/FB_3e32abb2-ab66-4673-be19-86518f110baa_1024x1024-min.jpg\" alt=\"\" width=\"1024\" height=\"576\" srcset=\"https:\/\/1dronas.lt\/wp-content\/uploads\/2025\/07\/FB_3e32abb2-ab66-4673-be19-86518f110baa_1024x1024-min.jpg 1024w, https:\/\/1dronas.lt\/wp-content\/uploads\/2025\/07\/FB_3e32abb2-ab66-4673-be19-86518f110baa_1024x1024-min-300x169.jpg 300w, https:\/\/1dronas.lt\/wp-content\/uploads\/2025\/07\/FB_3e32abb2-ab66-4673-be19-86518f110baa_1024x1024-min-768x432.jpg 768w, https:\/\/1dronas.lt\/wp-content\/uploads\/2025\/07\/FB_3e32abb2-ab66-4673-be19-86518f110baa_1024x1024-min-18x10.jpg 18w, https:\/\/1dronas.lt\/wp-content\/uploads\/2025\/07\/FB_3e32abb2-ab66-4673-be19-86518f110baa_1024x1024-min-510x287.jpg 510w\" sizes=\"auto, (max-width: 1024px) 100vw, 1024px\" \/><\/p>\n<p data-start=\"0\" data-end=\"487\">Based on the proven O3 mount, the new O4 Pro mount introduces several important improvements: dual mounting holes optimize the camera&#039;s center of rotation, allowing for smooth angle adjustments from 0 to 40\u00b0 while maintaining stability. 30\u00b0 angled antenna mounts ensure maximum signal strength and allow for quick tool-free antenna changes. A redesigned, sleek profile provides unrestricted access to the ND filter, even in wide-angle shooting modes.<\/p>\n<p data-start=\"0\" data-end=\"487\"><img loading=\"lazy\" decoding=\"async\" class=\"alignnone wp-image-10490 size-large\" src=\"https:\/\/1dronas.lt\/wp-content\/uploads\/2025\/07\/O4_Air_Unit_Pro_Bracket_features-min-1024x507.jpg\" alt=\"\" width=\"1020\" height=\"505\" srcset=\"https:\/\/1dronas.lt\/wp-content\/uploads\/2025\/07\/O4_Air_Unit_Pro_Bracket_features-min-1024x507.jpg 1024w, https:\/\/1dronas.lt\/wp-content\/uploads\/2025\/07\/O4_Air_Unit_Pro_Bracket_features-min-300x149.jpg 300w, https:\/\/1dronas.lt\/wp-content\/uploads\/2025\/07\/O4_Air_Unit_Pro_Bracket_features-min-768x380.jpg 768w, https:\/\/1dronas.lt\/wp-content\/uploads\/2025\/07\/O4_Air_Unit_Pro_Bracket_features-min-1536x760.jpg 1536w, https:\/\/1dronas.lt\/wp-content\/uploads\/2025\/07\/O4_Air_Unit_Pro_Bracket_features-min-18x9.jpg 18w, https:\/\/1dronas.lt\/wp-content\/uploads\/2025\/07\/O4_Air_Unit_Pro_Bracket_features-min-510x252.jpg 510w, https:\/\/1dronas.lt\/wp-content\/uploads\/2025\/07\/O4_Air_Unit_Pro_Bracket_features-min.jpg 1600w\" sizes=\"auto, (max-width: 1020px) 100vw, 1020px\" \/><\/p>\n<p data-start=\"0\" data-end=\"487\">The F4 2-3S 20A AIO FC V1 features an ESC with a maximum current of 25A, ensuring stable flight controller operation even when the motor stalls. The included 9V 2A BEC power supply guarantees stable operation at low battery voltage. It also features a 6-pin PMU, allowing you to connect an HD VTX without soldering.<\/p>\n<p data-start=\"0\" data-end=\"487\"><img loading=\"lazy\" decoding=\"async\" class=\"alignnone wp-image-10489 size-full\" src=\"https:\/\/1dronas.lt\/wp-content\/uploads\/2025\/07\/FB_7553e3ab-1c51-49fc-a32b-f89a1b494347_1024x1024-min.jpg\" alt=\"\" width=\"1024\" height=\"576\" srcset=\"https:\/\/1dronas.lt\/wp-content\/uploads\/2025\/07\/FB_7553e3ab-1c51-49fc-a32b-f89a1b494347_1024x1024-min.jpg 1024w, https:\/\/1dronas.lt\/wp-content\/uploads\/2025\/07\/FB_7553e3ab-1c51-49fc-a32b-f89a1b494347_1024x1024-min-300x169.jpg 300w, https:\/\/1dronas.lt\/wp-content\/uploads\/2025\/07\/FB_7553e3ab-1c51-49fc-a32b-f89a1b494347_1024x1024-min-768x432.jpg 768w, https:\/\/1dronas.lt\/wp-content\/uploads\/2025\/07\/FB_7553e3ab-1c51-49fc-a32b-f89a1b494347_1024x1024-min-18x10.jpg 18w, https:\/\/1dronas.lt\/wp-content\/uploads\/2025\/07\/FB_7553e3ab-1c51-49fc-a32b-f89a1b494347_1024x1024-min-510x287.jpg 510w\" sizes=\"auto, (max-width: 1024px) 100vw, 1024px\" \/><\/p>\n<p data-start=\"0\" data-end=\"487\"><strong>Package:<\/strong><\/p>\n<p data-start=\"0\" data-end=\"487\">1x SH1.0 | 6-pin 100 mm long cable;<br data-start=\"88\" data-end=\"91\" \/>1x Pavo series COB LED strip accessory kit;<br data-start=\"139\" data-end=\"142\" \/>4x Gemfan 2218 three-blade propellers (1.5 mm mounting hole);<br data-start=\"199\" data-end=\"202\" \/>4x M2 nuts;<br data-start=\"216\" data-end=\"219\" \/>1x PCBA | Type-C adapter board;<br data-start=\"254\" data-end=\"257\" \/>1x 4-pin adapter cable;<br data-start=\"288\" data-end=\"291\" \/>1x O4 Air Unit Pro user manual.<\/p>\n<p data-start=\"0\" data-end=\"487\"><img loading=\"lazy\" decoding=\"async\" class=\"alignnone wp-image-10494 size-full\" src=\"https:\/\/1dronas.lt\/wp-content\/uploads\/2025\/07\/Pavo20_Pro_O4_Pro_Version_package_480x480-min.jpg\" alt=\"\" width=\"480\" height=\"480\" srcset=\"https:\/\/1dronas.lt\/wp-content\/uploads\/2025\/07\/Pavo20_Pro_O4_Pro_Version_package_480x480-min.jpg 480w, https:\/\/1dronas.lt\/wp-content\/uploads\/2025\/07\/Pavo20_Pro_O4_Pro_Version_package_480x480-min-300x300.jpg 300w, https:\/\/1dronas.lt\/wp-content\/uploads\/2025\/07\/Pavo20_Pro_O4_Pro_Version_package_480x480-min-150x150.jpg 150w, https:\/\/1dronas.lt\/wp-content\/uploads\/2025\/07\/Pavo20_Pro_O4_Pro_Version_package_480x480-min-12x12.jpg 12w, https:\/\/1dronas.lt\/wp-content\/uploads\/2025\/07\/Pavo20_Pro_O4_Pro_Version_package_480x480-min-247x247.jpg 247w, https:\/\/1dronas.lt\/wp-content\/uploads\/2025\/07\/Pavo20_Pro_O4_Pro_Version_package_480x480-min-100x100.jpg 100w\" sizes=\"auto, (max-width: 480px) 100vw, 480px\" \/><\/p>","protected":false},"excerpt":{"rendered":"<p><span style=\"color: #000000;\">Weighing less than 150g, this 2.2-inch pocket-size cinewhoop drone is a great choice for DJI users looking to get started with FPV flying.<\/span><\/p>\n<p><span style=\"color: #000000;\"><strong><img loading=\"lazy\" decoding=\"async\" class=\"alignnone wp-image-1806\" src=\"https:\/\/1dronas.lt\/wp-content\/uploads\/2021\/05\/delivery-icon.png\" alt=\"\" width=\"24\" height=\"24\" srcset=\"https:\/\/1dronas.lt\/wp-content\/uploads\/2021\/05\/delivery-icon.png 35w, https:\/\/1dronas.lt\/wp-content\/uploads\/2021\/05\/delivery-icon-12x12.png 12w\" sizes=\"auto, (max-width: 24px) 100vw, 24px\" \/><\/strong> \u00a0<strong>1 \u2013 2 days<\/strong><\/span><\/p>","protected":false},"featured_media":10493,"comment_status":"open","ping_status":"closed","template":"","meta":[],"product_brand":[489],"product_cat":[112],"product_tag":[549,704],"class_list":{"0":"post-10486","1":"product","2":"type-product","3":"status-publish","4":"has-post-thumbnail","6":"product_brand-betafpv","7":"product_cat-whoop","8":"product_tag-dji-o4","9":"product_tag-pavo-20-pro","11":"first","12":"outofstock","13":"taxable","14":"shipping-taxable","15":"purchasable","16":"product-type-simple"},"yoast_head":"<!-- This site is optimized with the Yoast SEO plugin v27.4 - https:\/\/yoast.com\/product\/yoast-seo-wordpress\/ -->\n<title>BetaFPV Pavo20 Pro O4 Brushless Whoop Quadcopter - 1dronas.lt<\/title>\n<meta name=\"robots\" content=\"index, follow, max-snippet:-1, max-image-preview:large, max-video-preview:-1\" \/>\n<link rel=\"canonical\" href=\"https:\/\/1dronas.lt\/en\/produktas\/betafpv-pavo20-pro-o4-brushless-whoop-quadcopter\/\" \/>\n<meta property=\"og:locale\" content=\"en_US\" \/>\n<meta property=\"og:type\" content=\"article\" \/>\n<meta property=\"og:title\" content=\"BetaFPV Pavo20 Pro O4 Brushless Whoop Quadcopter - 1dronas.lt\" \/>\n<meta property=\"og:description\" content=\"Sveriantis ma\u017eiau nei 150 g, \u0161is 2.2 coli\u0173 \u201epocket-size\u201c cinewhoop tipo dronas yra puikus pasirinkimas DJI naudotojams, norintiems prad\u0117ti skraidyti FPV re\u017eimu.   \u00a01 \u2013 2 d. d.\" \/>\n<meta property=\"og:url\" content=\"https:\/\/1dronas.lt\/en\/produktas\/betafpv-pavo20-pro-o4-brushless-whoop-quadcopter\/\" \/>\n<meta property=\"og:site_name\" content=\"1dronas.lt\" \/>\n<meta property=\"article:publisher\" content=\"https:\/\/www.facebook.com\/1dronas\/\" \/>\n<meta property=\"article:modified_time\" content=\"2025-12-16T11:45:43+00:00\" \/>\n<meta property=\"og:image\" content=\"https:\/\/1dronas.lt\/wp-content\/uploads\/2025\/07\/Pavo20_Pro_O4_Pro_1080x-min.jpg\" \/>\n\t<meta property=\"og:image:width\" content=\"1080\" \/>\n\t<meta property=\"og:image:height\" content=\"1080\" \/>\n\t<meta property=\"og:image:type\" content=\"image\/jpeg\" \/>\n<meta name=\"twitter:card\" content=\"summary_large_image\" \/>\n<meta name=\"twitter:label1\" content=\"Est. reading time\" \/>\n\t<meta name=\"twitter:data1\" content=\"6 minutes\" \/>\n<script type=\"application\/ld+json\" class=\"yoast-schema-graph\">{\"@context\":\"https:\\\/\\\/schema.org\",\"@graph\":[{\"@type\":\"WebPage\",\"@id\":\"https:\\\/\\\/1dronas.lt\\\/en\\\/produktas\\\/betafpv-pavo20-pro-o4-brushless-whoop-quadcopter\\\/\",\"url\":\"https:\\\/\\\/1dronas.lt\\\/en\\\/produktas\\\/betafpv-pavo20-pro-o4-brushless-whoop-quadcopter\\\/\",\"name\":\"BetaFPV Pavo20 Pro O4 Brushless Whoop Quadcopter - 1dronas.lt\",\"isPartOf\":{\"@id\":\"https:\\\/\\\/1dronas.lt\\\/en\\\/#website\"},\"primaryImageOfPage\":{\"@id\":\"https:\\\/\\\/1dronas.lt\\\/en\\\/produktas\\\/betafpv-pavo20-pro-o4-brushless-whoop-quadcopter\\\/#primaryimage\"},\"image\":{\"@id\":\"https:\\\/\\\/1dronas.lt\\\/en\\\/produktas\\\/betafpv-pavo20-pro-o4-brushless-whoop-quadcopter\\\/#primaryimage\"},\"thumbnailUrl\":\"https:\\\/\\\/1dronas.lt\\\/wp-content\\\/uploads\\\/2025\\\/07\\\/Pavo20_Pro_O4_Pro_1080x-min.jpg\",\"datePublished\":\"2025-07-24T21:19:50+00:00\",\"dateModified\":\"2025-12-16T11:45:43+00:00\",\"breadcrumb\":{\"@id\":\"https:\\\/\\\/1dronas.lt\\\/en\\\/produktas\\\/betafpv-pavo20-pro-o4-brushless-whoop-quadcopter\\\/#breadcrumb\"},\"inLanguage\":\"en-US\",\"potentialAction\":[{\"@type\":\"ReadAction\",\"target\":[\"https:\\\/\\\/1dronas.lt\\\/en\\\/produktas\\\/betafpv-pavo20-pro-o4-brushless-whoop-quadcopter\\\/\"]}]},{\"@type\":\"ImageObject\",\"inLanguage\":\"en-US\",\"@id\":\"https:\\\/\\\/1dronas.lt\\\/en\\\/produktas\\\/betafpv-pavo20-pro-o4-brushless-whoop-quadcopter\\\/#primaryimage\",\"url\":\"https:\\\/\\\/1dronas.lt\\\/wp-content\\\/uploads\\\/2025\\\/07\\\/Pavo20_Pro_O4_Pro_1080x-min.jpg\",\"contentUrl\":\"https:\\\/\\\/1dronas.lt\\\/wp-content\\\/uploads\\\/2025\\\/07\\\/Pavo20_Pro_O4_Pro_1080x-min.jpg\",\"width\":1080,\"height\":1080},{\"@type\":\"BreadcrumbList\",\"@id\":\"https:\\\/\\\/1dronas.lt\\\/en\\\/produktas\\\/betafpv-pavo20-pro-o4-brushless-whoop-quadcopter\\\/#breadcrumb\",\"itemListElement\":[{\"@type\":\"ListItem\",\"position\":1,\"name\":\"Home\",\"item\":\"https:\\\/\\\/1dronas.lt\\\/\"},{\"@type\":\"ListItem\",\"position\":2,\"name\":\"Parduotuv\u0117\",\"item\":\"https:\\\/\\\/1dronas.lt\\\/parduotuve\\\/\"},{\"@type\":\"ListItem\",\"position\":3,\"name\":\"BetaFPV Pavo20 Pro O4 Brushless Whoop Quadcopter\"}]},{\"@type\":\"WebSite\",\"@id\":\"https:\\\/\\\/1dronas.lt\\\/en\\\/#website\",\"url\":\"https:\\\/\\\/1dronas.lt\\\/en\\\/\",\"name\":\"1dronas.lt\",\"description\":\"Internetin\u0117 parduotuv\u0117\",\"publisher\":{\"@id\":\"https:\\\/\\\/1dronas.lt\\\/en\\\/#organization\"},\"potentialAction\":[{\"@type\":\"SearchAction\",\"target\":{\"@type\":\"EntryPoint\",\"urlTemplate\":\"https:\\\/\\\/1dronas.lt\\\/en\\\/?s={search_term_string}\"},\"query-input\":{\"@type\":\"PropertyValueSpecification\",\"valueRequired\":true,\"valueName\":\"search_term_string\"}}],\"inLanguage\":\"en-US\"},{\"@type\":\"Organization\",\"@id\":\"https:\\\/\\\/1dronas.lt\\\/en\\\/#organization\",\"name\":\"1dronas.lt\",\"url\":\"https:\\\/\\\/1dronas.lt\\\/en\\\/\",\"logo\":{\"@type\":\"ImageObject\",\"inLanguage\":\"en-US\",\"@id\":\"https:\\\/\\\/1dronas.lt\\\/en\\\/#\\\/schema\\\/logo\\\/image\\\/\",\"url\":\"https:\\\/\\\/1dronas.lt\\\/wp-content\\\/uploads\\\/2020\\\/12\\\/Ekrano_kopija__2_-removebg-preview-1-1.png\",\"contentUrl\":\"https:\\\/\\\/1dronas.lt\\\/wp-content\\\/uploads\\\/2020\\\/12\\\/Ekrano_kopija__2_-removebg-preview-1-1.png\",\"width\":234,\"height\":81,\"caption\":\"1dronas.lt\"},\"image\":{\"@id\":\"https:\\\/\\\/1dronas.lt\\\/en\\\/#\\\/schema\\\/logo\\\/image\\\/\"},\"sameAs\":[\"https:\\\/\\\/www.facebook.com\\\/1dronas\\\/\"]}]}<\/script>\n<!-- \/ Yoast SEO plugin. -->","yoast_head_json":{"title":"BetaFPV Pavo20 Pro O4 Brushless Whoop Quadcopter - 1dronas.lt","robots":{"index":"index","follow":"follow","max-snippet":"max-snippet:-1","max-image-preview":"max-image-preview:large","max-video-preview":"max-video-preview:-1"},"canonical":"https:\/\/1dronas.lt\/en\/produktas\/betafpv-pavo20-pro-o4-brushless-whoop-quadcopter\/","og_locale":"en_US","og_type":"article","og_title":"BetaFPV Pavo20 Pro O4 Brushless Whoop Quadcopter - 1dronas.lt","og_description":"Sveriantis ma\u017eiau nei 150 g, \u0161is 2.2 coli\u0173 \u201epocket-size\u201c cinewhoop tipo dronas yra puikus pasirinkimas DJI naudotojams, norintiems prad\u0117ti skraidyti FPV re\u017eimu.   \u00a01 \u2013 2 d. d.","og_url":"https:\/\/1dronas.lt\/en\/produktas\/betafpv-pavo20-pro-o4-brushless-whoop-quadcopter\/","og_site_name":"1dronas.lt","article_publisher":"https:\/\/www.facebook.com\/1dronas\/","article_modified_time":"2025-12-16T11:45:43+00:00","og_image":[{"width":1080,"height":1080,"url":"https:\/\/1dronas.lt\/wp-content\/uploads\/2025\/07\/Pavo20_Pro_O4_Pro_1080x-min.jpg","type":"image\/jpeg"}],"twitter_card":"summary_large_image","twitter_misc":{"Est. reading time":"6 minutes"},"schema":{"@context":"https:\/\/schema.org","@graph":[{"@type":"WebPage","@id":"https:\/\/1dronas.lt\/en\/produktas\/betafpv-pavo20-pro-o4-brushless-whoop-quadcopter\/","url":"https:\/\/1dronas.lt\/en\/produktas\/betafpv-pavo20-pro-o4-brushless-whoop-quadcopter\/","name":"BetaFPV Pavo20 Pro O4 Brushless Whoop Quadcopter - 1dronas.lt","isPartOf":{"@id":"https:\/\/1dronas.lt\/en\/#website"},"primaryImageOfPage":{"@id":"https:\/\/1dronas.lt\/en\/produktas\/betafpv-pavo20-pro-o4-brushless-whoop-quadcopter\/#primaryimage"},"image":{"@id":"https:\/\/1dronas.lt\/en\/produktas\/betafpv-pavo20-pro-o4-brushless-whoop-quadcopter\/#primaryimage"},"thumbnailUrl":"https:\/\/1dronas.lt\/wp-content\/uploads\/2025\/07\/Pavo20_Pro_O4_Pro_1080x-min.jpg","datePublished":"2025-07-24T21:19:50+00:00","dateModified":"2025-12-16T11:45:43+00:00","breadcrumb":{"@id":"https:\/\/1dronas.lt\/en\/produktas\/betafpv-pavo20-pro-o4-brushless-whoop-quadcopter\/#breadcrumb"},"inLanguage":"en-US","potentialAction":[{"@type":"ReadAction","target":["https:\/\/1dronas.lt\/en\/produktas\/betafpv-pavo20-pro-o4-brushless-whoop-quadcopter\/"]}]},{"@type":"ImageObject","inLanguage":"en-US","@id":"https:\/\/1dronas.lt\/en\/produktas\/betafpv-pavo20-pro-o4-brushless-whoop-quadcopter\/#primaryimage","url":"https:\/\/1dronas.lt\/wp-content\/uploads\/2025\/07\/Pavo20_Pro_O4_Pro_1080x-min.jpg","contentUrl":"https:\/\/1dronas.lt\/wp-content\/uploads\/2025\/07\/Pavo20_Pro_O4_Pro_1080x-min.jpg","width":1080,"height":1080},{"@type":"BreadcrumbList","@id":"https:\/\/1dronas.lt\/en\/produktas\/betafpv-pavo20-pro-o4-brushless-whoop-quadcopter\/#breadcrumb","itemListElement":[{"@type":"ListItem","position":1,"name":"Home","item":"https:\/\/1dronas.lt\/"},{"@type":"ListItem","position":2,"name":"Parduotuv\u0117","item":"https:\/\/1dronas.lt\/parduotuve\/"},{"@type":"ListItem","position":3,"name":"BetaFPV Pavo20 Pro O4 Brushless Whoop Quadcopter"}]},{"@type":"WebSite","@id":"https:\/\/1dronas.lt\/en\/#website","url":"https:\/\/1dronas.lt\/en\/","name":"1dronas.lt","description":"Online store","publisher":{"@id":"https:\/\/1dronas.lt\/en\/#organization"},"potentialAction":[{"@type":"SearchAction","target":{"@type":"EntryPoint","urlTemplate":"https:\/\/1dronas.lt\/en\/?s={search_term_string}"},"query-input":{"@type":"PropertyValueSpecification","valueRequired":true,"valueName":"search_term_string"}}],"inLanguage":"en-US"},{"@type":"Organization","@id":"https:\/\/1dronas.lt\/en\/#organization","name":"1dronas.lt","url":"https:\/\/1dronas.lt\/en\/","logo":{"@type":"ImageObject","inLanguage":"en-US","@id":"https:\/\/1dronas.lt\/en\/#\/schema\/logo\/image\/","url":"https:\/\/1dronas.lt\/wp-content\/uploads\/2020\/12\/Ekrano_kopija__2_-removebg-preview-1-1.png","contentUrl":"https:\/\/1dronas.lt\/wp-content\/uploads\/2020\/12\/Ekrano_kopija__2_-removebg-preview-1-1.png","width":234,"height":81,"caption":"1dronas.lt"},"image":{"@id":"https:\/\/1dronas.lt\/en\/#\/schema\/logo\/image\/"},"sameAs":["https:\/\/www.facebook.com\/1dronas\/"]}]}},"jetpack_sharing_enabled":true,"_links":{"self":[{"href":"https:\/\/1dronas.lt\/en\/wp-json\/wp\/v2\/product\/10486","targetHints":{"allow":["GET"]}}],"collection":[{"href":"https:\/\/1dronas.lt\/en\/wp-json\/wp\/v2\/product"}],"about":[{"href":"https:\/\/1dronas.lt\/en\/wp-json\/wp\/v2\/types\/product"}],"replies":[{"embeddable":true,"href":"https:\/\/1dronas.lt\/en\/wp-json\/wp\/v2\/comments?post=10486"}],"wp:featuredmedia":[{"embeddable":true,"href":"https:\/\/1dronas.lt\/en\/wp-json\/wp\/v2\/media\/10493"}],"wp:attachment":[{"href":"https:\/\/1dronas.lt\/en\/wp-json\/wp\/v2\/media?parent=10486"}],"wp:term":[{"taxonomy":"product_brand","embeddable":true,"href":"https:\/\/1dronas.lt\/en\/wp-json\/wp\/v2\/product_brand?post=10486"},{"taxonomy":"product_cat","embeddable":true,"href":"https:\/\/1dronas.lt\/en\/wp-json\/wp\/v2\/product_cat?post=10486"},{"taxonomy":"product_tag","embeddable":true,"href":"https:\/\/1dronas.lt\/en\/wp-json\/wp\/v2\/product_tag?post=10486"}],"curies":[{"name":"wp","href":"https:\/\/api.w.org\/{rel}","templated":true}]}}