{"id":10392,"date":"2025-07-22T20:30:53","date_gmt":"2025-07-22T20:30:53","guid":{"rendered":"https:\/\/1dronas.lt\/?post_type=product&#038;p=10392"},"modified":"2026-04-08T09:25:54","modified_gmt":"2026-04-08T06:25:54","slug":"radiomaster-ag01-nano-cnc-hall-gimbals-for-pocket-radio","status":"publish","type":"product","link":"https:\/\/1dronas.lt\/en\/produktas\/radiomaster-ag01-nano-cnc-hall-gimbals-for-pocket-radio\/","title":{"rendered":"RadioMaster AG01 NANO CNC Hall Gimbals for Pocket Radio"},"content":{"rendered":"<p>Unlock Unparalleled Precision and Control: Introducing the AG01-Nano Hall Effect Gimbal! Your RadioMaster Pocket controller just got a revolutionary upgrade! RadioMaster, renowned for its advanced RC experience, has once again exceeded expectations. Due to popular demand, the AG01 series gimbals now have a Nano version for the popular Pocket controller.<\/p>\n<p><img loading=\"lazy\" decoding=\"async\" class=\"alignnone wp-image-10373 size-full\" src=\"https:\/\/1dronas.lt\/wp-content\/uploads\/2025\/07\/AG01-NANO-Detail-PC_01-min.jpg\" alt=\"\" width=\"1024\" height=\"575\" srcset=\"https:\/\/1dronas.lt\/wp-content\/uploads\/2025\/07\/AG01-NANO-Detail-PC_01-min.jpg 1024w, https:\/\/1dronas.lt\/wp-content\/uploads\/2025\/07\/AG01-NANO-Detail-PC_01-min-300x168.jpg 300w, https:\/\/1dronas.lt\/wp-content\/uploads\/2025\/07\/AG01-NANO-Detail-PC_01-min-768x431.jpg 768w, https:\/\/1dronas.lt\/wp-content\/uploads\/2025\/07\/AG01-NANO-Detail-PC_01-min-18x10.jpg 18w, https:\/\/1dronas.lt\/wp-content\/uploads\/2025\/07\/AG01-NANO-Detail-PC_01-min-510x286.jpg 510w\" sizes=\"auto, (max-width: 1024px) 100vw, 1024px\" \/><\/p>\n<p><strong>Features:<\/strong><\/p>\n<p data-start=\"379\" data-end=\"472\"><strong>\u2022 <\/strong>Made from aircraft-grade CNC machined aluminum for exceptional durability and appearance;<br \/>\n<strong>\u2022 <\/strong>Non-contact Hall sensors with precise centering \u2013 ensure extremely precise control;<br \/>\n<strong>\u2022 <\/strong>Four precision bearings for an unparalleled feel;<br \/>\n<strong>\u2022 <\/strong>Adjustable vertical movement angle (min. 38\u00b0, max. 54\u00b0);<br \/>\n<strong>\u2022 <\/strong>The AG01 NANO gimbal is designed specifically for the smaller Pocket controller.<\/p>\n<p data-start=\"379\" data-end=\"472\"><img loading=\"lazy\" decoding=\"async\" class=\"alignnone wp-image-10379 size-full\" src=\"https:\/\/1dronas.lt\/wp-content\/uploads\/2025\/07\/AG01-NANO-Detail-PC_07-min.jpg\" alt=\"\" width=\"1024\" height=\"575\" srcset=\"https:\/\/1dronas.lt\/wp-content\/uploads\/2025\/07\/AG01-NANO-Detail-PC_07-min.jpg 1024w, https:\/\/1dronas.lt\/wp-content\/uploads\/2025\/07\/AG01-NANO-Detail-PC_07-min-300x168.jpg 300w, https:\/\/1dronas.lt\/wp-content\/uploads\/2025\/07\/AG01-NANO-Detail-PC_07-min-768x431.jpg 768w, https:\/\/1dronas.lt\/wp-content\/uploads\/2025\/07\/AG01-NANO-Detail-PC_07-min-18x10.jpg 18w, https:\/\/1dronas.lt\/wp-content\/uploads\/2025\/07\/AG01-NANO-Detail-PC_07-min-510x286.jpg 510w\" sizes=\"auto, (max-width: 1024px) 100vw, 1024px\" \/><\/p>\n<p data-start=\"379\" data-end=\"472\"><strong>Specification:<\/strong><\/p>\n<p data-start=\"788\" data-end=\"835\"><strong>\u2022 <\/strong>Item: AG01 NANO CNC Hall Effect joystick;<br \/>\n<strong>\u2022 <\/strong>Sensor type: Non-contact Hall effect;<br \/>\n<strong>\u2022 <\/strong>Operating voltage: DC 3.3V;<br \/>\n<strong>\u2022 <\/strong>Linearity: Real-time (no delay);<br \/>\n<strong>\u2022 <\/strong>Adjustable vertical angle: 38\u00b0\u201354\u00b0;<br \/>\n<strong>\u2022 <\/strong>Automatic centering: Yes;<br \/>\n<strong>\u2022 <\/strong>Control mode change: Yes;<br \/>\n<strong>\u2022 <\/strong>Adjustable voltage: Yes;<br \/>\n<strong>\u2022 <\/strong>Bearings: Four precision bearings;<br \/>\n<strong>\u2022 <\/strong>Operating temperature: -20\u00b0C to 85\u00b0C;<br \/>\n<strong>\u2022 <\/strong>Dimensions: 42 \u00d7 37 \u00d7 43 mm;<br \/>\n<strong>\u2022 <\/strong>Weight: 32 g (\u00b10.3 g).<\/p>\n<p data-start=\"788\" data-end=\"835\"><img loading=\"lazy\" decoding=\"async\" class=\"alignnone wp-image-10380 size-full\" src=\"https:\/\/1dronas.lt\/wp-content\/uploads\/2025\/07\/AG01-NANO-Detail-PC_09-min.jpg\" alt=\"\" width=\"1024\" height=\"433\" srcset=\"https:\/\/1dronas.lt\/wp-content\/uploads\/2025\/07\/AG01-NANO-Detail-PC_09-min.jpg 1024w, https:\/\/1dronas.lt\/wp-content\/uploads\/2025\/07\/AG01-NANO-Detail-PC_09-min-300x127.jpg 300w, https:\/\/1dronas.lt\/wp-content\/uploads\/2025\/07\/AG01-NANO-Detail-PC_09-min-768x325.jpg 768w, https:\/\/1dronas.lt\/wp-content\/uploads\/2025\/07\/AG01-NANO-Detail-PC_09-min-18x8.jpg 18w, https:\/\/1dronas.lt\/wp-content\/uploads\/2025\/07\/AG01-NANO-Detail-PC_09-min-510x216.jpg 510w\" sizes=\"auto, (max-width: 1024px) 100vw, 1024px\" \/><\/p>\n<p data-start=\"788\" data-end=\"835\"><img loading=\"lazy\" decoding=\"async\" class=\"alignnone wp-image-10395 size-full\" src=\"https:\/\/1dronas.lt\/wp-content\/uploads\/2025\/07\/AG01-NANO-Detail-PC_08.jpg\" alt=\"\" width=\"1024\" height=\"575\" srcset=\"https:\/\/1dronas.lt\/wp-content\/uploads\/2025\/07\/AG01-NANO-Detail-PC_08.jpg 1024w, https:\/\/1dronas.lt\/wp-content\/uploads\/2025\/07\/AG01-NANO-Detail-PC_08-300x168.jpg 300w, https:\/\/1dronas.lt\/wp-content\/uploads\/2025\/07\/AG01-NANO-Detail-PC_08-768x431.jpg 768w, https:\/\/1dronas.lt\/wp-content\/uploads\/2025\/07\/AG01-NANO-Detail-PC_08-18x10.jpg 18w, https:\/\/1dronas.lt\/wp-content\/uploads\/2025\/07\/AG01-NANO-Detail-PC_08-510x286.jpg 510w\" sizes=\"auto, (max-width: 1024px) 100vw, 1024px\" \/><\/p>\n<p data-start=\"283\" data-end=\"387\"><strong data-start=\"283\" data-end=\"387\">AG01 NANO GIMBALES ARE FACTORY SET TO AUTO-CENTERING AND ARE COMPATIBLE WITH THE POCKET CONTROLLER<\/strong><\/p>\n<p data-start=\"389\" data-end=\"911\"><strong>\u2022 <\/strong>To change the maximum range of movement of the gimbal (thrust\/elevation), adjust screws \u2460 and \u2461. Turning the screw clockwise decreases the range of movement, turning it counterclockwise increases it;<br data-start=\"633\" data-end=\"636\" \/><strong>\u2022 <\/strong>Position \u2462 allows you to switch the gimbal from automatic centering (height) mode to non-centering (thrust) mode;<br data-start=\"752\" data-end=\"755\" \/><strong>\u2022 <\/strong>Position \u2463 adjusts the spring tension. Turning the screw clockwise increases the tension, and counterclockwise decreases it.<\/p>\n<p data-start=\"788\" data-end=\"835\"><strong>Package:<\/strong><\/p>\n<p data-start=\"788\" data-end=\"835\">2 \u00d7 AG01 NANO CNC Hall joysticks;<br data-start=\"38\" data-end=\"41\" \/>2 \u00d7 L-shaped hex key;<br data-start=\"74\" data-end=\"77\" \/>4 \u00d7 Rigid tension springs;<br data-start=\"109\" data-end=\"112\" \/>8 \u00d7 PB26 screws;<br data-start=\"129\" data-end=\"132\" \/>2 \u00d7 CM1.63 screws;<br data-start=\"151\" data-end=\"154\" \/>2 \u00d7 Instructions for use.<\/p>\n<p data-start=\"788\" data-end=\"835\"><img loading=\"lazy\" decoding=\"async\" class=\"alignnone wp-image-10381 size-full\" src=\"https:\/\/1dronas.lt\/wp-content\/uploads\/2025\/07\/AG01-NANO-Detail-PC_10-min.jpg\" alt=\"\" width=\"1024\" height=\"575\" srcset=\"https:\/\/1dronas.lt\/wp-content\/uploads\/2025\/07\/AG01-NANO-Detail-PC_10-min.jpg 1024w, https:\/\/1dronas.lt\/wp-content\/uploads\/2025\/07\/AG01-NANO-Detail-PC_10-min-300x168.jpg 300w, https:\/\/1dronas.lt\/wp-content\/uploads\/2025\/07\/AG01-NANO-Detail-PC_10-min-768x431.jpg 768w, https:\/\/1dronas.lt\/wp-content\/uploads\/2025\/07\/AG01-NANO-Detail-PC_10-min-18x10.jpg 18w, https:\/\/1dronas.lt\/wp-content\/uploads\/2025\/07\/AG01-NANO-Detail-PC_10-min-510x286.jpg 510w\" sizes=\"auto, (max-width: 1024px) 100vw, 1024px\" \/><\/p>","protected":false},"excerpt":{"rendered":"<p><span style=\"color: #000000;\">Your RadioMaster Pocket controller just got a revolutionary update!<\/span><\/p>\n<p><span style=\"color: #000000;\"><img loading=\"lazy\" decoding=\"async\" class=\"alignnone wp-image-1806\" src=\"https:\/\/1dronas.lt\/wp-content\/uploads\/2021\/05\/delivery-icon.png\" alt=\"\" width=\"24\" height=\"24\" srcset=\"https:\/\/1dronas.lt\/wp-content\/uploads\/2021\/05\/delivery-icon.png 35w, https:\/\/1dronas.lt\/wp-content\/uploads\/2021\/05\/delivery-icon-12x12.png 12w\" sizes=\"auto, (max-width: 24px) 100vw, 24px\" \/>\u00a0<strong>1 \u2013 2 days<\/strong><\/span><\/p>","protected":false},"featured_media":10383,"comment_status":"open","ping_status":"closed","template":"","meta":[],"product_brand":[497],"product_cat":[388],"product_tag":[699,400,357],"class_list":{"0":"post-10392","1":"product","2":"type-product","3":"status-publish","4":"has-post-thumbnail","6":"product_brand-radiomaster","7":"product_cat-vairasvirtes","8":"product_tag-ag01-nano","9":"product_tag-pocket","10":"product_tag-radiomaster","12":"first","13":"instock","14":"taxable","15":"shipping-taxable","16":"purchasable","17":"product-type-simple"},"yoast_head":"<!-- This site is optimized with the Yoast SEO plugin v27.3 - https:\/\/yoast.com\/product\/yoast-seo-wordpress\/ -->\n<title>RadioMaster AG01 NANO CNC Hall Gimbals for Pocket Radio - 1dronas.lt<\/title>\n<meta name=\"robots\" content=\"index, follow, max-snippet:-1, max-image-preview:large, max-video-preview:-1\" \/>\n<link rel=\"canonical\" href=\"https:\/\/1dronas.lt\/en\/produktas\/radiomaster-ag01-nano-cnc-hall-gimbals-for-pocket-radio\/\" \/>\n<meta property=\"og:locale\" content=\"en_US\" \/>\n<meta property=\"og:type\" content=\"article\" \/>\n<meta property=\"og:title\" content=\"RadioMaster AG01 NANO CNC Hall Gimbals for Pocket Radio - 1dronas.lt\" \/>\n<meta property=\"og:description\" content=\"Tavo RadioMaster Pocket valdiklis k\u0105 tik gavo revoliucin\u012f atnaujinim\u0105!  \u00a01 \u2013 2 d. d.\" \/>\n<meta property=\"og:url\" content=\"https:\/\/1dronas.lt\/en\/produktas\/radiomaster-ag01-nano-cnc-hall-gimbals-for-pocket-radio\/\" \/>\n<meta property=\"og:site_name\" content=\"1dronas.lt\" \/>\n<meta property=\"article:publisher\" content=\"https:\/\/www.facebook.com\/1dronas\/\" \/>\n<meta property=\"article:modified_time\" content=\"2026-04-08T06:25:54+00:00\" \/>\n<meta property=\"og:image\" content=\"https:\/\/1dronas.lt\/wp-content\/uploads\/2025\/07\/HP0157.AG01-Nano-SET-2_1800x1800-min.jpg\" \/>\n\t<meta property=\"og:image:width\" content=\"1000\" \/>\n\t<meta property=\"og:image:height\" content=\"1000\" \/>\n\t<meta property=\"og:image:type\" content=\"image\/jpeg\" \/>\n<meta name=\"twitter:card\" content=\"summary_large_image\" \/>\n<meta name=\"twitter:label1\" content=\"Est. reading time\" \/>\n\t<meta name=\"twitter:data1\" content=\"3 minutes\" \/>\n<script type=\"application\/ld+json\" class=\"yoast-schema-graph\">{\"@context\":\"https:\\\/\\\/schema.org\",\"@graph\":[{\"@type\":\"WebPage\",\"@id\":\"https:\\\/\\\/1dronas.lt\\\/en\\\/produktas\\\/radiomaster-ag01-nano-cnc-hall-gimbals-for-pocket-radio\\\/\",\"url\":\"https:\\\/\\\/1dronas.lt\\\/en\\\/produktas\\\/radiomaster-ag01-nano-cnc-hall-gimbals-for-pocket-radio\\\/\",\"name\":\"RadioMaster AG01 NANO CNC Hall Gimbals for Pocket Radio - 1dronas.lt\",\"isPartOf\":{\"@id\":\"https:\\\/\\\/1dronas.lt\\\/en\\\/#website\"},\"primaryImageOfPage\":{\"@id\":\"https:\\\/\\\/1dronas.lt\\\/en\\\/produktas\\\/radiomaster-ag01-nano-cnc-hall-gimbals-for-pocket-radio\\\/#primaryimage\"},\"image\":{\"@id\":\"https:\\\/\\\/1dronas.lt\\\/en\\\/produktas\\\/radiomaster-ag01-nano-cnc-hall-gimbals-for-pocket-radio\\\/#primaryimage\"},\"thumbnailUrl\":\"https:\\\/\\\/1dronas.lt\\\/wp-content\\\/uploads\\\/2025\\\/07\\\/HP0157.AG01-Nano-SET-2_1800x1800-min.jpg\",\"datePublished\":\"2025-07-22T20:30:53+00:00\",\"dateModified\":\"2026-04-08T06:25:54+00:00\",\"breadcrumb\":{\"@id\":\"https:\\\/\\\/1dronas.lt\\\/en\\\/produktas\\\/radiomaster-ag01-nano-cnc-hall-gimbals-for-pocket-radio\\\/#breadcrumb\"},\"inLanguage\":\"en-US\",\"potentialAction\":[{\"@type\":\"ReadAction\",\"target\":[\"https:\\\/\\\/1dronas.lt\\\/en\\\/produktas\\\/radiomaster-ag01-nano-cnc-hall-gimbals-for-pocket-radio\\\/\"]}]},{\"@type\":\"ImageObject\",\"inLanguage\":\"en-US\",\"@id\":\"https:\\\/\\\/1dronas.lt\\\/en\\\/produktas\\\/radiomaster-ag01-nano-cnc-hall-gimbals-for-pocket-radio\\\/#primaryimage\",\"url\":\"https:\\\/\\\/1dronas.lt\\\/wp-content\\\/uploads\\\/2025\\\/07\\\/HP0157.AG01-Nano-SET-2_1800x1800-min.jpg\",\"contentUrl\":\"https:\\\/\\\/1dronas.lt\\\/wp-content\\\/uploads\\\/2025\\\/07\\\/HP0157.AG01-Nano-SET-2_1800x1800-min.jpg\",\"width\":1000,\"height\":1000},{\"@type\":\"BreadcrumbList\",\"@id\":\"https:\\\/\\\/1dronas.lt\\\/en\\\/produktas\\\/radiomaster-ag01-nano-cnc-hall-gimbals-for-pocket-radio\\\/#breadcrumb\",\"itemListElement\":[{\"@type\":\"ListItem\",\"position\":1,\"name\":\"Home\",\"item\":\"https:\\\/\\\/1dronas.lt\\\/\"},{\"@type\":\"ListItem\",\"position\":2,\"name\":\"Parduotuv\u0117\",\"item\":\"https:\\\/\\\/1dronas.lt\\\/parduotuve\\\/\"},{\"@type\":\"ListItem\",\"position\":3,\"name\":\"RadioMaster AG01 NANO CNC Hall Gimbals for Pocket Radio\"}]},{\"@type\":\"WebSite\",\"@id\":\"https:\\\/\\\/1dronas.lt\\\/en\\\/#website\",\"url\":\"https:\\\/\\\/1dronas.lt\\\/en\\\/\",\"name\":\"1dronas.lt\",\"description\":\"Internetin\u0117 parduotuv\u0117\",\"publisher\":{\"@id\":\"https:\\\/\\\/1dronas.lt\\\/en\\\/#organization\"},\"potentialAction\":[{\"@type\":\"SearchAction\",\"target\":{\"@type\":\"EntryPoint\",\"urlTemplate\":\"https:\\\/\\\/1dronas.lt\\\/en\\\/?s={search_term_string}\"},\"query-input\":{\"@type\":\"PropertyValueSpecification\",\"valueRequired\":true,\"valueName\":\"search_term_string\"}}],\"inLanguage\":\"en-US\"},{\"@type\":\"Organization\",\"@id\":\"https:\\\/\\\/1dronas.lt\\\/en\\\/#organization\",\"name\":\"1dronas.lt\",\"url\":\"https:\\\/\\\/1dronas.lt\\\/en\\\/\",\"logo\":{\"@type\":\"ImageObject\",\"inLanguage\":\"en-US\",\"@id\":\"https:\\\/\\\/1dronas.lt\\\/en\\\/#\\\/schema\\\/logo\\\/image\\\/\",\"url\":\"https:\\\/\\\/1dronas.lt\\\/wp-content\\\/uploads\\\/2020\\\/12\\\/Ekrano_kopija__2_-removebg-preview-1-1.png\",\"contentUrl\":\"https:\\\/\\\/1dronas.lt\\\/wp-content\\\/uploads\\\/2020\\\/12\\\/Ekrano_kopija__2_-removebg-preview-1-1.png\",\"width\":234,\"height\":81,\"caption\":\"1dronas.lt\"},\"image\":{\"@id\":\"https:\\\/\\\/1dronas.lt\\\/en\\\/#\\\/schema\\\/logo\\\/image\\\/\"},\"sameAs\":[\"https:\\\/\\\/www.facebook.com\\\/1dronas\\\/\"]}]}<\/script>\n<!-- \/ Yoast SEO plugin. -->","yoast_head_json":{"title":"RadioMaster AG01 NANO CNC Hall Gimbals for Pocket Radio - 1dronas.lt","robots":{"index":"index","follow":"follow","max-snippet":"max-snippet:-1","max-image-preview":"max-image-preview:large","max-video-preview":"max-video-preview:-1"},"canonical":"https:\/\/1dronas.lt\/en\/produktas\/radiomaster-ag01-nano-cnc-hall-gimbals-for-pocket-radio\/","og_locale":"en_US","og_type":"article","og_title":"RadioMaster AG01 NANO CNC Hall Gimbals for Pocket Radio - 1dronas.lt","og_description":"Tavo RadioMaster Pocket valdiklis k\u0105 tik gavo revoliucin\u012f atnaujinim\u0105!  \u00a01 \u2013 2 d. d.","og_url":"https:\/\/1dronas.lt\/en\/produktas\/radiomaster-ag01-nano-cnc-hall-gimbals-for-pocket-radio\/","og_site_name":"1dronas.lt","article_publisher":"https:\/\/www.facebook.com\/1dronas\/","article_modified_time":"2026-04-08T06:25:54+00:00","og_image":[{"width":1000,"height":1000,"url":"https:\/\/1dronas.lt\/wp-content\/uploads\/2025\/07\/HP0157.AG01-Nano-SET-2_1800x1800-min.jpg","type":"image\/jpeg"}],"twitter_card":"summary_large_image","twitter_misc":{"Est. reading time":"3 minutes"},"schema":{"@context":"https:\/\/schema.org","@graph":[{"@type":"WebPage","@id":"https:\/\/1dronas.lt\/en\/produktas\/radiomaster-ag01-nano-cnc-hall-gimbals-for-pocket-radio\/","url":"https:\/\/1dronas.lt\/en\/produktas\/radiomaster-ag01-nano-cnc-hall-gimbals-for-pocket-radio\/","name":"RadioMaster AG01 NANO CNC Hall Gimbals for Pocket Radio - 1dronas.lt","isPartOf":{"@id":"https:\/\/1dronas.lt\/en\/#website"},"primaryImageOfPage":{"@id":"https:\/\/1dronas.lt\/en\/produktas\/radiomaster-ag01-nano-cnc-hall-gimbals-for-pocket-radio\/#primaryimage"},"image":{"@id":"https:\/\/1dronas.lt\/en\/produktas\/radiomaster-ag01-nano-cnc-hall-gimbals-for-pocket-radio\/#primaryimage"},"thumbnailUrl":"https:\/\/1dronas.lt\/wp-content\/uploads\/2025\/07\/HP0157.AG01-Nano-SET-2_1800x1800-min.jpg","datePublished":"2025-07-22T20:30:53+00:00","dateModified":"2026-04-08T06:25:54+00:00","breadcrumb":{"@id":"https:\/\/1dronas.lt\/en\/produktas\/radiomaster-ag01-nano-cnc-hall-gimbals-for-pocket-radio\/#breadcrumb"},"inLanguage":"en-US","potentialAction":[{"@type":"ReadAction","target":["https:\/\/1dronas.lt\/en\/produktas\/radiomaster-ag01-nano-cnc-hall-gimbals-for-pocket-radio\/"]}]},{"@type":"ImageObject","inLanguage":"en-US","@id":"https:\/\/1dronas.lt\/en\/produktas\/radiomaster-ag01-nano-cnc-hall-gimbals-for-pocket-radio\/#primaryimage","url":"https:\/\/1dronas.lt\/wp-content\/uploads\/2025\/07\/HP0157.AG01-Nano-SET-2_1800x1800-min.jpg","contentUrl":"https:\/\/1dronas.lt\/wp-content\/uploads\/2025\/07\/HP0157.AG01-Nano-SET-2_1800x1800-min.jpg","width":1000,"height":1000},{"@type":"BreadcrumbList","@id":"https:\/\/1dronas.lt\/en\/produktas\/radiomaster-ag01-nano-cnc-hall-gimbals-for-pocket-radio\/#breadcrumb","itemListElement":[{"@type":"ListItem","position":1,"name":"Home","item":"https:\/\/1dronas.lt\/"},{"@type":"ListItem","position":2,"name":"Parduotuv\u0117","item":"https:\/\/1dronas.lt\/parduotuve\/"},{"@type":"ListItem","position":3,"name":"RadioMaster AG01 NANO CNC Hall Gimbals for Pocket Radio"}]},{"@type":"WebSite","@id":"https:\/\/1dronas.lt\/en\/#website","url":"https:\/\/1dronas.lt\/en\/","name":"1dronas.lt","description":"Online store","publisher":{"@id":"https:\/\/1dronas.lt\/en\/#organization"},"potentialAction":[{"@type":"SearchAction","target":{"@type":"EntryPoint","urlTemplate":"https:\/\/1dronas.lt\/en\/?s={search_term_string}"},"query-input":{"@type":"PropertyValueSpecification","valueRequired":true,"valueName":"search_term_string"}}],"inLanguage":"en-US"},{"@type":"Organization","@id":"https:\/\/1dronas.lt\/en\/#organization","name":"1dronas.lt","url":"https:\/\/1dronas.lt\/en\/","logo":{"@type":"ImageObject","inLanguage":"en-US","@id":"https:\/\/1dronas.lt\/en\/#\/schema\/logo\/image\/","url":"https:\/\/1dronas.lt\/wp-content\/uploads\/2020\/12\/Ekrano_kopija__2_-removebg-preview-1-1.png","contentUrl":"https:\/\/1dronas.lt\/wp-content\/uploads\/2020\/12\/Ekrano_kopija__2_-removebg-preview-1-1.png","width":234,"height":81,"caption":"1dronas.lt"},"image":{"@id":"https:\/\/1dronas.lt\/en\/#\/schema\/logo\/image\/"},"sameAs":["https:\/\/www.facebook.com\/1dronas\/"]}]}},"jetpack_sharing_enabled":true,"_links":{"self":[{"href":"https:\/\/1dronas.lt\/en\/wp-json\/wp\/v2\/product\/10392","targetHints":{"allow":["GET"]}}],"collection":[{"href":"https:\/\/1dronas.lt\/en\/wp-json\/wp\/v2\/product"}],"about":[{"href":"https:\/\/1dronas.lt\/en\/wp-json\/wp\/v2\/types\/product"}],"replies":[{"embeddable":true,"href":"https:\/\/1dronas.lt\/en\/wp-json\/wp\/v2\/comments?post=10392"}],"wp:featuredmedia":[{"embeddable":true,"href":"https:\/\/1dronas.lt\/en\/wp-json\/wp\/v2\/media\/10383"}],"wp:attachment":[{"href":"https:\/\/1dronas.lt\/en\/wp-json\/wp\/v2\/media?parent=10392"}],"wp:term":[{"taxonomy":"product_brand","embeddable":true,"href":"https:\/\/1dronas.lt\/en\/wp-json\/wp\/v2\/product_brand?post=10392"},{"taxonomy":"product_cat","embeddable":true,"href":"https:\/\/1dronas.lt\/en\/wp-json\/wp\/v2\/product_cat?post=10392"},{"taxonomy":"product_tag","embeddable":true,"href":"https:\/\/1dronas.lt\/en\/wp-json\/wp\/v2\/product_tag?post=10392"}],"curies":[{"name":"wp","href":"https:\/\/api.w.org\/{rel}","templated":true}]}}