{"id":10261,"date":"2025-07-18T20:14:12","date_gmt":"2025-07-18T20:14:12","guid":{"rendered":"https:\/\/1dronas.lt\/?post_type=product&#038;p=10261"},"modified":"2026-04-10T02:51:18","modified_gmt":"2026-04-09T23:51:18","slug":"hota-t6-300w-pd-90w-15a-1-6s-dc-lipo-battery-charger-xt60","status":"publish","type":"product","link":"https:\/\/1dronas.lt\/en\/produktas\/hota-t6-300w-pd-90w-15a-1-6s-dc-lipo-battery-charger-xt60\/","title":{"rendered":"HOTA T6 300W PD 90W 15A 1-6S DC LiPo Battery Charger \u2013 XT60"},"content":{"rendered":"<p data-start=\"0\" data-end=\"401\"><span style=\"color: #ed1c24;\"><em>*Important: Charger power supply sold separately!<\/em><\/span><\/p>\n<p data-start=\"0\" data-end=\"401\">HOTA T6 battery charger is a compact device for (1-6S) LiHV\/LiFe\/LiIon\/LiXX\/LiPo batteries. It supports both DC and PD (Power Delivery) input. When using DC input, the maximum charging power reaches 300W and the charging current is up to 15A. This small, safe and reliable charger is ideal for FPV racing drone batteries.<\/p>\n<p data-start=\"0\" data-end=\"401\"><strong data-start=\"412\" data-end=\"435\">Specification:<\/strong><\/p>\n<p data-start=\"439\" data-end=\"461\">\u2022 Discharge power:<br \/>\n\u2022 With external resistor: 0.1\u201315 A @ 300 W;;<br \/>\n\u2022 Normal mode: 0.1\u20133 A @ 10 W;<br \/>\n\u2022 Display: 2.4-inch IPS, 320\u00d7240 resolution, 260,000 colors;<br \/>\n\u2022 Input voltage: DC 10-30V \/ PD 3.0 \/ QC 20V;<br \/>\n\u2022 Charging power:<br \/>\nIn DC mode: 0.1-15 A @ 300 W;<br \/>\nIn PD mode: up to 90 W;<br \/>\n\u2022 Dimensions: 70.5 \u00d7 49.5 \u00d7 30.5 mm;<br \/>\n\u2022 Weight: about 93 g;<br \/>\n\u2022 Input current:<br \/>\nDC: up to 15 A;<br \/>\nPD: up to 5 A;<br \/>\n\u2022 Operating temperature: 0\u201340 \u00b0C;<br \/>\n\u2022 Storage temperature: -20\u201360 \u00b0C;<br \/>\n\u2022 Power mode (power supply): 0.1\u201315 A @ 5\u201329 V;<br \/>\n\u2022 Storage current: 600 mA;<br \/>\n\u2022 LiHV \/ LiPo \/ LiFe \/ LiIon \/ LiXX: 1-6 cells (1-6S);<br \/>\n\u2022 Lead-acid (PB): 1\u201312S (2\u201324 V);<br \/>\n\u2022 NiZn \/ NiCd \/ NiMH: 1-14 cells;<br \/>\n\u2022 Smart batteries: 1\u20136S;<br \/>\n\u2022 Eneloop: 1\u201314S.<\/p>\n<p data-start=\"1294\" data-end=\"1314\"><strong data-start=\"1325\" data-end=\"1342\">Package:<\/strong><\/p>\n<p data-start=\"1346\" data-end=\"1433\">1 x HOTA T6 300W PD 90W 15A 1-6S DC LiPo battery charger (with XT60 connector);<br \/>\n1 x User manual.<\/p>","protected":false},"excerpt":{"rendered":"<p><span style=\"color: #333333;\">This small, safe and reliable charger is ideal for FPV racing drone batteries.<\/span><\/p>\n<p><span style=\"color: #333333;\"><img loading=\"lazy\" decoding=\"async\" class=\"alignnone wp-image-1806\" src=\"https:\/\/1dronas.lt\/wp-content\/uploads\/2021\/05\/delivery-icon.png\" alt=\"\" width=\"24\" height=\"24\" srcset=\"https:\/\/1dronas.lt\/wp-content\/uploads\/2021\/05\/delivery-icon.png 35w, https:\/\/1dronas.lt\/wp-content\/uploads\/2021\/05\/delivery-icon-12x12.png 12w\" sizes=\"auto, (max-width: 24px) 100vw, 24px\" \/> \u00a0<span style=\"font-size: 90%;\"><strong>1 \u2013 2 days<\/strong><\/span><\/span><\/p>","protected":false},"featured_media":10263,"comment_status":"open","ping_status":"closed","template":"","meta":[],"product_brand":[646],"product_cat":[157],"product_tag":[673,672,671],"class_list":{"0":"post-10261","1":"product","2":"type-product","3":"status-publish","4":"has-post-thumbnail","6":"product_brand-hota","7":"product_cat-ikrovikliai","8":"product_tag-15a-1-6s-dc-lipo-battery","9":"product_tag-300w-pd-90w-15a","10":"product_tag-hota-t6","12":"first","13":"outofstock","14":"taxable","15":"shipping-taxable","16":"purchasable","17":"product-type-simple"},"yoast_head":"<!-- This site is optimized with the Yoast SEO plugin v27.5 - https:\/\/yoast.com\/product\/yoast-seo-wordpress\/ -->\n<title>HOTA T6 300W PD 90W 15A 1-6S DC LiPo Battery Charger - XT60 - 1dronas.lt<\/title>\n<meta name=\"robots\" content=\"index, follow, max-snippet:-1, max-image-preview:large, max-video-preview:-1\" \/>\n<link rel=\"canonical\" href=\"https:\/\/1dronas.lt\/en\/produktas\/hota-t6-300w-pd-90w-15a-1-6s-dc-lipo-battery-charger-xt60\/\" \/>\n<meta property=\"og:locale\" content=\"en_US\" \/>\n<meta property=\"og:type\" content=\"article\" \/>\n<meta property=\"og:title\" content=\"HOTA T6 300W PD 90W 15A 1-6S DC LiPo Battery Charger - XT60 - 1dronas.lt\" \/>\n<meta property=\"og:description\" content=\"\u0160is ma\u017eas, saugus ir patikimas \u012fkroviklis idealiai tinka FPV lenktynini\u0173 dron\u0173 akumuliatoriams.   \u00a01 \u2013 2 d. d.\" \/>\n<meta property=\"og:url\" content=\"https:\/\/1dronas.lt\/en\/produktas\/hota-t6-300w-pd-90w-15a-1-6s-dc-lipo-battery-charger-xt60\/\" \/>\n<meta property=\"og:site_name\" content=\"1dronas.lt\" \/>\n<meta property=\"article:publisher\" content=\"https:\/\/www.facebook.com\/1dronas\/\" \/>\n<meta property=\"article:modified_time\" content=\"2026-04-09T23:51:18+00:00\" \/>\n<meta property=\"og:image\" content=\"https:\/\/1dronas.lt\/wp-content\/uploads\/2025\/07\/hota-t6-dc-300w-pd-90w-15a-1-6s-lipo-battery-charge-_image-1_r-min.jpg\" \/>\n\t<meta property=\"og:image:width\" content=\"1000\" \/>\n\t<meta property=\"og:image:height\" content=\"1000\" \/>\n\t<meta property=\"og:image:type\" content=\"image\/jpeg\" \/>\n<meta name=\"twitter:card\" content=\"summary_large_image\" \/>\n<meta name=\"twitter:label1\" content=\"Est. reading time\" \/>\n\t<meta name=\"twitter:data1\" content=\"2 minutes\" \/>\n<script type=\"application\/ld+json\" class=\"yoast-schema-graph\">{\"@context\":\"https:\\\/\\\/schema.org\",\"@graph\":[{\"@type\":\"WebPage\",\"@id\":\"https:\\\/\\\/1dronas.lt\\\/en\\\/produktas\\\/hota-t6-300w-pd-90w-15a-1-6s-dc-lipo-battery-charger-xt60\\\/\",\"url\":\"https:\\\/\\\/1dronas.lt\\\/en\\\/produktas\\\/hota-t6-300w-pd-90w-15a-1-6s-dc-lipo-battery-charger-xt60\\\/\",\"name\":\"HOTA T6 300W PD 90W 15A 1-6S DC LiPo Battery Charger - XT60 - 1dronas.lt\",\"isPartOf\":{\"@id\":\"https:\\\/\\\/1dronas.lt\\\/en\\\/#website\"},\"primaryImageOfPage\":{\"@id\":\"https:\\\/\\\/1dronas.lt\\\/en\\\/produktas\\\/hota-t6-300w-pd-90w-15a-1-6s-dc-lipo-battery-charger-xt60\\\/#primaryimage\"},\"image\":{\"@id\":\"https:\\\/\\\/1dronas.lt\\\/en\\\/produktas\\\/hota-t6-300w-pd-90w-15a-1-6s-dc-lipo-battery-charger-xt60\\\/#primaryimage\"},\"thumbnailUrl\":\"https:\\\/\\\/1dronas.lt\\\/wp-content\\\/uploads\\\/2025\\\/07\\\/hota-t6-dc-300w-pd-90w-15a-1-6s-lipo-battery-charge-_image-1_r-min.jpg\",\"datePublished\":\"2025-07-18T20:14:12+00:00\",\"dateModified\":\"2026-04-09T23:51:18+00:00\",\"breadcrumb\":{\"@id\":\"https:\\\/\\\/1dronas.lt\\\/en\\\/produktas\\\/hota-t6-300w-pd-90w-15a-1-6s-dc-lipo-battery-charger-xt60\\\/#breadcrumb\"},\"inLanguage\":\"en-US\",\"potentialAction\":[{\"@type\":\"ReadAction\",\"target\":[\"https:\\\/\\\/1dronas.lt\\\/en\\\/produktas\\\/hota-t6-300w-pd-90w-15a-1-6s-dc-lipo-battery-charger-xt60\\\/\"]}]},{\"@type\":\"ImageObject\",\"inLanguage\":\"en-US\",\"@id\":\"https:\\\/\\\/1dronas.lt\\\/en\\\/produktas\\\/hota-t6-300w-pd-90w-15a-1-6s-dc-lipo-battery-charger-xt60\\\/#primaryimage\",\"url\":\"https:\\\/\\\/1dronas.lt\\\/wp-content\\\/uploads\\\/2025\\\/07\\\/hota-t6-dc-300w-pd-90w-15a-1-6s-lipo-battery-charge-_image-1_r-min.jpg\",\"contentUrl\":\"https:\\\/\\\/1dronas.lt\\\/wp-content\\\/uploads\\\/2025\\\/07\\\/hota-t6-dc-300w-pd-90w-15a-1-6s-lipo-battery-charge-_image-1_r-min.jpg\",\"width\":1000,\"height\":1000},{\"@type\":\"BreadcrumbList\",\"@id\":\"https:\\\/\\\/1dronas.lt\\\/en\\\/produktas\\\/hota-t6-300w-pd-90w-15a-1-6s-dc-lipo-battery-charger-xt60\\\/#breadcrumb\",\"itemListElement\":[{\"@type\":\"ListItem\",\"position\":1,\"name\":\"Home\",\"item\":\"https:\\\/\\\/1dronas.lt\\\/\"},{\"@type\":\"ListItem\",\"position\":2,\"name\":\"Parduotuv\u0117\",\"item\":\"https:\\\/\\\/1dronas.lt\\\/parduotuve\\\/\"},{\"@type\":\"ListItem\",\"position\":3,\"name\":\"HOTA T6 300W PD 90W 15A 1-6S DC LiPo Battery Charger &#8211; XT60\"}]},{\"@type\":\"WebSite\",\"@id\":\"https:\\\/\\\/1dronas.lt\\\/en\\\/#website\",\"url\":\"https:\\\/\\\/1dronas.lt\\\/en\\\/\",\"name\":\"1dronas.lt\",\"description\":\"Internetin\u0117 parduotuv\u0117\",\"publisher\":{\"@id\":\"https:\\\/\\\/1dronas.lt\\\/en\\\/#organization\"},\"potentialAction\":[{\"@type\":\"SearchAction\",\"target\":{\"@type\":\"EntryPoint\",\"urlTemplate\":\"https:\\\/\\\/1dronas.lt\\\/en\\\/?s={search_term_string}\"},\"query-input\":{\"@type\":\"PropertyValueSpecification\",\"valueRequired\":true,\"valueName\":\"search_term_string\"}}],\"inLanguage\":\"en-US\"},{\"@type\":\"Organization\",\"@id\":\"https:\\\/\\\/1dronas.lt\\\/en\\\/#organization\",\"name\":\"1dronas.lt\",\"url\":\"https:\\\/\\\/1dronas.lt\\\/en\\\/\",\"logo\":{\"@type\":\"ImageObject\",\"inLanguage\":\"en-US\",\"@id\":\"https:\\\/\\\/1dronas.lt\\\/en\\\/#\\\/schema\\\/logo\\\/image\\\/\",\"url\":\"https:\\\/\\\/1dronas.lt\\\/wp-content\\\/uploads\\\/2020\\\/12\\\/Ekrano_kopija__2_-removebg-preview-1-1.png\",\"contentUrl\":\"https:\\\/\\\/1dronas.lt\\\/wp-content\\\/uploads\\\/2020\\\/12\\\/Ekrano_kopija__2_-removebg-preview-1-1.png\",\"width\":234,\"height\":81,\"caption\":\"1dronas.lt\"},\"image\":{\"@id\":\"https:\\\/\\\/1dronas.lt\\\/en\\\/#\\\/schema\\\/logo\\\/image\\\/\"},\"sameAs\":[\"https:\\\/\\\/www.facebook.com\\\/1dronas\\\/\"]}]}<\/script>\n<!-- \/ Yoast SEO plugin. -->","yoast_head_json":{"title":"HOTA T6 300W PD 90W 15A 1-6S DC LiPo Battery Charger - XT60 - 1dronas.lt","robots":{"index":"index","follow":"follow","max-snippet":"max-snippet:-1","max-image-preview":"max-image-preview:large","max-video-preview":"max-video-preview:-1"},"canonical":"https:\/\/1dronas.lt\/en\/produktas\/hota-t6-300w-pd-90w-15a-1-6s-dc-lipo-battery-charger-xt60\/","og_locale":"en_US","og_type":"article","og_title":"HOTA T6 300W PD 90W 15A 1-6S DC LiPo Battery Charger - XT60 - 1dronas.lt","og_description":"\u0160is ma\u017eas, saugus ir patikimas \u012fkroviklis idealiai tinka FPV lenktynini\u0173 dron\u0173 akumuliatoriams.   \u00a01 \u2013 2 d. d.","og_url":"https:\/\/1dronas.lt\/en\/produktas\/hota-t6-300w-pd-90w-15a-1-6s-dc-lipo-battery-charger-xt60\/","og_site_name":"1dronas.lt","article_publisher":"https:\/\/www.facebook.com\/1dronas\/","article_modified_time":"2026-04-09T23:51:18+00:00","og_image":[{"width":1000,"height":1000,"url":"https:\/\/1dronas.lt\/wp-content\/uploads\/2025\/07\/hota-t6-dc-300w-pd-90w-15a-1-6s-lipo-battery-charge-_image-1_r-min.jpg","type":"image\/jpeg"}],"twitter_card":"summary_large_image","twitter_misc":{"Est. reading time":"2 minutes"},"schema":{"@context":"https:\/\/schema.org","@graph":[{"@type":"WebPage","@id":"https:\/\/1dronas.lt\/en\/produktas\/hota-t6-300w-pd-90w-15a-1-6s-dc-lipo-battery-charger-xt60\/","url":"https:\/\/1dronas.lt\/en\/produktas\/hota-t6-300w-pd-90w-15a-1-6s-dc-lipo-battery-charger-xt60\/","name":"HOTA T6 300W PD 90W 15A 1-6S DC LiPo Battery Charger - XT60 - 1dronas.lt","isPartOf":{"@id":"https:\/\/1dronas.lt\/en\/#website"},"primaryImageOfPage":{"@id":"https:\/\/1dronas.lt\/en\/produktas\/hota-t6-300w-pd-90w-15a-1-6s-dc-lipo-battery-charger-xt60\/#primaryimage"},"image":{"@id":"https:\/\/1dronas.lt\/en\/produktas\/hota-t6-300w-pd-90w-15a-1-6s-dc-lipo-battery-charger-xt60\/#primaryimage"},"thumbnailUrl":"https:\/\/1dronas.lt\/wp-content\/uploads\/2025\/07\/hota-t6-dc-300w-pd-90w-15a-1-6s-lipo-battery-charge-_image-1_r-min.jpg","datePublished":"2025-07-18T20:14:12+00:00","dateModified":"2026-04-09T23:51:18+00:00","breadcrumb":{"@id":"https:\/\/1dronas.lt\/en\/produktas\/hota-t6-300w-pd-90w-15a-1-6s-dc-lipo-battery-charger-xt60\/#breadcrumb"},"inLanguage":"en-US","potentialAction":[{"@type":"ReadAction","target":["https:\/\/1dronas.lt\/en\/produktas\/hota-t6-300w-pd-90w-15a-1-6s-dc-lipo-battery-charger-xt60\/"]}]},{"@type":"ImageObject","inLanguage":"en-US","@id":"https:\/\/1dronas.lt\/en\/produktas\/hota-t6-300w-pd-90w-15a-1-6s-dc-lipo-battery-charger-xt60\/#primaryimage","url":"https:\/\/1dronas.lt\/wp-content\/uploads\/2025\/07\/hota-t6-dc-300w-pd-90w-15a-1-6s-lipo-battery-charge-_image-1_r-min.jpg","contentUrl":"https:\/\/1dronas.lt\/wp-content\/uploads\/2025\/07\/hota-t6-dc-300w-pd-90w-15a-1-6s-lipo-battery-charge-_image-1_r-min.jpg","width":1000,"height":1000},{"@type":"BreadcrumbList","@id":"https:\/\/1dronas.lt\/en\/produktas\/hota-t6-300w-pd-90w-15a-1-6s-dc-lipo-battery-charger-xt60\/#breadcrumb","itemListElement":[{"@type":"ListItem","position":1,"name":"Home","item":"https:\/\/1dronas.lt\/"},{"@type":"ListItem","position":2,"name":"Parduotuv\u0117","item":"https:\/\/1dronas.lt\/parduotuve\/"},{"@type":"ListItem","position":3,"name":"HOTA T6 300W PD 90W 15A 1-6S DC LiPo Battery Charger &#8211; XT60"}]},{"@type":"WebSite","@id":"https:\/\/1dronas.lt\/en\/#website","url":"https:\/\/1dronas.lt\/en\/","name":"1dronas.lt","description":"Online store","publisher":{"@id":"https:\/\/1dronas.lt\/en\/#organization"},"potentialAction":[{"@type":"SearchAction","target":{"@type":"EntryPoint","urlTemplate":"https:\/\/1dronas.lt\/en\/?s={search_term_string}"},"query-input":{"@type":"PropertyValueSpecification","valueRequired":true,"valueName":"search_term_string"}}],"inLanguage":"en-US"},{"@type":"Organization","@id":"https:\/\/1dronas.lt\/en\/#organization","name":"1dronas.lt","url":"https:\/\/1dronas.lt\/en\/","logo":{"@type":"ImageObject","inLanguage":"en-US","@id":"https:\/\/1dronas.lt\/en\/#\/schema\/logo\/image\/","url":"https:\/\/1dronas.lt\/wp-content\/uploads\/2020\/12\/Ekrano_kopija__2_-removebg-preview-1-1.png","contentUrl":"https:\/\/1dronas.lt\/wp-content\/uploads\/2020\/12\/Ekrano_kopija__2_-removebg-preview-1-1.png","width":234,"height":81,"caption":"1dronas.lt"},"image":{"@id":"https:\/\/1dronas.lt\/en\/#\/schema\/logo\/image\/"},"sameAs":["https:\/\/www.facebook.com\/1dronas\/"]}]}},"jetpack_sharing_enabled":true,"_links":{"self":[{"href":"https:\/\/1dronas.lt\/en\/wp-json\/wp\/v2\/product\/10261","targetHints":{"allow":["GET"]}}],"collection":[{"href":"https:\/\/1dronas.lt\/en\/wp-json\/wp\/v2\/product"}],"about":[{"href":"https:\/\/1dronas.lt\/en\/wp-json\/wp\/v2\/types\/product"}],"replies":[{"embeddable":true,"href":"https:\/\/1dronas.lt\/en\/wp-json\/wp\/v2\/comments?post=10261"}],"wp:featuredmedia":[{"embeddable":true,"href":"https:\/\/1dronas.lt\/en\/wp-json\/wp\/v2\/media\/10263"}],"wp:attachment":[{"href":"https:\/\/1dronas.lt\/en\/wp-json\/wp\/v2\/media?parent=10261"}],"wp:term":[{"taxonomy":"product_brand","embeddable":true,"href":"https:\/\/1dronas.lt\/en\/wp-json\/wp\/v2\/product_brand?post=10261"},{"taxonomy":"product_cat","embeddable":true,"href":"https:\/\/1dronas.lt\/en\/wp-json\/wp\/v2\/product_cat?post=10261"},{"taxonomy":"product_tag","embeddable":true,"href":"https:\/\/1dronas.lt\/en\/wp-json\/wp\/v2\/product_tag?post=10261"}],"curies":[{"name":"wp","href":"https:\/\/api.w.org\/{rel}","templated":true}]}}