{"id":10254,"date":"2025-07-18T19:56:05","date_gmt":"2025-07-18T19:56:05","guid":{"rendered":"https:\/\/1dronas.lt\/?post_type=product&#038;p=10254"},"modified":"2026-04-16T10:22:12","modified_gmt":"2026-04-16T07:22:12","slug":"hota-t8-dc-650w-22a-1-8s-lipo-battery-smart-charger-checker","status":"publish","type":"product","link":"https:\/\/1dronas.lt\/en\/produktas\/hota-t8-dc-650w-22a-1-8s-lipo-battery-smart-charger-checker\/","title":{"rendered":"HOTA T8 DC 650W 22A 1-8S LiPo Battery Smart Charger\/Checker"},"content":{"rendered":"<p data-start=\"0\" data-end=\"348\"><span style=\"color: #ed1c24;\"><em>*Important: Charger power supply sold separately!<\/em><\/span><\/p>\n<p data-start=\"0\" data-end=\"348\"><strong>Features:<\/strong><\/p>\n<p data-start=\"0\" data-end=\"348\">The HOTA T8 650W 8S DC Charger is a smart, high-power device capable of delivering up to 650W of power and 22A of current. Compatible with 1-8 cell (1-8S) batteries, this compact, user-friendly charger is perfect for all your battery charging needs - ensuring safe, efficient and fast charging anywhere.<\/p>\n<p data-start=\"0\" data-end=\"348\"><strong>Specification:<\/strong><\/p>\n<p data-start=\"386\" data-end=\"432\">\u2022 Input voltage: DC 7.0\u201335.0 V, max. 27;<br \/>\n\u2022 Charging power: 0.1\u201322 A @ 650 W;<br \/>\n\u2022 Discharge power:<br \/>\nNormal mode: 0.1\u20133 A @ 20 W;<br \/>\nWith external receiver: 0.1\u201322 A @ 650 W;<br \/>\n\u2022 Display: 2.8-inch IPS, 320\u00d7240 resolution, 260,000 colors;<br \/>\n\u2022 Dimensions: 97 mm \u00d7 69.5 mm \u00d7 34 mm;<br \/>\n\u2022 USB-A output: 5 V @ 2.1 A (for software update);<br \/>\n\u2022 Balancing current: 1000 mA @ 4.2 V;<br \/>\n\u2022 Net weight: about 194 g;<br \/>\n\u2022 Operating temperature: 0\u201340 \u00b0C;<br \/>\n\u2022 Storage temperature: -20\u201360 \u00b0C;<br \/>\n\u2022 Smart batteries \/ LiHV \/ LiPo \/ LiFe \/ LiIon \/ LiXX \/ LTO: 1\u20138 cells (1\u20138S);<br \/>\n\u2022 NiZn \/ NiCd \/ NiMH: 1-20 cells (1-20S);<br \/>\n\u2022 Eneloop: 1\u201320S;<br \/>\n\u2022 Lead acid (PB): 1\u201312S;<br \/>\n\u2022 Power supply (PSU mode): 0.5\u201322 A @ 1\u201335 V (mode: CC + CV);<br \/>\n\u2022 SBUS: 880\u20132200 \u00b5s \u00d7 16 channels @ 74 Hz;<br \/>\n\u2022 PWM: 500-2500 \u00b5s @ 20-1000 Hz;<br \/>\n\u2022 PPM: 880\u20132200 \u00b5s \u00d7 8 channels @ 50 Hz;<br \/>\n\u2022 SBUS: 880\u20132200 \u00b5s \u00d7 16 channels @ 20\u2013100 Hz;<br \/>\n\u2022 PPM: 880\u20132200 \u00b5s \u00d7 8 channels @ 20\u201350 Hz;<br \/>\n\u2022 PWM: 880-2200\u00b5s @ 20-400Hz;<br \/>\n\u2022 ESC testing: 1\u201320 A @ 1\u201335 V, max. 650 W;<br \/>\n\u2022 Internal resistance: 1\u201399 m\u03a9 @ 1\u20138S;<br \/>\n\u2022 Voltage: 1.0\u20135.0 V @ 1\u20138S.<\/p>\n<p data-start=\"1659\" data-end=\"1689\"><strong data-start=\"1700\" data-end=\"1717\">Package:<\/strong><\/p>\n<p data-start=\"1721\" data-end=\"1792\">1 x HOTA T8 DC 650W 22A 1-8S LiPo smart charger;<br \/>\n1 x User manual.<\/p>\n<p data-start=\"1721\" data-end=\"1792\">","protected":false},"excerpt":{"rendered":"<p><span style=\"color: #333333;\">The HOTA T8 650W 8S DC charger is a smart, high-power device capable of delivering up to 650W of power and 22A of current.<\/span><\/p>\n<p><span style=\"color: #000000;\"><span style=\"color: #333333;\"><img loading=\"lazy\" decoding=\"async\" class=\"alignnone wp-image-1806\" src=\"https:\/\/1dronas.lt\/wp-content\/uploads\/2021\/05\/delivery-icon.png\" alt=\"\" width=\"24\" height=\"24\" srcset=\"https:\/\/1dronas.lt\/wp-content\/uploads\/2021\/05\/delivery-icon.png 35w, https:\/\/1dronas.lt\/wp-content\/uploads\/2021\/05\/delivery-icon-12x12.png 12w\" sizes=\"auto, (max-width: 24px) 100vw, 24px\" \/> \u00a0<\/span><span style=\"font-size: 90%;\"><strong><span style=\"color: #333333;\">1 \u2013 2 days.<\/span>.<\/strong><\/span><\/span><\/p>","protected":false},"featured_media":10256,"comment_status":"open","ping_status":"closed","template":"","meta":[],"product_brand":[646],"product_cat":[157],"product_tag":[670,667],"class_list":{"0":"post-10254","1":"product","2":"type-product","3":"status-publish","4":"has-post-thumbnail","6":"product_brand-hota","7":"product_cat-ikrovikliai","8":"product_tag-22a-1-8s-lipo-battery","9":"product_tag-hota-t8-dc-650w","11":"first","12":"instock","13":"taxable","14":"shipping-taxable","15":"purchasable","16":"product-type-simple"},"yoast_head":"<!-- This site is optimized with the Yoast SEO plugin v27.5 - https:\/\/yoast.com\/product\/yoast-seo-wordpress\/ -->\n<title>HOTA T8 DC 650W 22A 1-8S LiPo Battery Smart Charger\/Checker - 1dronas.lt<\/title>\n<meta name=\"robots\" content=\"index, follow, max-snippet:-1, max-image-preview:large, max-video-preview:-1\" \/>\n<link rel=\"canonical\" href=\"https:\/\/1dronas.lt\/en\/produktas\/hota-t8-dc-650w-22a-1-8s-lipo-battery-smart-charger-checker\/\" \/>\n<meta property=\"og:locale\" content=\"en_US\" \/>\n<meta property=\"og:type\" content=\"article\" \/>\n<meta property=\"og:title\" content=\"HOTA T8 DC 650W 22A 1-8S LiPo Battery Smart Charger\/Checker - 1dronas.lt\" \/>\n<meta property=\"og:description\" content=\"HOTA T8 650W 8S DC \u012fkroviklis \u2013 tai i\u0161manus, didel\u0117s galios \u012frenginys, galintis tiekti iki 650 W galios ir 22 A srov\u0117s.   \u00a01 \u2013 2 d. d.\" \/>\n<meta property=\"og:url\" content=\"https:\/\/1dronas.lt\/en\/produktas\/hota-t8-dc-650w-22a-1-8s-lipo-battery-smart-charger-checker\/\" \/>\n<meta property=\"og:site_name\" content=\"1dronas.lt\" \/>\n<meta property=\"article:publisher\" content=\"https:\/\/www.facebook.com\/1dronas\/\" \/>\n<meta property=\"article:modified_time\" content=\"2026-04-16T07:22:12+00:00\" \/>\n<meta property=\"og:image\" content=\"https:\/\/1dronas.lt\/wp-content\/uploads\/2025\/07\/hota-t8-dc-650w-22a-1-8s-lipo-battery-smart-charger-_-checker-_image-1_-min.jpg\" \/>\n\t<meta property=\"og:image:width\" content=\"1000\" \/>\n\t<meta property=\"og:image:height\" content=\"1000\" \/>\n\t<meta property=\"og:image:type\" content=\"image\/jpeg\" \/>\n<meta name=\"twitter:card\" content=\"summary_large_image\" \/>\n<meta name=\"twitter:label1\" content=\"Est. reading time\" \/>\n\t<meta name=\"twitter:data1\" content=\"2 minutes\" \/>\n<script type=\"application\/ld+json\" class=\"yoast-schema-graph\">{\"@context\":\"https:\\\/\\\/schema.org\",\"@graph\":[{\"@type\":\"WebPage\",\"@id\":\"https:\\\/\\\/1dronas.lt\\\/en\\\/produktas\\\/hota-t8-dc-650w-22a-1-8s-lipo-battery-smart-charger-checker\\\/\",\"url\":\"https:\\\/\\\/1dronas.lt\\\/en\\\/produktas\\\/hota-t8-dc-650w-22a-1-8s-lipo-battery-smart-charger-checker\\\/\",\"name\":\"HOTA T8 DC 650W 22A 1-8S LiPo Battery Smart Charger\\\/Checker - 1dronas.lt\",\"isPartOf\":{\"@id\":\"https:\\\/\\\/1dronas.lt\\\/en\\\/#website\"},\"primaryImageOfPage\":{\"@id\":\"https:\\\/\\\/1dronas.lt\\\/en\\\/produktas\\\/hota-t8-dc-650w-22a-1-8s-lipo-battery-smart-charger-checker\\\/#primaryimage\"},\"image\":{\"@id\":\"https:\\\/\\\/1dronas.lt\\\/en\\\/produktas\\\/hota-t8-dc-650w-22a-1-8s-lipo-battery-smart-charger-checker\\\/#primaryimage\"},\"thumbnailUrl\":\"https:\\\/\\\/1dronas.lt\\\/wp-content\\\/uploads\\\/2025\\\/07\\\/hota-t8-dc-650w-22a-1-8s-lipo-battery-smart-charger-_-checker-_image-1_-min.jpg\",\"datePublished\":\"2025-07-18T19:56:05+00:00\",\"dateModified\":\"2026-04-16T07:22:12+00:00\",\"breadcrumb\":{\"@id\":\"https:\\\/\\\/1dronas.lt\\\/en\\\/produktas\\\/hota-t8-dc-650w-22a-1-8s-lipo-battery-smart-charger-checker\\\/#breadcrumb\"},\"inLanguage\":\"en-US\",\"potentialAction\":[{\"@type\":\"ReadAction\",\"target\":[\"https:\\\/\\\/1dronas.lt\\\/en\\\/produktas\\\/hota-t8-dc-650w-22a-1-8s-lipo-battery-smart-charger-checker\\\/\"]}]},{\"@type\":\"ImageObject\",\"inLanguage\":\"en-US\",\"@id\":\"https:\\\/\\\/1dronas.lt\\\/en\\\/produktas\\\/hota-t8-dc-650w-22a-1-8s-lipo-battery-smart-charger-checker\\\/#primaryimage\",\"url\":\"https:\\\/\\\/1dronas.lt\\\/wp-content\\\/uploads\\\/2025\\\/07\\\/hota-t8-dc-650w-22a-1-8s-lipo-battery-smart-charger-_-checker-_image-1_-min.jpg\",\"contentUrl\":\"https:\\\/\\\/1dronas.lt\\\/wp-content\\\/uploads\\\/2025\\\/07\\\/hota-t8-dc-650w-22a-1-8s-lipo-battery-smart-charger-_-checker-_image-1_-min.jpg\",\"width\":1000,\"height\":1000},{\"@type\":\"BreadcrumbList\",\"@id\":\"https:\\\/\\\/1dronas.lt\\\/en\\\/produktas\\\/hota-t8-dc-650w-22a-1-8s-lipo-battery-smart-charger-checker\\\/#breadcrumb\",\"itemListElement\":[{\"@type\":\"ListItem\",\"position\":1,\"name\":\"Home\",\"item\":\"https:\\\/\\\/1dronas.lt\\\/\"},{\"@type\":\"ListItem\",\"position\":2,\"name\":\"Parduotuv\u0117\",\"item\":\"https:\\\/\\\/1dronas.lt\\\/parduotuve\\\/\"},{\"@type\":\"ListItem\",\"position\":3,\"name\":\"HOTA T8 DC 650W 22A 1-8S LiPo Battery Smart Charger\\\/Checker\"}]},{\"@type\":\"WebSite\",\"@id\":\"https:\\\/\\\/1dronas.lt\\\/en\\\/#website\",\"url\":\"https:\\\/\\\/1dronas.lt\\\/en\\\/\",\"name\":\"1dronas.lt\",\"description\":\"Internetin\u0117 parduotuv\u0117\",\"publisher\":{\"@id\":\"https:\\\/\\\/1dronas.lt\\\/en\\\/#organization\"},\"potentialAction\":[{\"@type\":\"SearchAction\",\"target\":{\"@type\":\"EntryPoint\",\"urlTemplate\":\"https:\\\/\\\/1dronas.lt\\\/en\\\/?s={search_term_string}\"},\"query-input\":{\"@type\":\"PropertyValueSpecification\",\"valueRequired\":true,\"valueName\":\"search_term_string\"}}],\"inLanguage\":\"en-US\"},{\"@type\":\"Organization\",\"@id\":\"https:\\\/\\\/1dronas.lt\\\/en\\\/#organization\",\"name\":\"1dronas.lt\",\"url\":\"https:\\\/\\\/1dronas.lt\\\/en\\\/\",\"logo\":{\"@type\":\"ImageObject\",\"inLanguage\":\"en-US\",\"@id\":\"https:\\\/\\\/1dronas.lt\\\/en\\\/#\\\/schema\\\/logo\\\/image\\\/\",\"url\":\"https:\\\/\\\/1dronas.lt\\\/wp-content\\\/uploads\\\/2020\\\/12\\\/Ekrano_kopija__2_-removebg-preview-1-1.png\",\"contentUrl\":\"https:\\\/\\\/1dronas.lt\\\/wp-content\\\/uploads\\\/2020\\\/12\\\/Ekrano_kopija__2_-removebg-preview-1-1.png\",\"width\":234,\"height\":81,\"caption\":\"1dronas.lt\"},\"image\":{\"@id\":\"https:\\\/\\\/1dronas.lt\\\/en\\\/#\\\/schema\\\/logo\\\/image\\\/\"},\"sameAs\":[\"https:\\\/\\\/www.facebook.com\\\/1dronas\\\/\"]}]}<\/script>\n<!-- \/ Yoast SEO plugin. -->","yoast_head_json":{"title":"HOTA T8 DC 650W 22A 1-8S LiPo Battery Smart Charger\/Checker - 1dronas.lt","robots":{"index":"index","follow":"follow","max-snippet":"max-snippet:-1","max-image-preview":"max-image-preview:large","max-video-preview":"max-video-preview:-1"},"canonical":"https:\/\/1dronas.lt\/en\/produktas\/hota-t8-dc-650w-22a-1-8s-lipo-battery-smart-charger-checker\/","og_locale":"en_US","og_type":"article","og_title":"HOTA T8 DC 650W 22A 1-8S LiPo Battery Smart Charger\/Checker - 1dronas.lt","og_description":"HOTA T8 650W 8S DC \u012fkroviklis \u2013 tai i\u0161manus, didel\u0117s galios \u012frenginys, galintis tiekti iki 650 W galios ir 22 A srov\u0117s.   \u00a01 \u2013 2 d. d.","og_url":"https:\/\/1dronas.lt\/en\/produktas\/hota-t8-dc-650w-22a-1-8s-lipo-battery-smart-charger-checker\/","og_site_name":"1dronas.lt","article_publisher":"https:\/\/www.facebook.com\/1dronas\/","article_modified_time":"2026-04-16T07:22:12+00:00","og_image":[{"width":1000,"height":1000,"url":"https:\/\/1dronas.lt\/wp-content\/uploads\/2025\/07\/hota-t8-dc-650w-22a-1-8s-lipo-battery-smart-charger-_-checker-_image-1_-min.jpg","type":"image\/jpeg"}],"twitter_card":"summary_large_image","twitter_misc":{"Est. reading time":"2 minutes"},"schema":{"@context":"https:\/\/schema.org","@graph":[{"@type":"WebPage","@id":"https:\/\/1dronas.lt\/en\/produktas\/hota-t8-dc-650w-22a-1-8s-lipo-battery-smart-charger-checker\/","url":"https:\/\/1dronas.lt\/en\/produktas\/hota-t8-dc-650w-22a-1-8s-lipo-battery-smart-charger-checker\/","name":"HOTA T8 DC 650W 22A 1-8S LiPo Battery Smart Charger\/Checker - 1dronas.lt","isPartOf":{"@id":"https:\/\/1dronas.lt\/en\/#website"},"primaryImageOfPage":{"@id":"https:\/\/1dronas.lt\/en\/produktas\/hota-t8-dc-650w-22a-1-8s-lipo-battery-smart-charger-checker\/#primaryimage"},"image":{"@id":"https:\/\/1dronas.lt\/en\/produktas\/hota-t8-dc-650w-22a-1-8s-lipo-battery-smart-charger-checker\/#primaryimage"},"thumbnailUrl":"https:\/\/1dronas.lt\/wp-content\/uploads\/2025\/07\/hota-t8-dc-650w-22a-1-8s-lipo-battery-smart-charger-_-checker-_image-1_-min.jpg","datePublished":"2025-07-18T19:56:05+00:00","dateModified":"2026-04-16T07:22:12+00:00","breadcrumb":{"@id":"https:\/\/1dronas.lt\/en\/produktas\/hota-t8-dc-650w-22a-1-8s-lipo-battery-smart-charger-checker\/#breadcrumb"},"inLanguage":"en-US","potentialAction":[{"@type":"ReadAction","target":["https:\/\/1dronas.lt\/en\/produktas\/hota-t8-dc-650w-22a-1-8s-lipo-battery-smart-charger-checker\/"]}]},{"@type":"ImageObject","inLanguage":"en-US","@id":"https:\/\/1dronas.lt\/en\/produktas\/hota-t8-dc-650w-22a-1-8s-lipo-battery-smart-charger-checker\/#primaryimage","url":"https:\/\/1dronas.lt\/wp-content\/uploads\/2025\/07\/hota-t8-dc-650w-22a-1-8s-lipo-battery-smart-charger-_-checker-_image-1_-min.jpg","contentUrl":"https:\/\/1dronas.lt\/wp-content\/uploads\/2025\/07\/hota-t8-dc-650w-22a-1-8s-lipo-battery-smart-charger-_-checker-_image-1_-min.jpg","width":1000,"height":1000},{"@type":"BreadcrumbList","@id":"https:\/\/1dronas.lt\/en\/produktas\/hota-t8-dc-650w-22a-1-8s-lipo-battery-smart-charger-checker\/#breadcrumb","itemListElement":[{"@type":"ListItem","position":1,"name":"Home","item":"https:\/\/1dronas.lt\/"},{"@type":"ListItem","position":2,"name":"Parduotuv\u0117","item":"https:\/\/1dronas.lt\/parduotuve\/"},{"@type":"ListItem","position":3,"name":"HOTA T8 DC 650W 22A 1-8S LiPo Battery Smart Charger\/Checker"}]},{"@type":"WebSite","@id":"https:\/\/1dronas.lt\/en\/#website","url":"https:\/\/1dronas.lt\/en\/","name":"1dronas.lt","description":"Online store","publisher":{"@id":"https:\/\/1dronas.lt\/en\/#organization"},"potentialAction":[{"@type":"SearchAction","target":{"@type":"EntryPoint","urlTemplate":"https:\/\/1dronas.lt\/en\/?s={search_term_string}"},"query-input":{"@type":"PropertyValueSpecification","valueRequired":true,"valueName":"search_term_string"}}],"inLanguage":"en-US"},{"@type":"Organization","@id":"https:\/\/1dronas.lt\/en\/#organization","name":"1dronas.lt","url":"https:\/\/1dronas.lt\/en\/","logo":{"@type":"ImageObject","inLanguage":"en-US","@id":"https:\/\/1dronas.lt\/en\/#\/schema\/logo\/image\/","url":"https:\/\/1dronas.lt\/wp-content\/uploads\/2020\/12\/Ekrano_kopija__2_-removebg-preview-1-1.png","contentUrl":"https:\/\/1dronas.lt\/wp-content\/uploads\/2020\/12\/Ekrano_kopija__2_-removebg-preview-1-1.png","width":234,"height":81,"caption":"1dronas.lt"},"image":{"@id":"https:\/\/1dronas.lt\/en\/#\/schema\/logo\/image\/"},"sameAs":["https:\/\/www.facebook.com\/1dronas\/"]}]}},"jetpack_sharing_enabled":true,"_links":{"self":[{"href":"https:\/\/1dronas.lt\/en\/wp-json\/wp\/v2\/product\/10254","targetHints":{"allow":["GET"]}}],"collection":[{"href":"https:\/\/1dronas.lt\/en\/wp-json\/wp\/v2\/product"}],"about":[{"href":"https:\/\/1dronas.lt\/en\/wp-json\/wp\/v2\/types\/product"}],"replies":[{"embeddable":true,"href":"https:\/\/1dronas.lt\/en\/wp-json\/wp\/v2\/comments?post=10254"}],"wp:featuredmedia":[{"embeddable":true,"href":"https:\/\/1dronas.lt\/en\/wp-json\/wp\/v2\/media\/10256"}],"wp:attachment":[{"href":"https:\/\/1dronas.lt\/en\/wp-json\/wp\/v2\/media?parent=10254"}],"wp:term":[{"taxonomy":"product_brand","embeddable":true,"href":"https:\/\/1dronas.lt\/en\/wp-json\/wp\/v2\/product_brand?post=10254"},{"taxonomy":"product_cat","embeddable":true,"href":"https:\/\/1dronas.lt\/en\/wp-json\/wp\/v2\/product_cat?post=10254"},{"taxonomy":"product_tag","embeddable":true,"href":"https:\/\/1dronas.lt\/en\/wp-json\/wp\/v2\/product_tag?post=10254"}],"curies":[{"name":"wp","href":"https:\/\/api.w.org\/{rel}","templated":true}]}}