{"id":10229,"date":"2025-07-16T20:00:19","date_gmt":"2025-07-16T20:00:19","guid":{"rendered":"https:\/\/1dronas.lt\/?post_type=product&#038;p=10229"},"modified":"2026-03-05T09:18:48","modified_gmt":"2026-03-05T07:18:48","slug":"hota-f6-4x250w-15a-1-6s-ac-dc","status":"publish","type":"product","link":"https:\/\/1dronas.lt\/en\/produktas\/hota-f6-4x250w-15a-1-6s-ac-dc\/","title":{"rendered":"HOTA F6+ 4x250W 15A 1-6S AC\/DC Smart Charger"},"content":{"rendered":"<p data-start=\"75\" data-end=\"498\"><strong>Features:<\/strong><\/p>\n<p data-start=\"75\" data-end=\"498\">HOTA F6+ is a powerful four-channel smart charger designed to charge various types of batteries. It has an integrated 500 W power supply, which allows the charger to be powered directly from the mains. There is also an XT90 input for powering from a DC source - this is especially useful in outdoor conditions. When using an external battery (DC power), the device can charge up to 1000 W of total power (250 W per channel).<\/p>\n<p data-start=\"500\" data-end=\"843\">The device also supports synchronous operation - two channels can simultaneously charge one battery with a power of up to 500 W. A practical function is the DC power supply mode, during which the HOTA F6+ can operate as a regulated power supply: the output voltage can be set from 5 to 29 V and the current limit from 0.1 to 15 A (max. power - 250 W).<\/p>\n<p data-start=\"845\" data-end=\"1120\">The charger also has a USB-A 5V\/2A output for charging an RC transmitter or action camera, for example. In addition to charging, the HOTA F6+ can also discharge batteries - internal discharge reaches up to 12W per channel, and when using an external source - up to 250W per channel.<\/p>\n<p data-start=\"1122\" data-end=\"1373\">The device has a servo connector through which you can send PWM\/PPM signals (use as a servo tester), or receive and measure them (check the operation of the RC receiver). All information is clearly presented on a color 2.8\u2033 IPS display (320 \u00d7 240 px resolution).<\/p>\n<p data-start=\"1122\" data-end=\"1373\"><strong data-start=\"1380\" data-end=\"1404\">Specification:<\/strong><\/p>\n<p data-start=\"1380\" data-end=\"1404\">\u2022 Input voltage: 100-240 V AC \/ 6.5-30 V DC;<br \/>\n\u2022 Charging current: 0.1\u201315 A;<br \/>\n\u2022 Maximum charging power:<br \/>\nUp to 500 W total power (using AC input);<br \/>\n4 \u00d7 250 W (using DC input &gt;24 V);<br \/>\n\u2022 Number of channels: 4;<br \/>\n\u2022 Supported battery types:<br \/>\nLiPo, LiIon, LiFe, LiHV: 1-6S;<br \/>\nNiCd, NiMH, NiZn: 1\u201316;<br \/>\nLead acid (Pb): 1\u201312;<br \/>\n\u2022 Balancing current: 1000 mA;<br \/>\n\u2022 Internal discharge:<span style=\"font-size: 14.4px;\"> 4 \u00d7 12W;<br \/>\n<\/span>\u2022 External discharge:<span style=\"font-size: 14.4px;\"> 4 \u00d7 250W;<br \/>\n<\/span>\u2022 USB-A outputs: 2 \u00d7 5 V \/ 2.1 A;<br \/>\n\u2022 Display: 2.8\u2033 IPS, 320 \u00d7 240 px;<br \/>\n\u2022 Dimensions: 115 \u00d7 126 \u00d7 87 mm;<br \/>\n\u2022 Weight: 935 g.<\/p>\n<p data-start=\"2023\" data-end=\"2043\"><strong data-start=\"2023\" data-end=\"2041\">Package:<\/strong><\/p>\n<p data-start=\"2023\" data-end=\"2043\">1 x HOTA F6+ charger;<br \/>\n1 x Power cord;<br \/>\n1 x User manual.<\/p>\n<p data-start=\"2023\" data-end=\"2043\"><img loading=\"lazy\" decoding=\"async\" class=\"alignnone wp-image-10234 size-large\" src=\"https:\/\/1dronas.lt\/wp-content\/uploads\/2025\/07\/22724-1256_1256-min-1024x1024.jpg\" alt=\"\" width=\"1020\" height=\"1020\" \/><\/p>","protected":false},"excerpt":{"rendered":"<p><span style=\"color: #333333;\">HOTA F6+ is a powerful four-channel smart charger designed to charge various types of batteries.<\/span><\/p>\n<p><span style=\"color: #333333;\"><img loading=\"lazy\" decoding=\"async\" class=\"alignnone wp-image-1806\" src=\"https:\/\/1dronas.lt\/wp-content\/uploads\/2021\/05\/delivery-icon.png\" alt=\"\" width=\"24\" height=\"24\" srcset=\"https:\/\/1dronas.lt\/wp-content\/uploads\/2021\/05\/delivery-icon.png 35w, https:\/\/1dronas.lt\/wp-content\/uploads\/2021\/05\/delivery-icon-12x12.png 12w\" sizes=\"auto, (max-width: 24px) 100vw, 24px\" \/> \u00a0<span style=\"font-size: 90%;\"><strong>1 \u2013 2 days<\/strong><\/span><\/span><\/p>","protected":false},"featured_media":10231,"comment_status":"open","ping_status":"closed","template":"","meta":[],"product_brand":[646],"product_cat":[157],"product_tag":[666,665,663],"class_list":{"0":"post-10229","1":"product","2":"type-product","3":"status-publish","4":"has-post-thumbnail","6":"product_brand-hota","7":"product_cat-ikrovikliai","8":"product_tag-15a-1-6s-ac-dc","9":"product_tag-4x250w","10":"product_tag-hota-f6","12":"first","13":"instock","14":"sale","15":"taxable","16":"shipping-taxable","17":"purchasable","18":"product-type-simple"},"yoast_head":"<!-- This site is optimized with the Yoast SEO plugin v27.5 - https:\/\/yoast.com\/product\/yoast-seo-wordpress\/ -->\n<title>HOTA F6+ 4x250W 15A 1-6S AC\/DC Smart Charger - 1dronas.lt<\/title>\n<meta name=\"robots\" content=\"index, follow, max-snippet:-1, max-image-preview:large, max-video-preview:-1\" \/>\n<link rel=\"canonical\" href=\"https:\/\/1dronas.lt\/en\/produktas\/hota-f6-4x250w-15a-1-6s-ac-dc\/\" \/>\n<meta property=\"og:locale\" content=\"en_US\" \/>\n<meta property=\"og:type\" content=\"article\" \/>\n<meta property=\"og:title\" content=\"HOTA F6+ 4x250W 15A 1-6S AC\/DC Smart Charger - 1dronas.lt\" \/>\n<meta property=\"og:description\" content=\"HOTA F6+ \u2013 tai galingas keturi\u0173 kanal\u0173 i\u0161manusis kroviklis, skirtas \u012fvairi\u0173 tip\u0173 akumuliatori\u0173 \u012fkrovimui.   \u00a01 \u2013 2 d. d.\" \/>\n<meta property=\"og:url\" content=\"https:\/\/1dronas.lt\/en\/produktas\/hota-f6-4x250w-15a-1-6s-ac-dc\/\" \/>\n<meta property=\"og:site_name\" content=\"1dronas.lt\" \/>\n<meta property=\"article:publisher\" content=\"https:\/\/www.facebook.com\/1dronas\/\" \/>\n<meta property=\"article:modified_time\" content=\"2026-03-05T07:18:48+00:00\" \/>\n<meta property=\"og:image\" content=\"https:\/\/1dronas.lt\/wp-content\/uploads\/2025\/07\/22721-2000_2000-min.jpg\" \/>\n\t<meta property=\"og:image:width\" content=\"2000\" \/>\n\t<meta property=\"og:image:height\" content=\"2000\" \/>\n\t<meta property=\"og:image:type\" content=\"image\/jpeg\" \/>\n<meta name=\"twitter:card\" content=\"summary_large_image\" \/>\n<meta name=\"twitter:label1\" content=\"Est. reading time\" \/>\n\t<meta name=\"twitter:data1\" content=\"3 minutes\" \/>\n<script type=\"application\/ld+json\" class=\"yoast-schema-graph\">{\"@context\":\"https:\\\/\\\/schema.org\",\"@graph\":[{\"@type\":\"WebPage\",\"@id\":\"https:\\\/\\\/1dronas.lt\\\/en\\\/produktas\\\/hota-f6-4x250w-15a-1-6s-ac-dc\\\/\",\"url\":\"https:\\\/\\\/1dronas.lt\\\/en\\\/produktas\\\/hota-f6-4x250w-15a-1-6s-ac-dc\\\/\",\"name\":\"HOTA F6+ 4x250W 15A 1-6S AC\\\/DC Smart Charger - 1dronas.lt\",\"isPartOf\":{\"@id\":\"https:\\\/\\\/1dronas.lt\\\/en\\\/#website\"},\"primaryImageOfPage\":{\"@id\":\"https:\\\/\\\/1dronas.lt\\\/en\\\/produktas\\\/hota-f6-4x250w-15a-1-6s-ac-dc\\\/#primaryimage\"},\"image\":{\"@id\":\"https:\\\/\\\/1dronas.lt\\\/en\\\/produktas\\\/hota-f6-4x250w-15a-1-6s-ac-dc\\\/#primaryimage\"},\"thumbnailUrl\":\"https:\\\/\\\/1dronas.lt\\\/wp-content\\\/uploads\\\/2025\\\/07\\\/22721-2000_2000-min.jpg\",\"datePublished\":\"2025-07-16T20:00:19+00:00\",\"dateModified\":\"2026-03-05T07:18:48+00:00\",\"breadcrumb\":{\"@id\":\"https:\\\/\\\/1dronas.lt\\\/en\\\/produktas\\\/hota-f6-4x250w-15a-1-6s-ac-dc\\\/#breadcrumb\"},\"inLanguage\":\"en-US\",\"potentialAction\":[{\"@type\":\"ReadAction\",\"target\":[\"https:\\\/\\\/1dronas.lt\\\/en\\\/produktas\\\/hota-f6-4x250w-15a-1-6s-ac-dc\\\/\"]}]},{\"@type\":\"ImageObject\",\"inLanguage\":\"en-US\",\"@id\":\"https:\\\/\\\/1dronas.lt\\\/en\\\/produktas\\\/hota-f6-4x250w-15a-1-6s-ac-dc\\\/#primaryimage\",\"url\":\"https:\\\/\\\/1dronas.lt\\\/wp-content\\\/uploads\\\/2025\\\/07\\\/22721-2000_2000-min.jpg\",\"contentUrl\":\"https:\\\/\\\/1dronas.lt\\\/wp-content\\\/uploads\\\/2025\\\/07\\\/22721-2000_2000-min.jpg\",\"width\":2000,\"height\":2000},{\"@type\":\"BreadcrumbList\",\"@id\":\"https:\\\/\\\/1dronas.lt\\\/en\\\/produktas\\\/hota-f6-4x250w-15a-1-6s-ac-dc\\\/#breadcrumb\",\"itemListElement\":[{\"@type\":\"ListItem\",\"position\":1,\"name\":\"Home\",\"item\":\"https:\\\/\\\/1dronas.lt\\\/\"},{\"@type\":\"ListItem\",\"position\":2,\"name\":\"Parduotuv\u0117\",\"item\":\"https:\\\/\\\/1dronas.lt\\\/parduotuve\\\/\"},{\"@type\":\"ListItem\",\"position\":3,\"name\":\"HOTA F6+ 4x250W 15A 1-6S AC\\\/DC Smart Charger\"}]},{\"@type\":\"WebSite\",\"@id\":\"https:\\\/\\\/1dronas.lt\\\/en\\\/#website\",\"url\":\"https:\\\/\\\/1dronas.lt\\\/en\\\/\",\"name\":\"1dronas.lt\",\"description\":\"Internetin\u0117 parduotuv\u0117\",\"publisher\":{\"@id\":\"https:\\\/\\\/1dronas.lt\\\/en\\\/#organization\"},\"potentialAction\":[{\"@type\":\"SearchAction\",\"target\":{\"@type\":\"EntryPoint\",\"urlTemplate\":\"https:\\\/\\\/1dronas.lt\\\/en\\\/?s={search_term_string}\"},\"query-input\":{\"@type\":\"PropertyValueSpecification\",\"valueRequired\":true,\"valueName\":\"search_term_string\"}}],\"inLanguage\":\"en-US\"},{\"@type\":\"Organization\",\"@id\":\"https:\\\/\\\/1dronas.lt\\\/en\\\/#organization\",\"name\":\"1dronas.lt\",\"url\":\"https:\\\/\\\/1dronas.lt\\\/en\\\/\",\"logo\":{\"@type\":\"ImageObject\",\"inLanguage\":\"en-US\",\"@id\":\"https:\\\/\\\/1dronas.lt\\\/en\\\/#\\\/schema\\\/logo\\\/image\\\/\",\"url\":\"https:\\\/\\\/1dronas.lt\\\/wp-content\\\/uploads\\\/2020\\\/12\\\/Ekrano_kopija__2_-removebg-preview-1-1.png\",\"contentUrl\":\"https:\\\/\\\/1dronas.lt\\\/wp-content\\\/uploads\\\/2020\\\/12\\\/Ekrano_kopija__2_-removebg-preview-1-1.png\",\"width\":234,\"height\":81,\"caption\":\"1dronas.lt\"},\"image\":{\"@id\":\"https:\\\/\\\/1dronas.lt\\\/en\\\/#\\\/schema\\\/logo\\\/image\\\/\"},\"sameAs\":[\"https:\\\/\\\/www.facebook.com\\\/1dronas\\\/\"]}]}<\/script>\n<!-- \/ Yoast SEO plugin. -->","yoast_head_json":{"title":"HOTA F6+ 4x250W 15A 1-6S AC\/DC Smart Charger - 1dronas.lt","robots":{"index":"index","follow":"follow","max-snippet":"max-snippet:-1","max-image-preview":"max-image-preview:large","max-video-preview":"max-video-preview:-1"},"canonical":"https:\/\/1dronas.lt\/en\/produktas\/hota-f6-4x250w-15a-1-6s-ac-dc\/","og_locale":"en_US","og_type":"article","og_title":"HOTA F6+ 4x250W 15A 1-6S AC\/DC Smart Charger - 1dronas.lt","og_description":"HOTA F6+ \u2013 tai galingas keturi\u0173 kanal\u0173 i\u0161manusis kroviklis, skirtas \u012fvairi\u0173 tip\u0173 akumuliatori\u0173 \u012fkrovimui.   \u00a01 \u2013 2 d. d.","og_url":"https:\/\/1dronas.lt\/en\/produktas\/hota-f6-4x250w-15a-1-6s-ac-dc\/","og_site_name":"1dronas.lt","article_publisher":"https:\/\/www.facebook.com\/1dronas\/","article_modified_time":"2026-03-05T07:18:48+00:00","og_image":[{"width":2000,"height":2000,"url":"https:\/\/1dronas.lt\/wp-content\/uploads\/2025\/07\/22721-2000_2000-min.jpg","type":"image\/jpeg"}],"twitter_card":"summary_large_image","twitter_misc":{"Est. reading time":"3 minutes"},"schema":{"@context":"https:\/\/schema.org","@graph":[{"@type":"WebPage","@id":"https:\/\/1dronas.lt\/en\/produktas\/hota-f6-4x250w-15a-1-6s-ac-dc\/","url":"https:\/\/1dronas.lt\/en\/produktas\/hota-f6-4x250w-15a-1-6s-ac-dc\/","name":"HOTA F6+ 4x250W 15A 1-6S AC\/DC Smart Charger - 1dronas.lt","isPartOf":{"@id":"https:\/\/1dronas.lt\/en\/#website"},"primaryImageOfPage":{"@id":"https:\/\/1dronas.lt\/en\/produktas\/hota-f6-4x250w-15a-1-6s-ac-dc\/#primaryimage"},"image":{"@id":"https:\/\/1dronas.lt\/en\/produktas\/hota-f6-4x250w-15a-1-6s-ac-dc\/#primaryimage"},"thumbnailUrl":"https:\/\/1dronas.lt\/wp-content\/uploads\/2025\/07\/22721-2000_2000-min.jpg","datePublished":"2025-07-16T20:00:19+00:00","dateModified":"2026-03-05T07:18:48+00:00","breadcrumb":{"@id":"https:\/\/1dronas.lt\/en\/produktas\/hota-f6-4x250w-15a-1-6s-ac-dc\/#breadcrumb"},"inLanguage":"en-US","potentialAction":[{"@type":"ReadAction","target":["https:\/\/1dronas.lt\/en\/produktas\/hota-f6-4x250w-15a-1-6s-ac-dc\/"]}]},{"@type":"ImageObject","inLanguage":"en-US","@id":"https:\/\/1dronas.lt\/en\/produktas\/hota-f6-4x250w-15a-1-6s-ac-dc\/#primaryimage","url":"https:\/\/1dronas.lt\/wp-content\/uploads\/2025\/07\/22721-2000_2000-min.jpg","contentUrl":"https:\/\/1dronas.lt\/wp-content\/uploads\/2025\/07\/22721-2000_2000-min.jpg","width":2000,"height":2000},{"@type":"BreadcrumbList","@id":"https:\/\/1dronas.lt\/en\/produktas\/hota-f6-4x250w-15a-1-6s-ac-dc\/#breadcrumb","itemListElement":[{"@type":"ListItem","position":1,"name":"Home","item":"https:\/\/1dronas.lt\/"},{"@type":"ListItem","position":2,"name":"Parduotuv\u0117","item":"https:\/\/1dronas.lt\/parduotuve\/"},{"@type":"ListItem","position":3,"name":"HOTA F6+ 4x250W 15A 1-6S AC\/DC Smart Charger"}]},{"@type":"WebSite","@id":"https:\/\/1dronas.lt\/en\/#website","url":"https:\/\/1dronas.lt\/en\/","name":"1dronas.lt","description":"Online store","publisher":{"@id":"https:\/\/1dronas.lt\/en\/#organization"},"potentialAction":[{"@type":"SearchAction","target":{"@type":"EntryPoint","urlTemplate":"https:\/\/1dronas.lt\/en\/?s={search_term_string}"},"query-input":{"@type":"PropertyValueSpecification","valueRequired":true,"valueName":"search_term_string"}}],"inLanguage":"en-US"},{"@type":"Organization","@id":"https:\/\/1dronas.lt\/en\/#organization","name":"1dronas.lt","url":"https:\/\/1dronas.lt\/en\/","logo":{"@type":"ImageObject","inLanguage":"en-US","@id":"https:\/\/1dronas.lt\/en\/#\/schema\/logo\/image\/","url":"https:\/\/1dronas.lt\/wp-content\/uploads\/2020\/12\/Ekrano_kopija__2_-removebg-preview-1-1.png","contentUrl":"https:\/\/1dronas.lt\/wp-content\/uploads\/2020\/12\/Ekrano_kopija__2_-removebg-preview-1-1.png","width":234,"height":81,"caption":"1dronas.lt"},"image":{"@id":"https:\/\/1dronas.lt\/en\/#\/schema\/logo\/image\/"},"sameAs":["https:\/\/www.facebook.com\/1dronas\/"]}]}},"jetpack_sharing_enabled":true,"_links":{"self":[{"href":"https:\/\/1dronas.lt\/en\/wp-json\/wp\/v2\/product\/10229","targetHints":{"allow":["GET"]}}],"collection":[{"href":"https:\/\/1dronas.lt\/en\/wp-json\/wp\/v2\/product"}],"about":[{"href":"https:\/\/1dronas.lt\/en\/wp-json\/wp\/v2\/types\/product"}],"replies":[{"embeddable":true,"href":"https:\/\/1dronas.lt\/en\/wp-json\/wp\/v2\/comments?post=10229"}],"wp:featuredmedia":[{"embeddable":true,"href":"https:\/\/1dronas.lt\/en\/wp-json\/wp\/v2\/media\/10231"}],"wp:attachment":[{"href":"https:\/\/1dronas.lt\/en\/wp-json\/wp\/v2\/media?parent=10229"}],"wp:term":[{"taxonomy":"product_brand","embeddable":true,"href":"https:\/\/1dronas.lt\/en\/wp-json\/wp\/v2\/product_brand?post=10229"},{"taxonomy":"product_cat","embeddable":true,"href":"https:\/\/1dronas.lt\/en\/wp-json\/wp\/v2\/product_cat?post=10229"},{"taxonomy":"product_tag","embeddable":true,"href":"https:\/\/1dronas.lt\/en\/wp-json\/wp\/v2\/product_tag?post=10229"}],"curies":[{"name":"wp","href":"https:\/\/api.w.org\/{rel}","templated":true}]}}