{"id":10222,"date":"2025-07-16T19:42:21","date_gmt":"2025-07-16T19:42:21","guid":{"rendered":"https:\/\/1dronas.lt\/?post_type=product&#038;p=10222"},"modified":"2026-03-05T09:11:23","modified_gmt":"2026-03-05T07:11:23","slug":"hota-f6-4x-250w","status":"publish","type":"product","link":"https:\/\/1dronas.lt\/en\/produktas\/hota-f6-4x-250w\/","title":{"rendered":"HOTA F6 4x 250W 1-6S 15A DC Smart Charger"},"content":{"rendered":"<p data-start=\"53\" data-end=\"392\"><span style=\"color: #ed1c24;\"><em>*Important: Charger power supply sold separately!<\/em><\/span><\/p>\n<p data-start=\"53\" data-end=\"392\"><strong>Features:<\/strong><\/p>\n<p data-start=\"53\" data-end=\"392\">HOTA F6 is a four-channel smart charger designed for 1-6S LiPo batteries and more. It is powered via an XT60 connector from a DC source (voltage range 10.5-30V). Each channel can charge up to 250W (total power up to 1000W). Synchronous mode is possible, when two channels charge one battery with up to 500W.<\/p>\n<p data-start=\"394\" data-end=\"720\">In addition to the four main XT60 connectors for charging batteries, the charger also has a USB-A (5V\/2.1A) and USB-C connector (up to 45W output power). The HOTA F6 also has a servo connector that allows you to send or receive PWM\/PPM signals - this allows you to use the device as a servo tester or a tool to check the function of an RC receiver.<\/p>\n<p data-start=\"722\" data-end=\"1070\">The charger supports all the most popular battery types \u2013 NiCd, NiMH, LiPo, Liion, LiHV, etc. Settings are made using a dial and button, and all information is presented on a color 2.8\u2033 display. HOTA F6 can also perform discharge \u2013 internal discharge reaches up to 12 W per channel, and when using an external load \u2013 up to 250 W per channel.<\/p>\n<p data-start=\"722\" data-end=\"1070\"><strong data-start=\"1077\" data-end=\"1101\">Specification:<\/strong><\/p>\n<p data-start=\"1077\" data-end=\"1101\">\u2022 Input voltage: 10.5-30 V DC;<br \/>\n\u2022 Charging current: 0.1\u201315 A;<br \/>\n\u2022 Maximum charging power: 4 \u00d7 250 W (when voltage &gt;23 V);<br \/>\n\u2022 Number of channels: 4;<br \/>\n\u2022 Supported battery types:<br \/>\nLiPo, LiIon, LiFe, LiHV: 1-6S;<br \/>\nNiCd, NiMH: 1\u201316;<br \/>\nLead acid (Pb): 1\u201312;<br \/>\n\u2022 Balancing current: 1000 mA;<br \/>\n\u2022 Internal discharge: 4 \u00d7 12 W;<br \/>\n\u2022 External discharge: 4 \u00d7 250 W;<br \/>\n\u2022 USB-A output: 5V\/2.1A;<br \/>\n\u2022 USB-C output: up to 45 W;<br \/>\n\u2022 Screen: 2.8\u2033, 320 \u00d7 240 px;<br \/>\n\u2022 Dimensions: 115 \u00d7 121 \u00d7 46 mm;<br \/>\n\u2022 Weight: 475 g.<\/p>\n<p data-start=\"1659\" data-end=\"1679\"><strong data-start=\"1659\" data-end=\"1677\">Package:<\/strong><\/p>\n<p data-start=\"1659\" data-end=\"1679\">1 x HOTA F6 charger;<br \/>\n1 x user manual.<\/p>\n<p data-start=\"1659\" data-end=\"1679\"><img loading=\"lazy\" decoding=\"async\" class=\"alignnone wp-image-10227 size-full\" src=\"https:\/\/1dronas.lt\/wp-content\/uploads\/2025\/07\/22308-910_910-min.jpg\" alt=\"\" width=\"910\" height=\"910\" srcset=\"https:\/\/1dronas.lt\/wp-content\/uploads\/2025\/07\/22308-910_910-min.jpg 910w, https:\/\/1dronas.lt\/wp-content\/uploads\/2025\/07\/22308-910_910-min-300x300.jpg 300w, https:\/\/1dronas.lt\/wp-content\/uploads\/2025\/07\/22308-910_910-min-150x150.jpg 150w, https:\/\/1dronas.lt\/wp-content\/uploads\/2025\/07\/22308-910_910-min-768x768.jpg 768w, https:\/\/1dronas.lt\/wp-content\/uploads\/2025\/07\/22308-910_910-min-12x12.jpg 12w, https:\/\/1dronas.lt\/wp-content\/uploads\/2025\/07\/22308-910_910-min-247x247.jpg 247w, https:\/\/1dronas.lt\/wp-content\/uploads\/2025\/07\/22308-910_910-min-510x510.jpg 510w, https:\/\/1dronas.lt\/wp-content\/uploads\/2025\/07\/22308-910_910-min-100x100.jpg 100w\" sizes=\"auto, (max-width: 910px) 100vw, 910px\" \/><\/p>","protected":false},"excerpt":{"rendered":"<p><span style=\"color: #333333;\">HOTA F6 is a four-channel smart charger designed not only for 1-6S LiPo batteries.<\/span><\/p>\n<p><span style=\"color: #333333;\"><img loading=\"lazy\" decoding=\"async\" class=\"alignnone wp-image-1806\" src=\"https:\/\/1dronas.lt\/wp-content\/uploads\/2021\/05\/delivery-icon.png\" alt=\"\" width=\"24\" height=\"24\" srcset=\"https:\/\/1dronas.lt\/wp-content\/uploads\/2021\/05\/delivery-icon.png 35w, https:\/\/1dronas.lt\/wp-content\/uploads\/2021\/05\/delivery-icon-12x12.png 12w\" sizes=\"auto, (max-width: 24px) 100vw, 24px\" \/> \u00a0<span style=\"font-size: 90%;\"><strong>1 \u2013 2 days<\/strong><\/span><\/span><\/p>","protected":false},"featured_media":10228,"comment_status":"open","ping_status":"closed","template":"","meta":[],"product_brand":[646],"product_cat":[157],"product_tag":[664,663],"class_list":{"0":"post-10222","1":"product","2":"type-product","3":"status-publish","4":"has-post-thumbnail","6":"product_brand-hota","7":"product_cat-ikrovikliai","8":"product_tag-4x-250w","9":"product_tag-hota-f6","11":"first","12":"outofstock","13":"taxable","14":"shipping-taxable","15":"purchasable","16":"product-type-simple"},"yoast_head":"<!-- This site is optimized with the Yoast SEO plugin v27.3 - https:\/\/yoast.com\/product\/yoast-seo-wordpress\/ -->\n<title>HOTA F6 4x 250W 1-6S 15A DC Smart Charger - 1dronas.lt<\/title>\n<meta name=\"robots\" content=\"index, follow, max-snippet:-1, max-image-preview:large, max-video-preview:-1\" \/>\n<link rel=\"canonical\" href=\"https:\/\/1dronas.lt\/en\/produktas\/hota-f6-4x-250w\/\" \/>\n<meta property=\"og:locale\" content=\"en_US\" \/>\n<meta property=\"og:type\" content=\"article\" \/>\n<meta property=\"og:title\" content=\"HOTA F6 4x 250W 1-6S 15A DC Smart Charger - 1dronas.lt\" \/>\n<meta property=\"og:description\" content=\"HOTA F6 \u2013 tai keturi\u0173 kanal\u0173 i\u0161manusis kroviklis, skirtas ne tik 1\u20136S LiPo akumuliatoriams.   \u00a01 \u2013 2 d. d.\" \/>\n<meta property=\"og:url\" content=\"https:\/\/1dronas.lt\/en\/produktas\/hota-f6-4x-250w\/\" \/>\n<meta property=\"og:site_name\" content=\"1dronas.lt\" \/>\n<meta property=\"article:publisher\" content=\"https:\/\/www.facebook.com\/1dronas\/\" \/>\n<meta property=\"article:modified_time\" content=\"2026-03-05T07:11:23+00:00\" \/>\n<meta property=\"og:image\" content=\"https:\/\/1dronas.lt\/wp-content\/uploads\/2025\/07\/22309-901_901-min.jpg\" \/>\n\t<meta property=\"og:image:width\" content=\"901\" \/>\n\t<meta property=\"og:image:height\" content=\"901\" \/>\n\t<meta property=\"og:image:type\" content=\"image\/jpeg\" \/>\n<meta name=\"twitter:card\" content=\"summary_large_image\" \/>\n<meta name=\"twitter:label1\" content=\"Est. reading time\" \/>\n\t<meta name=\"twitter:data1\" content=\"2 minutes\" \/>\n<script type=\"application\/ld+json\" class=\"yoast-schema-graph\">{\"@context\":\"https:\\\/\\\/schema.org\",\"@graph\":[{\"@type\":\"WebPage\",\"@id\":\"https:\\\/\\\/1dronas.lt\\\/en\\\/produktas\\\/hota-f6-4x-250w\\\/\",\"url\":\"https:\\\/\\\/1dronas.lt\\\/en\\\/produktas\\\/hota-f6-4x-250w\\\/\",\"name\":\"HOTA F6 4x 250W 1-6S 15A DC Smart Charger - 1dronas.lt\",\"isPartOf\":{\"@id\":\"https:\\\/\\\/1dronas.lt\\\/en\\\/#website\"},\"primaryImageOfPage\":{\"@id\":\"https:\\\/\\\/1dronas.lt\\\/en\\\/produktas\\\/hota-f6-4x-250w\\\/#primaryimage\"},\"image\":{\"@id\":\"https:\\\/\\\/1dronas.lt\\\/en\\\/produktas\\\/hota-f6-4x-250w\\\/#primaryimage\"},\"thumbnailUrl\":\"https:\\\/\\\/1dronas.lt\\\/wp-content\\\/uploads\\\/2025\\\/07\\\/22309-901_901-min.jpg\",\"datePublished\":\"2025-07-16T19:42:21+00:00\",\"dateModified\":\"2026-03-05T07:11:23+00:00\",\"breadcrumb\":{\"@id\":\"https:\\\/\\\/1dronas.lt\\\/en\\\/produktas\\\/hota-f6-4x-250w\\\/#breadcrumb\"},\"inLanguage\":\"en-US\",\"potentialAction\":[{\"@type\":\"ReadAction\",\"target\":[\"https:\\\/\\\/1dronas.lt\\\/en\\\/produktas\\\/hota-f6-4x-250w\\\/\"]}]},{\"@type\":\"ImageObject\",\"inLanguage\":\"en-US\",\"@id\":\"https:\\\/\\\/1dronas.lt\\\/en\\\/produktas\\\/hota-f6-4x-250w\\\/#primaryimage\",\"url\":\"https:\\\/\\\/1dronas.lt\\\/wp-content\\\/uploads\\\/2025\\\/07\\\/22309-901_901-min.jpg\",\"contentUrl\":\"https:\\\/\\\/1dronas.lt\\\/wp-content\\\/uploads\\\/2025\\\/07\\\/22309-901_901-min.jpg\",\"width\":901,\"height\":901},{\"@type\":\"BreadcrumbList\",\"@id\":\"https:\\\/\\\/1dronas.lt\\\/en\\\/produktas\\\/hota-f6-4x-250w\\\/#breadcrumb\",\"itemListElement\":[{\"@type\":\"ListItem\",\"position\":1,\"name\":\"Home\",\"item\":\"https:\\\/\\\/1dronas.lt\\\/\"},{\"@type\":\"ListItem\",\"position\":2,\"name\":\"Parduotuv\u0117\",\"item\":\"https:\\\/\\\/1dronas.lt\\\/parduotuve\\\/\"},{\"@type\":\"ListItem\",\"position\":3,\"name\":\"HOTA F6 4x 250W 1-6S 15A DC Smart Charger\"}]},{\"@type\":\"WebSite\",\"@id\":\"https:\\\/\\\/1dronas.lt\\\/en\\\/#website\",\"url\":\"https:\\\/\\\/1dronas.lt\\\/en\\\/\",\"name\":\"1dronas.lt\",\"description\":\"Internetin\u0117 parduotuv\u0117\",\"publisher\":{\"@id\":\"https:\\\/\\\/1dronas.lt\\\/en\\\/#organization\"},\"potentialAction\":[{\"@type\":\"SearchAction\",\"target\":{\"@type\":\"EntryPoint\",\"urlTemplate\":\"https:\\\/\\\/1dronas.lt\\\/en\\\/?s={search_term_string}\"},\"query-input\":{\"@type\":\"PropertyValueSpecification\",\"valueRequired\":true,\"valueName\":\"search_term_string\"}}],\"inLanguage\":\"en-US\"},{\"@type\":\"Organization\",\"@id\":\"https:\\\/\\\/1dronas.lt\\\/en\\\/#organization\",\"name\":\"1dronas.lt\",\"url\":\"https:\\\/\\\/1dronas.lt\\\/en\\\/\",\"logo\":{\"@type\":\"ImageObject\",\"inLanguage\":\"en-US\",\"@id\":\"https:\\\/\\\/1dronas.lt\\\/en\\\/#\\\/schema\\\/logo\\\/image\\\/\",\"url\":\"https:\\\/\\\/1dronas.lt\\\/wp-content\\\/uploads\\\/2020\\\/12\\\/Ekrano_kopija__2_-removebg-preview-1-1.png\",\"contentUrl\":\"https:\\\/\\\/1dronas.lt\\\/wp-content\\\/uploads\\\/2020\\\/12\\\/Ekrano_kopija__2_-removebg-preview-1-1.png\",\"width\":234,\"height\":81,\"caption\":\"1dronas.lt\"},\"image\":{\"@id\":\"https:\\\/\\\/1dronas.lt\\\/en\\\/#\\\/schema\\\/logo\\\/image\\\/\"},\"sameAs\":[\"https:\\\/\\\/www.facebook.com\\\/1dronas\\\/\"]}]}<\/script>\n<!-- \/ Yoast SEO plugin. -->","yoast_head_json":{"title":"HOTA F6 4x 250W 1-6S 15A DC Smart Charger - 1dronas.lt","robots":{"index":"index","follow":"follow","max-snippet":"max-snippet:-1","max-image-preview":"max-image-preview:large","max-video-preview":"max-video-preview:-1"},"canonical":"https:\/\/1dronas.lt\/en\/produktas\/hota-f6-4x-250w\/","og_locale":"en_US","og_type":"article","og_title":"HOTA F6 4x 250W 1-6S 15A DC Smart Charger - 1dronas.lt","og_description":"HOTA F6 \u2013 tai keturi\u0173 kanal\u0173 i\u0161manusis kroviklis, skirtas ne tik 1\u20136S LiPo akumuliatoriams.   \u00a01 \u2013 2 d. d.","og_url":"https:\/\/1dronas.lt\/en\/produktas\/hota-f6-4x-250w\/","og_site_name":"1dronas.lt","article_publisher":"https:\/\/www.facebook.com\/1dronas\/","article_modified_time":"2026-03-05T07:11:23+00:00","og_image":[{"width":901,"height":901,"url":"https:\/\/1dronas.lt\/wp-content\/uploads\/2025\/07\/22309-901_901-min.jpg","type":"image\/jpeg"}],"twitter_card":"summary_large_image","twitter_misc":{"Est. reading time":"2 minutes"},"schema":{"@context":"https:\/\/schema.org","@graph":[{"@type":"WebPage","@id":"https:\/\/1dronas.lt\/en\/produktas\/hota-f6-4x-250w\/","url":"https:\/\/1dronas.lt\/en\/produktas\/hota-f6-4x-250w\/","name":"HOTA F6 4x 250W 1-6S 15A DC Smart Charger - 1dronas.lt","isPartOf":{"@id":"https:\/\/1dronas.lt\/en\/#website"},"primaryImageOfPage":{"@id":"https:\/\/1dronas.lt\/en\/produktas\/hota-f6-4x-250w\/#primaryimage"},"image":{"@id":"https:\/\/1dronas.lt\/en\/produktas\/hota-f6-4x-250w\/#primaryimage"},"thumbnailUrl":"https:\/\/1dronas.lt\/wp-content\/uploads\/2025\/07\/22309-901_901-min.jpg","datePublished":"2025-07-16T19:42:21+00:00","dateModified":"2026-03-05T07:11:23+00:00","breadcrumb":{"@id":"https:\/\/1dronas.lt\/en\/produktas\/hota-f6-4x-250w\/#breadcrumb"},"inLanguage":"en-US","potentialAction":[{"@type":"ReadAction","target":["https:\/\/1dronas.lt\/en\/produktas\/hota-f6-4x-250w\/"]}]},{"@type":"ImageObject","inLanguage":"en-US","@id":"https:\/\/1dronas.lt\/en\/produktas\/hota-f6-4x-250w\/#primaryimage","url":"https:\/\/1dronas.lt\/wp-content\/uploads\/2025\/07\/22309-901_901-min.jpg","contentUrl":"https:\/\/1dronas.lt\/wp-content\/uploads\/2025\/07\/22309-901_901-min.jpg","width":901,"height":901},{"@type":"BreadcrumbList","@id":"https:\/\/1dronas.lt\/en\/produktas\/hota-f6-4x-250w\/#breadcrumb","itemListElement":[{"@type":"ListItem","position":1,"name":"Home","item":"https:\/\/1dronas.lt\/"},{"@type":"ListItem","position":2,"name":"Parduotuv\u0117","item":"https:\/\/1dronas.lt\/parduotuve\/"},{"@type":"ListItem","position":3,"name":"HOTA F6 4x 250W 1-6S 15A DC Smart Charger"}]},{"@type":"WebSite","@id":"https:\/\/1dronas.lt\/en\/#website","url":"https:\/\/1dronas.lt\/en\/","name":"1dronas.lt","description":"Online store","publisher":{"@id":"https:\/\/1dronas.lt\/en\/#organization"},"potentialAction":[{"@type":"SearchAction","target":{"@type":"EntryPoint","urlTemplate":"https:\/\/1dronas.lt\/en\/?s={search_term_string}"},"query-input":{"@type":"PropertyValueSpecification","valueRequired":true,"valueName":"search_term_string"}}],"inLanguage":"en-US"},{"@type":"Organization","@id":"https:\/\/1dronas.lt\/en\/#organization","name":"1dronas.lt","url":"https:\/\/1dronas.lt\/en\/","logo":{"@type":"ImageObject","inLanguage":"en-US","@id":"https:\/\/1dronas.lt\/en\/#\/schema\/logo\/image\/","url":"https:\/\/1dronas.lt\/wp-content\/uploads\/2020\/12\/Ekrano_kopija__2_-removebg-preview-1-1.png","contentUrl":"https:\/\/1dronas.lt\/wp-content\/uploads\/2020\/12\/Ekrano_kopija__2_-removebg-preview-1-1.png","width":234,"height":81,"caption":"1dronas.lt"},"image":{"@id":"https:\/\/1dronas.lt\/en\/#\/schema\/logo\/image\/"},"sameAs":["https:\/\/www.facebook.com\/1dronas\/"]}]}},"jetpack_sharing_enabled":true,"_links":{"self":[{"href":"https:\/\/1dronas.lt\/en\/wp-json\/wp\/v2\/product\/10222","targetHints":{"allow":["GET"]}}],"collection":[{"href":"https:\/\/1dronas.lt\/en\/wp-json\/wp\/v2\/product"}],"about":[{"href":"https:\/\/1dronas.lt\/en\/wp-json\/wp\/v2\/types\/product"}],"replies":[{"embeddable":true,"href":"https:\/\/1dronas.lt\/en\/wp-json\/wp\/v2\/comments?post=10222"}],"wp:featuredmedia":[{"embeddable":true,"href":"https:\/\/1dronas.lt\/en\/wp-json\/wp\/v2\/media\/10228"}],"wp:attachment":[{"href":"https:\/\/1dronas.lt\/en\/wp-json\/wp\/v2\/media?parent=10222"}],"wp:term":[{"taxonomy":"product_brand","embeddable":true,"href":"https:\/\/1dronas.lt\/en\/wp-json\/wp\/v2\/product_brand?post=10222"},{"taxonomy":"product_cat","embeddable":true,"href":"https:\/\/1dronas.lt\/en\/wp-json\/wp\/v2\/product_cat?post=10222"},{"taxonomy":"product_tag","embeddable":true,"href":"https:\/\/1dronas.lt\/en\/wp-json\/wp\/v2\/product_tag?post=10222"}],"curies":[{"name":"wp","href":"https:\/\/api.w.org\/{rel}","templated":true}]}}