{"id":10142,"date":"2025-07-10T21:20:31","date_gmt":"2025-07-10T21:20:31","guid":{"rendered":"https:\/\/1dronas.lt\/?post_type=product&#038;p=10142"},"modified":"2025-09-17T12:49:04","modified_gmt":"2025-09-17T09:49:04","slug":"speedybee-f405-mini-bls-35a-20x20-stack","status":"publish","type":"product","link":"https:\/\/1dronas.lt\/en\/produktas\/speedybee-f405-mini-bls-35a-20x20-stack\/","title":{"rendered":"SpeedyBee F405 Mini BLS 35A 20\u00d720 Stack"},"content":{"rendered":"<p><strong>Features:<\/strong><\/p>\n<p data-start=\"38\" data-end=\"352\">\u2022 SpeedyBee F405 Mini Kit with 35A BLS 4-in-1 ESC is the top-of-the-line SpeedyBee solution. It features a 35A 4-in-1 BLHeli_S electronic speed controller (ESC) and an F405 flight controller that supports the SpeedyBee phone app, allowing for convenient configuration of the drone via Bluetooth;<br \/>\n\u2022 SpeedyBee 50A 4-in-1 ESC supports up to 35A DC output. The ESC works with BLHeli_S firmware and comes with a 470uF low ESR capacitor;<br \/>\n\u2022 The flight controller supports DJI Air Unit systems via an integrated 9V 2A BEC. It has 6 UART ports for connecting accessories such as LED lights or GPS modules. It also has an integrated 8Mbit memory (blackbox) for recording flight data and an innovative 4-LED light system on the side plate that acts as a battery level indicator, showing the remaining battery capacity in percent.<\/p>\n<p><strong>Specification:<\/strong><\/p>\n<p><strong>FC:<\/strong><\/p>\n<p data-start=\"69\" data-end=\"101\">\u2022 MCU (controller): STM32F405;<br \/>\n\u2022 IMU (gyroscope): ICM42688P;<br \/>\n\u2022 USB connector type: Type-C;<br \/>\n\u2022 Barometer: Integrated;<br \/>\n\u2022 OSD chip: AT7456E;<br \/>\n\u2022 Bluetooth (BLE): Supported. Used to connect to the SpeedyBee app to configure flight controller and ESC parameters. It is necessary to enable MSP mode on the UART4 port and set the baud rate to 115200, otherwise Bluetooth will not work;<br \/>\n\u2022 Wireless firmware update: Not supported. FC must be connected to Betaflight Configurator on a computer;<br \/>\n\u2022 Wireless Blackbox data download and analysis: Not supported. Requires Betaflight Configurator;<br \/>\n\u2022 DJI Air Unit connection: Direct soldering;<br \/>\n\u2022 DJI Air Unit Compatibility: Compatible with all DJI devices: DJI O3 \/ RunCam Link \/ Caddx Vista \/ DJI Air Unit V1. Use solder points: &lt;9V, G, T1, R1, G, SUBS (R2)&gt;; \u2022 UART1 (T1, R1) is used for OSD, SUBS (R2) \u2013 for DJI SBUS signal;<br \/>\n\u2022 Blackbox (internal memory): 8MB flash;<br \/>\n\u2022 BetaFlight camera control: Yes (CC contact on the front side);<br \/>\n\u2022 Current sensor input: Supported. When used with SpeedyBee BLS 35A V2 ESC \u2013 set Scale=250, Offset=-500;<br \/>\n\u2022 Power (input): 3-6S LiPo. Power via G and V wires from 8-pin connector or G, V solder points on bottom;<br \/>\n\u2022 5V output: 4 groups: 3 contacts +5V and 1 BZ+ (for signal). Maximum load \u2013 2A;<br \/>\n\u2022 9V output: 1 +9V contact on the front. Maximum load \u2013 3A;<br \/>\n\u2022 3.3V output: Supported. Contact \u201c3V3\u201d on the front top. Up to 500 mA;<br \/>\n\u2022 4.5V output: Supported. For receiver and GPS even when FC is powered via USB. Up to 1A;<br \/>\n\u2022 ESC signal: M1\u2013M4 wires or solder points at the bottom;<br \/>\n\u2022 UART:<br \/>\nUART1 (OSD);<br \/>\nUART2;<br \/>\nUART3;<br \/>\nUART4 (Bluetooth);<br \/>\nUART5 (for ESC telemetry);<br \/>\nUART6;<br \/>\n\u2022 ESC telemetry: UART R5 (UART5);<br \/>\n\u2022 Betaflight LED: Supported. LED, 5V and GND pins on the bottom front;<br \/>\n\u2022 Signal buzzer: Use BZ+ and BZ- contacts (5V);<br \/>\n\u2022 BOOT button: Supported. Holding down while turning on the FC will enter DFU mode;<br \/>\n\u2022 Supported software: BetaFlight (default), INAV;<br \/>\n\u2022 Firmware name: SPEEDYBEEF405MINI;<br \/>\n\u2022 Mounting: 20\u00d720 mm, 3.5 mm diameter holes. Compatible with M2 and M3 screws \/ silicone sleeves;<br \/>\n\u2022 Dimensions: 30 x 32 x 7.8 mm;<br \/>\n\u2022 Weight: 9.6 g.<\/p>\n<p data-start=\"69\" data-end=\"101\"><strong>ESC:<\/strong><\/p>\n<p data-start=\"2793\" data-end=\"2833\">\u2022 Software: BLHeli_S JH-40;<br \/>\n\u2022 Continuous current: 35A \u00d7 4;<br \/>\n\u2022 Short-time current: 45A (5 sec.);<br \/>\n\u2022 ESC protocols: DSHOT300 \/ DSHOT600;<br \/>\n\u2022 Power input: 3-6S LiPo;<br \/>\n\u2022 Power output: VBAT (battery voltage used to power the FC);<br \/>\n\u2022 Current sensor: Supported (Scale=250, Offset=-500);<br \/>\n\u2022 Mounting: 20 x 20 mm, \u22053.5 mm holes, compatible with M2 and M3 screws \/ silicone sleeves;<br \/>\n\u2022 Dimensions: 35 x 35 x 5.5 mm;<br \/>\n\u2022 Weight: 7.2 g.<\/p>\n<p data-start=\"2793\" data-end=\"2833\"><strong>Package:<\/strong><\/p>\n<p data-start=\"2793\" data-end=\"2833\">1x SpeedyBee F405 Mini flight controller;<br \/>\n1x SpeedyBee 35A BLHeli_S Mini V2 4-in-1 ESC;<br \/>\n1x User manual and app download card;<br \/>\n1x 470uF 35V capacitor;<br \/>\n1x 8-pin 25 mm long SH 1.0 mm cable (for connecting the controller and ESC);<br \/>\n1x DJI 6-pin cable (80 mm long);<br \/>\n1x XT30 power cable (7 cm long).<\/p>\n<p data-start=\"2793\" data-end=\"2833\"><strong>M2 Accessories:<\/strong><\/p>\n<p data-start=\"669\" data-end=\"711\">5x M2 silicone O-rings;<br \/>\n5x M2 nylon hex nuts;<br \/>\n1x M2 (hole diameter) \u00d7 7.6 mm (height) anti-vibration silicone bushings;<br \/>\n4x M2 (diameter) \u00d7 25 mm long screws;<br \/>\n4x M2 (diameter) \u00d7 20 mm long screws.<\/p>\n<p data-start=\"669\" data-end=\"711\"><strong>M3 Accessories:<\/strong><\/p>\n<p data-start=\"987\" data-end=\"1029\">5x M3 silicone O-rings;<br \/>\n5x M3 nylon hex nuts;<br \/>\n1x M3 (hole diameter) \u00d7 6.6 mm (height) anti-vibration silicone bushings;<br \/>\n4x M3 (diameter) \u00d7 25 mm long screws;<br \/>\n4x M3 (diameter) \u00d7 20 mm long screws.<\/p>\n<p data-start=\"987\" data-end=\"1029\"><em><strong>Soldering diagram and instructions here \u2013 <a href=\"https:\/\/store-fhxxhuiq8q.mybigcommerce.com\/product_images\/img_SpeedyBee_F405_Mini_BLS_35A\/SpeedyBee-f405-mini-stack-Manual-en.pdf\">Instructions | soldering diagram<\/a><\/strong><\/em><\/p>\n<p data-start=\"987\" data-end=\"1029\"><img loading=\"lazy\" decoding=\"async\" class=\"alignnone wp-image-10146 size-large\" src=\"https:\/\/1dronas.lt\/wp-content\/uploads\/2025\/07\/Screenshot-2025-07-10-at-23.50.25-min-1016x1024.png\" alt=\"\" width=\"1016\" height=\"1024\" srcset=\"https:\/\/1dronas.lt\/wp-content\/uploads\/2025\/07\/Screenshot-2025-07-10-at-23.50.25-min-1016x1024.png 1016w, https:\/\/1dronas.lt\/wp-content\/uploads\/2025\/07\/Screenshot-2025-07-10-at-23.50.25-min-298x300.png 298w, https:\/\/1dronas.lt\/wp-content\/uploads\/2025\/07\/Screenshot-2025-07-10-at-23.50.25-min-150x150.png 150w, https:\/\/1dronas.lt\/wp-content\/uploads\/2025\/07\/Screenshot-2025-07-10-at-23.50.25-min-768x774.png 768w, https:\/\/1dronas.lt\/wp-content\/uploads\/2025\/07\/Screenshot-2025-07-10-at-23.50.25-min-1525x1536.png 1525w, https:\/\/1dronas.lt\/wp-content\/uploads\/2025\/07\/Screenshot-2025-07-10-at-23.50.25-min-12x12.png 12w, https:\/\/1dronas.lt\/wp-content\/uploads\/2025\/07\/Screenshot-2025-07-10-at-23.50.25-min-510x514.png 510w, https:\/\/1dronas.lt\/wp-content\/uploads\/2025\/07\/Screenshot-2025-07-10-at-23.50.25-min-100x100.png 100w, https:\/\/1dronas.lt\/wp-content\/uploads\/2025\/07\/Screenshot-2025-07-10-at-23.50.25-min.png 1604w\" sizes=\"auto, (max-width: 1016px) 100vw, 1016px\" \/><\/p>","protected":false},"excerpt":{"rendered":"<p><span style=\"color: #000000;\">The kit includes a 35A 4-in-1 BLHeli_S ESC and an F405 flight controller with Bluetooth connectivity, allowing you to configure the drone via the SpeedyBee app.<\/span><\/p>\n<p><span style=\"color: #000000;\"><strong><img loading=\"lazy\" decoding=\"async\" class=\"alignnone wp-image-1806\" src=\"https:\/\/1dronas.lt\/wp-content\/uploads\/2021\/05\/delivery-icon.png.webp\" alt=\"\" width=\"24\" height=\"24\" srcset=\"https:\/\/1dronas.lt\/wp-content\/uploads\/2021\/05\/delivery-icon.png 35w, https:\/\/1dronas.lt\/wp-content\/uploads\/2021\/05\/delivery-icon-12x12.png 12w\" sizes=\"auto, (max-width: 24px) 100vw, 24px\" \/>\u00a0\u00a01 \u2013 2 days<\/strong><\/span><\/p>","protected":false},"featured_media":10145,"comment_status":"open","ping_status":"closed","template":"","meta":[],"product_brand":[638],"product_cat":[217],"product_tag":[645],"class_list":{"0":"post-10142","1":"product","2":"type-product","3":"status-publish","4":"has-post-thumbnail","6":"product_brand-speedybee","7":"product_cat-skydzio-valdikliai-fc-aio-stack","8":"product_tag-speedybee-f405-mini-bls-35a-20x20-stack","10":"first","11":"outofstock","12":"taxable","13":"shipping-taxable","14":"purchasable","15":"product-type-simple"},"yoast_head":"<!-- This site is optimized with the Yoast SEO plugin v27.4 - https:\/\/yoast.com\/product\/yoast-seo-wordpress\/ -->\n<title>SpeedyBee F405 Mini BLS 35A 20x20 Stack - 1dronas.lt<\/title>\n<meta name=\"robots\" content=\"index, follow, max-snippet:-1, max-image-preview:large, max-video-preview:-1\" \/>\n<link rel=\"canonical\" href=\"https:\/\/1dronas.lt\/en\/produktas\/speedybee-f405-mini-bls-35a-20x20-stack\/\" \/>\n<meta property=\"og:locale\" content=\"en_US\" \/>\n<meta property=\"og:type\" content=\"article\" \/>\n<meta property=\"og:title\" content=\"SpeedyBee F405 Mini BLS 35A 20x20 Stack - 1dronas.lt\" \/>\n<meta property=\"og:description\" content=\"Komplekte integruotas 35A 4-in-1 BLHeli_S ESC ir F405 skryd\u017eio valdiklis su \u201eBluetooth\u201c ry\u0161iu, leid\u017eian\u010diu konfig\u016bruoti dron\u0105 per \u201eSpeedyBee\u201c program\u0117l\u0119.  \u00a0\u00a01 \u2013 2 d. d.\" \/>\n<meta property=\"og:url\" content=\"https:\/\/1dronas.lt\/en\/produktas\/speedybee-f405-mini-bls-35a-20x20-stack\/\" \/>\n<meta property=\"og:site_name\" content=\"1dronas.lt\" \/>\n<meta property=\"article:publisher\" content=\"https:\/\/www.facebook.com\/1dronas\/\" \/>\n<meta property=\"article:modified_time\" content=\"2025-09-17T09:49:04+00:00\" \/>\n<meta property=\"og:image\" content=\"https:\/\/1dronas.lt\/wp-content\/uploads\/2025\/07\/f405mini-3__06092-min.jpg\" \/>\n\t<meta property=\"og:image:width\" content=\"1280\" \/>\n\t<meta property=\"og:image:height\" content=\"1280\" \/>\n\t<meta property=\"og:image:type\" content=\"image\/jpeg\" \/>\n<meta name=\"twitter:card\" content=\"summary_large_image\" \/>\n<meta name=\"twitter:label1\" content=\"Est. reading time\" \/>\n\t<meta name=\"twitter:data1\" content=\"4 minutes\" \/>\n<script type=\"application\/ld+json\" class=\"yoast-schema-graph\">{\"@context\":\"https:\\\/\\\/schema.org\",\"@graph\":[{\"@type\":\"WebPage\",\"@id\":\"https:\\\/\\\/1dronas.lt\\\/en\\\/produktas\\\/speedybee-f405-mini-bls-35a-20x20-stack\\\/\",\"url\":\"https:\\\/\\\/1dronas.lt\\\/en\\\/produktas\\\/speedybee-f405-mini-bls-35a-20x20-stack\\\/\",\"name\":\"SpeedyBee F405 Mini BLS 35A 20x20 Stack - 1dronas.lt\",\"isPartOf\":{\"@id\":\"https:\\\/\\\/1dronas.lt\\\/en\\\/#website\"},\"primaryImageOfPage\":{\"@id\":\"https:\\\/\\\/1dronas.lt\\\/en\\\/produktas\\\/speedybee-f405-mini-bls-35a-20x20-stack\\\/#primaryimage\"},\"image\":{\"@id\":\"https:\\\/\\\/1dronas.lt\\\/en\\\/produktas\\\/speedybee-f405-mini-bls-35a-20x20-stack\\\/#primaryimage\"},\"thumbnailUrl\":\"https:\\\/\\\/1dronas.lt\\\/wp-content\\\/uploads\\\/2025\\\/07\\\/f405mini-3__06092-min.jpg\",\"datePublished\":\"2025-07-10T21:20:31+00:00\",\"dateModified\":\"2025-09-17T09:49:04+00:00\",\"breadcrumb\":{\"@id\":\"https:\\\/\\\/1dronas.lt\\\/en\\\/produktas\\\/speedybee-f405-mini-bls-35a-20x20-stack\\\/#breadcrumb\"},\"inLanguage\":\"en-US\",\"potentialAction\":[{\"@type\":\"ReadAction\",\"target\":[\"https:\\\/\\\/1dronas.lt\\\/en\\\/produktas\\\/speedybee-f405-mini-bls-35a-20x20-stack\\\/\"]}]},{\"@type\":\"ImageObject\",\"inLanguage\":\"en-US\",\"@id\":\"https:\\\/\\\/1dronas.lt\\\/en\\\/produktas\\\/speedybee-f405-mini-bls-35a-20x20-stack\\\/#primaryimage\",\"url\":\"https:\\\/\\\/1dronas.lt\\\/wp-content\\\/uploads\\\/2025\\\/07\\\/f405mini-3__06092-min.jpg\",\"contentUrl\":\"https:\\\/\\\/1dronas.lt\\\/wp-content\\\/uploads\\\/2025\\\/07\\\/f405mini-3__06092-min.jpg\",\"width\":1280,\"height\":1280},{\"@type\":\"BreadcrumbList\",\"@id\":\"https:\\\/\\\/1dronas.lt\\\/en\\\/produktas\\\/speedybee-f405-mini-bls-35a-20x20-stack\\\/#breadcrumb\",\"itemListElement\":[{\"@type\":\"ListItem\",\"position\":1,\"name\":\"Home\",\"item\":\"https:\\\/\\\/1dronas.lt\\\/\"},{\"@type\":\"ListItem\",\"position\":2,\"name\":\"Parduotuv\u0117\",\"item\":\"https:\\\/\\\/1dronas.lt\\\/parduotuve\\\/\"},{\"@type\":\"ListItem\",\"position\":3,\"name\":\"SpeedyBee F405 Mini BLS 35A 20&#215;20 Stack\"}]},{\"@type\":\"WebSite\",\"@id\":\"https:\\\/\\\/1dronas.lt\\\/en\\\/#website\",\"url\":\"https:\\\/\\\/1dronas.lt\\\/en\\\/\",\"name\":\"1dronas.lt\",\"description\":\"Internetin\u0117 parduotuv\u0117\",\"publisher\":{\"@id\":\"https:\\\/\\\/1dronas.lt\\\/en\\\/#organization\"},\"potentialAction\":[{\"@type\":\"SearchAction\",\"target\":{\"@type\":\"EntryPoint\",\"urlTemplate\":\"https:\\\/\\\/1dronas.lt\\\/en\\\/?s={search_term_string}\"},\"query-input\":{\"@type\":\"PropertyValueSpecification\",\"valueRequired\":true,\"valueName\":\"search_term_string\"}}],\"inLanguage\":\"en-US\"},{\"@type\":\"Organization\",\"@id\":\"https:\\\/\\\/1dronas.lt\\\/en\\\/#organization\",\"name\":\"1dronas.lt\",\"url\":\"https:\\\/\\\/1dronas.lt\\\/en\\\/\",\"logo\":{\"@type\":\"ImageObject\",\"inLanguage\":\"en-US\",\"@id\":\"https:\\\/\\\/1dronas.lt\\\/en\\\/#\\\/schema\\\/logo\\\/image\\\/\",\"url\":\"https:\\\/\\\/1dronas.lt\\\/wp-content\\\/uploads\\\/2020\\\/12\\\/Ekrano_kopija__2_-removebg-preview-1-1.png\",\"contentUrl\":\"https:\\\/\\\/1dronas.lt\\\/wp-content\\\/uploads\\\/2020\\\/12\\\/Ekrano_kopija__2_-removebg-preview-1-1.png\",\"width\":234,\"height\":81,\"caption\":\"1dronas.lt\"},\"image\":{\"@id\":\"https:\\\/\\\/1dronas.lt\\\/en\\\/#\\\/schema\\\/logo\\\/image\\\/\"},\"sameAs\":[\"https:\\\/\\\/www.facebook.com\\\/1dronas\\\/\"]}]}<\/script>\n<!-- \/ Yoast SEO plugin. -->","yoast_head_json":{"title":"SpeedyBee F405 Mini BLS 35A 20x20 Stack - 1dronas.lt","robots":{"index":"index","follow":"follow","max-snippet":"max-snippet:-1","max-image-preview":"max-image-preview:large","max-video-preview":"max-video-preview:-1"},"canonical":"https:\/\/1dronas.lt\/en\/produktas\/speedybee-f405-mini-bls-35a-20x20-stack\/","og_locale":"en_US","og_type":"article","og_title":"SpeedyBee F405 Mini BLS 35A 20x20 Stack - 1dronas.lt","og_description":"Komplekte integruotas 35A 4-in-1 BLHeli_S ESC ir F405 skryd\u017eio valdiklis su \u201eBluetooth\u201c ry\u0161iu, leid\u017eian\u010diu konfig\u016bruoti dron\u0105 per \u201eSpeedyBee\u201c program\u0117l\u0119.  \u00a0\u00a01 \u2013 2 d. d.","og_url":"https:\/\/1dronas.lt\/en\/produktas\/speedybee-f405-mini-bls-35a-20x20-stack\/","og_site_name":"1dronas.lt","article_publisher":"https:\/\/www.facebook.com\/1dronas\/","article_modified_time":"2025-09-17T09:49:04+00:00","og_image":[{"width":1280,"height":1280,"url":"https:\/\/1dronas.lt\/wp-content\/uploads\/2025\/07\/f405mini-3__06092-min.jpg","type":"image\/jpeg"}],"twitter_card":"summary_large_image","twitter_misc":{"Est. reading time":"4 minutes"},"schema":{"@context":"https:\/\/schema.org","@graph":[{"@type":"WebPage","@id":"https:\/\/1dronas.lt\/en\/produktas\/speedybee-f405-mini-bls-35a-20x20-stack\/","url":"https:\/\/1dronas.lt\/en\/produktas\/speedybee-f405-mini-bls-35a-20x20-stack\/","name":"SpeedyBee F405 Mini BLS 35A 20x20 Stack - 1dronas.lt","isPartOf":{"@id":"https:\/\/1dronas.lt\/en\/#website"},"primaryImageOfPage":{"@id":"https:\/\/1dronas.lt\/en\/produktas\/speedybee-f405-mini-bls-35a-20x20-stack\/#primaryimage"},"image":{"@id":"https:\/\/1dronas.lt\/en\/produktas\/speedybee-f405-mini-bls-35a-20x20-stack\/#primaryimage"},"thumbnailUrl":"https:\/\/1dronas.lt\/wp-content\/uploads\/2025\/07\/f405mini-3__06092-min.jpg","datePublished":"2025-07-10T21:20:31+00:00","dateModified":"2025-09-17T09:49:04+00:00","breadcrumb":{"@id":"https:\/\/1dronas.lt\/en\/produktas\/speedybee-f405-mini-bls-35a-20x20-stack\/#breadcrumb"},"inLanguage":"en-US","potentialAction":[{"@type":"ReadAction","target":["https:\/\/1dronas.lt\/en\/produktas\/speedybee-f405-mini-bls-35a-20x20-stack\/"]}]},{"@type":"ImageObject","inLanguage":"en-US","@id":"https:\/\/1dronas.lt\/en\/produktas\/speedybee-f405-mini-bls-35a-20x20-stack\/#primaryimage","url":"https:\/\/1dronas.lt\/wp-content\/uploads\/2025\/07\/f405mini-3__06092-min.jpg","contentUrl":"https:\/\/1dronas.lt\/wp-content\/uploads\/2025\/07\/f405mini-3__06092-min.jpg","width":1280,"height":1280},{"@type":"BreadcrumbList","@id":"https:\/\/1dronas.lt\/en\/produktas\/speedybee-f405-mini-bls-35a-20x20-stack\/#breadcrumb","itemListElement":[{"@type":"ListItem","position":1,"name":"Home","item":"https:\/\/1dronas.lt\/"},{"@type":"ListItem","position":2,"name":"Parduotuv\u0117","item":"https:\/\/1dronas.lt\/parduotuve\/"},{"@type":"ListItem","position":3,"name":"SpeedyBee F405 Mini BLS 35A 20&#215;20 Stack"}]},{"@type":"WebSite","@id":"https:\/\/1dronas.lt\/en\/#website","url":"https:\/\/1dronas.lt\/en\/","name":"1dronas.lt","description":"Online store","publisher":{"@id":"https:\/\/1dronas.lt\/en\/#organization"},"potentialAction":[{"@type":"SearchAction","target":{"@type":"EntryPoint","urlTemplate":"https:\/\/1dronas.lt\/en\/?s={search_term_string}"},"query-input":{"@type":"PropertyValueSpecification","valueRequired":true,"valueName":"search_term_string"}}],"inLanguage":"en-US"},{"@type":"Organization","@id":"https:\/\/1dronas.lt\/en\/#organization","name":"1dronas.lt","url":"https:\/\/1dronas.lt\/en\/","logo":{"@type":"ImageObject","inLanguage":"en-US","@id":"https:\/\/1dronas.lt\/en\/#\/schema\/logo\/image\/","url":"https:\/\/1dronas.lt\/wp-content\/uploads\/2020\/12\/Ekrano_kopija__2_-removebg-preview-1-1.png","contentUrl":"https:\/\/1dronas.lt\/wp-content\/uploads\/2020\/12\/Ekrano_kopija__2_-removebg-preview-1-1.png","width":234,"height":81,"caption":"1dronas.lt"},"image":{"@id":"https:\/\/1dronas.lt\/en\/#\/schema\/logo\/image\/"},"sameAs":["https:\/\/www.facebook.com\/1dronas\/"]}]}},"jetpack_sharing_enabled":true,"_links":{"self":[{"href":"https:\/\/1dronas.lt\/en\/wp-json\/wp\/v2\/product\/10142","targetHints":{"allow":["GET"]}}],"collection":[{"href":"https:\/\/1dronas.lt\/en\/wp-json\/wp\/v2\/product"}],"about":[{"href":"https:\/\/1dronas.lt\/en\/wp-json\/wp\/v2\/types\/product"}],"replies":[{"embeddable":true,"href":"https:\/\/1dronas.lt\/en\/wp-json\/wp\/v2\/comments?post=10142"}],"wp:featuredmedia":[{"embeddable":true,"href":"https:\/\/1dronas.lt\/en\/wp-json\/wp\/v2\/media\/10145"}],"wp:attachment":[{"href":"https:\/\/1dronas.lt\/en\/wp-json\/wp\/v2\/media?parent=10142"}],"wp:term":[{"taxonomy":"product_brand","embeddable":true,"href":"https:\/\/1dronas.lt\/en\/wp-json\/wp\/v2\/product_brand?post=10142"},{"taxonomy":"product_cat","embeddable":true,"href":"https:\/\/1dronas.lt\/en\/wp-json\/wp\/v2\/product_cat?post=10142"},{"taxonomy":"product_tag","embeddable":true,"href":"https:\/\/1dronas.lt\/en\/wp-json\/wp\/v2\/product_tag?post=10142"}],"curies":[{"name":"wp","href":"https:\/\/api.w.org\/{rel}","templated":true}]}}