{"id":10130,"date":"2025-07-10T20:40:30","date_gmt":"2025-07-10T20:40:30","guid":{"rendered":"https:\/\/1dronas.lt\/?post_type=product&#038;p=10130"},"modified":"2025-07-22T09:47:16","modified_gmt":"2025-07-22T09:47:16","slug":"speedybee-master-5-v2-remas","status":"publish","type":"product","link":"https:\/\/1dronas.lt\/en\/produktas\/speedybee-master-5-v2-remas\/","title":{"rendered":"SpeedyBee Master 5 V2 frame"},"content":{"rendered":"<p><strong>Features:<\/strong><\/p>\n<p data-start=\"0\" data-end=\"213\">\u2022 The Master 5 V2 is designed for both kinematic and freestyle flying. Thanks to the advanced Deadcat geometry, the flight control is closer to the center of gravity than in most other DC frames;<br \/>\n\u2022 Innovative vibration damping design reduces the impact of motor noise on the gyroscope, creating a more stable working environment. With an average of only 1.5 screws per leg, the quick-mount design allows for easy assembly and disassembly of the frame;<br \/>\n\u2022 The honeycomb-shaped CNC-machined aluminum alloy front part of the drone provides more strength and aesthetic appearance. The 130\u00b0 H-FOV (horizontal field of view) provides a wider field of view at the front of the drone. In addition, when the DJI O3 Air Unit system is installed, the frame supports ND filters and the attachment of an interchangeable side plate.<br \/>\n\u2022 TPU side plate, located in the CNC part, helps to dampen camera vibrations. Pilots can modify it according to their needs to accommodate more mounting holes and eliminate the darkening effect at the edges for a clearer image.<\/p>\n<p data-start=\"0\" data-end=\"213\"><strong>Specification:<\/strong><\/p>\n<p data-start=\"0\" data-end=\"213\">\u2022 Frame: Master 5 V2;<br data-start=\"57\" data-end=\"60\" data-is-only-node=\"\" \/>\u2022 Wheelbase: 226 mm;<br data-start=\"82\" data-end=\"85\" \/>\u2022 Weight: About 140 g (without 3D printed parts);<br data-start=\"132\" data-end=\"135\" \/>\u2022 Top plate thickness: 2.5 mm (T300 3K);<br data-start=\"183\" data-end=\"186\" \/>\u2022 Middle panel thickness: 2 mm (T300 3K);<br data-start=\"231\" data-end=\"234\" \/>\u2022 Bottom plate thickness: 2.5 mm (T300 3K);<br data-start=\"280\" data-end=\"283\" \/>\u2022 (hand) thickness: 5 mm (T300 3K);<br data-start=\"326\" data-end=\"329\" \/>\u2022 Chamber side panel thickness: 2 mm (TUPC material);<br data-start=\"386\" data-end=\"389\" \/>\u2022 Vibration damping construction hardness: Yellow HB80, transparent HB50;<br data-start=\"466\" data-end=\"469\" \/>\u2022 3D printed parts: Yellow TPU;<br data-start=\"507\" data-end=\"510\" \/>\u2022 Motor retainer gap: \u03a68 mm;<br data-start=\"549\" data-end=\"552\" \/>\u2022 Compatible propellers: 5-5.1 inches;<br data-start=\"591\" data-end=\"594\" \/>\u2022 Motor mounting holes: 16\u00d716 mm;<br data-start=\"634\" data-end=\"637\" \/>\u2022 Flight controller (FC) mounting holes: 30.5\u00d730.5 mm (M3) and 20\u00d720 mm (M3);<br data-start=\"718\" data-end=\"721\" \/>\u2022 Drone front: 7075 CNC machined aluminum alloy;<br data-start=\"776\" data-end=\"779\" \/>\u2022 Aluminum supports: 7075 M3<em data-start=\"809\" data-end=\"836\">23mm (6mm \/ 4.7mm), M3<\/em>23mm (4.6mm);<br data-start=\"850\" data-end=\"853\" \/>\u2022 Internal installation height: 23\u201330 mm;<br data-start=\"892\" data-end=\"895\" \/>\u2022 Standard antenna mounting support: SMA (single), O3 4 mm, RunCam Link;<br data-start=\"979\" data-end=\"982\" \/>\u2022 Standard GPS base dimensions: 18\u00d718\u00d78 mm (an additional holder is required for other sizes);<br data-start=\"1081\" data-end=\"1084\" \/>\u2022 Rear bracket mounting holes: 20\u00d720 mm, 25.5\u00d725.5 mm, 30.5\u00d730.5 mm;<br data-start=\"1161\" data-end=\"1164\" \/>\u2022 Removable stand protection plate with RGB LED: Included<br data-start=\"1225\" data-end=\"1228\" \/>\u2022 Motor wiring protection: Included;<br data-start=\"1269\" data-end=\"1272\" \/>\u2022 3D printed parts included in the kit:<br data-start=\"1316\" data-end=\"1319\" \/>GoPro mount;<br data-start=\"1336\" data-end=\"1339\" \/>Capacitor\/sound signal holder;<br data-start=\"1382\" data-end=\"1385\" \/>Hand protection;<br data-start=\"1401\" data-end=\"1404\" \/>181 GPS base;<br data-start=\"1418\" data-end=\"1421\" \/>T-shaped antenna bracket;<br data-start=\"1449\" data-end=\"1452\" \/>TPU protection for the front of the CNC drone;<br data-start=\"1492\" data-end=\"1495\" \/>Camera vibration reduction module;<br data-start=\"1532\" data-end=\"1535\" \/>\u2022 Buzzer: TMB12A05.<\/p>\n<p data-start=\"0\" data-end=\"213\"><strong>Package:<\/strong><\/p>\n<p data-start=\"131\" data-end=\"154\">1x CNC front part;<br \/>\n1x Left and right side of the frame;<br \/>\n1x Frame parts set;<br \/>\n1x Camera side plate;<br \/>\n2x 23 mm aluminum spacers (left + right);<br \/>\n2x 23 mm aluminum stair spacers;<br \/>\n1x 3mm non-slip battery pad (left + right);<br \/>\n1x General cooling pad;<br \/>\n1x TPU mount for receiver;<br \/>\n1x 8-pin cable;<br \/>\n1x Vibration damping pad for frame (clear 50A and yellow 80A);<br \/>\n2x Cable glands;<br \/>\n1x 0.5 mm bottom protective pad.<\/p>\n<p data-start=\"630\" data-end=\"657\"><strong data-start=\"630\" data-end=\"655\">3D printed parts:<\/strong><\/p>\n<p data-start=\"660\" data-end=\"686\">1x GoPro mounting base;<br \/>\n1x Antenna base (left + right);<br \/>\n1x SMA antenna mounting base;<br \/>\n1x DJI O3 Air Unit antenna base;<br \/>\n1x 181 GPS base;<br \/>\n1x Capacitor and buzzer base;<br \/>\n4x Leg guards (on the levers);<br \/>\n1x CNC rear guard.<\/p>\n<p data-start=\"938\" data-end=\"956\"><strong data-start=\"938\" data-end=\"954\">Other parts:<\/strong><\/p>\n<p data-start=\"959\" data-end=\"1002\">1x Frame side panels (left + right);<br \/>\n4x Motor cable sleeves;<br \/>\n4x LED light tubes;<br \/>\n1x Signal sound signal (buzzer);<br \/>\n1x Red and black cable (100 mm);<br \/>\n2x 250 mm fastening strap.<\/p>\n<p data-start=\"1185\" data-end=\"1221\"><strong data-start=\"1185\" data-end=\"1219\">Screws and fasteners:<\/strong><\/p>\n<p data-start=\"1224\" data-end=\"1276\">3x 11 mm M3 flat head hex screw;<br \/>\n9x 6 mm M3 flat head hex screw;<br \/>\n7x 5 mm M3 flat head hex screw;<br \/>\n5x M1.6*8 dome head hex bolt;<br \/>\n5x 8 mm M2.5 hex screw;<br \/>\n5x 3mm M2 dome head hex screw<br \/>\n3x 8 mm M2 hex screw;<br \/>\n3x 6 mm M3 dome head hex screw;<br \/>\n9x 10 mm M3 dome head hex screw;<br \/>\n10x 8 mm M3 dome head hex screw;<br \/>\n5x 14 mm M3 flat head hex screw;<br \/>\n1x 20mm M5 screw;<br \/>\n4x 4 mm M3 purple aluminum alloy nut;<br \/>\n1x M5 self-tightening nut;<br \/>\n4x 24 mm M3 dome head hex screw;<br \/>\n5x 4 mm M2 dome head hex screw;<br \/>\n3x 6 mm M2.5 hex head screw;<br \/>\n5x 7mm M3 dome head hex screw.<\/p>\n<p data-start=\"1224\" data-end=\"1276\"><img loading=\"lazy\" decoding=\"async\" class=\"alignnone wp-image-10140 size-full\" src=\"https:\/\/1dronas.lt\/wp-content\/uploads\/2025\/07\/master5v2frame-15-min.jpg\" alt=\"\" width=\"1116\" height=\"1625\" srcset=\"https:\/\/1dronas.lt\/wp-content\/uploads\/2025\/07\/master5v2frame-15-min.jpg 1116w, https:\/\/1dronas.lt\/wp-content\/uploads\/2025\/07\/master5v2frame-15-min-206x300.jpg 206w, https:\/\/1dronas.lt\/wp-content\/uploads\/2025\/07\/master5v2frame-15-min-703x1024.jpg 703w, https:\/\/1dronas.lt\/wp-content\/uploads\/2025\/07\/master5v2frame-15-min-768x1118.jpg 768w, https:\/\/1dronas.lt\/wp-content\/uploads\/2025\/07\/master5v2frame-15-min-1055x1536.jpg 1055w, https:\/\/1dronas.lt\/wp-content\/uploads\/2025\/07\/master5v2frame-15-min-8x12.jpg 8w, https:\/\/1dronas.lt\/wp-content\/uploads\/2025\/07\/master5v2frame-15-min-510x743.jpg 510w\" sizes=\"auto, (max-width: 1116px) 100vw, 1116px\" \/><\/p>\n<p><img loading=\"lazy\" decoding=\"async\" class=\"alignnone wp-image-10138 size-full\" src=\"https:\/\/1dronas.lt\/wp-content\/uploads\/2025\/07\/master5v2frame-13-min.jpg\" alt=\"\" width=\"1116\" height=\"1701\" srcset=\"https:\/\/1dronas.lt\/wp-content\/uploads\/2025\/07\/master5v2frame-13-min.jpg 1116w, https:\/\/1dronas.lt\/wp-content\/uploads\/2025\/07\/master5v2frame-13-min-197x300.jpg 197w, https:\/\/1dronas.lt\/wp-content\/uploads\/2025\/07\/master5v2frame-13-min-672x1024.jpg 672w, https:\/\/1dronas.lt\/wp-content\/uploads\/2025\/07\/master5v2frame-13-min-768x1171.jpg 768w, https:\/\/1dronas.lt\/wp-content\/uploads\/2025\/07\/master5v2frame-13-min-1008x1536.jpg 1008w, https:\/\/1dronas.lt\/wp-content\/uploads\/2025\/07\/master5v2frame-13-min-8x12.jpg 8w, https:\/\/1dronas.lt\/wp-content\/uploads\/2025\/07\/master5v2frame-13-min-510x777.jpg 510w\" sizes=\"auto, (max-width: 1116px) 100vw, 1116px\" \/> <img loading=\"lazy\" decoding=\"async\" class=\"alignnone wp-image-10139 size-full\" src=\"https:\/\/1dronas.lt\/wp-content\/uploads\/2025\/07\/master5v2frame-14-min.jpg\" alt=\"\" width=\"1116\" height=\"2493\" srcset=\"https:\/\/1dronas.lt\/wp-content\/uploads\/2025\/07\/master5v2frame-14-min.jpg 1116w, https:\/\/1dronas.lt\/wp-content\/uploads\/2025\/07\/master5v2frame-14-min-134x300.jpg 134w, https:\/\/1dronas.lt\/wp-content\/uploads\/2025\/07\/master5v2frame-14-min-458x1024.jpg 458w, https:\/\/1dronas.lt\/wp-content\/uploads\/2025\/07\/master5v2frame-14-min-768x1716.jpg 768w, https:\/\/1dronas.lt\/wp-content\/uploads\/2025\/07\/master5v2frame-14-min-688x1536.jpg 688w, https:\/\/1dronas.lt\/wp-content\/uploads\/2025\/07\/master5v2frame-14-min-917x2048.jpg 917w, https:\/\/1dronas.lt\/wp-content\/uploads\/2025\/07\/master5v2frame-14-min-5x12.jpg 5w, https:\/\/1dronas.lt\/wp-content\/uploads\/2025\/07\/master5v2frame-14-min-510x1139.jpg 510w\" sizes=\"auto, (max-width: 1116px) 100vw, 1116px\" \/><\/p>","protected":false},"excerpt":{"rendered":"<p><span style=\"color: #000000;\">Thanks to the advanced Deadcat geometry, the flight controller is closer to the center of gravity than in most other DC frames of this type.<\/span><\/p>\n<p><span style=\"color: #000000;\"><strong><img loading=\"lazy\" decoding=\"async\" class=\"alignnone wp-image-1806\" src=\"https:\/\/1dronas.lt\/wp-content\/uploads\/2021\/05\/delivery-icon.png\" alt=\"\" width=\"24\" height=\"24\" srcset=\"https:\/\/1dronas.lt\/wp-content\/uploads\/2021\/05\/delivery-icon.png 35w, https:\/\/1dronas.lt\/wp-content\/uploads\/2021\/05\/delivery-icon-12x12.png 12w\" sizes=\"auto, (max-width: 24px) 100vw, 24px\" \/>\u00a0 1 \u2013 2 days<\/strong><\/span><\/p>","protected":false},"featured_media":10133,"comment_status":"open","ping_status":"closed","template":"","meta":[],"product_brand":[638],"product_cat":[688],"product_tag":[644],"class_list":{"0":"post-10130","1":"product","2":"type-product","3":"status-publish","4":"has-post-thumbnail","6":"product_brand-speedybee","7":"product_cat-5-coliu-remai","8":"product_tag-speedybee-master-5-v2","10":"first","11":"instock","12":"taxable","13":"shipping-taxable","14":"purchasable","15":"product-type-simple"},"yoast_head":"<!-- This site is optimized with the Yoast SEO plugin v27.5 - https:\/\/yoast.com\/product\/yoast-seo-wordpress\/ -->\n<title>SpeedyBee Master 5 V2 r\u0117mas - 1dronas.lt<\/title>\n<meta name=\"robots\" content=\"index, follow, max-snippet:-1, max-image-preview:large, max-video-preview:-1\" \/>\n<link rel=\"canonical\" href=\"https:\/\/1dronas.lt\/en\/produktas\/speedybee-master-5-v2-remas\/\" \/>\n<meta property=\"og:locale\" content=\"en_US\" \/>\n<meta property=\"og:type\" content=\"article\" \/>\n<meta property=\"og:title\" content=\"SpeedyBee Master 5 V2 r\u0117mas - 1dronas.lt\" \/>\n<meta property=\"og:description\" content=\"D\u0117l pa\u017eangios \u201eDeadcat\u201c geometrijos, skryd\u017eio valdiklis yra ar\u010diau svorio centro nei daugelyje kit\u0173 tokio tipo (DC) r\u0117m\u0173.  \u00a0 1 \u2013 2 d. d.\" \/>\n<meta property=\"og:url\" content=\"https:\/\/1dronas.lt\/en\/produktas\/speedybee-master-5-v2-remas\/\" \/>\n<meta property=\"og:site_name\" content=\"1dronas.lt\" \/>\n<meta property=\"article:publisher\" content=\"https:\/\/www.facebook.com\/1dronas\/\" \/>\n<meta property=\"article:modified_time\" content=\"2025-07-22T09:47:16+00:00\" \/>\n<meta property=\"og:image\" content=\"https:\/\/1dronas.lt\/wp-content\/uploads\/2025\/07\/Master5V2frame-3__30347-min.jpg\" \/>\n\t<meta property=\"og:image:width\" content=\"500\" \/>\n\t<meta property=\"og:image:height\" content=\"500\" \/>\n\t<meta property=\"og:image:type\" content=\"image\/jpeg\" \/>\n<meta name=\"twitter:card\" content=\"summary_large_image\" \/>\n<meta name=\"twitter:label1\" content=\"Est. reading time\" \/>\n\t<meta name=\"twitter:data1\" content=\"5 minutes\" \/>\n<script type=\"application\/ld+json\" class=\"yoast-schema-graph\">{\"@context\":\"https:\\\/\\\/schema.org\",\"@graph\":[{\"@type\":\"WebPage\",\"@id\":\"https:\\\/\\\/1dronas.lt\\\/en\\\/produktas\\\/speedybee-master-5-v2-remas\\\/\",\"url\":\"https:\\\/\\\/1dronas.lt\\\/en\\\/produktas\\\/speedybee-master-5-v2-remas\\\/\",\"name\":\"SpeedyBee Master 5 V2 r\u0117mas - 1dronas.lt\",\"isPartOf\":{\"@id\":\"https:\\\/\\\/1dronas.lt\\\/en\\\/#website\"},\"primaryImageOfPage\":{\"@id\":\"https:\\\/\\\/1dronas.lt\\\/en\\\/produktas\\\/speedybee-master-5-v2-remas\\\/#primaryimage\"},\"image\":{\"@id\":\"https:\\\/\\\/1dronas.lt\\\/en\\\/produktas\\\/speedybee-master-5-v2-remas\\\/#primaryimage\"},\"thumbnailUrl\":\"https:\\\/\\\/1dronas.lt\\\/wp-content\\\/uploads\\\/2025\\\/07\\\/Master5V2frame-3__30347-min.jpg\",\"datePublished\":\"2025-07-10T20:40:30+00:00\",\"dateModified\":\"2025-07-22T09:47:16+00:00\",\"breadcrumb\":{\"@id\":\"https:\\\/\\\/1dronas.lt\\\/en\\\/produktas\\\/speedybee-master-5-v2-remas\\\/#breadcrumb\"},\"inLanguage\":\"en-US\",\"potentialAction\":[{\"@type\":\"ReadAction\",\"target\":[\"https:\\\/\\\/1dronas.lt\\\/en\\\/produktas\\\/speedybee-master-5-v2-remas\\\/\"]}]},{\"@type\":\"ImageObject\",\"inLanguage\":\"en-US\",\"@id\":\"https:\\\/\\\/1dronas.lt\\\/en\\\/produktas\\\/speedybee-master-5-v2-remas\\\/#primaryimage\",\"url\":\"https:\\\/\\\/1dronas.lt\\\/wp-content\\\/uploads\\\/2025\\\/07\\\/Master5V2frame-3__30347-min.jpg\",\"contentUrl\":\"https:\\\/\\\/1dronas.lt\\\/wp-content\\\/uploads\\\/2025\\\/07\\\/Master5V2frame-3__30347-min.jpg\",\"width\":500,\"height\":500},{\"@type\":\"BreadcrumbList\",\"@id\":\"https:\\\/\\\/1dronas.lt\\\/en\\\/produktas\\\/speedybee-master-5-v2-remas\\\/#breadcrumb\",\"itemListElement\":[{\"@type\":\"ListItem\",\"position\":1,\"name\":\"Home\",\"item\":\"https:\\\/\\\/1dronas.lt\\\/\"},{\"@type\":\"ListItem\",\"position\":2,\"name\":\"Parduotuv\u0117\",\"item\":\"https:\\\/\\\/1dronas.lt\\\/parduotuve\\\/\"},{\"@type\":\"ListItem\",\"position\":3,\"name\":\"SpeedyBee Master 5 V2 r\u0117mas\"}]},{\"@type\":\"WebSite\",\"@id\":\"https:\\\/\\\/1dronas.lt\\\/en\\\/#website\",\"url\":\"https:\\\/\\\/1dronas.lt\\\/en\\\/\",\"name\":\"1dronas.lt\",\"description\":\"Internetin\u0117 parduotuv\u0117\",\"publisher\":{\"@id\":\"https:\\\/\\\/1dronas.lt\\\/en\\\/#organization\"},\"potentialAction\":[{\"@type\":\"SearchAction\",\"target\":{\"@type\":\"EntryPoint\",\"urlTemplate\":\"https:\\\/\\\/1dronas.lt\\\/en\\\/?s={search_term_string}\"},\"query-input\":{\"@type\":\"PropertyValueSpecification\",\"valueRequired\":true,\"valueName\":\"search_term_string\"}}],\"inLanguage\":\"en-US\"},{\"@type\":\"Organization\",\"@id\":\"https:\\\/\\\/1dronas.lt\\\/en\\\/#organization\",\"name\":\"1dronas.lt\",\"url\":\"https:\\\/\\\/1dronas.lt\\\/en\\\/\",\"logo\":{\"@type\":\"ImageObject\",\"inLanguage\":\"en-US\",\"@id\":\"https:\\\/\\\/1dronas.lt\\\/en\\\/#\\\/schema\\\/logo\\\/image\\\/\",\"url\":\"https:\\\/\\\/1dronas.lt\\\/wp-content\\\/uploads\\\/2020\\\/12\\\/Ekrano_kopija__2_-removebg-preview-1-1.png\",\"contentUrl\":\"https:\\\/\\\/1dronas.lt\\\/wp-content\\\/uploads\\\/2020\\\/12\\\/Ekrano_kopija__2_-removebg-preview-1-1.png\",\"width\":234,\"height\":81,\"caption\":\"1dronas.lt\"},\"image\":{\"@id\":\"https:\\\/\\\/1dronas.lt\\\/en\\\/#\\\/schema\\\/logo\\\/image\\\/\"},\"sameAs\":[\"https:\\\/\\\/www.facebook.com\\\/1dronas\\\/\"]}]}<\/script>\n<!-- \/ Yoast SEO plugin. -->","yoast_head_json":{"title":"SpeedyBee Master 5 V2 frame - 1dronas.lt","robots":{"index":"index","follow":"follow","max-snippet":"max-snippet:-1","max-image-preview":"max-image-preview:large","max-video-preview":"max-video-preview:-1"},"canonical":"https:\/\/1dronas.lt\/en\/produktas\/speedybee-master-5-v2-remas\/","og_locale":"en_US","og_type":"article","og_title":"SpeedyBee Master 5 V2 r\u0117mas - 1dronas.lt","og_description":"D\u0117l pa\u017eangios \u201eDeadcat\u201c geometrijos, skryd\u017eio valdiklis yra ar\u010diau svorio centro nei daugelyje kit\u0173 tokio tipo (DC) r\u0117m\u0173.  \u00a0 1 \u2013 2 d. d.","og_url":"https:\/\/1dronas.lt\/en\/produktas\/speedybee-master-5-v2-remas\/","og_site_name":"1dronas.lt","article_publisher":"https:\/\/www.facebook.com\/1dronas\/","article_modified_time":"2025-07-22T09:47:16+00:00","og_image":[{"width":500,"height":500,"url":"https:\/\/1dronas.lt\/wp-content\/uploads\/2025\/07\/Master5V2frame-3__30347-min.jpg","type":"image\/jpeg"}],"twitter_card":"summary_large_image","twitter_misc":{"Est. reading time":"5 minutes"},"schema":{"@context":"https:\/\/schema.org","@graph":[{"@type":"WebPage","@id":"https:\/\/1dronas.lt\/en\/produktas\/speedybee-master-5-v2-remas\/","url":"https:\/\/1dronas.lt\/en\/produktas\/speedybee-master-5-v2-remas\/","name":"SpeedyBee Master 5 V2 frame - 1dronas.lt","isPartOf":{"@id":"https:\/\/1dronas.lt\/en\/#website"},"primaryImageOfPage":{"@id":"https:\/\/1dronas.lt\/en\/produktas\/speedybee-master-5-v2-remas\/#primaryimage"},"image":{"@id":"https:\/\/1dronas.lt\/en\/produktas\/speedybee-master-5-v2-remas\/#primaryimage"},"thumbnailUrl":"https:\/\/1dronas.lt\/wp-content\/uploads\/2025\/07\/Master5V2frame-3__30347-min.jpg","datePublished":"2025-07-10T20:40:30+00:00","dateModified":"2025-07-22T09:47:16+00:00","breadcrumb":{"@id":"https:\/\/1dronas.lt\/en\/produktas\/speedybee-master-5-v2-remas\/#breadcrumb"},"inLanguage":"en-US","potentialAction":[{"@type":"ReadAction","target":["https:\/\/1dronas.lt\/en\/produktas\/speedybee-master-5-v2-remas\/"]}]},{"@type":"ImageObject","inLanguage":"en-US","@id":"https:\/\/1dronas.lt\/en\/produktas\/speedybee-master-5-v2-remas\/#primaryimage","url":"https:\/\/1dronas.lt\/wp-content\/uploads\/2025\/07\/Master5V2frame-3__30347-min.jpg","contentUrl":"https:\/\/1dronas.lt\/wp-content\/uploads\/2025\/07\/Master5V2frame-3__30347-min.jpg","width":500,"height":500},{"@type":"BreadcrumbList","@id":"https:\/\/1dronas.lt\/en\/produktas\/speedybee-master-5-v2-remas\/#breadcrumb","itemListElement":[{"@type":"ListItem","position":1,"name":"Home","item":"https:\/\/1dronas.lt\/"},{"@type":"ListItem","position":2,"name":"Parduotuv\u0117","item":"https:\/\/1dronas.lt\/parduotuve\/"},{"@type":"ListItem","position":3,"name":"SpeedyBee Master 5 V2 r\u0117mas"}]},{"@type":"WebSite","@id":"https:\/\/1dronas.lt\/en\/#website","url":"https:\/\/1dronas.lt\/en\/","name":"1dronas.lt","description":"Online store","publisher":{"@id":"https:\/\/1dronas.lt\/en\/#organization"},"potentialAction":[{"@type":"SearchAction","target":{"@type":"EntryPoint","urlTemplate":"https:\/\/1dronas.lt\/en\/?s={search_term_string}"},"query-input":{"@type":"PropertyValueSpecification","valueRequired":true,"valueName":"search_term_string"}}],"inLanguage":"en-US"},{"@type":"Organization","@id":"https:\/\/1dronas.lt\/en\/#organization","name":"1dronas.lt","url":"https:\/\/1dronas.lt\/en\/","logo":{"@type":"ImageObject","inLanguage":"en-US","@id":"https:\/\/1dronas.lt\/en\/#\/schema\/logo\/image\/","url":"https:\/\/1dronas.lt\/wp-content\/uploads\/2020\/12\/Ekrano_kopija__2_-removebg-preview-1-1.png","contentUrl":"https:\/\/1dronas.lt\/wp-content\/uploads\/2020\/12\/Ekrano_kopija__2_-removebg-preview-1-1.png","width":234,"height":81,"caption":"1dronas.lt"},"image":{"@id":"https:\/\/1dronas.lt\/en\/#\/schema\/logo\/image\/"},"sameAs":["https:\/\/www.facebook.com\/1dronas\/"]}]}},"jetpack_sharing_enabled":true,"_links":{"self":[{"href":"https:\/\/1dronas.lt\/en\/wp-json\/wp\/v2\/product\/10130","targetHints":{"allow":["GET"]}}],"collection":[{"href":"https:\/\/1dronas.lt\/en\/wp-json\/wp\/v2\/product"}],"about":[{"href":"https:\/\/1dronas.lt\/en\/wp-json\/wp\/v2\/types\/product"}],"replies":[{"embeddable":true,"href":"https:\/\/1dronas.lt\/en\/wp-json\/wp\/v2\/comments?post=10130"}],"wp:featuredmedia":[{"embeddable":true,"href":"https:\/\/1dronas.lt\/en\/wp-json\/wp\/v2\/media\/10133"}],"wp:attachment":[{"href":"https:\/\/1dronas.lt\/en\/wp-json\/wp\/v2\/media?parent=10130"}],"wp:term":[{"taxonomy":"product_brand","embeddable":true,"href":"https:\/\/1dronas.lt\/en\/wp-json\/wp\/v2\/product_brand?post=10130"},{"taxonomy":"product_cat","embeddable":true,"href":"https:\/\/1dronas.lt\/en\/wp-json\/wp\/v2\/product_cat?post=10130"},{"taxonomy":"product_tag","embeddable":true,"href":"https:\/\/1dronas.lt\/en\/wp-json\/wp\/v2\/product_tag?post=10130"}],"curies":[{"name":"wp","href":"https:\/\/api.w.org\/{rel}","templated":true}]}}