{"id":10104,"date":"2025-07-10T12:31:49","date_gmt":"2025-07-10T12:31:49","guid":{"rendered":"https:\/\/1dronas.lt\/?post_type=product&#038;p=10104"},"modified":"2025-12-04T10:39:44","modified_gmt":"2025-12-04T08:39:44","slug":"runcam-phoenix-2-sp-v3-kamera","status":"publish","type":"product","link":"https:\/\/1dronas.lt\/en\/produktas\/runcam-phoenix-2-sp-v3-kamera\/","title":{"rendered":"RunCam Phoenix 2 SP V3 camera"},"content":{"rendered":"<p><strong>Features:<\/strong><\/p>\n<p>Unleash the power of precision and clarity with the RunCam Phoenix 2 SP V3, a micro camera designed for freestyle flying and FPV racing. Experience flying pleasure at an even higher level with an impressive 1500TVL resolution that allows you to capture every moment in exquisite detail.<\/p>\n<p><strong>Specification:<\/strong><\/p>\n<p data-start=\"0\" data-end=\"150\">\u2022 Product name: RunCam Phoenix2 SP;<br data-start=\"44\" data-end=\"47\" \/>\u2022 Image sensor: 1\/2.8\u2033 \u201cStarlight\u201d CMOS sensor;<br data-start=\"100\" data-end=\"103\" \/>\u2022 Resolution: 1500 TV lines (TVL);<br \/>\n\u2022 Lens:<br \/>\nField of view FOV \u2013 Diagonal: 155\u00b0, Horizontal: 122\u00b0, Vertical: 92\u00b0;<br \/>\nField of view FOV \u2013 Diagonal: 138\u00b0, Horizontal: 122\u00b0, Vertical: 68\u00b0;<br \/>\n\u2022 Screen format:<br \/>\n4:3;<br \/>\n16:9;<br \/>\n\u2022 Mirror Image \/ Flip: Can be enabled;<br data-start=\"420\" data-end=\"423\" \/>\u2022 Video signal system: NTSC \/ PAL;<br data-start=\"461\" data-end=\"464\" \/>\u2022 Shutter: Rolling Shutter;<br data-start=\"514\" data-end=\"517\" \/>\u2022 Sensitivity: 15000 mV\/Lux\u2022s;<br data-start=\"546\" data-end=\"549\" data-is-only-node=\"\" \/>\u2022 Wide Dynamic Range (WDR): Global WDR;<br data-start=\"600\" data-end=\"603\" \/>\u2022 Day\/night mode: Color \/ Black and white;<br data-start=\"656\" data-end=\"659\" \/>\u2022 Menu control: Wired control;<br data-start=\"697\" data-end=\"700\" \/>\u2022 Power supply: DC 5\u201336V;<br data-start=\"724\" data-end=\"727\" \/>\u2022 Current strength:<br \/>\n120mA @ 5V<br \/>\n220mA @ 12V<br \/>\n\u2022 Housing material: ABS plastic;<br data-start=\"820\" data-end=\"823\" \/>\u2022 Net weight: 7.5 g;<br data-start=\"849\" data-end=\"852\" \/>\u2022 Dimensions: 19mm x 19mm x 21mm.<\/p>\n<p data-start=\"0\" data-end=\"150\"><strong>Package:<\/strong><\/p>\n<p data-start=\"0\" data-end=\"150\">1x RunCam Phoenix 2 SP V3 camera;<br \/>\n1x 6pin cable;<br \/>\n1x set of screws;<br \/>\n1x user manual.<\/p>","protected":false},"excerpt":{"rendered":"<p><span style=\"color: #000000;\">Discover precision and clarity with the RunCam Phoenix 2 SP V3 \u2013 a micro camera for FPV and freestyle flights.<\/span><\/p>\n<p><span style=\"color: #000000;\"><strong><img loading=\"lazy\" decoding=\"async\" class=\"alignnone wp-image-1806\" src=\"https:\/\/1dronas.lt\/wp-content\/uploads\/2021\/05\/delivery-icon.png\" alt=\"\" width=\"24\" height=\"24\" srcset=\"https:\/\/1dronas.lt\/wp-content\/uploads\/2021\/05\/delivery-icon.png 35w, https:\/\/1dronas.lt\/wp-content\/uploads\/2021\/05\/delivery-icon-12x12.png 12w\" sizes=\"auto, (max-width: 24px) 100vw, 24px\" \/>\u00a0 \u00a01 \u2013 2 days<\/strong><\/span><\/p>","protected":false},"featured_media":10105,"comment_status":"open","ping_status":"closed","template":"","meta":[],"product_brand":[499],"product_cat":[191],"product_tag":[641],"class_list":{"0":"post-10104","1":"product","2":"type-product","3":"status-publish","4":"has-post-thumbnail","6":"product_brand-runcam","7":"product_cat-kameros","8":"product_tag-runcam-phoenix-2-sp-v3","10":"first","11":"outofstock","12":"taxable","13":"shipping-taxable","14":"purchasable","15":"product-type-simple"},"yoast_head":"<!-- This site is optimized with the Yoast SEO plugin v27.4 - https:\/\/yoast.com\/product\/yoast-seo-wordpress\/ -->\n<title>RunCam Phoenix 2 SP V3 kamera - 1dronas.lt<\/title>\n<meta name=\"robots\" content=\"index, follow, max-snippet:-1, max-image-preview:large, max-video-preview:-1\" \/>\n<link rel=\"canonical\" href=\"https:\/\/1dronas.lt\/en\/produktas\/runcam-phoenix-2-sp-v3-kamera\/\" \/>\n<meta property=\"og:locale\" content=\"en_US\" \/>\n<meta property=\"og:type\" content=\"article\" \/>\n<meta property=\"og:title\" content=\"RunCam Phoenix 2 SP V3 kamera - 1dronas.lt\" \/>\n<meta property=\"og:description\" content=\"Atraskite tikslum\u0105 ir ai\u0161kum\u0105 su RunCam Phoenix 2 SP V3 \u2013 FPV ir freestyle skryd\u017eiams skirta mikro kamera.  \u00a0 \u00a01 \u2013 2 d. d.\" \/>\n<meta property=\"og:url\" content=\"https:\/\/1dronas.lt\/en\/produktas\/runcam-phoenix-2-sp-v3-kamera\/\" \/>\n<meta property=\"og:site_name\" content=\"1dronas.lt\" \/>\n<meta property=\"article:publisher\" content=\"https:\/\/www.facebook.com\/1dronas\/\" \/>\n<meta property=\"article:modified_time\" content=\"2025-12-04T08:39:44+00:00\" \/>\n<meta property=\"og:image\" content=\"https:\/\/1dronas.lt\/wp-content\/uploads\/2025\/07\/033__05285-min.jpg\" \/>\n\t<meta property=\"og:image:width\" content=\"1280\" \/>\n\t<meta property=\"og:image:height\" content=\"1280\" \/>\n\t<meta property=\"og:image:type\" content=\"image\/jpeg\" \/>\n<meta name=\"twitter:card\" content=\"summary_large_image\" \/>\n<meta name=\"twitter:label1\" content=\"Est. reading time\" \/>\n\t<meta name=\"twitter:data1\" content=\"2 minutes\" \/>\n<script type=\"application\/ld+json\" class=\"yoast-schema-graph\">{\"@context\":\"https:\\\/\\\/schema.org\",\"@graph\":[{\"@type\":\"WebPage\",\"@id\":\"https:\\\/\\\/1dronas.lt\\\/en\\\/produktas\\\/runcam-phoenix-2-sp-v3-kamera\\\/\",\"url\":\"https:\\\/\\\/1dronas.lt\\\/en\\\/produktas\\\/runcam-phoenix-2-sp-v3-kamera\\\/\",\"name\":\"RunCam Phoenix 2 SP V3 kamera - 1dronas.lt\",\"isPartOf\":{\"@id\":\"https:\\\/\\\/1dronas.lt\\\/en\\\/#website\"},\"primaryImageOfPage\":{\"@id\":\"https:\\\/\\\/1dronas.lt\\\/en\\\/produktas\\\/runcam-phoenix-2-sp-v3-kamera\\\/#primaryimage\"},\"image\":{\"@id\":\"https:\\\/\\\/1dronas.lt\\\/en\\\/produktas\\\/runcam-phoenix-2-sp-v3-kamera\\\/#primaryimage\"},\"thumbnailUrl\":\"https:\\\/\\\/1dronas.lt\\\/wp-content\\\/uploads\\\/2025\\\/07\\\/033__05285-min.jpg\",\"datePublished\":\"2025-07-10T12:31:49+00:00\",\"dateModified\":\"2025-12-04T08:39:44+00:00\",\"breadcrumb\":{\"@id\":\"https:\\\/\\\/1dronas.lt\\\/en\\\/produktas\\\/runcam-phoenix-2-sp-v3-kamera\\\/#breadcrumb\"},\"inLanguage\":\"en-US\",\"potentialAction\":[{\"@type\":\"ReadAction\",\"target\":[\"https:\\\/\\\/1dronas.lt\\\/en\\\/produktas\\\/runcam-phoenix-2-sp-v3-kamera\\\/\"]}]},{\"@type\":\"ImageObject\",\"inLanguage\":\"en-US\",\"@id\":\"https:\\\/\\\/1dronas.lt\\\/en\\\/produktas\\\/runcam-phoenix-2-sp-v3-kamera\\\/#primaryimage\",\"url\":\"https:\\\/\\\/1dronas.lt\\\/wp-content\\\/uploads\\\/2025\\\/07\\\/033__05285-min.jpg\",\"contentUrl\":\"https:\\\/\\\/1dronas.lt\\\/wp-content\\\/uploads\\\/2025\\\/07\\\/033__05285-min.jpg\",\"width\":1280,\"height\":1280},{\"@type\":\"BreadcrumbList\",\"@id\":\"https:\\\/\\\/1dronas.lt\\\/en\\\/produktas\\\/runcam-phoenix-2-sp-v3-kamera\\\/#breadcrumb\",\"itemListElement\":[{\"@type\":\"ListItem\",\"position\":1,\"name\":\"Home\",\"item\":\"https:\\\/\\\/1dronas.lt\\\/\"},{\"@type\":\"ListItem\",\"position\":2,\"name\":\"Parduotuv\u0117\",\"item\":\"https:\\\/\\\/1dronas.lt\\\/parduotuve\\\/\"},{\"@type\":\"ListItem\",\"position\":3,\"name\":\"RunCam Phoenix 2 SP V3 kamera\"}]},{\"@type\":\"WebSite\",\"@id\":\"https:\\\/\\\/1dronas.lt\\\/en\\\/#website\",\"url\":\"https:\\\/\\\/1dronas.lt\\\/en\\\/\",\"name\":\"1dronas.lt\",\"description\":\"Internetin\u0117 parduotuv\u0117\",\"publisher\":{\"@id\":\"https:\\\/\\\/1dronas.lt\\\/en\\\/#organization\"},\"potentialAction\":[{\"@type\":\"SearchAction\",\"target\":{\"@type\":\"EntryPoint\",\"urlTemplate\":\"https:\\\/\\\/1dronas.lt\\\/en\\\/?s={search_term_string}\"},\"query-input\":{\"@type\":\"PropertyValueSpecification\",\"valueRequired\":true,\"valueName\":\"search_term_string\"}}],\"inLanguage\":\"en-US\"},{\"@type\":\"Organization\",\"@id\":\"https:\\\/\\\/1dronas.lt\\\/en\\\/#organization\",\"name\":\"1dronas.lt\",\"url\":\"https:\\\/\\\/1dronas.lt\\\/en\\\/\",\"logo\":{\"@type\":\"ImageObject\",\"inLanguage\":\"en-US\",\"@id\":\"https:\\\/\\\/1dronas.lt\\\/en\\\/#\\\/schema\\\/logo\\\/image\\\/\",\"url\":\"https:\\\/\\\/1dronas.lt\\\/wp-content\\\/uploads\\\/2020\\\/12\\\/Ekrano_kopija__2_-removebg-preview-1-1.png\",\"contentUrl\":\"https:\\\/\\\/1dronas.lt\\\/wp-content\\\/uploads\\\/2020\\\/12\\\/Ekrano_kopija__2_-removebg-preview-1-1.png\",\"width\":234,\"height\":81,\"caption\":\"1dronas.lt\"},\"image\":{\"@id\":\"https:\\\/\\\/1dronas.lt\\\/en\\\/#\\\/schema\\\/logo\\\/image\\\/\"},\"sameAs\":[\"https:\\\/\\\/www.facebook.com\\\/1dronas\\\/\"]}]}<\/script>\n<!-- \/ Yoast SEO plugin. -->","yoast_head_json":{"title":"RunCam Phoenix 2 SP V3 camera - 1dronas.lt","robots":{"index":"index","follow":"follow","max-snippet":"max-snippet:-1","max-image-preview":"max-image-preview:large","max-video-preview":"max-video-preview:-1"},"canonical":"https:\/\/1dronas.lt\/en\/produktas\/runcam-phoenix-2-sp-v3-kamera\/","og_locale":"en_US","og_type":"article","og_title":"RunCam Phoenix 2 SP V3 kamera - 1dronas.lt","og_description":"Atraskite tikslum\u0105 ir ai\u0161kum\u0105 su RunCam Phoenix 2 SP V3 \u2013 FPV ir freestyle skryd\u017eiams skirta mikro kamera.  \u00a0 \u00a01 \u2013 2 d. d.","og_url":"https:\/\/1dronas.lt\/en\/produktas\/runcam-phoenix-2-sp-v3-kamera\/","og_site_name":"1dronas.lt","article_publisher":"https:\/\/www.facebook.com\/1dronas\/","article_modified_time":"2025-12-04T08:39:44+00:00","og_image":[{"width":1280,"height":1280,"url":"https:\/\/1dronas.lt\/wp-content\/uploads\/2025\/07\/033__05285-min.jpg","type":"image\/jpeg"}],"twitter_card":"summary_large_image","twitter_misc":{"Est. reading time":"2 minutes"},"schema":{"@context":"https:\/\/schema.org","@graph":[{"@type":"WebPage","@id":"https:\/\/1dronas.lt\/en\/produktas\/runcam-phoenix-2-sp-v3-kamera\/","url":"https:\/\/1dronas.lt\/en\/produktas\/runcam-phoenix-2-sp-v3-kamera\/","name":"RunCam Phoenix 2 SP V3 camera - 1dronas.lt","isPartOf":{"@id":"https:\/\/1dronas.lt\/en\/#website"},"primaryImageOfPage":{"@id":"https:\/\/1dronas.lt\/en\/produktas\/runcam-phoenix-2-sp-v3-kamera\/#primaryimage"},"image":{"@id":"https:\/\/1dronas.lt\/en\/produktas\/runcam-phoenix-2-sp-v3-kamera\/#primaryimage"},"thumbnailUrl":"https:\/\/1dronas.lt\/wp-content\/uploads\/2025\/07\/033__05285-min.jpg","datePublished":"2025-07-10T12:31:49+00:00","dateModified":"2025-12-04T08:39:44+00:00","breadcrumb":{"@id":"https:\/\/1dronas.lt\/en\/produktas\/runcam-phoenix-2-sp-v3-kamera\/#breadcrumb"},"inLanguage":"en-US","potentialAction":[{"@type":"ReadAction","target":["https:\/\/1dronas.lt\/en\/produktas\/runcam-phoenix-2-sp-v3-kamera\/"]}]},{"@type":"ImageObject","inLanguage":"en-US","@id":"https:\/\/1dronas.lt\/en\/produktas\/runcam-phoenix-2-sp-v3-kamera\/#primaryimage","url":"https:\/\/1dronas.lt\/wp-content\/uploads\/2025\/07\/033__05285-min.jpg","contentUrl":"https:\/\/1dronas.lt\/wp-content\/uploads\/2025\/07\/033__05285-min.jpg","width":1280,"height":1280},{"@type":"BreadcrumbList","@id":"https:\/\/1dronas.lt\/en\/produktas\/runcam-phoenix-2-sp-v3-kamera\/#breadcrumb","itemListElement":[{"@type":"ListItem","position":1,"name":"Home","item":"https:\/\/1dronas.lt\/"},{"@type":"ListItem","position":2,"name":"Parduotuv\u0117","item":"https:\/\/1dronas.lt\/parduotuve\/"},{"@type":"ListItem","position":3,"name":"RunCam Phoenix 2 SP V3 kamera"}]},{"@type":"WebSite","@id":"https:\/\/1dronas.lt\/en\/#website","url":"https:\/\/1dronas.lt\/en\/","name":"1dronas.lt","description":"Online store","publisher":{"@id":"https:\/\/1dronas.lt\/en\/#organization"},"potentialAction":[{"@type":"SearchAction","target":{"@type":"EntryPoint","urlTemplate":"https:\/\/1dronas.lt\/en\/?s={search_term_string}"},"query-input":{"@type":"PropertyValueSpecification","valueRequired":true,"valueName":"search_term_string"}}],"inLanguage":"en-US"},{"@type":"Organization","@id":"https:\/\/1dronas.lt\/en\/#organization","name":"1dronas.lt","url":"https:\/\/1dronas.lt\/en\/","logo":{"@type":"ImageObject","inLanguage":"en-US","@id":"https:\/\/1dronas.lt\/en\/#\/schema\/logo\/image\/","url":"https:\/\/1dronas.lt\/wp-content\/uploads\/2020\/12\/Ekrano_kopija__2_-removebg-preview-1-1.png","contentUrl":"https:\/\/1dronas.lt\/wp-content\/uploads\/2020\/12\/Ekrano_kopija__2_-removebg-preview-1-1.png","width":234,"height":81,"caption":"1dronas.lt"},"image":{"@id":"https:\/\/1dronas.lt\/en\/#\/schema\/logo\/image\/"},"sameAs":["https:\/\/www.facebook.com\/1dronas\/"]}]}},"jetpack_sharing_enabled":true,"_links":{"self":[{"href":"https:\/\/1dronas.lt\/en\/wp-json\/wp\/v2\/product\/10104","targetHints":{"allow":["GET"]}}],"collection":[{"href":"https:\/\/1dronas.lt\/en\/wp-json\/wp\/v2\/product"}],"about":[{"href":"https:\/\/1dronas.lt\/en\/wp-json\/wp\/v2\/types\/product"}],"replies":[{"embeddable":true,"href":"https:\/\/1dronas.lt\/en\/wp-json\/wp\/v2\/comments?post=10104"}],"wp:featuredmedia":[{"embeddable":true,"href":"https:\/\/1dronas.lt\/en\/wp-json\/wp\/v2\/media\/10105"}],"wp:attachment":[{"href":"https:\/\/1dronas.lt\/en\/wp-json\/wp\/v2\/media?parent=10104"}],"wp:term":[{"taxonomy":"product_brand","embeddable":true,"href":"https:\/\/1dronas.lt\/en\/wp-json\/wp\/v2\/product_brand?post=10104"},{"taxonomy":"product_cat","embeddable":true,"href":"https:\/\/1dronas.lt\/en\/wp-json\/wp\/v2\/product_cat?post=10104"},{"taxonomy":"product_tag","embeddable":true,"href":"https:\/\/1dronas.lt\/en\/wp-json\/wp\/v2\/product_tag?post=10104"}],"curies":[{"name":"wp","href":"https:\/\/api.w.org\/{rel}","templated":true}]}}